{"id":22,"date":"2016-05-31T10:41:10","date_gmt":"2016-05-31T09:41:10","guid":{"rendered":"https:\/\/www.stormshield.com\/?page_id=22&#038;lang=fr"},"modified":"2025-11-19T12:59:49","modified_gmt":"2025-11-19T11:59:49","slug":"stormshield-leader-europeen-de-la-cybersecurite-des-infrastructures-digitales","status":"publish","type":"page","link":"https:\/\/www.stormshield.com\/fr\/","title":{"rendered":"Stormshield : le choix d&rsquo;une cybers\u00e9curit\u00e9 europ\u00e9enne de confiance"},"content":{"rendered":"<div class=\"wpb-content-wrapper\"><p>[vc_row css_animation=\"\" row_type=\"row\" use_row_as_full_screen_section=\"no\" type=\"grid\" angled_section=\"no\" text_align=\"left\" background_image_as_pattern=\"without_pattern\" z_index=\"\" el_id=\"home-alerte\" el_class=\"d-none\"][vc_column width=\"2\/12\"][vc_column_text el_class=\"alertetitle\"]Alerte[\/vc_column_text][\/vc_column][vc_column width=\"8\/12\"][vc_column_text el_class=\"alerteinfo\"]<span style=\"color: #000; font-size: 1.1em;\">Historique, activit\u00e9, mod\u00e8le \u00e9conomique et analyse technique des fichiers malveillants de leur malware\u00a0: d\u00e9couvrez la carte d\u2019identit\u00e9 du groupe cyber-criminel HiddenEyeZ.[\/vc_column_text][vc_empty_space height=\"8px\"][\/vc_column][vc_column width=\"2\/12\"]<a  itemprop=\"url\" href=\"https:\/\/www.stormshield.com\/fr\/actus\/groupe-cybercriminel-hiddeneyez-carte-identite-malware\/\" target=\"_self\"  class=\"qbutton  white enlarge\" style=\"\">En savoir +<\/a>[vc_empty_space height=\"8px\"][\/vc_column][\/vc_row][vc_row css_animation=\"\" row_type=\"row\" use_row_as_full_screen_section=\"no\" type=\"grid\" angled_section=\"no\" text_align=\"center\" background_image_as_pattern=\"without_pattern\" z_index=\"\" el_class=\"padding900\"][vc_column][vc_row_inner row_type=\"row\" type=\"full_width\" text_align=\"center\" css_animation=\"\"][vc_column_inner width=\"2\/12\"][\/vc_column_inner][vc_column_inner width=\"8\/12\"][vc_column_text css=\"\"]<\/span><\/p>\n<h1 style=\"text-align: center;\"><span style=\"color: #060051;\"><span style=\"font-weight: 900; font-size: 1.6em;\">Stormshield, <\/span><\/span><span style=\"color: #060051;\"><span style=\"font-weight: 300; font-size: 1.6em;\">le choix europ\u00e9en de la cybers\u00e9curit\u00e9<\/span><\/span><\/h1>\n<p>[\/vc_column_text][vc_empty_space][vc_column_text]<span style=\"color: #000; font-size: 1.1em;\">Choisir Stormshield, c\u2019est faire appel \u00e0 un \u00e9diteur de cybers\u00e9curit\u00e9 de confiance pour cyber-s\u00e9r\u00e9niser vos activit\u00e9s. Mais \u00e0 quoi tient r\u00e9ellement notre diff\u00e9rence\u00a0? Confiance, rigueur, proximit\u00e9 ou encore collaboration, d\u00e9couvrez ce qui rend notre approche et nos produits uniques.[\/vc_column_text][vc_empty_space][vc_video link=\"https:\/\/youtu.be\/lWYzmMpFo2E\" align=\"center\"][vc_empty_space]<a  itemprop=\"url\" href=\"https:\/\/www.stormshield.com\/fr\/la-difference-stormshield\/\" target=\"_self\"  class=\"qbutton  enlarge\" style=\"\">Notre diff\u00e9rence<i class=\"qode_icon_font_awesome fa fa-angle-right qode_button_icon_element\"><\/i><\/a>[vc_empty_space][\/vc_column_inner][vc_column_inner width=\"2\/12\"][\/vc_column_inner][\/vc_row_inner][\/vc_column][\/vc_row][vc_row css_animation=\"\" row_type=\"row\" use_row_as_full_screen_section=\"no\" type=\"grid\" angled_section=\"no\" text_align=\"center\" background_image_as_pattern=\"without_pattern\" el_class=\"padding90 home_offre\" z_index=\"\"][vc_column width=\"1\/4\"][vc_single_image image=\"456228\" img_size=\"200x200\" alignment=\"center\" onclick=\"custom_link\" qode_css_animation=\"\" link=\"https:\/\/www.stormshield.com\/fr\/produits-et-services\/produits\/protection-des-reseaux\/\"][vc_column_text]<span style=\"color: #000; font-size: 1.1em;\">Stormshield Network Security\u00a0: prot\u00e9gez vos r\u00e9seaux[\/vc_column_text][vc_empty_space]<a  itemprop=\"url\" href=\"https:\/\/www.stormshield.com\/fr\/produits-et-services\/produits\/protection-des-reseaux\/nos-produits\/\" target=\"_self\"  class=\"qbutton  enlarge\" style=\"\">SNS<i class=\"qode_icon_font_awesome fa fa-angle-right qode_button_icon_element\"><\/i><\/a>[vc_empty_space][\/vc_column][vc_column width=\"1\/4\"][vc_single_image image=\"456343\" img_size=\"200x200\" alignment=\"center\" onclick=\"custom_link\" qode_css_animation=\"\" link=\"https:\/\/www.stormshield.com\/fr\/produits-et-services\/produits\/protection-des-postes-et-serveurs\/\"][vc_column_text]<span style=\"color: #000; font-size: 1.1em;\">Stormshield Endpoint Security\u00a0: prot\u00e9gez vos postes de travail et vos serveurs[\/vc_column_text][vc_empty_space]<a  itemprop=\"url\" href=\"https:\/\/www.stormshield.com\/fr\/produits-et-services\/produits\/protection-des-postes-et-serveurs\/stormshield-endpoint-security\/\" target=\"_self\"  class=\"qbutton  enlarge\" style=\"\">SES<i class=\"qode_icon_font_awesome fa fa-angle-right qode_button_icon_element\"><\/i><\/a>[vc_empty_space][\/vc_column][vc_column width=\"1\/4\"][vc_single_image image=\"456643\" img_size=\"200x200\" alignment=\"center\" onclick=\"custom_link\" qode_css_animation=\"\" link=\"https:\/\/www.stormshield.com\/fr\/produits-et-services\/produits\/protection-des-donnees\/\"][vc_column_text]<span style=\"color: #000; font-size: 1.1em;\">Stormshield Data Security\u00a0: prot\u00e9gez vos donn\u00e9es sensibles[\/vc_column_text][vc_empty_space]<a  itemprop=\"url\" href=\"https:\/\/www.stormshield.com\/fr\/produits-et-services\/produits\/protection-des-donnees\/gamme-sds\/\" target=\"_self\"  class=\"qbutton  enlarge\" style=\"\">SDS<i class=\"qode_icon_font_awesome fa fa-angle-right qode_button_icon_element\"><\/i><\/a>[vc_empty_space][\/vc_column][vc_column width=\"1\/4\"][vc_single_image image=\"456243\" img_size=\"200x200\" alignment=\"center\" onclick=\"custom_link\" qode_css_animation=\"\" link=\"https:\/\/www.stormshield.com\/fr\/produits-et-services\/produits\/protection-industrielle\/\"][vc_column_text]<span style=\"color: #000; font-size: 1.1em;\">Cybers\u00e9curit\u00e9 industrielle\u00a0: prot\u00e9gez vos environnements op\u00e9rationnels[\/vc_column_text][vc_empty_space]<a  itemprop=\"url\" href=\"https:\/\/www.stormshield.com\/fr\/produits-et-services\/produits\/protection-industrielle\/\" target=\"_self\"  class=\"qbutton  enlarge\" style=\"\">Offre indus<i class=\"qode_icon_font_awesome fa fa-angle-right qode_button_icon_element\"><\/i><\/a>[vc_empty_space][\/vc_column][\/vc_row][vc_row css_animation=\"\" row_type=\"row\" use_row_as_full_screen_section=\"no\" type=\"grid\" angled_section=\"no\" text_align=\"center\" background_image_as_pattern=\"without_pattern\" z_index=\"\" el_class=\"padding90\" background_color=\"#ececec\"][vc_column][vc_raw_html]JTVCc2VhcmNoYW5kZmlsdGVyJTIwaWQlM0QlMjIzMTU2OTElMjIlNUQ=[\/vc_raw_html][\/vc_column][\/vc_row][vc_row css_animation=\"\" row_type=\"row\" use_row_as_full_screen_section=\"no\" type=\"grid\" angled_section=\"no\" text_align=\"center\" background_image_as_pattern=\"without_pattern\" z_index=\"\" el_class=\"typoWhite padding90\" background_image=\"288276\"][vc_column][vc_column_text]<\/span><\/span><\/span><\/span><\/span><\/p>\n<h2 style=\"text-align: center;\"><span style=\"color: #ffffff; font-size: 1.2em; font-weight: 900;\">Acheter une solution Stormshield<\/span><\/h2>\n<p>[\/vc_column_text][vc_column_text]<\/p>\n<p style=\"text-align: center;\"><span style=\"color: #ffffff; font-size: 1.1em;\">Pour prot\u00e9ger vos r\u00e9seaux, vos postes et vos donn\u00e9es, offrez-vous une solution de cybers\u00e9curit\u00e9 de confiance. Pour cela, notre r\u00e9seau de partenaires revendeurs certifi\u00e9s s\u2019\u00e9tend sur plus de 40 pays. Il y en a forc\u00e9ment un pr\u00e8s de vous\u00a0!<\/span><\/p>\n<p>[\/vc_column_text][vc_empty_space height=\"50px\"]<a  itemprop=\"url\" href=\"https:\/\/www.stormshield.com\/fr\/produits-et-services\/acheter-une-solution\/\" target=\"_self\"  class=\"qbutton  white enlarge\" style=\"\">Prendre contact<i class=\"qode_icon_font_awesome fa fa-angle-right qode_button_icon_element\"><\/i><\/a>[\/vc_column][\/vc_row][vc_row css_animation=\"\" row_type=\"row\" use_row_as_full_screen_section=\"no\" type=\"grid\" angled_section=\"no\" text_align=\"center\" background_image_as_pattern=\"without_pattern\" anchor=\"news\" el_class=\"bgNewsHome homepagestorm-actus\" z_index=\"\"][vc_column][vc_column_text]<\/p>\n<h2 style=\"text-align: center;\"><span style=\"color: #060051; font-size: 1.2em; font-weight: 900;\">Suivre les actualit\u00e9s Stormshield<\/span><\/h2>\n<p>[\/vc_column_text][vc_separator type=\"transparent\"]<div class=\"latest_post_holder boxes three_columns one_rows\"><ul><li class=\"clearfix\"><a itemprop=\"url\" href=\"https:\/\/www.stormshield.com\/fr\/actus\/nouveau-vpn-ipsec-souverain-avec-ercom\/\"><div class=\"news-block\" style=\"background: url(https:\/\/www.stormshield.com\/wp-content\/uploads\/stormshield-et-ercom-au-fic-2026.jpg) repeat top left, transparent url(https:\/\/www.stormshield.com\/wp-content\/uploads\/stormshield-et-ercom-au-fic-2026.jpg) no-repeat left center; background-size: cover;\"><div class=\"news-block-info\"><span class=\"news-date\">01 04 2026<\/span><h3 class=\"news-title\">Stormshield et ERCOM lancent un nouveau VPN IPsec souverain<\/h3><\/div><\/div><\/a><\/li><li class=\"clearfix\"><a itemprop=\"url\" href=\"https:\/\/www.stormshield.com\/fr\/actus\/lancement-encryption-platform\/\"><div class=\"news-block\" style=\"background: url(https:\/\/www.stormshield.com\/wp-content\/uploads\/close-up-of-businessman-hand-pointing-at-abstract-2026-01-11-08-45-03-utc-800x600.jpg) repeat top left, transparent url(https:\/\/www.stormshield.com\/wp-content\/uploads\/close-up-of-businessman-hand-pointing-at-abstract-2026-01-11-08-45-03-utc-800x600.jpg) no-repeat left center; background-size: cover;\"><div class=\"news-block-info\"><span class=\"news-date\">01 04 2026<\/span><h3 class=\"news-title\">Stormshield lance Stormshield Encryption Platform<\/h3><\/div><\/div><\/a><\/li><li class=\"clearfix\"><a itemprop=\"url\" href=\"https:\/\/www.stormshield.com\/fr\/actus\/technique-clickfix-cybermenace-en-forte-croissance\/\"><div class=\"news-block\" style=\"background: url(https:\/\/www.stormshield.com\/wp-content\/uploads\/shutterstock-1661616295-800x600.jpg) repeat top left, transparent url(https:\/\/www.stormshield.com\/wp-content\/uploads\/shutterstock-1661616295-800x600.jpg) no-repeat left center; background-size: cover;\"><div class=\"news-block-info\"><span class=\"news-date\">16 03 2026<\/span><h3 class=\"news-title\">La technique ClickFix : une cyber-menace en forte croissance<\/h3><\/div><\/div><\/a><\/li><\/ul><\/div><a  itemprop=\"url\" href=\"https:\/\/www.stormshield.com\/fr\/actus\/\" target=\"_self\"  class=\"qbutton  enlarge\" style=\"\">Toutes nos actus<i class=\"qode_icon_font_awesome fa fa-angle-right qode_button_icon_element\"><\/i><\/a>[\/vc_column][\/vc_row][vc_row css_animation=\"\" row_type=\"row\" use_row_as_full_screen_section=\"no\" type=\"grid\" angled_section=\"no\" text_align=\"center\" background_image_as_pattern=\"without_pattern\" z_index=\"\" padding_top=\"80\" padding_bottom=\"100\" el_class=\"typoWhite\" background_image=\"288281\"][vc_column][vc_column_text]<\/p>\n<h2 style=\"text-align: center;\"><span style=\"color: #ffffff; font-size: 1.2em; font-weight: 900;\">Rejoindre le r\u00e9seau de Partenaires Stormshield<\/span><\/h2>\n<p>[\/vc_column_text][vc_column_text]<span style=\"color: #ffffff; font-size: 1.1em;\">Vous souhaitez rejoindre l\u2019aventure et devenir partenaire revendeur ou distributeur\u00a0? Stormshield vous propose un partenariat fond\u00e9 sur des b\u00e9n\u00e9fices mutuels qui dynamise votre rentabilit\u00e9 et vous permet de proposer des solutions de cybers\u00e9curit\u00e9 de confiance \u00e0 vos clients.<\/span>[\/vc_column_text][vc_empty_space height=\"50px\"]<a  itemprop=\"url\" href=\"https:\/\/www.stormshield.com\/fr\/partenaires\/\" target=\"_self\"  class=\"qbutton  white enlarge\" style=\"\">Devenir partenaire<i class=\"qode_icon_font_awesome fa fa-angle-right qode_button_icon_element\"><\/i><\/a>[\/vc_column][\/vc_row][vc_row css_animation=\"\" row_type=\"row\" use_row_as_full_screen_section=\"no\" type=\"grid\" angled_section=\"no\" text_align=\"center\" background_image_as_pattern=\"without_pattern\" el_class=\"padding90 home-services\" z_index=\"\"][vc_column][vc_column_text]<\/p>\n<h2 style=\"text-align: center;\"><span style=\"color: #060051; font-size: 1.2em; font-weight: 900;\">Faire appel aux services Stormshield<\/span><\/h2>\n<p>[\/vc_column_text][vc_empty_space height=\"50px\"][vc_row_inner row_type=\"row\" type=\"full_width\" text_align=\"center\" css_animation=\"\"][vc_column_inner width=\"1\/4\"][vc_single_image image=\"456828\" alignment=\"center\" onclick=\"custom_link\" qode_css_animation=\"\" link=\"https:\/\/www.stormshield.com\/fr\/besoin-accompagnement\/services\/maintenance\/\"][vc_column_text]<\/p>\n<p style=\"text-align: center;\"><span style=\"color: #000000;\"><a style=\"color: #000000;\" href=\"https:\/\/www.stormshield.com\/fr\/besoin-accompagnement\/services\/maintenance\/\"><span style=\"font-size: 1.1em;\">Maintenance<\/span><\/a><\/span><\/p>\n<p>[\/vc_column_text][vc_empty_space][\/vc_column_inner][vc_column_inner width=\"1\/4\"][vc_single_image image=\"456823\" alignment=\"center\" onclick=\"custom_link\" qode_css_animation=\"\" link=\"https:\/\/www.stormshield.com\/fr\/besoin-accompagnement\/services\/support-technique\/\"][vc_column_text]<\/p>\n<p style=\"text-align: center;\"><span style=\"color: #000000;\"><a style=\"color: #000000;\" href=\"https:\/\/www.stormshield.com\/fr\/besoin-accompagnement\/services\/support-technique\/\"><span style=\"font-size: 1.1em;\">Support technique<\/span><\/a><\/span><\/p>\n<p>[\/vc_column_text][vc_empty_space][\/vc_column_inner][vc_column_inner width=\"1\/4\"][vc_single_image image=\"456843\" alignment=\"center\" onclick=\"custom_link\" qode_css_animation=\"\" link=\"https:\/\/www.stormshield.com\/fr\/besoin-accompagnement\/services\/formations\/\"][vc_column_text]<\/p>\n<p style=\"text-align: center;\"><span style=\"color: #000000;\"><a style=\"color: #000000;\" href=\"https:\/\/www.stormshield.com\/fr\/besoin-accompagnement\/services\/formations\/\"><span style=\"font-size: 1.1em;\">Formation<\/span><\/a><\/span><\/p>\n<p>[\/vc_column_text][vc_empty_space][\/vc_column_inner][vc_column_inner width=\"1\/4\"][vc_single_image image=\"456618\" alignment=\"center\" onclick=\"custom_link\" qode_css_animation=\"\" link=\"https:\/\/www.stormshield.com\/fr\/besoin-accompagnement\/services\/services-professionnels\/\"][vc_column_text]<\/p>\n<p style=\"text-align: center;\"><span style=\"color: #000000;\"><a style=\"color: #000000;\" href=\"https:\/\/www.stormshield.com\/fr\/besoin-accompagnement\/services\/services-professionnels\/\"><span style=\"font-size: 1.1em;\">Services professionnels<\/span><\/a><\/span><\/p>\n<p>[\/vc_column_text][vc_empty_space][\/vc_column_inner][\/vc_row_inner][\/vc_column][\/vc_row][vc_row css_animation=\"\" row_type=\"row\" use_row_as_full_screen_section=\"no\" type=\"full_width\" angled_section=\"no\" text_align=\"center\" background_image_as_pattern=\"without_pattern\" el_class=\"bgWhite\" z_index=\"\"][vc_column]<div class=\"vc_row wpb_row section vc_row-fluid  bgWhite\" style=\" text-align:center;\"><div class=\" full_section_inner clearfix\"><div class=\"visuel_home_cols right typoWhite wpb_column vc_column_container vc_col-sm-6 vc_col-has-fill\"><div class=\"vc_column-inner\" style=\"background-image: url(https:\/\/www.stormshield.com\/wp-content\/uploads\/paroles-dexpert-chiffrement-des-donnees-920x520.jpg) !important;\"><div class=\"wpb_wrapper\"><div class=\"wpb_wrapper\"><div class=\"wpb_text_column wpb_content_element \"><h3>Paroles d'expert<\/h3><h4>Chiffrement des donn\u00e9es<\/h4><p>Un difficile d\u00e9ploiement en entreprise, mais pourquoi ?<\/p><\/div><\/div><a itemprop=\"url\" href=\"https:\/\/www.stormshield.com\/fr\/actus\/mais-pourquoi-le-chiffrement-des-donnees-a-autant-de-mal-dans-les-entreprises\/\" target=\"_self\" class=\"qbutton white default\" style=\"\">\u00c9l\u00e9ments de r\u00e9ponse<\/a><\/div><\/div><\/div><div class=\"visuel_home_cols left typoWhite wpb_column vc_column_container vc_col-sm-6 vc_col-has-fill\"><div class=\"vc_column-inner\" style=\"background-image: url(https:\/\/www.stormshield.com\/wp-content\/uploads\/nouveautes-produits-sn-xs-series-170-920x520.jpg) !important;\"><div class=\"wpb_wrapper\"><div class=\"wpb_wrapper\"><div class=\"wpb_text_column wpb_content_element \"><h3>Les nouveaut\u00e9s<\/h3><h4>Pare-feu SN-XS-Series-170<\/h4><p>Un petit boitier pour le meilleur de la s\u00e9curit\u00e9 unifi\u00e9e\r\n<\/p><\/div><\/div><a itemprop=\"url\" href=\"https:\/\/www.stormshield.com\/fr\/produits\/sn-xs-series-170\/\" target=\"_self\" class=\"qbutton white default\" style=\"\">D\u00e9couvrez le SN-XS-Series-170<\/a><\/div><\/div><\/div><\/div><\/div>[\/vc_column][\/vc_row][vc_row css_animation=\"\" row_type=\"row\" use_row_as_full_screen_section=\"no\" type=\"full_width\" angled_section=\"no\" text_align=\"left\" background_image_as_pattern=\"without_pattern\"][vc_column][vc_empty_space height=\"10px\"][\/vc_column][\/vc_row]<\/p>\n<\/div>","protected":false},"excerpt":{"rendered":"<p>[vc_row css_animation=\u00a0\u00bb\u00a0\u00bb row_type=\u00a0\u00bbrow\u00a0\u00bb use_row_as_full_screen_section=\u00a0\u00bbno\u00a0\u00bb type=\u00a0\u00bbgrid\u00a0\u00bb angled_section=\u00a0\u00bbno\u00a0\u00bb text_align=\u00a0\u00bbleft\u00a0\u00bb background_image_as_pattern=\u00a0\u00bbwithout_pattern\u00a0\u00bb z_index=\u00a0\u00bb\u00a0\u00bb el_id=\u00a0\u00bbhome-alerte\u00a0\u00bb el_class=\u00a0\u00bbd-none\u00a0\u00bb][vc_column width=\u00a0\u00bb2\/12&Prime;][vc_column_text el_class=\u00a0\u00bbalertetitle\u00a0\u00bb]Alerte[\/vc_column_text][\/vc_column][vc_column width=\u00a0\u00bb8\/12&Prime;][vc_column_text el_class=\u00a0\u00bbalerteinfo\u00a0\u00bb]Historique, activit\u00e9, mod\u00e8le \u00e9conomique et analyse technique des fichiers malveillants de leur malware\u00a0: d\u00e9couvrez la carte d\u2019identit\u00e9 du groupe cyber-criminel HiddenEyeZ.[\/vc_column_text][vc_empty_space height=\u00a0\u00bb8px\u00a0\u00bb][\/vc_column][vc_column width=\u00a0\u00bb2\/12&Prime;][vc_empty_space height=\u00a0\u00bb8px\u00a0\u00bb][\/vc_column][\/vc_row][vc_row css_animation=\u00a0\u00bb\u00a0\u00bb row_type=\u00a0\u00bbrow\u00a0\u00bb use_row_as_full_screen_section=\u00a0\u00bbno\u00a0\u00bb type=\u00a0\u00bbgrid\u00a0\u00bb angled_section=\u00a0\u00bbno\u00a0\u00bb text_align=\u00a0\u00bbcenter\u00a0\u00bb background_image_as_pattern=\u00a0\u00bbwithout_pattern\u00a0\u00bb&#8230;<\/p>\n","protected":false},"author":1,"featured_media":0,"parent":0,"menu_order":448,"comment_status":"closed","ping_status":"closed","template":"full_width.php","meta":{"_acf_changed":false,"footnotes":""},"class_list":["post-22","page","type-page","status-publish","hentry"],"acf":[],"yoast_head":"<!-- This site is optimized with the Yoast SEO plugin v27.3 - https:\/\/yoast.com\/product\/yoast-seo-wordpress\/ -->\n<title>Le Choix Europ\u00e9en d&#039;une Cybers\u00e9curit\u00e9 de Confiance : Stormshield<\/title>\n<meta name=\"description\" content=\"Avec nos produits de s\u00e9curit\u00e9, renforcez le niveau de protection de vos environnements IT, OT et Cloud face aux cyberattaques.\" \/>\n<meta name=\"robots\" content=\"index, follow, max-snippet:-1, max-image-preview:large, max-video-preview:-1\" \/>\n<link rel=\"canonical\" href=\"https:\/\/www.stormshield.com\/fr\/\" \/>\n<meta property=\"og:locale\" content=\"fr_FR\" \/>\n<meta property=\"og:type\" content=\"article\" \/>\n<meta property=\"og:title\" content=\"Le Choix Europ\u00e9en d&#039;une Cybers\u00e9curit\u00e9 de Confiance : Stormshield\" \/>\n<meta property=\"og:description\" content=\"Avec nos produits de s\u00e9curit\u00e9, renforcez le niveau de protection de vos environnements IT, OT et Cloud face aux cyberattaques.\" \/>\n<meta property=\"og:url\" content=\"https:\/\/www.stormshield.com\/fr\/\" \/>\n<meta property=\"og:site_name\" content=\"Stormshield\" \/>\n<meta property=\"article:modified_time\" content=\"2025-11-19T11:59:49+00:00\" \/>\n<meta property=\"og:image\" content=\"https:\/\/www.stormshield.com\/wp-content\/uploads\/stormshield_logo.png\" \/>\n\t<meta property=\"og:image:width\" content=\"204\" \/>\n\t<meta property=\"og:image:height\" content=\"94\" \/>\n\t<meta property=\"og:image:type\" content=\"image\/png\" \/>\n<meta name=\"twitter:card\" content=\"summary_large_image\" \/>\n<meta name=\"twitter:site\" content=\"@Stormshield\" \/>\n<meta name=\"twitter:label1\" content=\"Dur\u00e9e de lecture estim\u00e9e\" \/>\n\t<meta name=\"twitter:data1\" content=\"4 minutes\" \/>\n<script type=\"application\/ld+json\" class=\"yoast-schema-graph\">{\"@context\":\"https:\\\/\\\/schema.org\",\"@graph\":[{\"@type\":\"WebPage\",\"@id\":\"https:\\\/\\\/www.stormshield.com\\\/fr\\\/\",\"url\":\"https:\\\/\\\/www.stormshield.com\\\/fr\\\/\",\"name\":\"Le Choix Europ\u00e9en d'une Cybers\u00e9curit\u00e9 de Confiance : Stormshield\",\"isPartOf\":{\"@id\":\"https:\\\/\\\/www.stormshield.com\\\/fr\\\/#website\"},\"datePublished\":\"2016-05-31T09:41:10+00:00\",\"dateModified\":\"2025-11-19T11:59:49+00:00\",\"description\":\"Avec nos produits de s\u00e9curit\u00e9, renforcez le niveau de protection de vos environnements IT, OT et Cloud face aux cyberattaques.\",\"breadcrumb\":{\"@id\":\"https:\\\/\\\/www.stormshield.com\\\/fr\\\/#breadcrumb\"},\"inLanguage\":\"fr-FR\",\"potentialAction\":[{\"@type\":\"ReadAction\",\"target\":[\"https:\\\/\\\/www.stormshield.com\\\/fr\\\/\"]}]},{\"@type\":\"BreadcrumbList\",\"@id\":\"https:\\\/\\\/www.stormshield.com\\\/fr\\\/#breadcrumb\",\"itemListElement\":[{\"@type\":\"ListItem\",\"position\":1,\"name\":\"Home\",\"item\":\"https:\\\/\\\/www.stormshield.com\\\/fr\\\/\"},{\"@type\":\"ListItem\",\"position\":2,\"name\":\"Stormshield : le choix d&#8217;une cybers\u00e9curit\u00e9 europ\u00e9enne de confiance\"}]},{\"@type\":\"WebSite\",\"@id\":\"https:\\\/\\\/www.stormshield.com\\\/fr\\\/#website\",\"url\":\"https:\\\/\\\/www.stormshield.com\\\/fr\\\/\",\"name\":\"Stormshield\",\"description\":\"Stormshield\",\"potentialAction\":[{\"@type\":\"SearchAction\",\"target\":{\"@type\":\"EntryPoint\",\"urlTemplate\":\"https:\\\/\\\/www.stormshield.com\\\/fr\\\/?s={search_term_string}\"},\"query-input\":{\"@type\":\"PropertyValueSpecification\",\"valueRequired\":true,\"valueName\":\"search_term_string\"}}],\"inLanguage\":\"fr-FR\"}]}<\/script>\n<!-- \/ Yoast SEO plugin. -->","yoast_head_json":{"title":"Le Choix Europ\u00e9en d'une Cybers\u00e9curit\u00e9 de Confiance : Stormshield","description":"Avec nos produits de s\u00e9curit\u00e9, renforcez le niveau de protection de vos environnements IT, OT et Cloud face aux cyberattaques.","robots":{"index":"index","follow":"follow","max-snippet":"max-snippet:-1","max-image-preview":"max-image-preview:large","max-video-preview":"max-video-preview:-1"},"canonical":"https:\/\/www.stormshield.com\/fr\/","og_locale":"fr_FR","og_type":"article","og_title":"Le Choix Europ\u00e9en d'une Cybers\u00e9curit\u00e9 de Confiance : Stormshield","og_description":"Avec nos produits de s\u00e9curit\u00e9, renforcez le niveau de protection de vos environnements IT, OT et Cloud face aux cyberattaques.","og_url":"https:\/\/www.stormshield.com\/fr\/","og_site_name":"Stormshield","article_modified_time":"2025-11-19T11:59:49+00:00","og_image":[{"width":204,"height":94,"url":"https:\/\/www.stormshield.com\/wp-content\/uploads\/stormshield_logo.png","type":"image\/png"}],"twitter_card":"summary_large_image","twitter_site":"@Stormshield","twitter_misc":{"Dur\u00e9e de lecture estim\u00e9e":"4 minutes"},"schema":{"@context":"https:\/\/schema.org","@graph":[{"@type":"WebPage","@id":"https:\/\/www.stormshield.com\/fr\/","url":"https:\/\/www.stormshield.com\/fr\/","name":"Le Choix Europ\u00e9en d'une Cybers\u00e9curit\u00e9 de Confiance : Stormshield","isPartOf":{"@id":"https:\/\/www.stormshield.com\/fr\/#website"},"datePublished":"2016-05-31T09:41:10+00:00","dateModified":"2025-11-19T11:59:49+00:00","description":"Avec nos produits de s\u00e9curit\u00e9, renforcez le niveau de protection de vos environnements IT, OT et Cloud face aux cyberattaques.","breadcrumb":{"@id":"https:\/\/www.stormshield.com\/fr\/#breadcrumb"},"inLanguage":"fr-FR","potentialAction":[{"@type":"ReadAction","target":["https:\/\/www.stormshield.com\/fr\/"]}]},{"@type":"BreadcrumbList","@id":"https:\/\/www.stormshield.com\/fr\/#breadcrumb","itemListElement":[{"@type":"ListItem","position":1,"name":"Home","item":"https:\/\/www.stormshield.com\/fr\/"},{"@type":"ListItem","position":2,"name":"Stormshield : le choix d&#8217;une cybers\u00e9curit\u00e9 europ\u00e9enne de confiance"}]},{"@type":"WebSite","@id":"https:\/\/www.stormshield.com\/fr\/#website","url":"https:\/\/www.stormshield.com\/fr\/","name":"Stormshield","description":"Stormshield","potentialAction":[{"@type":"SearchAction","target":{"@type":"EntryPoint","urlTemplate":"https:\/\/www.stormshield.com\/fr\/?s={search_term_string}"},"query-input":{"@type":"PropertyValueSpecification","valueRequired":true,"valueName":"search_term_string"}}],"inLanguage":"fr-FR"}]}},"_links":{"self":[{"href":"https:\/\/www.stormshield.com\/fr\/wp-json\/wp\/v2\/pages\/22","targetHints":{"allow":["GET"]}}],"collection":[{"href":"https:\/\/www.stormshield.com\/fr\/wp-json\/wp\/v2\/pages"}],"about":[{"href":"https:\/\/www.stormshield.com\/fr\/wp-json\/wp\/v2\/types\/page"}],"author":[{"embeddable":true,"href":"https:\/\/www.stormshield.com\/fr\/wp-json\/wp\/v2\/users\/1"}],"replies":[{"embeddable":true,"href":"https:\/\/www.stormshield.com\/fr\/wp-json\/wp\/v2\/comments?post=22"}],"version-history":[{"count":48,"href":"https:\/\/www.stormshield.com\/fr\/wp-json\/wp\/v2\/pages\/22\/revisions"}],"predecessor-version":[{"id":562317,"href":"https:\/\/www.stormshield.com\/fr\/wp-json\/wp\/v2\/pages\/22\/revisions\/562317"}],"wp:attachment":[{"href":"https:\/\/www.stormshield.com\/fr\/wp-json\/wp\/v2\/media?parent=22"}],"curies":[{"name":"wp","href":"https:\/\/api.w.org\/{rel}","templated":true}]}}