{"id":21863,"date":"2016-12-05T18:16:43","date_gmt":"2016-12-05T17:16:43","guid":{"rendered":"https:\/\/www.stormshield.com\/?page_id=21863\/"},"modified":"2024-01-03T11:04:41","modified_gmt":"2024-01-03T10:04:41","slug":"sds","status":"publish","type":"page","link":"https:\/\/www.stormshield.com\/fr\/besoin-accompagnement\/services\/formations\/sds\/","title":{"rendered":"Formations SDS"},"content":{"rendered":"<div class=\"wpb-content-wrapper\"><p>[vc_row css_animation=\"\" row_type=\"row\" use_row_as_full_screen_section=\"no\" type=\"grid\" angled_section=\"no\" text_align=\"left\" background_image_as_pattern=\"without_pattern\" z_index=\"\" padding_top=\"50\" padding_bottom=\"50\"][vc_column][vc_empty_space][vc_column_text]<\/p>\n<h1 style=\"text-align: center;\"><span style=\"color: #00aaf5;\"><span style=\"font-weight: 900; font-size: 1.5em;\">Formation SDS : <\/span><\/span><span style=\"color: #00aaf5;\"><span style=\"font-weight: 300; font-size: 1.5em;\">formez-vous avec nous \u00e0 la protection des donn\u00e9es<\/span><\/span><\/h1>\n<p>[\/vc_column_text][vc_empty_space][\/vc_column][\/vc_row][vc_row css_animation=\"\" row_type=\"row\" use_row_as_full_screen_section=\"no\" type=\"grid\" angled_section=\"no\" text_align=\"left\" background_image_as_pattern=\"without_pattern\" z_index=\"\"][vc_column width=\"2\/3\"][vc_column_text]<span style=\"color: #000; font-size: 1.1em;\"><strong>Gr\u00e2ce \u00e0 notre formation Stormshield Data Security, vous serez en mesure de garantir un haut niveau de chiffrement et de protection des donn\u00e9es de votre entreprise.<\/strong> Particuli\u00e8rement d\u00e9licate, la protection des donn\u00e9es sensibles d'une entreprise m\u00e9rite une attention toute particuli\u00e8re. De quoi d\u00e9jouer avec succ\u00e8s toute interception, fuite ou autres cyberattaques, et rendre imp\u00e9n\u00e9trable la protection de vos informations sensibles.<\/span>[\/vc_column_text][\/vc_column][vc_column width=\"1\/3\"][vc_single_image image=\"456833\" img_size=\"medium\" alignment=\"center\" qode_css_animation=\"\"][\/vc_column][\/vc_row][vc_row css_animation=\"\" row_type=\"row\" use_row_as_full_screen_section=\"no\" type=\"grid\" angled_section=\"no\" text_align=\"left\" background_image_as_pattern=\"without_pattern\" z_index=\"\" padding_bottom=\"50\" css=\".vc_custom_1699974777591{background-color: #ffffff !important;}\" padding_top=\"50\"][vc_column][vc_row_inner row_type=\"row\" type=\"full_width\" text_align=\"left\" css_animation=\"\" background_color=\"#f9f9f9\" css=\".vc_custom_1699973877944{padding-top: 32px !important;padding-right: 32px !important;padding-bottom: 32px !important;padding-left: 32px !important;}\"][vc_column_inner width=\"2\/3\"][vc_column_text]<\/p>\n<h2 style=\"text-align: left;\"><span style=\"color: #000; font-size: 1.2em; font-weight: 900;\">Formation CSDA : les outils de chiffrement n'auront plus de secret pour vous<\/span><\/h2>\n<p><span style=\"color: #000; font-size: 1.1em;\">Cette formation permet d\u2019acqu\u00e9rir les connaissances essentielles pour d\u00e9ployer et administrer la solution Stormshield Data Security Enterprise (SDSE). Elle permet \u00e9galement de ma\u00eetriser la console d\u2019administration Stormshield Data Management Center (SDMC), la configuration des politiques de s\u00e9curit\u00e9 pour assurer une protection optimale de l\u2019ensemble des donn\u00e9es de votre entreprise (email, cloud, local, serveur) ainsi que la maintenance de la solution SDSE.<\/span>[\/vc_column_text][vc_empty_space]<a  itemprop=\"url\" href=\"https:\/\/www.stormshield.com\/fr\/besoin-accompagnement\/services\/formations\/sds\/formation-csda\/\" target=\"_blank\" data-hover-background-color=\"#d23467\" data-hover-border-color=\"#ffffff\" class=\"qbutton  white enlarge\" style=\"border-color: #ffffff; background-color:#060051;\">CSDA<i class=\"qode_icon_font_awesome fa fa-angle-right qode_button_icon_element\"><\/i><\/a>[\/vc_column_inner][vc_column_inner width=\"1\/3\"][\/vc_column_inner][\/vc_row_inner][\/vc_column][\/vc_row][vc_row css_animation=\"\" row_type=\"row\" use_row_as_full_screen_section=\"no\" type=\"grid\" angled_section=\"no\" text_align=\"left\" background_image_as_pattern=\"without_pattern\" z_index=\"\" padding_top=\"50\" padding_bottom=\"50\"][vc_column width=\"2\/3\"][vc_empty_space][vc_column_text]<\/p>\n<h2 style=\"text-align: left;\"><span style=\"color: #000; font-size: 1.2em; font-weight: 900;\">Kits de re-certification<\/span><\/h2>\n<p><span style=\"color: #000; font-size: 1.1em;\">Comme pour tout bon logiciel, une mise \u00e0 jour de votre expertise donn\u00e9es\/s\u00e9curit\u00e9 s'imposera avant le troisi\u00e8me anniversaire de votre certification. Vous pourrez la faire gr\u00e2ce \u00e0 nos kits en ligne de re-certification qui permettent de renouveler votre certification pour trois ann\u00e9es suppl\u00e9mentaires.<\/span>[\/vc_column_text][vc_empty_space]<a  itemprop=\"url\" href=\"https:\/\/www.stormshield.com\/fr\/contact\/formation\/\" target=\"_blank\" data-hover-background-color=\"#d23467\" data-hover-border-color=\"#ffffff\" class=\"qbutton  white enlarge\" style=\"border-color: #ffffff; background-color:#060051;\">Contact<i class=\"qode_icon_font_awesome fa fa-angle-right qode_button_icon_element\"><\/i><\/a>[vc_empty_space][\/vc_column][vc_column width=\"1\/3\" css=\".vc_custom_1699970948115{padding-right: 12px !important;padding-left: 12px !important;background-color: #f9f9f9 !important;}\"][vc_column_text]<\/p>\n<h2 style=\"text-align: left;\"><span style=\"color: #000; font-size: 1.2em; font-weight: 900;\">Calendrier<\/span><\/h2>\n<p><span style=\"color: #000; font-size: 1.1em;\">Vous souhaitez conna\u00eetre les dates des formations d\u00e9di\u00e9es \u00e0 la protection des donn\u00e9es\u00a0? D\u00e9couvrez notre calendrier des formations SDS.<\/span>[\/vc_column_text][vc_empty_space]<a  itemprop=\"url\" href=\"https:\/\/www.stormshield.com\/fr\/besoin-accompagnement\/services\/formations\/calendrier-des-formations\/\" target=\"_blank\" data-hover-background-color=\"#d23467\" data-hover-border-color=\"#ffffff\" class=\"qbutton  white enlarge\" style=\"border-color: #ffffff; background-color:#060051;\">Calendrier<i class=\"qode_icon_font_awesome fa fa-angle-right qode_button_icon_element\"><\/i><\/a>[vc_empty_space][\/vc_column][\/vc_row]<\/p>\n<\/div>","protected":false},"excerpt":{"rendered":"<p>[vc_row css_animation=\u00a0\u00bb\u00a0\u00bb row_type=\u00a0\u00bbrow\u00a0\u00bb use_row_as_full_screen_section=\u00a0\u00bbno\u00a0\u00bb type=\u00a0\u00bbgrid\u00a0\u00bb angled_section=\u00a0\u00bbno\u00a0\u00bb text_align=\u00a0\u00bbleft\u00a0\u00bb background_image_as_pattern=\u00a0\u00bbwithout_pattern\u00a0\u00bb z_index=\u00a0\u00bb\u00a0\u00bb padding_top=\u00a0\u00bb50&Prime; padding_bottom=\u00a0\u00bb50&Prime;][vc_column][vc_empty_space][vc_column_text] Formation SDS : formez-vous avec nous \u00e0 la protection des donn\u00e9es [\/vc_column_text][vc_empty_space][\/vc_column][\/vc_row][vc_row css_animation=\u00a0\u00bb\u00a0\u00bb row_type=\u00a0\u00bbrow\u00a0\u00bb use_row_as_full_screen_section=\u00a0\u00bbno\u00a0\u00bb type=\u00a0\u00bbgrid\u00a0\u00bb angled_section=\u00a0\u00bbno\u00a0\u00bb text_align=\u00a0\u00bbleft\u00a0\u00bb background_image_as_pattern=\u00a0\u00bbwithout_pattern\u00a0\u00bb z_index=\u00a0\u00bb\u00a0\u00bb][vc_column width=\u00a0\u00bb2\/3&Prime;][vc_column_text]Gr\u00e2ce \u00e0 notre formation Stormshield Data Security, vous serez en mesure de garantir un&#8230;<\/p>\n","protected":false},"author":1,"featured_media":0,"parent":10921,"menu_order":202,"comment_status":"closed","ping_status":"closed","template":"full_width.php","meta":{"_acf_changed":false,"footnotes":""},"class_list":["post-21863","page","type-page","status-publish","hentry"],"acf":[],"yoast_head":"<!-- This site is optimized with the Yoast SEO plugin v27.3 - https:\/\/yoast.com\/product\/yoast-seo-wordpress\/ -->\n<title>Formation SDS : formation certifiante cybers\u00e9curit\u00e9 Stormshield<\/title>\n<meta name=\"description\" content=\"Avec notre formation SDS, vous serez en mesure de garantir un haut niveau de cryptage et de protection des donn\u00e9es de votre entreprise.\" \/>\n<meta name=\"robots\" content=\"index, follow, max-snippet:-1, max-image-preview:large, max-video-preview:-1\" \/>\n<link rel=\"canonical\" href=\"https:\/\/www.stormshield.com\/fr\/besoin-accompagnement\/services\/formations\/sds\/\" \/>\n<meta property=\"og:locale\" content=\"fr_FR\" \/>\n<meta property=\"og:type\" content=\"article\" \/>\n<meta property=\"og:title\" content=\"Formation SDS : formation certifiante cybers\u00e9curit\u00e9 Stormshield\" \/>\n<meta property=\"og:description\" content=\"Avec notre formation SDS, vous serez en mesure de garantir un haut niveau de cryptage et de protection des donn\u00e9es de votre entreprise.\" \/>\n<meta property=\"og:url\" content=\"https:\/\/www.stormshield.com\/fr\/besoin-accompagnement\/services\/formations\/sds\/\" \/>\n<meta property=\"og:site_name\" content=\"Stormshield\" \/>\n<meta property=\"article:modified_time\" content=\"2024-01-03T10:04:41+00:00\" \/>\n<meta property=\"og:image\" content=\"https:\/\/www.stormshield.com\/wp-content\/uploads\/stormshield_logo.png\" \/>\n\t<meta property=\"og:image:width\" content=\"204\" \/>\n\t<meta property=\"og:image:height\" content=\"94\" \/>\n\t<meta property=\"og:image:type\" content=\"image\/png\" \/>\n<meta name=\"twitter:card\" content=\"summary_large_image\" \/>\n<meta name=\"twitter:site\" content=\"@Stormshield\" \/>\n<meta name=\"twitter:label1\" content=\"Dur\u00e9e de lecture estim\u00e9e\" \/>\n\t<meta name=\"twitter:data1\" content=\"2 minutes\" \/>\n<script type=\"application\/ld+json\" class=\"yoast-schema-graph\">{\"@context\":\"https:\\\/\\\/schema.org\",\"@graph\":[{\"@type\":\"WebPage\",\"@id\":\"https:\\\/\\\/www.stormshield.com\\\/fr\\\/besoin-accompagnement\\\/services\\\/formations\\\/sds\\\/\",\"url\":\"https:\\\/\\\/www.stormshield.com\\\/fr\\\/besoin-accompagnement\\\/services\\\/formations\\\/sds\\\/\",\"name\":\"Formation SDS : formation certifiante cybers\u00e9curit\u00e9 Stormshield\",\"isPartOf\":{\"@id\":\"https:\\\/\\\/www.stormshield.com\\\/fr\\\/#website\"},\"datePublished\":\"2016-12-05T17:16:43+00:00\",\"dateModified\":\"2024-01-03T10:04:41+00:00\",\"description\":\"Avec notre formation SDS, vous serez en mesure de garantir un haut niveau de cryptage et de protection des donn\u00e9es de votre entreprise.\",\"breadcrumb\":{\"@id\":\"https:\\\/\\\/www.stormshield.com\\\/fr\\\/besoin-accompagnement\\\/services\\\/formations\\\/sds\\\/#breadcrumb\"},\"inLanguage\":\"fr-FR\",\"potentialAction\":[{\"@type\":\"ReadAction\",\"target\":[\"https:\\\/\\\/www.stormshield.com\\\/fr\\\/besoin-accompagnement\\\/services\\\/formations\\\/sds\\\/\"]}]},{\"@type\":\"BreadcrumbList\",\"@id\":\"https:\\\/\\\/www.stormshield.com\\\/fr\\\/besoin-accompagnement\\\/services\\\/formations\\\/sds\\\/#breadcrumb\",\"itemListElement\":[{\"@type\":\"ListItem\",\"position\":1,\"name\":\"Home\",\"item\":\"https:\\\/\\\/www.stormshield.com\\\/fr\\\/\"},{\"@type\":\"ListItem\",\"position\":2,\"name\":\"Notre accompagnement\",\"item\":\"https:\\\/\\\/www.stormshield.com\\\/fr\\\/besoin-accompagnement\\\/\"},{\"@type\":\"ListItem\",\"position\":3,\"name\":\"Services\",\"item\":\"https:\\\/\\\/www.stormshield.com\\\/fr\\\/besoin-accompagnement\\\/services\\\/\"},{\"@type\":\"ListItem\",\"position\":4,\"name\":\"Formations\",\"item\":\"https:\\\/\\\/www.stormshield.com\\\/fr\\\/besoin-accompagnement\\\/services\\\/formations\\\/\"},{\"@type\":\"ListItem\",\"position\":5,\"name\":\"Formations SDS\"}]},{\"@type\":\"WebSite\",\"@id\":\"https:\\\/\\\/www.stormshield.com\\\/fr\\\/#website\",\"url\":\"https:\\\/\\\/www.stormshield.com\\\/fr\\\/\",\"name\":\"Stormshield\",\"description\":\"Stormshield\",\"potentialAction\":[{\"@type\":\"SearchAction\",\"target\":{\"@type\":\"EntryPoint\",\"urlTemplate\":\"https:\\\/\\\/www.stormshield.com\\\/fr\\\/?s={search_term_string}\"},\"query-input\":{\"@type\":\"PropertyValueSpecification\",\"valueRequired\":true,\"valueName\":\"search_term_string\"}}],\"inLanguage\":\"fr-FR\"}]}<\/script>\n<!-- \/ Yoast SEO plugin. -->","yoast_head_json":{"title":"Formation SDS : formation certifiante cybers\u00e9curit\u00e9 Stormshield","description":"Avec notre formation SDS, vous serez en mesure de garantir un haut niveau de cryptage et de protection des donn\u00e9es de votre entreprise.","robots":{"index":"index","follow":"follow","max-snippet":"max-snippet:-1","max-image-preview":"max-image-preview:large","max-video-preview":"max-video-preview:-1"},"canonical":"https:\/\/www.stormshield.com\/fr\/besoin-accompagnement\/services\/formations\/sds\/","og_locale":"fr_FR","og_type":"article","og_title":"Formation SDS : formation certifiante cybers\u00e9curit\u00e9 Stormshield","og_description":"Avec notre formation SDS, vous serez en mesure de garantir un haut niveau de cryptage et de protection des donn\u00e9es de votre entreprise.","og_url":"https:\/\/www.stormshield.com\/fr\/besoin-accompagnement\/services\/formations\/sds\/","og_site_name":"Stormshield","article_modified_time":"2024-01-03T10:04:41+00:00","og_image":[{"width":204,"height":94,"url":"https:\/\/www.stormshield.com\/wp-content\/uploads\/stormshield_logo.png","type":"image\/png"}],"twitter_card":"summary_large_image","twitter_site":"@Stormshield","twitter_misc":{"Dur\u00e9e de lecture estim\u00e9e":"2 minutes"},"schema":{"@context":"https:\/\/schema.org","@graph":[{"@type":"WebPage","@id":"https:\/\/www.stormshield.com\/fr\/besoin-accompagnement\/services\/formations\/sds\/","url":"https:\/\/www.stormshield.com\/fr\/besoin-accompagnement\/services\/formations\/sds\/","name":"Formation SDS : formation certifiante cybers\u00e9curit\u00e9 Stormshield","isPartOf":{"@id":"https:\/\/www.stormshield.com\/fr\/#website"},"datePublished":"2016-12-05T17:16:43+00:00","dateModified":"2024-01-03T10:04:41+00:00","description":"Avec notre formation SDS, vous serez en mesure de garantir un haut niveau de cryptage et de protection des donn\u00e9es de votre entreprise.","breadcrumb":{"@id":"https:\/\/www.stormshield.com\/fr\/besoin-accompagnement\/services\/formations\/sds\/#breadcrumb"},"inLanguage":"fr-FR","potentialAction":[{"@type":"ReadAction","target":["https:\/\/www.stormshield.com\/fr\/besoin-accompagnement\/services\/formations\/sds\/"]}]},{"@type":"BreadcrumbList","@id":"https:\/\/www.stormshield.com\/fr\/besoin-accompagnement\/services\/formations\/sds\/#breadcrumb","itemListElement":[{"@type":"ListItem","position":1,"name":"Home","item":"https:\/\/www.stormshield.com\/fr\/"},{"@type":"ListItem","position":2,"name":"Notre accompagnement","item":"https:\/\/www.stormshield.com\/fr\/besoin-accompagnement\/"},{"@type":"ListItem","position":3,"name":"Services","item":"https:\/\/www.stormshield.com\/fr\/besoin-accompagnement\/services\/"},{"@type":"ListItem","position":4,"name":"Formations","item":"https:\/\/www.stormshield.com\/fr\/besoin-accompagnement\/services\/formations\/"},{"@type":"ListItem","position":5,"name":"Formations SDS"}]},{"@type":"WebSite","@id":"https:\/\/www.stormshield.com\/fr\/#website","url":"https:\/\/www.stormshield.com\/fr\/","name":"Stormshield","description":"Stormshield","potentialAction":[{"@type":"SearchAction","target":{"@type":"EntryPoint","urlTemplate":"https:\/\/www.stormshield.com\/fr\/?s={search_term_string}"},"query-input":{"@type":"PropertyValueSpecification","valueRequired":true,"valueName":"search_term_string"}}],"inLanguage":"fr-FR"}]}},"_links":{"self":[{"href":"https:\/\/www.stormshield.com\/fr\/wp-json\/wp\/v2\/pages\/21863","targetHints":{"allow":["GET"]}}],"collection":[{"href":"https:\/\/www.stormshield.com\/fr\/wp-json\/wp\/v2\/pages"}],"about":[{"href":"https:\/\/www.stormshield.com\/fr\/wp-json\/wp\/v2\/types\/page"}],"author":[{"embeddable":true,"href":"https:\/\/www.stormshield.com\/fr\/wp-json\/wp\/v2\/users\/1"}],"replies":[{"embeddable":true,"href":"https:\/\/www.stormshield.com\/fr\/wp-json\/wp\/v2\/comments?post=21863"}],"version-history":[{"count":39,"href":"https:\/\/www.stormshield.com\/fr\/wp-json\/wp\/v2\/pages\/21863\/revisions"}],"predecessor-version":[{"id":480272,"href":"https:\/\/www.stormshield.com\/fr\/wp-json\/wp\/v2\/pages\/21863\/revisions\/480272"}],"up":[{"embeddable":true,"href":"https:\/\/www.stormshield.com\/fr\/wp-json\/wp\/v2\/pages\/10921"}],"wp:attachment":[{"href":"https:\/\/www.stormshield.com\/fr\/wp-json\/wp\/v2\/media?parent=21863"}],"curies":[{"name":"wp","href":"https:\/\/api.w.org\/{rel}","templated":true}]}}