{"id":217046,"date":"2021-10-04T13:48:55","date_gmt":"2021-10-04T12:48:55","guid":{"rendered":"https:\/\/www.stormshield.com\/?page_id=217046"},"modified":"2025-08-04T09:23:40","modified_gmt":"2025-08-04T08:23:40","slug":"la-difference-stormshield","status":"publish","type":"page","link":"https:\/\/www.stormshield.com\/fr\/la-difference-stormshield\/","title":{"rendered":"Notre diff\u00e9rence"},"content":{"rendered":"<div class=\"wpb-content-wrapper\"><p>[vc_row css_animation=\"\" row_type=\"row\" use_row_as_full_screen_section=\"no\" type=\"grid\" angled_section=\"no\" text_align=\"left\" background_image_as_pattern=\"without_pattern\" z_index=\"\" padding_top=\"50\" padding_bottom=\"50\"][vc_column][vc_empty_space][vc_column_text]<\/p>\n<h1 style=\"text-align: center;\"><span style=\"color: #00aaf5;\"><span style=\"font-weight: 300; font-size: 1.5em;\">La cybers\u00e9curit\u00e9 de confiance avec Stormshield <\/span><\/span><span style=\"color: #00aaf5;\"><span style=\"font-weight: 900; font-size: 1.5em;\">pour construire ensemble une relation durable<\/span><\/span><\/h1>\n<p>[\/vc_column_text][vc_empty_space][\/vc_column][\/vc_row][vc_row css_animation=\"\" row_type=\"row\" use_row_as_full_screen_section=\"no\" type=\"grid\" angled_section=\"no\" text_align=\"left\" background_image_as_pattern=\"without_pattern\" z_index=\"\" padding_bottom=\"50\"][vc_column width=\"1\/2\"][vc_column_text]<span style=\"color: #000; font-size: 1.1em;\">Choisir Stormshield, c\u2019est faire appel \u00e0 un acteur de confiance pour cyber-s\u00e9r\u00e9niser vos activit\u00e9s. Mais \u00e0 quoi tient r\u00e9ellement notre diff\u00e9rence\u00a0? Autour d\u2019\u00e9l\u00e9ments comme la confiance, la rigueur, la proximit\u00e9 ou encore la collaboration, d\u00e9couvrez ce qui rend notre approche unique.<\/span><\/p>\n<p><span style=\"color: #000; font-size: 1.1em;\"><strong>Les solutions de cybers\u00e9curit\u00e9 sont nombreuses, mais toutes n\u2019offrent pas le m\u00eame niveau d\u2019efficacit\u00e9, de robustesse et \u2013 surtout \u2013 de confiance.<\/strong> Fort de ces caract\u00e9ristiques, Stormshield se d\u00e9marque dans son approche et dans ses offres, ce qui lui vaut d\u2019\u00eatre reconnu pour la qualit\u00e9 de ses solutions.<\/span>[\/vc_column_text][vc_empty_space]<a  itemprop=\"url\" href=\"https:\/\/www.stormshield.com\/wp-content\/uploads\/Stormshield-FR-Corporate-Brochure.pdf\" target=\"_blank\" data-hover-background-color=\"#d23467\" data-hover-border-color=\"#ffffff\" class=\"qbutton  white enlarge\" style=\"border-color: #ffffff; background-color:#060051;\">T\u00e9l\u00e9chargez la brochure corporate<i class=\"qode_icon_font_awesome fa fa-angle-right qode_button_icon_element\"><\/i><\/a>[vc_empty_space][\/vc_column][vc_column width=\"1\/2\"][vc_empty_space][vc_video link=\"https:\/\/youtu.be\/lWYzmMpFo2E\" align=\"center\"][vc_empty_space][\/vc_column][\/vc_row][vc_row css_animation=\"\" row_type=\"row\" use_row_as_full_screen_section=\"no\" type=\"grid\" angled_section=\"no\" text_align=\"left\" background_image_as_pattern=\"without_pattern\" z_index=\"\" padding_bottom=\"50\"][vc_column width=\"1\/6\"][vc_single_image image=\"393178\" alignment=\"center\" onclick=\"custom_link\" img_link_target=\"_blank\" css=\"\" qode_css_animation=\"\" qode_hover_animation=\"zoom_in\" link=\"https:\/\/www.stormshield.com\/fr\/cybersecurite-souveraine\/\"][vc_column_text]<\/p>\n<p style=\"text-align: center;\"><span style=\"color: #000; font-size: 1.1em;\">Des solutions <strong>souveraines<\/strong><\/span><\/p>\n<p>[\/vc_column_text][\/vc_column][vc_column width=\"1\/6\"][vc_single_image image=\"456843\" alignment=\"center\" onclick=\"custom_link\" img_link_target=\"_blank\" css=\"\" qode_css_animation=\"\" qode_hover_animation=\"zoom_in\" link=\"https:\/\/www.stormshield.com\/fr\/produits-certifies-et-qualifies\/\"][vc_column_text]<\/p>\n<p style=\"text-align: center;\"><span style=\"color: #000; font-size: 1.1em;\">Des produits <strong>certifi\u00e9s et qualifi\u00e9s<\/strong><\/span><\/p>\n<p>[\/vc_column_text][\/vc_column][vc_column width=\"1\/6\"][vc_single_image image=\"456243\" alignment=\"center\" onclick=\"custom_link\" img_link_target=\"_blank\" css=\"\" qode_css_animation=\"\" qode_hover_animation=\"zoom_in\" link=\"https:\/\/www.stormshield.com\/fr\/qui-sommes-nous\/ecosysteme-partenaires-technologiques-stormshield\/\"][vc_column_text]<\/p>\n<p style=\"text-align: center;\"><span style=\"color: #000; font-size: 1.1em;\">Un \u00e9cosyst\u00e8me pour des <strong>solutions int\u00e9gr\u00e9es<\/strong><\/span><\/p>\n<p>[\/vc_column_text][\/vc_column][vc_column width=\"1\/6\"][vc_single_image image=\"456318\" alignment=\"center\" onclick=\"custom_link\" img_link_target=\"_blank\" css=\"\" qode_css_animation=\"\" qode_hover_animation=\"zoom_in\" link=\"https:\/\/www.stormshield.com\/fr\/partenaires\/\"][vc_column_text]<\/p>\n<p style=\"text-align: center;\"><span style=\"color: #000; font-size: 1.1em;\">Un r\u00e9seau de <strong>partenaires experts<\/strong><\/span><\/p>\n<p>[\/vc_column_text][\/vc_column][vc_column width=\"1\/6\"][vc_single_image image=\"456588\" alignment=\"center\" onclick=\"custom_link\" img_link_target=\"_blank\" css=\"\" qode_css_animation=\"\" qode_hover_animation=\"zoom_in\" link=\"https:\/\/www.stormshield.com\/fr\/produits-et-services\/produits\/\"][vc_column_text]<\/p>\n<p style=\"text-align: center;\"><span style=\"color: #000; font-size: 1.1em;\">Des produits centr\u00e9s <strong>sur les utilisateurs<\/strong><\/span><\/p>\n<p>[\/vc_column_text][\/vc_column][vc_column width=\"1\/6\"][vc_single_image image=\"456828\" alignment=\"center\" onclick=\"custom_link\" img_link_target=\"_blank\" css=\"\" qode_css_animation=\"\" qode_hover_animation=\"zoom_in\" link=\"https:\/\/www.stormshield.com\/fr\/besoin-accompagnement\/services\/\"][vc_column_text]<\/p>\n<p style=\"text-align: center;\"><span style=\"color: #000; font-size: 1.1em;\">Des services client <strong>d'exception<\/strong><\/span><\/p>\n<p>[\/vc_column_text][\/vc_column][\/vc_row][vc_row css_animation=\"\" row_type=\"row\" use_row_as_full_screen_section=\"no\" type=\"grid\" angled_section=\"no\" text_align=\"left\" background_image_as_pattern=\"without_pattern\" z_index=\"\" padding_bottom=\"50\" css=\".vc_custom_1697804221509{background-color: #ffffff !important;}\" padding_top=\"50\"][vc_column][vc_row_inner row_type=\"row\" type=\"full_width\" text_align=\"left\" css_animation=\"\" background_color=\"#f9f9f9\" css=\".vc_custom_1697805785032{padding-top: 32px !important;padding-right: 32px !important;padding-bottom: 32px !important;padding-left: 32px !important;}\"][vc_column_inner][vc_column_text]<\/p>\n<h2><span style=\"color: #000; font-size: 1.2em; font-weight: 900;\">La cyber-s\u00e9r\u00e9nit\u00e9 est entre vos mains<\/span><\/h2>\n<p><span style=\"color: #000; font-size: 1.1em;\">Constatez la diff\u00e9rence Stormshield par vous-m\u00eame en d\u00e9couvrant notre offre compl\u00e8te. Des solutions et des services de confiance pour prot\u00e9ger vos r\u00e9seaux, vos utilisateurs et vos donn\u00e9es.<\/span>[\/vc_column_text][vc_empty_space]<a  itemprop=\"url\" href=\"https:\/\/www.stormshield.com\/fr\/produits-et-services\/produits\/\" target=\"_blank\" data-hover-background-color=\"#d23467\" data-hover-border-color=\"#ffffff\" class=\"qbutton  white enlarge\" style=\"border-color: #ffffff; background-color:#060051;\">D\u00e9couvrez les solutions Stormshield<i class=\"qode_icon_font_awesome fa fa-angle-right qode_button_icon_element\"><\/i><\/a>[vc_empty_space height=\"12px\"]<a  itemprop=\"url\" href=\"https:\/\/www.stormshield.com\/fr\/besoin-accompagnement\/services\/\" target=\"_blank\" data-hover-background-color=\"#d23467\" data-hover-border-color=\"#ffffff\" class=\"qbutton  white enlarge\" style=\"border-color: #ffffff; background-color:#060051;\">Parcourez les services Stormshield<i class=\"qode_icon_font_awesome fa fa-angle-right qode_button_icon_element\"><\/i><\/a>[vc_empty_space][\/vc_column_inner][\/vc_row_inner][\/vc_column][\/vc_row][vc_row css_animation=\"\" row_type=\"row\" use_row_as_full_screen_section=\"no\" type=\"grid\" angled_section=\"no\" text_align=\"left\" background_image_as_pattern=\"without_pattern\" z_index=\"\" padding_bottom=\"50\" padding_top=\"50\"][vc_column width=\"2\/3\"][vc_column_text]<\/p>\n<h2><span style=\"color: #000; font-size: 1.2em; font-weight: 900;\">Des produits certifi\u00e9s et qualifi\u00e9s \u00e0 l'\u00e9chelle europ\u00e9enne<\/span><\/h2>\n<p><span style=\"color: #000; font-size: 1.1em;\">La confiance est une question centrale dans les solutions de s\u00e9curit\u00e9 et de protection des syst\u00e8mes d\u2019information. Et l\u2019efficacit\u00e9 de ces produits en d\u00e9pend. C\u2019est pourquoi nos diff\u00e9rentes offres et solutions font partie int\u00e9grante d\u2019une d\u00e9marche volontariste de transparence.<\/span><\/p>\n<p><span style=\"color: #000; font-size: 1.1em;\">Nous nous inscrivons ainsi <strong>dans une d\u00e9marche continue de qualification et certification de s\u00e9curit\u00e9 aupr\u00e8s des autorit\u00e9s europ\u00e9ennes comp\u00e9tentes.<\/strong> Toutes nos \u00e9quipes de R&amp;D et tous nos d\u00e9veloppements sont ainsi r\u00e9alis\u00e9s en France, o\u00f9 nous travaillons en \u00e9troite collaboration avec l\u2019<a style=\"color: #000000;\" href=\"https:\/\/cyber.gouv.fr\/\" target=\"_blank\" rel=\"noopener\">ANSSI<\/a>, notamment autour de la revue des codes sources de nos solutions pour garantir l\u2019absence de backdoors. Lors du lancement des <a style=\"color: #000000;\" href=\"https:\/\/cyber.gouv.fr\/visa-de-securite\" target=\"_blank\" rel=\"noopener\">Visas de s\u00e9curit\u00e9<\/a> en 2018, Stormshield est m\u00eame devenu l\u2019\u00e9diteur fran\u00e7ais de confiance ayant la plus grande couverture en mati\u00e8re de besoins de s\u00e9curit\u00e9. En Espagne, nous sommes devenus le seul \u00e9diteur de firewalls \u00e0 obtenir \u00e0 la fois les qualifications espagnoles \u00ab Producto CCN Aprobado \u00bb et \u00ab Producto CCN Cualificado \u00bb, d\u00e9livr\u00e9es par le Centre National de Cryptologie (<em>Centro Criptol\u00f3gico Nacional<\/em>, CCN).<\/span>[\/vc_column_text][vc_empty_space]<a  itemprop=\"url\" href=\"https:\/\/www.stormshield.com\/fr\/produits-certifies-et-qualifies\/\" target=\"_blank\" data-hover-background-color=\"#d23467\" data-hover-border-color=\"#ffffff\" class=\"qbutton  white enlarge\" style=\"border-color: #ffffff; background-color:#060051;\">D\u00e9couvrez nos produits certifi\u00e9s et qualifi\u00e9s<i class=\"qode_icon_font_awesome fa fa-angle-right qode_button_icon_element\"><\/i><\/a>[vc_empty_space][\/vc_column][vc_column width=\"1\/3\" css=\".vc_custom_1697803119835{padding-top: 24px !important;padding-right: 24px !important;padding-bottom: 24px !important;padding-left: 24px !important;background-color: #060051 !important;}\"][vc_column_text css=\"\"]<span style=\"color: #ffffff; font-size: 1.1em;\">En parall\u00e8le, le d\u00e9veloppement de nos produits s\u2019appuie sur les plus hautes exigences de s\u00e9curit\u00e9 au niveau europ\u00e9en. Nos produits et solutions Stormshield b\u00e9n\u00e9ficient ainsi de labels comme les Crit\u00e8res Communs EAL3+ et EAL4+, les Certifications de S\u00e9curit\u00e9 de Premier Niveau (CSPN), la qualification Standard ANSSI, les marques Diffusion Restreinte (DR), NATO Restricted (Restreint OTAN), la classification EU Restricted (Restreint UE) ou encore le label Cybersecurity - Made in Europe.<\/span><\/p>\n<p><span style=\"color: #ffffff; font-size: 1.1em;\"><strong>Des produits Stormshield id\u00e9aux pour une mise en conformit\u00e9 pour les Op\u00e9rateurs d\u2019Importance Vitale (OIV - LPM) en France et Entit\u00e9s Essentielles ou Importantes (NIS2) \u00e0 l'\u00e9chelle europ\u00e9enne.<\/strong><\/span>[\/vc_column_text][vc_empty_space]<a  itemprop=\"url\" href=\"https:\/\/www.stormshield.com\/fr\/solutions-stormshield-pour-les-oiv\/\" target=\"_blank\" data-hover-background-color=\"#d23467\" data-hover-border-color=\"#ffffff\" class=\"qbutton  white enlarge\" style=\"border-color: #ffffff; background-color:#060051;\">Conformit\u00e9 LPM<i class=\"qode_icon_font_awesome fa fa-angle-right qode_button_icon_element\"><\/i><\/a>[vc_empty_space height=\"12px\"]<a  itemprop=\"url\" href=\"https:\/\/www.stormshield.com\/fr\/solutions-stormshield-pour-nis2\/\" target=\"_blank\" data-hover-background-color=\"#d23467\" data-hover-border-color=\"#ffffff\" class=\"qbutton  white enlarge\" style=\"border-color: #ffffff; background-color:#060051;\">Conformit\u00e9 NIS2<i class=\"qode_icon_font_awesome fa fa-angle-right qode_button_icon_element\"><\/i><\/a>[vc_empty_space][\/vc_column][\/vc_row][vc_row css_animation=\"\" row_type=\"row\" use_row_as_full_screen_section=\"no\" type=\"grid\" angled_section=\"no\" text_align=\"left\" background_image_as_pattern=\"without_pattern\" z_index=\"\" padding_bottom=\"50\" css=\".vc_custom_1697804221509{background-color: #ffffff !important;}\" padding_top=\"50\"][vc_column][vc_row_inner row_type=\"row\" type=\"full_width\" text_align=\"left\" css_animation=\"\" background_color=\"#f9f9f9\" css=\".vc_custom_1697805747463{padding-top: 32px !important;padding-right: 32px !important;padding-bottom: 32px !important;padding-left: 32px !important;}\"][vc_column_inner width=\"2\/3\"][vc_column_text]<\/p>\n<h2><span style=\"color: #000; font-size: 1.2em; font-weight: 900;\">Une approche bas\u00e9e sur la proximit\u00e9<\/span><\/h2>\n<p><span style=\"color: #000; font-size: 1.1em;\">Nos \u00e9quipes se plient en quatre pour vous. Nos offres et solutions certifi\u00e9es et qualifi\u00e9es sont d\u00e9ploy\u00e9es dans les entreprises, les infrastructures industrielles, les institutions gouvernementales et les organismes de d\u00e9fense <strong>\u00e0 travers un large r\u00e9seau de plus de 800 partenaires distributeurs et revendeurs, pr\u00e9sents dans plus de 40 pays.<\/strong> Un fonctionnement qui nous permet de mettre en application notre motto\u00a0: \u00ab\u00a0<em>Penser \u00e0 l\u2019\u00e9chelle mondiale, agir \u00e0 l\u2019\u00e9chelon local<\/em>\u00a0\u00bb.<\/span><\/p>\n<p><span style=\"color: #000; font-size: 1.1em;\">Une grande proximit\u00e9 se cr\u00e9e avec nos partenaires gr\u00e2ce aux \u00e9changes quotidiens port\u00e9s par l\u2019\u00e9quipe Channel. Ainsi qu\u2019aux actions mises en place avec ces partenaires pour \u00eatre proche de nos clients et les accompagner dans leurs r\u00e9flexions. <strong>D\u00e9couvrez l'accompagnement Stormshield.<\/strong><\/span>[\/vc_column_text][vc_empty_space]<a  itemprop=\"url\" href=\"https:\/\/www.stormshield.com\/fr\/besoin-accompagnement\/\" target=\"_blank\" data-hover-background-color=\"#d23467\" data-hover-border-color=\"#ffffff\" class=\"qbutton  white enlarge\" style=\"border-color: #ffffff; background-color:#060051;\">B\u00e9n\u00e9ficiez de la proximit\u00e9 Stormshield<i class=\"qode_icon_font_awesome fa fa-angle-right qode_button_icon_element\"><\/i><\/a>[vc_empty_space][\/vc_column_inner][vc_column_inner width=\"1\/3\"][vc_single_image image=\"456318\" img_size=\"medium\" css=\"\" qode_css_animation=\"\" qode_hover_animation=\"zoom_in\"][\/vc_column_inner][\/vc_row_inner][\/vc_column][\/vc_row]<\/p>\n<\/div>","protected":false},"excerpt":{"rendered":"<p>[vc_row css_animation=\u00a0\u00bb\u00a0\u00bb row_type=\u00a0\u00bbrow\u00a0\u00bb use_row_as_full_screen_section=\u00a0\u00bbno\u00a0\u00bb type=\u00a0\u00bbgrid\u00a0\u00bb angled_section=\u00a0\u00bbno\u00a0\u00bb text_align=\u00a0\u00bbleft\u00a0\u00bb background_image_as_pattern=\u00a0\u00bbwithout_pattern\u00a0\u00bb z_index=\u00a0\u00bb\u00a0\u00bb padding_top=\u00a0\u00bb50&Prime; padding_bottom=\u00a0\u00bb50&Prime;][vc_column][vc_empty_space][vc_column_text] La cybers\u00e9curit\u00e9 de confiance avec Stormshield pour construire ensemble une relation durable [\/vc_column_text][vc_empty_space][\/vc_column][\/vc_row][vc_row css_animation=\u00a0\u00bb\u00a0\u00bb row_type=\u00a0\u00bbrow\u00a0\u00bb use_row_as_full_screen_section=\u00a0\u00bbno\u00a0\u00bb type=\u00a0\u00bbgrid\u00a0\u00bb angled_section=\u00a0\u00bbno\u00a0\u00bb text_align=\u00a0\u00bbleft\u00a0\u00bb background_image_as_pattern=\u00a0\u00bbwithout_pattern\u00a0\u00bb z_index=\u00a0\u00bb\u00a0\u00bb padding_bottom=\u00a0\u00bb50&Prime;][vc_column width=\u00a0\u00bb1\/2&Prime;][vc_column_text]Choisir Stormshield, c\u2019est faire appel \u00e0 un acteur de confiance pour cyber-s\u00e9r\u00e9niser&#8230;<\/p>\n","protected":false},"author":31,"featured_media":0,"parent":0,"menu_order":347,"comment_status":"closed","ping_status":"closed","template":"full_width.php","meta":{"_acf_changed":false,"footnotes":""},"class_list":["post-217046","page","type-page","status-publish","hentry"],"acf":[],"yoast_head":"<!-- This site is optimized with the Yoast SEO plugin v27.3 - https:\/\/yoast.com\/product\/yoast-seo-wordpress\/ -->\n<title>Solutions de cybers\u00e9curit\u00e9 de confiance | Stormshield<\/title>\n<meta name=\"description\" content=\"En choisissant Stormshield, travaillez avec un acteur de confiance pour rendre votre entreprise s\u00e9curis\u00e9e : d\u00e9couvrez ce qui nous diff\u00e9rencie.\" \/>\n<meta name=\"robots\" content=\"index, follow, max-snippet:-1, max-image-preview:large, max-video-preview:-1\" \/>\n<link rel=\"canonical\" href=\"https:\/\/www.stormshield.com\/fr\/la-difference-stormshield\/\" \/>\n<meta property=\"og:locale\" content=\"fr_FR\" \/>\n<meta property=\"og:type\" content=\"article\" \/>\n<meta property=\"og:title\" content=\"Solutions de cybers\u00e9curit\u00e9 de confiance | Stormshield\" \/>\n<meta property=\"og:description\" content=\"En choisissant Stormshield, travaillez avec un acteur de confiance pour rendre votre entreprise s\u00e9curis\u00e9e : d\u00e9couvrez ce qui nous diff\u00e9rencie.\" \/>\n<meta property=\"og:url\" content=\"https:\/\/www.stormshield.com\/fr\/la-difference-stormshield\/\" \/>\n<meta property=\"og:site_name\" content=\"Stormshield\" \/>\n<meta property=\"article:modified_time\" content=\"2025-08-04T08:23:40+00:00\" \/>\n<meta property=\"og:image\" content=\"https:\/\/www.stormshield.com\/wp-content\/uploads\/stormshield_logo.png\" \/>\n\t<meta property=\"og:image:width\" content=\"204\" \/>\n\t<meta property=\"og:image:height\" content=\"94\" \/>\n\t<meta property=\"og:image:type\" content=\"image\/png\" \/>\n<meta name=\"twitter:card\" content=\"summary_large_image\" \/>\n<meta name=\"twitter:site\" content=\"@Stormshield\" \/>\n<meta name=\"twitter:label1\" content=\"Dur\u00e9e de lecture estim\u00e9e\" \/>\n\t<meta name=\"twitter:data1\" content=\"5 minutes\" \/>\n<script type=\"application\/ld+json\" class=\"yoast-schema-graph\">{\"@context\":\"https:\\\/\\\/schema.org\",\"@graph\":[{\"@type\":\"WebPage\",\"@id\":\"https:\\\/\\\/www.stormshield.com\\\/fr\\\/la-difference-stormshield\\\/\",\"url\":\"https:\\\/\\\/www.stormshield.com\\\/fr\\\/la-difference-stormshield\\\/\",\"name\":\"Solutions de cybers\u00e9curit\u00e9 de confiance | Stormshield\",\"isPartOf\":{\"@id\":\"https:\\\/\\\/www.stormshield.com\\\/fr\\\/#website\"},\"datePublished\":\"2021-10-04T12:48:55+00:00\",\"dateModified\":\"2025-08-04T08:23:40+00:00\",\"description\":\"En choisissant Stormshield, travaillez avec un acteur de confiance pour rendre votre entreprise s\u00e9curis\u00e9e : d\u00e9couvrez ce qui nous diff\u00e9rencie.\",\"breadcrumb\":{\"@id\":\"https:\\\/\\\/www.stormshield.com\\\/fr\\\/la-difference-stormshield\\\/#breadcrumb\"},\"inLanguage\":\"fr-FR\",\"potentialAction\":[{\"@type\":\"ReadAction\",\"target\":[\"https:\\\/\\\/www.stormshield.com\\\/fr\\\/la-difference-stormshield\\\/\"]}]},{\"@type\":\"BreadcrumbList\",\"@id\":\"https:\\\/\\\/www.stormshield.com\\\/fr\\\/la-difference-stormshield\\\/#breadcrumb\",\"itemListElement\":[{\"@type\":\"ListItem\",\"position\":1,\"name\":\"Home\",\"item\":\"https:\\\/\\\/www.stormshield.com\\\/fr\\\/\"},{\"@type\":\"ListItem\",\"position\":2,\"name\":\"Notre diff\u00e9rence\"}]},{\"@type\":\"WebSite\",\"@id\":\"https:\\\/\\\/www.stormshield.com\\\/fr\\\/#website\",\"url\":\"https:\\\/\\\/www.stormshield.com\\\/fr\\\/\",\"name\":\"Stormshield\",\"description\":\"Stormshield\",\"potentialAction\":[{\"@type\":\"SearchAction\",\"target\":{\"@type\":\"EntryPoint\",\"urlTemplate\":\"https:\\\/\\\/www.stormshield.com\\\/fr\\\/?s={search_term_string}\"},\"query-input\":{\"@type\":\"PropertyValueSpecification\",\"valueRequired\":true,\"valueName\":\"search_term_string\"}}],\"inLanguage\":\"fr-FR\"}]}<\/script>\n<!-- \/ Yoast SEO plugin. -->","yoast_head_json":{"title":"Solutions de cybers\u00e9curit\u00e9 de confiance | Stormshield","description":"En choisissant Stormshield, travaillez avec un acteur de confiance pour rendre votre entreprise s\u00e9curis\u00e9e : d\u00e9couvrez ce qui nous diff\u00e9rencie.","robots":{"index":"index","follow":"follow","max-snippet":"max-snippet:-1","max-image-preview":"max-image-preview:large","max-video-preview":"max-video-preview:-1"},"canonical":"https:\/\/www.stormshield.com\/fr\/la-difference-stormshield\/","og_locale":"fr_FR","og_type":"article","og_title":"Solutions de cybers\u00e9curit\u00e9 de confiance | Stormshield","og_description":"En choisissant Stormshield, travaillez avec un acteur de confiance pour rendre votre entreprise s\u00e9curis\u00e9e : d\u00e9couvrez ce qui nous diff\u00e9rencie.","og_url":"https:\/\/www.stormshield.com\/fr\/la-difference-stormshield\/","og_site_name":"Stormshield","article_modified_time":"2025-08-04T08:23:40+00:00","og_image":[{"width":204,"height":94,"url":"https:\/\/www.stormshield.com\/wp-content\/uploads\/stormshield_logo.png","type":"image\/png"}],"twitter_card":"summary_large_image","twitter_site":"@Stormshield","twitter_misc":{"Dur\u00e9e de lecture estim\u00e9e":"5 minutes"},"schema":{"@context":"https:\/\/schema.org","@graph":[{"@type":"WebPage","@id":"https:\/\/www.stormshield.com\/fr\/la-difference-stormshield\/","url":"https:\/\/www.stormshield.com\/fr\/la-difference-stormshield\/","name":"Solutions de cybers\u00e9curit\u00e9 de confiance | Stormshield","isPartOf":{"@id":"https:\/\/www.stormshield.com\/fr\/#website"},"datePublished":"2021-10-04T12:48:55+00:00","dateModified":"2025-08-04T08:23:40+00:00","description":"En choisissant Stormshield, travaillez avec un acteur de confiance pour rendre votre entreprise s\u00e9curis\u00e9e : d\u00e9couvrez ce qui nous diff\u00e9rencie.","breadcrumb":{"@id":"https:\/\/www.stormshield.com\/fr\/la-difference-stormshield\/#breadcrumb"},"inLanguage":"fr-FR","potentialAction":[{"@type":"ReadAction","target":["https:\/\/www.stormshield.com\/fr\/la-difference-stormshield\/"]}]},{"@type":"BreadcrumbList","@id":"https:\/\/www.stormshield.com\/fr\/la-difference-stormshield\/#breadcrumb","itemListElement":[{"@type":"ListItem","position":1,"name":"Home","item":"https:\/\/www.stormshield.com\/fr\/"},{"@type":"ListItem","position":2,"name":"Notre diff\u00e9rence"}]},{"@type":"WebSite","@id":"https:\/\/www.stormshield.com\/fr\/#website","url":"https:\/\/www.stormshield.com\/fr\/","name":"Stormshield","description":"Stormshield","potentialAction":[{"@type":"SearchAction","target":{"@type":"EntryPoint","urlTemplate":"https:\/\/www.stormshield.com\/fr\/?s={search_term_string}"},"query-input":{"@type":"PropertyValueSpecification","valueRequired":true,"valueName":"search_term_string"}}],"inLanguage":"fr-FR"}]}},"_links":{"self":[{"href":"https:\/\/www.stormshield.com\/fr\/wp-json\/wp\/v2\/pages\/217046","targetHints":{"allow":["GET"]}}],"collection":[{"href":"https:\/\/www.stormshield.com\/fr\/wp-json\/wp\/v2\/pages"}],"about":[{"href":"https:\/\/www.stormshield.com\/fr\/wp-json\/wp\/v2\/types\/page"}],"author":[{"embeddable":true,"href":"https:\/\/www.stormshield.com\/fr\/wp-json\/wp\/v2\/users\/31"}],"replies":[{"embeddable":true,"href":"https:\/\/www.stormshield.com\/fr\/wp-json\/wp\/v2\/comments?post=217046"}],"version-history":[{"count":81,"href":"https:\/\/www.stormshield.com\/fr\/wp-json\/wp\/v2\/pages\/217046\/revisions"}],"predecessor-version":[{"id":659961,"href":"https:\/\/www.stormshield.com\/fr\/wp-json\/wp\/v2\/pages\/217046\/revisions\/659961"}],"wp:attachment":[{"href":"https:\/\/www.stormshield.com\/fr\/wp-json\/wp\/v2\/media?parent=217046"}],"curies":[{"name":"wp","href":"https:\/\/api.w.org\/{rel}","templated":true}]}}