{"id":211459,"date":"2021-02-09T16:39:50","date_gmt":"2021-02-09T15:39:50","guid":{"rendered":"https:\/\/www.stormshield.com\/?page_id=211459"},"modified":"2026-03-27T14:45:14","modified_gmt":"2026-03-27T13:45:14","slug":"outil-administration-sns","status":"publish","type":"page","link":"https:\/\/www.stormshield.com\/fr\/produits-et-services\/produits\/protection-des-reseaux\/outil-administration-sns\/","title":{"rendered":"Les outils d\u2019administration des firewalls SNS"},"content":{"rendered":"<div class=\"wpb-content-wrapper\"><p>[vc_row css_animation=\"\" row_type=\"row\" use_row_as_full_screen_section=\"no\" type=\"grid\" angled_section=\"no\" text_align=\"left\" background_image_as_pattern=\"without_pattern\" z_index=\"\" padding_top=\"50\" padding_bottom=\"50\"][vc_column][vc_row_inner row_type=\"row\" type=\"full_width\" text_align=\"left\" css_animation=\"\"][vc_column_inner][vc_column_text]<\/p>\n<h1 style=\"text-align: center;\"><span style=\"color: #00aaf5;\"><span style=\"font-weight: 300; font-size: 1.5em;\">Optimisez votre s\u00e9curit\u00e9 et l'efficacit\u00e9 de votre protection r\u00e9seau<\/span><\/span><span style=\"color: #00aaf5;\"><span style=\"font-weight: 900; font-size: 1.5em;\">\u00a0avec les outils d'administration des firewalls SNS<\/span><\/span><\/h1>\n<p>[\/vc_column_text][\/vc_column_inner][\/vc_row_inner][\/vc_column][\/vc_row][vc_row css_animation=\"\" row_type=\"row\" use_row_as_full_screen_section=\"no\" type=\"grid\" angled_section=\"no\" text_align=\"left\" background_image_as_pattern=\"without_pattern\" z_index=\"\"][vc_column][vc_row_inner row_type=\"row\" type=\"full_width\" text_align=\"left\" css_animation=\"\"][vc_column_inner width=\"1\/2\" css=\".vc_custom_1706169633299{padding-top: 32px !important;padding-right: 32px !important;padding-bottom: 32px !important;padding-left: 32px !important;}\"][vc_single_image image=\"211500\" img_size=\"medium\" alignment=\"center\" qode_css_animation=\"\"][vc_column_text]<\/p>\n<h2><span style=\"color: #000; font-size: 1.2em; font-weight: 900;\">SMC, la gestion centralis\u00e9e des firewalls Stormshield<\/span><\/h2>\n<p><span style=\"color: #000; font-size: 1.1em;\">Avec la solution <strong>Stormshield Management Center (SMC)<\/strong>, administrez de mani\u00e8re centralis\u00e9e et s\u00e9curis\u00e9e vos firewalls Stormshield Network Security. <\/span><\/p>\n<p><span style=\"color: #000; font-size: 1.1em;\">Et gr\u00e2ce aux fonctionnalit\u00e9s et l\u2019interface graphique intuitive de SMC, optimisez vos t\u00e2ches de supervision, de configuration et de maintenance. Finissez-en avec les t\u00e2ches r\u00e9p\u00e9titives.<\/span>[\/vc_column_text][vc_empty_space]<a  itemprop=\"url\" href=\"https:\/\/www.stormshield.com\/fr\/produits-et-services\/produits\/protection-des-reseaux\/outil-administration-sns\/smc\/\" target=\"_self\" data-hover-background-color=\"#00aeef\" data-hover-border-color=\"#ffffff\" class=\"qbutton  white enlarge\" style=\"border-color: #ffffff; background-color:#060051;\">SMC<i class=\"qode_icon_font_awesome fa fa-angle-right qode_button_icon_element\"><\/i><\/a>[vc_empty_space][\/vc_column_inner][vc_column_inner width=\"1\/2\" css=\".vc_custom_1706169941322{padding-top: 32px !important;padding-right: 32px !important;padding-bottom: 32px !important;padding-left: 32px !important;}\"][vc_single_image image=\"769484\" img_size=\"medium\" alignment=\"center\" css=\"\" qode_css_animation=\"\"][vc_column_text]<\/p>\n<h2><span style=\"color: #000; font-size: 1.2em; font-weight: 900;\">SLS, le log management Stormshield \u00e0 grande \u00e9chelle<\/span><\/h2>\n<p><span style=\"color: #000; font-size: 1.1em;\">Difficile de passer du temps \u00e0 analyser vos \u00e9v\u00e9nements de s\u00e9curit\u00e9 pour d\u00e9tecter des probl\u00e8mes potentiels, et ne parlons pas de la recherche d'un \u00e9v\u00e8nement particulier dans cette masse de logs\u2026 Avec <strong>Stormshield Log Supervisor (SLS)<\/strong>, visualisez en un clin d\u2019\u0153il l\u2019\u00e9tat et les \u00e9v\u00e9nements de votre r\u00e9seau. <\/span><\/p>\n<p><span style=\"color: #000; font-size: 1.1em;\">Am\u00e9liorez ainsi la visibilit\u00e9 des logs sur votre r\u00e9seau et optimisez ainsi la r\u00e9ponse aux incidents.<\/span>[\/vc_column_text][vc_empty_space]<a  itemprop=\"url\" href=\"https:\/\/www.stormshield.com\/fr\/produits-et-services\/produits\/protection-des-reseaux\/outil-administration-sns\/sls\/\" target=\"_self\" data-hover-background-color=\"#00aeef\" data-hover-border-color=\"#ffffff\" class=\"qbutton  white enlarge\" style=\"border-color: #ffffff; background-color:#060051;\">SLS<i class=\"qode_icon_font_awesome fa fa-angle-right qode_button_icon_element\"><\/i><\/a>[vc_empty_space][\/vc_column_inner][\/vc_row_inner][\/vc_column][\/vc_row][vc_row css_animation=\"\" row_type=\"row\" use_row_as_full_screen_section=\"no\" type=\"grid\" angled_section=\"no\" text_align=\"left\" background_image_as_pattern=\"without_pattern\" z_index=\"\"][vc_column][vc_row_inner row_type=\"row\" type=\"full_width\" text_align=\"left\" css_animation=\"\" css=\".vc_custom_1706170044204{padding-top: 32px !important;padding-right: 32px !important;padding-bottom: 32px !important;padding-left: 32px !important;background-color: #f9f9f9 !important;}\"][vc_column_inner css=\".vc_custom_1706169633299{padding-top: 32px !important;padding-right: 32px !important;padding-bottom: 32px !important;padding-left: 32px !important;}\"][vc_column_text css=\"\"]<span style=\"color: #000; font-size: 1.1em;\">Bas\u00e9e sur la solution guardsix, certifi\u00e9e EAL3+ et leader europ\u00e9en des solutions de gestion des informations et des \u00e9v\u00e9nements de s\u00e9curit\u00e9, la solution <strong>Stormshield Log Supervisor r\u00e9pond \u00e9galement aux contraintes l\u00e9gales et aux probl\u00e9matiques op\u00e9rationnelles de conservation et d'exploitation des logs dans la dur\u00e9e.<\/strong><\/span>[\/vc_column_text][\/vc_column_inner][\/vc_row_inner][\/vc_column][\/vc_row][vc_row css_animation=\"\" row_type=\"row\" use_row_as_full_screen_section=\"no\" type=\"grid\" angled_section=\"no\" text_align=\"left\" background_image_as_pattern=\"without_pattern\" z_index=\"\"][vc_column][vc_row_inner row_type=\"row\" type=\"full_width\" text_align=\"left\" css_animation=\"\"][vc_column_inner css=\".vc_custom_1706169633299{padding-top: 32px !important;padding-right: 32px !important;padding-bottom: 32px !important;padding-left: 32px !important;}\"][vc_empty_space][\/vc_column_inner][\/vc_row_inner][\/vc_column][\/vc_row][vc_row css_animation=\"\" row_type=\"row\" use_row_as_full_screen_section=\"no\" type=\"grid\" angled_section=\"no\" text_align=\"left\" background_image_as_pattern=\"without_pattern\" z_index=\"\"][vc_column][vc_row_inner row_type=\"row\" type=\"full_width\" text_align=\"left\" css_animation=\"\" css=\".vc_custom_1706170197876{padding-top: 32px !important;padding-right: 32px !important;padding-bottom: 32px !important;padding-left: 32px !important;background-color: #060051 !important;}\"][vc_column_inner css=\".vc_custom_1706169633299{padding-top: 32px !important;padding-right: 32px !important;padding-bottom: 32px !important;padding-left: 32px !important;}\"][vc_column_text]<span style=\"color: #000; font-size: 1.1em;\"><span style=\"color: #ffffff;\">En parall\u00e8le des outils d\u2019administration, vous pouvez compter sur le support technique Stormshield. M\u00eame face aux situations les plus complexes, <strong>notre mission est de vous r\u00e9pondre vite et de mani\u00e8re efficace pour contribuer \u00e0 assurer votre cyber-s\u00e9r\u00e9nit\u00e9.<\/strong><\/span><br \/>\n<\/span>[\/vc_column_text][vc_empty_space]<a  itemprop=\"url\" href=\"https:\/\/www.stormshield.com\/fr\/contact\/support-technique\/\" target=\"_blank\" data-hover-background-color=\"#00aeef\" data-hover-border-color=\"#ffffff\" class=\"qbutton  white enlarge\" style=\"border-color: #ffffff; background-color:#060051;\">Support technique<i class=\"qode_icon_font_awesome fa fa-angle-right qode_button_icon_element\"><\/i><\/a>[\/vc_column_inner][\/vc_row_inner][\/vc_column][\/vc_row][vc_row css_animation=\"\" row_type=\"row\" use_row_as_full_screen_section=\"no\" type=\"grid\" angled_section=\"no\" text_align=\"left\" background_image_as_pattern=\"without_pattern\" z_index=\"\"][vc_column][vc_row_inner row_type=\"row\" type=\"full_width\" text_align=\"left\" css_animation=\"\"][vc_column_inner css=\".vc_custom_1706169633299{padding-top: 32px !important;padding-right: 32px !important;padding-bottom: 32px !important;padding-left: 32px !important;}\"][vc_empty_space][\/vc_column_inner][\/vc_row_inner][\/vc_column][\/vc_row]<\/p>\n<\/div>","protected":false},"excerpt":{"rendered":"<p>[vc_row css_animation=\u00a0\u00bb\u00a0\u00bb row_type=\u00a0\u00bbrow\u00a0\u00bb use_row_as_full_screen_section=\u00a0\u00bbno\u00a0\u00bb type=\u00a0\u00bbgrid\u00a0\u00bb angled_section=\u00a0\u00bbno\u00a0\u00bb text_align=\u00a0\u00bbleft\u00a0\u00bb background_image_as_pattern=\u00a0\u00bbwithout_pattern\u00a0\u00bb z_index=\u00a0\u00bb\u00a0\u00bb padding_top=\u00a0\u00bb50&Prime; padding_bottom=\u00a0\u00bb50&Prime;][vc_column][vc_row_inner row_type=\u00a0\u00bbrow\u00a0\u00bb type=\u00a0\u00bbfull_width\u00a0\u00bb text_align=\u00a0\u00bbleft\u00a0\u00bb css_animation=\u00a0\u00bb\u00a0\u00bb][vc_column_inner][vc_column_text] Optimisez votre s\u00e9curit\u00e9 et l&rsquo;efficacit\u00e9 de votre protection r\u00e9seau\u00a0avec les outils d&rsquo;administration des firewalls SNS [\/vc_column_text][\/vc_column_inner][\/vc_row_inner][\/vc_column][\/vc_row][vc_row css_animation=\u00a0\u00bb\u00a0\u00bb row_type=\u00a0\u00bbrow\u00a0\u00bb use_row_as_full_screen_section=\u00a0\u00bbno\u00a0\u00bb type=\u00a0\u00bbgrid\u00a0\u00bb angled_section=\u00a0\u00bbno\u00a0\u00bb text_align=\u00a0\u00bbleft\u00a0\u00bb background_image_as_pattern=\u00a0\u00bbwithout_pattern\u00a0\u00bb z_index=\u00a0\u00bb\u00a0\u00bb][vc_column][vc_row_inner row_type=\u00a0\u00bbrow\u00a0\u00bb type=\u00a0\u00bbfull_width\u00a0\u00bb text_align=\u00a0\u00bbleft\u00a0\u00bb css_animation=\u00a0\u00bb\u00a0\u00bb][vc_column_inner width=\u00a0\u00bb1\/2&Prime; css=\u00a0\u00bb.vc_custom_1706169633299{padding-top:&#8230;<\/p>\n","protected":false},"author":31,"featured_media":0,"parent":22304,"menu_order":239,"comment_status":"closed","ping_status":"closed","template":"full_width.php","meta":{"_acf_changed":false,"footnotes":""},"class_list":["post-211459","page","type-page","status-publish","hentry"],"acf":[],"yoast_head":"<!-- This site is optimized with the Yoast SEO plugin v27.0 - https:\/\/yoast.com\/product\/yoast-seo-wordpress\/ -->\n<title>Outils d&#039;administration pour les pare-feu SNS | Stormshield<\/title>\n<meta name=\"description\" content=\"Les outils d&#039;administration Stormshield vous permettent d&#039;administrer de mani\u00e8re centralis\u00e9e et s\u00e9curis\u00e9e vos pare-feu Stormshield Network Security (SNS).\" \/>\n<meta name=\"robots\" content=\"index, follow, max-snippet:-1, max-image-preview:large, max-video-preview:-1\" \/>\n<link rel=\"canonical\" href=\"https:\/\/www.stormshield.com\/fr\/produits-et-services\/produits\/protection-des-reseaux\/outil-administration-sns\/\" \/>\n<meta property=\"og:locale\" content=\"fr_FR\" \/>\n<meta property=\"og:type\" content=\"article\" \/>\n<meta property=\"og:title\" content=\"Outils d&#039;administration pour les pare-feu SNS | Stormshield\" \/>\n<meta property=\"og:description\" content=\"Les outils d&#039;administration Stormshield vous permettent d&#039;administrer de mani\u00e8re centralis\u00e9e et s\u00e9curis\u00e9e vos pare-feu Stormshield Network Security (SNS).\" \/>\n<meta property=\"og:url\" content=\"https:\/\/www.stormshield.com\/fr\/produits-et-services\/produits\/protection-des-reseaux\/outil-administration-sns\/\" \/>\n<meta property=\"og:site_name\" content=\"Stormshield\" \/>\n<meta property=\"article:modified_time\" content=\"2026-03-27T13:45:14+00:00\" \/>\n<meta property=\"og:image\" content=\"https:\/\/www.stormshield.com\/wp-content\/uploads\/stormshield_logo.png\" \/>\n\t<meta property=\"og:image:width\" content=\"204\" \/>\n\t<meta property=\"og:image:height\" content=\"94\" \/>\n\t<meta property=\"og:image:type\" content=\"image\/png\" \/>\n<meta name=\"twitter:card\" content=\"summary_large_image\" \/>\n<meta name=\"twitter:site\" content=\"@Stormshield\" \/>\n<meta name=\"twitter:label1\" content=\"Dur\u00e9e de lecture estim\u00e9e\" \/>\n\t<meta name=\"twitter:data1\" content=\"3 minutes\" \/>\n<script type=\"application\/ld+json\" class=\"yoast-schema-graph\">{\"@context\":\"https:\/\/schema.org\",\"@graph\":[{\"@type\":\"WebPage\",\"@id\":\"https:\/\/www.stormshield.com\/fr\/produits-et-services\/produits\/protection-des-reseaux\/outil-administration-sns\/\",\"url\":\"https:\/\/www.stormshield.com\/fr\/produits-et-services\/produits\/protection-des-reseaux\/outil-administration-sns\/\",\"name\":\"Outils d'administration pour les pare-feu SNS | Stormshield\",\"isPartOf\":{\"@id\":\"https:\/\/www.stormshield.com\/fr\/#website\"},\"datePublished\":\"2021-02-09T15:39:50+00:00\",\"dateModified\":\"2026-03-27T13:45:14+00:00\",\"description\":\"Les outils d'administration Stormshield vous permettent d'administrer de mani\u00e8re centralis\u00e9e et s\u00e9curis\u00e9e vos pare-feu Stormshield Network Security (SNS).\",\"breadcrumb\":{\"@id\":\"https:\/\/www.stormshield.com\/fr\/produits-et-services\/produits\/protection-des-reseaux\/outil-administration-sns\/#breadcrumb\"},\"inLanguage\":\"fr-FR\",\"potentialAction\":[{\"@type\":\"ReadAction\",\"target\":[\"https:\/\/www.stormshield.com\/fr\/produits-et-services\/produits\/protection-des-reseaux\/outil-administration-sns\/\"]}]},{\"@type\":\"BreadcrumbList\",\"@id\":\"https:\/\/www.stormshield.com\/fr\/produits-et-services\/produits\/protection-des-reseaux\/outil-administration-sns\/#breadcrumb\",\"itemListElement\":[{\"@type\":\"ListItem\",\"position\":1,\"name\":\"Home\",\"item\":\"https:\/\/www.stormshield.com\/fr\/\"},{\"@type\":\"ListItem\",\"position\":2,\"name\":\"Produits &amp; Solutions\",\"item\":\"https:\/\/www.stormshield.com\/fr\/produits-et-services\/\"},{\"@type\":\"ListItem\",\"position\":3,\"name\":\"Tous nos produits\",\"item\":\"https:\/\/www.stormshield.com\/fr\/produits-et-services\/produits\/\"},{\"@type\":\"ListItem\",\"position\":4,\"name\":\"Protection des r\u00e9seaux\",\"item\":\"https:\/\/www.stormshield.com\/fr\/produits-et-services\/produits\/protection-des-reseaux\/\"},{\"@type\":\"ListItem\",\"position\":5,\"name\":\"Les outils d\u2019administration des firewalls SNS\"}]},{\"@type\":\"WebSite\",\"@id\":\"https:\/\/www.stormshield.com\/fr\/#website\",\"url\":\"https:\/\/www.stormshield.com\/fr\/\",\"name\":\"Stormshield\",\"description\":\"Stormshield\",\"potentialAction\":[{\"@type\":\"SearchAction\",\"target\":{\"@type\":\"EntryPoint\",\"urlTemplate\":\"https:\/\/www.stormshield.com\/fr\/?s={search_term_string}\"},\"query-input\":{\"@type\":\"PropertyValueSpecification\",\"valueRequired\":true,\"valueName\":\"search_term_string\"}}],\"inLanguage\":\"fr-FR\"}]}<\/script>\n<!-- \/ Yoast SEO plugin. -->","yoast_head_json":{"title":"Outils d'administration pour les pare-feu SNS | Stormshield","description":"Les outils d'administration Stormshield vous permettent d'administrer de mani\u00e8re centralis\u00e9e et s\u00e9curis\u00e9e vos pare-feu Stormshield Network Security (SNS).","robots":{"index":"index","follow":"follow","max-snippet":"max-snippet:-1","max-image-preview":"max-image-preview:large","max-video-preview":"max-video-preview:-1"},"canonical":"https:\/\/www.stormshield.com\/fr\/produits-et-services\/produits\/protection-des-reseaux\/outil-administration-sns\/","og_locale":"fr_FR","og_type":"article","og_title":"Outils d'administration pour les pare-feu SNS | Stormshield","og_description":"Les outils d'administration Stormshield vous permettent d'administrer de mani\u00e8re centralis\u00e9e et s\u00e9curis\u00e9e vos pare-feu Stormshield Network Security (SNS).","og_url":"https:\/\/www.stormshield.com\/fr\/produits-et-services\/produits\/protection-des-reseaux\/outil-administration-sns\/","og_site_name":"Stormshield","article_modified_time":"2026-03-27T13:45:14+00:00","og_image":[{"width":204,"height":94,"url":"https:\/\/www.stormshield.com\/wp-content\/uploads\/stormshield_logo.png","type":"image\/png"}],"twitter_card":"summary_large_image","twitter_site":"@Stormshield","twitter_misc":{"Dur\u00e9e de lecture estim\u00e9e":"3 minutes"},"schema":{"@context":"https:\/\/schema.org","@graph":[{"@type":"WebPage","@id":"https:\/\/www.stormshield.com\/fr\/produits-et-services\/produits\/protection-des-reseaux\/outil-administration-sns\/","url":"https:\/\/www.stormshield.com\/fr\/produits-et-services\/produits\/protection-des-reseaux\/outil-administration-sns\/","name":"Outils d'administration pour les pare-feu SNS | Stormshield","isPartOf":{"@id":"https:\/\/www.stormshield.com\/fr\/#website"},"datePublished":"2021-02-09T15:39:50+00:00","dateModified":"2026-03-27T13:45:14+00:00","description":"Les outils d'administration Stormshield vous permettent d'administrer de mani\u00e8re centralis\u00e9e et s\u00e9curis\u00e9e vos pare-feu Stormshield Network Security (SNS).","breadcrumb":{"@id":"https:\/\/www.stormshield.com\/fr\/produits-et-services\/produits\/protection-des-reseaux\/outil-administration-sns\/#breadcrumb"},"inLanguage":"fr-FR","potentialAction":[{"@type":"ReadAction","target":["https:\/\/www.stormshield.com\/fr\/produits-et-services\/produits\/protection-des-reseaux\/outil-administration-sns\/"]}]},{"@type":"BreadcrumbList","@id":"https:\/\/www.stormshield.com\/fr\/produits-et-services\/produits\/protection-des-reseaux\/outil-administration-sns\/#breadcrumb","itemListElement":[{"@type":"ListItem","position":1,"name":"Home","item":"https:\/\/www.stormshield.com\/fr\/"},{"@type":"ListItem","position":2,"name":"Produits &amp; Solutions","item":"https:\/\/www.stormshield.com\/fr\/produits-et-services\/"},{"@type":"ListItem","position":3,"name":"Tous nos produits","item":"https:\/\/www.stormshield.com\/fr\/produits-et-services\/produits\/"},{"@type":"ListItem","position":4,"name":"Protection des r\u00e9seaux","item":"https:\/\/www.stormshield.com\/fr\/produits-et-services\/produits\/protection-des-reseaux\/"},{"@type":"ListItem","position":5,"name":"Les outils d\u2019administration des firewalls SNS"}]},{"@type":"WebSite","@id":"https:\/\/www.stormshield.com\/fr\/#website","url":"https:\/\/www.stormshield.com\/fr\/","name":"Stormshield","description":"Stormshield","potentialAction":[{"@type":"SearchAction","target":{"@type":"EntryPoint","urlTemplate":"https:\/\/www.stormshield.com\/fr\/?s={search_term_string}"},"query-input":{"@type":"PropertyValueSpecification","valueRequired":true,"valueName":"search_term_string"}}],"inLanguage":"fr-FR"}]}},"_links":{"self":[{"href":"https:\/\/www.stormshield.com\/fr\/wp-json\/wp\/v2\/pages\/211459","targetHints":{"allow":["GET"]}}],"collection":[{"href":"https:\/\/www.stormshield.com\/fr\/wp-json\/wp\/v2\/pages"}],"about":[{"href":"https:\/\/www.stormshield.com\/fr\/wp-json\/wp\/v2\/types\/page"}],"author":[{"embeddable":true,"href":"https:\/\/www.stormshield.com\/fr\/wp-json\/wp\/v2\/users\/31"}],"replies":[{"embeddable":true,"href":"https:\/\/www.stormshield.com\/fr\/wp-json\/wp\/v2\/comments?post=211459"}],"version-history":[{"count":20,"href":"https:\/\/www.stormshield.com\/fr\/wp-json\/wp\/v2\/pages\/211459\/revisions"}],"predecessor-version":[{"id":769494,"href":"https:\/\/www.stormshield.com\/fr\/wp-json\/wp\/v2\/pages\/211459\/revisions\/769494"}],"up":[{"embeddable":true,"href":"https:\/\/www.stormshield.com\/fr\/wp-json\/wp\/v2\/pages\/22304"}],"wp:attachment":[{"href":"https:\/\/www.stormshield.com\/fr\/wp-json\/wp\/v2\/media?parent=211459"}],"curies":[{"name":"wp","href":"https:\/\/api.w.org\/{rel}","templated":true}]}}