{"id":195268,"date":"2020-08-21T09:38:19","date_gmt":"2020-08-21T08:38:19","guid":{"rendered":"https:\/\/www.stormshield.com\/?page_id=195268"},"modified":"2025-09-03T15:27:06","modified_gmt":"2025-09-03T14:27:06","slug":"formation-industrielle","status":"publish","type":"page","link":"https:\/\/www.stormshield.com\/fr\/besoin-accompagnement\/services\/formations\/formation-industrielle\/","title":{"rendered":"Formations OT"},"content":{"rendered":"<div class=\"wpb-content-wrapper\"><p>[vc_row css_animation=\"\" row_type=\"row\" use_row_as_full_screen_section=\"no\" type=\"grid\" angled_section=\"no\" text_align=\"left\" background_image_as_pattern=\"without_pattern\" z_index=\"\" padding_top=\"50\" padding_bottom=\"50\"][vc_column][vc_empty_space][vc_column_text]<\/p>\n<h1 style=\"text-align: center;\"><span style=\"color: #00aaf5;\"><span style=\"font-weight: 900; font-size: 1.5em;\">Formations OT : <\/span><\/span><span style=\"color: #00aaf5;\"><span style=\"font-weight: 300; font-size: 1.5em;\">la s\u00e9curit\u00e9 r\u00e9seau dans votre environnement op\u00e9rationnel<\/span><\/span><\/h1>\n<p>[\/vc_column_text][vc_empty_space][\/vc_column][\/vc_row][vc_row css_animation=\"\" row_type=\"row\" use_row_as_full_screen_section=\"no\" type=\"grid\" angled_section=\"no\" text_align=\"left\" background_image_as_pattern=\"without_pattern\" z_index=\"\"][vc_column width=\"2\/3\"][vc_column_text css=\"\"]<span style=\"color: #000; font-size: 1.1em;\"><strong>Apprenez comment int\u00e9grer et configurer nos produits au sein d\u2019architectures op\u00e9rationnelles et industrielles.<\/strong> Chez Stormshield, nos formations \u00e0 la protection des r\u00e9seaux ont \u00e9t\u00e9 adapt\u00e9es \u00e0 vos besoins op\u00e9rationnels et mises \u00e0 jour pour r\u00e9pondre aux particularit\u00e9s de l\u2019univers industriel. Devenez expert sur l\u2019int\u00e9gration et la configuration des produits Stormshield Network au sein d\u2019architectures op\u00e9rationnelles et apprenez \u00e0 mettre en place des r\u00e8gles de s\u00e9curit\u00e9 sp\u00e9cifiques aux protocoles industriels.<\/span>[\/vc_column_text][\/vc_column][vc_column width=\"1\/3\"][vc_single_image image=\"456833\" img_size=\"medium\" alignment=\"center\" qode_css_animation=\"\"][\/vc_column][\/vc_row][vc_row css_animation=\"\" row_type=\"row\" use_row_as_full_screen_section=\"no\" type=\"grid\" angled_section=\"no\" text_align=\"left\" background_image_as_pattern=\"without_pattern\" z_index=\"\" padding_bottom=\"50\" css=\".vc_custom_1699974777591{background-color: #ffffff !important;}\" padding_top=\"50\"][vc_column][vc_row_inner row_type=\"row\" type=\"full_width\" text_align=\"left\" css_animation=\"\" background_color=\"#f9f9f9\" css=\".vc_custom_1699973877944{padding-top: 32px !important;padding-right: 32px !important;padding-bottom: 32px !important;padding-left: 32px !important;}\"][vc_column_inner width=\"1\/2\"][vc_column_text css=\"\"]<\/p>\n<h2 style=\"text-align: left;\"><span style=\"color: #000; font-size: 1.2em; font-weight: 900;\">Formation FCSNOT : devenez un as de la protection des r\u00e9seaux OT<\/span><\/h2>\n<p><span style=\"color: #000; font-size: 1.1em;\">Avec notre formation Fundamentals &amp; Certified Stormshield Network Operational Technology (FCSNOT), d\u00e9couvrez la gamme, les fonctionnalit\u00e9s essentielles et avanc\u00e9es du produit Stormshield Network Security pour un d\u00e9ploiement dans des r\u00e9seaux OT et des environnements industriels.<\/span>[\/vc_column_text][vc_empty_space]<a  itemprop=\"url\" href=\"https:\/\/www.stormshield.com\/fr\/besoin-accompagnement\/services\/formations\/formation-industrielle\/formation-fcsnot\/\" target=\"_blank\" data-hover-background-color=\"#d23467\" data-hover-border-color=\"#ffffff\" class=\"qbutton  white enlarge\" style=\"border-color: #ffffff; background-color:#060051;\">FCSNOT<i class=\"qode_icon_font_awesome fa fa-angle-right qode_button_icon_element\"><\/i><\/a>[\/vc_column_inner][vc_column_inner width=\"1\/2\"][vc_column_text css=\"\"]<\/p>\n<h2 style=\"text-align: left;\"><span style=\"color: #000; font-size: 1.2em; font-weight: 900;\">Formation CSNOT : devenez un expert des r\u00e9seaux OT<\/span><\/h2>\n<p><span style=\"color: #000; font-size: 1.1em;\">Vous voulez apprendre \u00e0 s\u00e9curiser vos flux industriels gr\u00e2ce \u00e0 nos produits ? Alors notre formation Certified Stormshield Network Operational Technology (CSNOT) s'adresse \u00e0 vous. Dispens\u00e9e sur un jour, elle requiert d'avoir obtenu la certification CSNA depuis moins de trois ans.<\/span>[\/vc_column_text][vc_empty_space]<a  itemprop=\"url\" href=\"https:\/\/www.stormshield.com\/fr\/besoin-accompagnement\/services\/formations\/formation-industrielle\/formation-csnot\/\" target=\"_blank\" data-hover-background-color=\"#d23467\" data-hover-border-color=\"#ffffff\" class=\"qbutton  white enlarge\" style=\"border-color: #ffffff; background-color:#060051;\">CSNOT<i class=\"qode_icon_font_awesome fa fa-angle-right qode_button_icon_element\"><\/i><\/a>[\/vc_column_inner][\/vc_row_inner][\/vc_column][\/vc_row][vc_row css_animation=\"\" row_type=\"row\" use_row_as_full_screen_section=\"no\" type=\"grid\" angled_section=\"no\" text_align=\"left\" background_image_as_pattern=\"without_pattern\" z_index=\"\" padding_top=\"50\" padding_bottom=\"50\"][vc_column width=\"2\/3\"][vc_empty_space][vc_column_text]<\/p>\n<h2 style=\"text-align: left;\"><span style=\"color: #000; font-size: 1.2em; font-weight: 900;\">Kits de re-certification<\/span><\/h2>\n<p><span style=\"color: #000; font-size: 1.1em;\">Comme pour tout bon logiciel, une mise \u00e0 jour de votre expertise r\u00e9seaux OT\/s\u00e9curit\u00e9 s'imposera avant le troisi\u00e8me anniversaire de votre certification. Vous pourrez la faire gr\u00e2ce \u00e0 nos kits en ligne de re-certification qui permettent de renouveler votre certification pour trois ann\u00e9es suppl\u00e9mentaires.<\/span>[\/vc_column_text][vc_empty_space]<a  itemprop=\"url\" href=\"https:\/\/www.stormshield.com\/fr\/contact\/formation\/\" target=\"_blank\" data-hover-background-color=\"#d23467\" data-hover-border-color=\"#ffffff\" class=\"qbutton  white enlarge\" style=\"border-color: #ffffff; background-color:#060051;\">Contact<i class=\"qode_icon_font_awesome fa fa-angle-right qode_button_icon_element\"><\/i><\/a>[vc_empty_space][\/vc_column][vc_column width=\"1\/3\" css=\".vc_custom_1699970948115{padding-right: 12px !important;padding-left: 12px !important;background-color: #f9f9f9 !important;}\"][vc_column_text]<\/p>\n<h2 style=\"text-align: left;\"><span style=\"color: #000; font-size: 1.2em; font-weight: 900;\">Calendrier<\/span><\/h2>\n<p><span style=\"color: #000; font-size: 1.1em;\">Vous souhaitez conna\u00eetre les dates des formations d\u00e9di\u00e9es \u00e0 la protection des r\u00e9seaux industriels\u00a0? D\u00e9couvrez notre calendrier des formations OT.<\/span>[\/vc_column_text][vc_empty_space]<a  itemprop=\"url\" href=\"https:\/\/www.stormshield.com\/fr\/besoin-accompagnement\/services\/formations\/calendrier-des-formations\/\" target=\"_blank\" data-hover-background-color=\"#d23467\" data-hover-border-color=\"#ffffff\" class=\"qbutton  white enlarge\" style=\"border-color: #ffffff; background-color:#060051;\">Calendrier<i class=\"qode_icon_font_awesome fa fa-angle-right qode_button_icon_element\"><\/i><\/a>[vc_empty_space][\/vc_column][\/vc_row]<\/p>\n<\/div>","protected":false},"excerpt":{"rendered":"<p>[vc_row css_animation=\u00a0\u00bb\u00a0\u00bb row_type=\u00a0\u00bbrow\u00a0\u00bb use_row_as_full_screen_section=\u00a0\u00bbno\u00a0\u00bb type=\u00a0\u00bbgrid\u00a0\u00bb angled_section=\u00a0\u00bbno\u00a0\u00bb text_align=\u00a0\u00bbleft\u00a0\u00bb background_image_as_pattern=\u00a0\u00bbwithout_pattern\u00a0\u00bb z_index=\u00a0\u00bb\u00a0\u00bb padding_top=\u00a0\u00bb50&Prime; padding_bottom=\u00a0\u00bb50&Prime;][vc_column][vc_empty_space][vc_column_text] Formations OT : la s\u00e9curit\u00e9 r\u00e9seau dans votre environnement op\u00e9rationnel [\/vc_column_text][vc_empty_space][\/vc_column][\/vc_row][vc_row css_animation=\u00a0\u00bb\u00a0\u00bb row_type=\u00a0\u00bbrow\u00a0\u00bb use_row_as_full_screen_section=\u00a0\u00bbno\u00a0\u00bb type=\u00a0\u00bbgrid\u00a0\u00bb angled_section=\u00a0\u00bbno\u00a0\u00bb text_align=\u00a0\u00bbleft\u00a0\u00bb background_image_as_pattern=\u00a0\u00bbwithout_pattern\u00a0\u00bb z_index=\u00a0\u00bb\u00a0\u00bb][vc_column width=\u00a0\u00bb2\/3&Prime;][vc_column_text css=\u00a0\u00bb\u00a0\u00bb]Apprenez comment int\u00e9grer et configurer nos produits au sein d\u2019architectures op\u00e9rationnelles et industrielles. Chez&#8230;<\/p>\n","protected":false},"author":31,"featured_media":0,"parent":10921,"menu_order":291,"comment_status":"closed","ping_status":"closed","template":"full_width.php","meta":{"_acf_changed":false,"footnotes":""},"class_list":["post-195268","page","type-page","status-publish","hentry"],"acf":[],"yoast_head":"<!-- This site is optimized with the Yoast SEO plugin v27.0 - https:\/\/yoast.com\/product\/yoast-seo-wordpress\/ -->\n<title>Formations OT : formations certifiantes en cybers\u00e9curit\u00e9<\/title>\n<meta name=\"description\" content=\"S\u00e9curit\u00e9 des r\u00e9seaux dans un environnement op\u00e9rationnel : apprenez \u00e0 int\u00e9grer et \u00e0 configurer les produits Stormshield avec nos formations.\" \/>\n<meta name=\"robots\" content=\"index, follow, max-snippet:-1, max-image-preview:large, max-video-preview:-1\" \/>\n<link rel=\"canonical\" href=\"https:\/\/www.stormshield.com\/fr\/besoin-accompagnement\/services\/formations\/formation-industrielle\/\" \/>\n<meta property=\"og:locale\" content=\"fr_FR\" \/>\n<meta property=\"og:type\" content=\"article\" \/>\n<meta property=\"og:title\" content=\"Formations OT : formations certifiantes en cybers\u00e9curit\u00e9\" \/>\n<meta property=\"og:description\" content=\"S\u00e9curit\u00e9 des r\u00e9seaux dans un environnement op\u00e9rationnel : apprenez \u00e0 int\u00e9grer et \u00e0 configurer les produits Stormshield avec nos formations.\" \/>\n<meta property=\"og:url\" content=\"https:\/\/www.stormshield.com\/fr\/besoin-accompagnement\/services\/formations\/formation-industrielle\/\" \/>\n<meta property=\"og:site_name\" content=\"Stormshield\" \/>\n<meta property=\"article:modified_time\" content=\"2025-09-03T14:27:06+00:00\" \/>\n<meta property=\"og:image\" content=\"https:\/\/www.stormshield.com\/wp-content\/uploads\/stormshield_logo.png\" \/>\n\t<meta property=\"og:image:width\" content=\"204\" \/>\n\t<meta property=\"og:image:height\" content=\"94\" \/>\n\t<meta property=\"og:image:type\" content=\"image\/png\" \/>\n<meta name=\"twitter:card\" content=\"summary_large_image\" \/>\n<meta name=\"twitter:site\" content=\"@Stormshield\" \/>\n<meta name=\"twitter:label1\" content=\"Dur\u00e9e de lecture estim\u00e9e\" \/>\n\t<meta name=\"twitter:data1\" content=\"2 minutes\" \/>\n<script type=\"application\/ld+json\" class=\"yoast-schema-graph\">{\"@context\":\"https:\/\/schema.org\",\"@graph\":[{\"@type\":\"WebPage\",\"@id\":\"https:\/\/www.stormshield.com\/fr\/besoin-accompagnement\/services\/formations\/formation-industrielle\/\",\"url\":\"https:\/\/www.stormshield.com\/fr\/besoin-accompagnement\/services\/formations\/formation-industrielle\/\",\"name\":\"Formations OT : formations certifiantes en cybers\u00e9curit\u00e9\",\"isPartOf\":{\"@id\":\"https:\/\/www.stormshield.com\/fr\/#website\"},\"datePublished\":\"2020-08-21T08:38:19+00:00\",\"dateModified\":\"2025-09-03T14:27:06+00:00\",\"description\":\"S\u00e9curit\u00e9 des r\u00e9seaux dans un environnement op\u00e9rationnel : apprenez \u00e0 int\u00e9grer et \u00e0 configurer les produits Stormshield avec nos formations.\",\"breadcrumb\":{\"@id\":\"https:\/\/www.stormshield.com\/fr\/besoin-accompagnement\/services\/formations\/formation-industrielle\/#breadcrumb\"},\"inLanguage\":\"fr-FR\",\"potentialAction\":[{\"@type\":\"ReadAction\",\"target\":[\"https:\/\/www.stormshield.com\/fr\/besoin-accompagnement\/services\/formations\/formation-industrielle\/\"]}]},{\"@type\":\"BreadcrumbList\",\"@id\":\"https:\/\/www.stormshield.com\/fr\/besoin-accompagnement\/services\/formations\/formation-industrielle\/#breadcrumb\",\"itemListElement\":[{\"@type\":\"ListItem\",\"position\":1,\"name\":\"Home\",\"item\":\"https:\/\/www.stormshield.com\/fr\/\"},{\"@type\":\"ListItem\",\"position\":2,\"name\":\"Notre accompagnement\",\"item\":\"https:\/\/www.stormshield.com\/fr\/besoin-accompagnement\/\"},{\"@type\":\"ListItem\",\"position\":3,\"name\":\"Services\",\"item\":\"https:\/\/www.stormshield.com\/fr\/besoin-accompagnement\/services\/\"},{\"@type\":\"ListItem\",\"position\":4,\"name\":\"Formations\",\"item\":\"https:\/\/www.stormshield.com\/fr\/besoin-accompagnement\/services\/formations\/\"},{\"@type\":\"ListItem\",\"position\":5,\"name\":\"Formations OT\"}]},{\"@type\":\"WebSite\",\"@id\":\"https:\/\/www.stormshield.com\/fr\/#website\",\"url\":\"https:\/\/www.stormshield.com\/fr\/\",\"name\":\"Stormshield\",\"description\":\"Stormshield\",\"potentialAction\":[{\"@type\":\"SearchAction\",\"target\":{\"@type\":\"EntryPoint\",\"urlTemplate\":\"https:\/\/www.stormshield.com\/fr\/?s={search_term_string}\"},\"query-input\":{\"@type\":\"PropertyValueSpecification\",\"valueRequired\":true,\"valueName\":\"search_term_string\"}}],\"inLanguage\":\"fr-FR\"}]}<\/script>\n<!-- \/ Yoast SEO plugin. -->","yoast_head_json":{"title":"Formations OT : formations certifiantes en cybers\u00e9curit\u00e9","description":"S\u00e9curit\u00e9 des r\u00e9seaux dans un environnement op\u00e9rationnel : apprenez \u00e0 int\u00e9grer et \u00e0 configurer les produits Stormshield avec nos formations.","robots":{"index":"index","follow":"follow","max-snippet":"max-snippet:-1","max-image-preview":"max-image-preview:large","max-video-preview":"max-video-preview:-1"},"canonical":"https:\/\/www.stormshield.com\/fr\/besoin-accompagnement\/services\/formations\/formation-industrielle\/","og_locale":"fr_FR","og_type":"article","og_title":"Formations OT : formations certifiantes en cybers\u00e9curit\u00e9","og_description":"S\u00e9curit\u00e9 des r\u00e9seaux dans un environnement op\u00e9rationnel : apprenez \u00e0 int\u00e9grer et \u00e0 configurer les produits Stormshield avec nos formations.","og_url":"https:\/\/www.stormshield.com\/fr\/besoin-accompagnement\/services\/formations\/formation-industrielle\/","og_site_name":"Stormshield","article_modified_time":"2025-09-03T14:27:06+00:00","og_image":[{"width":204,"height":94,"url":"https:\/\/www.stormshield.com\/wp-content\/uploads\/stormshield_logo.png","type":"image\/png"}],"twitter_card":"summary_large_image","twitter_site":"@Stormshield","twitter_misc":{"Dur\u00e9e de lecture estim\u00e9e":"2 minutes"},"schema":{"@context":"https:\/\/schema.org","@graph":[{"@type":"WebPage","@id":"https:\/\/www.stormshield.com\/fr\/besoin-accompagnement\/services\/formations\/formation-industrielle\/","url":"https:\/\/www.stormshield.com\/fr\/besoin-accompagnement\/services\/formations\/formation-industrielle\/","name":"Formations OT : formations certifiantes en cybers\u00e9curit\u00e9","isPartOf":{"@id":"https:\/\/www.stormshield.com\/fr\/#website"},"datePublished":"2020-08-21T08:38:19+00:00","dateModified":"2025-09-03T14:27:06+00:00","description":"S\u00e9curit\u00e9 des r\u00e9seaux dans un environnement op\u00e9rationnel : apprenez \u00e0 int\u00e9grer et \u00e0 configurer les produits Stormshield avec nos formations.","breadcrumb":{"@id":"https:\/\/www.stormshield.com\/fr\/besoin-accompagnement\/services\/formations\/formation-industrielle\/#breadcrumb"},"inLanguage":"fr-FR","potentialAction":[{"@type":"ReadAction","target":["https:\/\/www.stormshield.com\/fr\/besoin-accompagnement\/services\/formations\/formation-industrielle\/"]}]},{"@type":"BreadcrumbList","@id":"https:\/\/www.stormshield.com\/fr\/besoin-accompagnement\/services\/formations\/formation-industrielle\/#breadcrumb","itemListElement":[{"@type":"ListItem","position":1,"name":"Home","item":"https:\/\/www.stormshield.com\/fr\/"},{"@type":"ListItem","position":2,"name":"Notre accompagnement","item":"https:\/\/www.stormshield.com\/fr\/besoin-accompagnement\/"},{"@type":"ListItem","position":3,"name":"Services","item":"https:\/\/www.stormshield.com\/fr\/besoin-accompagnement\/services\/"},{"@type":"ListItem","position":4,"name":"Formations","item":"https:\/\/www.stormshield.com\/fr\/besoin-accompagnement\/services\/formations\/"},{"@type":"ListItem","position":5,"name":"Formations OT"}]},{"@type":"WebSite","@id":"https:\/\/www.stormshield.com\/fr\/#website","url":"https:\/\/www.stormshield.com\/fr\/","name":"Stormshield","description":"Stormshield","potentialAction":[{"@type":"SearchAction","target":{"@type":"EntryPoint","urlTemplate":"https:\/\/www.stormshield.com\/fr\/?s={search_term_string}"},"query-input":{"@type":"PropertyValueSpecification","valueRequired":true,"valueName":"search_term_string"}}],"inLanguage":"fr-FR"}]}},"_links":{"self":[{"href":"https:\/\/www.stormshield.com\/fr\/wp-json\/wp\/v2\/pages\/195268","targetHints":{"allow":["GET"]}}],"collection":[{"href":"https:\/\/www.stormshield.com\/fr\/wp-json\/wp\/v2\/pages"}],"about":[{"href":"https:\/\/www.stormshield.com\/fr\/wp-json\/wp\/v2\/types\/page"}],"author":[{"embeddable":true,"href":"https:\/\/www.stormshield.com\/fr\/wp-json\/wp\/v2\/users\/31"}],"replies":[{"embeddable":true,"href":"https:\/\/www.stormshield.com\/fr\/wp-json\/wp\/v2\/comments?post=195268"}],"version-history":[{"count":22,"href":"https:\/\/www.stormshield.com\/fr\/wp-json\/wp\/v2\/pages\/195268\/revisions"}],"predecessor-version":[{"id":668426,"href":"https:\/\/www.stormshield.com\/fr\/wp-json\/wp\/v2\/pages\/195268\/revisions\/668426"}],"up":[{"embeddable":true,"href":"https:\/\/www.stormshield.com\/fr\/wp-json\/wp\/v2\/pages\/10921"}],"wp:attachment":[{"href":"https:\/\/www.stormshield.com\/fr\/wp-json\/wp\/v2\/media?parent=195268"}],"curies":[{"name":"wp","href":"https:\/\/api.w.org\/{rel}","templated":true}]}}