{"id":151681,"date":"2019-08-26T11:12:26","date_gmt":"2019-08-26T10:12:26","guid":{"rendered":"https:\/\/www.stormshield.com\/?page_id=151681"},"modified":"2025-08-27T13:10:30","modified_gmt":"2025-08-27T12:10:30","slug":"spring-brain","status":"publish","type":"page","link":"https:\/\/www.stormshield.com\/fr\/spring-brain\/","title":{"rendered":"Participe au Stormshield Spring Brain"},"content":{"rendered":"<div class=\"wpb-content-wrapper\"><p>[vc_row row_type=\"parallax\" parallax_content_width=\"in_grid\" in_content_menu=\"in_content_menu\" content_menu_icon=\"\" text_align=\"left\" full_screen_section_height=\"yes\" vertically_align_content_in_middle=\"yes\" background_image=\"160950\"][vc_column][vc_row_inner row_type=\"row\" type=\"full_width\" text_align=\"left\" css_animation=\"\"][vc_column_inner width=\"1\/2\"][vc_single_image image=\"144307\" img_size=\"medium\" qode_css_animation=\"\"][vc_empty_space][vc_column_text css=\"\"]<\/p>\n<h1 style=\"text-align: left;\"><span style=\"color: #ffffff;\"><span style=\"font-weight: 300; font-size: 2.2em;\">Grand Jeu <\/span><span style=\"font-weight: 900; font-size: 2.2em;\">Spring Brain<\/span><\/span><\/h1>\n<p><span style=\"color: #ffffff; font-size: 1.1em;\">Rendez-vous \u00e0 la rentr\u00e9e pour l'\u00e9dition 2026. Qui gagnera 3\u00a0jours de formation expert CSNE\u00a0?<\/span>[\/vc_column_text][\/vc_column_inner][vc_column_inner width=\"1\/2\"][vc_single_image image=\"161007\" img_size=\"medium\" alignment=\"center\" qode_css_animation=\"\"][\/vc_column_inner][\/vc_row_inner][\/vc_column][\/vc_row][vc_row css_animation=\"\" row_type=\"row\" use_row_as_full_screen_section=\"no\" type=\"grid\" angled_section=\"no\" text_align=\"left\" background_image_as_pattern=\"without_pattern\" z_index=\"\" padding_top=\"50\" padding_bottom=\"50\"][vc_column][vc_row_inner row_type=\"row\" type=\"full_width\" text_align=\"left\" css_animation=\"\"][vc_column_inner][vc_column_text css=\"\"]<\/p>\n<h2><span style=\"color: #000; font-size: 1.2em; font-weight: 900;\">Tu suis la formation Stormshield CSNA dans un \u00e9tablissement Stormshield Academy\u00a0?<\/span><\/h2>\n<p><span style=\"color: #000; font-size: 1.1em;\">Valides ton examen CSNA et tu seras automatiquement inscrit \u00e0 la prochaine \u00e9dition du concours Spring Brain, \u00e9dition 2026. <strong>Un grand quiz pour gagner 3\u00a0jours de formation expert <a style=\"color: #000000;\" href=\"https:\/\/www.stormshield.com\/fr\/besoin-accompagnement\/services\/formations\/sns\/formation-csne\/\">CSNE<\/a><\/strong> dans nos locaux et un an d'abonnement de formation cybers\u00e9curit\u00e9 avec <a style=\"color: #000000;\" href=\"https:\/\/www.seela.io\/particulier\/home\" target=\"_blank\" rel=\"noopener\">Seela<\/a>.<\/span><\/p>\n<p><span style=\"color: #000; font-size: 1.1em;\">Envie d'en savoir davantage ? Laissons la parole \u00e0 plusieurs participants au concours Spring Brain dans ces vid\u00e9os.<\/span>[\/vc_column_text][vc_empty_space][\/vc_column_inner][\/vc_row_inner][vc_row_inner row_type=\"row\" type=\"full_width\" text_align=\"left\" css_animation=\"\"][vc_column_inner width=\"1\/3\"][vc_empty_space][vc_video link=\"https:\/\/youtu.be\/FVzYb_Sotns\"][vc_empty_space][\/vc_column_inner][vc_column_inner width=\"1\/3\"][vc_empty_space][vc_video link=\"https:\/\/youtu.be\/RttyLPzrhvs\"][vc_empty_space][\/vc_column_inner][vc_column_inner width=\"1\/3\"][vc_empty_space][vc_video link=\"https:\/\/youtu.be\/g_fxvUqukrM\" css=\"\"][vc_empty_space][\/vc_column_inner][\/vc_row_inner][\/vc_column][\/vc_row][vc_row css_animation=\"\" row_type=\"row\" use_row_as_full_screen_section=\"no\" type=\"grid\" angled_section=\"no\" text_align=\"center\" background_image_as_pattern=\"without_pattern\" z_index=\"\" padding_top=\"100\" padding_bottom=\"100\" background_image=\"151817\"][vc_column][vc_row_inner row_type=\"row\" type=\"full_width\" text_align=\"left\" css_animation=\"\"][vc_column_inner][vc_empty_space][vc_column_text css=\"\"]<\/p>\n<p style=\"text-align: center;\"><span style=\"color: #ffffff; font-size: 1.5em;\"><strong>L'\u00e9dition 2025 s'est achev\u00e9e avec la victoire finale de Jules Diaz, de l'EPITA,<\/strong> qui valide l'examen CSNE \u00e0 plus de 90%\u00a0!\u00a0Un grand bravo \u00e9galement \u00e0 J\u00e9r\u00e9my Rigois, du GRETA Ard\u00e8che-Dr\u00f4me, et Arnaud Gaillard, de l'IUT d'Aix-Marseille, qui compl\u00e8tent le podium, ainsi qu'aux autres \u00e9coles partenaires Stormshield Academy.<\/span><\/p>\n<p>[\/vc_column_text][vc_empty_space][vc_column_text css=\"\"]<\/p>\n<p style=\"text-align: center;\"><span style=\"color: #ffffff; font-size: 1.5em;\"><strong>Rendez-vous d\u00e9sormais le mercredi 13 mai 2026,<\/strong> \u00e0 18h, pour la nouvelle \u00e9dition du Spring Brain.<\/span><\/p>\n<p>[\/vc_column_text][vc_empty_space]<div class='countdown hide_separator' id='countdown2575' style=\"color:#FFFFFF;font-weight:900\" data-year = 2026 data-month = 5 data-day = 13 data-hour = 17 data-minute = 0 data-monthsLabel = Mois data-daysLabel = Jours data-hoursLabel = Heures data-minutesLabel = Minutes data-secondsLabel = Secondes data-monthLabel = Mois data-dayLabel = Jour data-hourLabel = Heure data-minuteLabel = Minute data-secondLabel = Seconde data-tickf = setCountdownStyle2575 data-timezone = 1 data-color = #FFFFFF><\/div>[vc_empty_space][\/vc_column_inner][\/vc_row_inner][\/vc_column][\/vc_row][vc_row css_animation=\"\" row_type=\"row\" use_row_as_full_screen_section=\"no\" type=\"grid\" angled_section=\"no\" text_align=\"center\" background_image_as_pattern=\"without_pattern\" z_index=\"\" el_class=\"fond_gris\" padding_top=\"100\" padding_bottom=\"100\"][vc_column][vc_row_inner row_type=\"row\" type=\"full_width\" text_align=\"left\" css_animation=\"\"][vc_column_inner width=\"1\/2\"][vc_column_text css=\"\"]<\/p>\n<h2><span style=\"color: #000; font-size: 1.2em; font-weight: 900;\">Envie d'inscrire ton nom au palmar\u00e8s\u00a0?<\/span><\/h2>\n<p><span style=\"color: #000; font-size: 1.1em;\">En attendant l'\u00e9dition 2026 du Spring Brain, retrouve la liste des pr\u00e9c\u00e9dents gagnants du concours :<\/span><\/p>\n<ul>\n<li style=\"text-align: left;\"><span style=\"color: #000000; font-size: 1.1em;\">2025 - Jules Diaz, <a style=\"color: #000000;\" href=\"https:\/\/www.epita.fr\/\" target=\"_blank\" rel=\"noopener\">EPITA<\/a><\/span><\/li>\n<li style=\"text-align: left;\"><span style=\"color: #000000; font-size: 1.1em;\">2024 - Mathieu Rialland, <a style=\"color: #000000;\" href=\"https:\/\/iut.univ-amu.fr\/fr\" target=\"_blank\" rel=\"noopener\">IUT d'Aix-Marseille<\/a><\/span><\/li>\n<li style=\"text-align: left;\"><span style=\"color: #000000; font-size: 1.1em;\">2023 - Mike Da Silva, <a style=\"color: #000000;\" href=\"https:\/\/www.linkedin.com\/company\/eni-ecole-informatique\/\" target=\"_blank\" rel=\"noopener\">ENI Ecole Informatique<\/a><\/span><\/li>\n<li style=\"text-align: left;\"><span style=\"color: #000000; font-size: 1.1em;\">2022 - Thomas Le Moal, <a style=\"color: #000000;\" href=\"https:\/\/www.linkedin.com\/company\/ensibs\/\" target=\"_blank\" rel=\"noopener\">ENSIBS<\/a><\/span><\/li>\n<li style=\"text-align: left;\"><span style=\"color: #000000; font-size: 1.1em;\">2021 - Manoah Lesueur, <a style=\"color: #000000;\" href=\"https:\/\/www.linkedin.com\/school\/universite-de-savoie\/\" target=\"_blank\" rel=\"noopener\">Universit\u00e9 Savoie Mont Blanc<\/a><\/span><\/li>\n<\/ul>\n<p>[\/vc_column_text][\/vc_column_inner][vc_column_inner width=\"1\/2\"][vc_empty_space][vc_video link=\"https:\/\/youtu.be\/W81hg11GIOE\"][\/vc_column_inner][\/vc_row_inner][\/vc_column][\/vc_row][vc_row css_animation=\"\" row_type=\"row\" use_row_as_full_screen_section=\"no\" type=\"grid\" angled_section=\"no\" text_align=\"center\" background_image_as_pattern=\"without_pattern\" z_index=\"\" padding_top=\"100\" padding_bottom=\"100\"][vc_column][vc_row_inner row_type=\"row\" type=\"full_width\" text_align=\"left\" css_animation=\"\"][vc_column_inner width=\"2\/3\"][vc_column_text]<span style=\"color: #000; font-size: 1.1em;\">Un jeu organis\u00e9 avec nos partenaires Airbus et Seela.<\/span>[\/vc_column_text][vc_empty_space]<a  itemprop=\"url\" href=\"https:\/\/www.stormshield.com\/wp-content\/uploads\/2026_Reglement_spring_brain.pdf\" target=\"_blank\"  class=\"qbutton  enlarge\" style=\"\">Acc\u00e9dez au r\u00e8glement du jeu<i class=\"qode_icon_font_awesome fa fa-angle-right qode_button_icon_element\"><\/i><\/a>[vc_empty_space][\/vc_column_inner][vc_column_inner width=\"1\/3\"][vc_column_text]<img loading=\"lazy\" decoding=\"async\" class=\"alignnone wp-image-241685 size-full\" src=\"https:\/\/www.stormshield.com\/wp-content\/uploads\/logo-airbus-e1636365814989.png\" alt=\"\" width=\"150\" height=\"32\" \/><\/p>\n<p><img loading=\"lazy\" decoding=\"async\" class=\"alignnone size-full wp-image-241686\" src=\"https:\/\/www.stormshield.com\/wp-content\/uploads\/plan-de-travail-1-e1636365885522.png\" alt=\"\" width=\"150\" height=\"51\" \/>[\/vc_column_text][\/vc_column_inner][\/vc_row_inner][\/vc_column][\/vc_row][vc_row row_type=\"parallax\" parallax_content_width=\"in_grid\" text_align=\"left\" full_screen_section_height=\"yes\" vertically_align_content_in_middle=\"yes\" background_image=\"109400\"][vc_column][vc_row_inner row_type=\"row\" type=\"full_width\" text_align=\"left\" css_animation=\"\"][vc_column_inner width=\"1\/2\"][vc_single_image image=\"109492\" img_size=\"full\" qode_css_animation=\"\"][vc_column_text css=\"\"]<\/p>\n<p style=\"text-align: left;\"><span style=\"color: #000; font-size: 0.9em;\">Stormshield, filiale \u00e0 100% d\u2019Airbus Defence and Space Cyber Programmes, propose des solutions de s\u00e9curit\u00e9 de bout-en-bout innovantes pour prot\u00e9ger les r\u00e9seaux (Stormshield Network Security), les postes de travail (Stormshield Endpoint Security) et les donn\u00e9es (Stormshield Data Security).<\/span><\/p>\n<p style=\"text-align: left;\"><a href=\"https:\/\/www.stormshield.com\/fr\/\" target=\"_blank\" rel=\"noopener noreferrer\"><span style=\"color: #00aeef; font-size: 1.4em;\">www.stormshield.com<\/span><\/a><\/p>\n<p>[\/vc_column_text][\/vc_column_inner][vc_column_inner width=\"1\/2\"][vc_single_image image=\"109687\" img_size=\"full\" qode_css_animation=\"\"][\/vc_column_inner][\/vc_row_inner][\/vc_column][\/vc_row]<\/p>\n<\/div>","protected":false},"excerpt":{"rendered":"<p>[vc_row row_type=\u00a0\u00bbparallax\u00a0\u00bb parallax_content_width=\u00a0\u00bbin_grid\u00a0\u00bb in_content_menu=\u00a0\u00bbin_content_menu\u00a0\u00bb content_menu_icon=\u00a0\u00bb\u00a0\u00bb text_align=\u00a0\u00bbleft\u00a0\u00bb full_screen_section_height=\u00a0\u00bbyes\u00a0\u00bb vertically_align_content_in_middle=\u00a0\u00bbyes\u00a0\u00bb background_image=\u00a0\u00bb160950&Prime;][vc_column][vc_row_inner row_type=\u00a0\u00bbrow\u00a0\u00bb type=\u00a0\u00bbfull_width\u00a0\u00bb text_align=\u00a0\u00bbleft\u00a0\u00bb css_animation=\u00a0\u00bb\u00a0\u00bb][vc_column_inner width=\u00a0\u00bb1\/2&Prime;][vc_single_image image=\u00a0\u00bb144307&Prime; img_size=\u00a0\u00bbmedium\u00a0\u00bb qode_css_animation=\u00a0\u00bb\u00a0\u00bb][vc_empty_space][vc_column_text css=\u00a0\u00bb\u00a0\u00bb] Grand Jeu Spring Brain Rendez-vous \u00e0 la rentr\u00e9e pour l&rsquo;\u00e9dition 2026. Qui gagnera 3\u00a0jours de formation expert CSNE\u00a0?[\/vc_column_text][\/vc_column_inner][vc_column_inner width=\u00a0\u00bb1\/2&Prime;][vc_single_image image=\u00a0\u00bb161007&Prime; img_size=\u00a0\u00bbmedium\u00a0\u00bb alignment=\u00a0\u00bbcenter\u00a0\u00bb qode_css_animation=\u00a0\u00bb\u00a0\u00bb][\/vc_column_inner][\/vc_row_inner][\/vc_column][\/vc_row][vc_row css_animation=\u00a0\u00bb\u00a0\u00bb row_type=\u00a0\u00bbrow\u00a0\u00bb use_row_as_full_screen_section=\u00a0\u00bbno\u00a0\u00bb type=\u00a0\u00bbgrid\u00a0\u00bb&#8230;<\/p>\n","protected":false},"author":9,"featured_media":156333,"parent":0,"menu_order":417,"comment_status":"closed","ping_status":"closed","template":"landing_page.php","meta":{"_acf_changed":false,"footnotes":""},"class_list":["post-151681","page","type-page","status-publish","has-post-thumbnail","hentry"],"acf":[],"yoast_head":"<!-- This site is optimized with the Yoast SEO plugin v27.3 - https:\/\/yoast.com\/product\/yoast-seo-wordpress\/ -->\n<title>Spring Brain : des formations Stormshield \u00e0 gagner<\/title>\n<meta name=\"description\" content=\"Un concours pour les \u00e9tudiants pour gagner une formation CSNE Stormshield. Concours Spring Brain : \u00e0 qui le tour ?\" \/>\n<meta name=\"robots\" content=\"index, follow, max-snippet:-1, max-image-preview:large, max-video-preview:-1\" \/>\n<link rel=\"canonical\" href=\"https:\/\/www.stormshield.com\/fr\/spring-brain\/\" \/>\n<meta property=\"og:locale\" content=\"fr_FR\" \/>\n<meta property=\"og:type\" content=\"article\" \/>\n<meta property=\"og:title\" content=\"Spring Brain : des formations Stormshield \u00e0 gagner\" \/>\n<meta property=\"og:description\" content=\"Un concours pour les \u00e9tudiants pour gagner une formation CSNE Stormshield. Concours Spring Brain : \u00e0 qui le tour ?\" \/>\n<meta property=\"og:url\" content=\"https:\/\/www.stormshield.com\/fr\/spring-brain\/\" \/>\n<meta property=\"og:site_name\" content=\"Stormshield\" \/>\n<meta property=\"article:modified_time\" content=\"2025-08-27T12:10:30+00:00\" \/>\n<meta property=\"og:image\" content=\"https:\/\/www.stormshield.com\/wp-content\/uploads\/stormshield-training-springbrain-poster-lp.jpg\" \/>\n\t<meta property=\"og:image:width\" content=\"1920\" \/>\n\t<meta property=\"og:image:height\" content=\"1080\" \/>\n\t<meta property=\"og:image:type\" content=\"image\/jpeg\" \/>\n<meta name=\"twitter:card\" content=\"summary_large_image\" \/>\n<meta name=\"twitter:site\" content=\"@Stormshield\" \/>\n<meta name=\"twitter:label1\" content=\"Dur\u00e9e de lecture estim\u00e9e\" \/>\n\t<meta name=\"twitter:data1\" content=\"4 minutes\" \/>\n<script type=\"application\/ld+json\" class=\"yoast-schema-graph\">{\"@context\":\"https:\\\/\\\/schema.org\",\"@graph\":[{\"@type\":\"WebPage\",\"@id\":\"https:\\\/\\\/www.stormshield.com\\\/fr\\\/spring-brain\\\/\",\"url\":\"https:\\\/\\\/www.stormshield.com\\\/fr\\\/spring-brain\\\/\",\"name\":\"Spring Brain : des formations Stormshield \u00e0 gagner\",\"isPartOf\":{\"@id\":\"https:\\\/\\\/www.stormshield.com\\\/fr\\\/#website\"},\"primaryImageOfPage\":{\"@id\":\"https:\\\/\\\/www.stormshield.com\\\/fr\\\/spring-brain\\\/#primaryimage\"},\"image\":{\"@id\":\"https:\\\/\\\/www.stormshield.com\\\/fr\\\/spring-brain\\\/#primaryimage\"},\"thumbnailUrl\":\"https:\\\/\\\/www.stormshield.com\\\/wp-content\\\/uploads\\\/stormshield-training-springbrain-poster-lp.jpg\",\"datePublished\":\"2019-08-26T10:12:26+00:00\",\"dateModified\":\"2025-08-27T12:10:30+00:00\",\"description\":\"Un concours pour les \u00e9tudiants pour gagner une formation CSNE Stormshield. Concours Spring Brain : \u00e0 qui le tour ?\",\"breadcrumb\":{\"@id\":\"https:\\\/\\\/www.stormshield.com\\\/fr\\\/spring-brain\\\/#breadcrumb\"},\"inLanguage\":\"fr-FR\",\"potentialAction\":[{\"@type\":\"ReadAction\",\"target\":[\"https:\\\/\\\/www.stormshield.com\\\/fr\\\/spring-brain\\\/\"]}]},{\"@type\":\"ImageObject\",\"inLanguage\":\"fr-FR\",\"@id\":\"https:\\\/\\\/www.stormshield.com\\\/fr\\\/spring-brain\\\/#primaryimage\",\"url\":\"https:\\\/\\\/www.stormshield.com\\\/wp-content\\\/uploads\\\/stormshield-training-springbrain-poster-lp.jpg\",\"contentUrl\":\"https:\\\/\\\/www.stormshield.com\\\/wp-content\\\/uploads\\\/stormshield-training-springbrain-poster-lp.jpg\",\"width\":1920,\"height\":1080},{\"@type\":\"BreadcrumbList\",\"@id\":\"https:\\\/\\\/www.stormshield.com\\\/fr\\\/spring-brain\\\/#breadcrumb\",\"itemListElement\":[{\"@type\":\"ListItem\",\"position\":1,\"name\":\"Home\",\"item\":\"https:\\\/\\\/www.stormshield.com\\\/fr\\\/\"},{\"@type\":\"ListItem\",\"position\":2,\"name\":\"Participe au Stormshield Spring Brain\"}]},{\"@type\":\"WebSite\",\"@id\":\"https:\\\/\\\/www.stormshield.com\\\/fr\\\/#website\",\"url\":\"https:\\\/\\\/www.stormshield.com\\\/fr\\\/\",\"name\":\"Stormshield\",\"description\":\"Stormshield\",\"potentialAction\":[{\"@type\":\"SearchAction\",\"target\":{\"@type\":\"EntryPoint\",\"urlTemplate\":\"https:\\\/\\\/www.stormshield.com\\\/fr\\\/?s={search_term_string}\"},\"query-input\":{\"@type\":\"PropertyValueSpecification\",\"valueRequired\":true,\"valueName\":\"search_term_string\"}}],\"inLanguage\":\"fr-FR\"}]}<\/script>\n<!-- \/ Yoast SEO plugin. -->","yoast_head_json":{"title":"Spring Brain : des formations Stormshield \u00e0 gagner","description":"Un concours pour les \u00e9tudiants pour gagner une formation CSNE Stormshield. Concours Spring Brain : \u00e0 qui le tour ?","robots":{"index":"index","follow":"follow","max-snippet":"max-snippet:-1","max-image-preview":"max-image-preview:large","max-video-preview":"max-video-preview:-1"},"canonical":"https:\/\/www.stormshield.com\/fr\/spring-brain\/","og_locale":"fr_FR","og_type":"article","og_title":"Spring Brain : des formations Stormshield \u00e0 gagner","og_description":"Un concours pour les \u00e9tudiants pour gagner une formation CSNE Stormshield. Concours Spring Brain : \u00e0 qui le tour ?","og_url":"https:\/\/www.stormshield.com\/fr\/spring-brain\/","og_site_name":"Stormshield","article_modified_time":"2025-08-27T12:10:30+00:00","og_image":[{"width":1920,"height":1080,"url":"https:\/\/www.stormshield.com\/wp-content\/uploads\/stormshield-training-springbrain-poster-lp.jpg","type":"image\/jpeg"}],"twitter_card":"summary_large_image","twitter_site":"@Stormshield","twitter_misc":{"Dur\u00e9e de lecture estim\u00e9e":"4 minutes"},"schema":{"@context":"https:\/\/schema.org","@graph":[{"@type":"WebPage","@id":"https:\/\/www.stormshield.com\/fr\/spring-brain\/","url":"https:\/\/www.stormshield.com\/fr\/spring-brain\/","name":"Spring Brain : des formations Stormshield \u00e0 gagner","isPartOf":{"@id":"https:\/\/www.stormshield.com\/fr\/#website"},"primaryImageOfPage":{"@id":"https:\/\/www.stormshield.com\/fr\/spring-brain\/#primaryimage"},"image":{"@id":"https:\/\/www.stormshield.com\/fr\/spring-brain\/#primaryimage"},"thumbnailUrl":"https:\/\/www.stormshield.com\/wp-content\/uploads\/stormshield-training-springbrain-poster-lp.jpg","datePublished":"2019-08-26T10:12:26+00:00","dateModified":"2025-08-27T12:10:30+00:00","description":"Un concours pour les \u00e9tudiants pour gagner une formation CSNE Stormshield. Concours Spring Brain : \u00e0 qui le tour ?","breadcrumb":{"@id":"https:\/\/www.stormshield.com\/fr\/spring-brain\/#breadcrumb"},"inLanguage":"fr-FR","potentialAction":[{"@type":"ReadAction","target":["https:\/\/www.stormshield.com\/fr\/spring-brain\/"]}]},{"@type":"ImageObject","inLanguage":"fr-FR","@id":"https:\/\/www.stormshield.com\/fr\/spring-brain\/#primaryimage","url":"https:\/\/www.stormshield.com\/wp-content\/uploads\/stormshield-training-springbrain-poster-lp.jpg","contentUrl":"https:\/\/www.stormshield.com\/wp-content\/uploads\/stormshield-training-springbrain-poster-lp.jpg","width":1920,"height":1080},{"@type":"BreadcrumbList","@id":"https:\/\/www.stormshield.com\/fr\/spring-brain\/#breadcrumb","itemListElement":[{"@type":"ListItem","position":1,"name":"Home","item":"https:\/\/www.stormshield.com\/fr\/"},{"@type":"ListItem","position":2,"name":"Participe au Stormshield Spring Brain"}]},{"@type":"WebSite","@id":"https:\/\/www.stormshield.com\/fr\/#website","url":"https:\/\/www.stormshield.com\/fr\/","name":"Stormshield","description":"Stormshield","potentialAction":[{"@type":"SearchAction","target":{"@type":"EntryPoint","urlTemplate":"https:\/\/www.stormshield.com\/fr\/?s={search_term_string}"},"query-input":{"@type":"PropertyValueSpecification","valueRequired":true,"valueName":"search_term_string"}}],"inLanguage":"fr-FR"}]}},"_links":{"self":[{"href":"https:\/\/www.stormshield.com\/fr\/wp-json\/wp\/v2\/pages\/151681","targetHints":{"allow":["GET"]}}],"collection":[{"href":"https:\/\/www.stormshield.com\/fr\/wp-json\/wp\/v2\/pages"}],"about":[{"href":"https:\/\/www.stormshield.com\/fr\/wp-json\/wp\/v2\/types\/page"}],"author":[{"embeddable":true,"href":"https:\/\/www.stormshield.com\/fr\/wp-json\/wp\/v2\/users\/9"}],"replies":[{"embeddable":true,"href":"https:\/\/www.stormshield.com\/fr\/wp-json\/wp\/v2\/comments?post=151681"}],"version-history":[{"count":304,"href":"https:\/\/www.stormshield.com\/fr\/wp-json\/wp\/v2\/pages\/151681\/revisions"}],"predecessor-version":[{"id":668283,"href":"https:\/\/www.stormshield.com\/fr\/wp-json\/wp\/v2\/pages\/151681\/revisions\/668283"}],"wp:featuredmedia":[{"embeddable":true,"href":"https:\/\/www.stormshield.com\/fr\/wp-json\/wp\/v2\/media\/156333"}],"wp:attachment":[{"href":"https:\/\/www.stormshield.com\/fr\/wp-json\/wp\/v2\/media?parent=151681"}],"curies":[{"name":"wp","href":"https:\/\/api.w.org\/{rel}","templated":true}]}}