{"id":11066,"date":"2016-06-03T11:31:49","date_gmt":"2016-06-03T10:31:49","guid":{"rendered":"https:\/\/www.stormshield.com\/fr\/?page_id=11066"},"modified":"2025-10-14T10:50:30","modified_gmt":"2025-10-14T09:50:30","slug":"operateurs-et-mssp","status":"publish","type":"page","link":"https:\/\/www.stormshield.com\/fr\/produits-et-services\/par-secteur-activite\/operateurs-et-mssp\/","title":{"rendered":"Op\u00e9rateurs et MSSP"},"content":{"rendered":"<div class=\"wpb-content-wrapper\"><p>[vc_row css_animation=\"\" row_type=\"row\" use_row_as_full_screen_section=\"no\" type=\"grid\" angled_section=\"no\" text_align=\"left\" background_image_as_pattern=\"without_pattern\" z_index=\"\" padding_top=\"50\" padding_bottom=\"50\"][vc_column][vc_empty_space][vc_column_text]<\/p>\n<h1 style=\"text-align: center;\"><span style=\"color: #00aaf5;\"><span style=\"font-weight: 900; font-size: 1.5em;\">Cybers\u00e9curit\u00e9, op\u00e9rateurs et MSSP<\/span><\/span><span style=\"color: #00aaf5;\"><span style=\"font-weight: 300; font-size: 1.5em;\"> : simplifier la gestion des parcs informatiques et booster l'efficacit\u00e9 op\u00e9rationnelle<\/span><\/span><\/h1>\n<p>[\/vc_column_text][vc_empty_space][\/vc_column][\/vc_row][vc_row css_animation=\"\" row_type=\"row\" use_row_as_full_screen_section=\"no\" type=\"grid\" angled_section=\"no\" text_align=\"left\" background_image_as_pattern=\"without_pattern\" z_index=\"\" padding_top=\"50\" padding_bottom=\"50\"][vc_column][vc_row_inner row_type=\"row\" type=\"full_width\" text_align=\"left\" css_animation=\"\"][vc_column_inner width=\"2\/3\"][vc_column_text css=\"\"]<span style=\"color: #000; font-size: 1.1em;\"><strong>Les op\u00e9rateurs doivent assurer de mani\u00e8re centralis\u00e9e la gestion des \u00e9quipements de s\u00e9curit\u00e9 d\u00e9ploy\u00e9s chez les clients dont ils g\u00e8rent le parc.<\/strong> Stormshield propose une solution et une gamme compl\u00e8te de fonctionnalit\u00e9s de s\u00e9curit\u00e9 r\u00e9seau r\u00e9unies en un seul \u00e9quipement \u00e0 destination des Managed Security Service Provider (<strong>MSSP<\/strong>) pour g\u00e9rer l\u2019ensemble des parcs clients et r\u00e9duire les co\u00fbts d\u2019exploitation.<\/span>[\/vc_column_text][vc_empty_space][\/vc_column_inner][vc_column_inner width=\"1\/3\"][vc_single_image image=\"456288\" alignment=\"center\" css=\"\" qode_css_animation=\"\" qode_hover_animation=\"zoom_in\"][\/vc_column_inner][\/vc_row_inner][\/vc_column][\/vc_row][vc_row css_animation=\"\" row_type=\"row\" use_row_as_full_screen_section=\"no\" type=\"grid\" angled_section=\"no\" text_align=\"left\" background_image_as_pattern=\"without_pattern\" z_index=\"\" padding_bottom=\"50\" el_class=\"fond_gris\" padding_top=\"50\"][vc_column][vc_row_inner row_type=\"row\" type=\"full_width\" text_align=\"left\" css_animation=\"\"][vc_column_inner width=\"2\/3\"][vc_column_text]<\/p>\n<h2><span style=\"color: #000; font-size: 1.2em; font-weight: 900;\">R\u00e9duisez vos co\u00fbts d\u2019exploitation<\/span><\/h2>\n<p><span style=\"color: #000; font-size: 1.1em;\"><strong>Pour mettre tous les atouts de votre c\u00f4t\u00e9 lors de l\u2019intervention de vos techniciens sur site, r\u00e9duisez leurs t\u00e2ches au strict minimum : r\u00e9alisez l\u2019ensemble des op\u00e9rations de configuration et de maintenance<\/strong> depuis vos centres de supervision gr\u00e2ce aux firewalls Stormshield Network Security (<strong>SNS<\/strong>). Vous disposerez \u00e9galement de l\u2019ensemble des rapports d\u2019usage, de SLA ou de s\u00e9curit\u00e9.\u00a0Nos outils de supervision et monitoring automatiques sont intuitifs, simples \u00e0 utiliser et s\u2019adaptent \u00e0 vos processus. Une fois les solutions d\u00e9ploy\u00e9es, vous disposez d\u2019une supervision en temps r\u00e9el de votre parc qui vous permettra de conna\u00eetre l\u2019\u00e9tat de chacun de vos parcs clients.<\/span><\/p>\n<p><span style=\"color: #000; font-size: 1.1em;\"><strong>Les outils de management\u00a0Stormshield vous permettront d\u2019intervenir sur toutes les briques de s\u00e9curit\u00e9 (pare-feu, pr\u00e9vention d\u2019intrusion, VPN IPSec, VPN SSL, antivirus et antispam, filtrage d\u2019URLs...) avec une seule et m\u00eame console.<\/strong> Parfaitement adaptable \u00e0 vos processus gr\u00e2ce \u00e0 son interface CLI, vous r\u00e9alisez l\u2019ensemble des op\u00e9rations \u00e0 distance. Gr\u00e2ce aux options de Haute Disponibilit\u00e9 et de redondance de disques, vous pouvez compter sur une solution fiable et robuste.<\/span>[\/vc_column_text][vc_empty_space]<a  itemprop=\"url\" href=\"https:\/\/www.stormshield.com\/fr\/produits-et-services\/produits\/protection-des-reseaux\/nos-produits\/\" target=\"_blank\" data-hover-background-color=\"#d23467\" data-hover-border-color=\"#d23467\" class=\"qbutton  white enlarge\" style=\"border-color: #ffffff; background-color:#060051;\">D\u00e9couvrez les firewalls SNS<i class=\"qode_icon_font_awesome fa fa-angle-right qode_button_icon_element\"><\/i><\/a>[vc_empty_space][\/vc_column_inner][vc_column_inner width=\"1\/3\"][vc_empty_space][vc_single_image image=\"497910\" img_size=\"large\" alignment=\"center\" onclick=\"custom_link\" img_link_target=\"_blank\" css=\"\" qode_css_animation=\"\" qode_hover_animation=\"zoom_in\" link=\"https:\/\/www.stormshield.com\/fr\/produits-et-services\/produits\/protection-des-reseaux\/nos-produits\/\"][vc_empty_space height=\"12px\"][vc_single_image image=\"397299\" img_size=\"large\" alignment=\"center\" onclick=\"custom_link\" img_link_target=\"_blank\" css=\"\" qode_css_animation=\"\" qode_hover_animation=\"zoom_in\" link=\"https:\/\/www.stormshield.com\/fr\/produits-et-services\/produits\/protection-des-reseaux\/nos-produits\/\"][\/vc_column_inner][\/vc_row_inner][\/vc_column][\/vc_row][vc_row css_animation=\"\" row_type=\"row\" use_row_as_full_screen_section=\"no\" type=\"grid\" angled_section=\"no\" text_align=\"left\" background_image_as_pattern=\"without_pattern\" z_index=\"\" padding_top=\"50\" padding_bottom=\"50\"][vc_column][vc_row_inner row_type=\"row\" type=\"full_width\" text_align=\"left\" css_animation=\"\"][vc_column_inner width=\"2\/3\"][vc_column_text]<\/p>\n<h2><span style=\"color: #000; font-size: 1.2em; font-weight: 900;\">Simplifiez votre administration r\u00e9seau<\/span><\/h2>\n<p><span style=\"color: #000; font-size: 1.1em;\"><strong>L\u2019\u00e9volution de l\u2019infrastructure IT et le cloisonnement des r\u00e9seaux distants sont synonymes de nouveaux d\u00e9fis pour les \u00e9quipes d\u2019exploitation.<\/strong> La prolif\u00e9ration cons\u00e9cutive des \u00e9quipements de s\u00e9curit\u00e9 distants sur les r\u00e9seaux s\u2019accompagne d\u2019une augmentation des t\u00e2ches administratives\u00a0; les sites distants ne poss\u00e8dent pas forcement d\u2019\u00e9quipes IT d\u00e9di\u00e9es. Vous avez donc besoin d\u2019une solution d\u2019administration centralis\u00e9e pour simplifier la gestion du parc informatique, mais aussi de produits autonomes capables de se mettre \u00e0 jour simplement et automatiquement.<\/span><\/p>\n<p><span style=\"color: #000; font-size: 1.1em;\">L\u2019administration centralis\u00e9e\u00a0propos\u00e9e par la solution Stormshield Management Center (<strong>SMC<\/strong>) vous permet de :<\/span><\/p>\n<ul>\n<li><span style=\"color: #000; font-size: 1.1em;\">d\u00e9l\u00e9guer les droits et les r\u00f4les des administrateurs qui interviennent sur les parcs de vos clients,<\/span><\/li>\n<li><span style=\"color: #000; font-size: 1.1em;\">visualiser l\u2019ensemble des modifications appliqu\u00e9es par ces administrateurs gr\u00e2ce aux journaux d\u2019\u00e9v\u00e8nements et au reporting,<\/span><\/li>\n<li><span style=\"color: #000; font-size: 1.1em;\">disposer d\u2019un \u00e9tat pr\u00e9cis des alarmes, connexions et informations de bande passante sur chacun des sites.<\/span><\/li>\n<\/ul>\n<p><span style=\"color: #000; font-size: 1.1em;\">La\u00a0mise \u00e0 jour des bo\u00eetiers Stormshield est en grande partie automatique. Les bases de signatures d\u2019attaques, les bases antivirales, les r\u00e8gles de l\u2019antispam et les bases d\u2019URL sont r\u00e9cup\u00e9r\u00e9es automatiquement sur les serveurs de Stormshield ou sur des serveurs miroirs install\u00e9s dans vos infrastructures.<\/span>[\/vc_column_text][vc_empty_space]<a  itemprop=\"url\" href=\"https:\/\/www.stormshield.com\/fr\/produits-et-services\/produits\/protection-des-reseaux\/outil-administration-sns\/smc-stormshield-management-center\/\" target=\"_blank\" data-hover-background-color=\"#d23467\" data-hover-border-color=\"#d23467\" class=\"qbutton  white enlarge\" style=\"border-color: #ffffff; background-color:#060051;\">D\u00e9couvrez la solution SMC<i class=\"qode_icon_font_awesome fa fa-angle-right qode_button_icon_element\"><\/i><\/a>[\/vc_column_inner][vc_column_inner width=\"1\/3\"][vc_empty_space][vc_single_image image=\"438412\" img_size=\"large\" alignment=\"center\" onclick=\"custom_link\" css=\"\" qode_css_animation=\"\" qode_hover_animation=\"zoom_in\" link=\"https:\/\/www.stormshield.com\/fr\/produits-et-services\/produits\/protection-des-reseaux\/outil-administration-sns\/smc-stormshield-management-center\/\"][\/vc_column_inner][\/vc_row_inner][\/vc_column][\/vc_row][vc_row css_animation=\"\" row_type=\"row\" use_row_as_full_screen_section=\"no\" type=\"grid\" angled_section=\"no\" text_align=\"left\" background_image_as_pattern=\"without_pattern\" z_index=\"\" padding_top=\"50\" padding_bottom=\"50\"][vc_column][vc_row_inner row_type=\"row\" type=\"full_width\" text_align=\"left\" css_animation=\"\" css=\".vc_custom_1714028421773{padding-top: 32px !important;padding-right: 32px !important;padding-bottom: 32px !important;padding-left: 32px !important;background-color: #f9f9f9 !important;}\"][vc_column_inner][vc_column_text]<\/p>\n<h2><span style=\"color: #000; font-size: 1.2em; font-weight: 900;\">B\u00e9n\u00e9ficiez d'une couverture fonctionnelle tout-en-un<\/span><\/h2>\n<p><span style=\"color: #000; font-size: 1.1em;\">Simplifiez la gestion de vos offres avec notre firewall multifonction Stormshield Network Security et b\u00e9n\u00e9ficiez d\u2019une couverture fonctionnelle compl\u00e8te : pare-feu, moteur de pr\u00e9vention d\u2019intrusion (IPS), module de filtrage web, anti-spam, antivirus, fonctions d\u2019interconnexion IPSec, solution VPN SSL compl\u00e8te et bien plus encore\u2026 <\/span><\/p>\n<p><span style=\"color: #000; font-size: 1.1em;\"><strong>Avec Stormshield Network Security, vous r\u00e9pondez d\u00e9sormais \u00e0 toutes vos probl\u00e9matiques de s\u00e9curit\u00e9 clients gr\u00e2ce \u00e0 un seul et m\u00eame \u00e9quipement.<\/strong><\/span>[\/vc_column_text][vc_empty_space][\/vc_column_inner][\/vc_row_inner][\/vc_column][\/vc_row][vc_row css_animation=\"\" row_type=\"row\" use_row_as_full_screen_section=\"no\" type=\"grid\" angled_section=\"no\" text_align=\"left\" background_image_as_pattern=\"without_pattern\" z_index=\"\" padding_top=\"50\" padding_bottom=\"50\"][vc_column][vc_row_inner row_type=\"row\" type=\"full_width\" text_align=\"left\" css_animation=\"\"][vc_column_inner][vc_column_text css=\"\"]<\/p>\n<h2><span style=\"color: #000; font-size: 1.2em; font-weight: 900;\">Proposez des services \u00e0 la demande \u00e0 vos clients<\/span><\/h2>\n<p><span style=\"color: #000; font-size: 1.1em;\">Un besoin r\u00e9current, chez les op\u00e9rateurs et MSSP, consiste \u00e0 impl\u00e9menter des fonctionnalit\u00e9s simples dans le cadre de configurations g\u00e9n\u00e9riques pour un d\u00e9ploiement massif de solutions. De m\u00eame pour l\u2019activation de services \u00e0 la demande pour des configurations plus sp\u00e9cifiques et dans certains cas, pour la mise en \u0153uvre d\u2019offres d\u00e9di\u00e9es pour tous les services de management tel que le monitoring, la gestion des mises \u00e0 jour, des licences, l\u2019administration centralis\u00e9e ou encore le reporting.<\/span><\/p>\n<p><span style=\"color: #000; font-size: 1.1em;\"><strong>Les solutions Stormshield vous permettent de cadrer vos configurations afin de d\u00e9velopper vos propres offres et obtenir un produit correspondant tr\u00e8s pr\u00e9cis\u00e9ment \u00e0 vos attentes. Leur large couverture fonctionnelle vous donne la possibilit\u00e9 d\u2019activer des services \u00e0 la demande pour vos clients.<\/strong> Pour cela, vous b\u00e9n\u00e9ficiez \u00e0 la fois de services sp\u00e9cifiques pour vous aider \u00e0 g\u00e9rer l\u2019ensemble de votre parc et des outils de management, reporting et monitoring.<\/span>[\/vc_column_text][vc_empty_space][\/vc_column_inner][\/vc_row_inner][\/vc_column][\/vc_row][vc_row css_animation=\"\" row_type=\"row\" use_row_as_full_screen_section=\"no\" type=\"grid\" angled_section=\"no\" text_align=\"left\" background_image_as_pattern=\"without_pattern\" z_index=\"\" background_color=\"#060051\" padding_top=\"100\" padding_bottom=\"100\"][vc_column][vc_row_inner row_type=\"row\" type=\"full_width\" text_align=\"left\" css_animation=\"\"][vc_column_inner][vc_column_text]<\/p>\n<h2><span style=\"color: #ffffff; font-size: 1.2em; font-weight: 900;\">Soutenez votre force de vente<\/span><\/h2>\n<p><span style=\"color: #ffffff; font-size: 1.1em;\">Vous souhaitez d\u00e9finir un discours commercial, animer vos \u00e9quipes et simplifier le processus de vente ? L\u2019appui du constructeur constitue un \u00e9l\u00e9ment-cl\u00e9 pour mettre en avant les atouts de vos offres. La formation des \u00e9quipes commerciales et avant-vente, la documentation et les outils de ventes doivent correspondre exactement \u00e0 vos besoins. <\/span><\/p>\n<p><span style=\"color: #ffffff; font-size: 1.1em;\"><strong>\u00c0 travers nos \u00e9quipes et notre offre de services d\u00e9di\u00e9e aux op\u00e9rateurs et MSSP, nous mettons notre exp\u00e9rience \u00e0 votre service afin de garantir le succ\u00e8s de vos projets.<\/strong> Acc\u00e9dez en ligne \u00e0 une documentation simplifi\u00e9e sur des espaces s\u00e9curis\u00e9s et profitez \u00e9galement de nos d\u00e9monstrateurs en ligne pour familiariser vos clients avec l\u2019interface graphique de nos solutions. Contactez nos \u00e9quipes pour en savoir plus.<\/span>[\/vc_column_text][vc_empty_space]<a  itemprop=\"url\" href=\"https:\/\/www.stormshield.com\/fr\/contact\/service-commercial\/\" target=\"_blank\" data-hover-background-color=\"#d23467\" data-hover-border-color=\"#d23467\" class=\"qbutton  white enlarge\" style=\"border-color: #ffffff; background-color:#00aeef;\">Contactez les \u00e9quipes Stormshield<i class=\"qode_icon_font_awesome fa fa-angle-right qode_button_icon_element\"><\/i><\/a>[vc_empty_space][\/vc_column_inner][\/vc_row_inner][\/vc_column][\/vc_row]<\/p>\n<\/div>","protected":false},"excerpt":{"rendered":"<p>[vc_row css_animation=\u00a0\u00bb\u00a0\u00bb row_type=\u00a0\u00bbrow\u00a0\u00bb use_row_as_full_screen_section=\u00a0\u00bbno\u00a0\u00bb type=\u00a0\u00bbgrid\u00a0\u00bb angled_section=\u00a0\u00bbno\u00a0\u00bb text_align=\u00a0\u00bbleft\u00a0\u00bb background_image_as_pattern=\u00a0\u00bbwithout_pattern\u00a0\u00bb z_index=\u00a0\u00bb\u00a0\u00bb padding_top=\u00a0\u00bb50&Prime; padding_bottom=\u00a0\u00bb50&Prime;][vc_column][vc_empty_space][vc_column_text] Cybers\u00e9curit\u00e9, op\u00e9rateurs et MSSP : simplifier la gestion des parcs informatiques et booster l&rsquo;efficacit\u00e9 op\u00e9rationnelle [\/vc_column_text][vc_empty_space][\/vc_column][\/vc_row][vc_row css_animation=\u00a0\u00bb\u00a0\u00bb row_type=\u00a0\u00bbrow\u00a0\u00bb use_row_as_full_screen_section=\u00a0\u00bbno\u00a0\u00bb type=\u00a0\u00bbgrid\u00a0\u00bb angled_section=\u00a0\u00bbno\u00a0\u00bb text_align=\u00a0\u00bbleft\u00a0\u00bb background_image_as_pattern=\u00a0\u00bbwithout_pattern\u00a0\u00bb z_index=\u00a0\u00bb\u00a0\u00bb padding_top=\u00a0\u00bb50&Prime; padding_bottom=\u00a0\u00bb50&Prime;][vc_column][vc_row_inner row_type=\u00a0\u00bbrow\u00a0\u00bb type=\u00a0\u00bbfull_width\u00a0\u00bb text_align=\u00a0\u00bbleft\u00a0\u00bb css_animation=\u00a0\u00bb\u00a0\u00bb][vc_column_inner width=\u00a0\u00bb2\/3&Prime;][vc_column_text css=\u00a0\u00bb\u00a0\u00bb]Les op\u00e9rateurs doivent&#8230;<\/p>\n","protected":false},"author":1,"featured_media":0,"parent":11053,"menu_order":374,"comment_status":"closed","ping_status":"closed","template":"full_width.php","meta":{"_acf_changed":false,"footnotes":""},"class_list":["post-11066","page","type-page","status-publish","hentry"],"acf":[],"yoast_head":"<!-- This site is optimized with the Yoast SEO plugin v27.3 - https:\/\/yoast.com\/product\/yoast-seo-wordpress\/ -->\n<title>Cybers\u00e9curit\u00e9 pour MSSP et fournisseurs de services | Stormshield<\/title>\n<meta name=\"description\" content=\"Stormshield offre une gamme compl\u00e8te de s\u00e9curit\u00e9 r\u00e9seau pour g\u00e9rer l&#039;ensemble du parc client et r\u00e9duire les co\u00fbts d&#039;exploitation.\" \/>\n<meta name=\"robots\" content=\"index, follow, max-snippet:-1, max-image-preview:large, max-video-preview:-1\" \/>\n<link rel=\"canonical\" href=\"https:\/\/www.stormshield.com\/fr\/produits-et-services\/par-secteur-activite\/operateurs-et-mssp\/\" \/>\n<meta property=\"og:locale\" content=\"fr_FR\" \/>\n<meta property=\"og:type\" content=\"article\" \/>\n<meta property=\"og:title\" content=\"Cybers\u00e9curit\u00e9 pour MSSP et fournisseurs de services | Stormshield\" \/>\n<meta property=\"og:description\" content=\"Stormshield offre une gamme compl\u00e8te de s\u00e9curit\u00e9 r\u00e9seau pour g\u00e9rer l&#039;ensemble du parc client et r\u00e9duire les co\u00fbts d&#039;exploitation.\" \/>\n<meta property=\"og:url\" content=\"https:\/\/www.stormshield.com\/fr\/produits-et-services\/par-secteur-activite\/operateurs-et-mssp\/\" \/>\n<meta property=\"og:site_name\" content=\"Stormshield\" \/>\n<meta property=\"article:modified_time\" content=\"2025-10-14T09:50:30+00:00\" \/>\n<meta property=\"og:image\" content=\"https:\/\/www.stormshield.com\/wp-content\/uploads\/stormshield_logo.png\" \/>\n\t<meta property=\"og:image:width\" content=\"204\" \/>\n\t<meta property=\"og:image:height\" content=\"94\" \/>\n\t<meta property=\"og:image:type\" content=\"image\/png\" \/>\n<meta name=\"twitter:card\" content=\"summary_large_image\" \/>\n<meta name=\"twitter:site\" content=\"@Stormshield\" \/>\n<meta name=\"twitter:label1\" content=\"Dur\u00e9e de lecture estim\u00e9e\" \/>\n\t<meta name=\"twitter:data1\" content=\"6 minutes\" \/>\n<script type=\"application\/ld+json\" class=\"yoast-schema-graph\">{\"@context\":\"https:\\\/\\\/schema.org\",\"@graph\":[{\"@type\":\"WebPage\",\"@id\":\"https:\\\/\\\/www.stormshield.com\\\/fr\\\/produits-et-services\\\/par-secteur-activite\\\/operateurs-et-mssp\\\/\",\"url\":\"https:\\\/\\\/www.stormshield.com\\\/fr\\\/produits-et-services\\\/par-secteur-activite\\\/operateurs-et-mssp\\\/\",\"name\":\"Cybers\u00e9curit\u00e9 pour MSSP et fournisseurs de services | Stormshield\",\"isPartOf\":{\"@id\":\"https:\\\/\\\/www.stormshield.com\\\/fr\\\/#website\"},\"datePublished\":\"2016-06-03T10:31:49+00:00\",\"dateModified\":\"2025-10-14T09:50:30+00:00\",\"description\":\"Stormshield offre une gamme compl\u00e8te de s\u00e9curit\u00e9 r\u00e9seau pour g\u00e9rer l'ensemble du parc client et r\u00e9duire les co\u00fbts d'exploitation.\",\"breadcrumb\":{\"@id\":\"https:\\\/\\\/www.stormshield.com\\\/fr\\\/produits-et-services\\\/par-secteur-activite\\\/operateurs-et-mssp\\\/#breadcrumb\"},\"inLanguage\":\"fr-FR\",\"potentialAction\":[{\"@type\":\"ReadAction\",\"target\":[\"https:\\\/\\\/www.stormshield.com\\\/fr\\\/produits-et-services\\\/par-secteur-activite\\\/operateurs-et-mssp\\\/\"]}]},{\"@type\":\"BreadcrumbList\",\"@id\":\"https:\\\/\\\/www.stormshield.com\\\/fr\\\/produits-et-services\\\/par-secteur-activite\\\/operateurs-et-mssp\\\/#breadcrumb\",\"itemListElement\":[{\"@type\":\"ListItem\",\"position\":1,\"name\":\"Home\",\"item\":\"https:\\\/\\\/www.stormshield.com\\\/fr\\\/\"},{\"@type\":\"ListItem\",\"position\":2,\"name\":\"Produits &amp; Solutions\",\"item\":\"https:\\\/\\\/www.stormshield.com\\\/fr\\\/produits-et-services\\\/\"},{\"@type\":\"ListItem\",\"position\":3,\"name\":\"Par secteur d&#8217;activit\u00e9\",\"item\":\"https:\\\/\\\/www.stormshield.com\\\/fr\\\/produits-et-services\\\/par-secteur-activite\\\/\"},{\"@type\":\"ListItem\",\"position\":4,\"name\":\"Op\u00e9rateurs et MSSP\"}]},{\"@type\":\"WebSite\",\"@id\":\"https:\\\/\\\/www.stormshield.com\\\/fr\\\/#website\",\"url\":\"https:\\\/\\\/www.stormshield.com\\\/fr\\\/\",\"name\":\"Stormshield\",\"description\":\"Stormshield\",\"potentialAction\":[{\"@type\":\"SearchAction\",\"target\":{\"@type\":\"EntryPoint\",\"urlTemplate\":\"https:\\\/\\\/www.stormshield.com\\\/fr\\\/?s={search_term_string}\"},\"query-input\":{\"@type\":\"PropertyValueSpecification\",\"valueRequired\":true,\"valueName\":\"search_term_string\"}}],\"inLanguage\":\"fr-FR\"}]}<\/script>\n<!-- \/ Yoast SEO plugin. -->","yoast_head_json":{"title":"Cybers\u00e9curit\u00e9 pour MSSP et fournisseurs de services | Stormshield","description":"Stormshield offre une gamme compl\u00e8te de s\u00e9curit\u00e9 r\u00e9seau pour g\u00e9rer l'ensemble du parc client et r\u00e9duire les co\u00fbts d'exploitation.","robots":{"index":"index","follow":"follow","max-snippet":"max-snippet:-1","max-image-preview":"max-image-preview:large","max-video-preview":"max-video-preview:-1"},"canonical":"https:\/\/www.stormshield.com\/fr\/produits-et-services\/par-secteur-activite\/operateurs-et-mssp\/","og_locale":"fr_FR","og_type":"article","og_title":"Cybers\u00e9curit\u00e9 pour MSSP et fournisseurs de services | Stormshield","og_description":"Stormshield offre une gamme compl\u00e8te de s\u00e9curit\u00e9 r\u00e9seau pour g\u00e9rer l'ensemble du parc client et r\u00e9duire les co\u00fbts d'exploitation.","og_url":"https:\/\/www.stormshield.com\/fr\/produits-et-services\/par-secteur-activite\/operateurs-et-mssp\/","og_site_name":"Stormshield","article_modified_time":"2025-10-14T09:50:30+00:00","og_image":[{"width":204,"height":94,"url":"https:\/\/www.stormshield.com\/wp-content\/uploads\/stormshield_logo.png","type":"image\/png"}],"twitter_card":"summary_large_image","twitter_site":"@Stormshield","twitter_misc":{"Dur\u00e9e de lecture estim\u00e9e":"6 minutes"},"schema":{"@context":"https:\/\/schema.org","@graph":[{"@type":"WebPage","@id":"https:\/\/www.stormshield.com\/fr\/produits-et-services\/par-secteur-activite\/operateurs-et-mssp\/","url":"https:\/\/www.stormshield.com\/fr\/produits-et-services\/par-secteur-activite\/operateurs-et-mssp\/","name":"Cybers\u00e9curit\u00e9 pour MSSP et fournisseurs de services | Stormshield","isPartOf":{"@id":"https:\/\/www.stormshield.com\/fr\/#website"},"datePublished":"2016-06-03T10:31:49+00:00","dateModified":"2025-10-14T09:50:30+00:00","description":"Stormshield offre une gamme compl\u00e8te de s\u00e9curit\u00e9 r\u00e9seau pour g\u00e9rer l'ensemble du parc client et r\u00e9duire les co\u00fbts d'exploitation.","breadcrumb":{"@id":"https:\/\/www.stormshield.com\/fr\/produits-et-services\/par-secteur-activite\/operateurs-et-mssp\/#breadcrumb"},"inLanguage":"fr-FR","potentialAction":[{"@type":"ReadAction","target":["https:\/\/www.stormshield.com\/fr\/produits-et-services\/par-secteur-activite\/operateurs-et-mssp\/"]}]},{"@type":"BreadcrumbList","@id":"https:\/\/www.stormshield.com\/fr\/produits-et-services\/par-secteur-activite\/operateurs-et-mssp\/#breadcrumb","itemListElement":[{"@type":"ListItem","position":1,"name":"Home","item":"https:\/\/www.stormshield.com\/fr\/"},{"@type":"ListItem","position":2,"name":"Produits &amp; Solutions","item":"https:\/\/www.stormshield.com\/fr\/produits-et-services\/"},{"@type":"ListItem","position":3,"name":"Par secteur d&#8217;activit\u00e9","item":"https:\/\/www.stormshield.com\/fr\/produits-et-services\/par-secteur-activite\/"},{"@type":"ListItem","position":4,"name":"Op\u00e9rateurs et MSSP"}]},{"@type":"WebSite","@id":"https:\/\/www.stormshield.com\/fr\/#website","url":"https:\/\/www.stormshield.com\/fr\/","name":"Stormshield","description":"Stormshield","potentialAction":[{"@type":"SearchAction","target":{"@type":"EntryPoint","urlTemplate":"https:\/\/www.stormshield.com\/fr\/?s={search_term_string}"},"query-input":{"@type":"PropertyValueSpecification","valueRequired":true,"valueName":"search_term_string"}}],"inLanguage":"fr-FR"}]}},"_links":{"self":[{"href":"https:\/\/www.stormshield.com\/fr\/wp-json\/wp\/v2\/pages\/11066","targetHints":{"allow":["GET"]}}],"collection":[{"href":"https:\/\/www.stormshield.com\/fr\/wp-json\/wp\/v2\/pages"}],"about":[{"href":"https:\/\/www.stormshield.com\/fr\/wp-json\/wp\/v2\/types\/page"}],"author":[{"embeddable":true,"href":"https:\/\/www.stormshield.com\/fr\/wp-json\/wp\/v2\/users\/1"}],"replies":[{"embeddable":true,"href":"https:\/\/www.stormshield.com\/fr\/wp-json\/wp\/v2\/comments?post=11066"}],"version-history":[{"count":37,"href":"https:\/\/www.stormshield.com\/fr\/wp-json\/wp\/v2\/pages\/11066\/revisions"}],"predecessor-version":[{"id":683034,"href":"https:\/\/www.stormshield.com\/fr\/wp-json\/wp\/v2\/pages\/11066\/revisions\/683034"}],"up":[{"embeddable":true,"href":"https:\/\/www.stormshield.com\/fr\/wp-json\/wp\/v2\/pages\/11053"}],"wp:attachment":[{"href":"https:\/\/www.stormshield.com\/fr\/wp-json\/wp\/v2\/media?parent=11066"}],"curies":[{"name":"wp","href":"https:\/\/api.w.org\/{rel}","templated":true}]}}