{"id":11053,"date":"2016-06-03T11:24:49","date_gmt":"2016-06-03T10:24:49","guid":{"rendered":"https:\/\/www.stormshield.com\/fr\/?page_id=11053"},"modified":"2024-12-16T15:01:53","modified_gmt":"2024-12-16T14:01:53","slug":"par-secteur-activite","status":"publish","type":"page","link":"https:\/\/www.stormshield.com\/fr\/produits-et-services\/par-secteur-activite\/","title":{"rendered":"Par secteur d&rsquo;activit\u00e9"},"content":{"rendered":"<div class=\"wpb-content-wrapper\"><p>[vc_row css_animation=\"\" row_type=\"row\" use_row_as_full_screen_section=\"no\" type=\"grid\" angled_section=\"no\" text_align=\"left\" background_image_as_pattern=\"without_pattern\" z_index=\"\" padding_top=\"50\" padding_bottom=\"50\"][vc_column][vc_empty_space][vc_column_text]<\/p>\n<h1 style=\"text-align: center;\"><span style=\"color: #00aaf5;\"><span style=\"font-weight: 300; font-size: 1.5em;\">Des offres Stormshield adapt\u00e9es<\/span><\/span><span style=\"color: #00aaf5;\"><span style=\"font-weight: 900; font-size: 1.5em;\"> \u00e0 la r\u00e9alit\u00e9 de votre secteur d\u2019activit\u00e9 et vos enjeux m\u00e9tiers<\/span><\/span><\/h1>\n<p>[\/vc_column_text][vc_empty_space][\/vc_column][\/vc_row][vc_row css_animation=\"\" row_type=\"row\" use_row_as_full_screen_section=\"no\" type=\"grid\" angled_section=\"no\" text_align=\"left\" background_image_as_pattern=\"without_pattern\" z_index=\"\"][vc_column][vc_row_inner row_type=\"row\" type=\"full_width\" text_align=\"left\" css_animation=\"\"][vc_column_inner width=\"5\/6\"][vc_column_text]<\/p>\n<h2><span style=\"color: #000; font-size: 1.2em; font-weight: 900;\">Des solutions de cybers\u00e9curit\u00e9 ajust\u00e9es aux diff\u00e9rents secteurs d'activit\u00e9<\/span><\/h2>\n<p><span style=\"color: #000; font-size: 1.1em;\">Industrie, administration publique, sant\u00e9\u2026 <strong>Quel que soit votre domaine d\u2019activit\u00e9, Stormshield vous propose des solutions sur mesure qui prennent en compte les enjeux sp\u00e9cifiques de votre secteur.<\/strong><\/span>[\/vc_column_text][vc_empty_space][\/vc_column_inner][vc_column_inner width=\"1\/6\"][\/vc_column_inner][\/vc_row_inner][\/vc_column][\/vc_row][vc_row css_animation=\"\" row_type=\"row\" use_row_as_full_screen_section=\"no\" type=\"grid\" angled_section=\"no\" text_align=\"left\" background_image_as_pattern=\"without_pattern\" z_index=\"\" padding_bottom=\"32\" padding_top=\"32\"][vc_column width=\"1\/3\" css=\".vc_custom_1714030399519{padding-right: 32px !important;}\"][vc_single_image image=\"456923\" img_size=\"100x100\" onclick=\"custom_link\" qode_css_animation=\"\" link=\"https:\/\/www.stormshield.com\/fr\/produits-et-services\/par-secteur-activite\/cybersecurite-aerospatial\/\"][vc_column_text]<a href=\"https:\/\/www.stormshield.com\/fr\/produits-et-services\/par-secteur-activite\/cybersecurite-aerospatial\/\"><span style=\"color: #00aeef; line-height: 0.9em; font-size: 2.2em; font-weight: 300;\">A\u00e9ronautique<\/span><\/a><br \/>\n<span style=\"color: #000; font-size: 0.9em;\">Une protection renforc\u00e9e des r\u00e9seaux de communication<\/span>[\/vc_column_text][\/vc_column][vc_column width=\"1\/3\" css=\".vc_custom_1714030419838{padding-right: 16px !important;padding-left: 16px !important;}\"][vc_single_image image=\"456898\" img_size=\"100x100\" onclick=\"custom_link\" qode_css_animation=\"\" link=\"https:\/\/www.stormshield.com\/fr\/produits-et-services\/par-secteur-activite\/administrations-publiques\/\"][vc_column_text]<a href=\"https:\/\/www.stormshield.com\/fr\/produits-et-services\/par-secteur-activite\/administrations-publiques\/\"><span style=\"color: #00aeef; line-height: 0.9em; font-size: 2.2em; font-weight: 100;\">Administrations publiques<\/span><\/a><br \/>\n<span style=\"color: #000; font-size: 0.9em;\">La n\u00e9cessit\u00e9 d\u2019une s\u00e9curit\u00e9 renforc\u00e9e face aux cyber-menaces<\/span>[\/vc_column_text][\/vc_column][vc_column width=\"1\/3\" css=\".vc_custom_1714030412495{padding-left: 32px !important;}\"][vc_single_image image=\"456873\" img_size=\"100x100\" onclick=\"custom_link\" qode_css_animation=\"\" link=\"https:\/\/www.stormshield.com\/fr\/produits-et-services\/par-secteur-activite\/cybersecurite-communication-critique\/\"][vc_column_text]<a href=\"https:\/\/www.stormshield.com\/fr\/produits-et-services\/par-secteur-activite\/cybersecurite-communication-critique\/\"><span style=\"color: #00aeef; line-height: 0.9em; font-size: 2.2em; font-weight: 100;\">Communications critiques<\/span><\/a><br \/>\n<span style=\"color: #000; font-size: 0.9em;\">Bien s'\u00e9quiper pour un fonctionnement pr\u00e9serv\u00e9<\/span>[\/vc_column_text][\/vc_column][\/vc_row][vc_row css_animation=\"\" row_type=\"row\" use_row_as_full_screen_section=\"no\" type=\"grid\" angled_section=\"no\" text_align=\"left\" background_image_as_pattern=\"without_pattern\" z_index=\"\" padding_bottom=\"32\" padding_top=\"32\"][vc_column width=\"1\/3\" css=\".vc_custom_1714030399519{padding-right: 32px !important;}\"][vc_single_image image=\"456883\" img_size=\"100x100\" onclick=\"custom_link\" qode_css_animation=\"\" link=\"https:\/\/www.stormshield.com\/fr\/produits-et-services\/par-secteur-activite\/defense-et-organisations-militaires\/\"][vc_column_text]<a href=\"https:\/\/www.stormshield.com\/fr\/produits-et-services\/par-secteur-activite\/defense-et-organisations-militaires\/\"><span style=\"color: #00aeef; line-height: 0.9em; font-size: 2.2em; font-weight: 100;\">D\u00e9fense<\/span><\/a><br \/>\n<span style=\"color: #000; font-size: 0.9em;\">La garantie du plus haut niveau de certification du march\u00e9<\/span>[\/vc_column_text][\/vc_column][vc_column width=\"1\/3\" css=\".vc_custom_1714030419838{padding-right: 16px !important;padding-left: 16px !important;}\"][vc_single_image image=\"456958\" img_size=\"100x100\" onclick=\"custom_link\" qode_css_animation=\"\" link=\"https:\/\/www.stormshield.com\/fr\/produits-et-services\/par-secteur-activite\/cybersecurite-industrie-management-eau\/\"][vc_column_text]<a href=\"https:\/\/www.stormshield.com\/fr\/produits-et-services\/par-secteur-activite\/cybersecurite-industrie-management-eau\/\"><span style=\"color: #00aeef; line-height: 0.9em; font-size: 2.2em; font-weight: 100;\">Eau<\/span><\/a><br \/>\n<span style=\"color: #000; font-size: 0.9em;\">Vers des r\u00e9seaux performants en toutes circonstances<\/span>[\/vc_column_text][\/vc_column][vc_column width=\"1\/3\" css=\".vc_custom_1714030412495{padding-left: 32px !important;}\"][vc_single_image image=\"456948\" img_size=\"100x100\" onclick=\"custom_link\" qode_css_animation=\"\" link=\"https:\/\/www.stormshield.com\/fr\/produits-et-services\/par-secteur-activite\/cybersecurite-industrie-energie-electrique\/\"][vc_column_text]<a href=\"https:\/\/www.stormshield.com\/fr\/produits-et-services\/par-secteur-activite\/cybersecurite-industrie-energie-electrique\/\"><span style=\"color: #00aeef; line-height: 0.9em; font-size: 2.2em; font-weight: 100;\">\u00c9lectricit\u00e9 et r\u00e9seau<\/span><\/a><br \/>\n<span style=\"color: #000; font-size: 0.9em;\">La ma\u00eetrise d\u2019une interconnexion s\u00e9curis\u00e9e<\/span>[\/vc_column_text][\/vc_column][\/vc_row][vc_row css_animation=\"\" row_type=\"row\" use_row_as_full_screen_section=\"no\" type=\"grid\" angled_section=\"no\" text_align=\"left\" background_image_as_pattern=\"without_pattern\" z_index=\"\" padding_bottom=\"32\" padding_top=\"32\"][vc_column width=\"1\/3\" css=\".vc_custom_1714030399519{padding-right: 32px !important;}\"][vc_single_image image=\"456918\" img_size=\"100x100\" onclick=\"custom_link\" qode_css_animation=\"\" link=\"https:\/\/www.stormshield.com\/fr\/produits-et-services\/par-secteur-activite\/facility-management-warehouse\/\"][vc_column_text]<a href=\"https:\/\/www.stormshield.com\/fr\/produits-et-services\/par-secteur-activite\/facility-management-warehouse\/\"><span style=\"color: #00aeef; line-height: 0.9em; font-size: 2.2em; font-weight: 100;\">Facility Management<\/span><\/a><br \/>\n<span style=\"color: #000; font-size: 0.9em;\">La ma\u00eetrise des r\u00e9seaux connect\u00e9s et intelligents<\/span>[\/vc_column_text][\/vc_column][vc_column width=\"1\/3\" css=\".vc_custom_1714030419838{padding-right: 16px !important;padding-left: 16px !important;}\"][vc_single_image image=\"456908\" img_size=\"100x100\" onclick=\"custom_link\" qode_css_animation=\"\" link=\"https:\/\/www.stormshield.com\/fr\/produits-et-services\/par-secteur-activite\/cybersecurite-maritime\/\"][vc_column_text]<a href=\"https:\/\/www.stormshield.com\/fr\/produits-et-services\/par-secteur-activite\/cybersecurite-maritime\/\"><span style=\"color: #00aeef; line-height: 0.9em; font-size: 2.2em; font-weight: 100;\">Maritime<\/span><\/a><br \/>\n<span style=\"color: #000; font-size: 0.9em;\">Une cyber-protection sensible en mer comme sur terre<\/span>[\/vc_column_text][\/vc_column][vc_column width=\"1\/3\" css=\".vc_custom_1714030412495{padding-left: 32px !important;}\"][vc_single_image image=\"456858\" img_size=\"100x100\" onclick=\"custom_link\" qode_css_animation=\"\" link=\"https:\/\/www.stormshield.com\/fr\/produits-et-services\/par-secteur-activite\/sante-et-etablissements-de-soin\/\"][vc_column_text]<a href=\"https:\/\/www.stormshield.com\/fr\/produits-et-services\/par-secteur-activite\/sante-et-etablissements-de-soin\/\"><span style=\"color: #00aeef; line-height: 0.9em; font-size: 2.2em; font-weight: 100;\">Sant\u00e9<\/span><\/a><br \/>\n<span style=\"color: #000; font-size: 0.9em;\">L'urgence d'une protection infaillible<\/span>[\/vc_column_text][\/vc_column][\/vc_row][vc_row css_animation=\"\" row_type=\"row\" use_row_as_full_screen_section=\"no\" type=\"grid\" angled_section=\"no\" text_align=\"left\" background_image_as_pattern=\"without_pattern\" z_index=\"\" padding_bottom=\"32\" padding_top=\"32\"][vc_column width=\"1\/3\" css=\".vc_custom_1714030399519{padding-right: 32px !important;}\"][vc_single_image image=\"456928\" img_size=\"100x100\" onclick=\"custom_link\" qode_css_animation=\"\" link=\"https:\/\/www.stormshield.com\/fr\/produits-et-services\/par-secteur-activite\/cybersecurite-transports-terrestres\/\"][vc_column_text]<a href=\"https:\/\/www.stormshield.com\/fr\/produits-et-services\/par-secteur-activite\/cybersecurite-transports-terrestres\/\"><span style=\"color: #00aeef; line-height: 0.9em; font-size: 2.2em; font-weight: 100;\">Transports terrestres<\/span><\/a><br \/>\n<span style=\"color: #000; font-size: 0.9em;\">L\u2019importance d\u2019un r\u00e9seau r\u00e9actif et disponible<\/span>[\/vc_column_text][\/vc_column][vc_column width=\"1\/3\" css=\".vc_custom_1714030419838{padding-right: 16px !important;padding-left: 16px !important;}\"][vc_single_image image=\"456268\" img_size=\"100x100\" onclick=\"custom_link\" qode_css_animation=\"\" link=\"https:\/\/www.stormshield.com\/fr\/produits-et-services\/par-secteur-activite\/operateurs-et-mssp\/\"][vc_column_text]<a href=\"https:\/\/www.stormshield.com\/fr\/produits-et-services\/par-secteur-activite\/operateurs-et-mssp\/\"><span style=\"color: #00aeef; line-height: 0.9em; font-size: 2.2em; font-weight: 100;\">Technologies de l'information<\/span><\/a><br \/>\n<span style=\"color: #000; font-size: 0.9em;\">Simplifier la gestion des parcs et booster l'efficacit\u00e9 op\u00e9rationnelle<\/span>[\/vc_column_text][\/vc_column][vc_column width=\"1\/3\" css=\".vc_custom_1714030918128{padding-top: 32px !important;padding-right: 32px !important;padding-bottom: 32px !important;padding-left: 32px !important;background-color: #f9f9f9 !important;}\"][vc_single_image image=\"456473\" img_size=\"100x100\" qode_css_animation=\"\"][vc_column_text]<span style=\"color: #000; font-size: 1.1em;\"><strong>Votre march\u00e9 ou domaine d\u2019activit\u00e9 n\u2019appara\u00eet pas\u00a0?<\/strong> Pas de panique, nos solutions de s\u00e9curit\u00e9 peuvent s\u00fbrement r\u00e9pondre \u00e0 vos cas d\u2019usage. Contactez directement nos \u00e9quipes pour engager la conversation.[\/vc_column_text][vc_empty_space]<a  itemprop=\"url\" href=\"https:\/\/www.stormshield.com\/fr\/contact\/service-commercial\/\" target=\"_self\" data-hover-background-color=\"#d23467\" data-hover-border-color=\"#d23467\" class=\"qbutton  white enlarge\" style=\"border-color: #ffffff; background-color:#060051;\">Contacter<i class=\"qode_icon_font_awesome fa fa-angle-right qode_button_icon_element\"><\/i><\/a>[vc_empty_space][\/vc_column][\/vc_row][vc_row css_animation=\"\" row_type=\"row\" use_row_as_full_screen_section=\"no\" type=\"grid\" angled_section=\"no\" text_align=\"left\" background_image_as_pattern=\"without_pattern\" z_index=\"\" background_color=\"#060051\" padding_top=\"50\" padding_bottom=\"50\"][vc_column][vc_row_inner row_type=\"row\" type=\"full_width\" text_align=\"left\" css_animation=\"\"][vc_column_inner][vc_column_text css=\"\"]\u00a0<\/span><\/p>\n<h2><span style=\"color: #ffffff; font-size: 1.2em; font-weight: 900;\">Une attention particuli\u00e8re aux infrastructures critiques<\/span><\/h2>\n<p><span style=\"color: #ffffff; font-size: 1.1em;\"><strong>Via la Loi de programmation militaire (LPM), l\u2019\u00c9tat fran\u00e7ais impose une mise en conformit\u00e9 au niveau des produits de s\u00e9curit\u00e9 pour renforcer la cybers\u00e9curit\u00e9 de plusieurs acteurs \u00e9conomiques, appel\u00e9s op\u00e9rateurs d\u2019importance vitale (OIV).<\/strong> Les domaines de l'alimentation, du judiciaire ou encore des finances par exemple sont soumis \u00e0 cette r\u00e9glementation fran\u00e7aise. Et doivent notamment faire appel \u00e0 des produits de s\u00e9curit\u00e9 qualifi\u00e9s par l'ANSSI pour leur cyber protection.<\/span><\/p>\n<p><span style=\"color: #ffffff; font-size: 1.1em;\"><strong>Au niveau europ\u00e9en, la directive NIS2 a pour objectif d\u2019assurer un certain niveau de s\u00e9curit\u00e9 pour les r\u00e9seaux et syst\u00e8mes d\u2019information des infrastructures critiques et sensibles des pays membres de l\u2019Union europ\u00e9enne. <strong>Nos produits de s\u00e9curit\u00e9 de confiance permettent aux entit\u00e9s essentielles (EE) et entit\u00e9s importantes (EI) de se mettre en conformit\u00e9.<\/strong><\/strong><\/span>[\/vc_column_text][vc_empty_space]<a  itemprop=\"url\" href=\"https:\/\/www.stormshield.com\/fr\/solutions-stormshield-pour-les-oiv\/\" target=\"_blank\" data-hover-background-color=\"#d23467\" data-hover-border-color=\"#d23467\" class=\"qbutton  white enlarge\" style=\"border-color: #ffffff; background-color:#00aeef;\">Conformit\u00e9 LPM<i class=\"qode_icon_font_awesome fa fa-angle-right qode_button_icon_element\"><\/i><\/a>[vc_empty_space height=\"12px\"]<a  itemprop=\"url\" href=\"https:\/\/www.stormshield.com\/fr\/solutions-stormshield-pour-nis2\/\" target=\"_blank\" data-hover-background-color=\"#d23467\" data-hover-border-color=\"#d23467\" class=\"qbutton  white enlarge\" style=\"border-color: #ffffff; background-color:#00aeef;\">Conformit\u00e9 NIS2<i class=\"qode_icon_font_awesome fa fa-angle-right qode_button_icon_element\"><\/i><\/a>[vc_empty_space][\/vc_column_inner][\/vc_row_inner][\/vc_column][\/vc_row][vc_row css_animation=\"\" row_type=\"row\" use_row_as_full_screen_section=\"no\" type=\"grid\" angled_section=\"no\" text_align=\"left\" background_image_as_pattern=\"without_pattern\" z_index=\"\" padding_bottom=\"50\" padding_top=\"50\"][vc_column][vc_row_inner row_type=\"row\" type=\"full_width\" text_align=\"left\" css_animation=\"\"][vc_column_inner][vc_column_text]<span style=\"color: #000; font-size: 1.1em;\"><strong>La preuve par l'exemple.<\/strong> Retrouvez une s\u00e9rie de t\u00e9moignages client Stormshield, qui reviennent sur le d\u00e9ploiement de solutions Stormshield au sein de leur infrastructure ou aupr\u00e8s de leurs \u00e9quipes, ainsi que des livres blancs th\u00e9matiques. Protection des r\u00e9seaux, protection des terminaux, protection des donn\u00e9es\u00a0: d\u00e9couvrez comment combiner cybers\u00e9curit\u00e9, souverainet\u00e9 et cyber-protection.[\/vc_column_text][vc_empty_space]<a  itemprop=\"url\" href=\"https:\/\/www.stormshield.com\/fr\/documentation\/?_sft_rc_type=temoignages-client\" target=\"_blank\" data-hover-background-color=\"#d23467\" data-hover-border-color=\"#d23467\" class=\"qbutton  white enlarge\" style=\"border-color: #ffffff; background-color:#060051;\">Cas clients<i class=\"qode_icon_font_awesome fa fa-angle-right qode_button_icon_element\"><\/i><\/a>[vc_empty_space height=\"12px\"]<a  itemprop=\"url\" href=\"https:\/\/www.stormshield.com\/fr\/livres-blancs-cybersecurite\/\" target=\"_blank\" data-hover-background-color=\"#d23467\" data-hover-border-color=\"#d23467\" class=\"qbutton  white enlarge\" style=\"border-color: #ffffff; background-color:#060051;\">Livres blancs<i class=\"qode_icon_font_awesome fa fa-angle-right qode_button_icon_element\"><\/i><\/a>[vc_empty_space][\/vc_column_inner][\/vc_row_inner][\/vc_column][\/vc_row][vc_row css_animation=\"\" row_type=\"row\" use_row_as_full_screen_section=\"no\" type=\"full_width\" angled_section=\"no\" text_align=\"left\" background_image_as_pattern=\"without_pattern\"][vc_column][vc_column_text]<\/span>[\/vc_column_text][\/vc_column][\/vc_row]<\/p>\n<\/div>","protected":false},"excerpt":{"rendered":"<p>[vc_row css_animation=\u00a0\u00bb\u00a0\u00bb row_type=\u00a0\u00bbrow\u00a0\u00bb use_row_as_full_screen_section=\u00a0\u00bbno\u00a0\u00bb type=\u00a0\u00bbgrid\u00a0\u00bb angled_section=\u00a0\u00bbno\u00a0\u00bb text_align=\u00a0\u00bbleft\u00a0\u00bb background_image_as_pattern=\u00a0\u00bbwithout_pattern\u00a0\u00bb z_index=\u00a0\u00bb\u00a0\u00bb padding_top=\u00a0\u00bb50&Prime; padding_bottom=\u00a0\u00bb50&Prime;][vc_column][vc_empty_space][vc_column_text] Des offres Stormshield adapt\u00e9es \u00e0 la r\u00e9alit\u00e9 de votre secteur d\u2019activit\u00e9 et vos enjeux m\u00e9tiers [\/vc_column_text][vc_empty_space][\/vc_column][\/vc_row][vc_row css_animation=\u00a0\u00bb\u00a0\u00bb row_type=\u00a0\u00bbrow\u00a0\u00bb use_row_as_full_screen_section=\u00a0\u00bbno\u00a0\u00bb type=\u00a0\u00bbgrid\u00a0\u00bb angled_section=\u00a0\u00bbno\u00a0\u00bb text_align=\u00a0\u00bbleft\u00a0\u00bb background_image_as_pattern=\u00a0\u00bbwithout_pattern\u00a0\u00bb z_index=\u00a0\u00bb\u00a0\u00bb][vc_column][vc_row_inner row_type=\u00a0\u00bbrow\u00a0\u00bb type=\u00a0\u00bbfull_width\u00a0\u00bb text_align=\u00a0\u00bbleft\u00a0\u00bb css_animation=\u00a0\u00bb\u00a0\u00bb][vc_column_inner width=\u00a0\u00bb5\/6&Prime;][vc_column_text] Des solutions de cybers\u00e9curit\u00e9 ajust\u00e9es&#8230;<\/p>\n","protected":false},"author":1,"featured_media":0,"parent":26,"menu_order":264,"comment_status":"closed","ping_status":"closed","template":"full_width.php","meta":{"_acf_changed":false,"footnotes":""},"class_list":["post-11053","page","type-page","status-publish","hentry"],"acf":[],"yoast_head":"<!-- This site is optimized with the Yoast SEO plugin v27.3 - https:\/\/yoast.com\/product\/yoast-seo-wordpress\/ -->\n<title>Solutions de cybers\u00e9curit\u00e9 par secteur d&#039;activit\u00e9 | Stormshield<\/title>\n<meta name=\"description\" content=\"Avec Stormshield, trouvez le bon produit ou service de s\u00e9curit\u00e9 en fonction de votre secteur d&#039;activit\u00e9 et besoins sp\u00e9cifiques.\" \/>\n<meta name=\"robots\" content=\"index, follow, max-snippet:-1, max-image-preview:large, max-video-preview:-1\" \/>\n<link rel=\"canonical\" href=\"https:\/\/www.stormshield.com\/fr\/produits-et-services\/par-secteur-activite\/\" \/>\n<meta property=\"og:locale\" content=\"fr_FR\" \/>\n<meta property=\"og:type\" content=\"article\" \/>\n<meta property=\"og:title\" content=\"Solutions de cybers\u00e9curit\u00e9 par secteur d&#039;activit\u00e9 | Stormshield\" \/>\n<meta property=\"og:description\" content=\"Avec Stormshield, trouvez le bon produit ou service de s\u00e9curit\u00e9 en fonction de votre secteur d&#039;activit\u00e9 et besoins sp\u00e9cifiques.\" \/>\n<meta property=\"og:url\" content=\"https:\/\/www.stormshield.com\/fr\/produits-et-services\/par-secteur-activite\/\" \/>\n<meta property=\"og:site_name\" content=\"Stormshield\" \/>\n<meta property=\"article:modified_time\" content=\"2024-12-16T14:01:53+00:00\" \/>\n<meta property=\"og:image\" content=\"https:\/\/www.stormshield.com\/wp-content\/uploads\/stormshield_logo.png\" \/>\n\t<meta property=\"og:image:width\" content=\"204\" \/>\n\t<meta property=\"og:image:height\" content=\"94\" \/>\n\t<meta property=\"og:image:type\" content=\"image\/png\" \/>\n<meta name=\"twitter:card\" content=\"summary_large_image\" \/>\n<meta name=\"twitter:site\" content=\"@Stormshield\" \/>\n<meta name=\"twitter:label1\" content=\"Dur\u00e9e de lecture estim\u00e9e\" \/>\n\t<meta name=\"twitter:data1\" content=\"6 minutes\" \/>\n<script type=\"application\/ld+json\" class=\"yoast-schema-graph\">{\"@context\":\"https:\\\/\\\/schema.org\",\"@graph\":[{\"@type\":\"WebPage\",\"@id\":\"https:\\\/\\\/www.stormshield.com\\\/fr\\\/produits-et-services\\\/par-secteur-activite\\\/\",\"url\":\"https:\\\/\\\/www.stormshield.com\\\/fr\\\/produits-et-services\\\/par-secteur-activite\\\/\",\"name\":\"Solutions de cybers\u00e9curit\u00e9 par secteur d'activit\u00e9 | Stormshield\",\"isPartOf\":{\"@id\":\"https:\\\/\\\/www.stormshield.com\\\/fr\\\/#website\"},\"datePublished\":\"2016-06-03T10:24:49+00:00\",\"dateModified\":\"2024-12-16T14:01:53+00:00\",\"description\":\"Avec Stormshield, trouvez le bon produit ou service de s\u00e9curit\u00e9 en fonction de votre secteur d'activit\u00e9 et besoins sp\u00e9cifiques.\",\"breadcrumb\":{\"@id\":\"https:\\\/\\\/www.stormshield.com\\\/fr\\\/produits-et-services\\\/par-secteur-activite\\\/#breadcrumb\"},\"inLanguage\":\"fr-FR\",\"potentialAction\":[{\"@type\":\"ReadAction\",\"target\":[\"https:\\\/\\\/www.stormshield.com\\\/fr\\\/produits-et-services\\\/par-secteur-activite\\\/\"]}]},{\"@type\":\"BreadcrumbList\",\"@id\":\"https:\\\/\\\/www.stormshield.com\\\/fr\\\/produits-et-services\\\/par-secteur-activite\\\/#breadcrumb\",\"itemListElement\":[{\"@type\":\"ListItem\",\"position\":1,\"name\":\"Home\",\"item\":\"https:\\\/\\\/www.stormshield.com\\\/fr\\\/\"},{\"@type\":\"ListItem\",\"position\":2,\"name\":\"Produits &amp; Solutions\",\"item\":\"https:\\\/\\\/www.stormshield.com\\\/fr\\\/produits-et-services\\\/\"},{\"@type\":\"ListItem\",\"position\":3,\"name\":\"Par secteur d&#8217;activit\u00e9\"}]},{\"@type\":\"WebSite\",\"@id\":\"https:\\\/\\\/www.stormshield.com\\\/fr\\\/#website\",\"url\":\"https:\\\/\\\/www.stormshield.com\\\/fr\\\/\",\"name\":\"Stormshield\",\"description\":\"Stormshield\",\"potentialAction\":[{\"@type\":\"SearchAction\",\"target\":{\"@type\":\"EntryPoint\",\"urlTemplate\":\"https:\\\/\\\/www.stormshield.com\\\/fr\\\/?s={search_term_string}\"},\"query-input\":{\"@type\":\"PropertyValueSpecification\",\"valueRequired\":true,\"valueName\":\"search_term_string\"}}],\"inLanguage\":\"fr-FR\"}]}<\/script>\n<!-- \/ Yoast SEO plugin. -->","yoast_head_json":{"title":"Solutions de cybers\u00e9curit\u00e9 par secteur d'activit\u00e9 | Stormshield","description":"Avec Stormshield, trouvez le bon produit ou service de s\u00e9curit\u00e9 en fonction de votre secteur d'activit\u00e9 et besoins sp\u00e9cifiques.","robots":{"index":"index","follow":"follow","max-snippet":"max-snippet:-1","max-image-preview":"max-image-preview:large","max-video-preview":"max-video-preview:-1"},"canonical":"https:\/\/www.stormshield.com\/fr\/produits-et-services\/par-secteur-activite\/","og_locale":"fr_FR","og_type":"article","og_title":"Solutions de cybers\u00e9curit\u00e9 par secteur d'activit\u00e9 | Stormshield","og_description":"Avec Stormshield, trouvez le bon produit ou service de s\u00e9curit\u00e9 en fonction de votre secteur d'activit\u00e9 et besoins sp\u00e9cifiques.","og_url":"https:\/\/www.stormshield.com\/fr\/produits-et-services\/par-secteur-activite\/","og_site_name":"Stormshield","article_modified_time":"2024-12-16T14:01:53+00:00","og_image":[{"width":204,"height":94,"url":"https:\/\/www.stormshield.com\/wp-content\/uploads\/stormshield_logo.png","type":"image\/png"}],"twitter_card":"summary_large_image","twitter_site":"@Stormshield","twitter_misc":{"Dur\u00e9e de lecture estim\u00e9e":"6 minutes"},"schema":{"@context":"https:\/\/schema.org","@graph":[{"@type":"WebPage","@id":"https:\/\/www.stormshield.com\/fr\/produits-et-services\/par-secteur-activite\/","url":"https:\/\/www.stormshield.com\/fr\/produits-et-services\/par-secteur-activite\/","name":"Solutions de cybers\u00e9curit\u00e9 par secteur d'activit\u00e9 | Stormshield","isPartOf":{"@id":"https:\/\/www.stormshield.com\/fr\/#website"},"datePublished":"2016-06-03T10:24:49+00:00","dateModified":"2024-12-16T14:01:53+00:00","description":"Avec Stormshield, trouvez le bon produit ou service de s\u00e9curit\u00e9 en fonction de votre secteur d'activit\u00e9 et besoins sp\u00e9cifiques.","breadcrumb":{"@id":"https:\/\/www.stormshield.com\/fr\/produits-et-services\/par-secteur-activite\/#breadcrumb"},"inLanguage":"fr-FR","potentialAction":[{"@type":"ReadAction","target":["https:\/\/www.stormshield.com\/fr\/produits-et-services\/par-secteur-activite\/"]}]},{"@type":"BreadcrumbList","@id":"https:\/\/www.stormshield.com\/fr\/produits-et-services\/par-secteur-activite\/#breadcrumb","itemListElement":[{"@type":"ListItem","position":1,"name":"Home","item":"https:\/\/www.stormshield.com\/fr\/"},{"@type":"ListItem","position":2,"name":"Produits &amp; Solutions","item":"https:\/\/www.stormshield.com\/fr\/produits-et-services\/"},{"@type":"ListItem","position":3,"name":"Par secteur d&#8217;activit\u00e9"}]},{"@type":"WebSite","@id":"https:\/\/www.stormshield.com\/fr\/#website","url":"https:\/\/www.stormshield.com\/fr\/","name":"Stormshield","description":"Stormshield","potentialAction":[{"@type":"SearchAction","target":{"@type":"EntryPoint","urlTemplate":"https:\/\/www.stormshield.com\/fr\/?s={search_term_string}"},"query-input":{"@type":"PropertyValueSpecification","valueRequired":true,"valueName":"search_term_string"}}],"inLanguage":"fr-FR"}]}},"_links":{"self":[{"href":"https:\/\/www.stormshield.com\/fr\/wp-json\/wp\/v2\/pages\/11053","targetHints":{"allow":["GET"]}}],"collection":[{"href":"https:\/\/www.stormshield.com\/fr\/wp-json\/wp\/v2\/pages"}],"about":[{"href":"https:\/\/www.stormshield.com\/fr\/wp-json\/wp\/v2\/types\/page"}],"author":[{"embeddable":true,"href":"https:\/\/www.stormshield.com\/fr\/wp-json\/wp\/v2\/users\/1"}],"replies":[{"embeddable":true,"href":"https:\/\/www.stormshield.com\/fr\/wp-json\/wp\/v2\/comments?post=11053"}],"version-history":[{"count":46,"href":"https:\/\/www.stormshield.com\/fr\/wp-json\/wp\/v2\/pages\/11053\/revisions"}],"predecessor-version":[{"id":600083,"href":"https:\/\/www.stormshield.com\/fr\/wp-json\/wp\/v2\/pages\/11053\/revisions\/600083"}],"up":[{"embeddable":true,"href":"https:\/\/www.stormshield.com\/fr\/wp-json\/wp\/v2\/pages\/26"}],"wp:attachment":[{"href":"https:\/\/www.stormshield.com\/fr\/wp-json\/wp\/v2\/media?parent=11053"}],"curies":[{"name":"wp","href":"https:\/\/api.w.org\/{rel}","templated":true}]}}