{"id":10923,"date":"2016-08-19T14:03:22","date_gmt":"2016-08-19T13:03:22","guid":{"rendered":"https:\/\/www.stormshield.com\/fr\/?page_id=10923"},"modified":"2025-09-09T12:57:49","modified_gmt":"2025-09-09T11:57:49","slug":"maintenance","status":"publish","type":"page","link":"https:\/\/www.stormshield.com\/fr\/besoin-accompagnement\/services\/maintenance\/","title":{"rendered":"Maintenance"},"content":{"rendered":"<div class=\"wpb-content-wrapper\"><p>[vc_row css_animation=\"\" row_type=\"row\" use_row_as_full_screen_section=\"no\" type=\"grid\" angled_section=\"no\" text_align=\"left\" background_image_as_pattern=\"without_pattern\" z_index=\"\" padding_top=\"50\" padding_bottom=\"50\"][vc_column][vc_empty_space][vc_column_text]<\/p>\n<h1 style=\"text-align: center;\"><span style=\"color: #00aaf5;\"><span style=\"font-weight: 300; font-size: 1.5em;\">L'efficacit\u00e9 constante de nos produits garantie avec le <\/span><\/span><span style=\"color: #00aaf5;\"><span style=\"font-weight: 900; font-size: 1.5em;\">service de maintenance Stormshield<\/span><\/span><\/h1>\n<p>[\/vc_column_text][\/vc_column][\/vc_row][vc_row css_animation=\"\" row_type=\"row\" use_row_as_full_screen_section=\"no\" type=\"grid\" angled_section=\"no\" text_align=\"left\" background_image_as_pattern=\"without_pattern\" z_index=\"\" padding_bottom=\"50\" css=\".vc_custom_1697804221509{background-color: #ffffff !important;}\" padding_top=\"50\"][vc_column][vc_row_inner row_type=\"row\" type=\"full_width\" text_align=\"left\" css_animation=\"\" background_color=\"#f9f9f9\" css=\".vc_custom_1697805785032{padding-top: 32px !important;padding-right: 32px !important;padding-bottom: 32px !important;padding-left: 32px !important;}\"][vc_column_inner][vc_column_text]<\/p>\n<h2><span style=\"color: #000; font-size: 1.2em; font-weight: 900;\">Des packs de maintenance, de services et de s\u00e9curit\u00e9<\/span><\/h2>\n<p><span style=\"color: #000; font-size: 1.1em;\">Nous sommes l\u00e0 pour vous aider \u00e0 r\u00e9agir face \u00e0 l\u2019impr\u00e9vu. Pour le reste, misez sur notre expertise constructeur et la logique pr\u00e9ventive de la maintenance informatique. Gr\u00e2ce \u00e0 ce service, anticipez les \u00e9ventuels probl\u00e8mes et remplacez vos produits le plus vite possible.<\/span><\/p>\n<p><span style=\"color: #000; font-size: 1.1em;\">Nos <a style=\"color: #000000;\" href=\"https:\/\/www.stormshield.com\/fr\/ressourcescenter\/packs-de-maintenance-network-security\/\">packages de maintenance<\/a> sont simples et r\u00e9pondent \u00e0 des usages pr\u00e9cis\u00a0: ils garantissent la mise \u00e0 jour permanente des syst\u00e8mes de protection essentiels \u00e0 la continuit\u00e9 de vos activit\u00e9s. En plus de la maintenance mat\u00e9rielle et\/ou logicielle d\u00e9crite ci-dessous, ils int\u00e8grent les fonctionnalit\u00e9s suivantes\u00a0:<\/span><\/p>\n<ul>\n<li><span style=\"color: #000; font-size: 1.1em;\">acc\u00e8s au <a style=\"color: #000000;\" href=\"https:\/\/www.stormshield.com\/fr\/contact\/support-technique\/\">support technique<\/a> en direct ou via <a style=\"color: #000000;\" href=\"https:\/\/www.stormshield.com\/fr\/partenaires\/trouver-un-partenaire\/\">notre r\u00e9seau de partenaires<\/a>\u00a0;<br \/>\n<\/span><\/li>\n<li><span style=\"color: #000; font-size: 1.1em;\">mises \u00e0 jour logicielles correctives et \u00e9volutives\u00a0;<br \/>\n<\/span><\/li>\n<li><span style=\"color: #000; font-size: 1.1em;\">mises \u00e0 jour en continu des moteurs de s\u00e9curit\u00e9.<\/span><\/li>\n<\/ul>\n<p>[\/vc_column_text][\/vc_column_inner][\/vc_row_inner][\/vc_column][\/vc_row][vc_row css_animation=\"\" row_type=\"row\" use_row_as_full_screen_section=\"no\" type=\"grid\" angled_section=\"no\" text_align=\"left\" background_image_as_pattern=\"without_pattern\" z_index=\"\" padding_bottom=\"50\"][vc_column width=\"2\/3\"][vc_column_text css=\"\"]<\/p>\n<h2><span style=\"color: #000; font-size: 1.2em; font-weight: 900;\">La maintenance mat\u00e9rielle de vos \u00e9quipements SNS<\/span><\/h2>\n<p><span style=\"color: #000; font-size: 1.1em;\">Tous nos packs comportent des modalit\u00e9s de maintenance mat\u00e9rielle pour les produits Stormshield Network Security (<a style=\"color: #000000;\" href=\"https:\/\/www.stormshield.com\/fr\/produits-et-services\/produits\/protection-des-reseaux\/nos-produits\/\">SNS<\/a>) ainsi que des services \u00e0 la carte pour faire \u00e9voluer vos offres de maintenance.<\/span><\/p>\n<ul>\n<li><span style=\"color: #000; font-size: 1.1em;\"><strong>Essential Security Pack :<\/strong> propos\u00e9 <\/span><span style=\"color: #000; font-size: 1.1em;\">pour les entreprises qui souhaitent une protection unifi\u00e9e. Avec la segmentation r\u00e9seau, la s\u00e9curisation des communications, le SD-WAN, la pr\u00e9vention d\u2019intrusions ou encore l\u2019approche Zero Trust Network Access (ZTNA), ils sont assur\u00e9s d\u2019un niveau de s\u00e9curit\u00e9 essentiel ;<br \/>\n<\/span><\/li>\n<li><span style=\"color: #000; font-size: 1.1em;\"><strong>Premium Security Pack :<\/strong> ce pack s\u2019adresse aux entreprises exigeantes en mati\u00e8re de s\u00e9curit\u00e9. Il apporte les meilleures technologies pour contrer les attaques les plus \u00e9volu\u00e9es. Le syst\u00e8me antimalware avanc\u00e9 avec technologie d\u2019\u00e9mulation, le sandboxing optimis\u00e9 par IA (Breach Fighter) ou encore le filtrage d\u2019URLs en mode Cloud (Extended Web Control) garantissent le niveau de protection attendu par les organisations exigeantes en mati\u00e8re de s\u00e9curit\u00e9.<\/span><\/li>\n<\/ul>\n<p><span style=\"color: #000; font-size: 1.1em;\">Et pour r\u00e9pondre aux besoins de nos clients industriels, nous avons con\u00e7u deux autres packs de s\u00e9curit\u00e9 d\u00e9di\u00e9s aux sp\u00e9cificit\u00e9s des infrastructures industrielles\u00a0: <strong>Industrial Security Pack<\/strong> et <strong>Industrial Plus Security Pack<\/strong>.<\/span>[\/vc_column_text][vc_empty_space]<a  itemprop=\"url\" href=\"https:\/\/www.stormshield.com\/wp-content\/uploads\/SNS-FR-Network-Security-Pack-Brochure.pdf\" target=\"_blank\" data-hover-background-color=\"#d23467\" data-hover-border-color=\"#ffffff\" class=\"qbutton  white enlarge\" style=\"border-color: #ffffff; background-color:#060051;\">Packs de maintenance<i class=\"qode_icon_font_awesome fa fa-download qode_button_icon_element\"><\/i><\/a>[vc_empty_space height=\"12px\"]<a  itemprop=\"url\" href=\"https:\/\/www.stormshield.com\/wp-content\/uploads\/SNS_FR-Industrial-Pack-Brochure.pdf\" target=\"_blank\" data-hover-background-color=\"#d23467\" data-hover-border-color=\"#ffffff\" class=\"qbutton  white enlarge\" style=\"border-color: #ffffff; background-color:#060051;\">Packs pour l'industrie<i class=\"qode_icon_font_awesome fa fa-download qode_button_icon_element\"><\/i><\/a>[\/vc_column][vc_column width=\"1\/3\" css=\".vc_custom_1697803119835{padding-top: 24px !important;padding-right: 24px !important;padding-bottom: 24px !important;padding-left: 24px !important;background-color: #060051 !important;}\"][vc_column_text]<span style=\"color: #ffffff; font-size: 1.6em;\"><strong>\u00c0 vous la maintenance logicielle et l'expertise constructeur<\/strong><\/span><\/p>\n<p><span style=\"color: #ffffff; font-size: 1.1em;\">Les mises \u00e0 jour logicielles correctives et \u00e9volutives apportent parfois simplement des correctifs de s\u00e9curit\u00e9, et d\u2019autres fois des \u00e9volutions majeures dans les produits. <strong>Le mot d\u2019ordre des \u00e9quipes Stormshield\u00a0: une d\u00e9marche \u00e9volutive pour gagner en performance\u00a0!<\/strong><\/span>[\/vc_column_text][vc_empty_space][\/vc_column][\/vc_row][vc_row css_animation=\"\" row_type=\"row\" use_row_as_full_screen_section=\"no\" type=\"grid\" angled_section=\"no\" text_align=\"left\" background_image_as_pattern=\"without_pattern\" z_index=\"\" padding_bottom=\"50\" css=\".vc_custom_1697804221509{background-color: #ffffff !important;}\" padding_top=\"50\"][vc_column][vc_row_inner row_type=\"row\" type=\"full_width\" text_align=\"left\" css_animation=\"\" background_color=\"#f9f9f9\" css=\".vc_custom_1697805747463{padding-top: 32px !important;padding-right: 32px !important;padding-bottom: 32px !important;padding-left: 32px !important;}\"][vc_column_inner width=\"2\/3\"][vc_column_text]<\/p>\n<h2><span style=\"color: #000; font-size: 1.2em; font-weight: 900;\">Des \u00e9changes mat\u00e9riels et services \u00e0 la carte<\/span><\/h2>\n<p><span style=\"color: #000; font-size: 1.1em;\">En cas de d\u00e9faillance mat\u00e9rielle de l\u2019un de nos produits, celui-ci est tout simplement \u00e9chang\u00e9 contre un produit de remplacement similaire gr\u00e2ce \u00e0 la garantie constructeur. <\/span><\/p>\n<p><span style=\"color: #000; font-size: 1.1em;\">Des services de s\u00e9curit\u00e9 peuvent \u00e9galement \u00eatre souscrits \u00e0 la carte pour compl\u00e9ter un pack : <a style=\"color: #000000;\" href=\"https:\/\/www.stormshield.com\/fr\/ressourcescenter\/fiche-produit-advanced-antivirus\/\" target=\"_blank\" rel=\"noopener\">antivirus avanc\u00e9<\/a> avec technologie d\u2019\u00e9mulation, filtrage d\u2019URLs, <a style=\"color: #000000;\" href=\"https:\/\/www.stormshield.com\/fr\/ressourcescenter\/fiche-produit-extended-web-control\/\" target=\"_blank\" rel=\"noopener\">Extended Web Control<\/a>, <a style=\"color: #000000;\" href=\"https:\/\/www.stormshield.com\/fr\/ressourcescenter\/fiche-produit-snvm\/\" target=\"_blank\" rel=\"noopener\">Vulnerability Manager<\/a>\u2026 Vous pouvez ainsi faire \u00e9voluer votre solution de s\u00e9curit\u00e9 et l\u2019adapter \u00e0 vos besoins. Contactez-nous pour en savoir plus.<\/span>[\/vc_column_text][vc_empty_space]<a  itemprop=\"url\" href=\"https:\/\/www.stormshield.com\/fr\/contact\/service-commercial\/\" target=\"_blank\" data-hover-background-color=\"#d23467\" data-hover-border-color=\"#ffffff\" class=\"qbutton  white enlarge\" style=\"border-color: #ffffff; background-color:#060051;\">Contact<i class=\"qode_icon_font_awesome fa fa-angle-right qode_button_icon_element\"><\/i><\/a>[vc_empty_space][\/vc_column_inner][vc_column_inner width=\"1\/3\"][vc_single_image image=\"456828\" img_size=\"medium\" alignment=\"center\" css=\"\" qode_css_animation=\"\" qode_hover_animation=\"zoom_in\"][\/vc_column_inner][\/vc_row_inner][\/vc_column][\/vc_row]<\/p>\n<\/div>","protected":false},"excerpt":{"rendered":"<p>[vc_row css_animation=\u00a0\u00bb\u00a0\u00bb row_type=\u00a0\u00bbrow\u00a0\u00bb use_row_as_full_screen_section=\u00a0\u00bbno\u00a0\u00bb type=\u00a0\u00bbgrid\u00a0\u00bb angled_section=\u00a0\u00bbno\u00a0\u00bb text_align=\u00a0\u00bbleft\u00a0\u00bb background_image_as_pattern=\u00a0\u00bbwithout_pattern\u00a0\u00bb z_index=\u00a0\u00bb\u00a0\u00bb padding_top=\u00a0\u00bb50&Prime; padding_bottom=\u00a0\u00bb50&Prime;][vc_column][vc_empty_space][vc_column_text] L&rsquo;efficacit\u00e9 constante de nos produits garantie avec le service de maintenance Stormshield [\/vc_column_text][\/vc_column][\/vc_row][vc_row css_animation=\u00a0\u00bb\u00a0\u00bb row_type=\u00a0\u00bbrow\u00a0\u00bb use_row_as_full_screen_section=\u00a0\u00bbno\u00a0\u00bb type=\u00a0\u00bbgrid\u00a0\u00bb angled_section=\u00a0\u00bbno\u00a0\u00bb text_align=\u00a0\u00bbleft\u00a0\u00bb background_image_as_pattern=\u00a0\u00bbwithout_pattern\u00a0\u00bb z_index=\u00a0\u00bb\u00a0\u00bb padding_bottom=\u00a0\u00bb50&Prime; css=\u00a0\u00bb.vc_custom_1697804221509{background-color: #ffffff !important;}\u00a0\u00bb padding_top=\u00a0\u00bb50&Prime;][vc_column][vc_row_inner row_type=\u00a0\u00bbrow\u00a0\u00bb type=\u00a0\u00bbfull_width\u00a0\u00bb text_align=\u00a0\u00bbleft\u00a0\u00bb css_animation=\u00a0\u00bb\u00a0\u00bb background_color=\u00a0\u00bb#f9f9f9&Prime; css=\u00a0\u00bb.vc_custom_1697805785032{padding-top: 32px !important;padding-right:&#8230;<\/p>\n","protected":false},"author":1,"featured_media":0,"parent":22206,"menu_order":210,"comment_status":"closed","ping_status":"closed","template":"full_width.php","meta":{"_acf_changed":false,"footnotes":""},"class_list":["post-10923","page","type-page","status-publish","hentry"],"acf":[],"yoast_head":"<!-- This site is optimized with the Yoast SEO plugin v27.3 - https:\/\/yoast.com\/product\/yoast-seo-wordpress\/ -->\n<title>Maintenance firewall : s\u00e9curit\u00e9 et service packs | Stormshield<\/title>\n<meta name=\"description\" content=\"Avec le service de maintenance Stormshield, anticipez les \u00e9ventuels probl\u00e8mes techniques et remplacez rapidement vos produits.\" \/>\n<meta name=\"robots\" content=\"index, follow, max-snippet:-1, max-image-preview:large, max-video-preview:-1\" \/>\n<link rel=\"canonical\" href=\"https:\/\/www.stormshield.com\/fr\/besoin-accompagnement\/services\/maintenance\/\" \/>\n<meta property=\"og:locale\" content=\"fr_FR\" \/>\n<meta property=\"og:type\" content=\"article\" \/>\n<meta property=\"og:title\" content=\"Maintenance firewall : s\u00e9curit\u00e9 et service packs | Stormshield\" \/>\n<meta property=\"og:description\" content=\"Avec le service de maintenance Stormshield, anticipez les \u00e9ventuels probl\u00e8mes techniques et remplacez rapidement vos produits.\" \/>\n<meta property=\"og:url\" content=\"https:\/\/www.stormshield.com\/fr\/besoin-accompagnement\/services\/maintenance\/\" \/>\n<meta property=\"og:site_name\" content=\"Stormshield\" \/>\n<meta property=\"article:modified_time\" content=\"2025-09-09T11:57:49+00:00\" \/>\n<meta property=\"og:image\" content=\"https:\/\/www.stormshield.com\/wp-content\/uploads\/stormshield_logo.png\" \/>\n\t<meta property=\"og:image:width\" content=\"204\" \/>\n\t<meta property=\"og:image:height\" content=\"94\" \/>\n\t<meta property=\"og:image:type\" content=\"image\/png\" \/>\n<meta name=\"twitter:card\" content=\"summary_large_image\" \/>\n<meta name=\"twitter:site\" content=\"@Stormshield\" \/>\n<meta name=\"twitter:label1\" content=\"Dur\u00e9e de lecture estim\u00e9e\" \/>\n\t<meta name=\"twitter:data1\" content=\"3 minutes\" \/>\n<script type=\"application\/ld+json\" class=\"yoast-schema-graph\">{\"@context\":\"https:\\\/\\\/schema.org\",\"@graph\":[{\"@type\":\"WebPage\",\"@id\":\"https:\\\/\\\/www.stormshield.com\\\/fr\\\/besoin-accompagnement\\\/services\\\/maintenance\\\/\",\"url\":\"https:\\\/\\\/www.stormshield.com\\\/fr\\\/besoin-accompagnement\\\/services\\\/maintenance\\\/\",\"name\":\"Maintenance firewall : s\u00e9curit\u00e9 et service packs | Stormshield\",\"isPartOf\":{\"@id\":\"https:\\\/\\\/www.stormshield.com\\\/fr\\\/#website\"},\"datePublished\":\"2016-08-19T13:03:22+00:00\",\"dateModified\":\"2025-09-09T11:57:49+00:00\",\"description\":\"Avec le service de maintenance Stormshield, anticipez les \u00e9ventuels probl\u00e8mes techniques et remplacez rapidement vos produits.\",\"breadcrumb\":{\"@id\":\"https:\\\/\\\/www.stormshield.com\\\/fr\\\/besoin-accompagnement\\\/services\\\/maintenance\\\/#breadcrumb\"},\"inLanguage\":\"fr-FR\",\"potentialAction\":[{\"@type\":\"ReadAction\",\"target\":[\"https:\\\/\\\/www.stormshield.com\\\/fr\\\/besoin-accompagnement\\\/services\\\/maintenance\\\/\"]}]},{\"@type\":\"BreadcrumbList\",\"@id\":\"https:\\\/\\\/www.stormshield.com\\\/fr\\\/besoin-accompagnement\\\/services\\\/maintenance\\\/#breadcrumb\",\"itemListElement\":[{\"@type\":\"ListItem\",\"position\":1,\"name\":\"Home\",\"item\":\"https:\\\/\\\/www.stormshield.com\\\/fr\\\/\"},{\"@type\":\"ListItem\",\"position\":2,\"name\":\"Notre accompagnement\",\"item\":\"https:\\\/\\\/www.stormshield.com\\\/fr\\\/besoin-accompagnement\\\/\"},{\"@type\":\"ListItem\",\"position\":3,\"name\":\"Services\",\"item\":\"https:\\\/\\\/www.stormshield.com\\\/fr\\\/besoin-accompagnement\\\/services\\\/\"},{\"@type\":\"ListItem\",\"position\":4,\"name\":\"Maintenance\"}]},{\"@type\":\"WebSite\",\"@id\":\"https:\\\/\\\/www.stormshield.com\\\/fr\\\/#website\",\"url\":\"https:\\\/\\\/www.stormshield.com\\\/fr\\\/\",\"name\":\"Stormshield\",\"description\":\"Stormshield\",\"potentialAction\":[{\"@type\":\"SearchAction\",\"target\":{\"@type\":\"EntryPoint\",\"urlTemplate\":\"https:\\\/\\\/www.stormshield.com\\\/fr\\\/?s={search_term_string}\"},\"query-input\":{\"@type\":\"PropertyValueSpecification\",\"valueRequired\":true,\"valueName\":\"search_term_string\"}}],\"inLanguage\":\"fr-FR\"}]}<\/script>\n<!-- \/ Yoast SEO plugin. -->","yoast_head_json":{"title":"Maintenance firewall : s\u00e9curit\u00e9 et service packs | Stormshield","description":"Avec le service de maintenance Stormshield, anticipez les \u00e9ventuels probl\u00e8mes techniques et remplacez rapidement vos produits.","robots":{"index":"index","follow":"follow","max-snippet":"max-snippet:-1","max-image-preview":"max-image-preview:large","max-video-preview":"max-video-preview:-1"},"canonical":"https:\/\/www.stormshield.com\/fr\/besoin-accompagnement\/services\/maintenance\/","og_locale":"fr_FR","og_type":"article","og_title":"Maintenance firewall : s\u00e9curit\u00e9 et service packs | Stormshield","og_description":"Avec le service de maintenance Stormshield, anticipez les \u00e9ventuels probl\u00e8mes techniques et remplacez rapidement vos produits.","og_url":"https:\/\/www.stormshield.com\/fr\/besoin-accompagnement\/services\/maintenance\/","og_site_name":"Stormshield","article_modified_time":"2025-09-09T11:57:49+00:00","og_image":[{"width":204,"height":94,"url":"https:\/\/www.stormshield.com\/wp-content\/uploads\/stormshield_logo.png","type":"image\/png"}],"twitter_card":"summary_large_image","twitter_site":"@Stormshield","twitter_misc":{"Dur\u00e9e de lecture estim\u00e9e":"3 minutes"},"schema":{"@context":"https:\/\/schema.org","@graph":[{"@type":"WebPage","@id":"https:\/\/www.stormshield.com\/fr\/besoin-accompagnement\/services\/maintenance\/","url":"https:\/\/www.stormshield.com\/fr\/besoin-accompagnement\/services\/maintenance\/","name":"Maintenance firewall : s\u00e9curit\u00e9 et service packs | Stormshield","isPartOf":{"@id":"https:\/\/www.stormshield.com\/fr\/#website"},"datePublished":"2016-08-19T13:03:22+00:00","dateModified":"2025-09-09T11:57:49+00:00","description":"Avec le service de maintenance Stormshield, anticipez les \u00e9ventuels probl\u00e8mes techniques et remplacez rapidement vos produits.","breadcrumb":{"@id":"https:\/\/www.stormshield.com\/fr\/besoin-accompagnement\/services\/maintenance\/#breadcrumb"},"inLanguage":"fr-FR","potentialAction":[{"@type":"ReadAction","target":["https:\/\/www.stormshield.com\/fr\/besoin-accompagnement\/services\/maintenance\/"]}]},{"@type":"BreadcrumbList","@id":"https:\/\/www.stormshield.com\/fr\/besoin-accompagnement\/services\/maintenance\/#breadcrumb","itemListElement":[{"@type":"ListItem","position":1,"name":"Home","item":"https:\/\/www.stormshield.com\/fr\/"},{"@type":"ListItem","position":2,"name":"Notre accompagnement","item":"https:\/\/www.stormshield.com\/fr\/besoin-accompagnement\/"},{"@type":"ListItem","position":3,"name":"Services","item":"https:\/\/www.stormshield.com\/fr\/besoin-accompagnement\/services\/"},{"@type":"ListItem","position":4,"name":"Maintenance"}]},{"@type":"WebSite","@id":"https:\/\/www.stormshield.com\/fr\/#website","url":"https:\/\/www.stormshield.com\/fr\/","name":"Stormshield","description":"Stormshield","potentialAction":[{"@type":"SearchAction","target":{"@type":"EntryPoint","urlTemplate":"https:\/\/www.stormshield.com\/fr\/?s={search_term_string}"},"query-input":{"@type":"PropertyValueSpecification","valueRequired":true,"valueName":"search_term_string"}}],"inLanguage":"fr-FR"}]}},"_links":{"self":[{"href":"https:\/\/www.stormshield.com\/fr\/wp-json\/wp\/v2\/pages\/10923","targetHints":{"allow":["GET"]}}],"collection":[{"href":"https:\/\/www.stormshield.com\/fr\/wp-json\/wp\/v2\/pages"}],"about":[{"href":"https:\/\/www.stormshield.com\/fr\/wp-json\/wp\/v2\/types\/page"}],"author":[{"embeddable":true,"href":"https:\/\/www.stormshield.com\/fr\/wp-json\/wp\/v2\/users\/1"}],"replies":[{"embeddable":true,"href":"https:\/\/www.stormshield.com\/fr\/wp-json\/wp\/v2\/comments?post=10923"}],"version-history":[{"count":42,"href":"https:\/\/www.stormshield.com\/fr\/wp-json\/wp\/v2\/pages\/10923\/revisions"}],"predecessor-version":[{"id":668821,"href":"https:\/\/www.stormshield.com\/fr\/wp-json\/wp\/v2\/pages\/10923\/revisions\/668821"}],"up":[{"embeddable":true,"href":"https:\/\/www.stormshield.com\/fr\/wp-json\/wp\/v2\/pages\/22206"}],"wp:attachment":[{"href":"https:\/\/www.stormshield.com\/fr\/wp-json\/wp\/v2\/media?parent=10923"}],"curies":[{"name":"wp","href":"https:\/\/api.w.org\/{rel}","templated":true}]}}