{"id":10919,"date":"2016-08-19T13:51:25","date_gmt":"2016-08-19T12:51:25","guid":{"rendered":"https:\/\/www.stormshield.com\/fr\/?page_id=10919"},"modified":"2025-04-15T07:25:40","modified_gmt":"2025-04-15T06:25:40","slug":"support-technique","status":"publish","type":"page","link":"https:\/\/www.stormshield.com\/fr\/besoin-accompagnement\/services\/support-technique\/","title":{"rendered":"Support technique"},"content":{"rendered":"<div class=\"wpb-content-wrapper\"><p>[vc_row css_animation=\"\" row_type=\"row\" use_row_as_full_screen_section=\"no\" type=\"grid\" angled_section=\"no\" text_align=\"left\" background_image_as_pattern=\"without_pattern\" z_index=\"\" padding_top=\"50\" padding_bottom=\"50\"][vc_column][vc_empty_space][vc_column_text]<\/p>\n<h1 style=\"text-align: center;\"><span style=\"color: #00aaf5;\"><span style=\"font-weight: 300; font-size: 1.5em;\">Une r\u00e9activit\u00e9 au service de votre s\u00e9curit\u00e9 avec le <\/span><\/span><span style=\"color: #00aaf5;\"><span style=\"font-weight: 900; font-size: 1.5em;\">support technique Stormshield<\/span><\/span><\/h1>\n<p>[\/vc_column_text][\/vc_column][\/vc_row][vc_row css_animation=\"\" row_type=\"row\" use_row_as_full_screen_section=\"no\" type=\"grid\" angled_section=\"no\" text_align=\"left\" background_image_as_pattern=\"without_pattern\" z_index=\"\" padding_bottom=\"50\" css=\".vc_custom_1697804221509{background-color: #ffffff !important;}\" padding_top=\"50\"][vc_column][vc_row_inner row_type=\"row\" type=\"full_width\" text_align=\"left\" css_animation=\"\" background_color=\"#f9f9f9\" css=\".vc_custom_1697805785032{padding-top: 32px !important;padding-right: 32px !important;padding-bottom: 32px !important;padding-left: 32px !important;}\"][vc_column_inner width=\"2\/3\"][vc_column_text]<\/p>\n<h2><span style=\"color: #000; font-size: 1.2em; font-weight: 900;\">Une offre int\u00e9gr\u00e9e \u00e0 nos solutions<\/span><\/h2>\n<p><span style=\"color: #000; font-size: 1.1em;\">Vous r\u00e9pondre vite et de mani\u00e8re efficace contribue \u00e0 assurer votre cyber-s\u00e9r\u00e9nit\u00e9. M\u00eame face aux situations les plus complexes, le <a style=\"color: #000000;\" href=\"https:\/\/www.stormshield.com\/fr\/contact\/support-technique\/\" target=\"_blank\" rel=\"noopener\">support technique Stormshield<\/a> est \u00e0 vos c\u00f4t\u00e9s pour garantir la continuit\u00e9 de service et prot\u00e9ger au mieux vos utilisateurs et vos infrastructures.<\/span><\/p>\n<p><span style=\"color: #000; font-size: 1.1em;\">Le support technique Stormshield couvre l\u2019ensemble de nos solutions logicielles et mat\u00e9rielles. Le support niveau 1 est ouvert \u00e0 l\u2019ensemble de nos clients finaux et partenaires, le support niveau 2 \u00e9tant r\u00e9serv\u00e9 \u00e0 nos clients et partenaires certifi\u00e9s.<\/span>[\/vc_column_text][\/vc_column_inner][vc_column_inner width=\"1\/3\"][vc_single_image image=\"456823\" img_size=\"medium\" alignment=\"center\" qode_css_animation=\"\"][\/vc_column_inner][\/vc_row_inner][\/vc_column][\/vc_row][vc_row css_animation=\"\" row_type=\"row\" use_row_as_full_screen_section=\"no\" type=\"grid\" angled_section=\"no\" text_align=\"left\" background_image_as_pattern=\"without_pattern\" z_index=\"\" padding_bottom=\"50\"][vc_column width=\"2\/3\" css=\".vc_custom_1744698338117{padding-right: 32px !important;padding-left: 32px !important;}\"][vc_column_text]<\/p>\n<h2><span style=\"color: #000; font-size: 1.2em; font-weight: 900;\">Une disponibilit\u00e9 adapt\u00e9e \u00e0 votre activit\u00e9<\/span><\/h2>\n<p><span style=\"color: #000; font-size: 1.1em;\">Vous b\u00e9n\u00e9ficiez d\u2019une assistance et d\u2019un support technique client d\u00e9di\u00e9s de la part de nos \u00e9quipes bas\u00e9es en France pour chacune de nos trois gammes de produit (<a style=\"color: #000000;\" href=\"https:\/\/www.stormshield.com\/fr\/produits-et-services\/produits\/protection-des-reseaux\/nos-produits\/\" target=\"_blank\" rel=\"noopener\">SNS<\/a>, <a style=\"color: #000000;\" href=\"https:\/\/www.stormshield.com\/fr\/produits-et-services\/produits\/protection-des-postes-et-serveurs\/stormshield-endpoint-security\/\" target=\"_blank\" rel=\"noopener\">SES<\/a>, <a style=\"color: #000000;\" href=\"https:\/\/www.stormshield.com\/fr\/produits-et-services\/produits\/protection-des-donnees\/gamme-sds\/\" target=\"_blank\" rel=\"noopener\">SDS<\/a>). Ce service d\u2019assistance technique est disponible en fran\u00e7ais et en anglais. \u00c0 l\u2019international, nous vous proposons un support de proximit\u00e9 <a style=\"color: #000000;\" href=\"https:\/\/www.stormshield.com\/fr\/partenaires\/trouver-un-partenaire\/\" target=\"_blank\" rel=\"noopener\">via les \u00e9quipes de nos partenaires<\/a> dans plus de 40 pays et les \u00e9quipes Stormshield locales.<\/span><\/p>\n<p><span style=\"color: #000; font-size: 1.1em;\"> Une question ou un besoin particulier en mati\u00e8re de maintenance sur les produits Stormshield\u00a0? <a style=\"color: #000000;\" href=\"https:\/\/www.stormshield.com\/fr\/besoin-accompagnement\/services\/maintenance\/\" target=\"_blank\" rel=\"noopener\">Contactez-nous<\/a>. Pour toute question ou besoin sp\u00e9cial sur le support de nos produits SNS, SES ou SDS, rendez-vous sur <a style=\"color: #000000;\" href=\"https:\/\/mystormshield.eu\/\" target=\"_blank\" rel=\"noopener\">votre espace s\u00e9curis\u00e9 MyStormshield<\/a> pour ouvrir un ticket.<\/span>[\/vc_column_text][vc_empty_space]<a  itemprop=\"url\" href=\"https:\/\/www.stormshield.com\/fr\/besoin-accompagnement\/services\/maintenance\/\" target=\"_blank\" data-hover-background-color=\"#d23467\" data-hover-border-color=\"#ffffff\" class=\"qbutton  white enlarge\" style=\"border-color: #ffffff; background-color:#060051;\">Maintenance<i class=\"qode_icon_font_awesome fa fa-angle-right qode_button_icon_element\"><\/i><\/a>[vc_empty_space height=\"12px\"]<a  itemprop=\"url\" href=\"https:\/\/mystormshield.eu\/\" target=\"_blank\" data-hover-background-color=\"#d23467\" data-hover-border-color=\"#ffffff\" class=\"qbutton  white enlarge\" style=\"border-color: #ffffff; background-color:#060051;\">MyStormshield<i class=\"qode_icon_font_awesome fa fa-angle-right qode_button_icon_element\"><\/i><\/a>[\/vc_column][vc_column width=\"1\/3\" css=\".vc_custom_1697803119835{padding-top: 24px !important;padding-right: 24px !important;padding-bottom: 24px !important;padding-left: 24px !important;background-color: #060051 !important;}\"][vc_column_text]<span style=\"color: #ffffff; font-size: 1.6em;\"><strong>La garantie de l'expertise \u00e9diteur<\/strong><\/span><\/p>\n<p><span style=\"color: #ffffff; font-size: 1.1em;\">Notre support technique collabore \u00e9troitement avec nos \u00e9quipes R&amp;D pour r\u00e9pondre aux difficult\u00e9s de s\u00e9curit\u00e9 et\/ou d\u2019utilisation auxquelles vous seriez confront\u00e9s et vous faire b\u00e9n\u00e9ficier de l\u2019ensemble de notre expertise.<\/span>[\/vc_column_text][vc_empty_space][\/vc_column][\/vc_row][vc_row css_animation=\"\" row_type=\"row\" use_row_as_full_screen_section=\"no\" type=\"grid\" angled_section=\"no\" text_align=\"left\" background_image_as_pattern=\"without_pattern\" z_index=\"\" padding_bottom=\"50\" css=\".vc_custom_1697804221509{background-color: #ffffff !important;}\" padding_top=\"50\"][vc_column][vc_row_inner row_type=\"row\" type=\"full_width\" text_align=\"left\" css_animation=\"\" background_color=\"#f9f9f9\" css=\".vc_custom_1697805747463{padding-top: 32px !important;padding-right: 32px !important;padding-bottom: 32px !important;padding-left: 32px !important;}\"][vc_column_inner][vc_column_text]<span style=\"font-size: 1.1em; color: #000000;\">Une question ? Notre support technique vous r\u00e9pond au +33 (0) 9 69 329 129 (du lundi au vendredi, de 8h \u00e0 19h \u2013 heures fran\u00e7aises). Ou <a style=\"color: #000000;\" href=\"https:\/\/www.stormshield.com\/fr\/contact\/support-technique\/\" target=\"_blank\" rel=\"noopener\">contactez-nous par e-mail<\/a>.<\/span>[\/vc_column_text][vc_empty_space]<a  itemprop=\"url\" href=\"https:\/\/www.stormshield.com\/fr\/contact\/support-technique\/\" target=\"_blank\" data-hover-background-color=\"#d23467\" data-hover-border-color=\"#ffffff\" class=\"qbutton  white enlarge\" style=\"border-color: #ffffff; background-color:#060051;\">Contact<i class=\"qode_icon_font_awesome fa fa-angle-right qode_button_icon_element\"><\/i><\/a>[vc_empty_space][\/vc_column_inner][\/vc_row_inner][\/vc_column][\/vc_row]<\/p>\n<\/div>","protected":false},"excerpt":{"rendered":"<p>[vc_row css_animation=\u00a0\u00bb\u00a0\u00bb row_type=\u00a0\u00bbrow\u00a0\u00bb use_row_as_full_screen_section=\u00a0\u00bbno\u00a0\u00bb type=\u00a0\u00bbgrid\u00a0\u00bb angled_section=\u00a0\u00bbno\u00a0\u00bb text_align=\u00a0\u00bbleft\u00a0\u00bb background_image_as_pattern=\u00a0\u00bbwithout_pattern\u00a0\u00bb z_index=\u00a0\u00bb\u00a0\u00bb padding_top=\u00a0\u00bb50&Prime; padding_bottom=\u00a0\u00bb50&Prime;][vc_column][vc_empty_space][vc_column_text] Une r\u00e9activit\u00e9 au service de votre s\u00e9curit\u00e9 avec le support technique Stormshield [\/vc_column_text][\/vc_column][\/vc_row][vc_row css_animation=\u00a0\u00bb\u00a0\u00bb row_type=\u00a0\u00bbrow\u00a0\u00bb use_row_as_full_screen_section=\u00a0\u00bbno\u00a0\u00bb type=\u00a0\u00bbgrid\u00a0\u00bb angled_section=\u00a0\u00bbno\u00a0\u00bb text_align=\u00a0\u00bbleft\u00a0\u00bb background_image_as_pattern=\u00a0\u00bbwithout_pattern\u00a0\u00bb z_index=\u00a0\u00bb\u00a0\u00bb padding_bottom=\u00a0\u00bb50&Prime; css=\u00a0\u00bb.vc_custom_1697804221509{background-color: #ffffff !important;}\u00a0\u00bb padding_top=\u00a0\u00bb50&Prime;][vc_column][vc_row_inner row_type=\u00a0\u00bbrow\u00a0\u00bb type=\u00a0\u00bbfull_width\u00a0\u00bb text_align=\u00a0\u00bbleft\u00a0\u00bb css_animation=\u00a0\u00bb\u00a0\u00bb background_color=\u00a0\u00bb#f9f9f9&Prime; css=\u00a0\u00bb.vc_custom_1697805785032{padding-top: 32px !important;padding-right:&#8230;<\/p>\n","protected":false},"author":1,"featured_media":0,"parent":22206,"menu_order":75,"comment_status":"closed","ping_status":"closed","template":"full_width.php","meta":{"_acf_changed":false,"footnotes":""},"class_list":["post-10919","page","type-page","status-publish","hentry"],"acf":[],"yoast_head":"<!-- This site is optimized with the Yoast SEO plugin v27.0 - https:\/\/yoast.com\/product\/yoast-seo-wordpress\/ -->\n<title>Notre \u00e9quipe de support technique d\u00e9di\u00e9e | Stormshield<\/title>\n<meta name=\"description\" content=\"L&#039;\u00e9quipe de support technique Stormshield vous assure une continuit\u00e9 de service afin de prot\u00e9ger au mieux vos utilisateurs et infrastructure.\" \/>\n<meta name=\"robots\" content=\"index, follow, max-snippet:-1, max-image-preview:large, max-video-preview:-1\" \/>\n<link rel=\"canonical\" href=\"https:\/\/www.stormshield.com\/fr\/besoin-accompagnement\/services\/support-technique\/\" \/>\n<meta property=\"og:locale\" content=\"fr_FR\" \/>\n<meta property=\"og:type\" content=\"article\" \/>\n<meta property=\"og:title\" content=\"Notre \u00e9quipe de support technique d\u00e9di\u00e9e | Stormshield\" \/>\n<meta property=\"og:description\" content=\"L&#039;\u00e9quipe de support technique Stormshield vous assure une continuit\u00e9 de service afin de prot\u00e9ger au mieux vos utilisateurs et infrastructure.\" \/>\n<meta property=\"og:url\" content=\"https:\/\/www.stormshield.com\/fr\/besoin-accompagnement\/services\/support-technique\/\" \/>\n<meta property=\"og:site_name\" content=\"Stormshield\" \/>\n<meta property=\"article:modified_time\" content=\"2025-04-15T06:25:40+00:00\" \/>\n<meta property=\"og:image\" content=\"https:\/\/www.stormshield.com\/wp-content\/uploads\/stormshield_logo.png\" \/>\n\t<meta property=\"og:image:width\" content=\"204\" \/>\n\t<meta property=\"og:image:height\" content=\"94\" \/>\n\t<meta property=\"og:image:type\" content=\"image\/png\" \/>\n<meta name=\"twitter:card\" content=\"summary_large_image\" \/>\n<meta name=\"twitter:site\" content=\"@Stormshield\" \/>\n<meta name=\"twitter:label1\" content=\"Dur\u00e9e de lecture estim\u00e9e\" \/>\n\t<meta name=\"twitter:data1\" content=\"2 minutes\" \/>\n<script type=\"application\/ld+json\" class=\"yoast-schema-graph\">{\"@context\":\"https:\/\/schema.org\",\"@graph\":[{\"@type\":\"WebPage\",\"@id\":\"https:\/\/www.stormshield.com\/fr\/besoin-accompagnement\/services\/support-technique\/\",\"url\":\"https:\/\/www.stormshield.com\/fr\/besoin-accompagnement\/services\/support-technique\/\",\"name\":\"Notre \u00e9quipe de support technique d\u00e9di\u00e9e | Stormshield\",\"isPartOf\":{\"@id\":\"https:\/\/www.stormshield.com\/fr\/#website\"},\"datePublished\":\"2016-08-19T12:51:25+00:00\",\"dateModified\":\"2025-04-15T06:25:40+00:00\",\"description\":\"L'\u00e9quipe de support technique Stormshield vous assure une continuit\u00e9 de service afin de prot\u00e9ger au mieux vos utilisateurs et infrastructure.\",\"breadcrumb\":{\"@id\":\"https:\/\/www.stormshield.com\/fr\/besoin-accompagnement\/services\/support-technique\/#breadcrumb\"},\"inLanguage\":\"fr-FR\",\"potentialAction\":[{\"@type\":\"ReadAction\",\"target\":[\"https:\/\/www.stormshield.com\/fr\/besoin-accompagnement\/services\/support-technique\/\"]}]},{\"@type\":\"BreadcrumbList\",\"@id\":\"https:\/\/www.stormshield.com\/fr\/besoin-accompagnement\/services\/support-technique\/#breadcrumb\",\"itemListElement\":[{\"@type\":\"ListItem\",\"position\":1,\"name\":\"Home\",\"item\":\"https:\/\/www.stormshield.com\/fr\/\"},{\"@type\":\"ListItem\",\"position\":2,\"name\":\"Notre accompagnement\",\"item\":\"https:\/\/www.stormshield.com\/fr\/besoin-accompagnement\/\"},{\"@type\":\"ListItem\",\"position\":3,\"name\":\"Services\",\"item\":\"https:\/\/www.stormshield.com\/fr\/besoin-accompagnement\/services\/\"},{\"@type\":\"ListItem\",\"position\":4,\"name\":\"Support technique\"}]},{\"@type\":\"WebSite\",\"@id\":\"https:\/\/www.stormshield.com\/fr\/#website\",\"url\":\"https:\/\/www.stormshield.com\/fr\/\",\"name\":\"Stormshield\",\"description\":\"Stormshield\",\"potentialAction\":[{\"@type\":\"SearchAction\",\"target\":{\"@type\":\"EntryPoint\",\"urlTemplate\":\"https:\/\/www.stormshield.com\/fr\/?s={search_term_string}\"},\"query-input\":{\"@type\":\"PropertyValueSpecification\",\"valueRequired\":true,\"valueName\":\"search_term_string\"}}],\"inLanguage\":\"fr-FR\"}]}<\/script>\n<!-- \/ Yoast SEO plugin. -->","yoast_head_json":{"title":"Notre \u00e9quipe de support technique d\u00e9di\u00e9e | Stormshield","description":"L'\u00e9quipe de support technique Stormshield vous assure une continuit\u00e9 de service afin de prot\u00e9ger au mieux vos utilisateurs et infrastructure.","robots":{"index":"index","follow":"follow","max-snippet":"max-snippet:-1","max-image-preview":"max-image-preview:large","max-video-preview":"max-video-preview:-1"},"canonical":"https:\/\/www.stormshield.com\/fr\/besoin-accompagnement\/services\/support-technique\/","og_locale":"fr_FR","og_type":"article","og_title":"Notre \u00e9quipe de support technique d\u00e9di\u00e9e | Stormshield","og_description":"L'\u00e9quipe de support technique Stormshield vous assure une continuit\u00e9 de service afin de prot\u00e9ger au mieux vos utilisateurs et infrastructure.","og_url":"https:\/\/www.stormshield.com\/fr\/besoin-accompagnement\/services\/support-technique\/","og_site_name":"Stormshield","article_modified_time":"2025-04-15T06:25:40+00:00","og_image":[{"width":204,"height":94,"url":"https:\/\/www.stormshield.com\/wp-content\/uploads\/stormshield_logo.png","type":"image\/png"}],"twitter_card":"summary_large_image","twitter_site":"@Stormshield","twitter_misc":{"Dur\u00e9e de lecture estim\u00e9e":"2 minutes"},"schema":{"@context":"https:\/\/schema.org","@graph":[{"@type":"WebPage","@id":"https:\/\/www.stormshield.com\/fr\/besoin-accompagnement\/services\/support-technique\/","url":"https:\/\/www.stormshield.com\/fr\/besoin-accompagnement\/services\/support-technique\/","name":"Notre \u00e9quipe de support technique d\u00e9di\u00e9e | Stormshield","isPartOf":{"@id":"https:\/\/www.stormshield.com\/fr\/#website"},"datePublished":"2016-08-19T12:51:25+00:00","dateModified":"2025-04-15T06:25:40+00:00","description":"L'\u00e9quipe de support technique Stormshield vous assure une continuit\u00e9 de service afin de prot\u00e9ger au mieux vos utilisateurs et infrastructure.","breadcrumb":{"@id":"https:\/\/www.stormshield.com\/fr\/besoin-accompagnement\/services\/support-technique\/#breadcrumb"},"inLanguage":"fr-FR","potentialAction":[{"@type":"ReadAction","target":["https:\/\/www.stormshield.com\/fr\/besoin-accompagnement\/services\/support-technique\/"]}]},{"@type":"BreadcrumbList","@id":"https:\/\/www.stormshield.com\/fr\/besoin-accompagnement\/services\/support-technique\/#breadcrumb","itemListElement":[{"@type":"ListItem","position":1,"name":"Home","item":"https:\/\/www.stormshield.com\/fr\/"},{"@type":"ListItem","position":2,"name":"Notre accompagnement","item":"https:\/\/www.stormshield.com\/fr\/besoin-accompagnement\/"},{"@type":"ListItem","position":3,"name":"Services","item":"https:\/\/www.stormshield.com\/fr\/besoin-accompagnement\/services\/"},{"@type":"ListItem","position":4,"name":"Support technique"}]},{"@type":"WebSite","@id":"https:\/\/www.stormshield.com\/fr\/#website","url":"https:\/\/www.stormshield.com\/fr\/","name":"Stormshield","description":"Stormshield","potentialAction":[{"@type":"SearchAction","target":{"@type":"EntryPoint","urlTemplate":"https:\/\/www.stormshield.com\/fr\/?s={search_term_string}"},"query-input":{"@type":"PropertyValueSpecification","valueRequired":true,"valueName":"search_term_string"}}],"inLanguage":"fr-FR"}]}},"_links":{"self":[{"href":"https:\/\/www.stormshield.com\/fr\/wp-json\/wp\/v2\/pages\/10919","targetHints":{"allow":["GET"]}}],"collection":[{"href":"https:\/\/www.stormshield.com\/fr\/wp-json\/wp\/v2\/pages"}],"about":[{"href":"https:\/\/www.stormshield.com\/fr\/wp-json\/wp\/v2\/types\/page"}],"author":[{"embeddable":true,"href":"https:\/\/www.stormshield.com\/fr\/wp-json\/wp\/v2\/users\/1"}],"replies":[{"embeddable":true,"href":"https:\/\/www.stormshield.com\/fr\/wp-json\/wp\/v2\/comments?post=10919"}],"version-history":[{"count":41,"href":"https:\/\/www.stormshield.com\/fr\/wp-json\/wp\/v2\/pages\/10919\/revisions"}],"predecessor-version":[{"id":630131,"href":"https:\/\/www.stormshield.com\/fr\/wp-json\/wp\/v2\/pages\/10919\/revisions\/630131"}],"up":[{"embeddable":true,"href":"https:\/\/www.stormshield.com\/fr\/wp-json\/wp\/v2\/pages\/22206"}],"wp:attachment":[{"href":"https:\/\/www.stormshield.com\/fr\/wp-json\/wp\/v2\/media?parent=10919"}],"curies":[{"name":"wp","href":"https:\/\/api.w.org\/{rel}","templated":true}]}}