{"id":10362,"date":"2016-06-03T11:20:16","date_gmt":"2016-06-03T10:20:16","guid":{"rendered":"https:\/\/www.stormshield.com\/fr\/?page_id=10362"},"modified":"2025-11-03T11:52:45","modified_gmt":"2025-11-03T10:52:45","slug":"contact","status":"publish","type":"page","link":"https:\/\/www.stormshield.com\/fr\/contact\/","title":{"rendered":"Contact"},"content":{"rendered":"<div class=\"wpb-content-wrapper\"><p>[vc_row css_animation=\"\" row_type=\"row\" use_row_as_full_screen_section=\"no\" type=\"grid\" angled_section=\"no\" text_align=\"center\" background_image_as_pattern=\"without_pattern\" background_image=\"27233\" el_class=\"pageContact typoWhite padding120\"][vc_column][vc_column_text]<\/p>\n<p style=\"text-align: center;\"><span style=\"text-transform: uppercase; font-size: 30pt; color: #ffffff;\"><strong>Contactez-nous<\/strong><\/span><\/p>\n<p style=\"text-align: center;\"><span style=\"color: #ffffff;\">Quel est l'objet de votre demande ?<\/span><\/p>\n<p>[\/vc_column_text][vc_empty_space][vc_row_inner row_type=\"row\" type=\"full_width\" text_align=\"left\" css_animation=\"\"][vc_column_inner width=\"1\/6\"][\/vc_column_inner][vc_column_inner width=\"2\/6\"]<a  itemprop=\"url\" href=\"https:\/\/www.stormshield.com\/fr\/contact\/service-commercial\/\" target=\"_self\"  class=\"qbutton  big_large_full_width white default\" style=\"\">Service commercial<\/a><a  itemprop=\"url\" href=\"https:\/\/www.stormshield.com\/fr\/contact\/ressources-humaines\/\" target=\"_self\"  class=\"qbutton  big_large_full_width white default\" style=\"\">Ressources humaines<\/a><a  itemprop=\"url\" href=\"https:\/\/www.stormshield.com\/fr\/contact\/formation\/\" target=\"_self\"  class=\"qbutton  big_large_full_width white default\" style=\"\">Formation<\/a><a  itemprop=\"url\" href=\"https:\/\/www.stormshield.com\/fr\/contact\/equipe-securite\/\" target=\"_self\"  class=\"qbutton  big_large_full_width white default\" style=\"\">\u00c9quipe s\u00e9curit\u00e9<\/a><a  itemprop=\"url\" href=\"https:\/\/www.stormshield.com\/fr\/contact\/autre-demande\/\" target=\"_self\"  class=\"qbutton  big_large_full_width white default\" style=\"\">Autre demande<\/a>[\/vc_column_inner][vc_column_inner width=\"2\/6\"]<a  itemprop=\"url\" href=\"https:\/\/www.stormshield.com\/fr\/contact\/support-technique\/\" target=\"_self\"  class=\"qbutton  big_large_full_width white default\" style=\"\">Support technique<\/a><a  itemprop=\"url\" href=\"https:\/\/www.stormshield.com\/fr\/contact\/partenaires\/\" target=\"_self\"  class=\"qbutton  big_large_full_width white default\" style=\"\">Partenaires<\/a><a  itemprop=\"url\" href=\"https:\/\/www.stormshield.com\/fr\/contact\/stormshield-academy\/\" target=\"_self\"  class=\"qbutton  big_large_full_width white default\" style=\"\">Stormshield Academy<\/a><a  itemprop=\"url\" href=\"https:\/\/www.stormshield.com\/fr\/contact\/presse\/\" target=\"_self\"  class=\"qbutton  big_large_full_width white default\" style=\"\">Presse<\/a>[\/vc_column_inner][vc_column_inner width=\"1\/6\"][\/vc_column_inner][\/vc_row_inner][\/vc_column][\/vc_row][vc_row css_animation=\"\" row_type=\"row\" use_row_as_full_screen_section=\"no\" type=\"grid\" angled_section=\"no\" text_align=\"left\" background_image_as_pattern=\"without_pattern\" el_class=\"fond_polygone_simple padding120\"][vc_column width=\"1\/2\"][vc_single_image image=\"9\" img_size=\"full\" alignment=\"center\" qode_css_animation=\"\"][\/vc_column][vc_column width=\"1\/2\"][vc_column_text]<\/p>\n<p style=\"text-align: left;\"><span style=\"text-transform: uppercase; font-size: 30pt; color: #000;\">Si\u00e8ge social<\/span><\/p>\n<p>22, rue du Gouverneur G\u00e9n\u00e9ral \u00c9bou\u00e9<br \/>\n92130 Issy-les-Moulineaux[\/vc_column_text][\/vc_column][\/vc_row]<\/p>\n<\/div>","protected":false},"excerpt":{"rendered":"<p>[vc_row css_animation=\u00a0\u00bb\u00a0\u00bb row_type=\u00a0\u00bbrow\u00a0\u00bb use_row_as_full_screen_section=\u00a0\u00bbno\u00a0\u00bb type=\u00a0\u00bbgrid\u00a0\u00bb angled_section=\u00a0\u00bbno\u00a0\u00bb text_align=\u00a0\u00bbcenter\u00a0\u00bb background_image_as_pattern=\u00a0\u00bbwithout_pattern\u00a0\u00bb background_image=\u00a0\u00bb27233&Prime; el_class=\u00a0\u00bbpageContact typoWhite padding120&Prime;][vc_column][vc_column_text] Contactez-nous Quel est l&rsquo;objet de votre demande ? [\/vc_column_text][vc_empty_space][vc_row_inner row_type=\u00a0\u00bbrow\u00a0\u00bb type=\u00a0\u00bbfull_width\u00a0\u00bb text_align=\u00a0\u00bbleft\u00a0\u00bb css_animation=\u00a0\u00bb\u00a0\u00bb][vc_column_inner width=\u00a0\u00bb1\/6&Prime;][\/vc_column_inner][vc_column_inner width=\u00a0\u00bb2\/6&Prime;][\/vc_column_inner][vc_column_inner width=\u00a0\u00bb2\/6&Prime;][\/vc_column_inner][vc_column_inner width=\u00a0\u00bb1\/6&Prime;][\/vc_column_inner][\/vc_row_inner][\/vc_column][\/vc_row][vc_row css_animation=\u00a0\u00bb\u00a0\u00bb row_type=\u00a0\u00bbrow\u00a0\u00bb use_row_as_full_screen_section=\u00a0\u00bbno\u00a0\u00bb type=\u00a0\u00bbgrid\u00a0\u00bb angled_section=\u00a0\u00bbno\u00a0\u00bb text_align=\u00a0\u00bbleft\u00a0\u00bb background_image_as_pattern=\u00a0\u00bbwithout_pattern\u00a0\u00bb el_class=\u00a0\u00bbfond_polygone_simple padding120&Prime;][vc_column width=\u00a0\u00bb1\/2&Prime;][vc_single_image image=\u00a0\u00bb9&Prime; img_size=\u00a0\u00bbfull\u00a0\u00bb alignment=\u00a0\u00bbcenter\u00a0\u00bb qode_css_animation=\u00a0\u00bb\u00a0\u00bb][\/vc_column][vc_column width=\u00a0\u00bb1\/2&Prime;][vc_column_text] Si\u00e8ge&#8230;<\/p>\n","protected":false},"author":1,"featured_media":0,"parent":0,"menu_order":472,"comment_status":"closed","ping_status":"closed","template":"full_width.php","meta":{"_acf_changed":false,"footnotes":""},"class_list":["post-10362","page","type-page","status-publish","hentry"],"acf":[],"yoast_head":"<!-- This site is optimized with the Yoast SEO plugin v27.0 - https:\/\/yoast.com\/product\/yoast-seo-wordpress\/ -->\n<title>Contact : contactez nos experts et services | Stormshield<\/title>\n<meta name=\"description\" content=\"Vous souhaitez entrer en contact avec l&#039;un des services de Stormshield ? Soumettez votre demande au service appropri\u00e9.\" \/>\n<meta name=\"robots\" content=\"index, follow, max-snippet:-1, max-image-preview:large, max-video-preview:-1\" \/>\n<link rel=\"canonical\" href=\"https:\/\/www.stormshield.com\/fr\/contact\/\" \/>\n<meta property=\"og:locale\" content=\"fr_FR\" \/>\n<meta property=\"og:type\" content=\"article\" \/>\n<meta property=\"og:title\" content=\"Contact : contactez nos experts et services | Stormshield\" \/>\n<meta property=\"og:description\" content=\"Vous souhaitez entrer en contact avec l&#039;un des services de Stormshield ? Soumettez votre demande au service appropri\u00e9.\" \/>\n<meta property=\"og:url\" content=\"https:\/\/www.stormshield.com\/fr\/contact\/\" \/>\n<meta property=\"og:site_name\" content=\"Stormshield\" \/>\n<meta property=\"article:modified_time\" content=\"2025-11-03T10:52:45+00:00\" \/>\n<meta property=\"og:image\" content=\"https:\/\/www.stormshield.com\/wp-content\/uploads\/stormshield_logo.png\" \/>\n\t<meta property=\"og:image:width\" content=\"204\" \/>\n\t<meta property=\"og:image:height\" content=\"94\" \/>\n\t<meta property=\"og:image:type\" content=\"image\/png\" \/>\n<meta name=\"twitter:card\" content=\"summary_large_image\" \/>\n<meta name=\"twitter:site\" content=\"@Stormshield\" \/>\n<meta name=\"twitter:label1\" content=\"Dur\u00e9e de lecture estim\u00e9e\" \/>\n\t<meta name=\"twitter:data1\" content=\"1 minute\" \/>\n<script type=\"application\/ld+json\" class=\"yoast-schema-graph\">{\"@context\":\"https:\/\/schema.org\",\"@graph\":[{\"@type\":\"WebPage\",\"@id\":\"https:\/\/www.stormshield.com\/fr\/contact\/\",\"url\":\"https:\/\/www.stormshield.com\/fr\/contact\/\",\"name\":\"Contact : contactez nos experts et services | Stormshield\",\"isPartOf\":{\"@id\":\"https:\/\/www.stormshield.com\/fr\/#website\"},\"datePublished\":\"2016-06-03T10:20:16+00:00\",\"dateModified\":\"2025-11-03T10:52:45+00:00\",\"description\":\"Vous souhaitez entrer en contact avec l'un des services de Stormshield ? Soumettez votre demande au service appropri\u00e9.\",\"breadcrumb\":{\"@id\":\"https:\/\/www.stormshield.com\/fr\/contact\/#breadcrumb\"},\"inLanguage\":\"fr-FR\",\"potentialAction\":[{\"@type\":\"ReadAction\",\"target\":[\"https:\/\/www.stormshield.com\/fr\/contact\/\"]}]},{\"@type\":\"BreadcrumbList\",\"@id\":\"https:\/\/www.stormshield.com\/fr\/contact\/#breadcrumb\",\"itemListElement\":[{\"@type\":\"ListItem\",\"position\":1,\"name\":\"Home\",\"item\":\"https:\/\/www.stormshield.com\/fr\/\"},{\"@type\":\"ListItem\",\"position\":2,\"name\":\"Contact\"}]},{\"@type\":\"WebSite\",\"@id\":\"https:\/\/www.stormshield.com\/fr\/#website\",\"url\":\"https:\/\/www.stormshield.com\/fr\/\",\"name\":\"Stormshield\",\"description\":\"Stormshield\",\"potentialAction\":[{\"@type\":\"SearchAction\",\"target\":{\"@type\":\"EntryPoint\",\"urlTemplate\":\"https:\/\/www.stormshield.com\/fr\/?s={search_term_string}\"},\"query-input\":{\"@type\":\"PropertyValueSpecification\",\"valueRequired\":true,\"valueName\":\"search_term_string\"}}],\"inLanguage\":\"fr-FR\"}]}<\/script>\n<!-- \/ Yoast SEO plugin. -->","yoast_head_json":{"title":"Contact : contactez nos experts et services | Stormshield","description":"Vous souhaitez entrer en contact avec l'un des services de Stormshield ? Soumettez votre demande au service appropri\u00e9.","robots":{"index":"index","follow":"follow","max-snippet":"max-snippet:-1","max-image-preview":"max-image-preview:large","max-video-preview":"max-video-preview:-1"},"canonical":"https:\/\/www.stormshield.com\/fr\/contact\/","og_locale":"fr_FR","og_type":"article","og_title":"Contact : contactez nos experts et services | Stormshield","og_description":"Vous souhaitez entrer en contact avec l'un des services de Stormshield ? Soumettez votre demande au service appropri\u00e9.","og_url":"https:\/\/www.stormshield.com\/fr\/contact\/","og_site_name":"Stormshield","article_modified_time":"2025-11-03T10:52:45+00:00","og_image":[{"width":204,"height":94,"url":"https:\/\/www.stormshield.com\/wp-content\/uploads\/stormshield_logo.png","type":"image\/png"}],"twitter_card":"summary_large_image","twitter_site":"@Stormshield","twitter_misc":{"Dur\u00e9e de lecture estim\u00e9e":"1 minute"},"schema":{"@context":"https:\/\/schema.org","@graph":[{"@type":"WebPage","@id":"https:\/\/www.stormshield.com\/fr\/contact\/","url":"https:\/\/www.stormshield.com\/fr\/contact\/","name":"Contact : contactez nos experts et services | Stormshield","isPartOf":{"@id":"https:\/\/www.stormshield.com\/fr\/#website"},"datePublished":"2016-06-03T10:20:16+00:00","dateModified":"2025-11-03T10:52:45+00:00","description":"Vous souhaitez entrer en contact avec l'un des services de Stormshield ? Soumettez votre demande au service appropri\u00e9.","breadcrumb":{"@id":"https:\/\/www.stormshield.com\/fr\/contact\/#breadcrumb"},"inLanguage":"fr-FR","potentialAction":[{"@type":"ReadAction","target":["https:\/\/www.stormshield.com\/fr\/contact\/"]}]},{"@type":"BreadcrumbList","@id":"https:\/\/www.stormshield.com\/fr\/contact\/#breadcrumb","itemListElement":[{"@type":"ListItem","position":1,"name":"Home","item":"https:\/\/www.stormshield.com\/fr\/"},{"@type":"ListItem","position":2,"name":"Contact"}]},{"@type":"WebSite","@id":"https:\/\/www.stormshield.com\/fr\/#website","url":"https:\/\/www.stormshield.com\/fr\/","name":"Stormshield","description":"Stormshield","potentialAction":[{"@type":"SearchAction","target":{"@type":"EntryPoint","urlTemplate":"https:\/\/www.stormshield.com\/fr\/?s={search_term_string}"},"query-input":{"@type":"PropertyValueSpecification","valueRequired":true,"valueName":"search_term_string"}}],"inLanguage":"fr-FR"}]}},"_links":{"self":[{"href":"https:\/\/www.stormshield.com\/fr\/wp-json\/wp\/v2\/pages\/10362","targetHints":{"allow":["GET"]}}],"collection":[{"href":"https:\/\/www.stormshield.com\/fr\/wp-json\/wp\/v2\/pages"}],"about":[{"href":"https:\/\/www.stormshield.com\/fr\/wp-json\/wp\/v2\/types\/page"}],"author":[{"embeddable":true,"href":"https:\/\/www.stormshield.com\/fr\/wp-json\/wp\/v2\/users\/1"}],"replies":[{"embeddable":true,"href":"https:\/\/www.stormshield.com\/fr\/wp-json\/wp\/v2\/comments?post=10362"}],"version-history":[{"count":24,"href":"https:\/\/www.stormshield.com\/fr\/wp-json\/wp\/v2\/pages\/10362\/revisions"}],"predecessor-version":[{"id":691712,"href":"https:\/\/www.stormshield.com\/fr\/wp-json\/wp\/v2\/pages\/10362\/revisions\/691712"}],"wp:attachment":[{"href":"https:\/\/www.stormshield.com\/fr\/wp-json\/wp\/v2\/media?parent=10362"}],"curies":[{"name":"wp","href":"https:\/\/api.w.org\/{rel}","templated":true}]}}