{"id":497826,"date":"2024-03-25T05:00:10","date_gmt":"2024-03-25T04:00:10","guid":{"rendered":"https:\/\/www.stormshield.com\/?page_id=497826"},"modified":"2025-12-15T08:45:48","modified_gmt":"2025-12-15T07:45:48","slug":"productos-certificados-y-cualificados","status":"publish","type":"page","link":"https:\/\/www.stormshield.com\/es\/productos-certificados-y-cualificados\/","title":{"rendered":"Los productos Stormshield certificados y cualificados"},"content":{"rendered":"<div class=\"wpb-content-wrapper\"><p>[vc_row css_animation=\"\" row_type=\"row\" use_row_as_full_screen_section=\"no\" type=\"grid\" angled_section=\"no\" text_align=\"left\" background_image_as_pattern=\"without_pattern\" z_index=\"\" padding_bottom=\"50\" css=\".vc_custom_1691152413621{background-color: #ffffff !important;}\" padding_top=\"50\"][vc_column][vc_row_inner row_type=\"row\" type=\"grid\" text_align=\"left\" css_animation=\"\"][vc_column_inner width=\"1\/6\"][\/vc_column_inner][vc_column_inner width=\"4\/6\"][vc_empty_space][vc_column_text]<\/p>\n<h1 style=\"text-align: center;\"><span style=\"color: #060051;\"><span style=\"font-weight: 900; font-size: 1.6em;\">Los productos Stormshield certificados y cualificados<\/span><\/span><\/h1>\n<p>[\/vc_column_text][vc_empty_space][\/vc_column_inner][vc_column_inner width=\"1\/6\"][\/vc_column_inner][\/vc_row_inner][\/vc_column][\/vc_row][vc_row css_animation=\"\" row_type=\"row\" use_row_as_full_screen_section=\"no\" type=\"grid\" angled_section=\"no\" text_align=\"left\" background_image_as_pattern=\"without_pattern\" z_index=\"\" padding_bottom=\"50\" css=\".vc_custom_1691155244672{background-color: #ffffff !important;}\"][vc_column][vc_row_inner row_type=\"row\" type=\"grid\" text_align=\"left\" css_animation=\"\" background_color=\"#f9f9f9\" css=\".vc_custom_1708093687482{padding-top: 32px !important;padding-right: 32px !important;padding-bottom: 32px !important;padding-left: 32px !important;}\"][vc_column_inner width=\"2\/3\"][vc_column_text]<\/p>\n<h2 style=\"text-align: left;\"><span style=\"color: #000; font-weight: 900; font-size: 1.2em;\">Certificaci\u00f3n, cualificaci\u00f3n de productos de ciberseguridad: conf\u00edan en nosotros<\/span><\/h2>\n<p>[\/vc_column_text][vc_column_text]<\/p>\n<p style=\"text-align: left;\"><span style=\"color: #000000; font-size: 1.1em;\">La confianza es una cuesti\u00f3n central cuando se trata de soluciones de ciberseguridad, ya que de ella depende la eficacia de estas soluciones. Esta es la raz\u00f3n por la que la tecnolog\u00eda de las diferentes soluciones Stormshield se desarrolla apuntando a los m\u00e1s altos niveles de certificaci\u00f3n del mercado. <strong>Un proceso continuo, reconocido por las autoridades europeas e internacionales competentes, como la ANSSI en Francia o el CCN en Espa\u00f1a.<\/strong><\/span><\/p>\n<p style=\"text-align: left;\"><span style=\"color: #000000; font-size: 1.1em;\">Sellos que avalan la estrategia de Stormshield para una ciberseguridad europea de confianza y garantizan un nivel de protecci\u00f3n adecuado para la informaci\u00f3n estrat\u00e9gica de las empresas y organizaciones m\u00e1s sensibles.<\/span><\/p>\n<p>[\/vc_column_text][vc_empty_space][\/vc_column_inner][vc_column_inner width=\"1\/3\" css=\".vc_custom_1691155193842{padding-top: 32px !important;padding-right: 32px !important;padding-bottom: 32px !important;padding-left: 32px !important;}\"][vc_single_image image=\"255859\" img_size=\"medium\" alignment=\"center\" qode_css_animation=\"\"][vc_empty_space][\/vc_column_inner][\/vc_row_inner][\/vc_column][\/vc_row][vc_row css_animation=\"\" row_type=\"row\" use_row_as_full_screen_section=\"no\" type=\"grid\" angled_section=\"no\" text_align=\"left\" background_image_as_pattern=\"without_pattern\" z_index=\"\" padding_top=\"50\" padding_bottom=\"50\" css=\".vc_custom_1708594841165{background-color: #ffffff !important;}\"][vc_column][vc_row_inner row_type=\"row\" type=\"full_width\" text_align=\"left\" css_animation=\"\"][vc_column_inner width=\"1\/2\"][vc_column_text css=\"\"]<\/p>\n<h3 style=\"text-align: right;\"><span style=\"color: #000; font-weight: 900; font-size: 1.2em;\">Certificaciones y cualificaciones Stormshield Network Security<\/span><\/h3>\n<p style=\"text-align: right;\"><span style=\"color: #000000; font-size: 1.1em;\">Nuestra soluci\u00f3n de software Stormshield Network Security (SNS) cuenta a d\u00eda de hoy con la certificaci\u00f3n y cualificaci\u00f3n de varias entidades internacionales: CCN-LINCE con su doble sello de <a href=\"https:\/\/cpstic.ccn.cni.es\/es\/catalogo-productos-servicios-stic\/495-stormshield-network-security-utm-ng-firewall-appliances-desde-sn210-a-sn6100-en-4-compilaciones-distintas-s-m-l-y-xl-4-3?ic=1\" target=\"_blank\" rel=\"noopener\">Producto Aprobado y Producto Cualificado<\/a>, y ANSSI con su <a href=\"https:\/\/cyber.gouv.fr\/offre-de-service\/solutions-certifiees-et-qualifiees\/services-de-securite-evalue\/decouvrir-les-solutions-certifiees-qualifiees\/\" target=\"_blank\" rel=\"noopener\">Cualificaci\u00f3n Standard<\/a>. En relaci\u00f3n con la cualificaci\u00f3n francesa, el firmware SNS dispone de una <a href=\"https:\/\/cyber.gouv.fr\/produits-certifies\/utm-ng-firewall-software-suite-version-43122-s-m-xl\" target=\"_blank\" rel=\"noopener\">certificaci\u00f3n Crit\u00e8res Communs EAL4+<\/a>.<\/span><\/p>\n<p>[\/vc_column_text][vc_empty_space][\/vc_column_inner][vc_column_inner width=\"1\/2\"][vc_empty_space][vc_single_image image=\"255520\" img_size=\"medium\" qode_css_animation=\"\"][vc_empty_space][\/vc_column_inner][\/vc_row_inner][vc_row_inner row_type=\"row\" type=\"full_width\" text_align=\"left\" css_animation=\"\"][vc_column_inner width=\"1\/2\"][vc_empty_space][vc_single_image image=\"255580\" img_size=\"medium\" alignment=\"right\" qode_css_animation=\"\"][vc_empty_space][\/vc_column_inner][vc_column_inner width=\"1\/2\"][vc_column_text css=\"\"]<\/p>\n<h3 style=\"text-align: left;\"><span style=\"color: #000; font-weight: 900; font-size: 1.2em;\">Certificaciones y cualificaciones Stormshield Endpoint Security<\/span><\/h3>\n<p style=\"text-align: left;\"><span style=\"color: #000000; font-size: 1.1em;\">Nuestra soluci\u00f3n de software Stormshield Endpoint Security Evolution tiene actualmente la certificaci\u00f3n y cualificaci\u00f3n de varias entidades internacionales: ANSSI con su <a href=\"https:\/\/cyber.gouv.fr\/produits-certifies\/stormshield-endpoint-security-evolution-version-243\" target=\"_blank\" rel=\"noopener\">certificaci\u00f3n CSPN<\/a>, CCN-LINCE con su <a href=\"https:\/\/cpstic.ccn.cni.es\/en\/catalogue\/27-stormshield-endpoint-security-evolution2-5-3?ic=1\" target=\"_blank\" rel=\"noopener\">sello de Producto Cualificado<\/a> y OPSWAT con su <a href=\"https:\/\/www.opswat.com\/partners\/stormshield\" target=\"_blank\" rel=\"noopener\">certificaci\u00f3n Gold<\/a>.<\/span><\/p>\n<p>[\/vc_column_text][vc_empty_space][\/vc_column_inner][\/vc_row_inner][vc_row_inner row_type=\"row\" type=\"full_width\" text_align=\"left\" css_animation=\"\"][vc_column_inner width=\"1\/2\"][vc_column_text css=\"\"]<\/p>\n<h3 style=\"text-align: right;\"><span style=\"color: #000; font-weight: 900; font-size: 1.2em;\">Certificaciones y cualificaciones Stormshield Data Security<\/span><\/h3>\n<p style=\"text-align: right;\"><span style=\"color: #000000; font-size: 1.1em;\">Nuestra soluci\u00f3n de software Stormshield Data Security est\u00e1 actualmente certificada por la ANSSI con <a href=\"https:\/\/cyber.gouv.fr\/produits-certifies\/stormshield-data-security-google-workspace-version-412\" target=\"_blank\" rel=\"noopener\">su certificaci\u00f3n CSPN<\/a>.<\/span><\/p>\n<p>[\/vc_column_text][vc_empty_space][\/vc_column_inner][vc_column_inner width=\"1\/2\"][vc_empty_space][vc_single_image image=\"255576\" img_size=\"medium\" qode_css_animation=\"\"][vc_empty_space][\/vc_column_inner][\/vc_row_inner][\/vc_column][\/vc_row][vc_row css_animation=\"\" row_type=\"row\" use_row_as_full_screen_section=\"no\" type=\"grid\" angled_section=\"no\" text_align=\"left\" background_image_as_pattern=\"without_pattern\" z_index=\"\" padding_top=\"50\" padding_bottom=\"50\" background_color=\"#060051\"][vc_column][vc_row_inner row_type=\"row\" type=\"full_width\" text_align=\"left\" css_animation=\"\"][vc_column_inner][vc_column_text]<\/p>\n<h2 style=\"text-align: left;\"><span style=\"color: #ffffff; font-weight: 900; font-size: 1.2em;\">P\u00f3ngase en contacto con el equipo comercial de Stormshield<\/span><\/h2>\n<p style=\"text-align: left;\"><span style=\"color: #000000; font-size: 1.1em;\"><span style=\"color: #ffffff;\">Como actor de confianza, nuestras tecnolog\u00edas certificadas Stormshield al m\u00e1s alto nivel europeo le garantizan una protecci\u00f3n adecuada para los datos estrat\u00e9gicos o m\u00e1s sensibles de su organizaci\u00f3n. Todos nuestros equipos de I+D est\u00e1n ubicados en Francia, donde realizamos todos nuestros desarrollos y trabajamos en estrecha colaboraci\u00f3n con la ANSSI.<\/span><\/span><\/p>\n<p style=\"text-align: left;\"><span style=\"color: #000000; font-size: 1.1em;\"><span style=\"color: #ffffff;\">Productos certificados, productos cualificados: <strong>\u00bfdesea saber m\u00e1s sobre las cualificaciones y certificaciones de nuestros productos?<\/strong> \u00bfSobre nuestro proceso continuo de cualificaci\u00f3n y certificaci\u00f3n de seguridad? \u00bfO incluso sobre las autoridades europeas competentes? Nuestros equipos comerciales responder\u00e1n a todas sus preguntas sobre nuestros productos aprobados y recomendados.<\/span><\/span><\/p>\n<p>[\/vc_column_text][vc_empty_space]<a  itemprop=\"url\" href=\"https:\/\/www.stormshield.com\/es\/contacto\/equipos-comerciales\/\" target=\"_blank\" data-hover-background-color=\"#d23467\" data-hover-border-color=\"#d23467\" class=\"qbutton  white enlarge\" style=\"border-color: #ffffff; \">P\u00f3ngase en contacto con nuestros equipos<i class=\"qode_icon_font_awesome fa fa-angle-right qode_button_icon_element\"><\/i><\/a>[vc_empty_space][\/vc_column_inner][\/vc_row_inner][\/vc_column][\/vc_row][vc_row css_animation=\"\" row_type=\"row\" use_row_as_full_screen_section=\"no\" type=\"grid\" angled_section=\"no\" text_align=\"left\" background_image_as_pattern=\"without_pattern\" z_index=\"\" css=\".vc_custom_1691154904271{background-color: #ffffff !important;}\" padding_top=\"50\"][vc_column][vc_row_inner row_type=\"row\" type=\"grid\" text_align=\"left\" css_animation=\"\" background_color=\"#f9f9f9\" css=\".vc_custom_1708093966519{padding-top: 32px !important;padding-right: 32px !important;padding-bottom: 32px !important;padding-left: 32px !important;}\"][vc_column_inner width=\"2\/3\"][vc_column_text css=\"\"]<\/p>\n<h2><span style=\"color: #000; font-size: 1.2em; font-weight: 900;\">Certificaciones y cualificaciones: \u00bfme afecta?<\/span><\/h2>\n<p style=\"text-align: left;\"><span style=\"color: #000000; font-size: 1.1em;\">Con la multiplicaci\u00f3n de las certificaciones y cualificaciones de los productos de ciberseguridad, cada vez es m\u00e1s dif\u00edcil saber exactamente qu\u00e9 abarca cada uno de ellos. A los responsables de inform\u00e1tica y ciberseguridad les resulta complicado saber si les afectan. Producto conforme, producto certificado, producto autorizado; tambi\u00e9n es dif\u00edcil elegir la soluci\u00f3n m\u00e1s adaptada a su organizaci\u00f3n.<\/span><\/p>\n<p style=\"text-align: left;\"><strong><span style=\"color: #000000; font-size: 1.1em;\">\u00bfCu\u00e1les son las principales normativas de la ciberseguridad? \u00bfSon iguales todos los sellos? \u00bfHay que elegir entre seguridad y soberan\u00eda? Son muchas las preguntas que se plantean y sobre las que nuestros expertos pueden ayudarle.<\/span><\/strong><\/p>\n<p>[\/vc_column_text][vc_empty_space]<a  itemprop=\"url\" href=\"https:\/\/www.stormshield.com\/es\/contacto\/equipos-comerciales\/\" target=\"_blank\" data-hover-background-color=\"#d23467\" data-hover-border-color=\"#d23467\" class=\"qbutton  white enlarge\" style=\"border-color: #ffffff; background-color:#060051;\">P\u00f3ngase en contacto con nuestros equipos<i class=\"qode_icon_font_awesome fa fa-angle-right qode_button_icon_element\"><\/i><\/a>[vc_empty_space][\/vc_column_inner][vc_column_inner width=\"1\/3\"][vc_empty_space][vc_single_image image=\"393182\" img_size=\"150x120\" alignment=\"center\" qode_css_animation=\"\"][\/vc_column_inner][\/vc_row_inner][\/vc_column][\/vc_row][vc_row css_animation=\"\" row_type=\"row\" use_row_as_full_screen_section=\"no\" type=\"grid\" angled_section=\"no\" text_align=\"left\" background_image_as_pattern=\"without_pattern\" z_index=\"\" css=\".vc_custom_1691154828944{background-color: #ffffff !important;}\"][vc_column][vc_row_inner row_type=\"row\" type=\"grid\" text_align=\"left\" css_animation=\"\" css=\".vc_custom_1691154381780{padding-top: 32px !important;padding-right: 32px !important;padding-bottom: 32px !important;padding-left: 32px !important;}\"][vc_column_inner width=\"2\/3\"][vc_column_text css=\"\"]<\/p>\n<h2><span style=\"color: #000; font-size: 1.2em; font-weight: 900;\">Diferencias entre certificaciones y cualificaciones<\/span><\/h2>\n<p style=\"text-align: left;\"><span style=\"color: #000000; font-size: 1.1em;\">Para las empresas, el panorama entre certificaci\u00f3n y cualificaci\u00f3n de los productos de ciberseguridad es amplio. Con la multiplicaci\u00f3n de los sellos de los productos de ciberseguridad, a los responsables inform\u00e1ticos cada vez les cuesta m\u00e1s saber qu\u00e9 es lo que abarca exactamente cada uno de ellos.<\/span><\/p>\n<p style=\"text-align: left;\"><strong><span style=\"color: #000000; font-size: 1.1em;\">Nuestros expertos le ayudan a comprender mejor la pregunta m\u00e1s recurrente sobre este tema de la regulaci\u00f3n de ciberseguridad: \u00bfcu\u00e1les son las diferencias entre certificaci\u00f3n y cualificaci\u00f3n?<\/span><\/strong><\/p>\n<p>[\/vc_column_text][vc_empty_space]<a  itemprop=\"url\" href=\"https:\/\/www.stormshield.com\/es\/contacto\/equipos-comerciales\/\" target=\"_blank\" data-hover-background-color=\"#d23467\" data-hover-border-color=\"#d23467\" class=\"qbutton  white enlarge\" style=\"border-color: #ffffff; background-color:#060051;\">P\u00f3ngase en contacto con nuestros equipos<i class=\"qode_icon_font_awesome fa fa-angle-right qode_button_icon_element\"><\/i><\/a>[vc_empty_space][\/vc_column_inner][vc_column_inner width=\"1\/3\"][vc_empty_space][vc_single_image image=\"393167\" img_size=\"150x120\" alignment=\"center\" qode_css_animation=\"\"][\/vc_column_inner][\/vc_row_inner][\/vc_column][\/vc_row][vc_row row_type=\"parallax\" parallax_content_width=\"in_grid\" text_align=\"left\" full_screen_section_height=\"yes\" vertically_align_content_in_middle=\"yes\" background_image=\"109400\"][vc_column][vc_row_inner row_type=\"row\" type=\"full_width\" text_align=\"left\" css_animation=\"\"][vc_column_inner width=\"1\/2\"][vc_single_image image=\"251172\" img_size=\"full\" alignment=\"center\" qode_css_animation=\"\"][vc_column_text css=\"\"]<\/p>\n<p style=\"text-align: left;\"><span style=\"color: #000; font-size: 0.9em;\">Stormshield, filial al 100% de Airbus Defence and Space Cyber Programmes, ofrece innovadoras soluciones de seguridad de extremo a extremo para proteger redes (Stormshield Network Security), endpoints (Stormshield Endpoint Security) y datos (Stormshield Data Security).<\/span><\/p>\n<p style=\"text-align: left;\"><a href=\"https:\/\/www.stormshield.com\/es\/\" target=\"_blank\" rel=\"noopener noreferrer\"><span style=\"color: #00aeef; font-size: 1.4em;\">www.stormshield.com<\/span><\/a><\/p>\n<p>[\/vc_column_text][\/vc_column_inner][vc_column_inner width=\"1\/2\"][vc_single_image image=\"251441\" img_size=\"full\" alignment=\"center\" qode_css_animation=\"\"][vc_empty_space height=\"64px\"][\/vc_column_inner][\/vc_row_inner][\/vc_column][\/vc_row]<\/p>\n<\/div>","protected":false},"excerpt":{"rendered":"<p>[vc_row css_animation=\u00bb\u00bb row_type=\u00bbrow\u00bb use_row_as_full_screen_section=\u00bbno\u00bb type=\u00bbgrid\u00bb angled_section=\u00bbno\u00bb text_align=\u00bbleft\u00bb background_image_as_pattern=\u00bbwithout_pattern\u00bb z_index=\u00bb\u00bb padding_bottom=\u00bb50&#8243; css=\u00bb.vc_custom_1691152413621{background-color: #ffffff !important;}\u00bb padding_top=\u00bb50&#8243;][vc_column][vc_row_inner row_type=\u00bbrow\u00bb type=\u00bbgrid\u00bb text_align=\u00bbleft\u00bb css_animation=\u00bb\u00bb][vc_column_inner width=\u00bb1\/6&#8243;][\/vc_column_inner][vc_column_inner width=\u00bb4\/6&#8243;][vc_empty_space][vc_column_text] Los productos Stormshield certificados y cualificados [\/vc_column_text][vc_empty_space][\/vc_column_inner][vc_column_inner width=\u00bb1\/6&#8243;][\/vc_column_inner][\/vc_row_inner][\/vc_column][\/vc_row][vc_row css_animation=\u00bb\u00bb row_type=\u00bbrow\u00bb use_row_as_full_screen_section=\u00bbno\u00bb type=\u00bbgrid\u00bb angled_section=\u00bbno\u00bb text_align=\u00bbleft\u00bb background_image_as_pattern=\u00bbwithout_pattern\u00bb z_index=\u00bb\u00bb padding_bottom=\u00bb50&#8243; css=\u00bb.vc_custom_1691155244672{background-color: #ffffff !important;}\u00bb][vc_column][vc_row_inner row_type=\u00bbrow\u00bb type=\u00bbgrid\u00bb text_align=\u00bbleft\u00bb css_animation=\u00bb\u00bb background_color=\u00bb#f9f9f9&#8243;&#8230;<\/p>\n","protected":false},"author":31,"featured_media":0,"parent":0,"menu_order":1,"comment_status":"closed","ping_status":"closed","template":"full_width.php","meta":{"_acf_changed":false,"footnotes":""},"class_list":["post-497826","page","type-page","status-publish","hentry"],"acf":[],"yoast_head":"<!-- This site is optimized with the Yoast SEO plugin v27.0 - https:\/\/yoast.com\/product\/yoast-seo-wordpress\/ -->\n<title>Los productos Stormshield certificados y cualificados<\/title>\n<meta name=\"robots\" content=\"index, follow, max-snippet:-1, max-image-preview:large, max-video-preview:-1\" \/>\n<link rel=\"canonical\" href=\"https:\/\/www.stormshield.com\/es\/productos-certificados-y-cualificados\/\" \/>\n<meta property=\"og:locale\" content=\"es_ES\" \/>\n<meta property=\"og:type\" content=\"article\" \/>\n<meta property=\"og:title\" content=\"Los productos Stormshield certificados y cualificados\" \/>\n<meta property=\"og:description\" content=\"[vc_row css_animation=&quot;&quot; row_type=&quot;row&quot; use_row_as_full_screen_section=&quot;no&quot; type=&quot;grid&quot; angled_section=&quot;no&quot; text_align=&quot;left&quot; background_image_as_pattern=&quot;without_pattern&quot; z_index=&quot;&quot; padding_bottom=&quot;50&quot; css=&quot;.vc_custom_1691152413621{background-color: #ffffff !important;}&quot; padding_top=&quot;50&quot;][vc_column][vc_row_inner row_type=&quot;row&quot; type=&quot;grid&quot; text_align=&quot;left&quot; css_animation=&quot;&quot;][vc_column_inner width=&quot;1\/6&quot;][\/vc_column_inner][vc_column_inner width=&quot;4\/6&quot;][vc_empty_space][vc_column_text] Los productos Stormshield certificados y cualificados [\/vc_column_text][vc_empty_space][\/vc_column_inner][vc_column_inner width=&quot;1\/6&quot;][\/vc_column_inner][\/vc_row_inner][\/vc_column][\/vc_row][vc_row css_animation=&quot;&quot; row_type=&quot;row&quot; use_row_as_full_screen_section=&quot;no&quot; type=&quot;grid&quot; angled_section=&quot;no&quot; text_align=&quot;left&quot; background_image_as_pattern=&quot;without_pattern&quot; z_index=&quot;&quot; padding_bottom=&quot;50&quot; css=&quot;.vc_custom_1691155244672{background-color: #ffffff !important;}&quot;][vc_column][vc_row_inner row_type=&quot;row&quot; type=&quot;grid&quot; text_align=&quot;left&quot; css_animation=&quot;&quot; background_color=&quot;#f9f9f9&quot;...\" \/>\n<meta property=\"og:url\" content=\"https:\/\/www.stormshield.com\/es\/productos-certificados-y-cualificados\/\" \/>\n<meta property=\"og:site_name\" content=\"Stormshield\" \/>\n<meta property=\"article:modified_time\" content=\"2025-12-15T07:45:48+00:00\" \/>\n<meta property=\"og:image\" content=\"https:\/\/www.stormshield.com\/wp-content\/uploads\/stormshield_logo.png\" \/>\n\t<meta property=\"og:image:width\" content=\"204\" \/>\n\t<meta property=\"og:image:height\" content=\"94\" \/>\n\t<meta property=\"og:image:type\" content=\"image\/png\" \/>\n<meta name=\"twitter:card\" content=\"summary_large_image\" \/>\n<meta name=\"twitter:site\" content=\"@Stormshield\" \/>\n<meta name=\"twitter:label1\" content=\"Tiempo de lectura\" \/>\n\t<meta name=\"twitter:data1\" content=\"6 minutos\" \/>\n<script type=\"application\/ld+json\" class=\"yoast-schema-graph\">{\"@context\":\"https:\/\/schema.org\",\"@graph\":[{\"@type\":\"WebPage\",\"@id\":\"https:\/\/www.stormshield.com\/es\/productos-certificados-y-cualificados\/\",\"url\":\"https:\/\/www.stormshield.com\/es\/productos-certificados-y-cualificados\/\",\"name\":\"Los productos Stormshield certificados y cualificados\",\"isPartOf\":{\"@id\":\"https:\/\/www.stormshield.com\/es\/#website\"},\"datePublished\":\"2024-03-25T04:00:10+00:00\",\"dateModified\":\"2025-12-15T07:45:48+00:00\",\"breadcrumb\":{\"@id\":\"https:\/\/www.stormshield.com\/es\/productos-certificados-y-cualificados\/#breadcrumb\"},\"inLanguage\":\"es\",\"potentialAction\":[{\"@type\":\"ReadAction\",\"target\":[\"https:\/\/www.stormshield.com\/es\/productos-certificados-y-cualificados\/\"]}]},{\"@type\":\"BreadcrumbList\",\"@id\":\"https:\/\/www.stormshield.com\/es\/productos-certificados-y-cualificados\/#breadcrumb\",\"itemListElement\":[{\"@type\":\"ListItem\",\"position\":1,\"name\":\"Home\",\"item\":\"https:\/\/www.stormshield.com\/es\/\"},{\"@type\":\"ListItem\",\"position\":2,\"name\":\"Los productos Stormshield certificados y cualificados\"}]},{\"@type\":\"WebSite\",\"@id\":\"https:\/\/www.stormshield.com\/es\/#website\",\"url\":\"https:\/\/www.stormshield.com\/es\/\",\"name\":\"Stormshield\",\"description\":\"Stormshield\",\"potentialAction\":[{\"@type\":\"SearchAction\",\"target\":{\"@type\":\"EntryPoint\",\"urlTemplate\":\"https:\/\/www.stormshield.com\/es\/?s={search_term_string}\"},\"query-input\":{\"@type\":\"PropertyValueSpecification\",\"valueRequired\":true,\"valueName\":\"search_term_string\"}}],\"inLanguage\":\"es\"}]}<\/script>\n<!-- \/ Yoast SEO plugin. -->","yoast_head_json":{"title":"Los productos Stormshield certificados y cualificados","robots":{"index":"index","follow":"follow","max-snippet":"max-snippet:-1","max-image-preview":"max-image-preview:large","max-video-preview":"max-video-preview:-1"},"canonical":"https:\/\/www.stormshield.com\/es\/productos-certificados-y-cualificados\/","og_locale":"es_ES","og_type":"article","og_title":"Los productos Stormshield certificados y cualificados","og_description":"[vc_row css_animation=\"\" row_type=\"row\" use_row_as_full_screen_section=\"no\" type=\"grid\" angled_section=\"no\" text_align=\"left\" background_image_as_pattern=\"without_pattern\" z_index=\"\" padding_bottom=\"50\" css=\".vc_custom_1691152413621{background-color: #ffffff !important;}\" padding_top=\"50\"][vc_column][vc_row_inner row_type=\"row\" type=\"grid\" text_align=\"left\" css_animation=\"\"][vc_column_inner width=\"1\/6\"][\/vc_column_inner][vc_column_inner width=\"4\/6\"][vc_empty_space][vc_column_text] Los productos Stormshield certificados y cualificados [\/vc_column_text][vc_empty_space][\/vc_column_inner][vc_column_inner width=\"1\/6\"][\/vc_column_inner][\/vc_row_inner][\/vc_column][\/vc_row][vc_row css_animation=\"\" row_type=\"row\" use_row_as_full_screen_section=\"no\" type=\"grid\" angled_section=\"no\" text_align=\"left\" background_image_as_pattern=\"without_pattern\" z_index=\"\" padding_bottom=\"50\" css=\".vc_custom_1691155244672{background-color: #ffffff !important;}\"][vc_column][vc_row_inner row_type=\"row\" type=\"grid\" text_align=\"left\" css_animation=\"\" background_color=\"#f9f9f9\"...","og_url":"https:\/\/www.stormshield.com\/es\/productos-certificados-y-cualificados\/","og_site_name":"Stormshield","article_modified_time":"2025-12-15T07:45:48+00:00","og_image":[{"width":204,"height":94,"url":"https:\/\/www.stormshield.com\/wp-content\/uploads\/stormshield_logo.png","type":"image\/png"}],"twitter_card":"summary_large_image","twitter_site":"@Stormshield","twitter_misc":{"Tiempo de lectura":"6 minutos"},"schema":{"@context":"https:\/\/schema.org","@graph":[{"@type":"WebPage","@id":"https:\/\/www.stormshield.com\/es\/productos-certificados-y-cualificados\/","url":"https:\/\/www.stormshield.com\/es\/productos-certificados-y-cualificados\/","name":"Los productos Stormshield certificados y cualificados","isPartOf":{"@id":"https:\/\/www.stormshield.com\/es\/#website"},"datePublished":"2024-03-25T04:00:10+00:00","dateModified":"2025-12-15T07:45:48+00:00","breadcrumb":{"@id":"https:\/\/www.stormshield.com\/es\/productos-certificados-y-cualificados\/#breadcrumb"},"inLanguage":"es","potentialAction":[{"@type":"ReadAction","target":["https:\/\/www.stormshield.com\/es\/productos-certificados-y-cualificados\/"]}]},{"@type":"BreadcrumbList","@id":"https:\/\/www.stormshield.com\/es\/productos-certificados-y-cualificados\/#breadcrumb","itemListElement":[{"@type":"ListItem","position":1,"name":"Home","item":"https:\/\/www.stormshield.com\/es\/"},{"@type":"ListItem","position":2,"name":"Los productos Stormshield certificados y cualificados"}]},{"@type":"WebSite","@id":"https:\/\/www.stormshield.com\/es\/#website","url":"https:\/\/www.stormshield.com\/es\/","name":"Stormshield","description":"Stormshield","potentialAction":[{"@type":"SearchAction","target":{"@type":"EntryPoint","urlTemplate":"https:\/\/www.stormshield.com\/es\/?s={search_term_string}"},"query-input":{"@type":"PropertyValueSpecification","valueRequired":true,"valueName":"search_term_string"}}],"inLanguage":"es"}]}},"_links":{"self":[{"href":"https:\/\/www.stormshield.com\/es\/wp-json\/wp\/v2\/pages\/497826","targetHints":{"allow":["GET"]}}],"collection":[{"href":"https:\/\/www.stormshield.com\/es\/wp-json\/wp\/v2\/pages"}],"about":[{"href":"https:\/\/www.stormshield.com\/es\/wp-json\/wp\/v2\/types\/page"}],"author":[{"embeddable":true,"href":"https:\/\/www.stormshield.com\/es\/wp-json\/wp\/v2\/users\/31"}],"replies":[{"embeddable":true,"href":"https:\/\/www.stormshield.com\/es\/wp-json\/wp\/v2\/comments?post=497826"}],"version-history":[{"count":13,"href":"https:\/\/www.stormshield.com\/es\/wp-json\/wp\/v2\/pages\/497826\/revisions"}],"predecessor-version":[{"id":717214,"href":"https:\/\/www.stormshield.com\/es\/wp-json\/wp\/v2\/pages\/497826\/revisions\/717214"}],"wp:attachment":[{"href":"https:\/\/www.stormshield.com\/es\/wp-json\/wp\/v2\/media?parent=497826"}],"curies":[{"name":"wp","href":"https:\/\/api.w.org\/{rel}","templated":true}]}}