{"id":282449,"date":"2022-06-02T06:39:22","date_gmt":"2022-06-02T05:39:22","guid":{"rendered":"https:\/\/www.stormshield.com\/?page_id=282449"},"modified":"2025-11-14T16:59:20","modified_gmt":"2025-11-14T15:59:20","slug":"vpn-client","status":"publish","type":"page","link":"https:\/\/www.stormshield.com\/es\/productos-y-servicios\/productos\/seguridad-de-red\/nuestros-servicios-sns\/vpn-client\/","title":{"rendered":"VPN"},"content":{"rendered":"<div class=\"wpb-content-wrapper\"><p>[vc_row css_animation=\"\" row_type=\"row\" use_row_as_full_screen_section=\"no\" type=\"grid\" angled_section=\"no\" text_align=\"left\" background_image_as_pattern=\"without_pattern\" z_index=\"\" padding_top=\"100\" padding_bottom=\"100\"][vc_column][vc_column_text css=\"\"]<\/p>\n<h1 style=\"text-align: center;\"><span style=\"color: #00aaf5;\"><span style=\"font-weight: 900; font-size: 1.5em;\">Proteja sus comunicaciones y el acceso remoto<\/span><\/span><span style=\"color: #00aaf5;\"><span style=\"font-weight: 300; font-size: 1.5em;\"> con la tecnolog\u00eda VPN<\/span><\/span><\/h1>\n<p>[\/vc_column_text][\/vc_column][\/vc_row][vc_row css_animation=\"\" row_type=\"row\" use_row_as_full_screen_section=\"no\" type=\"grid\" angled_section=\"no\" text_align=\"left\" background_image_as_pattern=\"without_pattern\" z_index=\"\" padding_top=\"50\" padding_bottom=\"50\"][vc_column width=\"1\/2\"][vc_column_text css=\"\"]<\/p>\n<h2><span style=\"font-size: 1.4em; font-weight: bold; color: black; line-height: 0.8em;\">Proteja sus intercambios de datos<\/span><\/h2>\n<p style=\"text-align: left;\"><span style=\"color: #000000; font-size: 1.1em;\">\u00bfBusca una soluci\u00f3n VPN para responder a los retos del acceso remoto (movilidad, teletrabajo, mantenimiento a distancia, etc.) y de las comunicaciones entre sedes? <strong>Stormshield le permite establecer conexiones seguras con sus sistemas de informaci\u00f3n complejos o ampliados y le ofrece un alto nivel de seguridad.<\/strong> Con una soluci\u00f3n de seguridad f\u00e1cil de instalar y configurar, podr\u00e1 concentrarse en otras tareas m\u00e1s importantes.<\/span><\/p>\n<p>[\/vc_column_text][vc_empty_space][vc_row_inner row_type=\"row\" type=\"full_width\" text_align=\"center\" css_animation=\"\"][vc_column_inner width=\"1\/5\"][vc_column_text css=\"\"]<\/p>\n<p style=\"text-align: center; font-size: 14px;\">Conexiones<br \/>\n<strong>seguras<\/strong><\/p>\n<p>[\/vc_column_text][\/vc_column_inner][vc_column_inner width=\"1\/5\"][vc_empty_space height=\"24px\"]<div class=\"qode_vertical_separator\" style=\"height: 64px;width: 2px;background-color: #00AEEF\">\n<\/div>[\/vc_column_inner][vc_column_inner width=\"1\/5\"][vc_column_text css=\"\"]<\/p>\n<p style=\"text-align: center; font-size: 14px;\"><strong>IPsec<\/strong><br \/>\nVPN<\/p>\n<p>[\/vc_column_text][\/vc_column_inner][vc_column_inner width=\"1\/5\"][vc_empty_space height=\"24px\"]<div class=\"qode_vertical_separator\" style=\"height: 64px;width: 2px;background-color: #00AEEF\">\n<\/div>[\/vc_column_inner][vc_column_inner width=\"1\/5\"][vc_column_text css=\"\"]<\/p>\n<p style=\"text-align: center; font-size: 14px;\"><strong>SSL<\/strong><br \/>\nVPN<\/p>\n<p>[\/vc_column_text][\/vc_column_inner][\/vc_row_inner][\/vc_column][vc_column width=\"1\/2\"][vc_single_image image=\"566414\" img_size=\"350x350\" alignment=\"center\" css=\"\" qode_css_animation=\"\" qode_hover_animation=\"zoom_in\"][\/vc_column][\/vc_row][vc_row css_animation=\"\" row_type=\"row\" use_row_as_full_screen_section=\"no\" type=\"grid\" angled_section=\"no\" text_align=\"left\" background_image_as_pattern=\"without_pattern\" z_index=\"\" padding_top=\"50\" padding_bottom=\"50\"][vc_column width=\"1\/2\"][vc_single_image image=\"566409\" img_size=\"350x350\" alignment=\"center\" css=\"\" qode_css_animation=\"\" qode_hover_animation=\"zoom_in\"][\/vc_column][vc_column width=\"1\/2\"][vc_column_text css=\"\"]<\/p>\n<h2><span style=\"font-size: 1.4em; font-weight: bold; color: #000000; line-height: 0.8em;\">Avanzar hacia el Zero Trust<\/span><\/h2>\n<p style=\"text-align: left;\"><span style=\"color: #000000;\"><span style=\"font-size: 1.1em;\">Utilizar una VPN <strong>es el primer paso hacia <a style=\"color: #000000;\" href=\"https:\/\/www.stormshield.com\/es\/productos-y-servicios\/productos\/seguridad-de-red\/nuestros-servicios-sns\/ztna\/\" target=\"_blank\" rel=\"noopener\"><span style=\"text-decoration: underline;\">el modelo Zero Trust Network Access (ZTNA)<\/span><\/a>.<\/strong> Porque las conexiones a sus aplicaciones y recursos se realizan desde diversas ubicaciones, a menudo no seguras, con sus empleados en movimiento o teletrabajando. Con la comprobaci\u00f3n de host, puede comprobar que las estaciones de trabajo de sus empleados son conformes antes de darles acceso a sus recursos.<\/span><span style=\"font-size: 1.1em;\"><br \/>\n<\/span><\/span><\/p>\n<p>[\/vc_column_text][vc_empty_space][vc_row_inner row_type=\"row\" type=\"full_width\" text_align=\"center\" css_animation=\"\"][vc_column_inner width=\"1\/5\"][vc_column_text css=\"\"]<\/p>\n<p style=\"text-align: center; font-size: 14px;\"><strong>Autenticaci\u00f3n<\/strong><br \/>\nmultifactor (MFA)<\/p>\n<p>[\/vc_column_text][\/vc_column_inner][vc_column_inner width=\"1\/5\"][vc_empty_space height=\"24px\"]<div class=\"qode_vertical_separator\" style=\"height: 64px;width: 2px;background-color: #00AEEF\">\n<\/div>[\/vc_column_inner][vc_column_inner width=\"1\/5\"][vc_column_text css=\"\"]<\/p>\n<p style=\"text-align: center; font-size: 14px;\"><strong>Conformidad<\/strong> del puesto de trabajo<br \/>\n[\/vc_column_text][\/vc_column_inner][vc_column_inner width=\"1\/5\"][vc_empty_space height=\"24px\"]<div class=\"qode_vertical_separator\" style=\"height: 64px;width: 2px;background-color: #00AEEF\">\n<\/div>[\/vc_column_inner][vc_column_inner width=\"1\/5\"][vc_column_text css=\"\"]<\/p>\n<p style=\"text-align: center; font-size: 14px;\"><strong>F\u00e1cil<\/strong> de implantar[\/vc_column_text][\/vc_column_inner][\/vc_row_inner][\/vc_column][\/vc_row][vc_row css_animation=\"\" row_type=\"row\" use_row_as_full_screen_section=\"no\" type=\"grid\" angled_section=\"no\" text_align=\"left\" background_image_as_pattern=\"without_pattern\" z_index=\"\" padding_top=\"50\" padding_bottom=\"50\"][vc_column width=\"1\/2\"][vc_column_text css=\"\"]<\/p>\n<h2><span style=\"font-size: 1.4em; font-weight: bold; color: #000000; line-height: 0.8em;\">Exija m\u00e1s seguridad<\/span><\/h2>\n<p style=\"text-align: left;\"><span style=\"color: #000000; font-size: 1.1em;\"><strong>Las tecnolog\u00edas Stormshield se prueban rigurosamente y ofrecen una gama de protocolos, algoritmos y mecanismos de autenticaci\u00f3n.<\/strong> Proporcionan una autenticaci\u00f3n robusta para sus usuarios y pasarelas VPN, as\u00ed como un cifrado resistente a la posverdad.<\/span><\/p>\n<p style=\"text-align: left;\"><span style=\"color: #000000; font-size: 1.1em;\">Para sus redes sensibles, las soluciones Stormshield son compatibles con la norma IPsec DR (Difusi\u00f3n Restringida) de la agencia francesa de ciberseguridad (ANSSI), lo que le ayuda a cumplir los requisitos de seguridad en constante evoluci\u00f3n.<\/span><\/p>\n<p>[\/vc_column_text][vc_empty_space][\/vc_column][vc_column width=\"1\/2\"][vc_single_image image=\"566419\" img_size=\"350x350\" alignment=\"center\" css=\"\" qode_css_animation=\"\" qode_hover_animation=\"zoom_in\"][\/vc_column][\/vc_row][vc_row css_animation=\"\" row_type=\"row\" use_row_as_full_screen_section=\"no\" type=\"grid\" angled_section=\"no\" text_align=\"left\" background_image_as_pattern=\"without_pattern\" z_index=\"\" padding_top=\"100\" padding_bottom=\"100\" el_class=\"fond_gris\"][vc_column width=\"2\/3\"][vc_column_text css=\"\"]<\/p>\n<h2><span style=\"font-size: 1.4em; font-weight: bold; color: #000000; line-height: 0.8em;\">Soluciones VPN integradas para una protecci\u00f3n \u00f3ptima<\/span><\/h2>\n<p style=\"text-align: left;\"><span style=\"color: #000000; font-size: 1.1em;\">Para responder a los retos del acceso remoto (movilidad, teletrabajo, mantenimiento a distancia) y de las comunicaciones entre sitios, <strong>puede elegir soluciones VPN directamente integradas en nuestra gama de cortafuegos Stormshield Network Security (SNS).<\/strong><\/span><\/p>\n<p style=\"text-align: left;\"><span style=\"color: #000000; font-size: 1.1em;\">Acceso Zero Trust, autenticaci\u00f3n multifactor (MFA), IPsec DR, cifrado post-quantum (PQC)... benef\u00edciese de un nivel de seguridad exigente para un cifrado controlado con total confianza.<\/span><\/p>\n<p>[\/vc_column_text][vc_empty_space]<a  itemprop=\"url\" href=\"https:\/\/www.stormshield.com\/wp-content\/uploads\/SNS-ES-Network-Security-Range-IT-Brochure.pdf\" target=\"_blank\" data-hover-background-color=\"#00AAF5\" data-hover-border-color=\"#FFFFFF\" class=\"qbutton  white enlarge\" style=\"border-color: #FFFFFF; background-color:#060051;\">Descargar el folleto SNS<i class=\"qode_icon_font_awesome fa fa-download qode_button_icon_element\"><\/i><\/a>[vc_empty_space][\/vc_column][vc_column width=\"1\/3\"][vc_single_image image=\"397429\" img_size=\"300x400\" alignment=\"center\" onclick=\"custom_link\" img_link_target=\"_blank\" css=\"\" qode_css_animation=\"\" qode_hover_animation=\"zoom_in\" link=\"https:\/\/www.stormshield.com\/es\/productos-y-servicios\/productos\/seguridad-de-red\/product-range-sns\/\"][\/vc_column][\/vc_row][vc_row css_animation=\"\" row_type=\"row\" use_row_as_full_screen_section=\"no\" type=\"grid\" angled_section=\"no\" text_align=\"left\" background_image_as_pattern=\"without_pattern\" z_index=\"\" padding_top=\"50\" padding_bottom=\"50\"][vc_column width=\"2\/3\"][vc_column_text css=\"\"]<\/p>\n<h2><strong><span style=\"font-size: 1.4em; font-weight: bold; color: black; line-height: 0.8em;\">Contactar con nuestros equipos<\/span><\/strong><\/h2>\n<p style=\"text-align: left;\"><span style=\"color: #000000; font-size: 1.1em;\">\u00bfTiene alguna pregunta t\u00e9cnica sobre las soluciones VPN de Stormshield, incluido Stormshield VPN Client? \u00bfDesea una versi\u00f3n de prueba? \u00bfUn presupuesto? Para cualquier informaci\u00f3n comercial o t\u00e9cnica, <strong>consulte nuestro sitio de documentaci\u00f3n o p\u00f3ngate en contacto con nuestros equipos.<\/strong><\/span><\/p>\n<p>[\/vc_column_text][vc_empty_space]<a  itemprop=\"url\" href=\"https:\/\/documentation.stormshield.eu\/SNS\/v5\/en\/Content\/Release_Notes_SSL_VPN_Client\/Getting_Started_RNO.htm\" target=\"_blank\" data-hover-background-color=\"#00AAF5\" data-hover-border-color=\"#FFFFFF\" class=\"qbutton  white enlarge\" style=\"border-color: #FFFFFF; background-color:#060051;\">Consultar la nota de lanzamiento<i class=\"qode_icon_font_awesome fa fa-angle-right qode_button_icon_element\"><\/i><\/a>[vc_empty_space height=\"12px\"]<a  itemprop=\"url\" href=\"https:\/\/www.stormshield.com\/es\/contacto\/equipos-comerciales\/\" target=\"_blank\" data-hover-background-color=\"#00AAF5\" data-hover-border-color=\"#FFFFFF\" class=\"qbutton  white enlarge\" style=\"border-color: #FFFFFF; background-color:#060051;\">Contactar con nuestros equipos<i class=\"qode_icon_font_awesome fa fa-angle-right qode_button_icon_element\"><\/i><\/a>[vc_empty_space][\/vc_column][vc_column width=\"1\/3\"][vc_empty_space][vc_single_image image=\"266675\" img_size=\"\" alignment=\"center\" css=\"\" qode_css_animation=\"\"][vc_single_image image=\"266683\" img_size=\"\" alignment=\"center\" css=\"\" qode_css_animation=\"\"][vc_single_image image=\"266689\" img_size=\"\" alignment=\"center\" css=\"\" qode_css_animation=\"\"][vc_empty_space][\/vc_column][\/vc_row]<\/p>\n<\/div>","protected":false},"excerpt":{"rendered":"<p>[vc_row css_animation=\u00bb\u00bb row_type=\u00bbrow\u00bb use_row_as_full_screen_section=\u00bbno\u00bb type=\u00bbgrid\u00bb angled_section=\u00bbno\u00bb text_align=\u00bbleft\u00bb background_image_as_pattern=\u00bbwithout_pattern\u00bb z_index=\u00bb\u00bb padding_top=\u00bb100&#8243; padding_bottom=\u00bb100&#8243;][vc_column][vc_column_text css=\u00bb\u00bb] Proteja sus comunicaciones y el acceso remoto con la tecnolog\u00eda VPN [\/vc_column_text][\/vc_column][\/vc_row][vc_row css_animation=\u00bb\u00bb row_type=\u00bbrow\u00bb use_row_as_full_screen_section=\u00bbno\u00bb type=\u00bbgrid\u00bb angled_section=\u00bbno\u00bb text_align=\u00bbleft\u00bb background_image_as_pattern=\u00bbwithout_pattern\u00bb z_index=\u00bb\u00bb padding_top=\u00bb50&#8243; padding_bottom=\u00bb50&#8243;][vc_column width=\u00bb1\/2&#8243;][vc_column_text css=\u00bb\u00bb] Proteja sus intercambios de datos \u00bfBusca una soluci\u00f3n VPN&#8230;<\/p>\n","protected":false},"author":31,"featured_media":0,"parent":233266,"menu_order":0,"comment_status":"closed","ping_status":"closed","template":"full_width.php","meta":{"_acf_changed":false,"footnotes":""},"class_list":["post-282449","page","type-page","status-publish","hentry"],"acf":[],"yoast_head":"<!-- This site is optimized with the Yoast SEO plugin v27.3 - https:\/\/yoast.com\/product\/yoast-seo-wordpress\/ -->\n<title>Soluci\u00f3n Stormshield VPN, su seguridad de acceso remoto<\/title>\n<meta name=\"description\" content=\"Stormshield VPN Client: nuestra soluci\u00f3n para sus necesidades de movilidad y comunicaciones seguras entre sitios web\" \/>\n<meta name=\"robots\" content=\"index, follow, max-snippet:-1, max-image-preview:large, max-video-preview:-1\" \/>\n<link rel=\"canonical\" href=\"https:\/\/www.stormshield.com\/es\/productos-y-servicios\/productos\/seguridad-de-red\/nuestros-servicios-sns\/vpn-client\/\" \/>\n<meta property=\"og:locale\" content=\"es_ES\" \/>\n<meta property=\"og:type\" content=\"article\" \/>\n<meta property=\"og:title\" content=\"Soluci\u00f3n Stormshield VPN, su seguridad de acceso remoto\" \/>\n<meta property=\"og:description\" content=\"Stormshield VPN Client: nuestra soluci\u00f3n para sus necesidades de movilidad y comunicaciones seguras entre sitios web\" \/>\n<meta property=\"og:url\" content=\"https:\/\/www.stormshield.com\/es\/productos-y-servicios\/productos\/seguridad-de-red\/nuestros-servicios-sns\/vpn-client\/\" \/>\n<meta property=\"og:site_name\" content=\"Stormshield\" \/>\n<meta property=\"article:modified_time\" content=\"2025-11-14T15:59:20+00:00\" \/>\n<meta property=\"og:image\" content=\"https:\/\/www.stormshield.com\/wp-content\/uploads\/stormshield_logo.png\" \/>\n\t<meta property=\"og:image:width\" content=\"204\" \/>\n\t<meta property=\"og:image:height\" content=\"94\" \/>\n\t<meta property=\"og:image:type\" content=\"image\/png\" \/>\n<meta name=\"twitter:card\" content=\"summary_large_image\" \/>\n<meta name=\"twitter:site\" content=\"@Stormshield\" \/>\n<meta name=\"twitter:label1\" content=\"Tiempo de lectura\" \/>\n\t<meta name=\"twitter:data1\" content=\"4 minutos\" \/>\n<script type=\"application\/ld+json\" class=\"yoast-schema-graph\">{\"@context\":\"https:\\\/\\\/schema.org\",\"@graph\":[{\"@type\":\"WebPage\",\"@id\":\"https:\\\/\\\/www.stormshield.com\\\/es\\\/productos-y-servicios\\\/productos\\\/seguridad-de-red\\\/nuestros-servicios-sns\\\/vpn-client\\\/\",\"url\":\"https:\\\/\\\/www.stormshield.com\\\/es\\\/productos-y-servicios\\\/productos\\\/seguridad-de-red\\\/nuestros-servicios-sns\\\/vpn-client\\\/\",\"name\":\"Soluci\u00f3n Stormshield VPN, su seguridad de acceso remoto\",\"isPartOf\":{\"@id\":\"https:\\\/\\\/www.stormshield.com\\\/es\\\/#website\"},\"datePublished\":\"2022-06-02T05:39:22+00:00\",\"dateModified\":\"2025-11-14T15:59:20+00:00\",\"description\":\"Stormshield VPN Client: nuestra soluci\u00f3n para sus necesidades de movilidad y comunicaciones seguras entre sitios web\",\"breadcrumb\":{\"@id\":\"https:\\\/\\\/www.stormshield.com\\\/es\\\/productos-y-servicios\\\/productos\\\/seguridad-de-red\\\/nuestros-servicios-sns\\\/vpn-client\\\/#breadcrumb\"},\"inLanguage\":\"es\",\"potentialAction\":[{\"@type\":\"ReadAction\",\"target\":[\"https:\\\/\\\/www.stormshield.com\\\/es\\\/productos-y-servicios\\\/productos\\\/seguridad-de-red\\\/nuestros-servicios-sns\\\/vpn-client\\\/\"]}]},{\"@type\":\"BreadcrumbList\",\"@id\":\"https:\\\/\\\/www.stormshield.com\\\/es\\\/productos-y-servicios\\\/productos\\\/seguridad-de-red\\\/nuestros-servicios-sns\\\/vpn-client\\\/#breadcrumb\",\"itemListElement\":[{\"@type\":\"ListItem\",\"position\":1,\"name\":\"Home\",\"item\":\"https:\\\/\\\/www.stormshield.com\\\/es\\\/\"},{\"@type\":\"ListItem\",\"position\":2,\"name\":\"Productos y Soluciones\",\"item\":\"https:\\\/\\\/www.stormshield.com\\\/es\\\/productos-y-servicios\\\/\"},{\"@type\":\"ListItem\",\"position\":3,\"name\":\"Productos\",\"item\":\"https:\\\/\\\/www.stormshield.com\\\/es\\\/productos-y-servicios\\\/productos\\\/\"},{\"@type\":\"ListItem\",\"position\":4,\"name\":\"Seguridad de red\",\"item\":\"https:\\\/\\\/www.stormshield.com\\\/es\\\/productos-y-servicios\\\/productos\\\/seguridad-de-red\\\/\"},{\"@type\":\"ListItem\",\"position\":5,\"name\":\"Nuestros servicios (SNS)\",\"item\":\"https:\\\/\\\/www.stormshield.com\\\/es\\\/productos-y-servicios\\\/productos\\\/seguridad-de-red\\\/nuestros-servicios-sns\\\/\"},{\"@type\":\"ListItem\",\"position\":6,\"name\":\"VPN\"}]},{\"@type\":\"WebSite\",\"@id\":\"https:\\\/\\\/www.stormshield.com\\\/es\\\/#website\",\"url\":\"https:\\\/\\\/www.stormshield.com\\\/es\\\/\",\"name\":\"Stormshield\",\"description\":\"Stormshield\",\"potentialAction\":[{\"@type\":\"SearchAction\",\"target\":{\"@type\":\"EntryPoint\",\"urlTemplate\":\"https:\\\/\\\/www.stormshield.com\\\/es\\\/?s={search_term_string}\"},\"query-input\":{\"@type\":\"PropertyValueSpecification\",\"valueRequired\":true,\"valueName\":\"search_term_string\"}}],\"inLanguage\":\"es\"}]}<\/script>\n<!-- \/ Yoast SEO plugin. -->","yoast_head_json":{"title":"Soluci\u00f3n Stormshield VPN, su seguridad de acceso remoto","description":"Stormshield VPN Client: nuestra soluci\u00f3n para sus necesidades de movilidad y comunicaciones seguras entre sitios web","robots":{"index":"index","follow":"follow","max-snippet":"max-snippet:-1","max-image-preview":"max-image-preview:large","max-video-preview":"max-video-preview:-1"},"canonical":"https:\/\/www.stormshield.com\/es\/productos-y-servicios\/productos\/seguridad-de-red\/nuestros-servicios-sns\/vpn-client\/","og_locale":"es_ES","og_type":"article","og_title":"Soluci\u00f3n Stormshield VPN, su seguridad de acceso remoto","og_description":"Stormshield VPN Client: nuestra soluci\u00f3n para sus necesidades de movilidad y comunicaciones seguras entre sitios web","og_url":"https:\/\/www.stormshield.com\/es\/productos-y-servicios\/productos\/seguridad-de-red\/nuestros-servicios-sns\/vpn-client\/","og_site_name":"Stormshield","article_modified_time":"2025-11-14T15:59:20+00:00","og_image":[{"width":204,"height":94,"url":"https:\/\/www.stormshield.com\/wp-content\/uploads\/stormshield_logo.png","type":"image\/png"}],"twitter_card":"summary_large_image","twitter_site":"@Stormshield","twitter_misc":{"Tiempo de lectura":"4 minutos"},"schema":{"@context":"https:\/\/schema.org","@graph":[{"@type":"WebPage","@id":"https:\/\/www.stormshield.com\/es\/productos-y-servicios\/productos\/seguridad-de-red\/nuestros-servicios-sns\/vpn-client\/","url":"https:\/\/www.stormshield.com\/es\/productos-y-servicios\/productos\/seguridad-de-red\/nuestros-servicios-sns\/vpn-client\/","name":"Soluci\u00f3n Stormshield VPN, su seguridad de acceso remoto","isPartOf":{"@id":"https:\/\/www.stormshield.com\/es\/#website"},"datePublished":"2022-06-02T05:39:22+00:00","dateModified":"2025-11-14T15:59:20+00:00","description":"Stormshield VPN Client: nuestra soluci\u00f3n para sus necesidades de movilidad y comunicaciones seguras entre sitios web","breadcrumb":{"@id":"https:\/\/www.stormshield.com\/es\/productos-y-servicios\/productos\/seguridad-de-red\/nuestros-servicios-sns\/vpn-client\/#breadcrumb"},"inLanguage":"es","potentialAction":[{"@type":"ReadAction","target":["https:\/\/www.stormshield.com\/es\/productos-y-servicios\/productos\/seguridad-de-red\/nuestros-servicios-sns\/vpn-client\/"]}]},{"@type":"BreadcrumbList","@id":"https:\/\/www.stormshield.com\/es\/productos-y-servicios\/productos\/seguridad-de-red\/nuestros-servicios-sns\/vpn-client\/#breadcrumb","itemListElement":[{"@type":"ListItem","position":1,"name":"Home","item":"https:\/\/www.stormshield.com\/es\/"},{"@type":"ListItem","position":2,"name":"Productos y Soluciones","item":"https:\/\/www.stormshield.com\/es\/productos-y-servicios\/"},{"@type":"ListItem","position":3,"name":"Productos","item":"https:\/\/www.stormshield.com\/es\/productos-y-servicios\/productos\/"},{"@type":"ListItem","position":4,"name":"Seguridad de red","item":"https:\/\/www.stormshield.com\/es\/productos-y-servicios\/productos\/seguridad-de-red\/"},{"@type":"ListItem","position":5,"name":"Nuestros servicios (SNS)","item":"https:\/\/www.stormshield.com\/es\/productos-y-servicios\/productos\/seguridad-de-red\/nuestros-servicios-sns\/"},{"@type":"ListItem","position":6,"name":"VPN"}]},{"@type":"WebSite","@id":"https:\/\/www.stormshield.com\/es\/#website","url":"https:\/\/www.stormshield.com\/es\/","name":"Stormshield","description":"Stormshield","potentialAction":[{"@type":"SearchAction","target":{"@type":"EntryPoint","urlTemplate":"https:\/\/www.stormshield.com\/es\/?s={search_term_string}"},"query-input":{"@type":"PropertyValueSpecification","valueRequired":true,"valueName":"search_term_string"}}],"inLanguage":"es"}]}},"_links":{"self":[{"href":"https:\/\/www.stormshield.com\/es\/wp-json\/wp\/v2\/pages\/282449","targetHints":{"allow":["GET"]}}],"collection":[{"href":"https:\/\/www.stormshield.com\/es\/wp-json\/wp\/v2\/pages"}],"about":[{"href":"https:\/\/www.stormshield.com\/es\/wp-json\/wp\/v2\/types\/page"}],"author":[{"embeddable":true,"href":"https:\/\/www.stormshield.com\/es\/wp-json\/wp\/v2\/users\/31"}],"replies":[{"embeddable":true,"href":"https:\/\/www.stormshield.com\/es\/wp-json\/wp\/v2\/comments?post=282449"}],"version-history":[{"count":22,"href":"https:\/\/www.stormshield.com\/es\/wp-json\/wp\/v2\/pages\/282449\/revisions"}],"predecessor-version":[{"id":696030,"href":"https:\/\/www.stormshield.com\/es\/wp-json\/wp\/v2\/pages\/282449\/revisions\/696030"}],"up":[{"embeddable":true,"href":"https:\/\/www.stormshield.com\/es\/wp-json\/wp\/v2\/pages\/233266"}],"wp:attachment":[{"href":"https:\/\/www.stormshield.com\/es\/wp-json\/wp\/v2\/media?parent=282449"}],"curies":[{"name":"wp","href":"https:\/\/api.w.org\/{rel}","templated":true}]}}