{"id":270812,"date":"2022-04-15T13:13:18","date_gmt":"2022-04-15T12:13:18","guid":{"rendered":"https:\/\/www.stormshield.com\/?page_id=270812"},"modified":"2024-07-16T11:23:48","modified_gmt":"2024-07-16T10:23:48","slug":"no-ransomware","status":"publish","type":"page","link":"https:\/\/www.stormshield.com\/es\/no-ransomware\/","title":{"rendered":"No ransomware"},"content":{"rendered":"<div class=\"wpb-content-wrapper\"><p>[vc_row css_animation=\"\" row_type=\"row\" use_row_as_full_screen_section=\"no\" type=\"full_width\" angled_section=\"no\" text_align=\"left\" background_image_as_pattern=\"without_pattern\" z_index=\"\"][vc_column][vc_row_inner row_type=\"row\" type=\"grid\" text_align=\"right\" css_animation=\"\"][vc_column_inner width=\"1\/2\" css=\".vc_custom_1646747775392{padding-top: 15px !important;}\"][vc_single_image image=\"251172\" img_size=\"full\" qode_css_animation=\"\"][\/vc_column_inner][vc_column_inner width=\"1\/6\"][\/vc_column_inner][vc_column_inner width=\"1\/6\"][\/vc_column_inner][vc_column_inner width=\"1\/6\"][\/vc_column_inner][\/vc_row_inner][vc_empty_space height=\"12px\"][\/vc_column][\/vc_row][vc_row css_animation=\"\" row_type=\"row\" use_row_as_full_screen_section=\"yes\" type=\"full_width\" header_style=\"light\" angled_section=\"no\" text_align=\"left\" background_image_as_pattern=\"without_pattern\" z_index=\"\"][vc_column][vc_row_inner row_type=\"row\" type=\"grid\" text_align=\"left\" css_animation=\"\"][vc_column_inner width=\"1\/2\" css=\".vc_custom_1647426012138{padding-top: 100px !important;padding-bottom: 100px !important;}\"][vc_column_text]<span style=\"color: #000; font-size: 12px; text-transform: uppercase; font-weight: 300;\">Ransomware<\/span>[\/vc_column_text][vc_column_text]<\/p>\n<h1><span style=\"color: #000; font-size: 50px; text-transform: uppercase; font-weight: 900;\">\u00a1No pague el rescate!<\/span><\/h1>\n<p>[\/vc_column_text][vc_empty_space height=\"20px\"][vc_column_text]<span style=\"font-size: 20px; color: #333333;\"><strong>Extorsi\u00f3n, chantaje, robo de informaci\u00f3n crucial, p\u00e9rdida de productividad, ca\u00edda en picado de la reputaci\u00f3n de una empresa...<\/strong> Todos los d\u00edas, las noticias nos muestran la rapidez con la que las empresas pierden toda la riqueza de su trabajo.<\/span>[\/vc_column_text][vc_empty_space height=\"15px\"][\/vc_column_inner][vc_column_inner width=\"1\/2\"][vc_single_image image=\"385026\" img_size=\"full\" qode_css_animation=\"\"][\/vc_column_inner][\/vc_row_inner][\/vc_column][\/vc_row][vc_row css_animation=\"\" row_type=\"row\" use_row_as_full_screen_section=\"no\" type=\"grid\" angled_section=\"no\" text_align=\"left\" background_image_as_pattern=\"without_pattern\" z_index=\"\" css=\".vc_custom_1645784645892{padding-top: 50px !important;}\" background_color=\"#ffffff\"][vc_column][vc_row_inner row_type=\"row\" type=\"full_width\" text_align=\"left\" css_animation=\"\"][vc_column_inner width=\"1\/2\"][vc_empty_space height=\"20px\"][vc_column_text]<span style=\"color: #000; font-size: 12px; text-transform: uppercase; font-weight: 300;\">Luchar contra el ransomware<\/span>[\/vc_column_text][vc_column_text]<\/p>\n<h2 style=\"text-align: left;\"><span style=\"text-transform: uppercase; font-size: 30pt; color: #000;\"><strong>El ransomware, una amenaza creciente<\/strong><\/span><\/h2>\n<p>Los ataques de ransomware son actualmente la principal ciberamenaza para la seguridad de las empresas. Y el fen\u00f3meno se ha acelerado en los \u00faltimos a\u00f1os. Paralelamente al aumento de incidentes de ransomware en Francia, que es del 255\u00a0%, en 2021 los ataques de ransomware se duplicaron a nivel mundial.[\/vc_column_text][vc_empty_space height=\"50px\"][\/vc_column_inner][vc_column_inner width=\"1\/2\"][vc_empty_space height=\"50px\"]<div class=\"q_counter_holder  center\" style=\"\" data-digit=\"255%\"><span class=\"counter  zero\" style=\"font-size: 100px;font-weight: 900;\">255%<\/span><span class=\"separator small\" style=\"background-color: #00aeef;\"><\/span><p class=\"counter_text\" style=\"font-size: 14px;font-weight: 200;\">La agencia francesa ANSSI inform\u00f3 de un aumento del 255 % en las denuncias de ataques de ransomware en Francia. Y esta cifra no tiene en cuenta aquellos que ni siquiera fueron comunicados\u2026<\/p><\/div>[\/vc_column_inner][\/vc_row_inner][\/vc_column][\/vc_row][vc_row css_animation=\"\" row_type=\"row\" use_row_as_full_screen_section=\"no\" type=\"grid\" angled_section=\"no\" text_align=\"left\" background_image_as_pattern=\"without_pattern\" z_index=\"\" css=\".vc_custom_1645784645892{padding-top: 50px !important;}\" background_color=\"#ffffff\"][vc_column][vc_row_inner row_type=\"row\" type=\"full_width\" text_align=\"left\" css_animation=\"\"][vc_column_inner width=\"1\/2\"][vc_empty_space height=\"50px\"]<div class=\"q_counter_holder  center\" style=\"\" data-digit=\"40\"><span class=\"counter  zero\" style=\"font-size: 100px;font-weight: 900;\">40<\/span><span class=\"separator small\" style=\"background-color: #00aeef;\"><\/span><p class=\"counter_text\" style=\"font-size: 14px;font-weight: 200;\">Entre los ataques de ransomware que contabilizaron en 2021, los equipos de la ANSSI (Agencia Nacional de Seguridad de los Sistemas de Informaci\u00f3n francesa) contaron alrededor de 40 programas de ransomware diferentes.<\/p><\/div>[\/vc_column_inner][vc_column_inner width=\"1\/2\"][vc_empty_space height=\"20px\"][vc_column_text]<span style=\"color: #000; font-size: 12px; text-transform: uppercase; font-weight: 300;\">50 sombras de ransomware<\/span>[\/vc_column_text][vc_column_text]<\/p>\n<h2 style=\"text-align: left;\"><span style=\"text-transform: uppercase; font-size: 30pt; color: #000;\"><strong>El ransomware, una amenaza m\u00faltiple<\/strong><\/span><\/h2>\n<p>Desde las empresas muy peque\u00f1as hasta los grandes grupos internacionales, todo el tejido econ\u00f3mico mundial puede ser objeto de ataques: los grupos de ciberdelincuentes no tienen como objetivo, por regla general, una empresa concreta. Para ello, utilizan familias de ransomware, algunas de las cuales han sido recurrentes en los \u00faltimos doce meses: REvil, BlackMatter o LockBit 2.0.[\/vc_column_text][vc_empty_space height=\"50px\"][\/vc_column_inner][\/vc_row_inner][\/vc_column][\/vc_row][vc_row css_animation=\"\" row_type=\"row\" use_row_as_full_screen_section=\"yes\" type=\"full_width\" angled_section=\"no\" text_align=\"left\" background_image_as_pattern=\"without_pattern\" z_index=\"\" background_image=\"316071\" background_color=\"#f9f9f9\" padding_top=\"50\" padding_bottom=\"50\"][vc_column][vc_row_inner row_type=\"row\" type=\"grid\" text_align=\"left\" css_animation=\"\"][vc_column_inner width=\"1\/2\"][vc_column_text]<span style=\"color: #ffffff; font-size: 12px; text-transform: uppercase; font-weight: 300;\">Qu\u00e9 hacer ante un ataque de ransomware<\/span><\/p>\n<p style=\"text-align: left;\"><span style=\"text-transform: uppercase; font-size: 30pt; color: #ffffff;\"><strong>Un seminario web interactivo<\/strong> sobre los ransomwares<\/span><\/p>\n<p>[\/vc_column_text][vc_column_text]<span style=\"color: #ffffff;\">Con motivo del lanzamiento de la versi\u00f3n Stormshield Endpoint Security Evolution, que refuerza la protecci\u00f3n contra el ransomware, <strong>Manuel Jordan<\/strong>, Director de Marketing de Producto, le invita a un nuevo encuentro con <strong>S\u00e9bastien Viou<\/strong>, Director de Ciberseguridad de Producto, as\u00ed como con <strong>Mark Johnson<\/strong>, PreSales Ingeniero, para responder a todas sus preguntas sobre este importante avance en la protecci\u00f3n de los recursos de su empresa.<\/span>[\/vc_column_text][\/vc_column_inner][vc_column_inner width=\"1\/2\"][vc_empty_space][vc_video link=\"https:\/\/youtu.be\/BGCp1-sXwns\" align=\"center\"][vc_empty_space][\/vc_column_inner][\/vc_row_inner][\/vc_column][\/vc_row][vc_row css_animation=\"\" row_type=\"row\" use_row_as_full_screen_section=\"no\" type=\"grid\" angled_section=\"no\" text_align=\"left\" background_image_as_pattern=\"without_pattern\" z_index=\"\" css=\".vc_custom_1647514809998{padding-top: 50px !important;}\" background_color=\"#00aeef\"][vc_column][vc_row_inner row_type=\"row\" type=\"full_width\" text_align=\"left\" css_animation=\"\"][vc_column_inner][vc_column_text]<span style=\"color: #ffffff; font-size: 12px; text-transform: uppercase; font-weight: 300;\">Ransomware-as-a-service<\/span><\/p>\n<p style=\"text-align: left;\"><span style=\"text-transform: uppercase; font-size: 30pt; color: #ffffff;\">El ransomware LockBit 2.0<\/span><\/p>\n<p>[\/vc_column_text][vc_column_text]<\/p>\n<p style=\"text-align: left;\"><span style=\"color: #ffffff;\">LockBit es un grupo de ciberdelincuentes que opera con un modelo de Ransomware-as-a-Service (RaaS), como producto llave en mano. Al ser uno de los grupos que m\u00e1s se dirigen a las empresas francesas, LockBit ofrece su plataforma de ransomware a otras entidades o particulares que la utilizan con un modelo de afiliaci\u00f3n. Lea nuestro an\u00e1lisis t\u00e9cnico del ransomware.<\/span><\/p>\n<p>[\/vc_column_text][vc_empty_space]<a  itemprop=\"url\" href=\"https:\/\/www.stormshield.com\/wp-content\/uploads\/SES-ES-LockBit2.0-ThreatAdvisory-202204.pdf\" target=\"_blank\"  class=\"qbutton  white default\" style=\"\">Explicaci\u00f3n t\u00e9cnica del ransomware LockBit<i class=\"qode_icon_font_awesome fa fa-angle-right qode_button_icon_element\"><\/i><\/a>[vc_empty_space height=\"50px\"][\/vc_column_inner][\/vc_row_inner][\/vc_column][\/vc_row][vc_row css_animation=\"\" row_type=\"row\" use_row_as_full_screen_section=\"no\" type=\"grid\" angled_section=\"no\" text_align=\"left\" background_image_as_pattern=\"without_pattern\" z_index=\"\"][vc_column][vc_row_inner row_type=\"row\" type=\"full_width\" text_align=\"left\" css_animation=\"\"][vc_column_inner width=\"1\/2\"][vc_empty_space height=\"50px\"][vc_single_image image=\"278644\" img_size=\"full\" css=\"\" qode_css_animation=\"\"][\/vc_column_inner][vc_column_inner width=\"1\/2\"][vc_empty_space height=\"50px\"][vc_column_text]<span style=\"color: #000; font-size: 12px; text-transform: uppercase; font-weight: 300;\">Soluci\u00f3n para ransomware<\/span><\/p>\n<p style=\"text-align: left;\"><span style=\"text-transform: uppercase; font-size: 30pt; color: #000;\">M\u00e1s informaci\u00f3n sobre <strong>Stormshield Endpoint Security Evolution<\/strong><\/span><\/p>\n<p>[\/vc_column_text][vc_column_text]Stormshield Endpoint Security le ofrece una nueva generaci\u00f3n de soluciones de ciberseguridad capaces de garantizar una protecci\u00f3n completa de los terminales y servidores frente al ransomware. Esta soluci\u00f3n conjuga las funciones de protecci\u00f3n de equipos (EPP) y de detecci\u00f3n (EDR) para bloquear de manera proactiva los ataques m\u00e1s sofisticados y suministrar elementos de an\u00e1lisis posterior.[\/vc_column_text][vc_empty_space height=\"50px\"][\/vc_column_inner][\/vc_row_inner][vc_row_inner row_type=\"row\" type=\"full_width\" text_align=\"left\" css_animation=\"\"][vc_column_inner width=\"1\/4\"]<span data-type=\"normal\" data-hover-icon-color=\"#00aeef\" class=\"qode_icon_shortcode  q_font_awsome_icon fa-4x pull-center \" style=\" \"><a  itemprop=\"url\" href=\"https:\/\/www.stormshield.com\/es\/ressourcescenter\/datasheet-stormshield-endpoint-security-ses\/\" target=\"_blank\"><span aria-hidden=\"true\" class=\"qode_icon_font_elegant icon_document qode_icon_element\" style=\"color: #e8e8e8;\" ><\/span><\/a><\/span>[vc_empty_space height=\"20px\"][vc_column_text]<\/p>\n<p style=\"text-align: center;\"><strong>Hoja de producto<\/strong> Stormshield Endpoint Security Evolution<\/p>\n<p>[\/vc_column_text][\/vc_column_inner][vc_column_inner width=\"1\/4\"]<span data-type=\"normal\" data-hover-icon-color=\"#00aeef\" class=\"qode_icon_shortcode  q_font_awsome_icon fa-4x pull-center \" style=\" \"><a  itemprop=\"url\" href=\"https:\/\/www.stormshield.com\/es\/ressourcescenter\/folleto-stormshield-endpoint-security-gama-de-proteccion-de-puntos-finales-y-servidores\/\" target=\"_blank\"><span aria-hidden=\"true\" class=\"qode_icon_font_elegant icon_documents qode_icon_element\" style=\"color: #e8e8e8;\" ><\/span><\/a><\/span>[vc_empty_space height=\"20px\"][vc_column_text]<\/p>\n<p style=\"text-align: center;\"><strong>Folleto <\/strong>Stormshield Endpoint Security Evolution<\/p>\n<p>[\/vc_column_text][\/vc_column_inner][vc_column_inner width=\"1\/4\"]<span data-type=\"normal\" data-hover-icon-color=\"#00aeef\" class=\"qode_icon_shortcode  q_font_awsome_icon fa-4x pull-center \" style=\" \"><a  itemprop=\"url\" href=\"https:\/\/www.stormshield.com\/wp-content\/uploads\/SES-ES-Ransomware-Infographics-202204.pdf\" target=\"_blank\"><span aria-hidden=\"true\" class=\"qode_icon_font_elegant icon_datareport qode_icon_element\" style=\"color: #e8e8e8;\" ><\/span><\/a><\/span>[vc_empty_space height=\"20px\"][vc_column_text]<\/p>\n<p style=\"text-align: center;\"><strong>Infograf\u00eda<\/strong> sobre el ransomware<\/p>\n<p>[\/vc_column_text][\/vc_column_inner][vc_column_inner width=\"1\/4\"]<span data-type=\"normal\" data-hover-icon-color=\"#00aeef\" class=\"qode_icon_shortcode  q_font_awsome_icon fa-4x pull-center \" style=\" \"><a  itemprop=\"url\" href=\"https:\/\/www.stormshield.com\/es\/productos-y-servicios\/productos\/endpoint-protection\/stormshield-endpoint-security\/\" target=\"_self\"><span aria-hidden=\"true\" class=\"qode_icon_font_elegant icon_desktop qode_icon_element\" style=\"color: #e8e8e8;\" ><\/span><\/a><\/span>[vc_empty_space height=\"20px\"][vc_column_text]<\/p>\n<p style=\"text-align: center;\"><strong>P\u00e1gina del producto<\/strong> Stormshield Endpoint Security Evolution<\/p>\n<p>[\/vc_column_text][\/vc_column_inner][\/vc_row_inner][\/vc_column][\/vc_row][vc_row css_animation=\"\" row_type=\"row\" use_row_as_full_screen_section=\"no\" type=\"full_width\" angled_section=\"no\" text_align=\"left\" background_image_as_pattern=\"without_pattern\"][vc_column][vc_empty_space][\/vc_column][\/vc_row]<\/p>\n<\/div>","protected":false},"excerpt":{"rendered":"<p>[vc_row css_animation=\u00bb\u00bb row_type=\u00bbrow\u00bb use_row_as_full_screen_section=\u00bbno\u00bb type=\u00bbfull_width\u00bb angled_section=\u00bbno\u00bb text_align=\u00bbleft\u00bb background_image_as_pattern=\u00bbwithout_pattern\u00bb z_index=\u00bb\u00bb][vc_column][vc_row_inner row_type=\u00bbrow\u00bb type=\u00bbgrid\u00bb text_align=\u00bbright\u00bb css_animation=\u00bb\u00bb][vc_column_inner width=\u00bb1\/2&#8243; css=\u00bb.vc_custom_1646747775392{padding-top: 15px !important;}\u00bb][vc_single_image image=\u00bb251172&#8243; img_size=\u00bbfull\u00bb qode_css_animation=\u00bb\u00bb][\/vc_column_inner][vc_column_inner width=\u00bb1\/6&#8243;][\/vc_column_inner][vc_column_inner width=\u00bb1\/6&#8243;][\/vc_column_inner][vc_column_inner width=\u00bb1\/6&#8243;][\/vc_column_inner][\/vc_row_inner][vc_empty_space height=\u00bb12px\u00bb][\/vc_column][\/vc_row][vc_row css_animation=\u00bb\u00bb row_type=\u00bbrow\u00bb use_row_as_full_screen_section=\u00bbyes\u00bb type=\u00bbfull_width\u00bb header_style=\u00bblight\u00bb angled_section=\u00bbno\u00bb text_align=\u00bbleft\u00bb background_image_as_pattern=\u00bbwithout_pattern\u00bb z_index=\u00bb\u00bb][vc_column][vc_row_inner row_type=\u00bbrow\u00bb type=\u00bbgrid\u00bb text_align=\u00bbleft\u00bb css_animation=\u00bb\u00bb][vc_column_inner width=\u00bb1\/2&#8243; css=\u00bb.vc_custom_1647426012138{padding-top: 100px !important;padding-bottom: 100px !important;}\u00bb][vc_column_text]Ransomware[\/vc_column_text][vc_column_text] \u00a1No pague&#8230;<\/p>\n","protected":false},"author":31,"featured_media":0,"parent":0,"menu_order":0,"comment_status":"closed","ping_status":"closed","template":"landing_page.php","meta":{"_acf_changed":false,"footnotes":""},"class_list":["post-270812","page","type-page","status-publish","hentry"],"acf":[],"yoast_head":"<!-- This site is optimized with the Yoast SEO plugin v27.3 - https:\/\/yoast.com\/product\/yoast-seo-wordpress\/ -->\n<title>Ataque de ransomware: combatir, detectar, evitar | Stormshield<\/title>\n<meta name=\"description\" content=\"Descubra Stormshield Endpoint Security Evolution, nuestra soluci\u00f3n contra el ransomware.\" \/>\n<meta name=\"robots\" content=\"index, follow, max-snippet:-1, max-image-preview:large, max-video-preview:-1\" \/>\n<link rel=\"canonical\" href=\"https:\/\/www.stormshield.com\/es\/no-ransomware\/\" \/>\n<meta property=\"og:locale\" content=\"es_ES\" \/>\n<meta property=\"og:type\" content=\"article\" \/>\n<meta property=\"og:title\" content=\"Ataque de ransomware: combatir, detectar, evitar | Stormshield\" \/>\n<meta property=\"og:description\" content=\"Descubra Stormshield Endpoint Security Evolution, nuestra soluci\u00f3n contra el ransomware.\" \/>\n<meta property=\"og:url\" content=\"https:\/\/www.stormshield.com\/es\/no-ransomware\/\" \/>\n<meta property=\"og:site_name\" content=\"Stormshield\" \/>\n<meta property=\"article:modified_time\" content=\"2024-07-16T10:23:48+00:00\" \/>\n<meta property=\"og:image\" content=\"https:\/\/www.stormshield.com\/wp-content\/uploads\/stormshield_logo.png\" \/>\n\t<meta property=\"og:image:width\" content=\"204\" \/>\n\t<meta property=\"og:image:height\" content=\"94\" \/>\n\t<meta property=\"og:image:type\" content=\"image\/png\" \/>\n<meta name=\"twitter:card\" content=\"summary_large_image\" \/>\n<meta name=\"twitter:site\" content=\"@Stormshield\" \/>\n<meta name=\"twitter:label1\" content=\"Tiempo de lectura\" \/>\n\t<meta name=\"twitter:data1\" content=\"4 minutos\" \/>\n<script type=\"application\/ld+json\" class=\"yoast-schema-graph\">{\"@context\":\"https:\\\/\\\/schema.org\",\"@graph\":[{\"@type\":\"WebPage\",\"@id\":\"https:\\\/\\\/www.stormshield.com\\\/es\\\/no-ransomware\\\/\",\"url\":\"https:\\\/\\\/www.stormshield.com\\\/es\\\/no-ransomware\\\/\",\"name\":\"Ataque de ransomware: combatir, detectar, evitar | Stormshield\",\"isPartOf\":{\"@id\":\"https:\\\/\\\/www.stormshield.com\\\/es\\\/#website\"},\"datePublished\":\"2022-04-15T12:13:18+00:00\",\"dateModified\":\"2024-07-16T10:23:48+00:00\",\"description\":\"Descubra Stormshield Endpoint Security Evolution, nuestra soluci\u00f3n contra el ransomware.\",\"breadcrumb\":{\"@id\":\"https:\\\/\\\/www.stormshield.com\\\/es\\\/no-ransomware\\\/#breadcrumb\"},\"inLanguage\":\"es\",\"potentialAction\":[{\"@type\":\"ReadAction\",\"target\":[\"https:\\\/\\\/www.stormshield.com\\\/es\\\/no-ransomware\\\/\"]}]},{\"@type\":\"BreadcrumbList\",\"@id\":\"https:\\\/\\\/www.stormshield.com\\\/es\\\/no-ransomware\\\/#breadcrumb\",\"itemListElement\":[{\"@type\":\"ListItem\",\"position\":1,\"name\":\"Home\",\"item\":\"https:\\\/\\\/www.stormshield.com\\\/es\\\/\"},{\"@type\":\"ListItem\",\"position\":2,\"name\":\"No ransomware\"}]},{\"@type\":\"WebSite\",\"@id\":\"https:\\\/\\\/www.stormshield.com\\\/es\\\/#website\",\"url\":\"https:\\\/\\\/www.stormshield.com\\\/es\\\/\",\"name\":\"Stormshield\",\"description\":\"Stormshield\",\"potentialAction\":[{\"@type\":\"SearchAction\",\"target\":{\"@type\":\"EntryPoint\",\"urlTemplate\":\"https:\\\/\\\/www.stormshield.com\\\/es\\\/?s={search_term_string}\"},\"query-input\":{\"@type\":\"PropertyValueSpecification\",\"valueRequired\":true,\"valueName\":\"search_term_string\"}}],\"inLanguage\":\"es\"}]}<\/script>\n<!-- \/ Yoast SEO plugin. -->","yoast_head_json":{"title":"Ataque de ransomware: combatir, detectar, evitar | Stormshield","description":"Descubra Stormshield Endpoint Security Evolution, nuestra soluci\u00f3n contra el ransomware.","robots":{"index":"index","follow":"follow","max-snippet":"max-snippet:-1","max-image-preview":"max-image-preview:large","max-video-preview":"max-video-preview:-1"},"canonical":"https:\/\/www.stormshield.com\/es\/no-ransomware\/","og_locale":"es_ES","og_type":"article","og_title":"Ataque de ransomware: combatir, detectar, evitar | Stormshield","og_description":"Descubra Stormshield Endpoint Security Evolution, nuestra soluci\u00f3n contra el ransomware.","og_url":"https:\/\/www.stormshield.com\/es\/no-ransomware\/","og_site_name":"Stormshield","article_modified_time":"2024-07-16T10:23:48+00:00","og_image":[{"width":204,"height":94,"url":"https:\/\/www.stormshield.com\/wp-content\/uploads\/stormshield_logo.png","type":"image\/png"}],"twitter_card":"summary_large_image","twitter_site":"@Stormshield","twitter_misc":{"Tiempo de lectura":"4 minutos"},"schema":{"@context":"https:\/\/schema.org","@graph":[{"@type":"WebPage","@id":"https:\/\/www.stormshield.com\/es\/no-ransomware\/","url":"https:\/\/www.stormshield.com\/es\/no-ransomware\/","name":"Ataque de ransomware: combatir, detectar, evitar | Stormshield","isPartOf":{"@id":"https:\/\/www.stormshield.com\/es\/#website"},"datePublished":"2022-04-15T12:13:18+00:00","dateModified":"2024-07-16T10:23:48+00:00","description":"Descubra Stormshield Endpoint Security Evolution, nuestra soluci\u00f3n contra el ransomware.","breadcrumb":{"@id":"https:\/\/www.stormshield.com\/es\/no-ransomware\/#breadcrumb"},"inLanguage":"es","potentialAction":[{"@type":"ReadAction","target":["https:\/\/www.stormshield.com\/es\/no-ransomware\/"]}]},{"@type":"BreadcrumbList","@id":"https:\/\/www.stormshield.com\/es\/no-ransomware\/#breadcrumb","itemListElement":[{"@type":"ListItem","position":1,"name":"Home","item":"https:\/\/www.stormshield.com\/es\/"},{"@type":"ListItem","position":2,"name":"No ransomware"}]},{"@type":"WebSite","@id":"https:\/\/www.stormshield.com\/es\/#website","url":"https:\/\/www.stormshield.com\/es\/","name":"Stormshield","description":"Stormshield","potentialAction":[{"@type":"SearchAction","target":{"@type":"EntryPoint","urlTemplate":"https:\/\/www.stormshield.com\/es\/?s={search_term_string}"},"query-input":{"@type":"PropertyValueSpecification","valueRequired":true,"valueName":"search_term_string"}}],"inLanguage":"es"}]}},"_links":{"self":[{"href":"https:\/\/www.stormshield.com\/es\/wp-json\/wp\/v2\/pages\/270812","targetHints":{"allow":["GET"]}}],"collection":[{"href":"https:\/\/www.stormshield.com\/es\/wp-json\/wp\/v2\/pages"}],"about":[{"href":"https:\/\/www.stormshield.com\/es\/wp-json\/wp\/v2\/types\/page"}],"author":[{"embeddable":true,"href":"https:\/\/www.stormshield.com\/es\/wp-json\/wp\/v2\/users\/31"}],"replies":[{"embeddable":true,"href":"https:\/\/www.stormshield.com\/es\/wp-json\/wp\/v2\/comments?post=270812"}],"version-history":[{"count":11,"href":"https:\/\/www.stormshield.com\/es\/wp-json\/wp\/v2\/pages\/270812\/revisions"}],"predecessor-version":[{"id":553477,"href":"https:\/\/www.stormshield.com\/es\/wp-json\/wp\/v2\/pages\/270812\/revisions\/553477"}],"wp:attachment":[{"href":"https:\/\/www.stormshield.com\/es\/wp-json\/wp\/v2\/media?parent=270812"}],"curies":[{"name":"wp","href":"https:\/\/api.w.org\/{rel}","templated":true}]}}