{"id":267515,"date":"2022-03-07T13:39:04","date_gmt":"2022-03-07T12:39:04","guid":{"rendered":"https:\/\/www.stormshield.com\/our-support\/servicios\/formacion\/ses\/"},"modified":"2023-11-15T10:04:06","modified_gmt":"2023-11-15T09:04:06","slug":"ses","status":"publish","type":"page","link":"https:\/\/www.stormshield.com\/es\/nuestro-apoyo\/servicios\/formacion\/ses\/","title":{"rendered":"Formaci\u00f3n SES"},"content":{"rendered":"<div class=\"wpb-content-wrapper\"><p>[vc_row css_animation=\"\" row_type=\"row\" use_row_as_full_screen_section=\"no\" type=\"grid\" angled_section=\"no\" text_align=\"left\" background_image_as_pattern=\"without_pattern\" z_index=\"\" padding_top=\"50\" padding_bottom=\"50\"][vc_column][vc_empty_space][vc_column_text]<\/p>\n<h1 style=\"text-align: center;\"><span style=\"color: #00aaf5;\"><span style=\"font-weight: 900; font-size: 1.5em;\">Formaci\u00f3n SES: <\/span><\/span><span style=\"color: #00aaf5;\"><span style=\"font-weight: 300; font-size: 1.5em;\">todo sobre la protecci\u00f3n de los equipos inform\u00e1ticos<\/span><\/span><\/h1>\n<p>[\/vc_column_text][vc_empty_space][\/vc_column][\/vc_row][vc_row css_animation=\"\" row_type=\"row\" use_row_as_full_screen_section=\"no\" type=\"grid\" angled_section=\"no\" text_align=\"left\" background_image_as_pattern=\"without_pattern\" z_index=\"\"][vc_column width=\"2\/3\"][vc_column_text]<span style=\"color: #000; font-size: 1.1em;\"><strong>Con nuestros cursos de formaci\u00f3n de Stormshield Endpoint Security, aumenta tus conocimientos sobre la protecci\u00f3n de ordenadores y servidores.<\/strong> Sensibles a todo tipo de vulnerabilidades y ciberataques, los ordenadores de tus empleados y los servidores de tu empresa merecen una atenci\u00f3n especial. Entre presentaciones y laboratorios pr\u00e1cticos, nuestros cursos Certified Stormshield Endpoint Administrator (CSEA) y Certified Stormshield Endpoint Expert (CSEE) te ayudar\u00e1n a implementar y dominar nuestra soluci\u00f3n Stormshield Endpoint Security.<\/span>[\/vc_column_text][\/vc_column][vc_column width=\"1\/3\"][vc_single_image image=\"456837\" img_size=\"medium\" alignment=\"center\" qode_css_animation=\"\"][\/vc_column][\/vc_row][vc_row css_animation=\"\" row_type=\"row\" use_row_as_full_screen_section=\"no\" type=\"grid\" angled_section=\"no\" text_align=\"left\" background_image_as_pattern=\"without_pattern\" z_index=\"\" padding_bottom=\"50\" css=\".vc_custom_1699974777591{background-color: #ffffff !important;}\" padding_top=\"50\"][vc_column][vc_row_inner row_type=\"row\" type=\"full_width\" text_align=\"left\" css_animation=\"\" background_color=\"#f9f9f9\" css=\".vc_custom_1699973877944{padding-top: 32px !important;padding-right: 32px !important;padding-bottom: 32px !important;padding-left: 32px !important;}\"][vc_column_inner width=\"1\/2\"][vc_column_text]<\/p>\n<h2 style=\"text-align: left;\"><span style=\"color: #000; font-size: 1.2em; font-weight: 900;\">Formaci\u00f3n CSEA: convi\u00e9rtete en un as de la protecci\u00f3n de los ordenadores de la empresa<\/span><\/h2>\n<p><span style=\"color: #000; font-size: 1.1em;\">Spearphishing, ransomware, uso indebido de software... \u00bfLa protecci\u00f3n de ordenadores, servidores y dispositivos es tu punto d\u00e9bil? En dos d\u00edas, la seguridad y el control total de las aplicaciones, los perif\u00e9ricos y las conexiones de red ya no ser\u00e1n ning\u00fan problema para ti gracias a nuestra formaci\u00f3n Certified Stormshield Endpoint Administrator (CSEA).<\/span>[\/vc_column_text][vc_empty_space]<a  itemprop=\"url\" href=\"https:\/\/www.stormshield.com\/es\/ressourcescenter\/hoja-de-resumen-csea-formacion\/\" target=\"_blank\" data-hover-background-color=\"#d23467\" data-hover-border-color=\"#ffffff\" class=\"qbutton  white enlarge\" style=\"border-color: #ffffff; background-color:#060051;\">CSEA<i class=\"qode_icon_font_awesome fa fa-angle-right qode_button_icon_element\"><\/i><\/a>[\/vc_column_inner][vc_column_inner width=\"1\/2\"][vc_column_text]<\/p>\n<h2 style=\"text-align: left;\"><span style=\"color: #000; font-size: 1.2em; font-weight: 900;\">Formaci\u00f3n CSEE: convi\u00e9rtete en un experto en protecci\u00f3n de los ordenadores de la empresa<\/span><\/h2>\n<p><span style=\"color: #000; font-size: 1.1em;\">Y si quieres ir m\u00e1s all\u00e1, elige nuestra formaci\u00f3n Certified Stormshield Endpoint Expert (CSEE) y domina la configuraci\u00f3n de todas las funcionalidades de la soluci\u00f3n Stormshield Endpoint Security. Para seguir este curso de formaci\u00f3n, sancionada por un examen certificador, se requiere la certificaci\u00f3n CSEA.<\/span>[\/vc_column_text][vc_empty_space]<a  itemprop=\"url\" href=\"https:\/\/www.stormshield.com\/es\/ressourcescenter\/hoja-de-resumen-csee-formacion\/\" target=\"_blank\" data-hover-background-color=\"#d23467\" data-hover-border-color=\"#ffffff\" class=\"qbutton  white enlarge\" style=\"border-color: #ffffff; background-color:#060051;\">CSEE<i class=\"qode_icon_font_awesome fa fa-angle-right qode_button_icon_element\"><\/i><\/a>[\/vc_column_inner][\/vc_row_inner][\/vc_column][\/vc_row][vc_row css_animation=\"\" row_type=\"row\" use_row_as_full_screen_section=\"no\" type=\"grid\" angled_section=\"no\" text_align=\"left\" background_image_as_pattern=\"without_pattern\" z_index=\"\" padding_top=\"50\" padding_bottom=\"50\"][vc_column width=\"2\/3\"][vc_empty_space][vc_column_text]<\/p>\n<h2 style=\"text-align: left;\"><span style=\"color: #000; font-size: 1.2em; font-weight: 900;\">Kits de recertificaci\u00f3n<\/span><\/h2>\n<p><span style=\"color: #000; font-size: 1.1em;\">Como sucede con todo buen software, tendr\u00e1s que actualizar tus conocimientos sobre endpoint\/seguridad antes del tercer aniversario de tu certificaci\u00f3n. Puedes hacerlo con nuestros kits de recertificaci\u00f3n en l\u00ednea, que te permiten renovar tu certificaci\u00f3n por otros tres a\u00f1os m\u00e1s.<\/span>[\/vc_column_text][vc_empty_space]<a  itemprop=\"url\" href=\"https:\/\/www.stormshield.com\/es\/contacto\/equipo-de-formacion\/\" target=\"_blank\" data-hover-background-color=\"#d23467\" data-hover-border-color=\"#ffffff\" class=\"qbutton  white enlarge\" style=\"border-color: #ffffff; background-color:#060051;\">Contacto<i class=\"qode_icon_font_awesome fa fa-angle-right qode_button_icon_element\"><\/i><\/a>[vc_empty_space][\/vc_column][vc_column width=\"1\/3\" css=\".vc_custom_1699970948115{padding-right: 12px !important;padding-left: 12px !important;background-color: #f9f9f9 !important;}\"][vc_column_text]<\/p>\n<h2 style=\"text-align: left;\"><span style=\"color: #000; font-size: 1.2em; font-weight: 900;\">Calendario<\/span><\/h2>\n<p><span style=\"color: #000; font-size: 1.1em;\">\u00bfQuieres conocer las fechas de los cursos de formaci\u00f3n dedicados a la protecci\u00f3n endpoint? Descubre nuestro calendario de formaci\u00f3n SES.<\/span>[\/vc_column_text][vc_empty_space]<a  itemprop=\"url\" href=\"https:\/\/www.stormshield.com\/es\/nuestro-apoyo\/servicios\/formacion\/calendario-de-formacion\/\" target=\"_blank\" data-hover-background-color=\"#d23467\" data-hover-border-color=\"#ffffff\" class=\"qbutton  white enlarge\" style=\"border-color: #ffffff; background-color:#060051;\">Calendario<i class=\"qode_icon_font_awesome fa fa-angle-right qode_button_icon_element\"><\/i><\/a>[vc_empty_space][\/vc_column][\/vc_row]<\/p>\n<\/div>","protected":false},"excerpt":{"rendered":"<p>[vc_row css_animation=\u00bb\u00bb row_type=\u00bbrow\u00bb use_row_as_full_screen_section=\u00bbno\u00bb type=\u00bbgrid\u00bb angled_section=\u00bbno\u00bb text_align=\u00bbleft\u00bb background_image_as_pattern=\u00bbwithout_pattern\u00bb z_index=\u00bb\u00bb padding_top=\u00bb50&#8243; padding_bottom=\u00bb50&#8243;][vc_column][vc_empty_space][vc_column_text] Formaci\u00f3n SES: todo sobre la protecci\u00f3n de los equipos inform\u00e1ticos [\/vc_column_text][vc_empty_space][\/vc_column][\/vc_row][vc_row css_animation=\u00bb\u00bb row_type=\u00bbrow\u00bb use_row_as_full_screen_section=\u00bbno\u00bb type=\u00bbgrid\u00bb angled_section=\u00bbno\u00bb text_align=\u00bbleft\u00bb background_image_as_pattern=\u00bbwithout_pattern\u00bb z_index=\u00bb\u00bb][vc_column width=\u00bb2\/3&#8243;][vc_column_text]Con nuestros cursos de formaci\u00f3n de Stormshield Endpoint Security, aumenta tus conocimientos sobre la protecci\u00f3n&#8230;<\/p>\n","protected":false},"author":31,"featured_media":0,"parent":205084,"menu_order":3,"comment_status":"closed","ping_status":"closed","template":"full_width.php","meta":{"_acf_changed":false,"footnotes":""},"class_list":["post-267515","page","type-page","status-publish","hentry"],"acf":[],"yoast_head":"<!-- This site is optimized with the Yoast SEO plugin v27.3 - https:\/\/yoast.com\/product\/yoast-seo-wordpress\/ -->\n<title>Ciberseguridad: Cursos de formaci\u00f3n de SES | Stormshield<\/title>\n<meta name=\"description\" content=\"Aprenda sobre la protecci\u00f3n de puntos finales: con nuestros cursos de formaci\u00f3n de Stormshield Endpoint Security, podr\u00e1 profundizar sus conocimientos sobre la protecci\u00f3n de puntos finales y servidores.\" \/>\n<meta name=\"robots\" content=\"index, follow, max-snippet:-1, max-image-preview:large, max-video-preview:-1\" \/>\n<link rel=\"canonical\" href=\"https:\/\/www.stormshield.com\/es\/nuestro-apoyo\/servicios\/formacion\/ses\/\" \/>\n<meta property=\"og:locale\" content=\"es_ES\" \/>\n<meta property=\"og:type\" content=\"article\" \/>\n<meta property=\"og:title\" content=\"Ciberseguridad: Cursos de formaci\u00f3n de SES | Stormshield\" \/>\n<meta property=\"og:description\" content=\"Aprenda sobre la protecci\u00f3n de puntos finales: con nuestros cursos de formaci\u00f3n de Stormshield Endpoint Security, podr\u00e1 profundizar sus conocimientos sobre la protecci\u00f3n de puntos finales y servidores.\" \/>\n<meta property=\"og:url\" content=\"https:\/\/www.stormshield.com\/es\/nuestro-apoyo\/servicios\/formacion\/ses\/\" \/>\n<meta property=\"og:site_name\" content=\"Stormshield\" \/>\n<meta property=\"article:modified_time\" content=\"2023-11-15T09:04:06+00:00\" \/>\n<meta property=\"og:image\" content=\"https:\/\/www.stormshield.com\/wp-content\/uploads\/stormshield_logo.png\" \/>\n\t<meta property=\"og:image:width\" content=\"204\" \/>\n\t<meta property=\"og:image:height\" content=\"94\" \/>\n\t<meta property=\"og:image:type\" content=\"image\/png\" \/>\n<meta name=\"twitter:card\" content=\"summary_large_image\" \/>\n<meta name=\"twitter:site\" content=\"@Stormshield\" \/>\n<meta name=\"twitter:label1\" content=\"Tiempo de lectura\" \/>\n\t<meta name=\"twitter:data1\" content=\"2 minutos\" \/>\n<script type=\"application\/ld+json\" class=\"yoast-schema-graph\">{\"@context\":\"https:\\\/\\\/schema.org\",\"@graph\":[{\"@type\":\"WebPage\",\"@id\":\"https:\\\/\\\/www.stormshield.com\\\/es\\\/nuestro-apoyo\\\/servicios\\\/formacion\\\/ses\\\/\",\"url\":\"https:\\\/\\\/www.stormshield.com\\\/es\\\/nuestro-apoyo\\\/servicios\\\/formacion\\\/ses\\\/\",\"name\":\"Ciberseguridad: Cursos de formaci\u00f3n de SES | Stormshield\",\"isPartOf\":{\"@id\":\"https:\\\/\\\/www.stormshield.com\\\/es\\\/#website\"},\"datePublished\":\"2022-03-07T12:39:04+00:00\",\"dateModified\":\"2023-11-15T09:04:06+00:00\",\"description\":\"Aprenda sobre la protecci\u00f3n de puntos finales: con nuestros cursos de formaci\u00f3n de Stormshield Endpoint Security, podr\u00e1 profundizar sus conocimientos sobre la protecci\u00f3n de puntos finales y servidores.\",\"breadcrumb\":{\"@id\":\"https:\\\/\\\/www.stormshield.com\\\/es\\\/nuestro-apoyo\\\/servicios\\\/formacion\\\/ses\\\/#breadcrumb\"},\"inLanguage\":\"es\",\"potentialAction\":[{\"@type\":\"ReadAction\",\"target\":[\"https:\\\/\\\/www.stormshield.com\\\/es\\\/nuestro-apoyo\\\/servicios\\\/formacion\\\/ses\\\/\"]}]},{\"@type\":\"BreadcrumbList\",\"@id\":\"https:\\\/\\\/www.stormshield.com\\\/es\\\/nuestro-apoyo\\\/servicios\\\/formacion\\\/ses\\\/#breadcrumb\",\"itemListElement\":[{\"@type\":\"ListItem\",\"position\":1,\"name\":\"Home\",\"item\":\"https:\\\/\\\/www.stormshield.com\\\/es\\\/\"},{\"@type\":\"ListItem\",\"position\":2,\"name\":\"Nuestro apoyo\",\"item\":\"https:\\\/\\\/www.stormshield.com\\\/es\\\/nuestro-apoyo\\\/\"},{\"@type\":\"ListItem\",\"position\":3,\"name\":\"Servicios\",\"item\":\"https:\\\/\\\/www.stormshield.com\\\/es\\\/nuestro-apoyo\\\/servicios\\\/\"},{\"@type\":\"ListItem\",\"position\":4,\"name\":\"Formaci\u00f3n\",\"item\":\"https:\\\/\\\/www.stormshield.com\\\/es\\\/nuestro-apoyo\\\/servicios\\\/formacion\\\/\"},{\"@type\":\"ListItem\",\"position\":5,\"name\":\"Formaci\u00f3n SES\"}]},{\"@type\":\"WebSite\",\"@id\":\"https:\\\/\\\/www.stormshield.com\\\/es\\\/#website\",\"url\":\"https:\\\/\\\/www.stormshield.com\\\/es\\\/\",\"name\":\"Stormshield\",\"description\":\"Stormshield\",\"potentialAction\":[{\"@type\":\"SearchAction\",\"target\":{\"@type\":\"EntryPoint\",\"urlTemplate\":\"https:\\\/\\\/www.stormshield.com\\\/es\\\/?s={search_term_string}\"},\"query-input\":{\"@type\":\"PropertyValueSpecification\",\"valueRequired\":true,\"valueName\":\"search_term_string\"}}],\"inLanguage\":\"es\"}]}<\/script>\n<!-- \/ Yoast SEO plugin. -->","yoast_head_json":{"title":"Ciberseguridad: Cursos de formaci\u00f3n de SES | Stormshield","description":"Aprenda sobre la protecci\u00f3n de puntos finales: con nuestros cursos de formaci\u00f3n de Stormshield Endpoint Security, podr\u00e1 profundizar sus conocimientos sobre la protecci\u00f3n de puntos finales y servidores.","robots":{"index":"index","follow":"follow","max-snippet":"max-snippet:-1","max-image-preview":"max-image-preview:large","max-video-preview":"max-video-preview:-1"},"canonical":"https:\/\/www.stormshield.com\/es\/nuestro-apoyo\/servicios\/formacion\/ses\/","og_locale":"es_ES","og_type":"article","og_title":"Ciberseguridad: Cursos de formaci\u00f3n de SES | Stormshield","og_description":"Aprenda sobre la protecci\u00f3n de puntos finales: con nuestros cursos de formaci\u00f3n de Stormshield Endpoint Security, podr\u00e1 profundizar sus conocimientos sobre la protecci\u00f3n de puntos finales y servidores.","og_url":"https:\/\/www.stormshield.com\/es\/nuestro-apoyo\/servicios\/formacion\/ses\/","og_site_name":"Stormshield","article_modified_time":"2023-11-15T09:04:06+00:00","og_image":[{"width":204,"height":94,"url":"https:\/\/www.stormshield.com\/wp-content\/uploads\/stormshield_logo.png","type":"image\/png"}],"twitter_card":"summary_large_image","twitter_site":"@Stormshield","twitter_misc":{"Tiempo de lectura":"2 minutos"},"schema":{"@context":"https:\/\/schema.org","@graph":[{"@type":"WebPage","@id":"https:\/\/www.stormshield.com\/es\/nuestro-apoyo\/servicios\/formacion\/ses\/","url":"https:\/\/www.stormshield.com\/es\/nuestro-apoyo\/servicios\/formacion\/ses\/","name":"Ciberseguridad: Cursos de formaci\u00f3n de SES | Stormshield","isPartOf":{"@id":"https:\/\/www.stormshield.com\/es\/#website"},"datePublished":"2022-03-07T12:39:04+00:00","dateModified":"2023-11-15T09:04:06+00:00","description":"Aprenda sobre la protecci\u00f3n de puntos finales: con nuestros cursos de formaci\u00f3n de Stormshield Endpoint Security, podr\u00e1 profundizar sus conocimientos sobre la protecci\u00f3n de puntos finales y servidores.","breadcrumb":{"@id":"https:\/\/www.stormshield.com\/es\/nuestro-apoyo\/servicios\/formacion\/ses\/#breadcrumb"},"inLanguage":"es","potentialAction":[{"@type":"ReadAction","target":["https:\/\/www.stormshield.com\/es\/nuestro-apoyo\/servicios\/formacion\/ses\/"]}]},{"@type":"BreadcrumbList","@id":"https:\/\/www.stormshield.com\/es\/nuestro-apoyo\/servicios\/formacion\/ses\/#breadcrumb","itemListElement":[{"@type":"ListItem","position":1,"name":"Home","item":"https:\/\/www.stormshield.com\/es\/"},{"@type":"ListItem","position":2,"name":"Nuestro apoyo","item":"https:\/\/www.stormshield.com\/es\/nuestro-apoyo\/"},{"@type":"ListItem","position":3,"name":"Servicios","item":"https:\/\/www.stormshield.com\/es\/nuestro-apoyo\/servicios\/"},{"@type":"ListItem","position":4,"name":"Formaci\u00f3n","item":"https:\/\/www.stormshield.com\/es\/nuestro-apoyo\/servicios\/formacion\/"},{"@type":"ListItem","position":5,"name":"Formaci\u00f3n SES"}]},{"@type":"WebSite","@id":"https:\/\/www.stormshield.com\/es\/#website","url":"https:\/\/www.stormshield.com\/es\/","name":"Stormshield","description":"Stormshield","potentialAction":[{"@type":"SearchAction","target":{"@type":"EntryPoint","urlTemplate":"https:\/\/www.stormshield.com\/es\/?s={search_term_string}"},"query-input":{"@type":"PropertyValueSpecification","valueRequired":true,"valueName":"search_term_string"}}],"inLanguage":"es"}]}},"_links":{"self":[{"href":"https:\/\/www.stormshield.com\/es\/wp-json\/wp\/v2\/pages\/267515","targetHints":{"allow":["GET"]}}],"collection":[{"href":"https:\/\/www.stormshield.com\/es\/wp-json\/wp\/v2\/pages"}],"about":[{"href":"https:\/\/www.stormshield.com\/es\/wp-json\/wp\/v2\/types\/page"}],"author":[{"embeddable":true,"href":"https:\/\/www.stormshield.com\/es\/wp-json\/wp\/v2\/users\/31"}],"replies":[{"embeddable":true,"href":"https:\/\/www.stormshield.com\/es\/wp-json\/wp\/v2\/comments?post=267515"}],"version-history":[{"count":10,"href":"https:\/\/www.stormshield.com\/es\/wp-json\/wp\/v2\/pages\/267515\/revisions"}],"predecessor-version":[{"id":467278,"href":"https:\/\/www.stormshield.com\/es\/wp-json\/wp\/v2\/pages\/267515\/revisions\/467278"}],"up":[{"embeddable":true,"href":"https:\/\/www.stormshield.com\/es\/wp-json\/wp\/v2\/pages\/205084"}],"wp:attachment":[{"href":"https:\/\/www.stormshield.com\/es\/wp-json\/wp\/v2\/media?parent=267515"}],"curies":[{"name":"wp","href":"https:\/\/api.w.org\/{rel}","templated":true}]}}