{"id":239098,"date":"2021-10-05T09:06:21","date_gmt":"2021-10-05T08:06:21","guid":{"rendered":"https:\/\/www.stormshield.com\/acerca-de-nosotros\/the-european-cybersecurity-choice\/"},"modified":"2025-05-19T10:43:51","modified_gmt":"2025-05-19T09:43:51","slug":"la-opcion-europea-en-ciberseguridad","status":"publish","type":"page","link":"https:\/\/www.stormshield.com\/es\/acerca-de-nosotros\/la-opcion-europea-en-ciberseguridad\/","title":{"rendered":"La opci\u00f3n europea en ciberseguridad"},"content":{"rendered":"<div class=\"wpb-content-wrapper\"><p>[vc_row css_animation=\"\" row_type=\"row\" use_row_as_full_screen_section=\"no\" type=\"grid\" angled_section=\"no\" text_align=\"left\" background_image_as_pattern=\"without_pattern\" z_index=\"\" padding_top=\"50\" padding_bottom=\"50\"][vc_column][vc_empty_space][vc_column_text]<\/p>\n<h1 style=\"text-align: center;\"><span style=\"color: #00aaf5;\"><span style=\"font-weight: 300; font-size: 1.5em;\">Descubra Stormshield: <\/span><strong><span style=\"font-size: 1.5em;\">la opci\u00f3n europea en ciberseguridad<\/span><\/strong><\/span><\/h1>\n<p>[\/vc_column_text][vc_empty_space][\/vc_column][\/vc_row][vc_row css_animation=\"\" row_type=\"row\" use_row_as_full_screen_section=\"no\" type=\"grid\" angled_section=\"no\" text_align=\"left\" background_image_as_pattern=\"without_pattern\" z_index=\"\" padding_bottom=\"50\"][vc_column width=\"1\/2\"][vc_column_text css=\"\"]<span style=\"color: #000; font-size: 1.1em;\">Como l\u00edder clave en ciberseguridad, <strong>Stormshield ofrece a las empresas de todo el mundo una alternativa europea de confianza para la protecci\u00f3n de infraestructuras cr\u00edticas, datos sensibles y entornos operativos.<\/strong> Y en un contexto geopol\u00edtico cada vez m\u00e1s complejo, que combina Estados y grandes actores digitales, Stormshield apuesta por un ambicioso proyecto estrat\u00e9gico: convertirse en la opci\u00f3n europea en materia de ciberseguridad.<\/span><\/p>\n<p><span style=\"color: #000; font-size: 1.1em;\">Como filial al 100 % de <strong>Airbus Defence and Space Cyber Programmes<\/strong>, Stormshield forma parte de una de las industrias m\u00e1s exitosas de Europa. Una garant\u00eda de credibilidad y solidez para el futuro de la empresa.<\/span>[\/vc_column_text][vc_empty_space]<a  itemprop=\"url\" href=\"https:\/\/www.stormshield.com\/wp-content\/uploads\/Stormshield-ES-Corporate-Brochure.pdf\" target=\"_blank\" data-hover-background-color=\"#d23467\" data-hover-border-color=\"#ffffff\" class=\"qbutton  white enlarge\" style=\"border-color: #ffffff; background-color:#060051;\">Descargar el folleto Stormshield<i class=\"qode_icon_font_awesome fa fa-download qode_button_icon_element\"><\/i><\/a>[vc_empty_space][\/vc_column][vc_column width=\"1\/2\"][vc_video link=\"https:\/\/www.youtube.com\/watch?v=302D2d1Eg84\" align=\"center\"][\/vc_column][\/vc_row][vc_row css_animation=\"\" row_type=\"row\" use_row_as_full_screen_section=\"no\" type=\"grid\" angled_section=\"no\" text_align=\"left\" background_image_as_pattern=\"without_pattern\" z_index=\"\" padding_bottom=\"50\" css=\".vc_custom_1697804221509{background-color: #ffffff !important;}\" padding_top=\"50\"][vc_column][vc_row_inner row_type=\"row\" type=\"full_width\" text_align=\"left\" css_animation=\"\" background_color=\"#f9f9f9\" css=\".vc_custom_1697805785032{padding-top: 32px !important;padding-right: 32px !important;padding-bottom: 32px !important;padding-left: 32px !important;}\"][vc_column_inner][vc_column_text]<\/p>\n<h2><span style=\"color: #000; font-size: 1.2em; font-weight: 900;\">Soluciones de seguridad fiables<\/span><\/h2>\n<p><span style=\"color: #000; font-size: 1.1em;\">A medida que nuestra sociedad se vuelve m\u00e1s digital y aumentan las tensiones internacionales, las consideraciones geopol\u00edticas se convierten en criterios para elegir a los proveedores y los productos que dise\u00f1an. Por tanto, Europa tiene un papel clave que desempe\u00f1ar a la hora de ofrecer soluciones de ciberseguridad fiables y seguras que reflejen sus valores. <strong>Para contribuir a esta ciberseguridad <em>made in EU<\/em>, Stormshield es una alternativa europea de confianza desde hace muchos a\u00f1os.<\/strong><\/span><\/p>\n<p><span style=\"color: #000; font-size: 1.1em;\">Como la confianza se basa principalmente en la tecnolog\u00eda, hemos situado la integridad y la calidad de nuestros productos en el centro de nuestra misi\u00f3n, y <strong>estamos comprometidos con un proceso continuo de certificaci\u00f3n y cualificaci\u00f3n con las agencias nacionales europeas de ciberseguridad.<\/strong> Esto incluye una auditor\u00eda independiente de nuestro c\u00f3digo fuente y entornos de desarrollo, la clave de la verdadera transparencia. Esta noci\u00f3n est\u00e1 en el coraz\u00f3n del enfoque europeo de Stormshield. De hecho, adem\u00e1s de las certificaciones y cualificaciones regulares emitidas por la entidad francesa de la ANSSI (Agence nationale de la s\u00e9curit\u00e9 des syst\u00e8mes d'information), <strong>nuestros productos de ciberseguridad tambi\u00e9n est\u00e1n cualificados en Espa\u00f1a por el CCN (Centro Criptol\u00f3gico Nacional).<\/strong> De este modo, los productos Stormshield se dirigen a las organizaciones que explotan infraestructuras cr\u00edticas y sensibles, as\u00ed como a todos los actores econ\u00f3micos preocupados por la integridad de las soluciones que utilizan.<\/span><\/p>\n<p><span style=\"color: #000; font-size: 1.1em;\">Nuestra estrategia hacia una ciberseguridad europea de confianza se basa en la inclusi\u00f3n de nuestros productos en el futuro esquema de certificaci\u00f3n europeo definido por ENISA y la Ley de Ciberseguridad. Otras normativas importantes, como la Ley de Ciberresiliencia y la Directiva NIS2, tambi\u00e9n est\u00e1n reforzando los requisitos de confianza esperados en las soluciones que permitir\u00e1n a nuestras empresas y administraciones elevar su nivel de ciberseguridad. <strong>Estas evoluciones son oportunidades para extender a otros pa\u00edses la legitimidad adquirida inicialmente en Francia, y luego progresivamente en otros pa\u00edses europeos.<\/strong><\/span>[\/vc_column_text][vc_empty_space]<a  itemprop=\"url\" href=\"https:\/\/www.stormshield.com\/es\/productos-y-servicios\/\" target=\"_blank\" data-hover-background-color=\"#d23467\" data-hover-border-color=\"#ffffff\" class=\"qbutton  white enlarge\" style=\"border-color: #ffffff; background-color:#060051;\">Soluciones y productos<i class=\"qode_icon_font_awesome fa fa-angle-right qode_button_icon_element\"><\/i><\/a>[vc_empty_space][\/vc_column_inner][\/vc_row_inner][\/vc_column][\/vc_row][vc_row css_animation=\"\" row_type=\"row\" use_row_as_full_screen_section=\"no\" type=\"grid\" angled_section=\"no\" text_align=\"left\" background_image_as_pattern=\"without_pattern\" z_index=\"\" padding_bottom=\"50\" padding_top=\"50\"][vc_column][vc_row_inner row_type=\"row\" type=\"full_width\" text_align=\"left\" css_animation=\"\"][vc_column_inner width=\"1\/5\"][\/vc_column_inner][vc_column_inner width=\"1\/5\"][vc_single_image image=\"255520\" alignment=\"center\" onclick=\"custom_link\" img_link_target=\"_blank\" css=\"\" qode_css_animation=\"\" qode_hover_animation=\"zoom_in\" link=\"https:\/\/www.stormshield.com\/es\/productos-y-servicios\/productos\/seguridad-de-red\/\"][vc_column_text]<\/p>\n<p style=\"text-align: center;\"><span style=\"color: #000; font-size: 1.1em;\">Protecci\u00f3n de redes con Stormshield Network Security<\/span><\/p>\n<p>[\/vc_column_text][\/vc_column_inner][vc_column_inner width=\"1\/5\"][vc_single_image image=\"255580\" alignment=\"center\" onclick=\"custom_link\" img_link_target=\"_blank\" css=\"\" qode_css_animation=\"\" qode_hover_animation=\"zoom_in\" link=\"https:\/\/www.stormshield.com\/es\/productos-y-servicios\/productos\/endpoint-protection\/\"][vc_column_text]<\/p>\n<p style=\"text-align: center;\"><span style=\"color: #000; font-size: 1.1em;\">Protecci\u00f3n de equipos con Stormshield Endpoint Security<\/span><\/p>\n<p>[\/vc_column_text][\/vc_column_inner][vc_column_inner width=\"1\/5\"][vc_single_image image=\"255576\" alignment=\"center\" onclick=\"custom_link\" img_link_target=\"_blank\" css=\"\" qode_css_animation=\"\" qode_hover_animation=\"zoom_in\" link=\"https:\/\/www.stormshield.com\/es\/productos-y-servicios\/productos\/data-protection\/\"][vc_column_text]<\/p>\n<p style=\"text-align: center;\"><span style=\"color: #000; font-size: 1.1em;\">Protecci\u00f3n de datos con Stormshield Data Security<\/span><\/p>\n<p>[\/vc_column_text][\/vc_column_inner][vc_column_inner width=\"1\/5\"][\/vc_column_inner][\/vc_row_inner][\/vc_column][\/vc_row][vc_row css_animation=\"\" row_type=\"row\" use_row_as_full_screen_section=\"no\" type=\"grid\" angled_section=\"no\" text_align=\"left\" background_image_as_pattern=\"without_pattern\" z_index=\"\" padding_bottom=\"50\" css=\".vc_custom_1697804221509{background-color: #ffffff !important;}\" padding_top=\"50\"][vc_column][vc_row_inner row_type=\"row\" type=\"full_width\" text_align=\"left\" css_animation=\"\" background_color=\"#f9f9f9\" css=\".vc_custom_1697805785032{padding-top: 32px !important;padding-right: 32px !important;padding-bottom: 32px !important;padding-left: 32px !important;}\"][vc_column_inner width=\"2\/3\"][vc_column_text css=\"\"]<\/p>\n<h2><span style=\"color: #000; font-size: 1.2em; font-weight: 900;\">Ciberseguridad de las infraestructuras industriales y los sistemas de informaci\u00f3n<\/span><\/h2>\n<p><span style=\"color: #000; font-size: 1.1em;\">Como especialistas en entornos OT y cr\u00edticos, <strong>ponemos a disposici\u00f3n de nuestros clientes nuestra ventaja tecnol\u00f3gica en el mercado de la ciberseguridad industrial.<\/strong> El soporte \u00fanico de protocolos industriales estandarizados (BACNet Ip, CIP, IEC 60870, IEC 61850, IEC 62443, etc.) o propietarios, as\u00ed como la capacidad de analizar estos protocolos en profundidad, son verdaderas bazas para garantizar una seguridad \u00f3ptima.<\/span><\/p>\n<p><span style=\"color: #000; font-size: 1.1em;\"><strong>\u00bfPresta especialmente atenci\u00f3n a las necesidades de ciberseguridad del sector industrial?<\/strong> Descubra nuestro enfoque de la ciberseguridad industrial.<\/span>[\/vc_column_text][vc_empty_space]<a  itemprop=\"url\" href=\"https:\/\/www.stormshield.com\/es\/productos-y-servicios\/productos\/proteccion-operacional\/\" target=\"_blank\" data-hover-background-color=\"#d23467\" data-hover-border-color=\"#ffffff\" class=\"qbutton  white enlarge\" style=\"border-color: #ffffff; background-color:#060051;\">Ciberseguridad industrial<i class=\"qode_icon_font_awesome fa fa-angle-right qode_button_icon_element\"><\/i><\/a>[vc_empty_space][\/vc_column_inner][vc_column_inner width=\"1\/3\"][vc_empty_space][vc_single_image image=\"195497\" img_size=\"large\" alignment=\"center\" onclick=\"custom_link\" img_link_target=\"_blank\" css=\"\" qode_css_animation=\"\" qode_hover_animation=\"zoom_in\" link=\"https:\/\/www.stormshield.com\/es\/productos-y-servicios\/productos\/proteccion-operacional\/gama-de-productos\/\"][\/vc_column_inner][\/vc_row_inner][\/vc_column][\/vc_row][vc_row css_animation=\"\" row_type=\"row\" use_row_as_full_screen_section=\"no\" type=\"grid\" angled_section=\"no\" text_align=\"left\" background_image_as_pattern=\"without_pattern\" z_index=\"\" padding_bottom=\"50\" padding_top=\"50\"][vc_column width=\"1\/2\"][vc_column_text]<\/p>\n<h2><span style=\"color: #000; font-size: 1.2em; font-weight: 900;\">Cuestiones humanas<\/span><\/h2>\n<p><span style=\"color: #000; font-size: 1.1em;\">La protecci\u00f3n de los datos de la empresa o las redes no es solo una cuesti\u00f3n de tecnolog\u00eda. Adem\u00e1s de las consideraciones t\u00e9cnicas, hay cuestiones humanas en juego. En Stormshield, nuestra capacidad para apoyar, asesorar y adaptar nuestros productos o servicios a las necesidades de nuestros clientes nos gu\u00eda cada d\u00eda. Y, como elemento esencial, el tr\u00edptico \u00abcapacidad de respuesta, proximidad y agilidad\u00bb.<\/span><\/p>\n<p><span style=\"color: #000; font-size: 1.1em;\"><strong>\u00bfCompartes nuestros valores corporativos?<\/strong> \u00bfTe atrae nuestro posicionamiento \u00fanico en el mercado europeo? Descubre nuestras oportunidades profesionales.<\/span>[\/vc_column_text][vc_empty_space]<a  itemprop=\"url\" href=\"https:\/\/www.stormshield.com\/es\/trabaje-con-nosotros\/\" target=\"_blank\" data-hover-background-color=\"#d23467\" data-hover-border-color=\"#ffffff\" class=\"qbutton  white enlarge\" style=\"border-color: #ffffff; background-color:#060051;\">Ofertas de empleo<i class=\"qode_icon_font_awesome fa fa-angle-right qode_button_icon_element\"><\/i><\/a>[vc_empty_space][\/vc_column][vc_column width=\"1\/2\"][vc_empty_space][vc_single_image image=\"536583\" alignment=\"center\" onclick=\"custom_link\" img_link_target=\"_blank\" css=\"\" qode_css_animation=\"\" qode_hover_animation=\"zoom_in\" link=\"https:\/\/www.stormshield.com\/es\/trabaje-con-nosotros\/\"][\/vc_column][\/vc_row][vc_row css_animation=\"\" row_type=\"row\" use_row_as_full_screen_section=\"no\" type=\"grid\" angled_section=\"no\" text_align=\"left\" background_image_as_pattern=\"without_pattern\" z_index=\"\" padding_bottom=\"75\" padding_top=\"75\"][vc_column][vc_row_inner row_type=\"row\" type=\"full_width\" text_align=\"left\" css_animation=\"\" background_color=\"#f9f9f9\" css=\".vc_custom_1703235930482{padding-top: 32px !important;padding-right: 32px !important;padding-bottom: 32px !important;padding-left: 32px !important;background-color: #060051 !important;}\"][vc_column_inner][vc_column_text]<span style=\"color: #ffffff; font-size: 1.1em;\"><strong>Adem\u00e1s de construir un mundo digital m\u00e1s seguro, estamos comprometidos con una econom\u00eda m\u00e1s responsable y respetuosa con el medio ambiente, por lo que hemos situado los grandes retos de la RSC (Responsabilidad Social Corporativa) en el centro de nuestro desarrollo.<\/strong> Estos retos incluyen la formaci\u00f3n y el empleo de los j\u00f3venes, el lugar de las mujeres en el mundo empresarial y en el sector de la ciberseguridad, el bienestar de nuestros empleados y la puesta en com\u00fan de valor, as\u00ed como la reducci\u00f3n de nuestra huella de carbono. Desarrollamos estos \u00e1mbitos a trav\u00e9s de un programa de acciones y de etiquetado que concierne a todos nuestros empleados y a los actores de nuestro ecosistema (clientes, proveedores, socios).<\/span>[\/vc_column_text][vc_empty_space][\/vc_column_inner][\/vc_row_inner][\/vc_column][\/vc_row][vc_row css_animation=\"\" row_type=\"row\" use_row_as_full_screen_section=\"no\" type=\"full_width\" angled_section=\"no\" text_align=\"left\" background_image_as_pattern=\"without_pattern\"][vc_column][vc_empty_space][\/vc_column][\/vc_row]<\/p>\n<\/div>","protected":false},"excerpt":{"rendered":"<p>[vc_row css_animation=\u00bb\u00bb row_type=\u00bbrow\u00bb use_row_as_full_screen_section=\u00bbno\u00bb type=\u00bbgrid\u00bb angled_section=\u00bbno\u00bb text_align=\u00bbleft\u00bb background_image_as_pattern=\u00bbwithout_pattern\u00bb z_index=\u00bb\u00bb padding_top=\u00bb50&#8243; padding_bottom=\u00bb50&#8243;][vc_column][vc_empty_space][vc_column_text] Descubra Stormshield: la opci\u00f3n europea en ciberseguridad [\/vc_column_text][vc_empty_space][\/vc_column][\/vc_row][vc_row css_animation=\u00bb\u00bb row_type=\u00bbrow\u00bb use_row_as_full_screen_section=\u00bbno\u00bb type=\u00bbgrid\u00bb angled_section=\u00bbno\u00bb text_align=\u00bbleft\u00bb background_image_as_pattern=\u00bbwithout_pattern\u00bb z_index=\u00bb\u00bb padding_bottom=\u00bb50&#8243;][vc_column width=\u00bb1\/2&#8243;][vc_column_text css=\u00bb\u00bb]Como l\u00edder clave en ciberseguridad, Stormshield ofrece a las empresas de todo el mundo una alternativa&#8230;<\/p>\n","protected":false},"author":31,"featured_media":0,"parent":205222,"menu_order":84,"comment_status":"closed","ping_status":"closed","template":"full_width.php","meta":{"_acf_changed":false,"footnotes":""},"class_list":["post-239098","page","type-page","status-publish","hentry"],"acf":[],"yoast_head":"<!-- This site is optimized with the Yoast SEO plugin v27.3 - https:\/\/yoast.com\/product\/yoast-seo-wordpress\/ -->\n<title>La opci\u00f3n europea en ciberseguridad | Stormshield<\/title>\n<meta name=\"description\" content=\"Stormshield ofrece una alternativa europea de confianza para proteger infraestructuras cr\u00edticas y datos sensibles.\" \/>\n<meta name=\"robots\" content=\"index, follow, max-snippet:-1, max-image-preview:large, max-video-preview:-1\" \/>\n<link rel=\"canonical\" href=\"https:\/\/www.stormshield.com\/es\/acerca-de-nosotros\/la-opcion-europea-en-ciberseguridad\/\" \/>\n<meta property=\"og:locale\" content=\"es_ES\" \/>\n<meta property=\"og:type\" content=\"article\" \/>\n<meta property=\"og:title\" content=\"La opci\u00f3n europea en ciberseguridad | Stormshield\" \/>\n<meta property=\"og:description\" content=\"Stormshield ofrece una alternativa europea de confianza para proteger infraestructuras cr\u00edticas y datos sensibles.\" \/>\n<meta property=\"og:url\" content=\"https:\/\/www.stormshield.com\/es\/acerca-de-nosotros\/la-opcion-europea-en-ciberseguridad\/\" \/>\n<meta property=\"og:site_name\" content=\"Stormshield\" \/>\n<meta property=\"article:modified_time\" content=\"2025-05-19T09:43:51+00:00\" \/>\n<meta property=\"og:image\" content=\"https:\/\/www.stormshield.com\/wp-content\/uploads\/stormshield_logo.png\" \/>\n\t<meta property=\"og:image:width\" content=\"204\" \/>\n\t<meta property=\"og:image:height\" content=\"94\" \/>\n\t<meta property=\"og:image:type\" content=\"image\/png\" \/>\n<meta name=\"twitter:card\" content=\"summary_large_image\" \/>\n<meta name=\"twitter:site\" content=\"@Stormshield\" \/>\n<meta name=\"twitter:label1\" content=\"Tiempo de lectura\" \/>\n\t<meta name=\"twitter:data1\" content=\"6 minutos\" \/>\n<script type=\"application\/ld+json\" class=\"yoast-schema-graph\">{\"@context\":\"https:\\\/\\\/schema.org\",\"@graph\":[{\"@type\":\"WebPage\",\"@id\":\"https:\\\/\\\/www.stormshield.com\\\/es\\\/acerca-de-nosotros\\\/la-opcion-europea-en-ciberseguridad\\\/\",\"url\":\"https:\\\/\\\/www.stormshield.com\\\/es\\\/acerca-de-nosotros\\\/la-opcion-europea-en-ciberseguridad\\\/\",\"name\":\"La opci\u00f3n europea en ciberseguridad | Stormshield\",\"isPartOf\":{\"@id\":\"https:\\\/\\\/www.stormshield.com\\\/es\\\/#website\"},\"datePublished\":\"2021-10-05T08:06:21+00:00\",\"dateModified\":\"2025-05-19T09:43:51+00:00\",\"description\":\"Stormshield ofrece una alternativa europea de confianza para proteger infraestructuras cr\u00edticas y datos sensibles.\",\"breadcrumb\":{\"@id\":\"https:\\\/\\\/www.stormshield.com\\\/es\\\/acerca-de-nosotros\\\/la-opcion-europea-en-ciberseguridad\\\/#breadcrumb\"},\"inLanguage\":\"es\",\"potentialAction\":[{\"@type\":\"ReadAction\",\"target\":[\"https:\\\/\\\/www.stormshield.com\\\/es\\\/acerca-de-nosotros\\\/la-opcion-europea-en-ciberseguridad\\\/\"]}]},{\"@type\":\"BreadcrumbList\",\"@id\":\"https:\\\/\\\/www.stormshield.com\\\/es\\\/acerca-de-nosotros\\\/la-opcion-europea-en-ciberseguridad\\\/#breadcrumb\",\"itemListElement\":[{\"@type\":\"ListItem\",\"position\":1,\"name\":\"Home\",\"item\":\"https:\\\/\\\/www.stormshield.com\\\/es\\\/\"},{\"@type\":\"ListItem\",\"position\":2,\"name\":\"Acerca de nosotros\",\"item\":\"https:\\\/\\\/www.stormshield.com\\\/es\\\/acerca-de-nosotros\\\/\"},{\"@type\":\"ListItem\",\"position\":3,\"name\":\"La opci\u00f3n europea en ciberseguridad\"}]},{\"@type\":\"WebSite\",\"@id\":\"https:\\\/\\\/www.stormshield.com\\\/es\\\/#website\",\"url\":\"https:\\\/\\\/www.stormshield.com\\\/es\\\/\",\"name\":\"Stormshield\",\"description\":\"Stormshield\",\"potentialAction\":[{\"@type\":\"SearchAction\",\"target\":{\"@type\":\"EntryPoint\",\"urlTemplate\":\"https:\\\/\\\/www.stormshield.com\\\/es\\\/?s={search_term_string}\"},\"query-input\":{\"@type\":\"PropertyValueSpecification\",\"valueRequired\":true,\"valueName\":\"search_term_string\"}}],\"inLanguage\":\"es\"}]}<\/script>\n<!-- \/ Yoast SEO plugin. -->","yoast_head_json":{"title":"La opci\u00f3n europea en ciberseguridad | Stormshield","description":"Stormshield ofrece una alternativa europea de confianza para proteger infraestructuras cr\u00edticas y datos sensibles.","robots":{"index":"index","follow":"follow","max-snippet":"max-snippet:-1","max-image-preview":"max-image-preview:large","max-video-preview":"max-video-preview:-1"},"canonical":"https:\/\/www.stormshield.com\/es\/acerca-de-nosotros\/la-opcion-europea-en-ciberseguridad\/","og_locale":"es_ES","og_type":"article","og_title":"La opci\u00f3n europea en ciberseguridad | Stormshield","og_description":"Stormshield ofrece una alternativa europea de confianza para proteger infraestructuras cr\u00edticas y datos sensibles.","og_url":"https:\/\/www.stormshield.com\/es\/acerca-de-nosotros\/la-opcion-europea-en-ciberseguridad\/","og_site_name":"Stormshield","article_modified_time":"2025-05-19T09:43:51+00:00","og_image":[{"width":204,"height":94,"url":"https:\/\/www.stormshield.com\/wp-content\/uploads\/stormshield_logo.png","type":"image\/png"}],"twitter_card":"summary_large_image","twitter_site":"@Stormshield","twitter_misc":{"Tiempo de lectura":"6 minutos"},"schema":{"@context":"https:\/\/schema.org","@graph":[{"@type":"WebPage","@id":"https:\/\/www.stormshield.com\/es\/acerca-de-nosotros\/la-opcion-europea-en-ciberseguridad\/","url":"https:\/\/www.stormshield.com\/es\/acerca-de-nosotros\/la-opcion-europea-en-ciberseguridad\/","name":"La opci\u00f3n europea en ciberseguridad | Stormshield","isPartOf":{"@id":"https:\/\/www.stormshield.com\/es\/#website"},"datePublished":"2021-10-05T08:06:21+00:00","dateModified":"2025-05-19T09:43:51+00:00","description":"Stormshield ofrece una alternativa europea de confianza para proteger infraestructuras cr\u00edticas y datos sensibles.","breadcrumb":{"@id":"https:\/\/www.stormshield.com\/es\/acerca-de-nosotros\/la-opcion-europea-en-ciberseguridad\/#breadcrumb"},"inLanguage":"es","potentialAction":[{"@type":"ReadAction","target":["https:\/\/www.stormshield.com\/es\/acerca-de-nosotros\/la-opcion-europea-en-ciberseguridad\/"]}]},{"@type":"BreadcrumbList","@id":"https:\/\/www.stormshield.com\/es\/acerca-de-nosotros\/la-opcion-europea-en-ciberseguridad\/#breadcrumb","itemListElement":[{"@type":"ListItem","position":1,"name":"Home","item":"https:\/\/www.stormshield.com\/es\/"},{"@type":"ListItem","position":2,"name":"Acerca de nosotros","item":"https:\/\/www.stormshield.com\/es\/acerca-de-nosotros\/"},{"@type":"ListItem","position":3,"name":"La opci\u00f3n europea en ciberseguridad"}]},{"@type":"WebSite","@id":"https:\/\/www.stormshield.com\/es\/#website","url":"https:\/\/www.stormshield.com\/es\/","name":"Stormshield","description":"Stormshield","potentialAction":[{"@type":"SearchAction","target":{"@type":"EntryPoint","urlTemplate":"https:\/\/www.stormshield.com\/es\/?s={search_term_string}"},"query-input":{"@type":"PropertyValueSpecification","valueRequired":true,"valueName":"search_term_string"}}],"inLanguage":"es"}]}},"_links":{"self":[{"href":"https:\/\/www.stormshield.com\/es\/wp-json\/wp\/v2\/pages\/239098","targetHints":{"allow":["GET"]}}],"collection":[{"href":"https:\/\/www.stormshield.com\/es\/wp-json\/wp\/v2\/pages"}],"about":[{"href":"https:\/\/www.stormshield.com\/es\/wp-json\/wp\/v2\/types\/page"}],"author":[{"embeddable":true,"href":"https:\/\/www.stormshield.com\/es\/wp-json\/wp\/v2\/users\/31"}],"replies":[{"embeddable":true,"href":"https:\/\/www.stormshield.com\/es\/wp-json\/wp\/v2\/comments?post=239098"}],"version-history":[{"count":24,"href":"https:\/\/www.stormshield.com\/es\/wp-json\/wp\/v2\/pages\/239098\/revisions"}],"predecessor-version":[{"id":638517,"href":"https:\/\/www.stormshield.com\/es\/wp-json\/wp\/v2\/pages\/239098\/revisions\/638517"}],"up":[{"embeddable":true,"href":"https:\/\/www.stormshield.com\/es\/wp-json\/wp\/v2\/pages\/205222"}],"wp:attachment":[{"href":"https:\/\/www.stormshield.com\/es\/wp-json\/wp\/v2\/media?parent=239098"}],"curies":[{"name":"wp","href":"https:\/\/api.w.org\/{rel}","templated":true}]}}