{"id":239084,"date":"2021-09-07T07:00:46","date_gmt":"2021-09-07T06:00:46","guid":{"rendered":"https:\/\/www.stormshield.com\/productos-y-servicios\/productos\/seguridad-de-red\/product-range-sns\/breach-figther-option\/"},"modified":"2025-09-04T13:31:41","modified_gmt":"2025-09-04T12:31:41","slug":"breach-figther-opcion","status":"publish","type":"page","link":"https:\/\/www.stormshield.com\/es\/productos-y-servicios\/productos\/seguridad-de-red\/product-range-sns\/breach-figther-opcion\/","title":{"rendered":"Breach Fighter"},"content":{"rendered":"<div class=\"wpb-content-wrapper\"><p>[vc_row css_animation=\"\" row_type=\"row\" use_row_as_full_screen_section=\"no\" type=\"grid\" angled_section=\"no\" text_align=\"left\" background_image_as_pattern=\"without_pattern\" background_image=\"224556\" z_index=\"\" padding_top=\"125\" padding_bottom=\"125\"][vc_column][vc_column_text]<\/p>\n<h1 style=\"text-align: left;\"><strong><span style=\"color: #000;\">Breach Fighter<\/span><\/strong><\/h1>\n<p style=\"text-align: left;\"><span style=\"color: #000000;\">Nuestra soluci\u00f3n de detecci\u00f3n din\u00e1mica de malware sofisticado<\/span><\/p>\n<p>[\/vc_column_text][\/vc_column][\/vc_row][vc_row css_animation=\"\" row_type=\"row\" use_row_as_full_screen_section=\"no\" type=\"grid\" angled_section=\"no\" text_align=\"left\" background_image_as_pattern=\"without_pattern\" z_index=\"\"][vc_column][vc_empty_space][vc_column_text]<span style=\"color: #000; font-size: 1.1em;\"><strong>Con nuestra opci\u00f3n Breach Fighter, mejorar\u00e1s las funcionalidades de tus dispositivos Stormshield con sandboxing y an\u00e1lisis de tus archivos sospechosos. A\u00f1ade a tus soluciones de ciberseguridad una protecci\u00f3n din\u00e1mica contra ataques desconocidos.<\/strong><\/span>[\/vc_column_text][vc_empty_space][vc_separator type=\"normal\" color=\"#015ca7\"][\/vc_column][\/vc_row][vc_row css_animation=\"\" row_type=\"row\" use_row_as_full_screen_section=\"no\" type=\"grid\" angled_section=\"no\" text_align=\"left\" background_image_as_pattern=\"without_pattern\" z_index=\"\" padding_bottom=\"50\"][vc_column][vc_row_inner row_type=\"row\" type=\"full_width\" text_align=\"left\" css_animation=\"\"][vc_column_inner width=\"2\/3\"][vc_column_text]<\/p>\n<h2><span style=\"color: #000; font-size: 1.2em; font-weight: 900;\">Una protecci\u00f3n \u00f3ptima contra los ciberataques<\/span><\/h2>\n<p><span style=\"color: #000; font-size: 1.1em;\">Breach Fighter es el complemento perfecto de la tecnolog\u00eda de nuestros cortafuegos Stormshield Network Security, ya que analiza los archivos potencialmente peligrosos, tanto los descargados de Internet como adjuntos a correos electr\u00f3nicos. <strong>Su funcionalidad de detonaci\u00f3n en la nube (cloud based sandboxing) lo convertir\u00e1 en un aliado muy valioso para tu cortafuegos.<\/strong><\/span>[\/vc_column_text][vc_empty_space]<a  itemprop=\"url\" href=\"https:\/\/www.stormshield.com\/wp-content\/uploads\/SNS-ES-BreachFighter-Datasheet.pdf\" target=\"_blank\" data-hover-background-color=\"#00aeef\" data-hover-border-color=\"#ffffff\" class=\"qbutton  white enlarge\" style=\"border-color: #ffffff; background-color:#060051;\">Ficha t\u00e9cnica<i class=\"qode_icon_font_awesome fa fa-download qode_button_icon_element\"><\/i><\/a>[vc_empty_space height=\"12px\"]<a  itemprop=\"url\" href=\"https:\/\/www.stormshield.com\/wp-content\/uploads\/SNS-ES-Network-Security-Range-IT-Brochure.pdf\" target=\"_blank\" data-hover-background-color=\"#00aeef\" data-hover-border-color=\"#ffffff\" class=\"qbutton  white enlarge\" style=\"border-color: #ffffff; background-color:#060051;\">Folleto SNS<i class=\"qode_icon_font_awesome fa fa-angle-right qode_button_icon_element\"><\/i><\/a>[vc_empty_space][\/vc_column_inner][vc_column_inner width=\"1\/3\"][vc_single_image image=\"456742\" img_size=\"medium\" alignment=\"center\" css=\"\" qode_css_animation=\"\" qode_hover_animation=\"zoom_in\"][\/vc_column_inner][\/vc_row_inner][\/vc_column][\/vc_row][vc_row row_type=\"parallax\" parallax_content_width=\"full_width\" text_align=\"left\" full_screen_section_height=\"yes\" vertically_align_content_in_middle=\"yes\" background_image=\"121200\"][vc_column][vc_row_inner row_type=\"row\" type=\"grid\" text_align=\"left\" css_animation=\"\"][vc_column_inner width=\"1\/2\"][vc_column_text]<span style=\"color: #ffffff; font-size: 1.1em;\">\u00bfTienes dudas antes de abrir el archivo adjunto en el \u00faltimo correo electr\u00f3nico que has recibido? <strong>Breach Fighter es tambi\u00e9n un portal gratuito para detectar malware en tus archivos sospechosos.<\/strong> Con este servicio de detonaci\u00f3n en la nube, puedes comprobar todos tus archivos antes de abrirlos.<\/span>[\/vc_column_text][vc_empty_space]<a  itemprop=\"url\" href=\"https:\/\/breachfighter.stormshieldcs.eu\/\" target=\"_blank\" data-hover-background-color=\"#d23467\" data-hover-border-color=\"#d23467\" class=\"qbutton  white enlarge\" style=\"border-color: #ffffff; background-color:#d23467;\">Ir al portal Breach Fighter<i class=\"qode_icon_font_awesome fa fa-angle-right qode_button_icon_element\"><\/i><\/a>[vc_empty_space][\/vc_column_inner][vc_column_inner width=\"1\/2\"][\/vc_column_inner][\/vc_row_inner][\/vc_column][\/vc_row][vc_row css_animation=\"\" row_type=\"row\" use_row_as_full_screen_section=\"no\" type=\"grid\" angled_section=\"no\" text_align=\"left\" background_image_as_pattern=\"without_pattern\" z_index=\"\" padding_top=\"50\" padding_bottom=\"50\"][vc_column][vc_row_inner row_type=\"row\" type=\"full_width\" text_align=\"left\" css_animation=\"\"][vc_column_inner][vc_column_text]<\/p>\n<h2><span style=\"color: #000; font-size: 1.2em; font-weight: 900;\">Un servicio de confianza en la nube<\/span><\/h2>\n<p><span style=\"color: #000; font-size: 1.1em;\"><strong>La ciberseguridad es (tambi\u00e9n) una cuesti\u00f3n de confianza.<\/strong> En l\u00ednea con la oferta en la nube de Stormshield, Breach Fighter se despliega en centros de datos europeos de confianza para cumplir con los requisitos legales y cumplir con el Reglamento Europeo de Protecci\u00f3n de Datos (RGPD).<\/span>[\/vc_column_text][vc_empty_space][\/vc_column_inner][\/vc_row_inner][\/vc_column][\/vc_row][vc_row css_animation=\"\" row_type=\"row\" use_row_as_full_screen_section=\"no\" type=\"grid\" angled_section=\"no\" text_align=\"left\" background_image_as_pattern=\"without_pattern\" z_index=\"\" padding_top=\"50\" padding_bottom=\"50\" el_class=\"fond_gris\"][vc_column][vc_row_inner row_type=\"row\" type=\"full_width\" text_align=\"left\" css_animation=\"\"][vc_column_inner][vc_column_text]<\/p>\n<h2><span style=\"color: #000; font-size: 1.2em; font-weight: 900;\">Una opci\u00f3n f\u00e1cil de integrar<\/span><\/h2>\n<p><span style=\"color: #000; font-size: 1.1em;\"><strong>La soluci\u00f3n Breach Fighter se activa con un solo clic en un cortafuegos Stormshield.<\/strong> No es necesario a\u00f1adir ning\u00fan equipamiento, por lo que no afecta a la infraestructura.<\/span>[\/vc_column_text][vc_empty_space][\/vc_column_inner][\/vc_row_inner][\/vc_column][\/vc_row][vc_row css_animation=\"\" row_type=\"row\" use_row_as_full_screen_section=\"no\" type=\"grid\" angled_section=\"no\" text_align=\"left\" background_image_as_pattern=\"without_pattern\" z_index=\"\" background_color=\"#00b3f4\" padding_top=\"50\" padding_bottom=\"50\"][vc_column][vc_column_text]<span style=\"color: #ffffff; font-size: 1.1em;\"><strong>Breach Fighter: preguntas y respuestas.<\/strong> \u00bfTienes alguna pregunta t\u00e9cnica sobre Breach Fighter? \u00bfQuieres una versi\u00f3n de evaluaci\u00f3n? \u00bfUna estimaci\u00f3n de precios? Para cualquier informaci\u00f3n comercial o t\u00e9cnica, ponte en contacto con nuestros equipos.<\/span>[\/vc_column_text][vc_empty_space]<a  itemprop=\"url\" href=\"https:\/\/www.stormshield.com\/es\/contacto\/equipos-comerciales\/\" target=\"_blank\"  class=\"qbutton  white enlarge\" style=\"\">Contacto<i class=\"qode_icon_font_awesome fa fa-angle-right qode_button_icon_element\"><\/i><\/a>[vc_empty_space][\/vc_column][\/vc_row]<\/p>\n<\/div>","protected":false},"excerpt":{"rendered":"<p>[vc_row css_animation=\u00bb\u00bb row_type=\u00bbrow\u00bb use_row_as_full_screen_section=\u00bbno\u00bb type=\u00bbgrid\u00bb angled_section=\u00bbno\u00bb text_align=\u00bbleft\u00bb background_image_as_pattern=\u00bbwithout_pattern\u00bb background_image=\u00bb224556&#8243; z_index=\u00bb\u00bb padding_top=\u00bb125&#8243; padding_bottom=\u00bb125&#8243;][vc_column][vc_column_text] Breach Fighter Nuestra soluci\u00f3n de detecci\u00f3n din\u00e1mica de malware sofisticado [\/vc_column_text][\/vc_column][\/vc_row][vc_row css_animation=\u00bb\u00bb row_type=\u00bbrow\u00bb use_row_as_full_screen_section=\u00bbno\u00bb type=\u00bbgrid\u00bb angled_section=\u00bbno\u00bb text_align=\u00bbleft\u00bb background_image_as_pattern=\u00bbwithout_pattern\u00bb z_index=\u00bb\u00bb][vc_column][vc_empty_space][vc_column_text]Con nuestra opci\u00f3n Breach Fighter, mejorar\u00e1s las funcionalidades de tus dispositivos Stormshield con sandboxing y&#8230;<\/p>\n","protected":false},"author":31,"featured_media":0,"parent":233270,"menu_order":231,"comment_status":"closed","ping_status":"closed","template":"full_width.php","meta":{"_acf_changed":false,"footnotes":""},"class_list":["post-239084","page","type-page","status-publish","hentry"],"acf":[],"yoast_head":"<!-- This site is optimized with the Yoast SEO plugin v27.0 - https:\/\/yoast.com\/product\/yoast-seo-wordpress\/ -->\n<title>Breach Fighter: detecte malware sofisticado | Stormshield<\/title>\n<meta name=\"description\" content=\"El sandbox Breach Fighter de Stormshield mejora la funcionalidad de sus cortafuegos SNS escaneando sus archivos sospechosos.\" \/>\n<meta name=\"robots\" content=\"index, follow, max-snippet:-1, max-image-preview:large, max-video-preview:-1\" \/>\n<link rel=\"canonical\" href=\"https:\/\/www.stormshield.com\/es\/productos-y-servicios\/productos\/seguridad-de-red\/product-range-sns\/breach-figther-opcion\/\" \/>\n<meta property=\"og:locale\" content=\"es_ES\" \/>\n<meta property=\"og:type\" content=\"article\" \/>\n<meta property=\"og:title\" content=\"Breach Fighter: detecte malware sofisticado | Stormshield\" \/>\n<meta property=\"og:description\" content=\"El sandbox Breach Fighter de Stormshield mejora la funcionalidad de sus cortafuegos SNS escaneando sus archivos sospechosos.\" \/>\n<meta property=\"og:url\" content=\"https:\/\/www.stormshield.com\/es\/productos-y-servicios\/productos\/seguridad-de-red\/product-range-sns\/breach-figther-opcion\/\" \/>\n<meta property=\"og:site_name\" content=\"Stormshield\" \/>\n<meta property=\"article:modified_time\" content=\"2025-09-04T12:31:41+00:00\" \/>\n<meta property=\"og:image\" content=\"https:\/\/www.stormshield.com\/wp-content\/uploads\/stormshield_logo.png\" \/>\n\t<meta property=\"og:image:width\" content=\"204\" \/>\n\t<meta property=\"og:image:height\" content=\"94\" \/>\n\t<meta property=\"og:image:type\" content=\"image\/png\" \/>\n<meta name=\"twitter:card\" content=\"summary_large_image\" \/>\n<meta name=\"twitter:site\" content=\"@Stormshield\" \/>\n<meta name=\"twitter:label1\" content=\"Tiempo de lectura\" \/>\n\t<meta name=\"twitter:data1\" content=\"3 minutos\" \/>\n<script type=\"application\/ld+json\" class=\"yoast-schema-graph\">{\"@context\":\"https:\/\/schema.org\",\"@graph\":[{\"@type\":\"WebPage\",\"@id\":\"https:\/\/www.stormshield.com\/es\/productos-y-servicios\/productos\/seguridad-de-red\/product-range-sns\/breach-figther-opcion\/\",\"url\":\"https:\/\/www.stormshield.com\/es\/productos-y-servicios\/productos\/seguridad-de-red\/product-range-sns\/breach-figther-opcion\/\",\"name\":\"Breach Fighter: detecte malware sofisticado | Stormshield\",\"isPartOf\":{\"@id\":\"https:\/\/www.stormshield.com\/es\/#website\"},\"datePublished\":\"2021-09-07T06:00:46+00:00\",\"dateModified\":\"2025-09-04T12:31:41+00:00\",\"description\":\"El sandbox Breach Fighter de Stormshield mejora la funcionalidad de sus cortafuegos SNS escaneando sus archivos sospechosos.\",\"breadcrumb\":{\"@id\":\"https:\/\/www.stormshield.com\/es\/productos-y-servicios\/productos\/seguridad-de-red\/product-range-sns\/breach-figther-opcion\/#breadcrumb\"},\"inLanguage\":\"es\",\"potentialAction\":[{\"@type\":\"ReadAction\",\"target\":[\"https:\/\/www.stormshield.com\/es\/productos-y-servicios\/productos\/seguridad-de-red\/product-range-sns\/breach-figther-opcion\/\"]}]},{\"@type\":\"BreadcrumbList\",\"@id\":\"https:\/\/www.stormshield.com\/es\/productos-y-servicios\/productos\/seguridad-de-red\/product-range-sns\/breach-figther-opcion\/#breadcrumb\",\"itemListElement\":[{\"@type\":\"ListItem\",\"position\":1,\"name\":\"Home\",\"item\":\"https:\/\/www.stormshield.com\/es\/\"},{\"@type\":\"ListItem\",\"position\":2,\"name\":\"Productos y Soluciones\",\"item\":\"https:\/\/www.stormshield.com\/es\/productos-y-servicios\/\"},{\"@type\":\"ListItem\",\"position\":3,\"name\":\"Productos\",\"item\":\"https:\/\/www.stormshield.com\/es\/productos-y-servicios\/productos\/\"},{\"@type\":\"ListItem\",\"position\":4,\"name\":\"Seguridad de red\",\"item\":\"https:\/\/www.stormshield.com\/es\/productos-y-servicios\/productos\/seguridad-de-red\/\"},{\"@type\":\"ListItem\",\"position\":5,\"name\":\"Product range (SNS)\",\"item\":\"https:\/\/www.stormshield.com\/es\/productos-y-servicios\/productos\/seguridad-de-red\/product-range-sns\/\"},{\"@type\":\"ListItem\",\"position\":6,\"name\":\"Breach Fighter\"}]},{\"@type\":\"WebSite\",\"@id\":\"https:\/\/www.stormshield.com\/es\/#website\",\"url\":\"https:\/\/www.stormshield.com\/es\/\",\"name\":\"Stormshield\",\"description\":\"Stormshield\",\"potentialAction\":[{\"@type\":\"SearchAction\",\"target\":{\"@type\":\"EntryPoint\",\"urlTemplate\":\"https:\/\/www.stormshield.com\/es\/?s={search_term_string}\"},\"query-input\":{\"@type\":\"PropertyValueSpecification\",\"valueRequired\":true,\"valueName\":\"search_term_string\"}}],\"inLanguage\":\"es\"}]}<\/script>\n<!-- \/ Yoast SEO plugin. -->","yoast_head_json":{"title":"Breach Fighter: detecte malware sofisticado | Stormshield","description":"El sandbox Breach Fighter de Stormshield mejora la funcionalidad de sus cortafuegos SNS escaneando sus archivos sospechosos.","robots":{"index":"index","follow":"follow","max-snippet":"max-snippet:-1","max-image-preview":"max-image-preview:large","max-video-preview":"max-video-preview:-1"},"canonical":"https:\/\/www.stormshield.com\/es\/productos-y-servicios\/productos\/seguridad-de-red\/product-range-sns\/breach-figther-opcion\/","og_locale":"es_ES","og_type":"article","og_title":"Breach Fighter: detecte malware sofisticado | Stormshield","og_description":"El sandbox Breach Fighter de Stormshield mejora la funcionalidad de sus cortafuegos SNS escaneando sus archivos sospechosos.","og_url":"https:\/\/www.stormshield.com\/es\/productos-y-servicios\/productos\/seguridad-de-red\/product-range-sns\/breach-figther-opcion\/","og_site_name":"Stormshield","article_modified_time":"2025-09-04T12:31:41+00:00","og_image":[{"width":204,"height":94,"url":"https:\/\/www.stormshield.com\/wp-content\/uploads\/stormshield_logo.png","type":"image\/png"}],"twitter_card":"summary_large_image","twitter_site":"@Stormshield","twitter_misc":{"Tiempo de lectura":"3 minutos"},"schema":{"@context":"https:\/\/schema.org","@graph":[{"@type":"WebPage","@id":"https:\/\/www.stormshield.com\/es\/productos-y-servicios\/productos\/seguridad-de-red\/product-range-sns\/breach-figther-opcion\/","url":"https:\/\/www.stormshield.com\/es\/productos-y-servicios\/productos\/seguridad-de-red\/product-range-sns\/breach-figther-opcion\/","name":"Breach Fighter: detecte malware sofisticado | Stormshield","isPartOf":{"@id":"https:\/\/www.stormshield.com\/es\/#website"},"datePublished":"2021-09-07T06:00:46+00:00","dateModified":"2025-09-04T12:31:41+00:00","description":"El sandbox Breach Fighter de Stormshield mejora la funcionalidad de sus cortafuegos SNS escaneando sus archivos sospechosos.","breadcrumb":{"@id":"https:\/\/www.stormshield.com\/es\/productos-y-servicios\/productos\/seguridad-de-red\/product-range-sns\/breach-figther-opcion\/#breadcrumb"},"inLanguage":"es","potentialAction":[{"@type":"ReadAction","target":["https:\/\/www.stormshield.com\/es\/productos-y-servicios\/productos\/seguridad-de-red\/product-range-sns\/breach-figther-opcion\/"]}]},{"@type":"BreadcrumbList","@id":"https:\/\/www.stormshield.com\/es\/productos-y-servicios\/productos\/seguridad-de-red\/product-range-sns\/breach-figther-opcion\/#breadcrumb","itemListElement":[{"@type":"ListItem","position":1,"name":"Home","item":"https:\/\/www.stormshield.com\/es\/"},{"@type":"ListItem","position":2,"name":"Productos y Soluciones","item":"https:\/\/www.stormshield.com\/es\/productos-y-servicios\/"},{"@type":"ListItem","position":3,"name":"Productos","item":"https:\/\/www.stormshield.com\/es\/productos-y-servicios\/productos\/"},{"@type":"ListItem","position":4,"name":"Seguridad de red","item":"https:\/\/www.stormshield.com\/es\/productos-y-servicios\/productos\/seguridad-de-red\/"},{"@type":"ListItem","position":5,"name":"Product range (SNS)","item":"https:\/\/www.stormshield.com\/es\/productos-y-servicios\/productos\/seguridad-de-red\/product-range-sns\/"},{"@type":"ListItem","position":6,"name":"Breach Fighter"}]},{"@type":"WebSite","@id":"https:\/\/www.stormshield.com\/es\/#website","url":"https:\/\/www.stormshield.com\/es\/","name":"Stormshield","description":"Stormshield","potentialAction":[{"@type":"SearchAction","target":{"@type":"EntryPoint","urlTemplate":"https:\/\/www.stormshield.com\/es\/?s={search_term_string}"},"query-input":{"@type":"PropertyValueSpecification","valueRequired":true,"valueName":"search_term_string"}}],"inLanguage":"es"}]}},"_links":{"self":[{"href":"https:\/\/www.stormshield.com\/es\/wp-json\/wp\/v2\/pages\/239084","targetHints":{"allow":["GET"]}}],"collection":[{"href":"https:\/\/www.stormshield.com\/es\/wp-json\/wp\/v2\/pages"}],"about":[{"href":"https:\/\/www.stormshield.com\/es\/wp-json\/wp\/v2\/types\/page"}],"author":[{"embeddable":true,"href":"https:\/\/www.stormshield.com\/es\/wp-json\/wp\/v2\/users\/31"}],"replies":[{"embeddable":true,"href":"https:\/\/www.stormshield.com\/es\/wp-json\/wp\/v2\/comments?post=239084"}],"version-history":[{"count":17,"href":"https:\/\/www.stormshield.com\/es\/wp-json\/wp\/v2\/pages\/239084\/revisions"}],"predecessor-version":[{"id":668489,"href":"https:\/\/www.stormshield.com\/es\/wp-json\/wp\/v2\/pages\/239084\/revisions\/668489"}],"up":[{"embeddable":true,"href":"https:\/\/www.stormshield.com\/es\/wp-json\/wp\/v2\/pages\/233270"}],"wp:attachment":[{"href":"https:\/\/www.stormshield.com\/es\/wp-json\/wp\/v2\/media?parent=239084"}],"curies":[{"name":"wp","href":"https:\/\/api.w.org\/{rel}","templated":true}]}}