{"id":238922,"date":"2021-09-24T09:48:12","date_gmt":"2021-09-24T08:48:12","guid":{"rendered":"https:\/\/www.stormshield.com\/red-de-partner\/supporting-your-customers\/"},"modified":"2025-11-03T10:23:59","modified_gmt":"2025-11-03T09:23:59","slug":"acompane-a-sus-clientes","status":"publish","type":"page","link":"https:\/\/www.stormshield.com\/es\/red-de-partner\/acompane-a-sus-clientes\/","title":{"rendered":"Acompa\u00f1e a sus clientes"},"content":{"rendered":"<div class=\"wpb-content-wrapper\"><p>[vc_row css_animation=\"\" row_type=\"row\" use_row_as_full_screen_section=\"no\" type=\"grid\" angled_section=\"no\" text_align=\"left\" background_image_as_pattern=\"without_pattern\" z_index=\"\" padding_top=\"50\" padding_bottom=\"50\"][vc_column][vc_empty_space][vc_column_text]<\/p>\n<h1 style=\"text-align: center;\"><span style=\"color: #00aaf5;\"><span style=\"font-weight: 900; font-size: 1.6em;\">Acompa\u00f1ar a tus clientes hacia la ciberseguridad, <\/span><span style=\"font-weight: 300; font-size: 1.5em;\">con pedagog\u00eda, experiencia y an\u00e1lisis<\/span><\/span><\/h1>\n<p>[\/vc_column_text][vc_empty_space][\/vc_column][\/vc_row][vc_row css_animation=\"\" row_type=\"row\" use_row_as_full_screen_section=\"no\" type=\"grid\" angled_section=\"no\" text_align=\"left\" background_image_as_pattern=\"without_pattern\" z_index=\"\" padding_bottom=\"50\"][vc_column][vc_row_inner row_type=\"row\" type=\"full_width\" text_align=\"left\" css_animation=\"\"][vc_column_inner width=\"2\/3\"][vc_column_text]<\/p>\n<h2><span style=\"color: #000; font-size: 1.2em; font-weight: 900;\">Pedagog\u00eda para favorecer la concienciaci\u00f3n<\/span><\/h2>\n<p><span style=\"color: #000; font-size: 1.1em;\">La ciberseguridad suele parecer un concepto abstracto para los directivos de las peque\u00f1as empresas. Sin embargo, las ciberamenazas no respetan a nadie y los riesgos inform\u00e1ticos son muy reales. Todo puede empezar al abrir un archivo adjunto, utilizar una memoria USB o hacer clic accidentalmente en una ventana.<\/span><\/p>\n<p><span style=\"color: #000; font-size: 1.1em;\">Para comprender mejor los retos de la ciberseguridad y, por tanto, definir mejor las necesidades en este \u00e1mbito, Stormshield elabora contenidos de sensibilizaci\u00f3n. Vulgarizados y accesibles, est\u00e1n pensados para convertirse en herramientas de venta y de decisi\u00f3n para tus socios. <strong>Consulta nuestros contenidos pedag\u00f3gicos: un valioso kit de sensibilizaci\u00f3n para compartir a diestro y siniestro.<\/strong><\/span>[\/vc_column_text][vc_empty_space][\/vc_column_inner][vc_column_inner width=\"1\/3\"][vc_single_image image=\"456507\" img_size=\"medium\" qode_css_animation=\"\"][vc_empty_space]<a  itemprop=\"url\" href=\"https:\/\/www.stormshield.com\/es\/tag\/la-ciberseguridad-primeros-pasos\/\" target=\"_blank\" data-hover-background-color=\"#d23467\" data-hover-border-color=\"#ffffff\" class=\"qbutton  white enlarge\" style=\"border-color: #ffffff; background-color:#060051;\">Contenidos pedag\u00f3gicos<i class=\"qode_icon_font_awesome fa fa-angle-right qode_button_icon_element\"><\/i><\/a>[vc_empty_space][\/vc_column_inner][\/vc_row_inner][\/vc_column][\/vc_row][vc_row css_animation=\"\" row_type=\"row\" use_row_as_full_screen_section=\"no\" type=\"grid\" angled_section=\"no\" text_align=\"left\" background_image_as_pattern=\"without_pattern\" z_index=\"\" padding_bottom=\"50\" css=\".vc_custom_1697804221509{background-color: #ffffff !important;}\" padding_top=\"50\"][vc_column][vc_row_inner row_type=\"row\" type=\"full_width\" text_align=\"left\" css_animation=\"\" background_color=\"#f9f9f9\" css=\".vc_custom_1697805747463{padding-top: 32px !important;padding-right: 32px !important;padding-bottom: 32px !important;padding-left: 32px !important;}\"][vc_column_inner width=\"2\/3\"][vc_column_text css=\"\"]<\/p>\n<h2><span style=\"color: #000; font-size: 1.2em; font-weight: 900;\">Experiencia para descifrar los problemas de ciberseguridad<\/span><\/h2>\n<p><span style=\"color: #000; font-size: 1.1em;\">Algunos perfiles m\u00e1s experimentados buscan respuestas y contenidos de alto valor a\u00f1adido. Noticias de ciberseguridad, vigilancia de la seguridad, alertas de productos, entrevistas a expertos... Publicamos regularmente contenidos para responder a las preocupaciones de los profesionales y del sector.<\/span><\/p>\n<p><span style=\"color: #000; font-size: 1.1em;\">Para hacerlos indispensables para ti, nos apoyamos en nuestros equipos de Product Managers e I+D, que siguen de cerca las vicisitudes del sector a fin de concebir y anticipar mejor la ciberseguridad del ma\u00f1ana. <strong>Toma el pulso de esta vigilancia consultando nuestros art\u00edculos de an\u00e1lisis y prospectivos.<\/strong><\/span>[\/vc_column_text][vc_empty_space][\/vc_column_inner][vc_column_inner width=\"1\/3\"][vc_single_image image=\"456502\" img_size=\"medium\" qode_css_animation=\"\"][vc_empty_space]<a  itemprop=\"url\" href=\"https:\/\/www.stormshield.com\/es\/tag\/la-ciberseguridad-por-stormshield\/\" target=\"_blank\" data-hover-background-color=\"#d23467\" data-hover-border-color=\"#ffffff\" class=\"qbutton  white enlarge\" style=\"border-color: #ffffff; background-color:#060051;\">Opiniones de expertos<i class=\"qode_icon_font_awesome fa fa-angle-right qode_button_icon_element\"><\/i><\/a>[vc_empty_space height=\"12px\"]<a  itemprop=\"url\" href=\"https:\/\/www.stormshield.com\/es\/recursos\/?_sft_rc_type=libro-blanco\" target=\"_blank\" data-hover-background-color=\"#d23467\" data-hover-border-color=\"#ffffff\" class=\"qbutton  white enlarge\" style=\"border-color: #ffffff; background-color:#060051;\">Libros blancos<i class=\"qode_icon_font_awesome fa fa-angle-right qode_button_icon_element\"><\/i><\/a>[vc_empty_space][\/vc_column_inner][\/vc_row_inner][\/vc_column][\/vc_row][vc_row css_animation=\"\" row_type=\"row\" use_row_as_full_screen_section=\"no\" type=\"grid\" angled_section=\"no\" text_align=\"left\" background_image_as_pattern=\"without_pattern\" z_index=\"\" padding_bottom=\"50\"][vc_column][vc_row_inner row_type=\"row\" type=\"full_width\" text_align=\"left\" css_animation=\"\"][vc_column_inner width=\"2\/3\"][vc_column_text]<\/p>\n<h2><span style=\"color: #000; font-size: 1.2em; font-weight: 900;\">An\u00e1lisis para hacer crecer la comunidad<\/span><\/h2>\n<p><span style=\"color: #000; font-size: 1.1em;\">Para responder a las necesidades de los expertos en seguridad, nuestro equipo de Cyber Threat Intelligence mantiene un blog dedicado al enfoque t\u00e9cnico de la ciberseguridad.<\/span><\/p>\n<p><span style=\"color: #000; font-size: 1.1em;\">Inmersos en el c\u00f3digo, nuestros especialistas internos destripan el mecanismo del malware y proporcionan su an\u00e1lisis t\u00e9cnico de alto nivel, a veces en primicia. <strong>Sum\u00e9rgete cuanto antes en nuestros contenidos para lectores informados.<\/strong><\/span>[\/vc_column_text][vc_empty_space][\/vc_column_inner][vc_column_inner width=\"1\/3\"][vc_single_image image=\"456607\" img_size=\"medium\" qode_css_animation=\"\"][vc_empty_space]<a  itemprop=\"url\" href=\"https:\/\/www.stormshield.com\/category\/alert\/\" target=\"_blank\" data-hover-background-color=\"#d23467\" data-hover-border-color=\"#ffffff\" class=\"qbutton  white enlarge\" style=\"border-color: #ffffff; background-color:#060051;\">Alertas de seguridad<i class=\"qode_icon_font_awesome fa fa-angle-right qode_button_icon_element\"><\/i><\/a>[vc_empty_space height=\"12px\"]<a  itemprop=\"url\" href=\"https:\/\/www.stormshield.com\/category\/technical-posts\/\" target=\"_blank\" data-hover-background-color=\"#d23467\" data-hover-border-color=\"#ffffff\" class=\"qbutton  white enlarge\" style=\"border-color: #ffffff; background-color:#060051;\">Notas t\u00e9cnicas<i class=\"qode_icon_font_awesome fa fa-angle-right qode_button_icon_element\"><\/i><\/a>[vc_empty_space][\/vc_column_inner][\/vc_row_inner][\/vc_column][\/vc_row]<\/p>\n<\/div>","protected":false},"excerpt":{"rendered":"<p>[vc_row css_animation=\u00bb\u00bb row_type=\u00bbrow\u00bb use_row_as_full_screen_section=\u00bbno\u00bb type=\u00bbgrid\u00bb angled_section=\u00bbno\u00bb text_align=\u00bbleft\u00bb background_image_as_pattern=\u00bbwithout_pattern\u00bb z_index=\u00bb\u00bb padding_top=\u00bb50&#8243; padding_bottom=\u00bb50&#8243;][vc_column][vc_empty_space][vc_column_text] Acompa\u00f1ar a tus clientes hacia la ciberseguridad, con pedagog\u00eda, experiencia y an\u00e1lisis [\/vc_column_text][vc_empty_space][\/vc_column][\/vc_row][vc_row css_animation=\u00bb\u00bb row_type=\u00bbrow\u00bb use_row_as_full_screen_section=\u00bbno\u00bb type=\u00bbgrid\u00bb angled_section=\u00bbno\u00bb text_align=\u00bbleft\u00bb background_image_as_pattern=\u00bbwithout_pattern\u00bb z_index=\u00bb\u00bb padding_bottom=\u00bb50&#8243;][vc_column][vc_row_inner row_type=\u00bbrow\u00bb type=\u00bbfull_width\u00bb text_align=\u00bbleft\u00bb css_animation=\u00bb\u00bb][vc_column_inner width=\u00bb2\/3&#8243;][vc_column_text] Pedagog\u00eda para favorecer la concienciaci\u00f3n La ciberseguridad&#8230;<\/p>\n","protected":false},"author":31,"featured_media":0,"parent":205138,"menu_order":275,"comment_status":"closed","ping_status":"closed","template":"full_width.php","meta":{"_acf_changed":false,"footnotes":""},"class_list":["post-238922","page","type-page","status-publish","hentry"],"acf":[],"yoast_head":"<!-- This site is optimized with the Yoast SEO plugin v27.3 - https:\/\/yoast.com\/product\/yoast-seo-wordpress\/ -->\n<title>Acompa\u00f1ar a sus clientes hacia la ciberseguridad | Stormshield<\/title>\n<meta name=\"description\" content=\"Desde el CISO hasta el ingeniero de ventas, pasando por el ciudadano de a pie, Stormshield hace que los retos de la ciberseguridad sean f\u00e1ciles de entender.\" \/>\n<meta name=\"robots\" content=\"index, follow, max-snippet:-1, max-image-preview:large, max-video-preview:-1\" \/>\n<link rel=\"canonical\" href=\"https:\/\/www.stormshield.com\/es\/red-de-partner\/acompane-a-sus-clientes\/\" \/>\n<meta property=\"og:locale\" content=\"es_ES\" \/>\n<meta property=\"og:type\" content=\"article\" \/>\n<meta property=\"og:title\" content=\"Acompa\u00f1ar a sus clientes hacia la ciberseguridad | Stormshield\" \/>\n<meta property=\"og:description\" content=\"Desde el CISO hasta el ingeniero de ventas, pasando por el ciudadano de a pie, Stormshield hace que los retos de la ciberseguridad sean f\u00e1ciles de entender.\" \/>\n<meta property=\"og:url\" content=\"https:\/\/www.stormshield.com\/es\/red-de-partner\/acompane-a-sus-clientes\/\" \/>\n<meta property=\"og:site_name\" content=\"Stormshield\" \/>\n<meta property=\"article:modified_time\" content=\"2025-11-03T09:23:59+00:00\" \/>\n<meta property=\"og:image\" content=\"https:\/\/www.stormshield.com\/wp-content\/uploads\/stormshield_logo.png\" \/>\n\t<meta property=\"og:image:width\" content=\"204\" \/>\n\t<meta property=\"og:image:height\" content=\"94\" \/>\n\t<meta property=\"og:image:type\" content=\"image\/png\" \/>\n<meta name=\"twitter:card\" content=\"summary_large_image\" \/>\n<meta name=\"twitter:site\" content=\"@Stormshield\" \/>\n<meta name=\"twitter:label1\" content=\"Tiempo de lectura\" \/>\n\t<meta name=\"twitter:data1\" content=\"3 minutos\" \/>\n<script type=\"application\/ld+json\" class=\"yoast-schema-graph\">{\"@context\":\"https:\\\/\\\/schema.org\",\"@graph\":[{\"@type\":\"WebPage\",\"@id\":\"https:\\\/\\\/www.stormshield.com\\\/es\\\/red-de-partner\\\/acompane-a-sus-clientes\\\/\",\"url\":\"https:\\\/\\\/www.stormshield.com\\\/es\\\/red-de-partner\\\/acompane-a-sus-clientes\\\/\",\"name\":\"Acompa\u00f1ar a sus clientes hacia la ciberseguridad | Stormshield\",\"isPartOf\":{\"@id\":\"https:\\\/\\\/www.stormshield.com\\\/es\\\/#website\"},\"datePublished\":\"2021-09-24T08:48:12+00:00\",\"dateModified\":\"2025-11-03T09:23:59+00:00\",\"description\":\"Desde el CISO hasta el ingeniero de ventas, pasando por el ciudadano de a pie, Stormshield hace que los retos de la ciberseguridad sean f\u00e1ciles de entender.\",\"breadcrumb\":{\"@id\":\"https:\\\/\\\/www.stormshield.com\\\/es\\\/red-de-partner\\\/acompane-a-sus-clientes\\\/#breadcrumb\"},\"inLanguage\":\"es\",\"potentialAction\":[{\"@type\":\"ReadAction\",\"target\":[\"https:\\\/\\\/www.stormshield.com\\\/es\\\/red-de-partner\\\/acompane-a-sus-clientes\\\/\"]}]},{\"@type\":\"BreadcrumbList\",\"@id\":\"https:\\\/\\\/www.stormshield.com\\\/es\\\/red-de-partner\\\/acompane-a-sus-clientes\\\/#breadcrumb\",\"itemListElement\":[{\"@type\":\"ListItem\",\"position\":1,\"name\":\"Home\",\"item\":\"https:\\\/\\\/www.stormshield.com\\\/es\\\/\"},{\"@type\":\"ListItem\",\"position\":2,\"name\":\"Red de Partner\",\"item\":\"https:\\\/\\\/www.stormshield.com\\\/es\\\/red-de-partner\\\/\"},{\"@type\":\"ListItem\",\"position\":3,\"name\":\"Acompa\u00f1e a sus clientes\"}]},{\"@type\":\"WebSite\",\"@id\":\"https:\\\/\\\/www.stormshield.com\\\/es\\\/#website\",\"url\":\"https:\\\/\\\/www.stormshield.com\\\/es\\\/\",\"name\":\"Stormshield\",\"description\":\"Stormshield\",\"potentialAction\":[{\"@type\":\"SearchAction\",\"target\":{\"@type\":\"EntryPoint\",\"urlTemplate\":\"https:\\\/\\\/www.stormshield.com\\\/es\\\/?s={search_term_string}\"},\"query-input\":{\"@type\":\"PropertyValueSpecification\",\"valueRequired\":true,\"valueName\":\"search_term_string\"}}],\"inLanguage\":\"es\"}]}<\/script>\n<!-- \/ Yoast SEO plugin. -->","yoast_head_json":{"title":"Acompa\u00f1ar a sus clientes hacia la ciberseguridad | Stormshield","description":"Desde el CISO hasta el ingeniero de ventas, pasando por el ciudadano de a pie, Stormshield hace que los retos de la ciberseguridad sean f\u00e1ciles de entender.","robots":{"index":"index","follow":"follow","max-snippet":"max-snippet:-1","max-image-preview":"max-image-preview:large","max-video-preview":"max-video-preview:-1"},"canonical":"https:\/\/www.stormshield.com\/es\/red-de-partner\/acompane-a-sus-clientes\/","og_locale":"es_ES","og_type":"article","og_title":"Acompa\u00f1ar a sus clientes hacia la ciberseguridad | Stormshield","og_description":"Desde el CISO hasta el ingeniero de ventas, pasando por el ciudadano de a pie, Stormshield hace que los retos de la ciberseguridad sean f\u00e1ciles de entender.","og_url":"https:\/\/www.stormshield.com\/es\/red-de-partner\/acompane-a-sus-clientes\/","og_site_name":"Stormshield","article_modified_time":"2025-11-03T09:23:59+00:00","og_image":[{"width":204,"height":94,"url":"https:\/\/www.stormshield.com\/wp-content\/uploads\/stormshield_logo.png","type":"image\/png"}],"twitter_card":"summary_large_image","twitter_site":"@Stormshield","twitter_misc":{"Tiempo de lectura":"3 minutos"},"schema":{"@context":"https:\/\/schema.org","@graph":[{"@type":"WebPage","@id":"https:\/\/www.stormshield.com\/es\/red-de-partner\/acompane-a-sus-clientes\/","url":"https:\/\/www.stormshield.com\/es\/red-de-partner\/acompane-a-sus-clientes\/","name":"Acompa\u00f1ar a sus clientes hacia la ciberseguridad | Stormshield","isPartOf":{"@id":"https:\/\/www.stormshield.com\/es\/#website"},"datePublished":"2021-09-24T08:48:12+00:00","dateModified":"2025-11-03T09:23:59+00:00","description":"Desde el CISO hasta el ingeniero de ventas, pasando por el ciudadano de a pie, Stormshield hace que los retos de la ciberseguridad sean f\u00e1ciles de entender.","breadcrumb":{"@id":"https:\/\/www.stormshield.com\/es\/red-de-partner\/acompane-a-sus-clientes\/#breadcrumb"},"inLanguage":"es","potentialAction":[{"@type":"ReadAction","target":["https:\/\/www.stormshield.com\/es\/red-de-partner\/acompane-a-sus-clientes\/"]}]},{"@type":"BreadcrumbList","@id":"https:\/\/www.stormshield.com\/es\/red-de-partner\/acompane-a-sus-clientes\/#breadcrumb","itemListElement":[{"@type":"ListItem","position":1,"name":"Home","item":"https:\/\/www.stormshield.com\/es\/"},{"@type":"ListItem","position":2,"name":"Red de Partner","item":"https:\/\/www.stormshield.com\/es\/red-de-partner\/"},{"@type":"ListItem","position":3,"name":"Acompa\u00f1e a sus clientes"}]},{"@type":"WebSite","@id":"https:\/\/www.stormshield.com\/es\/#website","url":"https:\/\/www.stormshield.com\/es\/","name":"Stormshield","description":"Stormshield","potentialAction":[{"@type":"SearchAction","target":{"@type":"EntryPoint","urlTemplate":"https:\/\/www.stormshield.com\/es\/?s={search_term_string}"},"query-input":{"@type":"PropertyValueSpecification","valueRequired":true,"valueName":"search_term_string"}}],"inLanguage":"es"}]}},"_links":{"self":[{"href":"https:\/\/www.stormshield.com\/es\/wp-json\/wp\/v2\/pages\/238922","targetHints":{"allow":["GET"]}}],"collection":[{"href":"https:\/\/www.stormshield.com\/es\/wp-json\/wp\/v2\/pages"}],"about":[{"href":"https:\/\/www.stormshield.com\/es\/wp-json\/wp\/v2\/types\/page"}],"author":[{"embeddable":true,"href":"https:\/\/www.stormshield.com\/es\/wp-json\/wp\/v2\/users\/31"}],"replies":[{"embeddable":true,"href":"https:\/\/www.stormshield.com\/es\/wp-json\/wp\/v2\/comments?post=238922"}],"version-history":[{"count":14,"href":"https:\/\/www.stormshield.com\/es\/wp-json\/wp\/v2\/pages\/238922\/revisions"}],"predecessor-version":[{"id":691711,"href":"https:\/\/www.stormshield.com\/es\/wp-json\/wp\/v2\/pages\/238922\/revisions\/691711"}],"up":[{"embeddable":true,"href":"https:\/\/www.stormshield.com\/es\/wp-json\/wp\/v2\/pages\/205138"}],"wp:attachment":[{"href":"https:\/\/www.stormshield.com\/es\/wp-json\/wp\/v2\/media?parent=238922"}],"curies":[{"name":"wp","href":"https:\/\/api.w.org\/{rel}","templated":true}]}}