{"id":238901,"date":"2021-09-27T14:56:40","date_gmt":"2021-09-27T13:56:40","guid":{"rendered":"https:\/\/www.stormshield.com\/productos-y-servicios\/por-sector\/facility-management-warehouse\/"},"modified":"2024-11-12T16:58:03","modified_gmt":"2024-11-12T15:58:03","slug":"gestion-de-instalaciones-y-almacenes","status":"publish","type":"page","link":"https:\/\/www.stormshield.com\/es\/productos-y-servicios\/por-sector\/gestion-de-instalaciones-y-almacenes\/","title":{"rendered":"Gesti\u00f3n de instalaciones y almacenes"},"content":{"rendered":"<div class=\"wpb-content-wrapper\"><p>[vc_row css_animation=\"\" row_type=\"row\" use_row_as_full_screen_section=\"no\" type=\"grid\" angled_section=\"no\" text_align=\"left\" background_image_as_pattern=\"without_pattern\" z_index=\"\" padding_top=\"50\" padding_bottom=\"50\"][vc_column][vc_empty_space][vc_column_text css=\"\"]<\/p>\n<h1 style=\"text-align: center;\"><span style=\"color: #00aaf5;\"><span style=\"font-weight: 900; font-size: 1.5em;\">Facility Management, log\u00edstica y ciberseguridad:<\/span><\/span><span style=\"color: #00aaf5;\"><span style=\"font-weight: 300; font-size: 1.5em;\"> el dominio de las redes conectadas e inteligentes<\/span><\/span><\/h1>\n<p>[\/vc_column_text][vc_empty_space][\/vc_column][\/vc_row][vc_row css_animation=\"\" row_type=\"row\" use_row_as_full_screen_section=\"no\" type=\"grid\" angled_section=\"no\" text_align=\"left\" background_image_as_pattern=\"without_pattern\" z_index=\"\" padding_top=\"50\" padding_bottom=\"50\"][vc_column][vc_row_inner row_type=\"row\" type=\"full_width\" text_align=\"left\" css_animation=\"\"][vc_column_inner width=\"2\/3\"][vc_column_text css=\"\"]<span style=\"color: #000; font-size: 1.1em;\"><strong>Con la llegada del edificio inteligente, la gesti\u00f3n t\u00e9cnica de los edificios se basa cada vez m\u00e1s en redes inform\u00e1ticas y operativas interconectadas, complejas y sensibles.<\/strong> Entonces, \u00bfc\u00f3mo se pueden contrarrestar los ciberataques con consecuencias materiales y humanas potencialmente importantes?<\/span>[\/vc_column_text][vc_empty_space][\/vc_column_inner][vc_column_inner width=\"1\/3\"][vc_empty_space][vc_single_image image=\"456867\" alignment=\"center\" css=\"\" qode_css_animation=\"\" qode_hover_animation=\"zoom_in\"][\/vc_column_inner][\/vc_row_inner][\/vc_column][\/vc_row][vc_row css_animation=\"\" row_type=\"row\" use_row_as_full_screen_section=\"no\" type=\"grid\" angled_section=\"no\" text_align=\"left\" background_image_as_pattern=\"without_pattern\" z_index=\"\" padding_bottom=\"50\" el_class=\"fond_gris\" padding_top=\"50\"][vc_column][vc_row_inner row_type=\"row\" type=\"full_width\" text_align=\"left\" css_animation=\"\"][vc_column_inner][vc_column_text css=\"\"]<\/p>\n<h2><span style=\"color: #000; font-size: 1.2em; font-weight: 900;\">Edificios y almacenes: cuidado con las ciberamenazas<\/span><\/h2>\n<p><span style=\"color: #000; font-size: 1.1em;\"><strong>La cadena de suministro y los almacenes automatizados, la gesti\u00f3n t\u00e9cnica conectada (SGTE)... la log\u00edstica es ahora \u00abinteligente\u00bb e implica riesgos cr\u00edticos de ciberseguridad.<\/strong> As\u00ed, los edificios y almacenes son susceptibles de sufrir ciberataques en diversas instalaciones: ascensores, salidas de emergencia, puertas cortafuegos, accesos de seguridad, alarmas contra incendios, aire acondicionado, calefacci\u00f3n, videovigilancia, etc. Estas ciberamenazas pueden provocar importantes da\u00f1os materiales o, lo que es m\u00e1s grave, da\u00f1os f\u00edsicos a las personas.<\/span>[\/vc_column_text][vc_empty_space][\/vc_column_inner][\/vc_row_inner][\/vc_column][\/vc_row][vc_row css_animation=\"\" row_type=\"row\" use_row_as_full_screen_section=\"no\" type=\"grid\" angled_section=\"no\" text_align=\"left\" background_image_as_pattern=\"without_pattern\" z_index=\"\" padding_top=\"50\" padding_bottom=\"50\"][vc_column][vc_row_inner row_type=\"row\" type=\"full_width\" text_align=\"left\" css_animation=\"\"][vc_column_inner][vc_column_text css=\"\"]<\/p>\n<h2><span style=\"color: #000; font-size: 1.2em; font-weight: 900;\">Soluciones Stormshield adaptadas, completas y evolutivas<\/span><\/h2>\n<p><span style=\"color: #000; font-size: 1.1em;\">Para protegerte contra los ataques a los componentes de la red OT, los equipos de control y garantizar el rendimiento y la disponibilidad de las redes, Stormshield te ofrece una amplia gama de soluciones con productos certificados al m\u00e1s alto nivel europeo.<\/span>[\/vc_column_text][vc_empty_space][\/vc_column_inner][\/vc_row_inner][vc_row_inner row_type=\"row\" type=\"full_width\" text_align=\"left\" css_animation=\"\"][vc_column_inner width=\"1\/3\"][vc_column_text css=\"\"]<\/p>\n<h3><span style=\"color: #000; font-size: 1.1em; font-weight: 400;\">Protege tus redes<\/span><\/h3>\n<p><span style=\"color: #000; font-size: 1.1em;\">Con los cortafuegos Stormshield Network Security (<strong>SNS<\/strong>), puedes realizar una segmentaci\u00f3n de la red y un an\u00e1lisis profundo y contextual de los protocolos OT (incluido Profinet) para evitar ataques conocidos y desconocidos. Tambi\u00e9n puedes realizar un control detallado de los mensajes autorizados y a\u00f1adir firmas personalizadas (<em>custom patterns<\/em>) a tu pol\u00edtica de seguridad.<\/span>[\/vc_column_text][vc_empty_space]<a  itemprop=\"url\" href=\"https:\/\/www.stormshield.com\/es\/productos-y-servicios\/productos\/seguridad-de-red\/\" target=\"_blank\" data-hover-background-color=\"#d23467\" data-hover-border-color=\"#d23467\" class=\"qbutton  left white enlarge\" style=\"border-color: #ffffff; background-color:#060051;\">Soluci\u00f3n SNS<i class=\"qode_icon_font_awesome fa fa-angle-right qode_button_icon_element\"><\/i><\/a>[vc_empty_space][\/vc_column_inner][vc_column_inner width=\"1\/3\"][vc_column_text css=\"\"]<\/p>\n<h3><span style=\"color: #000; font-size: 1.1em; font-weight: 400;\">Bloquea los ataques<\/span><\/h3>\n<p><span style=\"color: #000; font-size: 1.1em;\">Con nuestra soluci\u00f3n de equipos Stormshield Endpoint Security (<strong>SES<\/strong>), puedes aumentar el nivel de seguridad con una arquitectura de software reforzada. De este modo, bloqueas los ciberataques avanzados dirigidos a los equipos de control. Y aprovechas la protecci\u00f3n contextual para los t\u00e9cnicos n\u00f3madas.<\/span>[\/vc_column_text][vc_empty_space]<a  itemprop=\"url\" href=\"https:\/\/www.stormshield.com\/es\/productos-y-servicios\/productos\/endpoint-protection\/stormshield-endpoint-security\/\" target=\"_blank\" data-hover-background-color=\"#d23467\" data-hover-border-color=\"#d23467\" class=\"qbutton  left white enlarge\" style=\"border-color: #ffffff; background-color:#060051;\">Soluci\u00f3n SES<i class=\"qode_icon_font_awesome fa fa-angle-right qode_button_icon_element\"><\/i><\/a>[vc_empty_space][\/vc_column_inner][vc_column_inner width=\"1\/3\" css=\".vc_custom_1713882353421{padding-right: 32px !important;padding-bottom: 32px !important;padding-left: 32px !important;background-color: #f9f9f9 !important;}\"][vc_column_text css=\"\"]<\/p>\n<h3><span style=\"color: #000; font-size: 1.1em; font-weight: 400;\">Protege tus infraestructuras<\/span><\/h3>\n<p><span style=\"color: #000; font-size: 1.1em;\">Para los entornos operativos, nuestros <strong>cortafuegos industriales<\/strong> dedicados ofrecen un modo de <em>bypass<\/em> que garantiza la fiabilidad de tu infraestructura. Adem\u00e1s, nuestros productos se distinguen por su gran resistencia en entornos hostiles y restringidos.<\/span>[\/vc_column_text][vc_empty_space]<a  itemprop=\"url\" href=\"https:\/\/www.stormshield.com\/es\/productos-y-servicios\/productos\/proteccion-operacional\/gama-de-productos\/\" target=\"_blank\" data-hover-background-color=\"#d23467\" data-hover-border-color=\"#d23467\" class=\"qbutton  left white enlarge\" style=\"border-color: #ffffff; background-color:#060051;\">Cortafuegos industriales<i class=\"qode_icon_font_awesome fa fa-angle-right qode_button_icon_element\"><\/i><\/a>[vc_empty_space][\/vc_column_inner][\/vc_row_inner][\/vc_column][\/vc_row][vc_row css_animation=\"\" row_type=\"row\" use_row_as_full_screen_section=\"no\" type=\"grid\" angled_section=\"no\" text_align=\"left\" background_image_as_pattern=\"without_pattern\" z_index=\"\" padding_top=\"50\" padding_bottom=\"50\" el_class=\"fond_gris\"][vc_column][vc_row_inner row_type=\"row\" type=\"full_width\" text_align=\"left\" css_animation=\"\"][vc_column_inner][vc_column_text css=\"\"]<\/p>\n<h2><span style=\"color: #000; font-size: 1.2em; font-weight: 900;\">Facilitar las intervenciones a distancia y el mantenimiento<\/span><\/h2>\n<p><span style=\"color: #000; font-size: 1.1em;\"><strong>La necesidad de intervenci\u00f3n (mantenimiento, reacci\u00f3n r\u00e1pida ante un incidente en estos edificios), a veces sin acceso f\u00edsico inmediato, y el elevado n\u00famero de subcontratistas necesarios para la SGTE pueden provocar brechas de seguridad.<\/strong> Adem\u00e1s, en los edificios m\u00e1s antiguos, que suelen ser entornos f\u00edsicos con importantes limitaciones (temperatura, polvo, humedad, etc.) y diferentes de los entornos inform\u00e1ticos tradicionales, a veces es necesario, para proteger los datos, instalar los elementos de seguridad lo m\u00e1s cerca posible de los elementos sin bastidor inform\u00e1tico.<\/span><\/p>\n<p><span style=\"color: #000; font-size: 1.1em;\">Para proporcionar acceso remoto a los t\u00e9cnicos o a los proveedores de servicios externos sin crear brechas de seguridad, hay varias soluciones. Como la gama Stormshield Network Security (<strong>SNS<\/strong>) y sus funcionalidades VPN n\u00f3madas SSL o IPSec y su funcionalidad de autenticaci\u00f3n de usuarios en flujos de red. Con la soluci\u00f3n Stormshield Endpoint Security (<strong>SES<\/strong>), tambi\u00e9n puedes proporcionar protecci\u00f3n contextual a los equipos para t\u00e9cnicos n\u00f3madas.<\/span>[\/vc_column_text][vc_empty_space][\/vc_column_inner][\/vc_row_inner][\/vc_column][\/vc_row][vc_row css_animation=\"\" row_type=\"row\" use_row_as_full_screen_section=\"no\" type=\"grid\" angled_section=\"no\" text_align=\"left\" background_image_as_pattern=\"without_pattern\" z_index=\"\" padding_top=\"50\" padding_bottom=\"50\"][vc_column][vc_row_inner row_type=\"row\" type=\"full_width\" text_align=\"left\" css_animation=\"\"][vc_column_inner][vc_column_text css=\"\"]<\/p>\n<h2><span style=\"color: #000; font-size: 1.2em; font-weight: 900;\">Los datos y su control: los cimientos de la seguridad de los edificios<\/span><\/h2>\n<p><span style=\"color: #000; font-size: 1.1em;\">La SGTE se basa en el intercambio de mucha informaci\u00f3n entre varias ubicaciones remotas o dentro de una misma ubicaci\u00f3n. Asegura el control del buen funcionamiento de los servicios, teniendo en cuenta la dispersi\u00f3n geogr\u00e1fica de los almacenes. <strong>Para garantizar la protecci\u00f3n de la informaci\u00f3n intercambiada, deben establecerse canales de comunicaci\u00f3n de confianza (autenticaci\u00f3n, confidencialidad, integridad), es decir, basados en el cifrado de datos.<\/strong> Del mismo modo, los equipos de seguridad deben desplegarse f\u00e1cilmente y gestionarse en una gran infraestructura, con un gran equipo de administradores pero sin expertos locales. Para eso, utiliza nuestras herramientas de gesti\u00f3n de la gama SNS. La soluci\u00f3n Stormshield Management Center (<strong>SMC<\/strong>) responder\u00e1 a tus necesidades de gesti\u00f3n centralizada de la seguridad para infraestructuras con varias ubicaciones, mientras que la soluci\u00f3n Stormshield Log Supervisor (<strong>SLS<\/strong>) te permitir\u00e1 beneficiarte de una soluci\u00f3n de gesti\u00f3n de logs. Y as\u00ed tener una visibilidad global de los registros del eventos (logs) de tus cortafuegos <strong>SNS<\/strong> y de la gesti\u00f3n de incidencias.<\/span><\/p>\n<p><span style=\"color: #000; font-size: 1.1em;\">Con la oferta <strong>Stormshield XDR<\/strong>, combine eficazmente las soluciones Stormshield entre s\u00ed. Reciba notificaciones de incidentes basadas en an\u00e1lisis de sus endpoints, redes, archivos web y correos electr\u00f3nicos antes de gestionar la respuesta con sus distintos productos de seguridad, impulsada por la gesti\u00f3n centralizada de incidentes. Una combinaci\u00f3n ideal para alertarle en tiempo real y gestionar una respuesta r\u00e1pida y a largo plazo tanto en la red como en los puntos finales.<\/span>[\/vc_column_text][vc_empty_space]<a  itemprop=\"url\" href=\"https:\/\/www.stormshield.com\/es\/productos-y-servicios\/productos\/seguridad-de-red\/herramientas-de-administracion\/sls-stormshield-log-supervisor\/\" target=\"_blank\" data-hover-background-color=\"#d23467\" data-hover-border-color=\"#d23467\" class=\"qbutton  left white enlarge\" style=\"border-color: #ffffff; background-color:#060051;\">Soluci\u00f3n SLS<i class=\"qode_icon_font_awesome fa fa-angle-right qode_button_icon_element\"><\/i><\/a>[vc_empty_space height=\"12px\"]<a  itemprop=\"url\" href=\"https:\/\/www.stormshield.com\/es\/productos-y-servicios\/productos\/seguridad-de-red\/herramientas-de-administracion\/stormshield-management-center\/\" target=\"_blank\" data-hover-background-color=\"#d23467\" data-hover-border-color=\"#d23467\" class=\"qbutton  left white enlarge\" style=\"border-color: #ffffff; background-color:#060051;\">Soluci\u00f3n SMC<i class=\"qode_icon_font_awesome fa fa-angle-right qode_button_icon_element\"><\/i><\/a>[vc_empty_space height=\"12px\"]<a  itemprop=\"url\" href=\"https:\/\/www.stormshield.com\/es\/productos-y-servicios\/productos\/stormshield-xdr\/\" target=\"_blank\" data-hover-background-color=\"#d23467\" data-hover-border-color=\"#d23467\" class=\"qbutton  left white enlarge\" style=\"border-color: #ffffff; background-color:#060051;\">Oferta XDR<i class=\"qode_icon_font_awesome fa fa-angle-right qode_button_icon_element\"><\/i><\/a>[vc_empty_space][\/vc_column_inner][\/vc_row_inner][\/vc_column][\/vc_row][vc_row css_animation=\"\" row_type=\"row\" use_row_as_full_screen_section=\"no\" type=\"grid\" angled_section=\"no\" text_align=\"left\" background_image_as_pattern=\"without_pattern\" z_index=\"\" background_color=\"#060051\" padding_top=\"100\" padding_bottom=\"100\"][vc_column][vc_column_text css=\"\"]<span style=\"color: #ffffff; font-size: 1.1em;\"><strong>Con Stormshield, puedes optar por una red de comunicaci\u00f3n eficaz de tus edificios y almacenes en cualquier situaci\u00f3n con total ciberserenidad.<\/strong> Nuestros equipos est\u00e1n a tu disposici\u00f3n para comprender las necesidades de tu red de comunicaciones y ofrecerte las soluciones m\u00e1s eficaces.<\/span>[\/vc_column_text][vc_empty_space]<a  itemprop=\"url\" href=\"https:\/\/www.stormshield.com\/es\/contacto\/equipos-comerciales\/\" target=\"_self\" data-hover-background-color=\"#d23467\" data-hover-border-color=\"#d23467\" class=\"qbutton  white enlarge\" style=\"border-color: #ffffff; background-color:#00aeef;\">Contacto<i class=\"qode_icon_font_awesome fa fa-angle-right qode_button_icon_element\"><\/i><\/a>[vc_empty_space][\/vc_column][\/vc_row]<\/p>\n<\/div>","protected":false},"excerpt":{"rendered":"<p>[vc_row css_animation=\u00bb\u00bb row_type=\u00bbrow\u00bb use_row_as_full_screen_section=\u00bbno\u00bb type=\u00bbgrid\u00bb angled_section=\u00bbno\u00bb text_align=\u00bbleft\u00bb background_image_as_pattern=\u00bbwithout_pattern\u00bb z_index=\u00bb\u00bb padding_top=\u00bb50&#8243; padding_bottom=\u00bb50&#8243;][vc_column][vc_empty_space][vc_column_text css=\u00bb\u00bb] Facility Management, log\u00edstica y ciberseguridad: el dominio de las redes conectadas e inteligentes [\/vc_column_text][vc_empty_space][\/vc_column][\/vc_row][vc_row css_animation=\u00bb\u00bb row_type=\u00bbrow\u00bb use_row_as_full_screen_section=\u00bbno\u00bb type=\u00bbgrid\u00bb angled_section=\u00bbno\u00bb text_align=\u00bbleft\u00bb background_image_as_pattern=\u00bbwithout_pattern\u00bb z_index=\u00bb\u00bb padding_top=\u00bb50&#8243; padding_bottom=\u00bb50&#8243;][vc_column][vc_row_inner row_type=\u00bbrow\u00bb type=\u00bbfull_width\u00bb text_align=\u00bbleft\u00bb css_animation=\u00bb\u00bb][vc_column_inner width=\u00bb2\/3&#8243;][vc_column_text css=\u00bb\u00bb]Con la llegada del&#8230;<\/p>\n","protected":false},"author":31,"featured_media":0,"parent":204899,"menu_order":219,"comment_status":"closed","ping_status":"closed","template":"full_width.php","meta":{"_acf_changed":false,"footnotes":""},"class_list":["post-238901","page","type-page","status-publish","hentry"],"acf":[],"yoast_head":"<!-- This site is optimized with the Yoast SEO plugin v27.3 - https:\/\/yoast.com\/product\/yoast-seo-wordpress\/ -->\n<title>Ciberseguridad, gesti\u00f3n de instalaciones y log\u00edstica | Stormshield<\/title>\n<meta name=\"description\" content=\"Proteja sus redes, bloquee los ataques y asegure su infraestructura con las soluciones completas y escalables de Stormshield.\" \/>\n<meta name=\"robots\" content=\"index, follow, max-snippet:-1, max-image-preview:large, max-video-preview:-1\" \/>\n<link rel=\"canonical\" href=\"https:\/\/www.stormshield.com\/es\/productos-y-servicios\/por-sector\/gestion-de-instalaciones-y-almacenes\/\" \/>\n<meta property=\"og:locale\" content=\"es_ES\" \/>\n<meta property=\"og:type\" content=\"article\" \/>\n<meta property=\"og:title\" content=\"Ciberseguridad, gesti\u00f3n de instalaciones y log\u00edstica | Stormshield\" \/>\n<meta property=\"og:description\" content=\"Proteja sus redes, bloquee los ataques y asegure su infraestructura con las soluciones completas y escalables de Stormshield.\" \/>\n<meta property=\"og:url\" content=\"https:\/\/www.stormshield.com\/es\/productos-y-servicios\/por-sector\/gestion-de-instalaciones-y-almacenes\/\" \/>\n<meta property=\"og:site_name\" content=\"Stormshield\" \/>\n<meta property=\"article:modified_time\" content=\"2024-11-12T15:58:03+00:00\" \/>\n<meta property=\"og:image\" content=\"https:\/\/www.stormshield.com\/wp-content\/uploads\/stormshield_logo.png\" \/>\n\t<meta property=\"og:image:width\" content=\"204\" \/>\n\t<meta property=\"og:image:height\" content=\"94\" \/>\n\t<meta property=\"og:image:type\" content=\"image\/png\" \/>\n<meta name=\"twitter:card\" content=\"summary_large_image\" \/>\n<meta name=\"twitter:site\" content=\"@Stormshield\" \/>\n<meta name=\"twitter:label1\" content=\"Tiempo de lectura\" \/>\n\t<meta name=\"twitter:data1\" content=\"5 minutos\" \/>\n<script type=\"application\/ld+json\" class=\"yoast-schema-graph\">{\"@context\":\"https:\\\/\\\/schema.org\",\"@graph\":[{\"@type\":\"WebPage\",\"@id\":\"https:\\\/\\\/www.stormshield.com\\\/es\\\/productos-y-servicios\\\/por-sector\\\/gestion-de-instalaciones-y-almacenes\\\/\",\"url\":\"https:\\\/\\\/www.stormshield.com\\\/es\\\/productos-y-servicios\\\/por-sector\\\/gestion-de-instalaciones-y-almacenes\\\/\",\"name\":\"Ciberseguridad, gesti\u00f3n de instalaciones y log\u00edstica | Stormshield\",\"isPartOf\":{\"@id\":\"https:\\\/\\\/www.stormshield.com\\\/es\\\/#website\"},\"datePublished\":\"2021-09-27T13:56:40+00:00\",\"dateModified\":\"2024-11-12T15:58:03+00:00\",\"description\":\"Proteja sus redes, bloquee los ataques y asegure su infraestructura con las soluciones completas y escalables de Stormshield.\",\"breadcrumb\":{\"@id\":\"https:\\\/\\\/www.stormshield.com\\\/es\\\/productos-y-servicios\\\/por-sector\\\/gestion-de-instalaciones-y-almacenes\\\/#breadcrumb\"},\"inLanguage\":\"es\",\"potentialAction\":[{\"@type\":\"ReadAction\",\"target\":[\"https:\\\/\\\/www.stormshield.com\\\/es\\\/productos-y-servicios\\\/por-sector\\\/gestion-de-instalaciones-y-almacenes\\\/\"]}]},{\"@type\":\"BreadcrumbList\",\"@id\":\"https:\\\/\\\/www.stormshield.com\\\/es\\\/productos-y-servicios\\\/por-sector\\\/gestion-de-instalaciones-y-almacenes\\\/#breadcrumb\",\"itemListElement\":[{\"@type\":\"ListItem\",\"position\":1,\"name\":\"Home\",\"item\":\"https:\\\/\\\/www.stormshield.com\\\/es\\\/\"},{\"@type\":\"ListItem\",\"position\":2,\"name\":\"Productos y Soluciones\",\"item\":\"https:\\\/\\\/www.stormshield.com\\\/es\\\/productos-y-servicios\\\/\"},{\"@type\":\"ListItem\",\"position\":3,\"name\":\"Por sector\",\"item\":\"https:\\\/\\\/www.stormshield.com\\\/es\\\/productos-y-servicios\\\/por-sector\\\/\"},{\"@type\":\"ListItem\",\"position\":4,\"name\":\"Gesti\u00f3n de instalaciones y almacenes\"}]},{\"@type\":\"WebSite\",\"@id\":\"https:\\\/\\\/www.stormshield.com\\\/es\\\/#website\",\"url\":\"https:\\\/\\\/www.stormshield.com\\\/es\\\/\",\"name\":\"Stormshield\",\"description\":\"Stormshield\",\"potentialAction\":[{\"@type\":\"SearchAction\",\"target\":{\"@type\":\"EntryPoint\",\"urlTemplate\":\"https:\\\/\\\/www.stormshield.com\\\/es\\\/?s={search_term_string}\"},\"query-input\":{\"@type\":\"PropertyValueSpecification\",\"valueRequired\":true,\"valueName\":\"search_term_string\"}}],\"inLanguage\":\"es\"}]}<\/script>\n<!-- \/ Yoast SEO plugin. -->","yoast_head_json":{"title":"Ciberseguridad, gesti\u00f3n de instalaciones y log\u00edstica | Stormshield","description":"Proteja sus redes, bloquee los ataques y asegure su infraestructura con las soluciones completas y escalables de Stormshield.","robots":{"index":"index","follow":"follow","max-snippet":"max-snippet:-1","max-image-preview":"max-image-preview:large","max-video-preview":"max-video-preview:-1"},"canonical":"https:\/\/www.stormshield.com\/es\/productos-y-servicios\/por-sector\/gestion-de-instalaciones-y-almacenes\/","og_locale":"es_ES","og_type":"article","og_title":"Ciberseguridad, gesti\u00f3n de instalaciones y log\u00edstica | Stormshield","og_description":"Proteja sus redes, bloquee los ataques y asegure su infraestructura con las soluciones completas y escalables de Stormshield.","og_url":"https:\/\/www.stormshield.com\/es\/productos-y-servicios\/por-sector\/gestion-de-instalaciones-y-almacenes\/","og_site_name":"Stormshield","article_modified_time":"2024-11-12T15:58:03+00:00","og_image":[{"width":204,"height":94,"url":"https:\/\/www.stormshield.com\/wp-content\/uploads\/stormshield_logo.png","type":"image\/png"}],"twitter_card":"summary_large_image","twitter_site":"@Stormshield","twitter_misc":{"Tiempo de lectura":"5 minutos"},"schema":{"@context":"https:\/\/schema.org","@graph":[{"@type":"WebPage","@id":"https:\/\/www.stormshield.com\/es\/productos-y-servicios\/por-sector\/gestion-de-instalaciones-y-almacenes\/","url":"https:\/\/www.stormshield.com\/es\/productos-y-servicios\/por-sector\/gestion-de-instalaciones-y-almacenes\/","name":"Ciberseguridad, gesti\u00f3n de instalaciones y log\u00edstica | Stormshield","isPartOf":{"@id":"https:\/\/www.stormshield.com\/es\/#website"},"datePublished":"2021-09-27T13:56:40+00:00","dateModified":"2024-11-12T15:58:03+00:00","description":"Proteja sus redes, bloquee los ataques y asegure su infraestructura con las soluciones completas y escalables de Stormshield.","breadcrumb":{"@id":"https:\/\/www.stormshield.com\/es\/productos-y-servicios\/por-sector\/gestion-de-instalaciones-y-almacenes\/#breadcrumb"},"inLanguage":"es","potentialAction":[{"@type":"ReadAction","target":["https:\/\/www.stormshield.com\/es\/productos-y-servicios\/por-sector\/gestion-de-instalaciones-y-almacenes\/"]}]},{"@type":"BreadcrumbList","@id":"https:\/\/www.stormshield.com\/es\/productos-y-servicios\/por-sector\/gestion-de-instalaciones-y-almacenes\/#breadcrumb","itemListElement":[{"@type":"ListItem","position":1,"name":"Home","item":"https:\/\/www.stormshield.com\/es\/"},{"@type":"ListItem","position":2,"name":"Productos y Soluciones","item":"https:\/\/www.stormshield.com\/es\/productos-y-servicios\/"},{"@type":"ListItem","position":3,"name":"Por sector","item":"https:\/\/www.stormshield.com\/es\/productos-y-servicios\/por-sector\/"},{"@type":"ListItem","position":4,"name":"Gesti\u00f3n de instalaciones y almacenes"}]},{"@type":"WebSite","@id":"https:\/\/www.stormshield.com\/es\/#website","url":"https:\/\/www.stormshield.com\/es\/","name":"Stormshield","description":"Stormshield","potentialAction":[{"@type":"SearchAction","target":{"@type":"EntryPoint","urlTemplate":"https:\/\/www.stormshield.com\/es\/?s={search_term_string}"},"query-input":{"@type":"PropertyValueSpecification","valueRequired":true,"valueName":"search_term_string"}}],"inLanguage":"es"}]}},"_links":{"self":[{"href":"https:\/\/www.stormshield.com\/es\/wp-json\/wp\/v2\/pages\/238901","targetHints":{"allow":["GET"]}}],"collection":[{"href":"https:\/\/www.stormshield.com\/es\/wp-json\/wp\/v2\/pages"}],"about":[{"href":"https:\/\/www.stormshield.com\/es\/wp-json\/wp\/v2\/types\/page"}],"author":[{"embeddable":true,"href":"https:\/\/www.stormshield.com\/es\/wp-json\/wp\/v2\/users\/31"}],"replies":[{"embeddable":true,"href":"https:\/\/www.stormshield.com\/es\/wp-json\/wp\/v2\/comments?post=238901"}],"version-history":[{"count":14,"href":"https:\/\/www.stormshield.com\/es\/wp-json\/wp\/v2\/pages\/238901\/revisions"}],"predecessor-version":[{"id":588036,"href":"https:\/\/www.stormshield.com\/es\/wp-json\/wp\/v2\/pages\/238901\/revisions\/588036"}],"up":[{"embeddable":true,"href":"https:\/\/www.stormshield.com\/es\/wp-json\/wp\/v2\/pages\/204899"}],"wp:attachment":[{"href":"https:\/\/www.stormshield.com\/es\/wp-json\/wp\/v2\/media?parent=238901"}],"curies":[{"name":"wp","href":"https:\/\/api.w.org\/{rel}","templated":true}]}}