{"id":238895,"date":"2021-09-27T15:19:08","date_gmt":"2021-09-27T14:19:08","guid":{"rendered":"https:\/\/www.stormshield.com\/productos-y-servicios\/por-sector\/critical-communication\/"},"modified":"2024-11-12T15:25:31","modified_gmt":"2024-11-12T14:25:31","slug":"comunicaciones-criticas","status":"publish","type":"page","link":"https:\/\/www.stormshield.com\/es\/productos-y-servicios\/por-sector\/comunicaciones-criticas\/","title":{"rendered":"Comunicaciones cr\u00edticas"},"content":{"rendered":"<div class=\"wpb-content-wrapper\"><p>[vc_row css_animation=\"\" row_type=\"row\" use_row_as_full_screen_section=\"no\" type=\"grid\" angled_section=\"no\" text_align=\"left\" background_image_as_pattern=\"without_pattern\" z_index=\"\" padding_top=\"50\" padding_bottom=\"50\"][vc_column][vc_empty_space][vc_column_text css=\"\"]<\/p>\n<h1 style=\"text-align: center;\"><span style=\"color: #00aaf5;\"><span style=\"font-weight: 900; font-size: 1.5em;\">Comunicaciones cr\u00edticas y ciberseguridad:<\/span><\/span><span style=\"color: #00aaf5;\"><span style=\"font-weight: 300; font-size: 1.5em;\"> equipamiento adecuado para preservar el funcionamiento<\/span><\/span><\/h1>\n<p>[\/vc_column_text][vc_empty_space][\/vc_column][\/vc_row][vc_row css_animation=\"\" row_type=\"row\" use_row_as_full_screen_section=\"no\" type=\"grid\" angled_section=\"no\" text_align=\"left\" background_image_as_pattern=\"without_pattern\" z_index=\"\" padding_top=\"50\" padding_bottom=\"50\"][vc_column][vc_row_inner row_type=\"row\" type=\"full_width\" text_align=\"left\" css_animation=\"\"][vc_column_inner width=\"2\/3\"][vc_column_text css=\"\"]<\/p>\n<h2><span style=\"color: #000; font-size: 1.2em; font-weight: 900;\">Continuidad del servicio contra viento y marea<\/span><\/h2>\n<p><span style=\"color: #000; font-size: 1.1em;\"><strong>Las redes de comunicaci\u00f3n cr\u00edticas son las que deben seguir funcionando cuando las cosas van mal. Aquellas donde la continuidad de la actividad es esencial para el buen funcionamiento del Estado y de la sociedad.<\/strong> Los servicios de emergencia, como los bomberos o la polic\u00eda, est\u00e1n entre sus principales usuarios. Servicios que deben poder comunicarse internamente pero tambi\u00e9n entre s\u00ed, para su coordinaci\u00f3n con la prefectura o una entidad gubernamental.<\/span>[\/vc_column_text][vc_empty_space][\/vc_column_inner][vc_column_inner width=\"1\/3\"][vc_empty_space][vc_single_image image=\"456877\" alignment=\"center\" css=\"\" qode_css_animation=\"\" qode_hover_animation=\"zoom_in\"][\/vc_column_inner][\/vc_row_inner][\/vc_column][\/vc_row][vc_row css_animation=\"\" row_type=\"row\" use_row_as_full_screen_section=\"no\" type=\"grid\" angled_section=\"no\" text_align=\"left\" background_image_as_pattern=\"without_pattern\" el_class=\"fond_gris\" z_index=\"\" padding_top=\"50\" padding_bottom=\"50\"][vc_column][vc_row_inner row_type=\"row\" type=\"full_width\" text_align=\"left\" css_animation=\"\"][vc_column_inner][vc_column_text css=\"\"]<\/p>\n<h2><span style=\"color: #000; font-size: 1.2em; font-weight: 900;\">Anticiparse para asegurar mejor las infraestructuras cr\u00edticas<\/span><\/h2>\n<p><span style=\"color: #000; font-size: 1.1em;\"><strong>Para lograrlo, las empresas deben contar con redes de comunicaci\u00f3n seguras en todo momento.<\/strong> Pero, especialmente con la migraci\u00f3n gradual a arquitecturas m\u00e1s modernas, complejas y eficientes que utilizan el protocolo IP, estas redes se enfrentan a m\u00faltiples riesgos ciber: intercepci\u00f3n o alteraci\u00f3n de comunicaciones cr\u00edticas; despliegue de emergencia de equipos de seguridad durante las operaciones de emergencia u otras zonas de intervenci\u00f3n estrat\u00e9gica; multiplicaci\u00f3n de sitios y usuarios distribuidos en diferentes lugares geogr\u00e1ficos como equipos y relevos de comunicaci\u00f3n.<\/span><\/p>\n<p><span style=\"color: #000; font-size: 1.1em;\"><strong>\u00bfC\u00f3mo protegerse de m\u00faltiples ataques con los m\u00e1ximos niveles de seguridad?<\/strong> En Stormshield, dise\u00f1amos soluciones tecnol\u00f3gicas que responden a tus necesidades, respetando al mismo tiempo las numerosas limitaciones reglamentarias propias del sector de las comunicaciones cr\u00edticas (Ley de programaci\u00f3n militar francesa, Directiva europea NIS y NIS2, etc.). Seg\u00fan el caso, debes ser capaz de:<\/span><\/p>\n<ul>\n<li><span style=\"color: #000; font-size: 1.1em;\">establecer canales de comunicaci\u00f3n de confianza cifrados (para garantizar la autenticaci\u00f3n, confidencialidad e integridad de los mensajes) para las operaciones sensibles;<br \/>\n<\/span><\/li>\n<li><span style=\"color: #000; font-size: 1.1em;\">garantizar al m\u00e1ximo el rendimiento y la disponibilidad de las redes para las comunicaciones de emergencia;<br \/>\n<\/span><\/li>\n<li><span style=\"color: #000; font-size: 1.1em;\">desplegar y gestionar los equipos de seguridad en una topolog\u00eda de gran envergadura, para un equipo de administradores numeroso;<br \/>\n<\/span><\/li>\n<li><span style=\"color: #000; font-size: 1.1em;\">proporcionar productos con certificaciones y credenciales de confianza;<br \/>\n<\/span><\/li>\n<li><span style=\"color: #000; font-size: 1.1em;\">aplicar equipos de seguridad operativa en cuesti\u00f3n de minutos en los lugares de los accidentes, por ejemplo, sin necesidad de desplazar expertos al lugar;<br \/>\n<\/span><\/li>\n<li><span style=\"color: #000; font-size: 1.1em;\">garantizar el mantenimiento en condiciones operativas y de seguridad (MCO\/MCS).<\/span><\/li>\n<\/ul>\n<p>[\/vc_column_text][\/vc_column_inner][\/vc_row_inner][\/vc_column][\/vc_row][vc_row css_animation=\"\" row_type=\"row\" use_row_as_full_screen_section=\"no\" type=\"grid\" angled_section=\"no\" text_align=\"left\" background_image_as_pattern=\"without_pattern\" z_index=\"\" padding_top=\"50\" padding_bottom=\"50\"][vc_column][vc_row_inner row_type=\"row\" type=\"full_width\" text_align=\"left\" css_animation=\"\"][vc_column_inner width=\"2\/3\"][vc_column_text css=\"\"]<\/p>\n<h2><span style=\"color: #000; font-size: 1.2em; font-weight: 900;\">Soluciones Stormshield adaptadas, completas y fiables<\/span><\/h2>\n<p>[\/vc_column_text][\/vc_column_inner][vc_column_inner width=\"1\/3\"][\/vc_column_inner][\/vc_row_inner][vc_row_inner row_type=\"row\" type=\"full_width\" text_align=\"left\" css_animation=\"\"][vc_column_inner width=\"2\/3\"][vc_column_text css=\"\"]<\/p>\n<h3><span style=\"color: #000; font-size: 1.1em; font-weight: 400;\">Stormshield Network Security: redimiento y disponibilidad de las redes garantizados<\/span><\/h3>\n<p><span style=\"color: #000; font-size: 1.1em;\">Nuestra gama de cortafuegos Stormshield Network Security (<strong>SNS<\/strong>) es la respuesta a tus problemas. Y una garant\u00eda de rendimiento y seguridad. Seg\u00fan la soluci\u00f3n que elijas, puedes beneficiarte de:<\/span><\/p>\n<ul>\n<li><span style=\"color: #000; font-size: 1.1em;\">la creaci\u00f3n de <strong>canales de comunicaci\u00f3n de confianza cifrados<\/strong> (VPN IPSec, protecci\u00f3n mediante TPM, etc.);<br \/>\n<\/span><\/li>\n<li><span style=\"color: #000; font-size: 1.1em;\"><strong>alta disponibilidad<\/strong>, con tiempos de conmutaci\u00f3n optimizados;<br \/>\n<\/span><\/li>\n<li><span style=\"color: #000; font-size: 1.1em;\"><strong>certificaci\u00f3n<\/strong> EAL3+\/EAL4+, <strong>cualificaci\u00f3n<\/strong> CCN y ANSSI o etiquetas Restringido OTAN y Restringido UE;<br \/>\n<\/span><\/li>\n<li><span style=\"color: #000; font-size: 1.1em;\">posible <strong>mantenimiento de hardware y software<\/strong> para ciclos largos;<br \/>\n<\/span><\/li>\n<li><span style=\"color: #000; font-size: 1.1em;\"><strong>despliegue<\/strong> de equipos de seguridad operativos en pocos minutos...<\/span><\/li>\n<\/ul>\n<p><span style=\"color: #000; font-size: 1.1em;\">\u00bfQuieres saber m\u00e1s sobre nuestras soluciones? Consulta las caracter\u00edsticas de nuestros cortafuegos Stormshield Network Security (SNS) o concierta una cita con un experto de Stormshield.<\/span>[\/vc_column_text][vc_empty_space]<a  itemprop=\"url\" href=\"https:\/\/www.stormshield.com\/es\/productos-y-servicios\/productos\/seguridad-de-red\/\" target=\"_blank\" data-hover-background-color=\"#d23467\" data-hover-border-color=\"#d23467\" class=\"qbutton  white enlarge\" style=\"border-color: #ffffff; background-color:#060051;\">Soluci\u00f3n SNS<i class=\"qode_icon_font_awesome fa fa-angle-right qode_button_icon_element\"><\/i><\/a>[vc_empty_space][\/vc_column_inner][vc_column_inner width=\"1\/3\"][vc_empty_space][vc_single_image image=\"497914\" img_size=\"large\" alignment=\"center\" onclick=\"custom_link\" img_link_target=\"_blank\" css=\"\" qode_css_animation=\"\" link=\"https:\/\/www.stormshield.com\/es\/productos-y-servicios\/productos\/seguridad-de-red\/\"][vc_empty_space height=\"12px\"][vc_single_image image=\"397495\" img_size=\"large\" alignment=\"center\" onclick=\"custom_link\" img_link_target=\"_blank\" css=\"\" qode_css_animation=\"\" link=\"https:\/\/www.stormshield.com\/es\/productos-y-servicios\/productos\/seguridad-de-red\/\"][vc_empty_space][\/vc_column_inner][\/vc_row_inner][\/vc_column][\/vc_row][vc_row css_animation=\"\" row_type=\"row\" use_row_as_full_screen_section=\"no\" type=\"grid\" angled_section=\"no\" text_align=\"left\" background_image_as_pattern=\"without_pattern\" z_index=\"\" padding_top=\"50\" padding_bottom=\"50\"][vc_column][vc_row_inner row_type=\"row\" type=\"full_width\" text_align=\"left\" css_animation=\"\" css=\".vc_custom_1713864735008{padding-top: 32px !important;padding-right: 32px !important;padding-bottom: 32px !important;padding-left: 32px !important;background-color: #f9f9f9 !important;}\"][vc_column_inner width=\"2\/3\"][vc_column_text css=\"\"]<\/p>\n<h3><span style=\"color: #000; font-size: 1.1em; font-weight: 400;\">Stormshield Endpoint Security: protecci\u00f3n garantizada de los equipos cr\u00edticos de la infraestructura<\/span><\/h3>\n<p><span style=\"color: #000; font-size: 1.1em;\">Tambi\u00e9n desarrollamos la soluci\u00f3n Stormshield Endpoint Security (SES) para una protecci\u00f3n \u00f3ptima y un control completo de las aplicaciones, los dispositivos y las conexiones de red en tus ordenadores Windows. Una protecci\u00f3n realmente endurecida, que conjuga las funciones de protecci\u00f3n de equipos (Endpoint Protection Platform, EPP) y de detecci\u00f3n de ataques (Endpoint Detection &amp; Response, EDR) para bloquear de manera proactiva los ciberataques m\u00e1s sofisticados y suministrar elementos de an\u00e1lisis posteriores. Ante la necesidad de continuidad del servicio, benef\u00edciate de la mejor protecci\u00f3n para los equipos cr\u00edticos de tu infraestructura.<\/span><\/p>\n<p><span style=\"color: #000; font-size: 1.1em;\">\u00bfTe interesa esta soluci\u00f3n de software reforzada? Descubre m\u00e1s sobre esta protecci\u00f3n resiliente para tus puestos de trabajo.<\/span>[\/vc_column_text][vc_empty_space]<a  itemprop=\"url\" href=\"https:\/\/www.stormshield.com\/es\/productos-y-servicios\/productos\/endpoint-protection\/stormshield-endpoint-security\/\" target=\"_blank\" data-hover-background-color=\"#d23467\" data-hover-border-color=\"#d23467\" class=\"qbutton  white enlarge\" style=\"border-color: #ffffff; background-color:#060051;\">Soluci\u00f3n SES<i class=\"qode_icon_font_awesome fa fa-angle-right qode_button_icon_element\"><\/i><\/a>[vc_empty_space][\/vc_column_inner][vc_column_inner width=\"1\/3\"][vc_empty_space][vc_single_image image=\"251766\" img_size=\"large\" alignment=\"center\" onclick=\"custom_link\" img_link_target=\"_blank\" css=\"\" qode_css_animation=\"\" link=\"https:\/\/www.stormshield.com\/es\/productos-y-servicios\/productos\/endpoint-protection\/stormshield-endpoint-security\/\"][vc_empty_space][\/vc_column_inner][\/vc_row_inner][\/vc_column][\/vc_row][vc_row css_animation=\"\" row_type=\"row\" use_row_as_full_screen_section=\"no\" type=\"grid\" angled_section=\"no\" text_align=\"left\" background_image_as_pattern=\"without_pattern\" z_index=\"\" padding_top=\"50\" padding_bottom=\"50\"][vc_column][vc_row_inner row_type=\"row\" type=\"full_width\" text_align=\"left\" css_animation=\"\"][vc_column_inner][vc_column_text css=\"\"]<\/p>\n<h3><span style=\"color: #000; font-size: 1.1em; font-weight: 400;\">Stormshield XDR: una oferta de XDR integrada y controlada<\/span><\/h3>\n<p><span style=\"color: #000; font-size: 1.1em;\"><strong>Con la oferta Stormshield XDR, combine eficazmente las soluciones Stormshield entre s\u00ed.<\/strong> Reciba notificaciones de incidentes a partir de an\u00e1lisis en sus endpoints, redes, archivos web y correos electr\u00f3nicos antes de gestionar la respuesta con sus distintos productos de seguridad, impulsados por una gesti\u00f3n centralizada de incidentes. Una combinaci\u00f3n ideal para alertarle en tiempo real y gestionar una respuesta r\u00e1pida y a largo plazo tanto en la red como en los puntos finales.<\/span>[\/vc_column_text][vc_empty_space]<a  itemprop=\"url\" href=\"https:\/\/www.stormshield.com\/es\/productos-y-servicios\/productos\/stormshield-xdr\/\" target=\"_blank\" data-hover-background-color=\"#d23467\" data-hover-border-color=\"#d23467\" class=\"qbutton  white enlarge\" style=\"border-color: #ffffff; background-color:#060051;\">Oferta XDR<i class=\"qode_icon_font_awesome fa fa-angle-right qode_button_icon_element\"><\/i><\/a>[vc_empty_space][\/vc_column_inner][\/vc_row_inner][\/vc_column][\/vc_row][vc_row css_animation=\"\" row_type=\"row\" use_row_as_full_screen_section=\"no\" type=\"grid\" angled_section=\"no\" text_align=\"left\" background_image_as_pattern=\"without_pattern\" z_index=\"\" background_color=\"#060051\" padding_top=\"100\" padding_bottom=\"100\"][vc_column][vc_row_inner row_type=\"row\" type=\"full_width\" text_align=\"left\" css_animation=\"\"][vc_column_inner][vc_column_text css=\"\"]<span style=\"color: #ffffff; font-size: 1.1em;\"><strong>\u00bfLos resultados?<\/strong> Las soluciones Stormshield protegen tus infraestructuras sensibles de los ciberataques. La anticipaci\u00f3n, la protecci\u00f3n, la cualificaci\u00f3n y el cumplimiento son, por tanto, los reflejos que debes adoptar para garantizar la seguridad de tus sistemas inform\u00e1ticos y operativos. <strong>Con Stormshield, puedes tener la tranquilidad de que tu red de comunicaciones ser\u00e1 eficaz en cualquier situaci\u00f3n.<\/strong> Nuestros equipos est\u00e1n a tu disposici\u00f3n para comprender las necesidades de tu red de comunicaciones y ofrecerte las soluciones m\u00e1s eficaces.<\/span>[\/vc_column_text][vc_empty_space]<a  itemprop=\"url\" href=\"https:\/\/www.stormshield.com\/es\/contacto\/equipos-comerciales\/\" target=\"_blank\" data-hover-background-color=\"#d23467\" data-hover-border-color=\"#d23467\" class=\"qbutton  white enlarge\" style=\"border-color: #ffffff; background-color:#060051;\">Contacta con un experto Stormshield<i class=\"qode_icon_font_awesome fa fa-angle-right qode_button_icon_element\"><\/i><\/a>[vc_empty_space][\/vc_column_inner][\/vc_row_inner][\/vc_column][\/vc_row]<\/p>\n<\/div>","protected":false},"excerpt":{"rendered":"<p>[vc_row css_animation=\u00bb\u00bb row_type=\u00bbrow\u00bb use_row_as_full_screen_section=\u00bbno\u00bb type=\u00bbgrid\u00bb angled_section=\u00bbno\u00bb text_align=\u00bbleft\u00bb background_image_as_pattern=\u00bbwithout_pattern\u00bb z_index=\u00bb\u00bb padding_top=\u00bb50&#8243; padding_bottom=\u00bb50&#8243;][vc_column][vc_empty_space][vc_column_text css=\u00bb\u00bb] Comunicaciones cr\u00edticas y ciberseguridad: equipamiento adecuado para preservar el funcionamiento [\/vc_column_text][vc_empty_space][\/vc_column][\/vc_row][vc_row css_animation=\u00bb\u00bb row_type=\u00bbrow\u00bb use_row_as_full_screen_section=\u00bbno\u00bb type=\u00bbgrid\u00bb angled_section=\u00bbno\u00bb text_align=\u00bbleft\u00bb background_image_as_pattern=\u00bbwithout_pattern\u00bb z_index=\u00bb\u00bb padding_top=\u00bb50&#8243; padding_bottom=\u00bb50&#8243;][vc_column][vc_row_inner row_type=\u00bbrow\u00bb type=\u00bbfull_width\u00bb text_align=\u00bbleft\u00bb css_animation=\u00bb\u00bb][vc_column_inner width=\u00bb2\/3&#8243;][vc_column_text css=\u00bb\u00bb] Continuidad del servicio contra viento y&#8230;<\/p>\n","protected":false},"author":31,"featured_media":0,"parent":204899,"menu_order":268,"comment_status":"closed","ping_status":"closed","template":"full_width.php","meta":{"_acf_changed":false,"footnotes":""},"class_list":["post-238895","page","type-page","status-publish","hentry"],"acf":[],"yoast_head":"<!-- This site is optimized with the Yoast SEO plugin v27.0 - https:\/\/yoast.com\/product\/yoast-seo-wordpress\/ -->\n<title>Ciberseguridad y comunicaciones cr\u00edticas | Stormshield<\/title>\n<meta name=\"description\" content=\"Las redes de comunicaciones cr\u00edticas necesitan la m\u00e1xima seguridad y continuidad de servicio. Una gama de productos Stormshield a su medida.\" \/>\n<meta name=\"robots\" content=\"index, follow, max-snippet:-1, max-image-preview:large, max-video-preview:-1\" \/>\n<link rel=\"canonical\" href=\"https:\/\/www.stormshield.com\/es\/productos-y-servicios\/por-sector\/comunicaciones-criticas\/\" \/>\n<meta property=\"og:locale\" content=\"es_ES\" \/>\n<meta property=\"og:type\" content=\"article\" \/>\n<meta property=\"og:title\" content=\"Ciberseguridad y comunicaciones cr\u00edticas | Stormshield\" \/>\n<meta property=\"og:description\" content=\"Las redes de comunicaciones cr\u00edticas necesitan la m\u00e1xima seguridad y continuidad de servicio. Una gama de productos Stormshield a su medida.\" \/>\n<meta property=\"og:url\" content=\"https:\/\/www.stormshield.com\/es\/productos-y-servicios\/por-sector\/comunicaciones-criticas\/\" \/>\n<meta property=\"og:site_name\" content=\"Stormshield\" \/>\n<meta property=\"article:modified_time\" content=\"2024-11-12T14:25:31+00:00\" \/>\n<meta property=\"og:image\" content=\"https:\/\/www.stormshield.com\/wp-content\/uploads\/stormshield_logo.png\" \/>\n\t<meta property=\"og:image:width\" content=\"204\" \/>\n\t<meta property=\"og:image:height\" content=\"94\" \/>\n\t<meta property=\"og:image:type\" content=\"image\/png\" \/>\n<meta name=\"twitter:card\" content=\"summary_large_image\" \/>\n<meta name=\"twitter:site\" content=\"@Stormshield\" \/>\n<meta name=\"twitter:label1\" content=\"Tiempo de lectura\" \/>\n\t<meta name=\"twitter:data1\" content=\"5 minutos\" \/>\n<script type=\"application\/ld+json\" class=\"yoast-schema-graph\">{\"@context\":\"https:\/\/schema.org\",\"@graph\":[{\"@type\":\"WebPage\",\"@id\":\"https:\/\/www.stormshield.com\/es\/productos-y-servicios\/por-sector\/comunicaciones-criticas\/\",\"url\":\"https:\/\/www.stormshield.com\/es\/productos-y-servicios\/por-sector\/comunicaciones-criticas\/\",\"name\":\"Ciberseguridad y comunicaciones cr\u00edticas | Stormshield\",\"isPartOf\":{\"@id\":\"https:\/\/www.stormshield.com\/es\/#website\"},\"datePublished\":\"2021-09-27T14:19:08+00:00\",\"dateModified\":\"2024-11-12T14:25:31+00:00\",\"description\":\"Las redes de comunicaciones cr\u00edticas necesitan la m\u00e1xima seguridad y continuidad de servicio. Una gama de productos Stormshield a su medida.\",\"breadcrumb\":{\"@id\":\"https:\/\/www.stormshield.com\/es\/productos-y-servicios\/por-sector\/comunicaciones-criticas\/#breadcrumb\"},\"inLanguage\":\"es\",\"potentialAction\":[{\"@type\":\"ReadAction\",\"target\":[\"https:\/\/www.stormshield.com\/es\/productos-y-servicios\/por-sector\/comunicaciones-criticas\/\"]}]},{\"@type\":\"BreadcrumbList\",\"@id\":\"https:\/\/www.stormshield.com\/es\/productos-y-servicios\/por-sector\/comunicaciones-criticas\/#breadcrumb\",\"itemListElement\":[{\"@type\":\"ListItem\",\"position\":1,\"name\":\"Home\",\"item\":\"https:\/\/www.stormshield.com\/es\/\"},{\"@type\":\"ListItem\",\"position\":2,\"name\":\"Productos y Soluciones\",\"item\":\"https:\/\/www.stormshield.com\/es\/productos-y-servicios\/\"},{\"@type\":\"ListItem\",\"position\":3,\"name\":\"Por sector\",\"item\":\"https:\/\/www.stormshield.com\/es\/productos-y-servicios\/por-sector\/\"},{\"@type\":\"ListItem\",\"position\":4,\"name\":\"Comunicaciones cr\u00edticas\"}]},{\"@type\":\"WebSite\",\"@id\":\"https:\/\/www.stormshield.com\/es\/#website\",\"url\":\"https:\/\/www.stormshield.com\/es\/\",\"name\":\"Stormshield\",\"description\":\"Stormshield\",\"potentialAction\":[{\"@type\":\"SearchAction\",\"target\":{\"@type\":\"EntryPoint\",\"urlTemplate\":\"https:\/\/www.stormshield.com\/es\/?s={search_term_string}\"},\"query-input\":{\"@type\":\"PropertyValueSpecification\",\"valueRequired\":true,\"valueName\":\"search_term_string\"}}],\"inLanguage\":\"es\"}]}<\/script>\n<!-- \/ Yoast SEO plugin. -->","yoast_head_json":{"title":"Ciberseguridad y comunicaciones cr\u00edticas | Stormshield","description":"Las redes de comunicaciones cr\u00edticas necesitan la m\u00e1xima seguridad y continuidad de servicio. Una gama de productos Stormshield a su medida.","robots":{"index":"index","follow":"follow","max-snippet":"max-snippet:-1","max-image-preview":"max-image-preview:large","max-video-preview":"max-video-preview:-1"},"canonical":"https:\/\/www.stormshield.com\/es\/productos-y-servicios\/por-sector\/comunicaciones-criticas\/","og_locale":"es_ES","og_type":"article","og_title":"Ciberseguridad y comunicaciones cr\u00edticas | Stormshield","og_description":"Las redes de comunicaciones cr\u00edticas necesitan la m\u00e1xima seguridad y continuidad de servicio. Una gama de productos Stormshield a su medida.","og_url":"https:\/\/www.stormshield.com\/es\/productos-y-servicios\/por-sector\/comunicaciones-criticas\/","og_site_name":"Stormshield","article_modified_time":"2024-11-12T14:25:31+00:00","og_image":[{"width":204,"height":94,"url":"https:\/\/www.stormshield.com\/wp-content\/uploads\/stormshield_logo.png","type":"image\/png"}],"twitter_card":"summary_large_image","twitter_site":"@Stormshield","twitter_misc":{"Tiempo de lectura":"5 minutos"},"schema":{"@context":"https:\/\/schema.org","@graph":[{"@type":"WebPage","@id":"https:\/\/www.stormshield.com\/es\/productos-y-servicios\/por-sector\/comunicaciones-criticas\/","url":"https:\/\/www.stormshield.com\/es\/productos-y-servicios\/por-sector\/comunicaciones-criticas\/","name":"Ciberseguridad y comunicaciones cr\u00edticas | Stormshield","isPartOf":{"@id":"https:\/\/www.stormshield.com\/es\/#website"},"datePublished":"2021-09-27T14:19:08+00:00","dateModified":"2024-11-12T14:25:31+00:00","description":"Las redes de comunicaciones cr\u00edticas necesitan la m\u00e1xima seguridad y continuidad de servicio. Una gama de productos Stormshield a su medida.","breadcrumb":{"@id":"https:\/\/www.stormshield.com\/es\/productos-y-servicios\/por-sector\/comunicaciones-criticas\/#breadcrumb"},"inLanguage":"es","potentialAction":[{"@type":"ReadAction","target":["https:\/\/www.stormshield.com\/es\/productos-y-servicios\/por-sector\/comunicaciones-criticas\/"]}]},{"@type":"BreadcrumbList","@id":"https:\/\/www.stormshield.com\/es\/productos-y-servicios\/por-sector\/comunicaciones-criticas\/#breadcrumb","itemListElement":[{"@type":"ListItem","position":1,"name":"Home","item":"https:\/\/www.stormshield.com\/es\/"},{"@type":"ListItem","position":2,"name":"Productos y Soluciones","item":"https:\/\/www.stormshield.com\/es\/productos-y-servicios\/"},{"@type":"ListItem","position":3,"name":"Por sector","item":"https:\/\/www.stormshield.com\/es\/productos-y-servicios\/por-sector\/"},{"@type":"ListItem","position":4,"name":"Comunicaciones cr\u00edticas"}]},{"@type":"WebSite","@id":"https:\/\/www.stormshield.com\/es\/#website","url":"https:\/\/www.stormshield.com\/es\/","name":"Stormshield","description":"Stormshield","potentialAction":[{"@type":"SearchAction","target":{"@type":"EntryPoint","urlTemplate":"https:\/\/www.stormshield.com\/es\/?s={search_term_string}"},"query-input":{"@type":"PropertyValueSpecification","valueRequired":true,"valueName":"search_term_string"}}],"inLanguage":"es"}]}},"_links":{"self":[{"href":"https:\/\/www.stormshield.com\/es\/wp-json\/wp\/v2\/pages\/238895","targetHints":{"allow":["GET"]}}],"collection":[{"href":"https:\/\/www.stormshield.com\/es\/wp-json\/wp\/v2\/pages"}],"about":[{"href":"https:\/\/www.stormshield.com\/es\/wp-json\/wp\/v2\/types\/page"}],"author":[{"embeddable":true,"href":"https:\/\/www.stormshield.com\/es\/wp-json\/wp\/v2\/users\/31"}],"replies":[{"embeddable":true,"href":"https:\/\/www.stormshield.com\/es\/wp-json\/wp\/v2\/comments?post=238895"}],"version-history":[{"count":14,"href":"https:\/\/www.stormshield.com\/es\/wp-json\/wp\/v2\/pages\/238895\/revisions"}],"predecessor-version":[{"id":588020,"href":"https:\/\/www.stormshield.com\/es\/wp-json\/wp\/v2\/pages\/238895\/revisions\/588020"}],"up":[{"embeddable":true,"href":"https:\/\/www.stormshield.com\/es\/wp-json\/wp\/v2\/pages\/204899"}],"wp:attachment":[{"href":"https:\/\/www.stormshield.com\/es\/wp-json\/wp\/v2\/media?parent=238895"}],"curies":[{"name":"wp","href":"https:\/\/api.w.org\/{rel}","templated":true}]}}