{"id":238878,"date":"2021-10-04T13:48:55","date_gmt":"2021-10-04T12:48:55","guid":{"rendered":"https:\/\/www.stormshield.com\/what-differentiates-us\/"},"modified":"2025-02-21T11:52:16","modified_gmt":"2025-02-21T10:52:16","slug":"nuestra-diferencia","status":"publish","type":"page","link":"https:\/\/www.stormshield.com\/es\/nuestra-diferencia\/","title":{"rendered":"Nuestra diferencia"},"content":{"rendered":"<div class=\"wpb-content-wrapper\"><p>[vc_row css_animation=\"\" row_type=\"row\" use_row_as_full_screen_section=\"no\" type=\"grid\" angled_section=\"no\" text_align=\"left\" background_image_as_pattern=\"without_pattern\" z_index=\"\" padding_top=\"50\" padding_bottom=\"50\"][vc_column][vc_empty_space][vc_column_text]<\/p>\n<h1 style=\"text-align: center;\"><span style=\"color: #00aaf5;\"><span style=\"font-weight: 300; font-size: 1.5em;\">Ciberseguridad de confianza con Stormshield para <\/span><\/span><span style=\"color: #00aaf5;\"><span style=\"font-weight: 900; font-size: 1.5em;\">construir juntos una relaci\u00f3n duradera<br \/>\n<\/span><\/span><\/h1>\n<p>[\/vc_column_text][vc_empty_space][\/vc_column][\/vc_row][vc_row css_animation=\"\" row_type=\"row\" use_row_as_full_screen_section=\"no\" type=\"grid\" angled_section=\"no\" text_align=\"left\" background_image_as_pattern=\"without_pattern\" z_index=\"\" padding_bottom=\"50\"][vc_column width=\"1\/2\"][vc_column_text]<span style=\"color: #000; font-size: 1.1em;\">Cuando eliges Stormshield, est\u00e1s eligiendo un actor de confianza para la ciberserenidad de tu negocio. Pero, \u00bfqu\u00e9 nos hace diferentes? Descubre lo que hace \u00fanico nuestro enfoque, basado en elementos como la confianza, el rigor, la proximidad y la colaboraci\u00f3n.<\/span><\/p>\n<p><span style=\"color: #000; font-size: 1.1em;\"><strong>Hay muchas soluciones de ciberseguridad, pero no todas ofrecen el mismo nivel de eficacia, solidez y \u2014lo m\u00e1s importante\u2014 confianza.<\/strong> Con estas caracter\u00edsticas, Stormshield es \u00fanico en su enfoque y su oferta y es reconocido por la calidad de sus soluciones.<\/span>[\/vc_column_text][vc_empty_space]<a  itemprop=\"url\" href=\"https:\/\/www.stormshield.com\/wp-content\/uploads\/Stormshield-ES-Corporate-Brochure.pdf\" target=\"_blank\" data-hover-background-color=\"#d23467\" data-hover-border-color=\"#ffffff\" class=\"qbutton  white enlarge\" style=\"border-color: #ffffff; background-color:#060051;\">Descargar el folleto corporativo<i class=\"qode_icon_font_awesome fa fa-angle-right qode_button_icon_element\"><\/i><\/a>[vc_empty_space][\/vc_column][vc_column width=\"1\/2\"][vc_empty_space][vc_video link=\"https:\/\/youtu.be\/302D2d1Eg84\" align=\"center\"][vc_empty_space][\/vc_column][\/vc_row][vc_row css_animation=\"\" row_type=\"row\" use_row_as_full_screen_section=\"no\" type=\"grid\" angled_section=\"no\" text_align=\"left\" background_image_as_pattern=\"without_pattern\" z_index=\"\" padding_bottom=\"50\"][vc_column width=\"1\/6\"][vc_single_image image=\"393182\" alignment=\"center\" css=\"\" qode_css_animation=\"\" qode_hover_animation=\"zoom_in\"][vc_column_text]<\/p>\n<p style=\"text-align: center;\"><span style=\"color: #000; font-size: 0.9em;\">Soluciones <strong>soberanas<\/strong><\/span><\/p>\n<p>[\/vc_column_text][\/vc_column][vc_column width=\"1\/6\"][vc_single_image image=\"456847\" alignment=\"center\" css=\"\" qode_css_animation=\"\" qode_hover_animation=\"zoom_in\"][vc_column_text]<\/p>\n<p style=\"text-align: center;\"><span style=\"color: #000; font-size: 0.9em;\">Productos <strong>certificados y cualificados<\/strong><\/span><\/p>\n<p>[\/vc_column_text][\/vc_column][vc_column width=\"1\/6\"][vc_single_image image=\"456247\" alignment=\"center\" css=\"\" qode_css_animation=\"\" qode_hover_animation=\"zoom_in\"][vc_column_text]<\/p>\n<p style=\"text-align: center;\"><span style=\"color: #000; font-size: 0.9em;\">Un ecosistema para <strong>unas soluciones integradas<\/strong><\/span><\/p>\n<p>[\/vc_column_text][\/vc_column][vc_column width=\"1\/6\"][vc_single_image image=\"456322\" alignment=\"center\" css=\"\" qode_css_animation=\"\" qode_hover_animation=\"zoom_in\"][vc_column_text]<\/p>\n<p style=\"text-align: center;\"><span style=\"color: #000; font-size: 0.9em;\">Una red de <strong>socios expertos<\/strong><\/span><\/p>\n<p>[\/vc_column_text][\/vc_column][vc_column width=\"1\/6\"][vc_single_image image=\"456592\" alignment=\"center\" css=\"\" qode_css_animation=\"\" qode_hover_animation=\"zoom_in\"][vc_column_text]<\/p>\n<p style=\"text-align: center;\"><span style=\"color: #000; font-size: 0.9em;\">Productos centrados <strong>en los usuarios<\/strong><\/span><\/p>\n<p>[\/vc_column_text][\/vc_column][vc_column width=\"1\/6\"][vc_single_image image=\"456832\" alignment=\"center\" css=\"\" qode_css_animation=\"\" qode_hover_animation=\"zoom_in\"][vc_column_text]<\/p>\n<p style=\"text-align: center;\"><span style=\"color: #000; font-size: 0.9em;\">Un servicio <strong>de atenci\u00f3n al cliente excepcional<\/strong><\/span><\/p>\n<p>[\/vc_column_text][\/vc_column][\/vc_row][vc_row css_animation=\"\" row_type=\"row\" use_row_as_full_screen_section=\"no\" type=\"grid\" angled_section=\"no\" text_align=\"left\" background_image_as_pattern=\"without_pattern\" z_index=\"\" padding_bottom=\"50\" css=\".vc_custom_1697804221509{background-color: #ffffff !important;}\" padding_top=\"50\"][vc_column][vc_row_inner row_type=\"row\" type=\"full_width\" text_align=\"left\" css_animation=\"\" background_color=\"#f9f9f9\" css=\".vc_custom_1697805785032{padding-top: 32px !important;padding-right: 32px !important;padding-bottom: 32px !important;padding-left: 32px !important;}\"][vc_column_inner][vc_column_text]<\/p>\n<h2><span style=\"color: #000; font-size: 1.2em; font-weight: 900;\">La cyber-tranquilidad est\u00e1 en sus manos<\/span><\/h2>\n<p><span style=\"color: #000; font-size: 1.1em;\">Compruebe usted mismo la diferencia de Stormshield descubriendo nuestra oferta completa. Soluciones de confianza para proteger sus redes, sus usuarios y\/o sus datos.<\/span>[\/vc_column_text][vc_empty_space]<a  itemprop=\"url\" href=\"https:\/\/www.stormshield.com\/es\/productos-y-servicios\/\" target=\"_blank\" data-hover-background-color=\"#d23467\" data-hover-border-color=\"#ffffff\" class=\"qbutton  white enlarge\" style=\"border-color: #ffffff; background-color:#060051;\">Productos<i class=\"qode_icon_font_awesome fa fa-angle-right qode_button_icon_element\"><\/i><\/a>[vc_empty_space height=\"12px\"]<a  itemprop=\"url\" href=\"https:\/\/www.stormshield.com\/es\/nuestro-apoyo\/servicios\/\" target=\"_blank\" data-hover-background-color=\"#d23467\" data-hover-border-color=\"#ffffff\" class=\"qbutton  white enlarge\" style=\"border-color: #ffffff; background-color:#060051;\">Servicios<i class=\"qode_icon_font_awesome fa fa-angle-right qode_button_icon_element\"><\/i><\/a>[vc_empty_space][\/vc_column_inner][\/vc_row_inner][\/vc_column][\/vc_row][vc_row css_animation=\"\" row_type=\"row\" use_row_as_full_screen_section=\"no\" type=\"grid\" angled_section=\"no\" text_align=\"left\" background_image_as_pattern=\"without_pattern\" z_index=\"\" padding_bottom=\"50\" padding_top=\"50\"][vc_column width=\"2\/3\"][vc_column_text]<\/p>\n<h2><span style=\"color: #000; font-size: 1.2em; font-weight: 900;\">Certificaci\u00f3n y cualificaci\u00f3n a escala europea<\/span><\/h2>\n<p><span style=\"color: #000; font-size: 1.1em;\">La confianza es una cuesti\u00f3n central en las soluciones de seguridad y protecci\u00f3n de los sistemas de informaci\u00f3n. Y la eficacia de estos productos depende de ello. Por ello, nuestras diversas ofertas y soluciones forman parte de un enfoque proactivo de transparencia.<\/span><\/p>\n<p><span style=\"color: #000; font-size: 1.1em;\">As\u00ed, estamos inmersos en un proceso continuo de cualificaci\u00f3n y certificaci\u00f3n de seguridad con las autoridades europeas competentes. Todos nuestros equipos de I+D y todos nuestros desarrollos se llevan a cabo en Francia, donde colaboramos estrechamente con la Agencia Nacional francesa de Seguridad de los Sistemas de Informaci\u00f3n, la ANSSI, en particular en lo que respecta a la revisi\u00f3n del c\u00f3digo fuente de nuestras soluciones para garantizar la ausencia de backdoors. Cuando se pusieron en marcha los visados de seguridad franceses en 2018, Stormshield se convirti\u00f3 incluso en el proveedor de confianza con la mayor cobertura de necesidades de seguridad. <strong>En Espa\u00f1a, nos hemos convertido en el \u00fanico proveedor de cortafuegos que ha obtenido las calificaciones espa\u00f1olas de \u00abProducto CCN Aprobado\u00bb y \u00abProducto CCN Cualificado\u00bb, expedidas por el Centro Criptol\u00f3gico Nacional (CCN).<\/strong><\/span>[\/vc_column_text][vc_empty_space]<a  itemprop=\"url\" href=\"https:\/\/www.stormshield.com\/es\/productos-certificados-y-cualificados\/\" target=\"_blank\" data-hover-background-color=\"#d23467\" data-hover-border-color=\"#ffffff\" class=\"qbutton  white enlarge\" style=\"border-color: #ffffff; background-color:#060051;\">Los productos Stormshield certificados y cualificados<i class=\"qode_icon_font_awesome fa fa-angle-right qode_button_icon_element\"><\/i><\/a>[vc_empty_space][\/vc_column][vc_column width=\"1\/3\" css=\".vc_custom_1697803119835{padding-top: 24px !important;padding-right: 24px !important;padding-bottom: 24px !important;padding-left: 24px !important;background-color: #060051 !important;}\"][vc_column_text]<span style=\"color: #ffffff; font-size: 1.1em;\">Al mismo tiempo, el desarrollo de nuestros productos y soluciones se basa en los m\u00e1s altos requisitos de seguridad a nivel europeo. Nuestros productos y soluciones Stormshield se benefician de etiquetas como Producto Aprobado, Producto Cualificado, Common Criteria EAL3+ y EAL4+, certificaciones de seguridad de primer nivel (CSPN), calificaci\u00f3n ANSSI Standard, la Diffusion Restreinte (DR), NATO Restricted, clasificaci\u00f3n EU Restricted y la etiqueta Cybersecurity - Made in Europe.<\/span>[\/vc_column_text][vc_empty_space][\/vc_column][\/vc_row][vc_row css_animation=\"\" row_type=\"row\" use_row_as_full_screen_section=\"no\" type=\"grid\" angled_section=\"no\" text_align=\"left\" background_image_as_pattern=\"without_pattern\" z_index=\"\" padding_bottom=\"50\" css=\".vc_custom_1697804221509{background-color: #ffffff !important;}\" padding_top=\"50\"][vc_column][vc_row_inner row_type=\"row\" type=\"full_width\" text_align=\"left\" css_animation=\"\" background_color=\"#f9f9f9\" css=\".vc_custom_1697805747463{padding-top: 32px !important;padding-right: 32px !important;padding-bottom: 32px !important;padding-left: 32px !important;}\"][vc_column_inner width=\"2\/3\"][vc_column_text]<\/p>\n<h2><span style=\"color: #000; font-size: 1.2em; font-weight: 900;\">Un enfoque basado en la proximidad<\/span><\/h2>\n<p><span style=\"color: #000; font-size: 1.1em;\">Nuestros equipos se desviven por ti. Nuestras ofertas y soluciones certificadas y cualificadas se despliegan en empresas, infraestructuras industriales, instituciones gubernamentales y organizaciones de defensa <strong>a trav\u00e9s de una amplia red de m\u00e1s de 800 socios distribuidores y revendedores presentes en m\u00e1s de 40 pa\u00edses.<\/strong> Esto nos permite poner en pr\u00e1ctica nuestro lema: \u00ab<em>Pensar a escala mundial y actuar a escala local<\/em>\u00bb.<\/span><\/p>\n<p><span style=\"color: #000; font-size: 1.1em;\">Gracias a los intercambios diarios promovidos por el equipo Channel, se crea una gran cercan\u00eda con nuestros socios. Y es gracias a tambi\u00e9n a las acciones implementadas con estos socios para estar cerca de nuestros clientes y acompa\u00f1arlos en sus reflexiones.<\/span>[\/vc_column_text][vc_empty_space]<a  itemprop=\"url\" href=\"https:\/\/www.stormshield.com\/es\/nuestro-apoyo\/\" target=\"_blank\" data-hover-background-color=\"#d23467\" data-hover-border-color=\"#ffffff\" class=\"qbutton  white enlarge\" style=\"border-color: #ffffff; background-color:#060051;\">Apoyo de Stormshield<i class=\"qode_icon_font_awesome fa fa-angle-right qode_button_icon_element\"><\/i><\/a>[vc_empty_space][\/vc_column_inner][vc_column_inner width=\"1\/3\"][vc_single_image image=\"456322\" img_size=\"medium\" css=\"\" qode_css_animation=\"\" qode_hover_animation=\"zoom_in\"][\/vc_column_inner][\/vc_row_inner][\/vc_column][\/vc_row]<\/p>\n<\/div>","protected":false},"excerpt":{"rendered":"<p>[vc_row css_animation=\u00bb\u00bb row_type=\u00bbrow\u00bb use_row_as_full_screen_section=\u00bbno\u00bb type=\u00bbgrid\u00bb angled_section=\u00bbno\u00bb text_align=\u00bbleft\u00bb background_image_as_pattern=\u00bbwithout_pattern\u00bb z_index=\u00bb\u00bb padding_top=\u00bb50&#8243; padding_bottom=\u00bb50&#8243;][vc_column][vc_empty_space][vc_column_text] Ciberseguridad de confianza con Stormshield para construir juntos una relaci\u00f3n duradera [\/vc_column_text][vc_empty_space][\/vc_column][\/vc_row][vc_row css_animation=\u00bb\u00bb row_type=\u00bbrow\u00bb use_row_as_full_screen_section=\u00bbno\u00bb type=\u00bbgrid\u00bb angled_section=\u00bbno\u00bb text_align=\u00bbleft\u00bb background_image_as_pattern=\u00bbwithout_pattern\u00bb z_index=\u00bb\u00bb padding_bottom=\u00bb50&#8243;][vc_column width=\u00bb1\/2&#8243;][vc_column_text]Cuando eliges Stormshield, est\u00e1s eligiendo un actor de confianza para la ciberserenidad de&#8230;<\/p>\n","protected":false},"author":31,"featured_media":0,"parent":0,"menu_order":347,"comment_status":"closed","ping_status":"closed","template":"full_width.php","meta":{"_acf_changed":false,"footnotes":""},"class_list":["post-238878","page","type-page","status-publish","hentry"],"acf":[],"yoast_head":"<!-- This site is optimized with the Yoast SEO plugin v27.3 - https:\/\/yoast.com\/product\/yoast-seo-wordpress\/ -->\n<title>Soluciones de ciberseguridad de confianza | Stormshield<\/title>\n<meta name=\"description\" content=\"Cuando elige Stormshield, est\u00e1 trabajando con un actor de confianza para hacer que su negocio sea ciberseguro: descubra qu\u00e9 nos hace diferentes.\" \/>\n<meta name=\"robots\" content=\"index, follow, max-snippet:-1, max-image-preview:large, max-video-preview:-1\" \/>\n<link rel=\"canonical\" href=\"https:\/\/www.stormshield.com\/es\/nuestra-diferencia\/\" \/>\n<meta property=\"og:locale\" content=\"es_ES\" \/>\n<meta property=\"og:type\" content=\"article\" \/>\n<meta property=\"og:title\" content=\"Soluciones de ciberseguridad de confianza | Stormshield\" \/>\n<meta property=\"og:description\" content=\"Cuando elige Stormshield, est\u00e1 trabajando con un actor de confianza para hacer que su negocio sea ciberseguro: descubra qu\u00e9 nos hace diferentes.\" \/>\n<meta property=\"og:url\" content=\"https:\/\/www.stormshield.com\/es\/nuestra-diferencia\/\" \/>\n<meta property=\"og:site_name\" content=\"Stormshield\" \/>\n<meta property=\"article:modified_time\" content=\"2025-02-21T10:52:16+00:00\" \/>\n<meta property=\"og:image\" content=\"https:\/\/www.stormshield.com\/wp-content\/uploads\/stormshield_logo.png\" \/>\n\t<meta property=\"og:image:width\" content=\"204\" \/>\n\t<meta property=\"og:image:height\" content=\"94\" \/>\n\t<meta property=\"og:image:type\" content=\"image\/png\" \/>\n<meta name=\"twitter:card\" content=\"summary_large_image\" \/>\n<meta name=\"twitter:site\" content=\"@Stormshield\" \/>\n<meta name=\"twitter:label1\" content=\"Tiempo de lectura\" \/>\n\t<meta name=\"twitter:data1\" content=\"5 minutos\" \/>\n<script type=\"application\/ld+json\" class=\"yoast-schema-graph\">{\"@context\":\"https:\\\/\\\/schema.org\",\"@graph\":[{\"@type\":\"WebPage\",\"@id\":\"https:\\\/\\\/www.stormshield.com\\\/es\\\/nuestra-diferencia\\\/\",\"url\":\"https:\\\/\\\/www.stormshield.com\\\/es\\\/nuestra-diferencia\\\/\",\"name\":\"Soluciones de ciberseguridad de confianza | Stormshield\",\"isPartOf\":{\"@id\":\"https:\\\/\\\/www.stormshield.com\\\/es\\\/#website\"},\"datePublished\":\"2021-10-04T12:48:55+00:00\",\"dateModified\":\"2025-02-21T10:52:16+00:00\",\"description\":\"Cuando elige Stormshield, est\u00e1 trabajando con un actor de confianza para hacer que su negocio sea ciberseguro: descubra qu\u00e9 nos hace diferentes.\",\"breadcrumb\":{\"@id\":\"https:\\\/\\\/www.stormshield.com\\\/es\\\/nuestra-diferencia\\\/#breadcrumb\"},\"inLanguage\":\"es\",\"potentialAction\":[{\"@type\":\"ReadAction\",\"target\":[\"https:\\\/\\\/www.stormshield.com\\\/es\\\/nuestra-diferencia\\\/\"]}]},{\"@type\":\"BreadcrumbList\",\"@id\":\"https:\\\/\\\/www.stormshield.com\\\/es\\\/nuestra-diferencia\\\/#breadcrumb\",\"itemListElement\":[{\"@type\":\"ListItem\",\"position\":1,\"name\":\"Home\",\"item\":\"https:\\\/\\\/www.stormshield.com\\\/es\\\/\"},{\"@type\":\"ListItem\",\"position\":2,\"name\":\"Nuestra diferencia\"}]},{\"@type\":\"WebSite\",\"@id\":\"https:\\\/\\\/www.stormshield.com\\\/es\\\/#website\",\"url\":\"https:\\\/\\\/www.stormshield.com\\\/es\\\/\",\"name\":\"Stormshield\",\"description\":\"Stormshield\",\"potentialAction\":[{\"@type\":\"SearchAction\",\"target\":{\"@type\":\"EntryPoint\",\"urlTemplate\":\"https:\\\/\\\/www.stormshield.com\\\/es\\\/?s={search_term_string}\"},\"query-input\":{\"@type\":\"PropertyValueSpecification\",\"valueRequired\":true,\"valueName\":\"search_term_string\"}}],\"inLanguage\":\"es\"}]}<\/script>\n<!-- \/ Yoast SEO plugin. -->","yoast_head_json":{"title":"Soluciones de ciberseguridad de confianza | Stormshield","description":"Cuando elige Stormshield, est\u00e1 trabajando con un actor de confianza para hacer que su negocio sea ciberseguro: descubra qu\u00e9 nos hace diferentes.","robots":{"index":"index","follow":"follow","max-snippet":"max-snippet:-1","max-image-preview":"max-image-preview:large","max-video-preview":"max-video-preview:-1"},"canonical":"https:\/\/www.stormshield.com\/es\/nuestra-diferencia\/","og_locale":"es_ES","og_type":"article","og_title":"Soluciones de ciberseguridad de confianza | Stormshield","og_description":"Cuando elige Stormshield, est\u00e1 trabajando con un actor de confianza para hacer que su negocio sea ciberseguro: descubra qu\u00e9 nos hace diferentes.","og_url":"https:\/\/www.stormshield.com\/es\/nuestra-diferencia\/","og_site_name":"Stormshield","article_modified_time":"2025-02-21T10:52:16+00:00","og_image":[{"width":204,"height":94,"url":"https:\/\/www.stormshield.com\/wp-content\/uploads\/stormshield_logo.png","type":"image\/png"}],"twitter_card":"summary_large_image","twitter_site":"@Stormshield","twitter_misc":{"Tiempo de lectura":"5 minutos"},"schema":{"@context":"https:\/\/schema.org","@graph":[{"@type":"WebPage","@id":"https:\/\/www.stormshield.com\/es\/nuestra-diferencia\/","url":"https:\/\/www.stormshield.com\/es\/nuestra-diferencia\/","name":"Soluciones de ciberseguridad de confianza | Stormshield","isPartOf":{"@id":"https:\/\/www.stormshield.com\/es\/#website"},"datePublished":"2021-10-04T12:48:55+00:00","dateModified":"2025-02-21T10:52:16+00:00","description":"Cuando elige Stormshield, est\u00e1 trabajando con un actor de confianza para hacer que su negocio sea ciberseguro: descubra qu\u00e9 nos hace diferentes.","breadcrumb":{"@id":"https:\/\/www.stormshield.com\/es\/nuestra-diferencia\/#breadcrumb"},"inLanguage":"es","potentialAction":[{"@type":"ReadAction","target":["https:\/\/www.stormshield.com\/es\/nuestra-diferencia\/"]}]},{"@type":"BreadcrumbList","@id":"https:\/\/www.stormshield.com\/es\/nuestra-diferencia\/#breadcrumb","itemListElement":[{"@type":"ListItem","position":1,"name":"Home","item":"https:\/\/www.stormshield.com\/es\/"},{"@type":"ListItem","position":2,"name":"Nuestra diferencia"}]},{"@type":"WebSite","@id":"https:\/\/www.stormshield.com\/es\/#website","url":"https:\/\/www.stormshield.com\/es\/","name":"Stormshield","description":"Stormshield","potentialAction":[{"@type":"SearchAction","target":{"@type":"EntryPoint","urlTemplate":"https:\/\/www.stormshield.com\/es\/?s={search_term_string}"},"query-input":{"@type":"PropertyValueSpecification","valueRequired":true,"valueName":"search_term_string"}}],"inLanguage":"es"}]}},"_links":{"self":[{"href":"https:\/\/www.stormshield.com\/es\/wp-json\/wp\/v2\/pages\/238878","targetHints":{"allow":["GET"]}}],"collection":[{"href":"https:\/\/www.stormshield.com\/es\/wp-json\/wp\/v2\/pages"}],"about":[{"href":"https:\/\/www.stormshield.com\/es\/wp-json\/wp\/v2\/types\/page"}],"author":[{"embeddable":true,"href":"https:\/\/www.stormshield.com\/es\/wp-json\/wp\/v2\/users\/31"}],"replies":[{"embeddable":true,"href":"https:\/\/www.stormshield.com\/es\/wp-json\/wp\/v2\/comments?post=238878"}],"version-history":[{"count":26,"href":"https:\/\/www.stormshield.com\/es\/wp-json\/wp\/v2\/pages\/238878\/revisions"}],"predecessor-version":[{"id":617584,"href":"https:\/\/www.stormshield.com\/es\/wp-json\/wp\/v2\/pages\/238878\/revisions\/617584"}],"wp:attachment":[{"href":"https:\/\/www.stormshield.com\/es\/wp-json\/wp\/v2\/media?parent=238878"}],"curies":[{"name":"wp","href":"https:\/\/api.w.org\/{rel}","templated":true}]}}