{"id":238861,"date":"2021-09-20T14:56:41","date_gmt":"2021-09-20T13:56:41","guid":{"rendered":"https:\/\/www.stormshield.com\/productos-y-servicios\/productos\/operational-protection\/"},"modified":"2024-12-02T15:29:17","modified_gmt":"2024-12-02T14:29:17","slug":"proteccion-operacional","status":"publish","type":"page","link":"https:\/\/www.stormshield.com\/es\/productos-y-servicios\/productos\/proteccion-operacional\/","title":{"rendered":"Protecci\u00f3n operacional"},"content":{"rendered":"<div class=\"wpb-content-wrapper\"><p>[vc_row css_animation=\"\" row_type=\"row\" use_row_as_full_screen_section=\"no\" type=\"grid\" angled_section=\"no\" text_align=\"left\" background_image_as_pattern=\"without_pattern\" z_index=\"\" padding_top=\"50\" padding_bottom=\"50\"][vc_column][vc_column_text css=\"\"]<\/p>\n<h1 style=\"text-align: center;\"><span style=\"color: #00aaf5;\"><span style=\"font-weight: 900; font-size: 1.5em;\">Ciberseguridad industrial y protecci\u00f3n OT:<\/span><\/span><span style=\"color: #00aaf5;\"><span style=\"font-weight: 300; font-size: 1.5em;\"> un m\u00e9todo global de Stormshield<\/span><\/span><\/h1>\n<p>[\/vc_column_text][\/vc_column][\/vc_row][vc_row css_animation=\"\" row_type=\"row\" use_row_as_full_screen_section=\"no\" type=\"grid\" angled_section=\"no\" text_align=\"left\" background_image_as_pattern=\"without_pattern\" z_index=\"\" padding_top=\"50\" padding_bottom=\"50\"][vc_column][vc_row_inner row_type=\"row\" type=\"full_width\" text_align=\"left\" css_animation=\"\"][vc_column_inner width=\"2\/3\"][vc_column_text css=\"\"]<span style=\"color: #000; font-size: 1.1em;\"><strong>Para hacer frente a las ciberamenazas que pesan sobre las redes operativas (OT), que se est\u00e1n acelerando con el despliegue de la Industria 4.0 y Industria 5.0 (Cloud, Big Data, 5G, IoT), Stormshield recomienda un enfoque \u00fanico e integral.<\/strong> El objetivo es garantizar el buen funcionamiento de las redes y la continuidad de la actividad en todos los sectores: energ\u00eda, transporte, industria, sanidad, etc.<\/span>[\/vc_column_text][vc_empty_space][\/vc_column_inner][vc_column_inner width=\"1\/3\"][vc_single_image image=\"456872\" alignment=\"center\" css=\"\" qode_css_animation=\"\" qode_hover_animation=\"zoom_in\"][vc_empty_space][\/vc_column_inner][\/vc_row_inner][\/vc_column][\/vc_row][vc_row css_animation=\"\" row_type=\"row\" use_row_as_full_screen_section=\"no\" type=\"grid\" angled_section=\"no\" text_align=\"left\" background_image_as_pattern=\"without_pattern\" z_index=\"\" padding_bottom=\"50\" padding_top=\"50\"][vc_column][vc_row_inner row_type=\"row\" type=\"full_width\" text_align=\"left\" css_animation=\"\" css=\".vc_custom_1716896100163{padding-top: 32px !important;padding-right: 32px !important;padding-bottom: 32px !important;padding-left: 32px !important;background-color: #f9f9f9 !important;}\"][vc_column_inner width=\"1\/2\"][vc_column_text css=\"\"]<\/p>\n<h2><span style=\"color: #000; font-size: 1.2em; font-weight: 900;\">Crecientes ciberamenazas a las OT<\/span><\/h2>\n<p><span style=\"color: #000; font-size: 1.1em;\">Con la digitalizaci\u00f3n y la automatizaci\u00f3n de los procesos, las redes operativas (OT) est\u00e1n cada vez m\u00e1s abiertas y conectadas a Internet, lo que conduce a una convergencia de las infraestructuras de IT y OT. En consecuencia, <strong>las empresas que gestionan sistemas industriales se enfrentan a mayores riesgos en materia de ciberseguridad industrial: espionaje, sabotaje, alteraci\u00f3n de datos, etc. Y su superficie de ataque aumenta con un riesgo importante: el cese total de su producci\u00f3n.<\/strong><\/span><\/p>\n<p><span style=\"color: #000; font-size: 1.1em;\">Se trata de una llamada de atenci\u00f3n sobre la importancia de proteger las infraestructuras cr\u00edticas y de una ciberseguridad industrial eficaz.<\/span>[\/vc_column_text][vc_empty_space][\/vc_column_inner][vc_column_inner width=\"1\/2\"][vc_empty_space][vc_single_image image=\"252900\" img_size=\"large\" alignment=\"center\" css=\"\" qode_css_animation=\"\" qode_hover_animation=\"zoom_in\"][vc_empty_space][\/vc_column_inner][\/vc_row_inner][\/vc_column][\/vc_row][vc_row css_animation=\"\" row_type=\"row\" use_row_as_full_screen_section=\"no\" type=\"grid\" angled_section=\"no\" text_align=\"left\" background_image_as_pattern=\"without_pattern\" z_index=\"\" padding_top=\"50\" padding_bottom=\"50\" css=\".vc_custom_1716896629849{background-color: #060051 !important;}\"][vc_column][vc_row_inner row_type=\"row\" type=\"full_width\" text_align=\"left\" css_animation=\"\"][vc_column_inner width=\"2\/3\"][vc_column_text css=\"\"]<\/p>\n<h2><span style=\"font-size: 1.2em; font-weight: 900; color: #ffffff;\">Detecta las amenazas y protege tus actividades industriales con Stormshield<\/span><\/h2>\n<p><span style=\"font-size: 1.1em; color: #ffffff;\">Stormshield, comprometida con la ciberseguridad industrial. En este contexto, <strong>Stormshield ofrece un enfoque global para asegurar toda la cadena operativa, garantizando la disponibilidad, la integridad y el correcto funcionamiento de los procesos operativos y para permitir la continuidad de la actividad.<\/strong> Este enfoque se basa en un mix de seguridad: protecci\u00f3n de la red, de los ordenadores y servidores, interoperabilidad, supervisi\u00f3n y gesti\u00f3n de redes. Se basa en una combinaci\u00f3n \u00fanica de soluciones de protecci\u00f3n dedicadas a las IT y OT.<\/span><\/p>\n<p>[\/vc_column_text][vc_empty_space]<a  itemprop=\"url\" href=\"https:\/\/www.stormshield.com\/wp-content\/uploads\/SNS-ES-Security-Solutions-for-Industrial-Brochure.pdf\" target=\"_blank\" data-hover-background-color=\"#00aeef\" data-hover-border-color=\"#00aeef\" class=\"qbutton  white enlarge\" style=\"border-color: #ffffff; background-color:#060051;\">Descargar el folleto de Stormshield<i class=\"qode_icon_font_awesome fa fa-download qode_button_icon_element\"><\/i><\/a>[vc_empty_space height=\"12px\"]<a  itemprop=\"url\" href=\"https:\/\/www.stormshield.com\/es\/productos-y-servicios\/productos\/proteccion-operacional\/nuestras-caracteristicas\/\" target=\"_blank\" data-hover-background-color=\"#00aeef\" data-hover-border-color=\"#00aeef\" class=\"qbutton  white enlarge\" style=\"border-color: #ffffff; background-color:#060051;\">Descubrir las caracter\u00edsticas de las soluciones Stormshield<i class=\"qode_icon_font_awesome fa fa-angle-right qode_button_icon_element\"><\/i><\/a>[vc_empty_space height=\"12px\"]<a  itemprop=\"url\" href=\"https:\/\/www.stormshield.com\/es\/productos-y-servicios\/productos\/proteccion-operacional\/gama-de-productos\/\" target=\"_blank\" data-hover-background-color=\"#00aeef\" data-hover-border-color=\"#00aeef\" class=\"qbutton  white enlarge\" style=\"border-color: #ffffff; background-color:#060051;\">Descubrir los cortafuegos industriales Stormshield<i class=\"qode_icon_font_awesome fa fa-angle-right qode_button_icon_element\"><\/i><\/a>[vc_empty_space][\/vc_column_inner][vc_column_inner width=\"1\/3\"][vc_single_image image=\"195467\" img_size=\"large\" alignment=\"center\" onclick=\"custom_link\" img_link_target=\"_blank\" css=\"\" qode_css_animation=\"\" qode_hover_animation=\"zoom_in\" link=\"https:\/\/www.stormshield.com\/es\/productos-y-servicios\/productos\/proteccion-operacional\/gama-de-productos\/\"][vc_single_image image=\"195497\" img_size=\"large\" alignment=\"center\" onclick=\"custom_link\" img_link_target=\"_blank\" css=\"\" qode_css_animation=\"\" qode_hover_animation=\"zoom_in\" link=\"https:\/\/www.stormshield.com\/es\/productos-y-servicios\/productos\/proteccion-operacional\/gama-de-productos\/\"][\/vc_column_inner][\/vc_row_inner][\/vc_column][\/vc_row][vc_row css_animation=\"\" row_type=\"row\" use_row_as_full_screen_section=\"no\" type=\"grid\" angled_section=\"no\" text_align=\"left\" background_image_as_pattern=\"without_pattern\" z_index=\"\" padding_bottom=\"50\" padding_top=\"50\"][vc_column][vc_row_inner row_type=\"row\" type=\"full_width\" text_align=\"left\" css_animation=\"\" css=\".vc_custom_1716896100163{padding-top: 32px !important;padding-right: 32px !important;padding-bottom: 32px !important;padding-left: 32px !important;background-color: #f9f9f9 !important;}\"][vc_column_inner width=\"2\/3\"][vc_column_text css=\"\"]<\/p>\n<h2><span style=\"color: #000; font-size: 1.2em; font-weight: 900;\">Conozca la norma IEC 62443 y la certificaci\u00f3n<\/span><\/h2>\n<p><span style=\"color: #000; font-size: 1.1em;\"><strong>La rama de certificaci\u00f3n IEC 62443-4 certifica que un producto (hardware, componente o sistema) cumple los requisitos descritos en la parte 62443-4 de la norma IEC 62443.<\/strong> Por lo tanto, esta rama se refiere a los productos que se despliegan y utilizan en los sistemas de automatizaci\u00f3n y control industrial. M\u00e1s detalladamente, la parte IEC 62443-4-1 de la norma especifica los requisitos para garantizar un ciclo de vida de desarrollo seguro. El principal objetivo de estos requisitos es proporcionar un marco para adoptar un enfoque de seguridad y defensa en profundidad en el dise\u00f1o, la construcci\u00f3n, el mantenimiento y la retirada de productos utilizados en sistemas de automatizaci\u00f3n y control industrial.<\/span><\/p>\n<p><span style=\"color: #000; font-size: 1.1em;\"><strong>Las tres gamas de productos Stormshield cumplen las reglas de seguridad de los requisitos fundamentales de la norma.<\/strong> Ayudan a los sistemas de automatizaci\u00f3n y control industrial a cumplir la norma IEC 62443 proporcionando protecci\u00f3n perimetral, protecci\u00f3n del puesto de trabajo y protecci\u00f3n de datos de extremo a extremo. Obtenga m\u00e1s informaci\u00f3n en nuestro libro blanco sobre el tema.<\/span>[\/vc_column_text][vc_empty_space]<a  itemprop=\"url\" href=\"https:\/\/www.stormshield.com\/es\/ressourcescenter\/libro-blanco-todo-lo-que-necesita-saber-sobre-la-norma-iec-62443-para-mejorar-la-proteccion-de-su-sistema-operativo\/\" target=\"_blank\" data-hover-background-color=\"#00aeef\" data-hover-border-color=\"#00aeef\" class=\"qbutton  white enlarge\" style=\"border-color: #ffffff; background-color:#060051;\">Descargar nuestro libro blanco<i class=\"qode_icon_font_awesome fa fa-download qode_button_icon_element\"><\/i><\/a>[vc_empty_space][\/vc_column_inner][vc_column_inner width=\"1\/3\"][vc_empty_space][vc_single_image image=\"592136\" img_size=\"large\" alignment=\"center\" onclick=\"custom_link\" img_link_target=\"_blank\" css=\"\" qode_css_animation=\"\" qode_hover_animation=\"zoom_in\" link=\"https:\/\/www.stormshield.com\/es\/ressourcescenter\/libro-blanco-todo-lo-que-necesita-saber-sobre-la-norma-iec-62443-para-mejorar-la-proteccion-de-su-sistema-operativo\/\"][vc_empty_space][\/vc_column_inner][\/vc_row_inner][\/vc_column][\/vc_row][vc_row css_animation=\"\" row_type=\"row\" use_row_as_full_screen_section=\"no\" type=\"grid\" angled_section=\"no\" text_align=\"left\" background_image_as_pattern=\"without_pattern\" z_index=\"\" padding_top=\"50\" padding_bottom=\"50\"][vc_column][vc_row_inner row_type=\"row\" type=\"full_width\" text_align=\"left\" css_animation=\"\"][vc_column_inner width=\"1\/2\"][vc_column_text css=\"\"]<\/p>\n<h2><span style=\"color: #000; font-size: 1.2em; font-weight: 900;\">Un ecosistema de socios tecnol\u00f3gicos<\/span><\/h2>\n<p><span style=\"color: #000; font-size: 1.1em;\">Para luchar contra las ciberamenazas, nos centramos en el intercambio y la colaboraci\u00f3n. En este contexto, colaboramos con numerosos actores industriales franceses e internacionales (Nozomi Networks, Schneider Electric, Seclab, Siemens o incluso Yokogawa) <strong>con los que hemos establecido asociaciones de confianza para proteger la industria del futuro.<\/strong><\/span>[\/vc_column_text][vc_empty_space]<a  itemprop=\"url\" href=\"https:\/\/www.stormshield.com\/es\/acerca-de-nosotros\/ecosistema-de-socios-tecnologicos\/\" target=\"_blank\" data-hover-background-color=\"#00aeef\" data-hover-border-color=\"#00aeef\" class=\"qbutton  white enlarge\" style=\"border-color: #ffffff; background-color:#060051;\">Descubrir nuestro ecosistema<i class=\"qode_icon_font_awesome fa fa-angle-right qode_button_icon_element\"><\/i><\/a>[vc_empty_space][\/vc_column_inner][vc_column_inner width=\"1\/2\"][vc_empty_space][vc_video link=\"https:\/\/youtu.be\/l6mod0aHe38\" align=\"center\"][\/vc_column_inner][\/vc_row_inner][\/vc_column][\/vc_row]<\/p>\n<\/div>","protected":false},"excerpt":{"rendered":"<p>[vc_row css_animation=\u00bb\u00bb row_type=\u00bbrow\u00bb use_row_as_full_screen_section=\u00bbno\u00bb type=\u00bbgrid\u00bb angled_section=\u00bbno\u00bb text_align=\u00bbleft\u00bb background_image_as_pattern=\u00bbwithout_pattern\u00bb z_index=\u00bb\u00bb padding_top=\u00bb50&#8243; padding_bottom=\u00bb50&#8243;][vc_column][vc_column_text css=\u00bb\u00bb] Ciberseguridad industrial y protecci\u00f3n OT: un m\u00e9todo global de Stormshield [\/vc_column_text][\/vc_column][\/vc_row][vc_row css_animation=\u00bb\u00bb row_type=\u00bbrow\u00bb use_row_as_full_screen_section=\u00bbno\u00bb type=\u00bbgrid\u00bb angled_section=\u00bbno\u00bb text_align=\u00bbleft\u00bb background_image_as_pattern=\u00bbwithout_pattern\u00bb z_index=\u00bb\u00bb padding_top=\u00bb50&#8243; padding_bottom=\u00bb50&#8243;][vc_column][vc_row_inner row_type=\u00bbrow\u00bb type=\u00bbfull_width\u00bb text_align=\u00bbleft\u00bb css_animation=\u00bb\u00bb][vc_column_inner width=\u00bb2\/3&#8243;][vc_column_text css=\u00bb\u00bb]Para hacer frente a las ciberamenazas que&#8230;<\/p>\n","protected":false},"author":31,"featured_media":0,"parent":204957,"menu_order":278,"comment_status":"closed","ping_status":"closed","template":"full_width.php","meta":{"_acf_changed":false,"footnotes":""},"class_list":["post-238861","page","type-page","status-publish","hentry"],"acf":[],"yoast_head":"<!-- This site is optimized with the Yoast SEO plugin v27.0 - https:\/\/yoast.com\/product\/yoast-seo-wordpress\/ -->\n<title>Ciberseguridad industrial y protecci\u00f3n OT | Stormshield<\/title>\n<meta name=\"description\" content=\"Los cortafuegos industriales de Stormshield garantizan el correcto funcionamiento de las redes y la continuidad de la actividad en el sector industrial.\" \/>\n<meta name=\"robots\" content=\"index, follow, max-snippet:-1, max-image-preview:large, max-video-preview:-1\" \/>\n<link rel=\"canonical\" href=\"https:\/\/www.stormshield.com\/es\/productos-y-servicios\/productos\/proteccion-operacional\/\" \/>\n<meta property=\"og:locale\" content=\"es_ES\" \/>\n<meta property=\"og:type\" content=\"article\" \/>\n<meta property=\"og:title\" content=\"Ciberseguridad industrial y protecci\u00f3n OT | Stormshield\" \/>\n<meta property=\"og:description\" content=\"Los cortafuegos industriales de Stormshield garantizan el correcto funcionamiento de las redes y la continuidad de la actividad en el sector industrial.\" \/>\n<meta property=\"og:url\" content=\"https:\/\/www.stormshield.com\/es\/productos-y-servicios\/productos\/proteccion-operacional\/\" \/>\n<meta property=\"og:site_name\" content=\"Stormshield\" \/>\n<meta property=\"article:modified_time\" content=\"2024-12-02T14:29:17+00:00\" \/>\n<meta property=\"og:image\" content=\"https:\/\/www.stormshield.com\/wp-content\/uploads\/stormshield_logo.png\" \/>\n\t<meta property=\"og:image:width\" content=\"204\" \/>\n\t<meta property=\"og:image:height\" content=\"94\" \/>\n\t<meta property=\"og:image:type\" content=\"image\/png\" \/>\n<meta name=\"twitter:card\" content=\"summary_large_image\" \/>\n<meta name=\"twitter:site\" content=\"@Stormshield\" \/>\n<meta name=\"twitter:label1\" content=\"Tiempo de lectura\" \/>\n\t<meta name=\"twitter:data1\" content=\"5 minutos\" \/>\n<script type=\"application\/ld+json\" class=\"yoast-schema-graph\">{\"@context\":\"https:\/\/schema.org\",\"@graph\":[{\"@type\":\"WebPage\",\"@id\":\"https:\/\/www.stormshield.com\/es\/productos-y-servicios\/productos\/proteccion-operacional\/\",\"url\":\"https:\/\/www.stormshield.com\/es\/productos-y-servicios\/productos\/proteccion-operacional\/\",\"name\":\"Ciberseguridad industrial y protecci\u00f3n OT | Stormshield\",\"isPartOf\":{\"@id\":\"https:\/\/www.stormshield.com\/es\/#website\"},\"datePublished\":\"2021-09-20T13:56:41+00:00\",\"dateModified\":\"2024-12-02T14:29:17+00:00\",\"description\":\"Los cortafuegos industriales de Stormshield garantizan el correcto funcionamiento de las redes y la continuidad de la actividad en el sector industrial.\",\"breadcrumb\":{\"@id\":\"https:\/\/www.stormshield.com\/es\/productos-y-servicios\/productos\/proteccion-operacional\/#breadcrumb\"},\"inLanguage\":\"es\",\"potentialAction\":[{\"@type\":\"ReadAction\",\"target\":[\"https:\/\/www.stormshield.com\/es\/productos-y-servicios\/productos\/proteccion-operacional\/\"]}]},{\"@type\":\"BreadcrumbList\",\"@id\":\"https:\/\/www.stormshield.com\/es\/productos-y-servicios\/productos\/proteccion-operacional\/#breadcrumb\",\"itemListElement\":[{\"@type\":\"ListItem\",\"position\":1,\"name\":\"Home\",\"item\":\"https:\/\/www.stormshield.com\/es\/\"},{\"@type\":\"ListItem\",\"position\":2,\"name\":\"Productos y Soluciones\",\"item\":\"https:\/\/www.stormshield.com\/es\/productos-y-servicios\/\"},{\"@type\":\"ListItem\",\"position\":3,\"name\":\"Productos\",\"item\":\"https:\/\/www.stormshield.com\/es\/productos-y-servicios\/productos\/\"},{\"@type\":\"ListItem\",\"position\":4,\"name\":\"Protecci\u00f3n operacional\"}]},{\"@type\":\"WebSite\",\"@id\":\"https:\/\/www.stormshield.com\/es\/#website\",\"url\":\"https:\/\/www.stormshield.com\/es\/\",\"name\":\"Stormshield\",\"description\":\"Stormshield\",\"potentialAction\":[{\"@type\":\"SearchAction\",\"target\":{\"@type\":\"EntryPoint\",\"urlTemplate\":\"https:\/\/www.stormshield.com\/es\/?s={search_term_string}\"},\"query-input\":{\"@type\":\"PropertyValueSpecification\",\"valueRequired\":true,\"valueName\":\"search_term_string\"}}],\"inLanguage\":\"es\"}]}<\/script>\n<!-- \/ Yoast SEO plugin. -->","yoast_head_json":{"title":"Ciberseguridad industrial y protecci\u00f3n OT | Stormshield","description":"Los cortafuegos industriales de Stormshield garantizan el correcto funcionamiento de las redes y la continuidad de la actividad en el sector industrial.","robots":{"index":"index","follow":"follow","max-snippet":"max-snippet:-1","max-image-preview":"max-image-preview:large","max-video-preview":"max-video-preview:-1"},"canonical":"https:\/\/www.stormshield.com\/es\/productos-y-servicios\/productos\/proteccion-operacional\/","og_locale":"es_ES","og_type":"article","og_title":"Ciberseguridad industrial y protecci\u00f3n OT | Stormshield","og_description":"Los cortafuegos industriales de Stormshield garantizan el correcto funcionamiento de las redes y la continuidad de la actividad en el sector industrial.","og_url":"https:\/\/www.stormshield.com\/es\/productos-y-servicios\/productos\/proteccion-operacional\/","og_site_name":"Stormshield","article_modified_time":"2024-12-02T14:29:17+00:00","og_image":[{"width":204,"height":94,"url":"https:\/\/www.stormshield.com\/wp-content\/uploads\/stormshield_logo.png","type":"image\/png"}],"twitter_card":"summary_large_image","twitter_site":"@Stormshield","twitter_misc":{"Tiempo de lectura":"5 minutos"},"schema":{"@context":"https:\/\/schema.org","@graph":[{"@type":"WebPage","@id":"https:\/\/www.stormshield.com\/es\/productos-y-servicios\/productos\/proteccion-operacional\/","url":"https:\/\/www.stormshield.com\/es\/productos-y-servicios\/productos\/proteccion-operacional\/","name":"Ciberseguridad industrial y protecci\u00f3n OT | Stormshield","isPartOf":{"@id":"https:\/\/www.stormshield.com\/es\/#website"},"datePublished":"2021-09-20T13:56:41+00:00","dateModified":"2024-12-02T14:29:17+00:00","description":"Los cortafuegos industriales de Stormshield garantizan el correcto funcionamiento de las redes y la continuidad de la actividad en el sector industrial.","breadcrumb":{"@id":"https:\/\/www.stormshield.com\/es\/productos-y-servicios\/productos\/proteccion-operacional\/#breadcrumb"},"inLanguage":"es","potentialAction":[{"@type":"ReadAction","target":["https:\/\/www.stormshield.com\/es\/productos-y-servicios\/productos\/proteccion-operacional\/"]}]},{"@type":"BreadcrumbList","@id":"https:\/\/www.stormshield.com\/es\/productos-y-servicios\/productos\/proteccion-operacional\/#breadcrumb","itemListElement":[{"@type":"ListItem","position":1,"name":"Home","item":"https:\/\/www.stormshield.com\/es\/"},{"@type":"ListItem","position":2,"name":"Productos y Soluciones","item":"https:\/\/www.stormshield.com\/es\/productos-y-servicios\/"},{"@type":"ListItem","position":3,"name":"Productos","item":"https:\/\/www.stormshield.com\/es\/productos-y-servicios\/productos\/"},{"@type":"ListItem","position":4,"name":"Protecci\u00f3n operacional"}]},{"@type":"WebSite","@id":"https:\/\/www.stormshield.com\/es\/#website","url":"https:\/\/www.stormshield.com\/es\/","name":"Stormshield","description":"Stormshield","potentialAction":[{"@type":"SearchAction","target":{"@type":"EntryPoint","urlTemplate":"https:\/\/www.stormshield.com\/es\/?s={search_term_string}"},"query-input":{"@type":"PropertyValueSpecification","valueRequired":true,"valueName":"search_term_string"}}],"inLanguage":"es"}]}},"_links":{"self":[{"href":"https:\/\/www.stormshield.com\/es\/wp-json\/wp\/v2\/pages\/238861","targetHints":{"allow":["GET"]}}],"collection":[{"href":"https:\/\/www.stormshield.com\/es\/wp-json\/wp\/v2\/pages"}],"about":[{"href":"https:\/\/www.stormshield.com\/es\/wp-json\/wp\/v2\/types\/page"}],"author":[{"embeddable":true,"href":"https:\/\/www.stormshield.com\/es\/wp-json\/wp\/v2\/users\/31"}],"replies":[{"embeddable":true,"href":"https:\/\/www.stormshield.com\/es\/wp-json\/wp\/v2\/comments?post=238861"}],"version-history":[{"count":19,"href":"https:\/\/www.stormshield.com\/es\/wp-json\/wp\/v2\/pages\/238861\/revisions"}],"predecessor-version":[{"id":592150,"href":"https:\/\/www.stormshield.com\/es\/wp-json\/wp\/v2\/pages\/238861\/revisions\/592150"}],"up":[{"embeddable":true,"href":"https:\/\/www.stormshield.com\/es\/wp-json\/wp\/v2\/pages\/204957"}],"wp:attachment":[{"href":"https:\/\/www.stormshield.com\/es\/wp-json\/wp\/v2\/media?parent=238861"}],"curies":[{"name":"wp","href":"https:\/\/api.w.org\/{rel}","templated":true}]}}