{"id":238855,"date":"2021-09-20T14:49:38","date_gmt":"2021-09-20T13:49:38","guid":{"rendered":"https:\/\/www.stormshield.com\/our-range-ot\/"},"modified":"2024-12-02T15:52:50","modified_gmt":"2024-12-02T14:52:50","slug":"gama-de-productos","status":"publish","type":"page","link":"https:\/\/www.stormshield.com\/es\/productos-y-servicios\/productos\/proteccion-operacional\/gama-de-productos\/","title":{"rendered":"Gama de productos"},"content":{"rendered":"<div class=\"wpb-content-wrapper\"><p>[vc_row css_animation=\"\" row_type=\"row\" use_row_as_full_screen_section=\"no\" type=\"grid\" angled_section=\"no\" text_align=\"left\" background_image_as_pattern=\"without_pattern\" z_index=\"\" padding_top=\"50\" padding_bottom=\"50\"][vc_column][vc_column_text css=\"\"]<\/p>\n<h1 style=\"text-align: center;\"><span style=\"color: #00aaf5;\"><span style=\"font-weight: 300; font-size: 1.5em;\">Nuestra gama de soluciones de ciberseguridad para instalaciones industriales:<\/span><\/span><span style=\"color: #00aaf5;\"><span style=\"font-weight: 900; font-size: 1.5em;\"> los productos Stormshield<\/span><\/span><\/h1>\n<p>[\/vc_column_text][\/vc_column][\/vc_row][vc_row css_animation=\"\" row_type=\"row\" use_row_as_full_screen_section=\"no\" type=\"grid\" angled_section=\"no\" text_align=\"left\" background_image_as_pattern=\"without_pattern\" z_index=\"\" padding_top=\"50\" padding_bottom=\"50\"][vc_column][vc_row_inner row_type=\"row\" type=\"full_width\" text_align=\"left\" css_animation=\"\"][vc_column_inner width=\"2\/3\"][vc_empty_space][vc_column_text css=\"\"]<span style=\"color: #000; font-size: 1.1em;\">Hay muchas amenazas ciber planeando sobre los sistemas e infraestructuras inform\u00e1ticas de tu sector. Para hacerles frente, <strong>Stormshield ofrece soluciones espec\u00edficas para proteger tus instalaciones industriales, ya sea con los cortafuegos industriales SNi10, SNi20 y SNi40 o con la soluci\u00f3n Stormshield Endpoint Security (SES), dise\u00f1ada para proteger los ordenadores a distancia.<\/strong><\/span>[\/vc_column_text][vc_empty_space][\/vc_column_inner][vc_column_inner width=\"1\/3\"][vc_single_image image=\"267315\" img_size=\"300x300\" alignment=\"center\" css=\"\" qode_css_animation=\"\" qode_hover_animation=\"zoom_in\"][vc_empty_space][\/vc_column_inner][\/vc_row_inner][\/vc_column][\/vc_row][vc_row css_animation=\"\" row_type=\"row\" use_row_as_full_screen_section=\"no\" type=\"grid\" angled_section=\"no\" text_align=\"left\" background_image_as_pattern=\"without_pattern\" z_index=\"\" padding_top=\"50\" padding_bottom=\"50\" el_class=\"fond_gris_gris\"][vc_column][vc_row_inner row_type=\"row\" type=\"full_width\" text_align=\"left\" css_animation=\"\"][vc_column_inner][vc_column_text css=\"\"]<\/p>\n<h2><span style=\"color: #000; font-size: 1.2em; font-weight: 900;\">Stormshield Network Security: nuestras soluciones de cortafuegos en la industria<\/span><\/h2>\n<p><span style=\"color: #000; font-size: 1.1em;\">Con Stormshield Network Security (SNS), Stormshield ofrece una gama de cortafuegos reconocidos para mejorar la seguridad de la red, certificados y cualificados al m\u00e1s alto nivel europeo. <strong>Dise\u00f1ados para entornos operativos e industriales limitados, los cortafuegos industriales SNi10, SNi20 y SNi40 protegen sus instalaciones y su actividad productiva de todas las amenazas de red.<\/strong><\/span><\/p>\n<p><span style=\"color: #000; font-size: 1.1em;\">Esta combinaci\u00f3n \u00fanica de protecci\u00f3n se articula en torno a varios ejes: identificaci\u00f3n y mapeo de activos sensibles; segmentaci\u00f3n de la red para separar los elementos entre s\u00ed y evitar la propagaci\u00f3n de los ataques; garant\u00eda de la continuidad operativa gracias a la alta disponibilidad y al modo de seguridad de los cortafuegos; protecci\u00f3n de los controladores l\u00f3gicos programables (PLC); protecci\u00f3n de las interfaces hombre-m\u00e1quina (HMI); protecci\u00f3n de las herramientas de control de los PLC; refuerzo de los puestos de control o de los programas inform\u00e1ticos de supervisi\u00f3n (SCADA); inspecci\u00f3n en profundidad del tr\u00e1fico de la red operativa (IPS) para reducir el riesgo de corrupci\u00f3n de los flujos y de las aplicaciones de empresa; supervisi\u00f3n centralizada y conjunta de las IT-OT...<\/span>[\/vc_column_text][vc_empty_space][\/vc_column_inner][\/vc_row_inner][vc_row_inner row_type=\"row\" type=\"full_width\" text_align=\"left\" css_animation=\"\"][vc_column_inner width=\"1\/3\"][vc_column_text css=\"\"]<\/p>\n<h3 style=\"text-align: center;\"><span style=\"color: #000; font-size: 2em; font-weight: 100;\">SNi<strong>10<\/strong><\/span><\/h3>\n<p>[\/vc_column_text][vc_single_image image=\"575852\" img_size=\"150x300\" alignment=\"center\" onclick=\"custom_link\" img_link_target=\"_blank\" css=\"\" qode_css_animation=\"\" qode_hover_animation=\"zoom_in\" link=\"https:\/\/www.stormshield.com\/es\/products\/sni10\/\"][\/vc_column_inner][vc_column_inner width=\"1\/3\"][vc_column_text css=\"\"]<\/p>\n<h3 style=\"text-align: center;\"><span style=\"color: #000; font-size: 2em; font-weight: 100;\">SNi<strong>20<\/strong><\/span><\/h3>\n<p>[\/vc_column_text][vc_single_image image=\"256279\" img_size=\"150x300\" alignment=\"center\" onclick=\"custom_link\" img_link_target=\"_blank\" css=\"\" qode_css_animation=\"\" qode_hover_animation=\"zoom_in\" link=\"https:\/\/www.stormshield.com\/es\/products\/sni20\/\"][\/vc_column_inner][vc_column_inner width=\"1\/3\"][vc_column_text css=\"\"]<\/p>\n<h3 style=\"text-align: center;\"><span style=\"color: #000; font-size: 2em; font-weight: 100;\">SNi<strong>40<\/strong><\/span><\/h3>\n<p>[\/vc_column_text][vc_single_image image=\"205329\" img_size=\"150x300\" alignment=\"center\" onclick=\"custom_link\" img_link_target=\"_blank\" css=\"\" qode_css_animation=\"\" qode_hover_animation=\"zoom_in\" link=\"https:\/\/www.stormshield.com\/es\/products\/sni40\/\"][\/vc_column_inner][\/vc_row_inner][vc_row_inner row_type=\"row\" type=\"full_width\" text_align=\"left\" css_animation=\"\"][vc_column_inner][vc_empty_space]<a  itemprop=\"url\" href=\"https:\/\/www.stormshield.com\/es\/productos-y-servicios\/compare-product\/?p1=196190&#038;p2=285&#038;p3=575907\" target=\"_blank\" data-hover-background-color=\"#00aeef\" data-hover-border-color=\"#00aeef\" class=\"qbutton  white enlarge\" style=\"border-color: #ffffff; background-color:#060051;\">Comparar cortafuegos industriales Stormshield<i class=\"qode_icon_font_awesome fa fa-angle-right qode_button_icon_element\"><\/i><\/a>[vc_empty_space height=\"12px\"]<a  itemprop=\"url\" href=\"https:\/\/www.stormshield.com\/es\/productos-y-servicios\/productos\/seguridad-de-red\/product-range-sns\/\" target=\"_blank\" data-hover-background-color=\"#00aeef\" data-hover-border-color=\"#00aeef\" class=\"qbutton  white enlarge\" style=\"border-color: #ffffff; background-color:#060051;\">Descubrir el resto de la gama SNS<i class=\"qode_icon_font_awesome fa fa-angle-right qode_button_icon_element\"><\/i><\/a>[vc_empty_space height=\"12px\"]<a  itemprop=\"url\" href=\"https:\/\/www.stormshield.com\/es\/productos-y-servicios\/productos\/proteccion-operacional\/nuestras-caracteristicas\/\" target=\"_blank\" data-hover-background-color=\"#00aeef\" data-hover-border-color=\"#00aeef\" class=\"qbutton  white enlarge\" style=\"border-color: #ffffff; background-color:#060051;\">Descubrir las caracter\u00edsticas de las soluciones SNS<i class=\"qode_icon_font_awesome fa fa-angle-right qode_button_icon_element\"><\/i><\/a>[vc_empty_space][\/vc_column_inner][\/vc_row_inner][\/vc_column][\/vc_row][vc_row css_animation=\"\" row_type=\"row\" use_row_as_full_screen_section=\"no\" type=\"grid\" angled_section=\"no\" text_align=\"left\" background_image_as_pattern=\"without_pattern\" z_index=\"\" padding_top=\"50\" padding_bottom=\"50\" css=\".vc_custom_1729169257179{background-color: #06005100 !important;}\"][vc_column][vc_row_inner row_type=\"row\" type=\"full_width\" text_align=\"left\" css_animation=\"\"][vc_column_inner width=\"2\/3\"][vc_column_text css=\"\"]<\/p>\n<h2><span style=\"font-size: 1.2em; font-weight: 900; color: #000000;\">Stormshield Endpoint Security: la soluci\u00f3n para proteger ordenadores industriales<\/span><\/h2>\n<p><span style=\"font-size: 1.1em; color: #000000;\">Con Stormshield Endpoint Security (SES), obtendr\u00e1s una combinaci\u00f3n de an\u00e1lisis de comportamiento, protecci\u00f3n contextual y una soluci\u00f3n mejorada para proteger y aumentar la protecci\u00f3n de tus ordenadores.<\/span>[\/vc_column_text][vc_empty_space]<a  itemprop=\"url\" href=\"https:\/\/www.stormshield.com\/es\/productos-y-servicios\/productos\/endpoint-protection\/stormshield-endpoint-security\/\" target=\"_blank\" data-hover-background-color=\"#00aeef\" data-hover-border-color=\"#00aeef\" class=\"qbutton  white enlarge\" style=\"border-color: #ffffff; background-color:#060051;\">Descubrir la soluci\u00f3n SES<i class=\"qode_icon_font_awesome fa fa-angle-right qode_button_icon_element\"><\/i><\/a>[vc_empty_space][\/vc_column_inner][vc_column_inner width=\"1\/3\"][vc_empty_space][vc_single_image image=\"267300\" img_size=\"300x300\" alignment=\"center\" onclick=\"custom_link\" img_link_target=\"_blank\" css=\"\" qode_css_animation=\"\" qode_hover_animation=\"zoom_in\" link=\"https:\/\/www.stormshield.com\/es\/productos-y-servicios\/productos\/endpoint-protection\/stormshield-endpoint-security\/\"][vc_empty_space][\/vc_column_inner][\/vc_row_inner][\/vc_column][\/vc_row][vc_row css_animation=\"\" row_type=\"row\" use_row_as_full_screen_section=\"no\" type=\"grid\" angled_section=\"no\" text_align=\"left\" background_image_as_pattern=\"without_pattern\" z_index=\"\" padding_top=\"50\" padding_bottom=\"50\" css=\".vc_custom_1716896629849{background-color: #060051 !important;}\"][vc_column][vc_row_inner row_type=\"row\" type=\"full_width\" text_align=\"left\" css_animation=\"\"][vc_column_inner width=\"2\/3\"][vc_column_text css=\"\"]<\/p>\n<h2><span style=\"font-size: 1.2em; font-weight: 900; color: #ffffff;\">Tecnolog\u00edas Stormshield certificadas al m\u00e1s alto nivel europeo<\/span><\/h2>\n<p><span style=\"font-size: 1.1em; color: #ffffff;\"><strong>Como actor de confianza, nuestras tecnolog\u00edas certificadas al m\u00e1s alto nivel europeo garantizan una protecci\u00f3n adaptada para proteger todas tus cadenas industriales.<\/strong> Hasta la fecha, Stormshield Network Security es la \u00fanica gama de cortafuegos industriales que cuenta con la certificaci\u00f3n CSPN de cortafuegos industriales, ofrecida por la ANSSI, y por tanto reconocida como de confianza por el Estado franc\u00e9s. Al mismo tiempo, la gama Stormshield Network Security es tambi\u00e9n la \u00fanica soluci\u00f3n puramente cibern\u00e9tica que cuenta <span style=\"text-decoration: underline;\"><a style=\"color: #ffffff; text-decoration: underline;\" href=\"https:\/\/www.stormshield.com\/es\/ressourcescenter\/libro-blanco-todo-lo-que-necesita-saber-sobre-la-norma-iec-62443-para-mejorar-la-proteccion-de-su-sistema-operativo\/\" target=\"_blank\" rel=\"noopener\">con la certificaci\u00f3n IEC 62443-4-1<\/a><\/span>, lo que le garantiza la implantaci\u00f3n de productos dise\u00f1ados, fabricados y mantenidos con los m\u00e1s altos niveles de seguridad.<\/span>[\/vc_column_text][vc_empty_space][\/vc_column_inner][vc_column_inner width=\"1\/3\"][vc_empty_space][vc_single_image image=\"195497\" img_size=\"large\" alignment=\"center\" onclick=\"custom_link\" img_link_target=\"_blank\" css=\"\" qode_css_animation=\"\" qode_hover_animation=\"zoom_in\" link=\"https:\/\/www.stormshield.com\/es\/ressourcescenter\/libro-blanco-todo-lo-que-necesita-saber-sobre-la-norma-iec-62443-para-mejorar-la-proteccion-de-su-sistema-operativo\/\"][vc_empty_space][\/vc_column_inner][\/vc_row_inner][\/vc_column][\/vc_row][vc_row css_animation=\"\" row_type=\"row\" use_row_as_full_screen_section=\"yes\" type=\"grid\" angled_section=\"no\" text_align=\"left\" background_image_as_pattern=\"without_pattern\" background_image=\"248585\" z_index=\"\" padding_top=\"100\" padding_bottom=\"100\"][vc_column][vc_row_inner row_type=\"row\" type=\"full_width\" text_align=\"left\" css_animation=\"\"][vc_column_inner width=\"1\/2\"][vc_column_text css=\"\"]<\/p>\n<h2><span style=\"color: #000; font-size: 1.2em; font-weight: 900;\">Un equipo que escucha tus retos de empresa<\/span><\/h2>\n<p><span style=\"color: #000000;\"><span style=\"font-size: 1.1em;\">Sectores aeron\u00e1utico, del agua, la electricidad, mar\u00edtimo, del transporte, la salud y todos los dem\u00e1s... Cada mercado o campo afectado por los problemas de ciberseguridad industrial tiene unos retos espec\u00edficos.Y merece una atenci\u00f3n especial. Para seguir navegando, accede a otras p\u00e1ginas tem\u00e1ticas, centradas en tus proyectos de ciberseguridad industrial y en las particularidades de tu sector de mercado.<\/span><\/span><\/p>\n<p><span style=\"color: #000000;\"><span style=\"font-size: 1.1em;\"><strong>Distribuci\u00f3n, energ\u00eda, industria del agua, generaci\u00f3n de energ\u00eda... Sean cuales sean tus retos, tienes a tu servicio un equipo multidisciplinar especializado, capaz de integrar los problemas y especificidades de tu sector.<\/strong> Cuenta con el apoyo de un equipo de I+D enteramente dedicado a los sistemas operativos. Al elegir Stormshield, tambi\u00e9n te beneficiar\u00e1s del apoyo permanente y la proximidad de nuestro equipo comercial y t\u00e9cnico.[\/vc_column_text][vc_empty_space]<a  itemprop=\"url\" href=\"https:\/\/www.stormshield.com\/es\/contacto\/equipos-comerciales\/\" target=\"_blank\" data-hover-background-color=\"#00aeef\" data-hover-border-color=\"#00aeef\" class=\"qbutton  white enlarge\" style=\"border-color: #ffffff; background-color:#060051;\">Contactar<i class=\"qode_icon_font_awesome fa fa-angle-right qode_button_icon_element\"><\/i><\/a>[vc_empty_space][\/vc_column_inner][vc_column_inner width=\"1\/2\"][\/vc_column_inner][\/vc_row_inner][\/vc_column][\/vc_row][vc_row css_animation=\"\" row_type=\"row\" use_row_as_full_screen_section=\"no\" type=\"full_width\" angled_section=\"no\" text_align=\"left\" background_image_as_pattern=\"without_pattern\"][vc_column][vc_column_text]<\/span><\/span>[\/vc_column_text][\/vc_column][\/vc_row]<\/p>\n<\/div>","protected":false},"excerpt":{"rendered":"<p>[vc_row css_animation=\u00bb\u00bb row_type=\u00bbrow\u00bb use_row_as_full_screen_section=\u00bbno\u00bb type=\u00bbgrid\u00bb angled_section=\u00bbno\u00bb text_align=\u00bbleft\u00bb background_image_as_pattern=\u00bbwithout_pattern\u00bb z_index=\u00bb\u00bb padding_top=\u00bb50&#8243; padding_bottom=\u00bb50&#8243;][vc_column][vc_column_text css=\u00bb\u00bb] Nuestra gama de soluciones de ciberseguridad para instalaciones industriales: los productos Stormshield [\/vc_column_text][\/vc_column][\/vc_row][vc_row css_animation=\u00bb\u00bb row_type=\u00bbrow\u00bb use_row_as_full_screen_section=\u00bbno\u00bb type=\u00bbgrid\u00bb angled_section=\u00bbno\u00bb text_align=\u00bbleft\u00bb background_image_as_pattern=\u00bbwithout_pattern\u00bb z_index=\u00bb\u00bb padding_top=\u00bb50&#8243; padding_bottom=\u00bb50&#8243;][vc_column][vc_row_inner row_type=\u00bbrow\u00bb type=\u00bbfull_width\u00bb text_align=\u00bbleft\u00bb css_animation=\u00bb\u00bb][vc_column_inner width=\u00bb2\/3&#8243;][vc_empty_space][vc_column_text css=\u00bb\u00bb]Hay muchas amenazas ciber planeando&#8230;<\/p>\n","protected":false},"author":31,"featured_media":0,"parent":238861,"menu_order":160,"comment_status":"closed","ping_status":"closed","template":"full_width.php","meta":{"_acf_changed":false,"footnotes":""},"class_list":["post-238855","page","type-page","status-publish","hentry"],"acf":[],"yoast_head":"<!-- This site is optimized with the Yoast SEO plugin v27.3 - https:\/\/yoast.com\/product\/yoast-seo-wordpress\/ -->\n<title>Gama de soluciones ciberseguridad para la industria | Stormshield<\/title>\n<meta name=\"description\" content=\"Existen muchas amenazas cibern\u00e9ticas para la IoT y la infraestructura de TI de su industria: Stormshield ofrece una gama de soluciones para proteger sus instalaciones industriales.\" \/>\n<meta name=\"robots\" content=\"index, follow, max-snippet:-1, max-image-preview:large, max-video-preview:-1\" \/>\n<link rel=\"canonical\" href=\"https:\/\/www.stormshield.com\/es\/productos-y-servicios\/productos\/proteccion-operacional\/gama-de-productos\/\" \/>\n<meta property=\"og:locale\" content=\"es_ES\" \/>\n<meta property=\"og:type\" content=\"article\" \/>\n<meta property=\"og:title\" content=\"Gama de soluciones ciberseguridad para la industria | Stormshield\" \/>\n<meta property=\"og:description\" content=\"Existen muchas amenazas cibern\u00e9ticas para la IoT y la infraestructura de TI de su industria: Stormshield ofrece una gama de soluciones para proteger sus instalaciones industriales.\" \/>\n<meta property=\"og:url\" content=\"https:\/\/www.stormshield.com\/es\/productos-y-servicios\/productos\/proteccion-operacional\/gama-de-productos\/\" \/>\n<meta property=\"og:site_name\" content=\"Stormshield\" \/>\n<meta property=\"article:modified_time\" content=\"2024-12-02T14:52:50+00:00\" \/>\n<meta property=\"og:image\" content=\"https:\/\/www.stormshield.com\/wp-content\/uploads\/stormshield_logo.png\" \/>\n\t<meta property=\"og:image:width\" content=\"204\" \/>\n\t<meta property=\"og:image:height\" content=\"94\" \/>\n\t<meta property=\"og:image:type\" content=\"image\/png\" \/>\n<meta name=\"twitter:card\" content=\"summary_large_image\" \/>\n<meta name=\"twitter:site\" content=\"@Stormshield\" \/>\n<meta name=\"twitter:label1\" content=\"Tiempo de lectura\" \/>\n\t<meta name=\"twitter:data1\" content=\"5 minutos\" \/>\n<script type=\"application\/ld+json\" class=\"yoast-schema-graph\">{\"@context\":\"https:\\\/\\\/schema.org\",\"@graph\":[{\"@type\":\"WebPage\",\"@id\":\"https:\\\/\\\/www.stormshield.com\\\/es\\\/productos-y-servicios\\\/productos\\\/proteccion-operacional\\\/gama-de-productos\\\/\",\"url\":\"https:\\\/\\\/www.stormshield.com\\\/es\\\/productos-y-servicios\\\/productos\\\/proteccion-operacional\\\/gama-de-productos\\\/\",\"name\":\"Gama de soluciones ciberseguridad para la industria | Stormshield\",\"isPartOf\":{\"@id\":\"https:\\\/\\\/www.stormshield.com\\\/es\\\/#website\"},\"datePublished\":\"2021-09-20T13:49:38+00:00\",\"dateModified\":\"2024-12-02T14:52:50+00:00\",\"description\":\"Existen muchas amenazas cibern\u00e9ticas para la IoT y la infraestructura de TI de su industria: Stormshield ofrece una gama de soluciones para proteger sus instalaciones industriales.\",\"breadcrumb\":{\"@id\":\"https:\\\/\\\/www.stormshield.com\\\/es\\\/productos-y-servicios\\\/productos\\\/proteccion-operacional\\\/gama-de-productos\\\/#breadcrumb\"},\"inLanguage\":\"es\",\"potentialAction\":[{\"@type\":\"ReadAction\",\"target\":[\"https:\\\/\\\/www.stormshield.com\\\/es\\\/productos-y-servicios\\\/productos\\\/proteccion-operacional\\\/gama-de-productos\\\/\"]}]},{\"@type\":\"BreadcrumbList\",\"@id\":\"https:\\\/\\\/www.stormshield.com\\\/es\\\/productos-y-servicios\\\/productos\\\/proteccion-operacional\\\/gama-de-productos\\\/#breadcrumb\",\"itemListElement\":[{\"@type\":\"ListItem\",\"position\":1,\"name\":\"Home\",\"item\":\"https:\\\/\\\/www.stormshield.com\\\/es\\\/\"},{\"@type\":\"ListItem\",\"position\":2,\"name\":\"Productos y Soluciones\",\"item\":\"https:\\\/\\\/www.stormshield.com\\\/es\\\/productos-y-servicios\\\/\"},{\"@type\":\"ListItem\",\"position\":3,\"name\":\"Productos\",\"item\":\"https:\\\/\\\/www.stormshield.com\\\/es\\\/productos-y-servicios\\\/productos\\\/\"},{\"@type\":\"ListItem\",\"position\":4,\"name\":\"Protecci\u00f3n operacional\",\"item\":\"https:\\\/\\\/www.stormshield.com\\\/es\\\/productos-y-servicios\\\/productos\\\/proteccion-operacional\\\/\"},{\"@type\":\"ListItem\",\"position\":5,\"name\":\"Gama de productos\"}]},{\"@type\":\"WebSite\",\"@id\":\"https:\\\/\\\/www.stormshield.com\\\/es\\\/#website\",\"url\":\"https:\\\/\\\/www.stormshield.com\\\/es\\\/\",\"name\":\"Stormshield\",\"description\":\"Stormshield\",\"potentialAction\":[{\"@type\":\"SearchAction\",\"target\":{\"@type\":\"EntryPoint\",\"urlTemplate\":\"https:\\\/\\\/www.stormshield.com\\\/es\\\/?s={search_term_string}\"},\"query-input\":{\"@type\":\"PropertyValueSpecification\",\"valueRequired\":true,\"valueName\":\"search_term_string\"}}],\"inLanguage\":\"es\"}]}<\/script>\n<!-- \/ Yoast SEO plugin. -->","yoast_head_json":{"title":"Gama de soluciones ciberseguridad para la industria | Stormshield","description":"Existen muchas amenazas cibern\u00e9ticas para la IoT y la infraestructura de TI de su industria: Stormshield ofrece una gama de soluciones para proteger sus instalaciones industriales.","robots":{"index":"index","follow":"follow","max-snippet":"max-snippet:-1","max-image-preview":"max-image-preview:large","max-video-preview":"max-video-preview:-1"},"canonical":"https:\/\/www.stormshield.com\/es\/productos-y-servicios\/productos\/proteccion-operacional\/gama-de-productos\/","og_locale":"es_ES","og_type":"article","og_title":"Gama de soluciones ciberseguridad para la industria | Stormshield","og_description":"Existen muchas amenazas cibern\u00e9ticas para la IoT y la infraestructura de TI de su industria: Stormshield ofrece una gama de soluciones para proteger sus instalaciones industriales.","og_url":"https:\/\/www.stormshield.com\/es\/productos-y-servicios\/productos\/proteccion-operacional\/gama-de-productos\/","og_site_name":"Stormshield","article_modified_time":"2024-12-02T14:52:50+00:00","og_image":[{"width":204,"height":94,"url":"https:\/\/www.stormshield.com\/wp-content\/uploads\/stormshield_logo.png","type":"image\/png"}],"twitter_card":"summary_large_image","twitter_site":"@Stormshield","twitter_misc":{"Tiempo de lectura":"5 minutos"},"schema":{"@context":"https:\/\/schema.org","@graph":[{"@type":"WebPage","@id":"https:\/\/www.stormshield.com\/es\/productos-y-servicios\/productos\/proteccion-operacional\/gama-de-productos\/","url":"https:\/\/www.stormshield.com\/es\/productos-y-servicios\/productos\/proteccion-operacional\/gama-de-productos\/","name":"Gama de soluciones ciberseguridad para la industria | Stormshield","isPartOf":{"@id":"https:\/\/www.stormshield.com\/es\/#website"},"datePublished":"2021-09-20T13:49:38+00:00","dateModified":"2024-12-02T14:52:50+00:00","description":"Existen muchas amenazas cibern\u00e9ticas para la IoT y la infraestructura de TI de su industria: Stormshield ofrece una gama de soluciones para proteger sus instalaciones industriales.","breadcrumb":{"@id":"https:\/\/www.stormshield.com\/es\/productos-y-servicios\/productos\/proteccion-operacional\/gama-de-productos\/#breadcrumb"},"inLanguage":"es","potentialAction":[{"@type":"ReadAction","target":["https:\/\/www.stormshield.com\/es\/productos-y-servicios\/productos\/proteccion-operacional\/gama-de-productos\/"]}]},{"@type":"BreadcrumbList","@id":"https:\/\/www.stormshield.com\/es\/productos-y-servicios\/productos\/proteccion-operacional\/gama-de-productos\/#breadcrumb","itemListElement":[{"@type":"ListItem","position":1,"name":"Home","item":"https:\/\/www.stormshield.com\/es\/"},{"@type":"ListItem","position":2,"name":"Productos y Soluciones","item":"https:\/\/www.stormshield.com\/es\/productos-y-servicios\/"},{"@type":"ListItem","position":3,"name":"Productos","item":"https:\/\/www.stormshield.com\/es\/productos-y-servicios\/productos\/"},{"@type":"ListItem","position":4,"name":"Protecci\u00f3n operacional","item":"https:\/\/www.stormshield.com\/es\/productos-y-servicios\/productos\/proteccion-operacional\/"},{"@type":"ListItem","position":5,"name":"Gama de productos"}]},{"@type":"WebSite","@id":"https:\/\/www.stormshield.com\/es\/#website","url":"https:\/\/www.stormshield.com\/es\/","name":"Stormshield","description":"Stormshield","potentialAction":[{"@type":"SearchAction","target":{"@type":"EntryPoint","urlTemplate":"https:\/\/www.stormshield.com\/es\/?s={search_term_string}"},"query-input":{"@type":"PropertyValueSpecification","valueRequired":true,"valueName":"search_term_string"}}],"inLanguage":"es"}]}},"_links":{"self":[{"href":"https:\/\/www.stormshield.com\/es\/wp-json\/wp\/v2\/pages\/238855","targetHints":{"allow":["GET"]}}],"collection":[{"href":"https:\/\/www.stormshield.com\/es\/wp-json\/wp\/v2\/pages"}],"about":[{"href":"https:\/\/www.stormshield.com\/es\/wp-json\/wp\/v2\/types\/page"}],"author":[{"embeddable":true,"href":"https:\/\/www.stormshield.com\/es\/wp-json\/wp\/v2\/users\/31"}],"replies":[{"embeddable":true,"href":"https:\/\/www.stormshield.com\/es\/wp-json\/wp\/v2\/comments?post=238855"}],"version-history":[{"count":16,"href":"https:\/\/www.stormshield.com\/es\/wp-json\/wp\/v2\/pages\/238855\/revisions"}],"predecessor-version":[{"id":592158,"href":"https:\/\/www.stormshield.com\/es\/wp-json\/wp\/v2\/pages\/238855\/revisions\/592158"}],"up":[{"embeddable":true,"href":"https:\/\/www.stormshield.com\/es\/wp-json\/wp\/v2\/pages\/238861"}],"wp:attachment":[{"href":"https:\/\/www.stormshield.com\/es\/wp-json\/wp\/v2\/media?parent=238855"}],"curies":[{"name":"wp","href":"https:\/\/api.w.org\/{rel}","templated":true}]}}