{"id":233301,"date":"2021-08-09T08:58:17","date_gmt":"2021-08-09T07:58:17","guid":{"rendered":"https:\/\/www.stormshield.com\/our-support\/servicios\/professional-services\/"},"modified":"2025-11-17T14:45:32","modified_gmt":"2025-11-17T13:45:32","slug":"servicios-profesionales","status":"publish","type":"page","link":"https:\/\/www.stormshield.com\/es\/nuestro-apoyo\/servicios\/servicios-profesionales\/","title":{"rendered":"Servicios profesionales Stormshield"},"content":{"rendered":"<div class=\"wpb-content-wrapper\"><p>[vc_row css_animation=\"\" row_type=\"row\" use_row_as_full_screen_section=\"no\" type=\"grid\" angled_section=\"no\" text_align=\"left\" background_image_as_pattern=\"without_pattern\" z_index=\"\" padding_top=\"50\" padding_bottom=\"50\"][vc_column][vc_empty_space][vc_column_text]<\/p>\n<h1 style=\"text-align: center;\"><span style=\"color: #00aaf5;\"><span style=\"font-weight: 900; font-size: 1.5em;\">Servicios profesionales Stormshield: <\/span><\/span><span style=\"color: #00aaf5;\"><span style=\"font-weight: 300; font-size: 1.5em;\"> la experiencia del proveedor a tu lado<\/span><\/span><\/h1>\n<p>[\/vc_column_text][vc_empty_space][\/vc_column][\/vc_row][vc_row css_animation=\"\" row_type=\"row\" use_row_as_full_screen_section=\"no\" type=\"grid\" angled_section=\"no\" text_align=\"left\" background_image_as_pattern=\"without_pattern\" z_index=\"\" padding_bottom=\"50\"][vc_column width=\"2\/3\"][vc_column_text]<\/p>\n<h2><span style=\"color: #000; font-size: 1.2em; font-weight: 900;\">El apoyo de expertos en ciberseguridad<\/span><\/h2>\n<p><span style=\"color: #000; font-size: 1.1em;\">Tanto si eres socio como proveedor o cliente, podemos ayudarte a crear tus infraestructuras complejas. Nuestros equipos internos de servicios profesionales te garantizan una implantaci\u00f3n \u00f3ptima (instalaci\u00f3n, actualizaci\u00f3n y explotaci\u00f3n) en Francia y en el extranjero.<\/span><\/p>\n<p><span style=\"color: #000; font-size: 1.1em;\">\u00bfTienes un proyecto para implementar nuestras soluciones de seguridad en una configuraci\u00f3n espec\u00edfica? \u00bfNecesitas ayuda con una infraestructura compleja?<\/span>[\/vc_column_text][vc_empty_space]<a  itemprop=\"url\" href=\"https:\/\/www.stormshield.com\/es\/contacto\/equipos-comerciales\/\" target=\"_blank\" data-hover-background-color=\"#d23467\" data-hover-border-color=\"#ffffff\" class=\"qbutton  white enlarge\" style=\"border-color: #ffffff; background-color:#060051;\">Contacto<i class=\"qode_icon_font_awesome fa fa-angle-right qode_button_icon_element\"><\/i><\/a>[\/vc_column][vc_column width=\"1\/3\"][vc_single_image image=\"456472\" img_size=\"medium\" qode_css_animation=\"\"][\/vc_column][\/vc_row][vc_row css_animation=\"\" row_type=\"row\" use_row_as_full_screen_section=\"no\" type=\"grid\" angled_section=\"no\" text_align=\"left\" background_image_as_pattern=\"without_pattern\" z_index=\"\" padding_bottom=\"50\" css=\".vc_custom_1697804221509{background-color: #ffffff !important;}\" padding_top=\"50\"][vc_column][vc_row_inner row_type=\"row\" type=\"full_width\" text_align=\"left\" css_animation=\"\" background_color=\"#f9f9f9\" css=\".vc_custom_1697805785032{padding-top: 32px !important;padding-right: 32px !important;padding-bottom: 32px !important;padding-left: 32px !important;}\"][vc_column_inner][vc_column_text]<\/p>\n<h2><span style=\"color: #000; font-size: 1.2em; font-weight: 900;\">Asesorarte sobre tus complejos problemas de ciberseguridad<\/span><\/h2>\n<p><span style=\"color: #000; font-size: 1.1em;\">La consultor\u00eda es la actividad principal de nuestros Servicios profesionales. Benef\u00edciate de sus servicios estrat\u00e9gicos a medida en nuestras tres gamas de productos.<\/span>[\/vc_column_text][\/vc_column_inner][\/vc_row_inner][vc_row_inner row_type=\"row\" type=\"full_width\" text_align=\"left\" css_animation=\"\" background_color=\"#f9f9f9\" css=\".vc_custom_1697805785032{padding-top: 32px !important;padding-right: 32px !important;padding-bottom: 32px !important;padding-left: 32px !important;}\"][vc_column_inner width=\"1\/3\"][vc_column_text]<span style=\"color: #000; font-size: 1.3em; font-weight: 900;\">Stormshield Network Security<\/span><\/p>\n<ul>\n<li><span style=\"color: #000; font-size: 1.1em;\">validaci\u00f3n de la arquitectura de red,<br \/>\n<\/span><\/li>\n<li><span style=\"color: #000; font-size: 1.1em;\">asistencia t\u00e9cnica para el despliegue o la puesta en marcha de una funcionalidad avanzada,<br \/>\n<\/span><\/li>\n<li><span style=\"color: #000; font-size: 1.1em;\">apoyo durante las actualizaciones importantes,<br \/>\n<\/span><\/li>\n<li><span style=\"color: #000; font-size: 1.1em;\">auditor\u00eda de seguridad o comprobaci\u00f3n de la salud (health check) de tus cortafuegos,<br \/>\n<\/span><\/li>\n<li><span style=\"color: #000; font-size: 1.1em;\">... <\/span><\/li>\n<\/ul>\n<p>[\/vc_column_text][\/vc_column_inner][vc_column_inner width=\"1\/3\"][vc_column_text]<span style=\"color: #000; font-size: 1.3em; font-weight: 900;\">Stormshield Endpoint Security<\/span><\/p>\n<ul>\n<li><span style=\"color: #000; font-size: 1.1em;\">auditor\u00eda y revisi\u00f3n de tu pol\u00edtica de seguridad,<br \/>\n<\/span><\/li>\n<li><span style=\"color: #000; font-size: 1.1em;\">transferencia de competencias,<br \/>\n<\/span><\/li>\n<li><span style=\"color: #000; font-size: 1.1em;\">asistencia para la instalaci\u00f3n y las actualizaciones,<br \/>\n<\/span><\/li>\n<li><span style=\"color: #000; font-size: 1.1em;\">... <\/span><\/li>\n<\/ul>\n<p>[\/vc_column_text][\/vc_column_inner][vc_column_inner width=\"1\/3\"][vc_column_text]<span style=\"color: #000; font-size: 1.3em; font-weight: 900;\">Stormshield Data Security<\/span><\/p>\n<ul>\n<li><span style=\"color: #000; font-size: 1.1em;\">redise\u00f1o de la infraestructura de las claves p\u00fablicas (<em>PKI rebuilt<\/em>),<br \/>\n<\/span><\/li>\n<li><span style=\"color: #000; font-size: 1.1em;\">mantenimiento en condiciones operativas seg\u00fan la evoluci\u00f3n de tu parque,<br \/>\n<\/span><\/li>\n<li><span style=\"color: #000; font-size: 1.1em;\">asistencia para la instalaci\u00f3n y las actualizaciones,<br \/>\n<\/span><\/li>\n<li><span style=\"color: #000; font-size: 1.1em;\">... <\/span><\/li>\n<\/ul>\n<p>[\/vc_column_text][\/vc_column_inner][\/vc_row_inner][\/vc_column][\/vc_row][vc_row css_animation=\"\" row_type=\"row\" use_row_as_full_screen_section=\"no\" type=\"grid\" angled_section=\"no\" text_align=\"left\" background_image_as_pattern=\"without_pattern\" z_index=\"\" padding_bottom=\"50\" padding_top=\"50\"][vc_column width=\"2\/3\"][vc_column_text]<\/p>\n<h2><span style=\"color: #000; font-size: 1.2em; font-weight: 900;\">Technical Account Management<\/span><\/h2>\n<p><span style=\"color: #000; font-size: 1.1em;\">De forma transversal, este apoyo incluye el seguimiento del proyecto del cliente (<em>Technical Account Management<\/em>), la transferencia de competencias sobre temas espec\u00edficos de tu implantaci\u00f3n y la puesta a disposici\u00f3n de un contacto privilegiado para el mantenimiento en condiciones de seguridad.<\/span>[\/vc_column_text][vc_empty_space]<a  itemprop=\"url\" href=\"https:\/\/www.stormshield.com\/wp-content\/uploads\/Stormshield-EN-TAM-Service.pdf\" target=\"_blank\" data-hover-background-color=\"#d23467\" data-hover-border-color=\"#ffffff\" class=\"qbutton  white enlarge\" style=\"border-color: #ffffff; background-color:#060051;\">Technical Account Management<i class=\"qode_icon_font_awesome fa fa-angle-right qode_button_icon_element\"><\/i><\/a>[vc_empty_space height=\"12px\"]<a  itemprop=\"url\" href=\"https:\/\/www.stormshield.com\/es\/contacto\/equipos-comerciales\/\" target=\"_blank\" data-hover-background-color=\"#d23467\" data-hover-border-color=\"#ffffff\" class=\"qbutton  white enlarge\" style=\"border-color: #ffffff; background-color:#060051;\">Contacto<i class=\"qode_icon_font_awesome fa fa-angle-right qode_button_icon_element\"><\/i><\/a>[\/vc_column][vc_column width=\"1\/3\"][vc_single_image image=\"456622\" img_size=\"medium\" qode_css_animation=\"\"][\/vc_column][\/vc_row]<\/p>\n<\/div>","protected":false},"excerpt":{"rendered":"<p>[vc_row css_animation=\u00bb\u00bb row_type=\u00bbrow\u00bb use_row_as_full_screen_section=\u00bbno\u00bb type=\u00bbgrid\u00bb angled_section=\u00bbno\u00bb text_align=\u00bbleft\u00bb background_image_as_pattern=\u00bbwithout_pattern\u00bb z_index=\u00bb\u00bb padding_top=\u00bb50&#8243; padding_bottom=\u00bb50&#8243;][vc_column][vc_empty_space][vc_column_text] Servicios profesionales Stormshield: la experiencia del proveedor a tu lado [\/vc_column_text][vc_empty_space][\/vc_column][\/vc_row][vc_row css_animation=\u00bb\u00bb row_type=\u00bbrow\u00bb use_row_as_full_screen_section=\u00bbno\u00bb type=\u00bbgrid\u00bb angled_section=\u00bbno\u00bb text_align=\u00bbleft\u00bb background_image_as_pattern=\u00bbwithout_pattern\u00bb z_index=\u00bb\u00bb padding_bottom=\u00bb50&#8243;][vc_column width=\u00bb2\/3&#8243;][vc_column_text] El apoyo de expertos en ciberseguridad Tanto si eres socio como proveedor o&#8230;<\/p>\n","protected":false},"author":31,"featured_media":0,"parent":205035,"menu_order":288,"comment_status":"closed","ping_status":"closed","template":"full_width.php","meta":{"_acf_changed":false,"footnotes":""},"class_list":["post-233301","page","type-page","status-publish","hentry"],"acf":[],"yoast_head":"<!-- This site is optimized with the Yoast SEO plugin v27.0 - https:\/\/yoast.com\/product\/yoast-seo-wordpress\/ -->\n<title>Servicios profesionales: experiencia ciberseguridad | Stormshield<\/title>\n<meta name=\"description\" content=\"Como socio, proveedor y cliente, Stormshield le ayuda a proteger su infraestructura.\" \/>\n<meta name=\"robots\" content=\"index, follow, max-snippet:-1, max-image-preview:large, max-video-preview:-1\" \/>\n<link rel=\"canonical\" href=\"https:\/\/www.stormshield.com\/es\/nuestro-apoyo\/servicios\/servicios-profesionales\/\" \/>\n<meta property=\"og:locale\" content=\"es_ES\" \/>\n<meta property=\"og:type\" content=\"article\" \/>\n<meta property=\"og:title\" content=\"Servicios profesionales: experiencia ciberseguridad | Stormshield\" \/>\n<meta property=\"og:description\" content=\"Como socio, proveedor y cliente, Stormshield le ayuda a proteger su infraestructura.\" \/>\n<meta property=\"og:url\" content=\"https:\/\/www.stormshield.com\/es\/nuestro-apoyo\/servicios\/servicios-profesionales\/\" \/>\n<meta property=\"og:site_name\" content=\"Stormshield\" \/>\n<meta property=\"article:modified_time\" content=\"2025-11-17T13:45:32+00:00\" \/>\n<meta property=\"og:image\" content=\"https:\/\/www.stormshield.com\/wp-content\/uploads\/stormshield_logo.png\" \/>\n\t<meta property=\"og:image:width\" content=\"204\" \/>\n\t<meta property=\"og:image:height\" content=\"94\" \/>\n\t<meta property=\"og:image:type\" content=\"image\/png\" \/>\n<meta name=\"twitter:card\" content=\"summary_large_image\" \/>\n<meta name=\"twitter:site\" content=\"@Stormshield\" \/>\n<meta name=\"twitter:label1\" content=\"Tiempo de lectura\" \/>\n\t<meta name=\"twitter:data1\" content=\"2 minutos\" \/>\n<script type=\"application\/ld+json\" class=\"yoast-schema-graph\">{\"@context\":\"https:\/\/schema.org\",\"@graph\":[{\"@type\":\"WebPage\",\"@id\":\"https:\/\/www.stormshield.com\/es\/nuestro-apoyo\/servicios\/servicios-profesionales\/\",\"url\":\"https:\/\/www.stormshield.com\/es\/nuestro-apoyo\/servicios\/servicios-profesionales\/\",\"name\":\"Servicios profesionales: experiencia ciberseguridad | Stormshield\",\"isPartOf\":{\"@id\":\"https:\/\/www.stormshield.com\/es\/#website\"},\"datePublished\":\"2021-08-09T07:58:17+00:00\",\"dateModified\":\"2025-11-17T13:45:32+00:00\",\"description\":\"Como socio, proveedor y cliente, Stormshield le ayuda a proteger su infraestructura.\",\"breadcrumb\":{\"@id\":\"https:\/\/www.stormshield.com\/es\/nuestro-apoyo\/servicios\/servicios-profesionales\/#breadcrumb\"},\"inLanguage\":\"es\",\"potentialAction\":[{\"@type\":\"ReadAction\",\"target\":[\"https:\/\/www.stormshield.com\/es\/nuestro-apoyo\/servicios\/servicios-profesionales\/\"]}]},{\"@type\":\"BreadcrumbList\",\"@id\":\"https:\/\/www.stormshield.com\/es\/nuestro-apoyo\/servicios\/servicios-profesionales\/#breadcrumb\",\"itemListElement\":[{\"@type\":\"ListItem\",\"position\":1,\"name\":\"Home\",\"item\":\"https:\/\/www.stormshield.com\/es\/\"},{\"@type\":\"ListItem\",\"position\":2,\"name\":\"Nuestro apoyo\",\"item\":\"https:\/\/www.stormshield.com\/es\/nuestro-apoyo\/\"},{\"@type\":\"ListItem\",\"position\":3,\"name\":\"Servicios\",\"item\":\"https:\/\/www.stormshield.com\/es\/nuestro-apoyo\/servicios\/\"},{\"@type\":\"ListItem\",\"position\":4,\"name\":\"Servicios profesionales Stormshield\"}]},{\"@type\":\"WebSite\",\"@id\":\"https:\/\/www.stormshield.com\/es\/#website\",\"url\":\"https:\/\/www.stormshield.com\/es\/\",\"name\":\"Stormshield\",\"description\":\"Stormshield\",\"potentialAction\":[{\"@type\":\"SearchAction\",\"target\":{\"@type\":\"EntryPoint\",\"urlTemplate\":\"https:\/\/www.stormshield.com\/es\/?s={search_term_string}\"},\"query-input\":{\"@type\":\"PropertyValueSpecification\",\"valueRequired\":true,\"valueName\":\"search_term_string\"}}],\"inLanguage\":\"es\"}]}<\/script>\n<!-- \/ Yoast SEO plugin. -->","yoast_head_json":{"title":"Servicios profesionales: experiencia ciberseguridad | Stormshield","description":"Como socio, proveedor y cliente, Stormshield le ayuda a proteger su infraestructura.","robots":{"index":"index","follow":"follow","max-snippet":"max-snippet:-1","max-image-preview":"max-image-preview:large","max-video-preview":"max-video-preview:-1"},"canonical":"https:\/\/www.stormshield.com\/es\/nuestro-apoyo\/servicios\/servicios-profesionales\/","og_locale":"es_ES","og_type":"article","og_title":"Servicios profesionales: experiencia ciberseguridad | Stormshield","og_description":"Como socio, proveedor y cliente, Stormshield le ayuda a proteger su infraestructura.","og_url":"https:\/\/www.stormshield.com\/es\/nuestro-apoyo\/servicios\/servicios-profesionales\/","og_site_name":"Stormshield","article_modified_time":"2025-11-17T13:45:32+00:00","og_image":[{"width":204,"height":94,"url":"https:\/\/www.stormshield.com\/wp-content\/uploads\/stormshield_logo.png","type":"image\/png"}],"twitter_card":"summary_large_image","twitter_site":"@Stormshield","twitter_misc":{"Tiempo de lectura":"2 minutos"},"schema":{"@context":"https:\/\/schema.org","@graph":[{"@type":"WebPage","@id":"https:\/\/www.stormshield.com\/es\/nuestro-apoyo\/servicios\/servicios-profesionales\/","url":"https:\/\/www.stormshield.com\/es\/nuestro-apoyo\/servicios\/servicios-profesionales\/","name":"Servicios profesionales: experiencia ciberseguridad | Stormshield","isPartOf":{"@id":"https:\/\/www.stormshield.com\/es\/#website"},"datePublished":"2021-08-09T07:58:17+00:00","dateModified":"2025-11-17T13:45:32+00:00","description":"Como socio, proveedor y cliente, Stormshield le ayuda a proteger su infraestructura.","breadcrumb":{"@id":"https:\/\/www.stormshield.com\/es\/nuestro-apoyo\/servicios\/servicios-profesionales\/#breadcrumb"},"inLanguage":"es","potentialAction":[{"@type":"ReadAction","target":["https:\/\/www.stormshield.com\/es\/nuestro-apoyo\/servicios\/servicios-profesionales\/"]}]},{"@type":"BreadcrumbList","@id":"https:\/\/www.stormshield.com\/es\/nuestro-apoyo\/servicios\/servicios-profesionales\/#breadcrumb","itemListElement":[{"@type":"ListItem","position":1,"name":"Home","item":"https:\/\/www.stormshield.com\/es\/"},{"@type":"ListItem","position":2,"name":"Nuestro apoyo","item":"https:\/\/www.stormshield.com\/es\/nuestro-apoyo\/"},{"@type":"ListItem","position":3,"name":"Servicios","item":"https:\/\/www.stormshield.com\/es\/nuestro-apoyo\/servicios\/"},{"@type":"ListItem","position":4,"name":"Servicios profesionales Stormshield"}]},{"@type":"WebSite","@id":"https:\/\/www.stormshield.com\/es\/#website","url":"https:\/\/www.stormshield.com\/es\/","name":"Stormshield","description":"Stormshield","potentialAction":[{"@type":"SearchAction","target":{"@type":"EntryPoint","urlTemplate":"https:\/\/www.stormshield.com\/es\/?s={search_term_string}"},"query-input":{"@type":"PropertyValueSpecification","valueRequired":true,"valueName":"search_term_string"}}],"inLanguage":"es"}]}},"_links":{"self":[{"href":"https:\/\/www.stormshield.com\/es\/wp-json\/wp\/v2\/pages\/233301","targetHints":{"allow":["GET"]}}],"collection":[{"href":"https:\/\/www.stormshield.com\/es\/wp-json\/wp\/v2\/pages"}],"about":[{"href":"https:\/\/www.stormshield.com\/es\/wp-json\/wp\/v2\/types\/page"}],"author":[{"embeddable":true,"href":"https:\/\/www.stormshield.com\/es\/wp-json\/wp\/v2\/users\/31"}],"replies":[{"embeddable":true,"href":"https:\/\/www.stormshield.com\/es\/wp-json\/wp\/v2\/comments?post=233301"}],"version-history":[{"count":18,"href":"https:\/\/www.stormshield.com\/es\/wp-json\/wp\/v2\/pages\/233301\/revisions"}],"predecessor-version":[{"id":700117,"href":"https:\/\/www.stormshield.com\/es\/wp-json\/wp\/v2\/pages\/233301\/revisions\/700117"}],"up":[{"embeddable":true,"href":"https:\/\/www.stormshield.com\/es\/wp-json\/wp\/v2\/pages\/205035"}],"wp:attachment":[{"href":"https:\/\/www.stormshield.com\/es\/wp-json\/wp\/v2\/media?parent=233301"}],"curies":[{"name":"wp","href":"https:\/\/api.w.org\/{rel}","templated":true}]}}