{"id":233298,"date":"2021-09-23T08:25:37","date_gmt":"2021-09-23T07:25:37","guid":{"rendered":"https:\/\/www.stormshield.com\/our-support\/"},"modified":"2023-11-16T11:23:20","modified_gmt":"2023-11-16T10:23:20","slug":"nuestro-apoyo","status":"publish","type":"page","link":"https:\/\/www.stormshield.com\/es\/nuestro-apoyo\/","title":{"rendered":"Nuestro apoyo"},"content":{"rendered":"<div class=\"wpb-content-wrapper\"><p>[vc_row css_animation=\"\" row_type=\"row\" use_row_as_full_screen_section=\"no\" type=\"grid\" angled_section=\"no\" text_align=\"left\" background_image_as_pattern=\"without_pattern\" z_index=\"\" padding_top=\"50\" padding_bottom=\"50\"][vc_column][vc_empty_space][vc_column_text]<\/p>\n<h1 style=\"text-align: center;\"><span style=\"color: #00aaf5;\"><span style=\"font-weight: 900; font-size: 1.5em;\">Apoyo Stormshield, <\/span><\/span><span style=\"color: #00aaf5;\"><span style=\"font-weight: 300; font-size: 1.5em;\">para guiar a empresas y organizaciones hacia la ciberseguridad<\/span><\/span><\/h1>\n<p>[\/vc_column_text][\/vc_column][\/vc_row][vc_row css_animation=\"\" row_type=\"row\" use_row_as_full_screen_section=\"no\" type=\"grid\" angled_section=\"no\" text_align=\"left\" background_image_as_pattern=\"without_pattern\" z_index=\"\" padding_bottom=\"50\" css=\".vc_custom_1697804221509{background-color: #ffffff !important;}\" padding_top=\"50\"][vc_column][vc_row_inner row_type=\"row\" type=\"full_width\" text_align=\"left\" css_animation=\"\" background_color=\"#f9f9f9\" css=\".vc_custom_1697805785032{padding-top: 32px !important;padding-right: 32px !important;padding-bottom: 32px !important;padding-left: 32px !important;}\"][vc_column_inner][vc_column_text]<\/p>\n<h2><span style=\"color: #000; font-size: 1.2em; font-weight: 900;\">La proximidad de una red de socios<\/span><\/h2>\n<p><span style=\"color: #000; font-size: 1.1em;\">\u00bfNuestro credo en Stormshield? Construir una relaci\u00f3n especial con nuestro ecosistema de socios. Compartimos la misma filosof\u00eda: \u00ab<em>aunar fuerzas para proteger mejor los entornos exigentes<\/em>\u00bb.<\/span><\/p>\n<p><span style=\"color: #000; font-size: 1.1em;\">Para ofrecerte lo mejor en ciberseguridad, mantenemos una estrecha relaci\u00f3n con nuestra red de socios distribuidores y revendedores, que forman la aut\u00e9ntica columna vertebral de Stormshield. Nuestro objetivo es prestarte el servicio adecuado en el momento oportuno. Nuestros clientes finales y socios <strong>se benefician de diversos servicios con un objetivo com\u00fan: la ciberserenidad.<\/strong><\/span>[\/vc_column_text][vc_empty_space]<a  itemprop=\"url\" href=\"https:\/\/www.stormshield.com\/es\/nuestro-apoyo\/con-nuestros-socios\/\" target=\"_blank\" data-hover-background-color=\"#d23467\" data-hover-border-color=\"#ffffff\" class=\"qbutton  white enlarge\" style=\"border-color: #ffffff; background-color:#060051;\">Socios<i class=\"qode_icon_font_awesome fa fa-angle-right qode_button_icon_element\"><\/i><\/a>[\/vc_column_inner][\/vc_row_inner][\/vc_column][\/vc_row][vc_row css_animation=\"\" row_type=\"row\" use_row_as_full_screen_section=\"no\" type=\"grid\" angled_section=\"no\" text_align=\"left\" background_image_as_pattern=\"without_pattern\" z_index=\"\" padding_bottom=\"50\"][vc_column width=\"2\/3\"][vc_empty_space][vc_column_text]<\/p>\n<h2><span style=\"color: #000; font-size: 1.2em; font-weight: 900;\">Servicios para reaccionar r\u00e1pidamente ante una situaci\u00f3n cr\u00edtica<\/span><\/h2>\n<p><span style=\"color: #000; font-size: 1.1em;\">Nos comprometemos a <strong>ayudarte a trav\u00e9s de una oferta de servicios adaptada a tus necesidades y \u00e1gil en caso de situaciones complejas,<\/strong> en particular mediante el mantenimiento, el soporte t\u00e9cnico y un equipo de Servicios Profesionales que est\u00e1 constantemente a tu lado.<\/span><\/p>\n<p><span style=\"color: #000; font-size: 1.1em;\">Conscientes de las preocupaciones y necesidades de los clientes finales, tambi\u00e9n te ayudamos a desarrollar tus competencias.<\/span>[\/vc_column_text][vc_empty_space]<a  itemprop=\"url\" href=\"https:\/\/www.stormshield.com\/es\/nuestro-apoyo\/servicios\/\" target=\"_blank\" data-hover-background-color=\"#d23467\" data-hover-border-color=\"#ffffff\" class=\"qbutton  white enlarge\" style=\"border-color: #ffffff; background-color:#060051;\">Servicios<i class=\"qode_icon_font_awesome fa fa-angle-right qode_button_icon_element\"><\/i><\/a>[\/vc_column][vc_column width=\"1\/3\" css=\".vc_custom_1697803119835{padding-top: 24px !important;padding-right: 24px !important;padding-bottom: 24px !important;padding-left: 24px !important;background-color: #060051 !important;}\"][vc_empty_space][vc_column_text]<span style=\"color: #ffffff; font-size: 1.1em;\">Y para mantenerte informado en tiempo real del nivel de cobertura que ofrecen nuestros productos, visita nuestra p\u00e1gina web dedicada a la seguridad de los productos. Un sitio web gratuito y abierto a todos que permite realizar diversas acciones de seguridad: identificar si una direcci\u00f3n IP est\u00e1 presente en nuestras bases de datos de reputaci\u00f3n IP, encontrar las protecciones existentes en nuestros productos o incluso acceder a la lista de CVE detectadas por nuestro m\u00f3dulo Vulnerability Management SNVM. Y con el Threat Map, puedes mantenerte informado sobre el estado de las ciberamenazas en todo el mundo en tiempo real.<\/span>[\/vc_column_text][vc_empty_space]<a  itemprop=\"url\" href=\"https:\/\/security.stormshield.eu\/\" target=\"_blank\" data-hover-background-color=\"#d23467\" data-hover-border-color=\"#ffffff\" class=\"qbutton  white enlarge\" style=\"border-color: #ffffff; background-color:#060051;\">Security Portal<i class=\"qode_icon_font_awesome fa fa-angle-right qode_button_icon_element\"><\/i><\/a>[vc_empty_space][\/vc_column][\/vc_row][vc_row css_animation=\"\" row_type=\"row\" use_row_as_full_screen_section=\"no\" type=\"grid\" angled_section=\"no\" text_align=\"left\" background_image_as_pattern=\"without_pattern\" z_index=\"\" padding_bottom=\"50\" css=\".vc_custom_1697804221509{background-color: #ffffff !important;}\" padding_top=\"50\"][vc_column][vc_row_inner row_type=\"row\" type=\"full_width\" text_align=\"left\" css_animation=\"\" css=\".vc_custom_1700123155302{padding-top: 32px !important;padding-right: 32px !important;padding-bottom: 32px !important;padding-left: 32px !important;}\"][vc_column_inner][vc_column_text]<\/p>\n<h2><span style=\"color: #000; font-size: 1.2em; font-weight: 900;\">Formaci\u00f3n para nuestros clientes y socios<\/span><\/h2>\n<p><span style=\"color: #000; font-size: 1.1em;\">Nuestro ADN colaborativo y las s\u00f3lidas relaciones que mantenemos con el mundo acad\u00e9mico nos han orientado de forma natural hacia un enfoque pedag\u00f3gico y humano en este mundo tan t\u00e9cnico.<\/span><\/p>\n<p><span style=\"color: #000; font-size: 1.1em;\">Nuestras formaciones sobre el producto te permiten <strong>sacar el m\u00e1ximo partido a nuestras soluciones de seguridad<\/strong> de extremo a extremo innovadoras y proteger las redes (Stormshield Network Security), ordenadores (Stormshield Endpoint Security) y datos (Stormshield Data Security).<\/span>[\/vc_column_text][vc_empty_space]<a  itemprop=\"url\" href=\"https:\/\/www.stormshield.com\/es\/nuestro-apoyo\/servicios\/formacion\/\" target=\"_blank\" data-hover-background-color=\"#d23467\" data-hover-border-color=\"#ffffff\" class=\"qbutton  white enlarge\" style=\"border-color: #ffffff; background-color:#060051;\">Formaci\u00f3n<i class=\"qode_icon_font_awesome fa fa-angle-right qode_button_icon_element\"><\/i><\/a>[\/vc_column_inner][\/vc_row_inner][\/vc_column][\/vc_row][vc_row css_animation=\"\" row_type=\"row\" use_row_as_full_screen_section=\"no\" type=\"grid\" angled_section=\"no\" text_align=\"left\" background_image_as_pattern=\"without_pattern\" z_index=\"\" padding_bottom=\"50\" padding_top=\"50\"][vc_column][vc_row_inner row_type=\"row\" type=\"full_width\" text_align=\"left\" css_animation=\"\" background_color=\"#f9f9f9\" css=\".vc_custom_1697805785032{padding-top: 32px !important;padding-right: 32px !important;padding-bottom: 32px !important;padding-left: 32px !important;}\"][vc_column_inner width=\"2\/3\"][vc_column_text]<\/p>\n<h2><span style=\"color: #000; font-size: 1.2em; font-weight: 900;\">Contenidos educativos sobre ciberseguridad<\/span><\/h2>\n<p><span style=\"color: #000; font-size: 1.1em;\">Este enfoque pedag\u00f3gico se materializa tambi\u00e9n en una serie de contenidos que producimos regularmente, para lo que contamos con la intervenci\u00f3n de expertos en ciberseguridad. Encuentra nuestros art\u00edculos sobre ciberseguridad y alimenta tu cibercultura con contenidos de descifrado.<\/span>[\/vc_column_text][vc_empty_space]<a  itemprop=\"url\" href=\"https:\/\/www.stormshield.com\/es\/noticias\/\" target=\"_blank\" data-hover-background-color=\"#d23467\" data-hover-border-color=\"#ffffff\" class=\"qbutton  white enlarge\" style=\"border-color: #ffffff; background-color:#060051;\">Noticias<i class=\"qode_icon_font_awesome fa fa-angle-right qode_button_icon_element\"><\/i><\/a>[vc_empty_space height=\"12px\"]<a  itemprop=\"url\" href=\"https:\/\/www.stormshield.com\/es\/recursos\/?_sft_rc_type=libro-blanco\" target=\"_blank\" data-hover-background-color=\"#d23467\" data-hover-border-color=\"#ffffff\" class=\"qbutton  white enlarge\" style=\"border-color: #ffffff; background-color:#060051;\">Libro blanco<i class=\"qode_icon_font_awesome fa fa-angle-right qode_button_icon_element\"><\/i><\/a>[\/vc_column_inner][vc_column_inner width=\"1\/3\"][vc_single_image image=\"456507\" img_size=\"medium\" alignment=\"center\" qode_css_animation=\"\"][\/vc_column_inner][\/vc_row_inner][\/vc_column][\/vc_row][vc_row css_animation=\"\" row_type=\"row\" use_row_as_full_screen_section=\"no\" type=\"grid\" angled_section=\"no\" text_align=\"left\" background_image_as_pattern=\"without_pattern\" z_index=\"\" padding_bottom=\"50\" css=\".vc_custom_1697804221509{background-color: #ffffff !important;}\" padding_top=\"50\"][vc_column][vc_row_inner row_type=\"row\" type=\"full_width\" text_align=\"left\" css_animation=\"\" css=\".vc_custom_1700123155302{padding-top: 32px !important;padding-right: 32px !important;padding-bottom: 32px !important;padding-left: 32px !important;}\"][vc_column_inner][vc_column_text]<\/p>\n<h2><span style=\"color: #000; font-size: 1.2em; font-weight: 900;\">Documentaci\u00f3n Stormshield<\/span><\/h2>\n<p><span style=\"color: #000; font-size: 1.1em;\">Infograf\u00edas, opiniones de expertos, libros blancos, testimonios de clientes, v\u00eddeos y webinarios, as\u00ed como fichas de productos y cat\u00e1logos: accede a toda nuestra comunicaci\u00f3n de marketing.<\/span><\/p>\n<p><span style=\"color: #000; font-size: 1.1em;\">Los perfiles m\u00e1s t\u00e9cnicos que busquen manuales de usuario, gu\u00edas de instalaci\u00f3n y otras notas de versi\u00f3n podr\u00e1n encontrar todo esto en nuestro sitio web espec\u00edfico.<\/span>[\/vc_column_text][vc_empty_space]<a  itemprop=\"url\" href=\"https:\/\/www.stormshield.com\/es\/recursos\/\" target=\"_blank\" data-hover-background-color=\"#d23467\" data-hover-border-color=\"#ffffff\" class=\"qbutton  white enlarge\" style=\"border-color: #ffffff; background-color:#060051;\">Documentaci\u00f3n Marketing<i class=\"qode_icon_font_awesome fa fa-angle-right qode_button_icon_element\"><\/i><\/a>[vc_empty_space height=\"12px\"]<a  itemprop=\"url\" href=\"https:\/\/documentation.stormshield.eu\/\" target=\"_blank\" data-hover-background-color=\"#d23467\" data-hover-border-color=\"#ffffff\" class=\"qbutton  white enlarge\" style=\"border-color: #ffffff; background-color:#060051;\">Documentaci\u00f3n T\u00e9cnica<i class=\"qode_icon_font_awesome fa fa-angle-right qode_button_icon_element\"><\/i><\/a>[\/vc_column_inner][\/vc_row_inner][\/vc_column][\/vc_row]<\/p>\n<\/div>","protected":false},"excerpt":{"rendered":"<p>[vc_row css_animation=\u00bb\u00bb row_type=\u00bbrow\u00bb use_row_as_full_screen_section=\u00bbno\u00bb type=\u00bbgrid\u00bb angled_section=\u00bbno\u00bb text_align=\u00bbleft\u00bb background_image_as_pattern=\u00bbwithout_pattern\u00bb z_index=\u00bb\u00bb padding_top=\u00bb50&#8243; padding_bottom=\u00bb50&#8243;][vc_column][vc_empty_space][vc_column_text] Apoyo Stormshield, para guiar a empresas y organizaciones hacia la ciberseguridad [\/vc_column_text][\/vc_column][\/vc_row][vc_row css_animation=\u00bb\u00bb row_type=\u00bbrow\u00bb use_row_as_full_screen_section=\u00bbno\u00bb type=\u00bbgrid\u00bb angled_section=\u00bbno\u00bb text_align=\u00bbleft\u00bb background_image_as_pattern=\u00bbwithout_pattern\u00bb z_index=\u00bb\u00bb padding_bottom=\u00bb50&#8243; css=\u00bb.vc_custom_1697804221509{background-color: #ffffff !important;}\u00bb padding_top=\u00bb50&#8243;][vc_column][vc_row_inner row_type=\u00bbrow\u00bb type=\u00bbfull_width\u00bb text_align=\u00bbleft\u00bb css_animation=\u00bb\u00bb background_color=\u00bb#f9f9f9&#8243; css=\u00bb.vc_custom_1697805785032{padding-top: 32px !important;padding-right: 32px&#8230;<\/p>\n","protected":false},"author":31,"featured_media":0,"parent":0,"menu_order":393,"comment_status":"closed","ping_status":"closed","template":"full_width.php","meta":{"_acf_changed":false,"footnotes":""},"class_list":["post-233298","page","type-page","status-publish","hentry"],"acf":[],"yoast_head":"<!-- This site is optimized with the Yoast SEO plugin v27.0 - https:\/\/yoast.com\/product\/yoast-seo-wordpress\/ -->\n<title>Apoyo empresarial a la ciberseguridad | Stormshield<\/title>\n<meta name=\"description\" content=\"Stormshield ofrece soporte comercial, de marketing y t\u00e9cnico. Con un \u00fanico objetivo: ofrecerle lo mejor en ciberseguridad.\" \/>\n<meta name=\"robots\" content=\"index, follow, max-snippet:-1, max-image-preview:large, max-video-preview:-1\" \/>\n<link rel=\"canonical\" href=\"https:\/\/www.stormshield.com\/es\/nuestro-apoyo\/\" \/>\n<meta property=\"og:locale\" content=\"es_ES\" \/>\n<meta property=\"og:type\" content=\"article\" \/>\n<meta property=\"og:title\" content=\"Apoyo empresarial a la ciberseguridad | Stormshield\" \/>\n<meta property=\"og:description\" content=\"Stormshield ofrece soporte comercial, de marketing y t\u00e9cnico. Con un \u00fanico objetivo: ofrecerle lo mejor en ciberseguridad.\" \/>\n<meta property=\"og:url\" content=\"https:\/\/www.stormshield.com\/es\/nuestro-apoyo\/\" \/>\n<meta property=\"og:site_name\" content=\"Stormshield\" \/>\n<meta property=\"article:modified_time\" content=\"2023-11-16T10:23:20+00:00\" \/>\n<meta property=\"og:image\" content=\"https:\/\/www.stormshield.com\/wp-content\/uploads\/stormshield_logo.png\" \/>\n\t<meta property=\"og:image:width\" content=\"204\" \/>\n\t<meta property=\"og:image:height\" content=\"94\" \/>\n\t<meta property=\"og:image:type\" content=\"image\/png\" \/>\n<meta name=\"twitter:card\" content=\"summary_large_image\" \/>\n<meta name=\"twitter:site\" content=\"@Stormshield\" \/>\n<meta name=\"twitter:label1\" content=\"Tiempo de lectura\" \/>\n\t<meta name=\"twitter:data1\" content=\"3 minutos\" \/>\n<script type=\"application\/ld+json\" class=\"yoast-schema-graph\">{\"@context\":\"https:\/\/schema.org\",\"@graph\":[{\"@type\":\"WebPage\",\"@id\":\"https:\/\/www.stormshield.com\/es\/nuestro-apoyo\/\",\"url\":\"https:\/\/www.stormshield.com\/es\/nuestro-apoyo\/\",\"name\":\"Apoyo empresarial a la ciberseguridad | Stormshield\",\"isPartOf\":{\"@id\":\"https:\/\/www.stormshield.com\/es\/#website\"},\"datePublished\":\"2021-09-23T07:25:37+00:00\",\"dateModified\":\"2023-11-16T10:23:20+00:00\",\"description\":\"Stormshield ofrece soporte comercial, de marketing y t\u00e9cnico. Con un \u00fanico objetivo: ofrecerle lo mejor en ciberseguridad.\",\"breadcrumb\":{\"@id\":\"https:\/\/www.stormshield.com\/es\/nuestro-apoyo\/#breadcrumb\"},\"inLanguage\":\"es\",\"potentialAction\":[{\"@type\":\"ReadAction\",\"target\":[\"https:\/\/www.stormshield.com\/es\/nuestro-apoyo\/\"]}]},{\"@type\":\"BreadcrumbList\",\"@id\":\"https:\/\/www.stormshield.com\/es\/nuestro-apoyo\/#breadcrumb\",\"itemListElement\":[{\"@type\":\"ListItem\",\"position\":1,\"name\":\"Home\",\"item\":\"https:\/\/www.stormshield.com\/es\/\"},{\"@type\":\"ListItem\",\"position\":2,\"name\":\"Nuestro apoyo\"}]},{\"@type\":\"WebSite\",\"@id\":\"https:\/\/www.stormshield.com\/es\/#website\",\"url\":\"https:\/\/www.stormshield.com\/es\/\",\"name\":\"Stormshield\",\"description\":\"Stormshield\",\"potentialAction\":[{\"@type\":\"SearchAction\",\"target\":{\"@type\":\"EntryPoint\",\"urlTemplate\":\"https:\/\/www.stormshield.com\/es\/?s={search_term_string}\"},\"query-input\":{\"@type\":\"PropertyValueSpecification\",\"valueRequired\":true,\"valueName\":\"search_term_string\"}}],\"inLanguage\":\"es\"}]}<\/script>\n<!-- \/ Yoast SEO plugin. -->","yoast_head_json":{"title":"Apoyo empresarial a la ciberseguridad | Stormshield","description":"Stormshield ofrece soporte comercial, de marketing y t\u00e9cnico. Con un \u00fanico objetivo: ofrecerle lo mejor en ciberseguridad.","robots":{"index":"index","follow":"follow","max-snippet":"max-snippet:-1","max-image-preview":"max-image-preview:large","max-video-preview":"max-video-preview:-1"},"canonical":"https:\/\/www.stormshield.com\/es\/nuestro-apoyo\/","og_locale":"es_ES","og_type":"article","og_title":"Apoyo empresarial a la ciberseguridad | Stormshield","og_description":"Stormshield ofrece soporte comercial, de marketing y t\u00e9cnico. Con un \u00fanico objetivo: ofrecerle lo mejor en ciberseguridad.","og_url":"https:\/\/www.stormshield.com\/es\/nuestro-apoyo\/","og_site_name":"Stormshield","article_modified_time":"2023-11-16T10:23:20+00:00","og_image":[{"width":204,"height":94,"url":"https:\/\/www.stormshield.com\/wp-content\/uploads\/stormshield_logo.png","type":"image\/png"}],"twitter_card":"summary_large_image","twitter_site":"@Stormshield","twitter_misc":{"Tiempo de lectura":"3 minutos"},"schema":{"@context":"https:\/\/schema.org","@graph":[{"@type":"WebPage","@id":"https:\/\/www.stormshield.com\/es\/nuestro-apoyo\/","url":"https:\/\/www.stormshield.com\/es\/nuestro-apoyo\/","name":"Apoyo empresarial a la ciberseguridad | Stormshield","isPartOf":{"@id":"https:\/\/www.stormshield.com\/es\/#website"},"datePublished":"2021-09-23T07:25:37+00:00","dateModified":"2023-11-16T10:23:20+00:00","description":"Stormshield ofrece soporte comercial, de marketing y t\u00e9cnico. Con un \u00fanico objetivo: ofrecerle lo mejor en ciberseguridad.","breadcrumb":{"@id":"https:\/\/www.stormshield.com\/es\/nuestro-apoyo\/#breadcrumb"},"inLanguage":"es","potentialAction":[{"@type":"ReadAction","target":["https:\/\/www.stormshield.com\/es\/nuestro-apoyo\/"]}]},{"@type":"BreadcrumbList","@id":"https:\/\/www.stormshield.com\/es\/nuestro-apoyo\/#breadcrumb","itemListElement":[{"@type":"ListItem","position":1,"name":"Home","item":"https:\/\/www.stormshield.com\/es\/"},{"@type":"ListItem","position":2,"name":"Nuestro apoyo"}]},{"@type":"WebSite","@id":"https:\/\/www.stormshield.com\/es\/#website","url":"https:\/\/www.stormshield.com\/es\/","name":"Stormshield","description":"Stormshield","potentialAction":[{"@type":"SearchAction","target":{"@type":"EntryPoint","urlTemplate":"https:\/\/www.stormshield.com\/es\/?s={search_term_string}"},"query-input":{"@type":"PropertyValueSpecification","valueRequired":true,"valueName":"search_term_string"}}],"inLanguage":"es"}]}},"_links":{"self":[{"href":"https:\/\/www.stormshield.com\/es\/wp-json\/wp\/v2\/pages\/233298","targetHints":{"allow":["GET"]}}],"collection":[{"href":"https:\/\/www.stormshield.com\/es\/wp-json\/wp\/v2\/pages"}],"about":[{"href":"https:\/\/www.stormshield.com\/es\/wp-json\/wp\/v2\/types\/page"}],"author":[{"embeddable":true,"href":"https:\/\/www.stormshield.com\/es\/wp-json\/wp\/v2\/users\/31"}],"replies":[{"embeddable":true,"href":"https:\/\/www.stormshield.com\/es\/wp-json\/wp\/v2\/comments?post=233298"}],"version-history":[{"count":11,"href":"https:\/\/www.stormshield.com\/es\/wp-json\/wp\/v2\/pages\/233298\/revisions"}],"predecessor-version":[{"id":467373,"href":"https:\/\/www.stormshield.com\/es\/wp-json\/wp\/v2\/pages\/233298\/revisions\/467373"}],"wp:attachment":[{"href":"https:\/\/www.stormshield.com\/es\/wp-json\/wp\/v2\/media?parent=233298"}],"curies":[{"name":"wp","href":"https:\/\/api.w.org\/{rel}","templated":true}]}}