{"id":233296,"date":"2021-09-23T08:23:37","date_gmt":"2021-09-23T07:23:37","guid":{"rendered":"https:\/\/www.stormshield.com\/with-our-partners\/"},"modified":"2023-11-16T10:03:39","modified_gmt":"2023-11-16T09:03:39","slug":"con-nuestros-socios","status":"publish","type":"page","link":"https:\/\/www.stormshield.com\/es\/nuestro-apoyo\/con-nuestros-socios\/","title":{"rendered":"Con nuestros socios"},"content":{"rendered":"<div class=\"wpb-content-wrapper\"><p>[vc_row css_animation=\"\" row_type=\"row\" use_row_as_full_screen_section=\"no\" type=\"grid\" angled_section=\"no\" text_align=\"left\" background_image_as_pattern=\"without_pattern\" z_index=\"\" padding_top=\"50\" padding_bottom=\"50\"][vc_column][vc_empty_space][vc_column_text]<\/p>\n<h1 style=\"text-align: center;\"><span style=\"color: #00aaf5;\"><span style=\"font-weight: 900; font-size: 1.5em;\">Los socios de Stormshield, <\/span><\/span><span style=\"color: #00aaf5;\"><span style=\"font-weight: 300; font-size: 1.5em;\">una red mundial de distribuidores y revendedores<\/span><\/span><\/h1>\n<p>[\/vc_column_text][\/vc_column][\/vc_row][vc_row css_animation=\"\" row_type=\"row\" use_row_as_full_screen_section=\"no\" type=\"grid\" angled_section=\"no\" text_align=\"left\" background_image_as_pattern=\"without_pattern\" z_index=\"\" padding_bottom=\"50\"][vc_column width=\"2\/3\"][vc_empty_space][vc_column_text]<span style=\"color: #000; font-size: 1.1em;\"><strong>Stormshield mantiene su red de socios desde hace casi 20 a\u00f1os.<\/strong> En la actualidad, cuenta con m\u00e1s de 800 distribuidores y revendedores, presentes en m\u00e1s de 40 pa\u00edses.<\/span><\/p>\n<p><span style=\"color: #000; font-size: 1.1em;\">El mundo Stormshield lo conforma una red global de socios distribuidores y revendedores. Como aut\u00e9nticos relevos operativos sobre el terreno, materializan nuestra estrategia de pensar a escala mundial actuando a escala local. Basados en la confianza mutua y una proximidad permanente, mantenemos una s\u00f3lida relaci\u00f3n con ellos.<\/span>[\/vc_column_text][vc_empty_space][\/vc_column][vc_column width=\"1\/3\" css=\".vc_custom_1697803119835{padding-top: 24px !important;padding-right: 24px !important;padding-bottom: 24px !important;padding-left: 24px !important;background-color: #060051 !important;}\"][vc_empty_space][vc_column_text]<span style=\"color: #ffffff; font-size: 4em;\"><strong>+800<\/strong><\/span><br \/>\n<span style=\"color: #ffffff; font-size: 1.1em;\">socios distribuidores y revendedores en todo el mundo<\/span>[\/vc_column_text][vc_empty_space][\/vc_column][\/vc_row][vc_row css_animation=\"\" row_type=\"row\" use_row_as_full_screen_section=\"no\" type=\"grid\" angled_section=\"no\" text_align=\"left\" background_image_as_pattern=\"without_pattern\" z_index=\"\" padding_bottom=\"50\" css=\".vc_custom_1697804221509{background-color: #ffffff !important;}\" padding_top=\"50\"][vc_column][vc_row_inner row_type=\"row\" type=\"full_width\" text_align=\"left\" css_animation=\"\" background_color=\"#f9f9f9\" css=\".vc_custom_1697805785032{padding-top: 32px !important;padding-right: 32px !important;padding-bottom: 32px !important;padding-left: 32px !important;}\"][vc_column_inner][vc_column_text]<\/p>\n<h2><span style=\"color: #000; font-size: 1.2em; font-weight: 900;\">Una red de confianza<\/span><\/h2>\n<p><span style=\"color: #000; font-size: 1.1em;\">Estas asociaciones empresariales demuestran nuestra confianza mutua y reflejan un compromiso com\u00fan de coconstruir las mejores ofertas de servicios para nuestros clientes. Dicha colaboraci\u00f3n requiere las certificaciones t\u00e9cnicas necesarias para unirse a nuestro programa Partner Connect. La confianza digital tambi\u00e9n es esencial para las relaciones en nuestras asociaciones. <\/span><\/p>\n<p><strong><span style=\"color: #000; font-size: 1.1em;\">\u00bfQuieres trabajar con unas soluciones europeas de confianza?<\/span><\/strong>[\/vc_column_text][vc_empty_space]<a  itemprop=\"url\" href=\"https:\/\/www.stormshield.com\/es\/ressourcescenter\/por-que-formar-parte-de-la-red-stormshield\/\" target=\"_blank\" data-hover-background-color=\"#d23467\" data-hover-border-color=\"#ffffff\" class=\"qbutton  white enlarge\" style=\"border-color: #ffffff; background-color:#060051;\">Partner Connect<i class=\"qode_icon_font_awesome fa fa-angle-right qode_button_icon_element\"><\/i><\/a>[\/vc_column_inner][\/vc_row_inner][\/vc_column][\/vc_row][vc_row css_animation=\"\" row_type=\"row\" use_row_as_full_screen_section=\"no\" type=\"grid\" angled_section=\"no\" text_align=\"left\" background_image_as_pattern=\"without_pattern\" z_index=\"\" padding_bottom=\"50\" padding_top=\"50\"][vc_column][vc_row_inner row_type=\"row\" type=\"full_width\" text_align=\"left\" css_animation=\"\" css=\".vc_custom_1700123155302{padding-top: 32px !important;padding-right: 32px !important;padding-bottom: 32px !important;padding-left: 32px !important;}\"][vc_column_inner width=\"2\/3\"][vc_column_text]<\/p>\n<h2><span style=\"color: #000; font-size: 1.2em; font-weight: 900;\">La proximidad como piedra angular de nuestras asociaciones<\/span><\/h2>\n<p><span style=\"color: #000; font-size: 1.1em;\">Estas empresas asociadas constituyen el relevo de la presencia de Stormshield en todo el mundo. Desde un punto de vista estrictamente geogr\u00e1fico, es algo que nos permite tener un enfoque de mercado muy preciso, con un seguimiento local para una mejor capacidad de respuesta y adaptaci\u00f3n de la respuesta al contexto.<\/span><\/p>\n<p><span style=\"color: #000; font-size: 1.1em;\">En cuanto a las relaciones, la proximidad inducida por estas asociaciones conduce a una mayor disponibilidad y se nutre de intercambios frecuentes con el equipo de Canal.<\/span>[\/vc_column_text][vc_empty_space]<a  itemprop=\"url\" href=\"https:\/\/www.stormshield.com\/es\/contacto\/channel-partner\/\" target=\"_blank\" data-hover-background-color=\"#d23467\" data-hover-border-color=\"#ffffff\" class=\"qbutton  white enlarge\" style=\"border-color: #ffffff; background-color:#060051;\">Contacto<i class=\"qode_icon_font_awesome fa fa-angle-right qode_button_icon_element\"><\/i><\/a>[\/vc_column_inner][vc_column_inner width=\"1\/3\"][vc_single_image image=\"456827\" img_size=\"medium\" alignment=\"center\" qode_css_animation=\"\"][\/vc_column_inner][\/vc_row_inner][\/vc_column][\/vc_row][vc_row css_animation=\"\" row_type=\"row\" use_row_as_full_screen_section=\"no\" type=\"grid\" angled_section=\"no\" text_align=\"left\" background_image_as_pattern=\"without_pattern\" z_index=\"\" padding_bottom=\"50\" css=\".vc_custom_1697804221509{background-color: #ffffff !important;}\" padding_top=\"50\"][vc_column][vc_row_inner row_type=\"row\" type=\"full_width\" text_align=\"left\" css_animation=\"\" background_color=\"#f9f9f9\" css=\".vc_custom_1697805785032{padding-top: 32px !important;padding-right: 32px !important;padding-bottom: 32px !important;padding-left: 32px !important;}\"][vc_column_inner][vc_column_text]<\/p>\n<h2><span style=\"color: #000; font-size: 1.2em; font-weight: 900;\">Encuentre su mayorista<\/span><\/h2>\n<p><span style=\"color: #000; font-size: 1.1em;\"><strong>\u00bfEres un socio distribuidor que busca un mayorista?<\/strong> Encuentra tu distribuidor de Stormshield en dos clics utilizando nuestra herramienta de b\u00fasqueda.<\/span>[\/vc_column_text][vc_empty_space]<a  itemprop=\"url\" href=\"https:\/\/www.stormshield.com\/es\/red-de-partner\/buscador-de-partner\/\" target=\"_blank\" data-hover-background-color=\"#d23467\" data-hover-border-color=\"#ffffff\" class=\"qbutton  white enlarge\" style=\"border-color: #ffffff; background-color:#060051;\">Partner Finder<i class=\"qode_icon_font_awesome fa fa-angle-right qode_button_icon_element\"><\/i><\/a>[\/vc_column_inner][\/vc_row_inner][\/vc_column][\/vc_row]<\/p>\n<\/div>","protected":false},"excerpt":{"rendered":"<p>[vc_row css_animation=\u00bb\u00bb row_type=\u00bbrow\u00bb use_row_as_full_screen_section=\u00bbno\u00bb type=\u00bbgrid\u00bb angled_section=\u00bbno\u00bb text_align=\u00bbleft\u00bb background_image_as_pattern=\u00bbwithout_pattern\u00bb z_index=\u00bb\u00bb padding_top=\u00bb50&#8243; padding_bottom=\u00bb50&#8243;][vc_column][vc_empty_space][vc_column_text] Los socios de Stormshield, una red mundial de distribuidores y revendedores [\/vc_column_text][\/vc_column][\/vc_row][vc_row css_animation=\u00bb\u00bb row_type=\u00bbrow\u00bb use_row_as_full_screen_section=\u00bbno\u00bb type=\u00bbgrid\u00bb angled_section=\u00bbno\u00bb text_align=\u00bbleft\u00bb background_image_as_pattern=\u00bbwithout_pattern\u00bb z_index=\u00bb\u00bb padding_bottom=\u00bb50&#8243;][vc_column width=\u00bb2\/3&#8243;][vc_empty_space][vc_column_text]Stormshield mantiene su red de socios desde hace casi 20 a\u00f1os. En la&#8230;<\/p>\n","protected":false},"author":31,"featured_media":0,"parent":233298,"menu_order":12,"comment_status":"closed","ping_status":"closed","template":"full_width.php","meta":{"_acf_changed":false,"footnotes":""},"class_list":["post-233296","page","type-page","status-publish","hentry"],"acf":[],"yoast_head":"<!-- This site is optimized with the Yoast SEO plugin v27.0 - https:\/\/yoast.com\/product\/yoast-seo-wordpress\/ -->\n<title>Socios distribuidores y revendedores de Stormshield<\/title>\n<meta name=\"description\" content=\"Una red mundial de socios distribuidores y revendedores, que son los enlaces sobre el terreno para las soluciones Stormshield.\" \/>\n<meta name=\"robots\" content=\"index, follow, max-snippet:-1, max-image-preview:large, max-video-preview:-1\" \/>\n<link rel=\"canonical\" href=\"https:\/\/www.stormshield.com\/es\/nuestro-apoyo\/con-nuestros-socios\/\" \/>\n<meta property=\"og:locale\" content=\"es_ES\" \/>\n<meta property=\"og:type\" content=\"article\" \/>\n<meta property=\"og:title\" content=\"Socios distribuidores y revendedores de Stormshield\" \/>\n<meta property=\"og:description\" content=\"Una red mundial de socios distribuidores y revendedores, que son los enlaces sobre el terreno para las soluciones Stormshield.\" \/>\n<meta property=\"og:url\" content=\"https:\/\/www.stormshield.com\/es\/nuestro-apoyo\/con-nuestros-socios\/\" \/>\n<meta property=\"og:site_name\" content=\"Stormshield\" \/>\n<meta property=\"article:modified_time\" content=\"2023-11-16T09:03:39+00:00\" \/>\n<meta property=\"og:image\" content=\"https:\/\/www.stormshield.com\/wp-content\/uploads\/stormshield_logo.png\" \/>\n\t<meta property=\"og:image:width\" content=\"204\" \/>\n\t<meta property=\"og:image:height\" content=\"94\" \/>\n\t<meta property=\"og:image:type\" content=\"image\/png\" \/>\n<meta name=\"twitter:card\" content=\"summary_large_image\" \/>\n<meta name=\"twitter:site\" content=\"@Stormshield\" \/>\n<meta name=\"twitter:label1\" content=\"Tiempo de lectura\" \/>\n\t<meta name=\"twitter:data1\" content=\"2 minutos\" \/>\n<script type=\"application\/ld+json\" class=\"yoast-schema-graph\">{\"@context\":\"https:\/\/schema.org\",\"@graph\":[{\"@type\":\"WebPage\",\"@id\":\"https:\/\/www.stormshield.com\/es\/nuestro-apoyo\/con-nuestros-socios\/\",\"url\":\"https:\/\/www.stormshield.com\/es\/nuestro-apoyo\/con-nuestros-socios\/\",\"name\":\"Socios distribuidores y revendedores de Stormshield\",\"isPartOf\":{\"@id\":\"https:\/\/www.stormshield.com\/es\/#website\"},\"datePublished\":\"2021-09-23T07:23:37+00:00\",\"dateModified\":\"2023-11-16T09:03:39+00:00\",\"description\":\"Una red mundial de socios distribuidores y revendedores, que son los enlaces sobre el terreno para las soluciones Stormshield.\",\"breadcrumb\":{\"@id\":\"https:\/\/www.stormshield.com\/es\/nuestro-apoyo\/con-nuestros-socios\/#breadcrumb\"},\"inLanguage\":\"es\",\"potentialAction\":[{\"@type\":\"ReadAction\",\"target\":[\"https:\/\/www.stormshield.com\/es\/nuestro-apoyo\/con-nuestros-socios\/\"]}]},{\"@type\":\"BreadcrumbList\",\"@id\":\"https:\/\/www.stormshield.com\/es\/nuestro-apoyo\/con-nuestros-socios\/#breadcrumb\",\"itemListElement\":[{\"@type\":\"ListItem\",\"position\":1,\"name\":\"Home\",\"item\":\"https:\/\/www.stormshield.com\/es\/\"},{\"@type\":\"ListItem\",\"position\":2,\"name\":\"Nuestro apoyo\",\"item\":\"https:\/\/www.stormshield.com\/es\/nuestro-apoyo\/\"},{\"@type\":\"ListItem\",\"position\":3,\"name\":\"Con nuestros socios\"}]},{\"@type\":\"WebSite\",\"@id\":\"https:\/\/www.stormshield.com\/es\/#website\",\"url\":\"https:\/\/www.stormshield.com\/es\/\",\"name\":\"Stormshield\",\"description\":\"Stormshield\",\"potentialAction\":[{\"@type\":\"SearchAction\",\"target\":{\"@type\":\"EntryPoint\",\"urlTemplate\":\"https:\/\/www.stormshield.com\/es\/?s={search_term_string}\"},\"query-input\":{\"@type\":\"PropertyValueSpecification\",\"valueRequired\":true,\"valueName\":\"search_term_string\"}}],\"inLanguage\":\"es\"}]}<\/script>\n<!-- \/ Yoast SEO plugin. -->","yoast_head_json":{"title":"Socios distribuidores y revendedores de Stormshield","description":"Una red mundial de socios distribuidores y revendedores, que son los enlaces sobre el terreno para las soluciones Stormshield.","robots":{"index":"index","follow":"follow","max-snippet":"max-snippet:-1","max-image-preview":"max-image-preview:large","max-video-preview":"max-video-preview:-1"},"canonical":"https:\/\/www.stormshield.com\/es\/nuestro-apoyo\/con-nuestros-socios\/","og_locale":"es_ES","og_type":"article","og_title":"Socios distribuidores y revendedores de Stormshield","og_description":"Una red mundial de socios distribuidores y revendedores, que son los enlaces sobre el terreno para las soluciones Stormshield.","og_url":"https:\/\/www.stormshield.com\/es\/nuestro-apoyo\/con-nuestros-socios\/","og_site_name":"Stormshield","article_modified_time":"2023-11-16T09:03:39+00:00","og_image":[{"width":204,"height":94,"url":"https:\/\/www.stormshield.com\/wp-content\/uploads\/stormshield_logo.png","type":"image\/png"}],"twitter_card":"summary_large_image","twitter_site":"@Stormshield","twitter_misc":{"Tiempo de lectura":"2 minutos"},"schema":{"@context":"https:\/\/schema.org","@graph":[{"@type":"WebPage","@id":"https:\/\/www.stormshield.com\/es\/nuestro-apoyo\/con-nuestros-socios\/","url":"https:\/\/www.stormshield.com\/es\/nuestro-apoyo\/con-nuestros-socios\/","name":"Socios distribuidores y revendedores de Stormshield","isPartOf":{"@id":"https:\/\/www.stormshield.com\/es\/#website"},"datePublished":"2021-09-23T07:23:37+00:00","dateModified":"2023-11-16T09:03:39+00:00","description":"Una red mundial de socios distribuidores y revendedores, que son los enlaces sobre el terreno para las soluciones Stormshield.","breadcrumb":{"@id":"https:\/\/www.stormshield.com\/es\/nuestro-apoyo\/con-nuestros-socios\/#breadcrumb"},"inLanguage":"es","potentialAction":[{"@type":"ReadAction","target":["https:\/\/www.stormshield.com\/es\/nuestro-apoyo\/con-nuestros-socios\/"]}]},{"@type":"BreadcrumbList","@id":"https:\/\/www.stormshield.com\/es\/nuestro-apoyo\/con-nuestros-socios\/#breadcrumb","itemListElement":[{"@type":"ListItem","position":1,"name":"Home","item":"https:\/\/www.stormshield.com\/es\/"},{"@type":"ListItem","position":2,"name":"Nuestro apoyo","item":"https:\/\/www.stormshield.com\/es\/nuestro-apoyo\/"},{"@type":"ListItem","position":3,"name":"Con nuestros socios"}]},{"@type":"WebSite","@id":"https:\/\/www.stormshield.com\/es\/#website","url":"https:\/\/www.stormshield.com\/es\/","name":"Stormshield","description":"Stormshield","potentialAction":[{"@type":"SearchAction","target":{"@type":"EntryPoint","urlTemplate":"https:\/\/www.stormshield.com\/es\/?s={search_term_string}"},"query-input":{"@type":"PropertyValueSpecification","valueRequired":true,"valueName":"search_term_string"}}],"inLanguage":"es"}]}},"_links":{"self":[{"href":"https:\/\/www.stormshield.com\/es\/wp-json\/wp\/v2\/pages\/233296","targetHints":{"allow":["GET"]}}],"collection":[{"href":"https:\/\/www.stormshield.com\/es\/wp-json\/wp\/v2\/pages"}],"about":[{"href":"https:\/\/www.stormshield.com\/es\/wp-json\/wp\/v2\/types\/page"}],"author":[{"embeddable":true,"href":"https:\/\/www.stormshield.com\/es\/wp-json\/wp\/v2\/users\/31"}],"replies":[{"embeddable":true,"href":"https:\/\/www.stormshield.com\/es\/wp-json\/wp\/v2\/comments?post=233296"}],"version-history":[{"count":9,"href":"https:\/\/www.stormshield.com\/es\/wp-json\/wp\/v2\/pages\/233296\/revisions"}],"predecessor-version":[{"id":467362,"href":"https:\/\/www.stormshield.com\/es\/wp-json\/wp\/v2\/pages\/233296\/revisions\/467362"}],"up":[{"embeddable":true,"href":"https:\/\/www.stormshield.com\/es\/wp-json\/wp\/v2\/pages\/233298"}],"wp:attachment":[{"href":"https:\/\/www.stormshield.com\/es\/wp-json\/wp\/v2\/media?parent=233296"}],"curies":[{"name":"wp","href":"https:\/\/api.w.org\/{rel}","templated":true}]}}