{"id":233268,"date":"2021-02-09T16:39:50","date_gmt":"2021-02-09T15:39:50","guid":{"rendered":"https:\/\/www.stormshield.com\/productos-y-servicios\/productos\/seguridad-de-red\/administration-tools-sns-firewalls\/"},"modified":"2026-03-27T14:50:06","modified_gmt":"2026-03-27T13:50:06","slug":"herramientas-de-administracion","status":"publish","type":"page","link":"https:\/\/www.stormshield.com\/es\/productos-y-servicios\/productos\/seguridad-de-red\/herramientas-de-administracion\/","title":{"rendered":"Herramientas de administraci\u00f3n de cortafuegos SNS"},"content":{"rendered":"<div class=\"wpb-content-wrapper\"><p>[vc_row css_animation=\"\" row_type=\"row\" use_row_as_full_screen_section=\"no\" type=\"grid\" angled_section=\"no\" text_align=\"left\" background_image_as_pattern=\"without_pattern\" z_index=\"\" padding_top=\"50\" padding_bottom=\"50\"][vc_column][vc_row_inner row_type=\"row\" type=\"full_width\" text_align=\"left\" css_animation=\"\"][vc_column_inner][vc_column_text]<\/p>\n<h1 style=\"text-align: center;\"><span style=\"color: #00aaf5;\"><span style=\"font-weight: 300; font-size: 1.5em;\">Optimice tu seguridad y la protecci\u00f3n de tu red<\/span><\/span><span style=\"color: #00aaf5;\"><span style=\"font-weight: 900; font-size: 1.5em;\"> con herramientas de administraci\u00f3n para cortafuegos SNS<\/span><\/span><\/h1>\n<p>[\/vc_column_text][\/vc_column_inner][\/vc_row_inner][\/vc_column][\/vc_row][vc_row css_animation=\"\" row_type=\"row\" use_row_as_full_screen_section=\"no\" type=\"grid\" angled_section=\"no\" text_align=\"left\" background_image_as_pattern=\"without_pattern\" z_index=\"\"][vc_column][vc_row_inner row_type=\"row\" type=\"full_width\" text_align=\"left\" css_animation=\"\"][vc_column_inner width=\"1\/2\" css=\".vc_custom_1706169633299{padding-top: 32px !important;padding-right: 32px !important;padding-bottom: 32px !important;padding-left: 32px !important;}\"][vc_single_image image=\"253800\" img_size=\"medium\" alignment=\"center\" qode_css_animation=\"\"][vc_column_text]<\/p>\n<h2><span style=\"color: #000; font-size: 1.2em; font-weight: 900;\">SMC: la gesti\u00f3n centralizada de los cortafuegos SNS<\/span><\/h2>\n<p><span style=\"color: #000; font-size: 1.1em;\"><strong>Con la soluci\u00f3n Stormshield Management Center (SMC),<\/strong> gestiona de forma centralizada y segura tus cortafuegos Stormshield Network Security.<\/span><\/p>\n<p><span style=\"color: #000; font-size: 1.1em;\">Adem\u00e1s, gracias a las funcionalidades y a la intuitiva interfaz gr\u00e1fica de SMC, podr\u00e1s optimizar tus tareas de supervisi\u00f3n, configuraci\u00f3n y mantenimiento. Deshazte de las tareas repetitivas.<\/span>[\/vc_column_text][vc_empty_space]<a  itemprop=\"url\" href=\"https:\/\/www.stormshield.com\/es\/productos-y-servicios\/productos\/seguridad-de-red\/herramientas-de-administracion\/smc\/\" target=\"_self\" data-hover-background-color=\"#00aeef\" data-hover-border-color=\"#ffffff\" class=\"qbutton  white enlarge\" style=\"border-color: #ffffff; background-color:#060051;\">SMC<i class=\"qode_icon_font_awesome fa fa-angle-right qode_button_icon_element\"><\/i><\/a>[vc_empty_space][\/vc_column_inner][vc_column_inner width=\"1\/2\" css=\".vc_custom_1706169941322{padding-top: 32px !important;padding-right: 32px !important;padding-bottom: 32px !important;padding-left: 32px !important;}\"][vc_single_image image=\"769488\" img_size=\"medium\" alignment=\"center\" css=\"\" qode_css_animation=\"\"][vc_column_text]<\/p>\n<h2><span style=\"color: #000; font-size: 1.2em; font-weight: 900;\">SLS: la gesti\u00f3n de logs de Stormshield a gran escala<\/span><\/h2>\n<p><span style=\"color: #000; font-size: 1.1em;\">Es dif\u00edcil dedicar tiempo a analizar los eventos de seguridad en busca de posibles problemas, por no hablar de buscar un evento concreto en esa masa de logs. <strong>Con Stormshield Log Supervisor (SLS),<\/strong> puedes ver el estado y los eventos de tu red de un vistazo. <\/span><\/p>\n<p><span style=\"color: #000; font-size: 1.1em;\">Mejora la visibilidad de los logs en tu red y optimiza la respuesta a los incidentes.<\/span>[\/vc_column_text][vc_empty_space]<a  itemprop=\"url\" href=\"https:\/\/www.stormshield.com\/es\/productos-y-servicios\/productos\/seguridad-de-red\/herramientas-de-administracion\/sls\/\" target=\"_self\" data-hover-background-color=\"#00aeef\" data-hover-border-color=\"#ffffff\" class=\"qbutton  white enlarge\" style=\"border-color: #ffffff; background-color:#060051;\">SLS<i class=\"qode_icon_font_awesome fa fa-angle-right qode_button_icon_element\"><\/i><\/a>[vc_empty_space][\/vc_column_inner][\/vc_row_inner][\/vc_column][\/vc_row][vc_row css_animation=\"\" row_type=\"row\" use_row_as_full_screen_section=\"no\" type=\"grid\" angled_section=\"no\" text_align=\"left\" background_image_as_pattern=\"without_pattern\" z_index=\"\"][vc_column][vc_row_inner row_type=\"row\" type=\"full_width\" text_align=\"left\" css_animation=\"\" css=\".vc_custom_1706170044204{padding-top: 32px !important;padding-right: 32px !important;padding-bottom: 32px !important;padding-left: 32px !important;background-color: #f9f9f9 !important;}\"][vc_column_inner css=\".vc_custom_1706169633299{padding-top: 32px !important;padding-right: 32px !important;padding-bottom: 32px !important;padding-left: 32px !important;}\"][vc_column_text css=\"\"]<span style=\"color: #000; font-size: 1.1em;\">Basado en la soluci\u00f3n guardsix, certificada EAL3+ y l\u00edder europeo en soluciones de gesti\u00f3n de informaci\u00f3n y eventos de seguridad, <strong>Stormshield Log Supervisor tambi\u00e9n responde a las limitaciones legales y a las cuestiones operativas de conservaci\u00f3n y explotaci\u00f3n de logs a largo plazo.<\/strong><\/span>[\/vc_column_text][\/vc_column_inner][\/vc_row_inner][\/vc_column][\/vc_row][vc_row css_animation=\"\" row_type=\"row\" use_row_as_full_screen_section=\"no\" type=\"grid\" angled_section=\"no\" text_align=\"left\" background_image_as_pattern=\"without_pattern\" z_index=\"\"][vc_column][vc_row_inner row_type=\"row\" type=\"full_width\" text_align=\"left\" css_animation=\"\"][vc_column_inner css=\".vc_custom_1706169633299{padding-top: 32px !important;padding-right: 32px !important;padding-bottom: 32px !important;padding-left: 32px !important;}\"][vc_empty_space][\/vc_column_inner][\/vc_row_inner][\/vc_column][\/vc_row][vc_row css_animation=\"\" row_type=\"row\" use_row_as_full_screen_section=\"no\" type=\"grid\" angled_section=\"no\" text_align=\"left\" background_image_as_pattern=\"without_pattern\" z_index=\"\"][vc_column][vc_row_inner row_type=\"row\" type=\"full_width\" text_align=\"left\" css_animation=\"\" css=\".vc_custom_1706170197876{padding-top: 32px !important;padding-right: 32px !important;padding-bottom: 32px !important;padding-left: 32px !important;background-color: #060051 !important;}\"][vc_column_inner css=\".vc_custom_1706169633299{padding-top: 32px !important;padding-right: 32px !important;padding-bottom: 32px !important;padding-left: 32px !important;}\"][vc_column_text]<span style=\"color: #000; font-size: 1.1em;\"><span style=\"color: #ffffff;\">Adem\u00e1s de las herramientas de administraci\u00f3n, puedes contar con el soporte t\u00e9cnico de Stormshield. Incluso en las situaciones m\u00e1s complejas, <strong>nuestra misi\u00f3n es responder r\u00e1pida y eficazmente para contribuir a garantizar tu ciberseguridad.<\/strong><\/span><\/span>[\/vc_column_text][vc_empty_space]<a  itemprop=\"url\" href=\"https:\/\/www.stormshield.com\/es\/contacto\/soporte-tecnico\/\" target=\"_blank\" data-hover-background-color=\"#00aeef\" data-hover-border-color=\"#ffffff\" class=\"qbutton  white enlarge\" style=\"border-color: #ffffff; background-color:#060051;\">Soporte t\u00e9cnico<i class=\"qode_icon_font_awesome fa fa-angle-right qode_button_icon_element\"><\/i><\/a>[\/vc_column_inner][\/vc_row_inner][\/vc_column][\/vc_row][vc_row css_animation=\"\" row_type=\"row\" use_row_as_full_screen_section=\"no\" type=\"grid\" angled_section=\"no\" text_align=\"left\" background_image_as_pattern=\"without_pattern\" z_index=\"\"][vc_column][vc_row_inner row_type=\"row\" type=\"full_width\" text_align=\"left\" css_animation=\"\"][vc_column_inner css=\".vc_custom_1706169633299{padding-top: 32px !important;padding-right: 32px !important;padding-bottom: 32px !important;padding-left: 32px !important;}\"][vc_empty_space][\/vc_column_inner][\/vc_row_inner][\/vc_column][\/vc_row]<\/p>\n<\/div>","protected":false},"excerpt":{"rendered":"<p>[vc_row css_animation=\u00bb\u00bb row_type=\u00bbrow\u00bb use_row_as_full_screen_section=\u00bbno\u00bb type=\u00bbgrid\u00bb angled_section=\u00bbno\u00bb text_align=\u00bbleft\u00bb background_image_as_pattern=\u00bbwithout_pattern\u00bb z_index=\u00bb\u00bb padding_top=\u00bb50&#8243; padding_bottom=\u00bb50&#8243;][vc_column][vc_row_inner row_type=\u00bbrow\u00bb type=\u00bbfull_width\u00bb text_align=\u00bbleft\u00bb css_animation=\u00bb\u00bb][vc_column_inner][vc_column_text] Optimice tu seguridad y la protecci\u00f3n de tu red con herramientas de administraci\u00f3n para cortafuegos SNS [\/vc_column_text][\/vc_column_inner][\/vc_row_inner][\/vc_column][\/vc_row][vc_row css_animation=\u00bb\u00bb row_type=\u00bbrow\u00bb use_row_as_full_screen_section=\u00bbno\u00bb type=\u00bbgrid\u00bb angled_section=\u00bbno\u00bb text_align=\u00bbleft\u00bb background_image_as_pattern=\u00bbwithout_pattern\u00bb z_index=\u00bb\u00bb][vc_column][vc_row_inner row_type=\u00bbrow\u00bb type=\u00bbfull_width\u00bb text_align=\u00bbleft\u00bb css_animation=\u00bb\u00bb][vc_column_inner width=\u00bb1\/2&#8243;&#8230;<\/p>\n","protected":false},"author":31,"featured_media":0,"parent":204971,"menu_order":239,"comment_status":"closed","ping_status":"closed","template":"full_width.php","meta":{"_acf_changed":false,"footnotes":""},"class_list":["post-233268","page","type-page","status-publish","hentry"],"acf":[],"yoast_head":"<!-- This site is optimized with the Yoast SEO plugin v27.0 - https:\/\/yoast.com\/product\/yoast-seo-wordpress\/ -->\n<title>Herramientas de administraci\u00f3n para cortafuegos Stormshield SNS<\/title>\n<meta name=\"description\" content=\"Las herramientas de administraci\u00f3n de Stormshield le permiten administrar de forma centralizada y segura sus cortafuegos Stormshield Network Security (SNS).\" \/>\n<meta name=\"robots\" content=\"index, follow, max-snippet:-1, max-image-preview:large, max-video-preview:-1\" \/>\n<link rel=\"canonical\" href=\"https:\/\/www.stormshield.com\/es\/productos-y-servicios\/productos\/seguridad-de-red\/herramientas-de-administracion\/\" \/>\n<meta property=\"og:locale\" content=\"es_ES\" \/>\n<meta property=\"og:type\" content=\"article\" \/>\n<meta property=\"og:title\" content=\"Herramientas de administraci\u00f3n para cortafuegos Stormshield SNS\" \/>\n<meta property=\"og:description\" content=\"Las herramientas de administraci\u00f3n de Stormshield le permiten administrar de forma centralizada y segura sus cortafuegos Stormshield Network Security (SNS).\" \/>\n<meta property=\"og:url\" content=\"https:\/\/www.stormshield.com\/es\/productos-y-servicios\/productos\/seguridad-de-red\/herramientas-de-administracion\/\" \/>\n<meta property=\"og:site_name\" content=\"Stormshield\" \/>\n<meta property=\"article:modified_time\" content=\"2026-03-27T13:50:06+00:00\" \/>\n<meta property=\"og:image\" content=\"https:\/\/www.stormshield.com\/wp-content\/uploads\/stormshield_logo.png\" \/>\n\t<meta property=\"og:image:width\" content=\"204\" \/>\n\t<meta property=\"og:image:height\" content=\"94\" \/>\n\t<meta property=\"og:image:type\" content=\"image\/png\" \/>\n<meta name=\"twitter:card\" content=\"summary_large_image\" \/>\n<meta name=\"twitter:site\" content=\"@Stormshield\" \/>\n<meta name=\"twitter:label1\" content=\"Tiempo de lectura\" \/>\n\t<meta name=\"twitter:data1\" content=\"3 minutos\" \/>\n<script type=\"application\/ld+json\" class=\"yoast-schema-graph\">{\"@context\":\"https:\/\/schema.org\",\"@graph\":[{\"@type\":\"WebPage\",\"@id\":\"https:\/\/www.stormshield.com\/es\/productos-y-servicios\/productos\/seguridad-de-red\/herramientas-de-administracion\/\",\"url\":\"https:\/\/www.stormshield.com\/es\/productos-y-servicios\/productos\/seguridad-de-red\/herramientas-de-administracion\/\",\"name\":\"Herramientas de administraci\u00f3n para cortafuegos Stormshield SNS\",\"isPartOf\":{\"@id\":\"https:\/\/www.stormshield.com\/es\/#website\"},\"datePublished\":\"2021-02-09T15:39:50+00:00\",\"dateModified\":\"2026-03-27T13:50:06+00:00\",\"description\":\"Las herramientas de administraci\u00f3n de Stormshield le permiten administrar de forma centralizada y segura sus cortafuegos Stormshield Network Security (SNS).\",\"breadcrumb\":{\"@id\":\"https:\/\/www.stormshield.com\/es\/productos-y-servicios\/productos\/seguridad-de-red\/herramientas-de-administracion\/#breadcrumb\"},\"inLanguage\":\"es\",\"potentialAction\":[{\"@type\":\"ReadAction\",\"target\":[\"https:\/\/www.stormshield.com\/es\/productos-y-servicios\/productos\/seguridad-de-red\/herramientas-de-administracion\/\"]}]},{\"@type\":\"BreadcrumbList\",\"@id\":\"https:\/\/www.stormshield.com\/es\/productos-y-servicios\/productos\/seguridad-de-red\/herramientas-de-administracion\/#breadcrumb\",\"itemListElement\":[{\"@type\":\"ListItem\",\"position\":1,\"name\":\"Home\",\"item\":\"https:\/\/www.stormshield.com\/es\/\"},{\"@type\":\"ListItem\",\"position\":2,\"name\":\"Productos y Soluciones\",\"item\":\"https:\/\/www.stormshield.com\/es\/productos-y-servicios\/\"},{\"@type\":\"ListItem\",\"position\":3,\"name\":\"Productos\",\"item\":\"https:\/\/www.stormshield.com\/es\/productos-y-servicios\/productos\/\"},{\"@type\":\"ListItem\",\"position\":4,\"name\":\"Seguridad de red\",\"item\":\"https:\/\/www.stormshield.com\/es\/productos-y-servicios\/productos\/seguridad-de-red\/\"},{\"@type\":\"ListItem\",\"position\":5,\"name\":\"Herramientas de administraci\u00f3n de cortafuegos SNS\"}]},{\"@type\":\"WebSite\",\"@id\":\"https:\/\/www.stormshield.com\/es\/#website\",\"url\":\"https:\/\/www.stormshield.com\/es\/\",\"name\":\"Stormshield\",\"description\":\"Stormshield\",\"potentialAction\":[{\"@type\":\"SearchAction\",\"target\":{\"@type\":\"EntryPoint\",\"urlTemplate\":\"https:\/\/www.stormshield.com\/es\/?s={search_term_string}\"},\"query-input\":{\"@type\":\"PropertyValueSpecification\",\"valueRequired\":true,\"valueName\":\"search_term_string\"}}],\"inLanguage\":\"es\"}]}<\/script>\n<!-- \/ Yoast SEO plugin. -->","yoast_head_json":{"title":"Herramientas de administraci\u00f3n para cortafuegos Stormshield SNS","description":"Las herramientas de administraci\u00f3n de Stormshield le permiten administrar de forma centralizada y segura sus cortafuegos Stormshield Network Security (SNS).","robots":{"index":"index","follow":"follow","max-snippet":"max-snippet:-1","max-image-preview":"max-image-preview:large","max-video-preview":"max-video-preview:-1"},"canonical":"https:\/\/www.stormshield.com\/es\/productos-y-servicios\/productos\/seguridad-de-red\/herramientas-de-administracion\/","og_locale":"es_ES","og_type":"article","og_title":"Herramientas de administraci\u00f3n para cortafuegos Stormshield SNS","og_description":"Las herramientas de administraci\u00f3n de Stormshield le permiten administrar de forma centralizada y segura sus cortafuegos Stormshield Network Security (SNS).","og_url":"https:\/\/www.stormshield.com\/es\/productos-y-servicios\/productos\/seguridad-de-red\/herramientas-de-administracion\/","og_site_name":"Stormshield","article_modified_time":"2026-03-27T13:50:06+00:00","og_image":[{"width":204,"height":94,"url":"https:\/\/www.stormshield.com\/wp-content\/uploads\/stormshield_logo.png","type":"image\/png"}],"twitter_card":"summary_large_image","twitter_site":"@Stormshield","twitter_misc":{"Tiempo de lectura":"3 minutos"},"schema":{"@context":"https:\/\/schema.org","@graph":[{"@type":"WebPage","@id":"https:\/\/www.stormshield.com\/es\/productos-y-servicios\/productos\/seguridad-de-red\/herramientas-de-administracion\/","url":"https:\/\/www.stormshield.com\/es\/productos-y-servicios\/productos\/seguridad-de-red\/herramientas-de-administracion\/","name":"Herramientas de administraci\u00f3n para cortafuegos Stormshield SNS","isPartOf":{"@id":"https:\/\/www.stormshield.com\/es\/#website"},"datePublished":"2021-02-09T15:39:50+00:00","dateModified":"2026-03-27T13:50:06+00:00","description":"Las herramientas de administraci\u00f3n de Stormshield le permiten administrar de forma centralizada y segura sus cortafuegos Stormshield Network Security (SNS).","breadcrumb":{"@id":"https:\/\/www.stormshield.com\/es\/productos-y-servicios\/productos\/seguridad-de-red\/herramientas-de-administracion\/#breadcrumb"},"inLanguage":"es","potentialAction":[{"@type":"ReadAction","target":["https:\/\/www.stormshield.com\/es\/productos-y-servicios\/productos\/seguridad-de-red\/herramientas-de-administracion\/"]}]},{"@type":"BreadcrumbList","@id":"https:\/\/www.stormshield.com\/es\/productos-y-servicios\/productos\/seguridad-de-red\/herramientas-de-administracion\/#breadcrumb","itemListElement":[{"@type":"ListItem","position":1,"name":"Home","item":"https:\/\/www.stormshield.com\/es\/"},{"@type":"ListItem","position":2,"name":"Productos y Soluciones","item":"https:\/\/www.stormshield.com\/es\/productos-y-servicios\/"},{"@type":"ListItem","position":3,"name":"Productos","item":"https:\/\/www.stormshield.com\/es\/productos-y-servicios\/productos\/"},{"@type":"ListItem","position":4,"name":"Seguridad de red","item":"https:\/\/www.stormshield.com\/es\/productos-y-servicios\/productos\/seguridad-de-red\/"},{"@type":"ListItem","position":5,"name":"Herramientas de administraci\u00f3n de cortafuegos SNS"}]},{"@type":"WebSite","@id":"https:\/\/www.stormshield.com\/es\/#website","url":"https:\/\/www.stormshield.com\/es\/","name":"Stormshield","description":"Stormshield","potentialAction":[{"@type":"SearchAction","target":{"@type":"EntryPoint","urlTemplate":"https:\/\/www.stormshield.com\/es\/?s={search_term_string}"},"query-input":{"@type":"PropertyValueSpecification","valueRequired":true,"valueName":"search_term_string"}}],"inLanguage":"es"}]}},"_links":{"self":[{"href":"https:\/\/www.stormshield.com\/es\/wp-json\/wp\/v2\/pages\/233268","targetHints":{"allow":["GET"]}}],"collection":[{"href":"https:\/\/www.stormshield.com\/es\/wp-json\/wp\/v2\/pages"}],"about":[{"href":"https:\/\/www.stormshield.com\/es\/wp-json\/wp\/v2\/types\/page"}],"author":[{"embeddable":true,"href":"https:\/\/www.stormshield.com\/es\/wp-json\/wp\/v2\/users\/31"}],"replies":[{"embeddable":true,"href":"https:\/\/www.stormshield.com\/es\/wp-json\/wp\/v2\/comments?post=233268"}],"version-history":[{"count":13,"href":"https:\/\/www.stormshield.com\/es\/wp-json\/wp\/v2\/pages\/233268\/revisions"}],"predecessor-version":[{"id":769498,"href":"https:\/\/www.stormshield.com\/es\/wp-json\/wp\/v2\/pages\/233268\/revisions\/769498"}],"up":[{"embeddable":true,"href":"https:\/\/www.stormshield.com\/es\/wp-json\/wp\/v2\/pages\/204971"}],"wp:attachment":[{"href":"https:\/\/www.stormshield.com\/es\/wp-json\/wp\/v2\/media?parent=233268"}],"curies":[{"name":"wp","href":"https:\/\/api.w.org\/{rel}","templated":true}]}}