{"id":233253,"date":"2021-09-20T13:05:33","date_gmt":"2021-09-20T12:05:33","guid":{"rendered":"https:\/\/www.stormshield.com\/productos-y-servicios\/productos\/endpoint-protection\/server-security\/"},"modified":"2024-03-21T14:20:21","modified_gmt":"2024-03-21T13:20:21","slug":"proteccion-para-servidores","status":"publish","type":"page","link":"https:\/\/www.stormshield.com\/es\/productos-y-servicios\/productos\/endpoint-protection\/proteccion-para-servidores\/","title":{"rendered":"Protection for servers"},"content":{"rendered":"<div class=\"wpb-content-wrapper\"><p>[vc_row css_animation=\"\" row_type=\"row\" use_row_as_full_screen_section=\"no\" type=\"grid\" angled_section=\"no\" text_align=\"left\" background_image_as_pattern=\"without_pattern\" z_index=\"\" padding_top=\"50\" padding_bottom=\"50\"][vc_column][vc_column_text]<\/p>\n<h1 style=\"text-align: center;\"><span style=\"color: #00aaf5;\"><span style=\"font-weight: 300; font-size: 1.5em;\">Los dispositivos endpoint frente a a los ciberriesgos:<\/span><\/span><span style=\"color: #00aaf5;\"><span style=\"font-weight: 900; font-size: 1.5em;\"> la protecci\u00f3n de tus servidores de empresa<br \/>\n<\/span><\/span><\/h1>\n<p>[\/vc_column_text][\/vc_column][\/vc_row][vc_row css_animation=\"\" row_type=\"row\" use_row_as_full_screen_section=\"no\" type=\"grid\" angled_section=\"no\" text_align=\"left\" background_image_as_pattern=\"without_pattern\" z_index=\"\"][vc_column][vc_empty_space][vc_column_text]<span style=\"color: #000; font-size: 1.1em;\"><strong>Son el n\u00facleo del sistema inform\u00e1tico de tu empresa. Para garantizar la integridad de los datos que pasan por ellos, as\u00ed como para cumplir su funci\u00f3n de forma \u00f3ptima e ininterrumpida, tus servidores requieren, por tanto, una protecci\u00f3n adecuada.<\/strong><\/span>[\/vc_column_text][vc_empty_space][\/vc_column][\/vc_row][vc_row css_animation=\"\" row_type=\"row\" use_row_as_full_screen_section=\"no\" type=\"grid\" angled_section=\"no\" text_align=\"left\" background_image_as_pattern=\"without_pattern\" z_index=\"\" padding_bottom=\"50\" padding_top=\"50\"][vc_column][vc_row_inner row_type=\"row\" type=\"full_width\" text_align=\"left\" css_animation=\"\"][vc_column_inner width=\"2\/3\" css=\".vc_custom_1707301100379{padding-right: 32px !important;}\"][vc_column_text]<\/p>\n<h2><span style=\"color: #000; font-size: 1.2em; font-weight: 900;\">\u00bfPor qu\u00e9 proteger tu parque inform\u00e1tico?<\/span><\/h2>\n<p><span style=\"color: #000; font-size: 1.1em;\"><strong>No hay ninguna funci\u00f3n vital de tu empresa que no necesite de tus servidores inform\u00e1ticos para llevarse a cabo.<\/strong><\/span><\/p>\n<p><span style=\"color: #000; font-size: 1.1em;\">Estos realizan muchas tareas esenciales para tu negocio y tu parque inform\u00e1tico: permiten que los distintos ordenadores de tu empresa funcionen en red, se conecten al correo electr\u00f3nico y al software alojado, y accedan a tus datos y los almacenen. Y tambi\u00e9n gestionan la autenticaci\u00f3n y el control de acceso a tu red interna.<\/span>[\/vc_column_text][\/vc_column_inner][vc_column_inner width=\"1\/3\" css=\".vc_custom_1707300913998{padding-top: 32px !important;padding-right: 32px !important;padding-bottom: 32px !important;padding-left: 32px !important;background-color: #060051 !important;}\"][vc_column_text]<span style=\"font-size: 1.1em; color: #ffffff;\"><strong>Y como afectan directamente al buen funcionamiento de tu empresa, los servidores son un objetivo predilecto para los ciberdelincuentes.<\/strong> Por lo tanto, los ciberataques con diversas formas de malware pueden exponer tu empresa a muchos riesgos. Esto puede llevar hasta la parada completa que tu actividad O de un forma menos brusca, pero igual de perjudicial, a la p\u00e9rdida, el acceso restringido o el robo de tus datos. Por no hablar del espionaje industrial o del bloqueo del acceso a ciertos servicios para tus clientes...<\/span>[\/vc_column_text][\/vc_column_inner][\/vc_row_inner][\/vc_column][\/vc_row][vc_row row_type=\"parallax\" parallax_content_width=\"in_grid\" text_align=\"left\" full_screen_section_height=\"yes\" vertically_align_content_in_middle=\"yes\" background_image=\"224708\"][vc_column][vc_row_inner row_type=\"row\" type=\"full_width\" text_align=\"left\" css_animation=\"\"][vc_column_inner width=\"3\/5\"][\/vc_column_inner][vc_column_inner width=\"2\/5\"][vc_column_text]<\/p>\n<h2><span style=\"color: #000; font-size: 1.2em; font-weight: 900;\">Stormshield Endpoint Security, <strong>una gama de protecci\u00f3n robusta y protactiva para tus servidores<\/strong><\/span><\/h2>\n<p><span style=\"color: #000; font-size: 1.1em;\"><strong>Con nuestra gama Stormshield Endpoint Security (SES), obtienes la mejor seguridad para tus servidores.<\/strong> Con Stormshield Endpoint Security Evolution, dispones de una soluci\u00f3n que combina funciones de protecci\u00f3n (EPP) y de detecci\u00f3n (EDR), activas constantemente, que buscan las amenazas potenciales y las contrarrestan lo antes posible. Y para responder a las crecientes amenazas contra las propias soluciones de seguridad, la solidez de la soluci\u00f3n se ve reforzada por un mecanismo \u00fanico de autoprotecci\u00f3n y autorreparaci\u00f3n.<\/span>[\/vc_column_text][vc_empty_space]<a  itemprop=\"url\" href=\"https:\/\/www.stormshield.com\/es\/productos-y-servicios\/productos\/endpoint-protection\/stormshield-endpoint-security\/\" target=\"_self\" data-hover-background-color=\"#00aeef\" data-hover-border-color=\"#00aeef\" class=\"qbutton  white enlarge\" style=\"border-color: #ffffff; background-color:#060051;\">Gama SES<i class=\"qode_icon_font_awesome fa fa-angle-right qode_button_icon_element\"><\/i><\/a>[\/vc_column_inner][\/vc_row_inner][\/vc_column][\/vc_row][vc_row css_animation=\"\" row_type=\"row\" use_row_as_full_screen_section=\"no\" type=\"grid\" angled_section=\"no\" text_align=\"left\" background_image_as_pattern=\"without_pattern\" z_index=\"\" padding_top=\"50\" padding_bottom=\"50\"][vc_column][vc_row_inner row_type=\"row\" type=\"grid\" text_align=\"left\" css_animation=\"\" css=\".vc_custom_1707301249345{padding-top: 32px !important;padding-right: 32px !important;padding-bottom: 32px !important;padding-left: 32px !important;background-color: #f9f9f9 !important;}\"][vc_column_inner width=\"2\/3\"][vc_column_text]<span style=\"color: #000; font-size: 1.1em;\">\u00bfQuieres saber m\u00e1s sobre las medidas esenciales que debes aplicar para proteger tus servidores? <strong>Ponte en contacto con nuestros equipos comerciales y de preventa para que te orienten sobre las mejores pr\u00e1cticas y soluciones para tu empresa.<\/strong><\/span>[\/vc_column_text][vc_empty_space]<a  itemprop=\"url\" href=\"https:\/\/www.stormshield.com\/es\/contacto\/equipos-comerciales\/\" target=\"_self\" data-hover-background-color=\"#00aeef\" data-hover-border-color=\"#00aeef\" class=\"qbutton  white enlarge\" style=\"border-color: #ffffff; background-color:#060051;\">Contacto<i class=\"qode_icon_font_awesome fa fa-angle-right qode_button_icon_element\"><\/i><\/a>[vc_empty_space][\/vc_column_inner][vc_column_inner width=\"1\/3\"][vc_single_image image=\"456272\" alignment=\"center\" qode_css_animation=\"\"][\/vc_column_inner][\/vc_row_inner][\/vc_column][\/vc_row]<\/p>\n<\/div>","protected":false},"excerpt":{"rendered":"<p>[vc_row css_animation=\u00bb\u00bb row_type=\u00bbrow\u00bb use_row_as_full_screen_section=\u00bbno\u00bb type=\u00bbgrid\u00bb angled_section=\u00bbno\u00bb text_align=\u00bbleft\u00bb background_image_as_pattern=\u00bbwithout_pattern\u00bb z_index=\u00bb\u00bb padding_top=\u00bb50&#8243; padding_bottom=\u00bb50&#8243;][vc_column][vc_column_text] Los dispositivos endpoint frente a a los ciberriesgos: la protecci\u00f3n de tus servidores de empresa [\/vc_column_text][\/vc_column][\/vc_row][vc_row css_animation=\u00bb\u00bb row_type=\u00bbrow\u00bb use_row_as_full_screen_section=\u00bbno\u00bb type=\u00bbgrid\u00bb angled_section=\u00bbno\u00bb text_align=\u00bbleft\u00bb background_image_as_pattern=\u00bbwithout_pattern\u00bb z_index=\u00bb\u00bb][vc_column][vc_empty_space][vc_column_text]Son el n\u00facleo del sistema inform\u00e1tico de tu empresa. Para garantizar&#8230;<\/p>\n","protected":false},"author":31,"featured_media":0,"parent":233249,"menu_order":163,"comment_status":"closed","ping_status":"closed","template":"full_width.php","meta":{"_acf_changed":false,"footnotes":""},"class_list":["post-233253","page","type-page","status-publish","hentry"],"acf":[],"yoast_head":"<!-- This site is optimized with the Yoast SEO plugin v27.3 - https:\/\/yoast.com\/product\/yoast-seo-wordpress\/ -->\n<title>Ciberseguridad y servidores de empresa | Stormshield<\/title>\n<meta name=\"description\" content=\"Para garantizar la integridad de los datos que pasan por los servidores de su empresa, elija la protecci\u00f3n adecuada de los servicios Stormshield.\" \/>\n<meta name=\"robots\" content=\"index, follow, max-snippet:-1, max-image-preview:large, max-video-preview:-1\" \/>\n<link rel=\"canonical\" href=\"https:\/\/www.stormshield.com\/es\/productos-y-servicios\/productos\/endpoint-protection\/proteccion-para-servidores\/\" \/>\n<meta property=\"og:locale\" content=\"es_ES\" \/>\n<meta property=\"og:type\" content=\"article\" \/>\n<meta property=\"og:title\" content=\"Ciberseguridad y servidores de empresa | Stormshield\" \/>\n<meta property=\"og:description\" content=\"Para garantizar la integridad de los datos que pasan por los servidores de su empresa, elija la protecci\u00f3n adecuada de los servicios Stormshield.\" \/>\n<meta property=\"og:url\" content=\"https:\/\/www.stormshield.com\/es\/productos-y-servicios\/productos\/endpoint-protection\/proteccion-para-servidores\/\" \/>\n<meta property=\"og:site_name\" content=\"Stormshield\" \/>\n<meta property=\"article:modified_time\" content=\"2024-03-21T13:20:21+00:00\" \/>\n<meta property=\"og:image\" content=\"https:\/\/www.stormshield.com\/wp-content\/uploads\/stormshield_logo.png\" \/>\n\t<meta property=\"og:image:width\" content=\"204\" \/>\n\t<meta property=\"og:image:height\" content=\"94\" \/>\n\t<meta property=\"og:image:type\" content=\"image\/png\" \/>\n<meta name=\"twitter:card\" content=\"summary_large_image\" \/>\n<meta name=\"twitter:site\" content=\"@Stormshield\" \/>\n<meta name=\"twitter:label1\" content=\"Tiempo de lectura\" \/>\n\t<meta name=\"twitter:data1\" content=\"3 minutos\" \/>\n<script type=\"application\/ld+json\" class=\"yoast-schema-graph\">{\"@context\":\"https:\\\/\\\/schema.org\",\"@graph\":[{\"@type\":\"WebPage\",\"@id\":\"https:\\\/\\\/www.stormshield.com\\\/es\\\/productos-y-servicios\\\/productos\\\/endpoint-protection\\\/proteccion-para-servidores\\\/\",\"url\":\"https:\\\/\\\/www.stormshield.com\\\/es\\\/productos-y-servicios\\\/productos\\\/endpoint-protection\\\/proteccion-para-servidores\\\/\",\"name\":\"Ciberseguridad y servidores de empresa | Stormshield\",\"isPartOf\":{\"@id\":\"https:\\\/\\\/www.stormshield.com\\\/es\\\/#website\"},\"datePublished\":\"2021-09-20T12:05:33+00:00\",\"dateModified\":\"2024-03-21T13:20:21+00:00\",\"description\":\"Para garantizar la integridad de los datos que pasan por los servidores de su empresa, elija la protecci\u00f3n adecuada de los servicios Stormshield.\",\"breadcrumb\":{\"@id\":\"https:\\\/\\\/www.stormshield.com\\\/es\\\/productos-y-servicios\\\/productos\\\/endpoint-protection\\\/proteccion-para-servidores\\\/#breadcrumb\"},\"inLanguage\":\"es\",\"potentialAction\":[{\"@type\":\"ReadAction\",\"target\":[\"https:\\\/\\\/www.stormshield.com\\\/es\\\/productos-y-servicios\\\/productos\\\/endpoint-protection\\\/proteccion-para-servidores\\\/\"]}]},{\"@type\":\"BreadcrumbList\",\"@id\":\"https:\\\/\\\/www.stormshield.com\\\/es\\\/productos-y-servicios\\\/productos\\\/endpoint-protection\\\/proteccion-para-servidores\\\/#breadcrumb\",\"itemListElement\":[{\"@type\":\"ListItem\",\"position\":1,\"name\":\"Home\",\"item\":\"https:\\\/\\\/www.stormshield.com\\\/es\\\/\"},{\"@type\":\"ListItem\",\"position\":2,\"name\":\"Productos y Soluciones\",\"item\":\"https:\\\/\\\/www.stormshield.com\\\/es\\\/productos-y-servicios\\\/\"},{\"@type\":\"ListItem\",\"position\":3,\"name\":\"Productos\",\"item\":\"https:\\\/\\\/www.stormshield.com\\\/es\\\/productos-y-servicios\\\/productos\\\/\"},{\"@type\":\"ListItem\",\"position\":4,\"name\":\"Endpoint protecci\u00f3n\",\"item\":\"https:\\\/\\\/www.stormshield.com\\\/es\\\/productos-y-servicios\\\/productos\\\/endpoint-protection\\\/\"},{\"@type\":\"ListItem\",\"position\":5,\"name\":\"Protection for servers\"}]},{\"@type\":\"WebSite\",\"@id\":\"https:\\\/\\\/www.stormshield.com\\\/es\\\/#website\",\"url\":\"https:\\\/\\\/www.stormshield.com\\\/es\\\/\",\"name\":\"Stormshield\",\"description\":\"Stormshield\",\"potentialAction\":[{\"@type\":\"SearchAction\",\"target\":{\"@type\":\"EntryPoint\",\"urlTemplate\":\"https:\\\/\\\/www.stormshield.com\\\/es\\\/?s={search_term_string}\"},\"query-input\":{\"@type\":\"PropertyValueSpecification\",\"valueRequired\":true,\"valueName\":\"search_term_string\"}}],\"inLanguage\":\"es\"}]}<\/script>\n<!-- \/ Yoast SEO plugin. -->","yoast_head_json":{"title":"Ciberseguridad y servidores de empresa | Stormshield","description":"Para garantizar la integridad de los datos que pasan por los servidores de su empresa, elija la protecci\u00f3n adecuada de los servicios Stormshield.","robots":{"index":"index","follow":"follow","max-snippet":"max-snippet:-1","max-image-preview":"max-image-preview:large","max-video-preview":"max-video-preview:-1"},"canonical":"https:\/\/www.stormshield.com\/es\/productos-y-servicios\/productos\/endpoint-protection\/proteccion-para-servidores\/","og_locale":"es_ES","og_type":"article","og_title":"Ciberseguridad y servidores de empresa | Stormshield","og_description":"Para garantizar la integridad de los datos que pasan por los servidores de su empresa, elija la protecci\u00f3n adecuada de los servicios Stormshield.","og_url":"https:\/\/www.stormshield.com\/es\/productos-y-servicios\/productos\/endpoint-protection\/proteccion-para-servidores\/","og_site_name":"Stormshield","article_modified_time":"2024-03-21T13:20:21+00:00","og_image":[{"width":204,"height":94,"url":"https:\/\/www.stormshield.com\/wp-content\/uploads\/stormshield_logo.png","type":"image\/png"}],"twitter_card":"summary_large_image","twitter_site":"@Stormshield","twitter_misc":{"Tiempo de lectura":"3 minutos"},"schema":{"@context":"https:\/\/schema.org","@graph":[{"@type":"WebPage","@id":"https:\/\/www.stormshield.com\/es\/productos-y-servicios\/productos\/endpoint-protection\/proteccion-para-servidores\/","url":"https:\/\/www.stormshield.com\/es\/productos-y-servicios\/productos\/endpoint-protection\/proteccion-para-servidores\/","name":"Ciberseguridad y servidores de empresa | Stormshield","isPartOf":{"@id":"https:\/\/www.stormshield.com\/es\/#website"},"datePublished":"2021-09-20T12:05:33+00:00","dateModified":"2024-03-21T13:20:21+00:00","description":"Para garantizar la integridad de los datos que pasan por los servidores de su empresa, elija la protecci\u00f3n adecuada de los servicios Stormshield.","breadcrumb":{"@id":"https:\/\/www.stormshield.com\/es\/productos-y-servicios\/productos\/endpoint-protection\/proteccion-para-servidores\/#breadcrumb"},"inLanguage":"es","potentialAction":[{"@type":"ReadAction","target":["https:\/\/www.stormshield.com\/es\/productos-y-servicios\/productos\/endpoint-protection\/proteccion-para-servidores\/"]}]},{"@type":"BreadcrumbList","@id":"https:\/\/www.stormshield.com\/es\/productos-y-servicios\/productos\/endpoint-protection\/proteccion-para-servidores\/#breadcrumb","itemListElement":[{"@type":"ListItem","position":1,"name":"Home","item":"https:\/\/www.stormshield.com\/es\/"},{"@type":"ListItem","position":2,"name":"Productos y Soluciones","item":"https:\/\/www.stormshield.com\/es\/productos-y-servicios\/"},{"@type":"ListItem","position":3,"name":"Productos","item":"https:\/\/www.stormshield.com\/es\/productos-y-servicios\/productos\/"},{"@type":"ListItem","position":4,"name":"Endpoint protecci\u00f3n","item":"https:\/\/www.stormshield.com\/es\/productos-y-servicios\/productos\/endpoint-protection\/"},{"@type":"ListItem","position":5,"name":"Protection for servers"}]},{"@type":"WebSite","@id":"https:\/\/www.stormshield.com\/es\/#website","url":"https:\/\/www.stormshield.com\/es\/","name":"Stormshield","description":"Stormshield","potentialAction":[{"@type":"SearchAction","target":{"@type":"EntryPoint","urlTemplate":"https:\/\/www.stormshield.com\/es\/?s={search_term_string}"},"query-input":{"@type":"PropertyValueSpecification","valueRequired":true,"valueName":"search_term_string"}}],"inLanguage":"es"}]}},"_links":{"self":[{"href":"https:\/\/www.stormshield.com\/es\/wp-json\/wp\/v2\/pages\/233253","targetHints":{"allow":["GET"]}}],"collection":[{"href":"https:\/\/www.stormshield.com\/es\/wp-json\/wp\/v2\/pages"}],"about":[{"href":"https:\/\/www.stormshield.com\/es\/wp-json\/wp\/v2\/types\/page"}],"author":[{"embeddable":true,"href":"https:\/\/www.stormshield.com\/es\/wp-json\/wp\/v2\/users\/31"}],"replies":[{"embeddable":true,"href":"https:\/\/www.stormshield.com\/es\/wp-json\/wp\/v2\/comments?post=233253"}],"version-history":[{"count":11,"href":"https:\/\/www.stormshield.com\/es\/wp-json\/wp\/v2\/pages\/233253\/revisions"}],"predecessor-version":[{"id":506556,"href":"https:\/\/www.stormshield.com\/es\/wp-json\/wp\/v2\/pages\/233253\/revisions\/506556"}],"up":[{"embeddable":true,"href":"https:\/\/www.stormshield.com\/es\/wp-json\/wp\/v2\/pages\/233249"}],"wp:attachment":[{"href":"https:\/\/www.stormshield.com\/es\/wp-json\/wp\/v2\/media?parent=233253"}],"curies":[{"name":"wp","href":"https:\/\/api.w.org\/{rel}","templated":true}]}}