{"id":233249,"date":"2021-09-20T13:03:14","date_gmt":"2021-09-20T12:03:14","guid":{"rendered":"https:\/\/www.stormshield.com\/productos-y-servicios\/productos\/endpoint-protection\/"},"modified":"2024-07-02T13:10:06","modified_gmt":"2024-07-02T12:10:06","slug":"endpoint-protection","status":"publish","type":"page","link":"https:\/\/www.stormshield.com\/es\/productos-y-servicios\/productos\/endpoint-protection\/","title":{"rendered":"Endpoint protecci\u00f3n"},"content":{"rendered":"<div class=\"wpb-content-wrapper\"><p>[vc_row css_animation=\"\" row_type=\"row\" use_row_as_full_screen_section=\"no\" type=\"grid\" angled_section=\"no\" text_align=\"left\" background_image_as_pattern=\"without_pattern\" z_index=\"\" padding_top=\"50\" padding_bottom=\"50\"][vc_column][vc_column_text]<\/p>\n<h1 style=\"text-align: center;\"><span style=\"color: #00aaf5;\"><span style=\"font-weight: 300; font-size: 1.5em;\">La protecci\u00f3n de ordenadores y servidores en la empresa:<\/span><\/span><span style=\"color: #00aaf5;\"><span style=\"font-weight: 900; font-size: 1.5em;\"> los dispositivos endpoint frente a los ciberriesgos<\/span><\/span><\/h1>\n<p>[\/vc_column_text][\/vc_column][\/vc_row][vc_row css_animation=\"\" row_type=\"row\" use_row_as_full_screen_section=\"no\" type=\"grid\" angled_section=\"no\" text_align=\"left\" background_image_as_pattern=\"without_pattern\" z_index=\"\"][vc_column][vc_empty_space][vc_column_text]<span style=\"color: #000; font-size: 1.1em;\"><strong>Los ordenadores y los servidores, que constituyen los primeros puntos de contacto entre el mundo exterior y la empresa, son a menudo objeto de ciberataques. Por tanto, la seguridad del endpoint merece una atenci\u00f3n especial.<\/strong><\/span>[\/vc_column_text][vc_empty_space][\/vc_column][\/vc_row][vc_row css_animation=\"\" row_type=\"row\" use_row_as_full_screen_section=\"no\" type=\"grid\" angled_section=\"no\" text_align=\"left\" background_image_as_pattern=\"without_pattern\" z_index=\"\" padding_bottom=\"50\"][vc_column][vc_row_inner row_type=\"row\" type=\"full_width\" text_align=\"left\" css_animation=\"\"][vc_column_inner width=\"2\/3\"][vc_column_text]<\/p>\n<h2><span style=\"color: #000; font-size: 1.2em; font-weight: 900;\">Reforzar la protecci\u00f3n de los ordenadores y dispositivos<\/span><\/h2>\n<p><span style=\"color: #000; font-size: 1.1em;\">A menudo considerados el eslab\u00f3n m\u00e1s d\u00e9bil de la seguridad inform\u00e1tica, los dispositivos incluyen todos los aparatos que se conectan a la red principal de una empresa: ordenadores de sobremesa y port\u00e1tiles, tabletas, tel\u00e9fonos m\u00f3viles, impresoras y todos los dem\u00e1s dispositivos (inteligentes o no) que necesitamos conectar a la red interna.<\/span><\/p>\n<p><span style=\"color: #000; font-size: 1.1em;\">Pero todos estos dispositivos son susceptibles de ser secuestrados y utilizados por ciberdelincuentes como punto de entrada para entrar en tu sistema inform\u00e1tico y depositar malware en \u00e9l o acceder a tus datos.<\/span>[\/vc_column_text][vc_empty_space]<a  itemprop=\"url\" href=\"https:\/\/www.stormshield.com\/es\/productos-y-servicios\/productos\/endpoint-protection\/proteccion-para-ordenadores\/\" target=\"_self\" data-hover-background-color=\"#00aeef\" data-hover-border-color=\"#00aeef\" class=\"qbutton  white enlarge\" style=\"border-color: #ffffff; background-color:#060051;\">Protecci\u00f3n para ordenadores<i class=\"qode_icon_font_awesome fa fa-angle-right qode_button_icon_element\"><\/i><\/a>[vc_empty_space][\/vc_column_inner][vc_column_inner width=\"1\/3\"][vc_single_image image=\"456347\" img_size=\"medium\" alignment=\"center\" qode_css_animation=\"\"][\/vc_column_inner][\/vc_row_inner][\/vc_column][\/vc_row][vc_row css_animation=\"\" row_type=\"row\" use_row_as_full_screen_section=\"no\" type=\"grid\" angled_section=\"no\" text_align=\"left\" background_image_as_pattern=\"without_pattern\" z_index=\"\" padding_top=\"50\" padding_bottom=\"50\"][vc_column][vc_row_inner row_type=\"row\" type=\"grid\" text_align=\"left\" css_animation=\"\" css=\".vc_custom_1707234293985{padding-top: 32px !important;padding-right: 32px !important;padding-bottom: 32px !important;padding-left: 32px !important;background-color: #f9f9f9 !important;}\"][vc_column_inner width=\"2\/3\"][vc_column_text]<\/p>\n<h2><span style=\"color: #000; font-size: 1.2em; font-weight: 900;\">Preservar la seguridad de los servidores<\/span><\/h2>\n<p><span style=\"color: #000; font-size: 1.1em;\">Tambi\u00e9n clasificados entre los dispositivos de red, los servidores est\u00e1n especialmente dise\u00f1ados para almacenar y compartir datos. Proporcionan acceso a las aplicaciones alojadas. Por lo tanto, son esenciales para la actividad y el buen funcionamiento de una empresa. Esto los convierte en un objetivo especialmente atractivo para los ciberdelincuentes y, por lo general, requieren una protecci\u00f3n espec\u00edfica.<\/span>[\/vc_column_text][vc_empty_space]<a  itemprop=\"url\" href=\"https:\/\/www.stormshield.com\/es\/productos-y-servicios\/productos\/endpoint-protection\/proteccion-para-servidores\/\" target=\"_self\" data-hover-background-color=\"#00aeef\" data-hover-border-color=\"#00aeef\" class=\"qbutton  white enlarge\" style=\"border-color: #ffffff; background-color:#060051;\">Protecci\u00f3n para servidores<i class=\"qode_icon_font_awesome fa fa-angle-right qode_button_icon_element\"><\/i><\/a>[vc_empty_space][\/vc_column_inner][vc_column_inner width=\"1\/3\"][vc_single_image image=\"456272\" img_size=\"medium\" alignment=\"center\" qode_css_animation=\"\"][\/vc_column_inner][\/vc_row_inner][\/vc_column][\/vc_row][vc_row row_type=\"parallax\" parallax_content_width=\"in_grid\" text_align=\"left\" full_screen_section_height=\"yes\" vertically_align_content_in_middle=\"yes\" background_image=\"224708\"][vc_column][vc_row_inner row_type=\"row\" type=\"full_width\" text_align=\"left\" css_animation=\"\"][vc_column_inner width=\"3\/5\"][\/vc_column_inner][vc_column_inner width=\"2\/5\"][vc_column_text]<\/p>\n<h2><span style=\"color: #000; font-size: 1.2em; font-weight: 900;\">Stormshield Endpoint Security, <strong>una soluci\u00f3n de protecci\u00f3n din\u00e1mica y robusta<\/strong><\/span><\/h2>\n<p><span style=\"color: #000; font-size: 1.1em;\">Las nuevas pr\u00e1cticas de trabajo (dispositivos m\u00f3viles y movilidad en el trabajo) se aplican a menudo en entornos con niveles de seguridad inciertos. <strong>Una limitaci\u00f3n que Stormshield ha integrado para dise\u00f1ar una l\u00ednea de productos para proteger los ordenadores y los servidores.<\/strong><\/span><\/p>\n<p><span style=\"color: #000; font-size: 1.1em;\">Gracias a su capacidad para adaptarse al contexto cambiante de uso, la soluci\u00f3n <strong>Stormshield Endpoint Security Evolution (SES)<\/strong> es capaz de endurecer sus operaciones de seguridad en situaciones de riesgo. Y as\u00ed garantizar la protecci\u00f3n de tus ordenadores potencialmente peligrosos para tu infraestructura.<\/span>[\/vc_column_text][vc_empty_space]<a  itemprop=\"url\" href=\"https:\/\/www.stormshield.com\/es\/productos-y-servicios\/productos\/endpoint-protection\/stormshield-endpoint-security\/\" target=\"_self\" data-hover-background-color=\"#00aeef\" data-hover-border-color=\"#00aeef\" class=\"qbutton  white enlarge\" style=\"border-color: #ffffff; background-color:#d23467;\">Descubra la gama SES<i class=\"qode_icon_font_awesome fa fa-angle-right qode_button_icon_element\"><\/i><\/a>[vc_empty_space height=\"12px\"]<a  itemprop=\"url\" href=\"https:\/\/www.stormshield.com\/wp-content\/uploads\/SES-ES-Endpoint-Security-Evolution-Brochure.pdf\" target=\"_blank\" data-hover-background-color=\"#00aeef\" data-hover-border-color=\"#00aeef\" class=\"qbutton  white enlarge\" style=\"border-color: #ffffff; background-color:#060051;\">Acceder al folleto del SES<i class=\"qode_icon_font_awesome fa fa-angle-right qode_button_icon_element\"><\/i><\/a>[vc_empty_space][\/vc_column_inner][\/vc_row_inner][\/vc_column][\/vc_row][vc_row css_animation=\"\" row_type=\"row\" use_row_as_full_screen_section=\"no\" type=\"grid\" angled_section=\"no\" text_align=\"left\" background_image_as_pattern=\"without_pattern\" z_index=\"\" padding_top=\"50\" padding_bottom=\"50\"][vc_column][vc_row_inner row_type=\"row\" type=\"grid\" text_align=\"left\" css_animation=\"\" css=\".vc_custom_1707234429032{padding-top: 32px !important;padding-right: 32px !important;padding-bottom: 32px !important;padding-left: 32px !important;background-color: #f9f9f9 !important;}\"][vc_column_inner width=\"2\/3\"][vc_column_text]<\/p>\n<h2><span style=\"color: #000; font-size: 1.2em; font-weight: 900;\">Mejore la cibereficiencia operativa de sus estaciones de trabajo e infraestructuras<\/span><\/h2>\n<p><span style=\"color: #000; font-size: 1.1em;\"><strong>Con la oferta XDR de Stormshield,<\/strong> puede recibir alertas en tiempo real de los eventos detectados en sus activos de TI, gestionar los elementos de respuesta y reparaci\u00f3n y desplegar la pol\u00edtica de seguridad en sus estaciones de trabajo y servidores de forma correlacionada con los elementos de su red.<\/span>[\/vc_column_text][vc_empty_space]<a  itemprop=\"url\" href=\"https:\/\/www.stormshield.com\/es\/productos-y-servicios\/productos\/stormshield-xdr\/\" target=\"_self\" data-hover-background-color=\"#00aeef\" data-hover-border-color=\"#00aeef\" class=\"qbutton  white enlarge\" style=\"border-color: #ffffff; background-color:#060051;\">Stormshield XDR<i class=\"qode_icon_font_awesome fa fa-angle-right qode_button_icon_element\"><\/i><\/a>[vc_empty_space][\/vc_column_inner][vc_column_inner width=\"1\/3\"][vc_single_image image=\"456247\" img_size=\"medium\" alignment=\"center\" qode_css_animation=\"\"][\/vc_column_inner][\/vc_row_inner][\/vc_column][\/vc_row][vc_row css_animation=\"\" row_type=\"row\" use_row_as_full_screen_section=\"no\" type=\"grid\" angled_section=\"no\" text_align=\"left\" background_image_as_pattern=\"without_pattern\" z_index=\"\" padding_top=\"50\" padding_bottom=\"50\"][vc_column][vc_row_inner row_type=\"row\" type=\"grid\" text_align=\"left\" css_animation=\"\" css=\".vc_custom_1707234631776{padding-top: 32px !important;padding-right: 32px !important;padding-bottom: 32px !important;padding-left: 32px !important;background-color: #060051 !important;}\"][vc_column_inner css=\".vc_custom_1707234647368{padding-right: 32px !important;}\"][vc_column_text]<span style=\"color: #ffffff; font-size: 1.1em;\">\u00bfTienes una pregunta m\u00e1s espec\u00edfica sobre la protecci\u00f3n de los ordenadores o servidores? \u00bfTienes un proyecto en mente que te gustar\u00eda comentar o una particularidad t\u00e9cnica sobre la que necesitas asesoramiento? <strong>Nuestros equipos comerciales y de preventa est\u00e1n a tu disposici\u00f3n para ir m\u00e1s all\u00e1.<\/strong><\/span>[\/vc_column_text][vc_empty_space]<a  itemprop=\"url\" href=\"https:\/\/www.stormshield.com\/es\/contacto\/equipos-comerciales\/\" target=\"_self\" data-hover-background-color=\"#00aeef\" data-hover-border-color=\"#00aeef\" class=\"qbutton  white enlarge\" style=\"border-color: #ffffff; background-color:#060051;\">Contacto<i class=\"qode_icon_font_awesome fa fa-angle-right qode_button_icon_element\"><\/i><\/a>[\/vc_column_inner][\/vc_row_inner][\/vc_column][\/vc_row]<\/p>\n<\/div>","protected":false},"excerpt":{"rendered":"<p>[vc_row css_animation=\u00bb\u00bb row_type=\u00bbrow\u00bb use_row_as_full_screen_section=\u00bbno\u00bb type=\u00bbgrid\u00bb angled_section=\u00bbno\u00bb text_align=\u00bbleft\u00bb background_image_as_pattern=\u00bbwithout_pattern\u00bb z_index=\u00bb\u00bb padding_top=\u00bb50&#8243; padding_bottom=\u00bb50&#8243;][vc_column][vc_column_text] La protecci\u00f3n de ordenadores y servidores en la empresa: los dispositivos endpoint frente a los ciberriesgos [\/vc_column_text][\/vc_column][\/vc_row][vc_row css_animation=\u00bb\u00bb row_type=\u00bbrow\u00bb use_row_as_full_screen_section=\u00bbno\u00bb type=\u00bbgrid\u00bb angled_section=\u00bbno\u00bb text_align=\u00bbleft\u00bb background_image_as_pattern=\u00bbwithout_pattern\u00bb z_index=\u00bb\u00bb][vc_column][vc_empty_space][vc_column_text]Los ordenadores y los servidores, que constituyen los primeros puntos&#8230;<\/p>\n","protected":false},"author":31,"featured_media":0,"parent":204957,"menu_order":225,"comment_status":"closed","ping_status":"closed","template":"full_width.php","meta":{"_acf_changed":false,"footnotes":""},"class_list":["post-233249","page","type-page","status-publish","hentry"],"acf":[],"yoast_head":"<!-- This site is optimized with the Yoast SEO plugin v27.0 - https:\/\/yoast.com\/product\/yoast-seo-wordpress\/ -->\n<title>Ciberseguridad de ordenadores y servidores | Stormshield<\/title>\n<meta name=\"description\" content=\"Las estaciones de trabajo y los servidores son blanco de ciberataques: mant\u00e9ngalos a salvo con las soluciones de protecci\u00f3n Stormshield.\" \/>\n<meta name=\"robots\" content=\"index, follow, max-snippet:-1, max-image-preview:large, max-video-preview:-1\" \/>\n<link rel=\"canonical\" href=\"https:\/\/www.stormshield.com\/es\/productos-y-servicios\/productos\/endpoint-protection\/\" \/>\n<meta property=\"og:locale\" content=\"es_ES\" \/>\n<meta property=\"og:type\" content=\"article\" \/>\n<meta property=\"og:title\" content=\"Ciberseguridad de ordenadores y servidores | Stormshield\" \/>\n<meta property=\"og:description\" content=\"Las estaciones de trabajo y los servidores son blanco de ciberataques: mant\u00e9ngalos a salvo con las soluciones de protecci\u00f3n Stormshield.\" \/>\n<meta property=\"og:url\" content=\"https:\/\/www.stormshield.com\/es\/productos-y-servicios\/productos\/endpoint-protection\/\" \/>\n<meta property=\"og:site_name\" content=\"Stormshield\" \/>\n<meta property=\"article:modified_time\" content=\"2024-07-02T12:10:06+00:00\" \/>\n<meta property=\"og:image\" content=\"https:\/\/www.stormshield.com\/wp-content\/uploads\/stormshield_logo.png\" \/>\n\t<meta property=\"og:image:width\" content=\"204\" \/>\n\t<meta property=\"og:image:height\" content=\"94\" \/>\n\t<meta property=\"og:image:type\" content=\"image\/png\" \/>\n<meta name=\"twitter:card\" content=\"summary_large_image\" \/>\n<meta name=\"twitter:site\" content=\"@Stormshield\" \/>\n<meta name=\"twitter:label1\" content=\"Tiempo de lectura\" \/>\n\t<meta name=\"twitter:data1\" content=\"4 minutos\" \/>\n<script type=\"application\/ld+json\" class=\"yoast-schema-graph\">{\"@context\":\"https:\/\/schema.org\",\"@graph\":[{\"@type\":\"WebPage\",\"@id\":\"https:\/\/www.stormshield.com\/es\/productos-y-servicios\/productos\/endpoint-protection\/\",\"url\":\"https:\/\/www.stormshield.com\/es\/productos-y-servicios\/productos\/endpoint-protection\/\",\"name\":\"Ciberseguridad de ordenadores y servidores | Stormshield\",\"isPartOf\":{\"@id\":\"https:\/\/www.stormshield.com\/es\/#website\"},\"datePublished\":\"2021-09-20T12:03:14+00:00\",\"dateModified\":\"2024-07-02T12:10:06+00:00\",\"description\":\"Las estaciones de trabajo y los servidores son blanco de ciberataques: mant\u00e9ngalos a salvo con las soluciones de protecci\u00f3n Stormshield.\",\"breadcrumb\":{\"@id\":\"https:\/\/www.stormshield.com\/es\/productos-y-servicios\/productos\/endpoint-protection\/#breadcrumb\"},\"inLanguage\":\"es\",\"potentialAction\":[{\"@type\":\"ReadAction\",\"target\":[\"https:\/\/www.stormshield.com\/es\/productos-y-servicios\/productos\/endpoint-protection\/\"]}]},{\"@type\":\"BreadcrumbList\",\"@id\":\"https:\/\/www.stormshield.com\/es\/productos-y-servicios\/productos\/endpoint-protection\/#breadcrumb\",\"itemListElement\":[{\"@type\":\"ListItem\",\"position\":1,\"name\":\"Home\",\"item\":\"https:\/\/www.stormshield.com\/es\/\"},{\"@type\":\"ListItem\",\"position\":2,\"name\":\"Productos y Soluciones\",\"item\":\"https:\/\/www.stormshield.com\/es\/productos-y-servicios\/\"},{\"@type\":\"ListItem\",\"position\":3,\"name\":\"Productos\",\"item\":\"https:\/\/www.stormshield.com\/es\/productos-y-servicios\/productos\/\"},{\"@type\":\"ListItem\",\"position\":4,\"name\":\"Endpoint protecci\u00f3n\"}]},{\"@type\":\"WebSite\",\"@id\":\"https:\/\/www.stormshield.com\/es\/#website\",\"url\":\"https:\/\/www.stormshield.com\/es\/\",\"name\":\"Stormshield\",\"description\":\"Stormshield\",\"potentialAction\":[{\"@type\":\"SearchAction\",\"target\":{\"@type\":\"EntryPoint\",\"urlTemplate\":\"https:\/\/www.stormshield.com\/es\/?s={search_term_string}\"},\"query-input\":{\"@type\":\"PropertyValueSpecification\",\"valueRequired\":true,\"valueName\":\"search_term_string\"}}],\"inLanguage\":\"es\"}]}<\/script>\n<!-- \/ Yoast SEO plugin. -->","yoast_head_json":{"title":"Ciberseguridad de ordenadores y servidores | Stormshield","description":"Las estaciones de trabajo y los servidores son blanco de ciberataques: mant\u00e9ngalos a salvo con las soluciones de protecci\u00f3n Stormshield.","robots":{"index":"index","follow":"follow","max-snippet":"max-snippet:-1","max-image-preview":"max-image-preview:large","max-video-preview":"max-video-preview:-1"},"canonical":"https:\/\/www.stormshield.com\/es\/productos-y-servicios\/productos\/endpoint-protection\/","og_locale":"es_ES","og_type":"article","og_title":"Ciberseguridad de ordenadores y servidores | Stormshield","og_description":"Las estaciones de trabajo y los servidores son blanco de ciberataques: mant\u00e9ngalos a salvo con las soluciones de protecci\u00f3n Stormshield.","og_url":"https:\/\/www.stormshield.com\/es\/productos-y-servicios\/productos\/endpoint-protection\/","og_site_name":"Stormshield","article_modified_time":"2024-07-02T12:10:06+00:00","og_image":[{"width":204,"height":94,"url":"https:\/\/www.stormshield.com\/wp-content\/uploads\/stormshield_logo.png","type":"image\/png"}],"twitter_card":"summary_large_image","twitter_site":"@Stormshield","twitter_misc":{"Tiempo de lectura":"4 minutos"},"schema":{"@context":"https:\/\/schema.org","@graph":[{"@type":"WebPage","@id":"https:\/\/www.stormshield.com\/es\/productos-y-servicios\/productos\/endpoint-protection\/","url":"https:\/\/www.stormshield.com\/es\/productos-y-servicios\/productos\/endpoint-protection\/","name":"Ciberseguridad de ordenadores y servidores | Stormshield","isPartOf":{"@id":"https:\/\/www.stormshield.com\/es\/#website"},"datePublished":"2021-09-20T12:03:14+00:00","dateModified":"2024-07-02T12:10:06+00:00","description":"Las estaciones de trabajo y los servidores son blanco de ciberataques: mant\u00e9ngalos a salvo con las soluciones de protecci\u00f3n Stormshield.","breadcrumb":{"@id":"https:\/\/www.stormshield.com\/es\/productos-y-servicios\/productos\/endpoint-protection\/#breadcrumb"},"inLanguage":"es","potentialAction":[{"@type":"ReadAction","target":["https:\/\/www.stormshield.com\/es\/productos-y-servicios\/productos\/endpoint-protection\/"]}]},{"@type":"BreadcrumbList","@id":"https:\/\/www.stormshield.com\/es\/productos-y-servicios\/productos\/endpoint-protection\/#breadcrumb","itemListElement":[{"@type":"ListItem","position":1,"name":"Home","item":"https:\/\/www.stormshield.com\/es\/"},{"@type":"ListItem","position":2,"name":"Productos y Soluciones","item":"https:\/\/www.stormshield.com\/es\/productos-y-servicios\/"},{"@type":"ListItem","position":3,"name":"Productos","item":"https:\/\/www.stormshield.com\/es\/productos-y-servicios\/productos\/"},{"@type":"ListItem","position":4,"name":"Endpoint protecci\u00f3n"}]},{"@type":"WebSite","@id":"https:\/\/www.stormshield.com\/es\/#website","url":"https:\/\/www.stormshield.com\/es\/","name":"Stormshield","description":"Stormshield","potentialAction":[{"@type":"SearchAction","target":{"@type":"EntryPoint","urlTemplate":"https:\/\/www.stormshield.com\/es\/?s={search_term_string}"},"query-input":{"@type":"PropertyValueSpecification","valueRequired":true,"valueName":"search_term_string"}}],"inLanguage":"es"}]}},"_links":{"self":[{"href":"https:\/\/www.stormshield.com\/es\/wp-json\/wp\/v2\/pages\/233249","targetHints":{"allow":["GET"]}}],"collection":[{"href":"https:\/\/www.stormshield.com\/es\/wp-json\/wp\/v2\/pages"}],"about":[{"href":"https:\/\/www.stormshield.com\/es\/wp-json\/wp\/v2\/types\/page"}],"author":[{"embeddable":true,"href":"https:\/\/www.stormshield.com\/es\/wp-json\/wp\/v2\/users\/31"}],"replies":[{"embeddable":true,"href":"https:\/\/www.stormshield.com\/es\/wp-json\/wp\/v2\/comments?post=233249"}],"version-history":[{"count":13,"href":"https:\/\/www.stormshield.com\/es\/wp-json\/wp\/v2\/pages\/233249\/revisions"}],"predecessor-version":[{"id":549193,"href":"https:\/\/www.stormshield.com\/es\/wp-json\/wp\/v2\/pages\/233249\/revisions\/549193"}],"up":[{"embeddable":true,"href":"https:\/\/www.stormshield.com\/es\/wp-json\/wp\/v2\/pages\/204957"}],"wp:attachment":[{"href":"https:\/\/www.stormshield.com\/es\/wp-json\/wp\/v2\/media?parent=233249"}],"curies":[{"name":"wp","href":"https:\/\/api.w.org\/{rel}","templated":true}]}}