{"id":233244,"date":"2021-09-13T13:09:07","date_gmt":"2021-09-13T12:09:07","guid":{"rendered":"https:\/\/www.stormshield.com\/productos-y-servicios\/productos\/data-protection\/sds-data-connector\/"},"modified":"2024-03-22T13:37:45","modified_gmt":"2024-03-22T12:37:45","slug":"sds-data-connector","status":"publish","type":"page","link":"https:\/\/www.stormshield.com\/es\/productos-y-servicios\/productos\/data-protection\/gama-sds\/sds-data-connector\/","title":{"rendered":"Stormshield Data Connector"},"content":{"rendered":"<div class=\"wpb-content-wrapper\"><p>[vc_row css_animation=\"\" row_type=\"row\" use_row_as_full_screen_section=\"no\" type=\"grid\" angled_section=\"no\" text_align=\"left\" background_image_as_pattern=\"without_pattern\" background_image=\"227768\" z_index=\"\" padding_bottom=\"125\" padding_top=\"125\"][vc_column][vc_column_text]<\/p>\n<h1><span style=\"color: #000000;\"><strong>Stormshield Data Connector<\/strong><\/span><\/h1>\n<p><span style=\"color: #000000;\">La soluci\u00f3n de protecci\u00f3n de datos de empresa<\/span>[\/vc_column_text][\/vc_column][\/vc_row][vc_row css_animation=\"\" row_type=\"row\" use_row_as_full_screen_section=\"no\" type=\"grid\" angled_section=\"no\" text_align=\"left\" background_image_as_pattern=\"without_pattern\" z_index=\"\" padding_top=\"50\" padding_bottom=\"50\"][vc_column][vc_row_inner row_type=\"row\" type=\"full_width\" text_align=\"left\" css_animation=\"\"][vc_column_inner width=\"1\/2\"][vc_column_text]<\/p>\n<h2><span style=\"color: #000; font-size: 1.2em; font-weight: 900;\">La protecci\u00f3n de tus aplicaciones de empresa<\/span><\/h2>\n<p><span style=\"color: #000; font-size: 1.1em;\">Con la creciente externalizaci\u00f3n de las infraestructuras de IT, Stormshield Data Connector garantiza la protecci\u00f3n de tus datos de empresa con total transparencia y sencillez.<\/span><\/p>\n<p><span style=\"color: #000; font-size: 1.1em;\">Stormshield Data Connector te ofrece la posibilidad de proteger los datos sensibles en tus aplicaciones de empresa. Esta soluci\u00f3n se integra f\u00e1cilmente en todos tus flujos empresariales.<\/span>[\/vc_column_text][vc_empty_space]<a  itemprop=\"url\" href=\"https:\/\/www.stormshield.com\/es\/ressourcescenter\/data-connector\/\" target=\"_blank\" data-hover-background-color=\"#00aeef\" data-hover-border-color=\"#ffffff\" class=\"qbutton  white enlarge\" style=\"border-color: #ffffff; background-color:#060051;\">Ficha t\u00e9cnica<i class=\"qode_icon_font_awesome fa fa-angle-right qode_button_icon_element\"><\/i><\/a>[vc_empty_space height=\"12px\"]<a  itemprop=\"url\" href=\"https:\/\/www.stormshield.com\/es\/ressourcescenter\/data-security\/\" target=\"_blank\" data-hover-background-color=\"#00aeef\" data-hover-border-color=\"#ffffff\" class=\"qbutton  white enlarge\" style=\"border-color: #ffffff; background-color:#060051;\">Folleto SDS<i class=\"qode_icon_font_awesome fa fa-angle-right qode_button_icon_element\"><\/i><\/a>[vc_empty_space][\/vc_column_inner][vc_column_inner width=\"1\/2\"][vc_empty_space][vc_single_image image=\"255556\" img_size=\"large\" alignment=\"center\" qode_css_animation=\"\"][\/vc_column_inner][\/vc_row_inner][\/vc_column][\/vc_row][vc_row css_animation=\"\" row_type=\"row\" use_row_as_full_screen_section=\"no\" type=\"grid\" angled_section=\"no\" text_align=\"left\" background_image_as_pattern=\"without_pattern\" z_index=\"\" padding_top=\"50\" padding_bottom=\"50\"][vc_column][vc_row_inner row_type=\"row\" type=\"grid\" text_align=\"left\" css_animation=\"\" css=\".vc_custom_1705573414394{padding-top: 32px !important;padding-right: 32px !important;padding-bottom: 32px !important;padding-left: 32px !important;background-color: #f9f9f9 !important;}\"][vc_column_inner css=\".vc_custom_1706015972581{padding-top: 32px !important;padding-right: 32px !important;padding-bottom: 32px !important;padding-left: 32px !important;}\"][vc_column_text]<\/p>\n<h2><span style=\"color: #000; font-size: 1.2em; font-weight: 900;\">Protecci\u00f3n adaptada y transparente<\/span><\/h2>\n<p><span style=\"color: #000; font-size: 1.1em;\">La soluci\u00f3n Stormshield Data Connector se basa en un cifrado que tiene lugar lo m\u00e1s cerca posible del tratamiento de datos. Esto facilita su uso por parte de todos los usuarios. Con total transparencia, esta soluci\u00f3n tambi\u00e9n te ofrece la posibilidad de controlar la informaci\u00f3n emitida por tus aplicaciones y de rastrear las operaciones realizadas.<\/span>[\/vc_column_text][vc_empty_space][\/vc_column_inner][\/vc_row_inner][\/vc_column][\/vc_row][vc_row css_animation=\"\" row_type=\"row\" use_row_as_full_screen_section=\"no\" type=\"grid\" angled_section=\"no\" text_align=\"left\" background_image_as_pattern=\"without_pattern\" z_index=\"\" padding_top=\"50\" padding_bottom=\"50\"][vc_column][vc_row_inner row_type=\"row\" type=\"full_width\" text_align=\"left\" css_animation=\"\"][vc_column_inner width=\"1\/2\" css=\".vc_custom_1705573685249{padding-right: 32px !important;}\"][vc_column_text]<\/p>\n<h2><span style=\"color: #000; font-size: 1.2em; font-weight: 900;\">Una soluci\u00f3n de confianza<\/span><\/h2>\n<p><span style=\"color: #000; font-size: 1.1em;\">Con Stormshield Data Connector, tienes garantizada una protecci\u00f3n de confianza, vinculada al producto Stormshield Data Security, reconocido al m\u00e1s alto nivel europeo. Tambi\u00e9n cumple con la normativa de protecci\u00f3n de datos personales. Al elegir esta soluci\u00f3n, optas por una protecci\u00f3n \u00f3ptima y fiable de tus datos de empresa.<\/span>[\/vc_column_text][\/vc_column_inner][vc_column_inner width=\"1\/2\" css=\".vc_custom_1705573478354{padding-top: 32px !important;padding-right: 32px !important;padding-bottom: 32px !important;padding-left: 32px !important;background-color: #060051 !important;}\"][vc_column_text]<span style=\"color: #ffffff; font-size: 1.1em;\"><strong>\u00bfTienes alguna pregunta t\u00e9cnica sobre Stormshield Data Connector?<\/strong> \u00bfQuieres probar nuestra soluci\u00f3n antes de tomar una decisi\u00f3n? Ponte en contacto con los equipos comerciales y de preventa de Stormshield para obtener acceso a nuestro entorno de demostraci\u00f3n.<\/span>[\/vc_column_text][vc_empty_space]<a  itemprop=\"url\" href=\"https:\/\/www.stormshield.com\/es\/contacto\/equipos-comerciales\/\" target=\"_blank\" data-hover-background-color=\"#00aeef\" data-hover-border-color=\"#ffffff\" class=\"qbutton  white enlarge\" style=\"border-color: #ffffff; background-color:#060051;\">Contacto<i class=\"qode_icon_font_awesome fa fa-angle-right qode_button_icon_element\"><\/i><\/a>[\/vc_column_inner][\/vc_row_inner][\/vc_column][\/vc_row][vc_row css_animation=\"\" row_type=\"row\" use_row_as_full_screen_section=\"no\" type=\"full_width\" angled_section=\"no\" text_align=\"left\" background_image_as_pattern=\"without_pattern\"][vc_column][vc_empty_space][\/vc_column][\/vc_row]<\/p>\n<\/div>","protected":false},"excerpt":{"rendered":"<p>[vc_row css_animation=\u00bb\u00bb row_type=\u00bbrow\u00bb use_row_as_full_screen_section=\u00bbno\u00bb type=\u00bbgrid\u00bb angled_section=\u00bbno\u00bb text_align=\u00bbleft\u00bb background_image_as_pattern=\u00bbwithout_pattern\u00bb background_image=\u00bb227768&#8243; z_index=\u00bb\u00bb padding_bottom=\u00bb125&#8243; padding_top=\u00bb125&#8243;][vc_column][vc_column_text] Stormshield Data Connector La soluci\u00f3n de protecci\u00f3n de datos de empresa[\/vc_column_text][\/vc_column][\/vc_row][vc_row css_animation=\u00bb\u00bb row_type=\u00bbrow\u00bb use_row_as_full_screen_section=\u00bbno\u00bb type=\u00bbgrid\u00bb angled_section=\u00bbno\u00bb text_align=\u00bbleft\u00bb background_image_as_pattern=\u00bbwithout_pattern\u00bb z_index=\u00bb\u00bb padding_top=\u00bb50&#8243; padding_bottom=\u00bb50&#8243;][vc_column][vc_row_inner row_type=\u00bbrow\u00bb type=\u00bbfull_width\u00bb text_align=\u00bbleft\u00bb css_animation=\u00bb\u00bb][vc_column_inner width=\u00bb1\/2&#8243;][vc_column_text] La protecci\u00f3n de tus aplicaciones de empresa&#8230;<\/p>\n","protected":false},"author":31,"featured_media":0,"parent":315928,"menu_order":3,"comment_status":"closed","ping_status":"closed","template":"full_width.php","meta":{"_acf_changed":false,"footnotes":""},"class_list":["post-233244","page","type-page","status-publish","hentry"],"acf":[],"yoast_head":"<!-- This site is optimized with the Yoast SEO plugin v27.3 - https:\/\/yoast.com\/product\/yoast-seo-wordpress\/ -->\n<title>Protecci\u00f3n de datos: Stormshield Data Connector | Stormshield<\/title>\n<meta name=\"description\" content=\"Con la creciente externalizaci\u00f3n de las infraestructuras de TI, Stormshield Data Connector protege los datos de su empresa con transparencia y sencillez.\" \/>\n<meta name=\"robots\" content=\"index, follow, max-snippet:-1, max-image-preview:large, max-video-preview:-1\" \/>\n<link rel=\"canonical\" href=\"https:\/\/www.stormshield.com\/es\/productos-y-servicios\/productos\/data-protection\/gama-sds\/sds-data-connector\/\" \/>\n<meta property=\"og:locale\" content=\"es_ES\" \/>\n<meta property=\"og:type\" content=\"article\" \/>\n<meta property=\"og:title\" content=\"Protecci\u00f3n de datos: Stormshield Data Connector | Stormshield\" \/>\n<meta property=\"og:description\" content=\"Con la creciente externalizaci\u00f3n de las infraestructuras de TI, Stormshield Data Connector protege los datos de su empresa con transparencia y sencillez.\" \/>\n<meta property=\"og:url\" content=\"https:\/\/www.stormshield.com\/es\/productos-y-servicios\/productos\/data-protection\/gama-sds\/sds-data-connector\/\" \/>\n<meta property=\"og:site_name\" content=\"Stormshield\" \/>\n<meta property=\"article:modified_time\" content=\"2024-03-22T12:37:45+00:00\" \/>\n<meta property=\"og:image\" content=\"https:\/\/www.stormshield.com\/wp-content\/uploads\/stormshield_logo.png\" \/>\n\t<meta property=\"og:image:width\" content=\"204\" \/>\n\t<meta property=\"og:image:height\" content=\"94\" \/>\n\t<meta property=\"og:image:type\" content=\"image\/png\" \/>\n<meta name=\"twitter:card\" content=\"summary_large_image\" \/>\n<meta name=\"twitter:site\" content=\"@Stormshield\" \/>\n<meta name=\"twitter:label1\" content=\"Tiempo de lectura\" \/>\n\t<meta name=\"twitter:data1\" content=\"2 minutos\" \/>\n<script type=\"application\/ld+json\" class=\"yoast-schema-graph\">{\"@context\":\"https:\\\/\\\/schema.org\",\"@graph\":[{\"@type\":\"WebPage\",\"@id\":\"https:\\\/\\\/www.stormshield.com\\\/es\\\/productos-y-servicios\\\/productos\\\/data-protection\\\/gama-sds\\\/sds-data-connector\\\/\",\"url\":\"https:\\\/\\\/www.stormshield.com\\\/es\\\/productos-y-servicios\\\/productos\\\/data-protection\\\/gama-sds\\\/sds-data-connector\\\/\",\"name\":\"Protecci\u00f3n de datos: Stormshield Data Connector | Stormshield\",\"isPartOf\":{\"@id\":\"https:\\\/\\\/www.stormshield.com\\\/es\\\/#website\"},\"datePublished\":\"2021-09-13T12:09:07+00:00\",\"dateModified\":\"2024-03-22T12:37:45+00:00\",\"description\":\"Con la creciente externalizaci\u00f3n de las infraestructuras de TI, Stormshield Data Connector protege los datos de su empresa con transparencia y sencillez.\",\"breadcrumb\":{\"@id\":\"https:\\\/\\\/www.stormshield.com\\\/es\\\/productos-y-servicios\\\/productos\\\/data-protection\\\/gama-sds\\\/sds-data-connector\\\/#breadcrumb\"},\"inLanguage\":\"es\",\"potentialAction\":[{\"@type\":\"ReadAction\",\"target\":[\"https:\\\/\\\/www.stormshield.com\\\/es\\\/productos-y-servicios\\\/productos\\\/data-protection\\\/gama-sds\\\/sds-data-connector\\\/\"]}]},{\"@type\":\"BreadcrumbList\",\"@id\":\"https:\\\/\\\/www.stormshield.com\\\/es\\\/productos-y-servicios\\\/productos\\\/data-protection\\\/gama-sds\\\/sds-data-connector\\\/#breadcrumb\",\"itemListElement\":[{\"@type\":\"ListItem\",\"position\":1,\"name\":\"Home\",\"item\":\"https:\\\/\\\/www.stormshield.com\\\/es\\\/\"},{\"@type\":\"ListItem\",\"position\":2,\"name\":\"Productos y Soluciones\",\"item\":\"https:\\\/\\\/www.stormshield.com\\\/es\\\/productos-y-servicios\\\/\"},{\"@type\":\"ListItem\",\"position\":3,\"name\":\"Productos\",\"item\":\"https:\\\/\\\/www.stormshield.com\\\/es\\\/productos-y-servicios\\\/productos\\\/\"},{\"@type\":\"ListItem\",\"position\":4,\"name\":\"Seguridad de los datos\",\"item\":\"https:\\\/\\\/www.stormshield.com\\\/es\\\/productos-y-servicios\\\/productos\\\/data-protection\\\/\"},{\"@type\":\"ListItem\",\"position\":5,\"name\":\"Gama SDS\",\"item\":\"https:\\\/\\\/www.stormshield.com\\\/es\\\/productos-y-servicios\\\/productos\\\/data-protection\\\/gama-sds\\\/\"},{\"@type\":\"ListItem\",\"position\":6,\"name\":\"Stormshield Data Connector\"}]},{\"@type\":\"WebSite\",\"@id\":\"https:\\\/\\\/www.stormshield.com\\\/es\\\/#website\",\"url\":\"https:\\\/\\\/www.stormshield.com\\\/es\\\/\",\"name\":\"Stormshield\",\"description\":\"Stormshield\",\"potentialAction\":[{\"@type\":\"SearchAction\",\"target\":{\"@type\":\"EntryPoint\",\"urlTemplate\":\"https:\\\/\\\/www.stormshield.com\\\/es\\\/?s={search_term_string}\"},\"query-input\":{\"@type\":\"PropertyValueSpecification\",\"valueRequired\":true,\"valueName\":\"search_term_string\"}}],\"inLanguage\":\"es\"}]}<\/script>\n<!-- \/ Yoast SEO plugin. -->","yoast_head_json":{"title":"Protecci\u00f3n de datos: Stormshield Data Connector | Stormshield","description":"Con la creciente externalizaci\u00f3n de las infraestructuras de TI, Stormshield Data Connector protege los datos de su empresa con transparencia y sencillez.","robots":{"index":"index","follow":"follow","max-snippet":"max-snippet:-1","max-image-preview":"max-image-preview:large","max-video-preview":"max-video-preview:-1"},"canonical":"https:\/\/www.stormshield.com\/es\/productos-y-servicios\/productos\/data-protection\/gama-sds\/sds-data-connector\/","og_locale":"es_ES","og_type":"article","og_title":"Protecci\u00f3n de datos: Stormshield Data Connector | Stormshield","og_description":"Con la creciente externalizaci\u00f3n de las infraestructuras de TI, Stormshield Data Connector protege los datos de su empresa con transparencia y sencillez.","og_url":"https:\/\/www.stormshield.com\/es\/productos-y-servicios\/productos\/data-protection\/gama-sds\/sds-data-connector\/","og_site_name":"Stormshield","article_modified_time":"2024-03-22T12:37:45+00:00","og_image":[{"width":204,"height":94,"url":"https:\/\/www.stormshield.com\/wp-content\/uploads\/stormshield_logo.png","type":"image\/png"}],"twitter_card":"summary_large_image","twitter_site":"@Stormshield","twitter_misc":{"Tiempo de lectura":"2 minutos"},"schema":{"@context":"https:\/\/schema.org","@graph":[{"@type":"WebPage","@id":"https:\/\/www.stormshield.com\/es\/productos-y-servicios\/productos\/data-protection\/gama-sds\/sds-data-connector\/","url":"https:\/\/www.stormshield.com\/es\/productos-y-servicios\/productos\/data-protection\/gama-sds\/sds-data-connector\/","name":"Protecci\u00f3n de datos: Stormshield Data Connector | Stormshield","isPartOf":{"@id":"https:\/\/www.stormshield.com\/es\/#website"},"datePublished":"2021-09-13T12:09:07+00:00","dateModified":"2024-03-22T12:37:45+00:00","description":"Con la creciente externalizaci\u00f3n de las infraestructuras de TI, Stormshield Data Connector protege los datos de su empresa con transparencia y sencillez.","breadcrumb":{"@id":"https:\/\/www.stormshield.com\/es\/productos-y-servicios\/productos\/data-protection\/gama-sds\/sds-data-connector\/#breadcrumb"},"inLanguage":"es","potentialAction":[{"@type":"ReadAction","target":["https:\/\/www.stormshield.com\/es\/productos-y-servicios\/productos\/data-protection\/gama-sds\/sds-data-connector\/"]}]},{"@type":"BreadcrumbList","@id":"https:\/\/www.stormshield.com\/es\/productos-y-servicios\/productos\/data-protection\/gama-sds\/sds-data-connector\/#breadcrumb","itemListElement":[{"@type":"ListItem","position":1,"name":"Home","item":"https:\/\/www.stormshield.com\/es\/"},{"@type":"ListItem","position":2,"name":"Productos y Soluciones","item":"https:\/\/www.stormshield.com\/es\/productos-y-servicios\/"},{"@type":"ListItem","position":3,"name":"Productos","item":"https:\/\/www.stormshield.com\/es\/productos-y-servicios\/productos\/"},{"@type":"ListItem","position":4,"name":"Seguridad de los datos","item":"https:\/\/www.stormshield.com\/es\/productos-y-servicios\/productos\/data-protection\/"},{"@type":"ListItem","position":5,"name":"Gama SDS","item":"https:\/\/www.stormshield.com\/es\/productos-y-servicios\/productos\/data-protection\/gama-sds\/"},{"@type":"ListItem","position":6,"name":"Stormshield Data Connector"}]},{"@type":"WebSite","@id":"https:\/\/www.stormshield.com\/es\/#website","url":"https:\/\/www.stormshield.com\/es\/","name":"Stormshield","description":"Stormshield","potentialAction":[{"@type":"SearchAction","target":{"@type":"EntryPoint","urlTemplate":"https:\/\/www.stormshield.com\/es\/?s={search_term_string}"},"query-input":{"@type":"PropertyValueSpecification","valueRequired":true,"valueName":"search_term_string"}}],"inLanguage":"es"}]}},"_links":{"self":[{"href":"https:\/\/www.stormshield.com\/es\/wp-json\/wp\/v2\/pages\/233244","targetHints":{"allow":["GET"]}}],"collection":[{"href":"https:\/\/www.stormshield.com\/es\/wp-json\/wp\/v2\/pages"}],"about":[{"href":"https:\/\/www.stormshield.com\/es\/wp-json\/wp\/v2\/types\/page"}],"author":[{"embeddable":true,"href":"https:\/\/www.stormshield.com\/es\/wp-json\/wp\/v2\/users\/31"}],"replies":[{"embeddable":true,"href":"https:\/\/www.stormshield.com\/es\/wp-json\/wp\/v2\/comments?post=233244"}],"version-history":[{"count":10,"href":"https:\/\/www.stormshield.com\/es\/wp-json\/wp\/v2\/pages\/233244\/revisions"}],"predecessor-version":[{"id":506617,"href":"https:\/\/www.stormshield.com\/es\/wp-json\/wp\/v2\/pages\/233244\/revisions\/506617"}],"up":[{"embeddable":true,"href":"https:\/\/www.stormshield.com\/es\/wp-json\/wp\/v2\/pages\/315928"}],"wp:attachment":[{"href":"https:\/\/www.stormshield.com\/es\/wp-json\/wp\/v2\/media?parent=233244"}],"curies":[{"name":"wp","href":"https:\/\/api.w.org\/{rel}","templated":true}]}}