{"id":233214,"date":"2021-09-13T13:09:26","date_gmt":"2021-09-13T12:09:26","guid":{"rendered":"https:\/\/www.stormshield.com\/productos-y-servicios\/productos\/data-protection\/"},"modified":"2024-10-18T13:36:08","modified_gmt":"2024-10-18T12:36:08","slug":"data-protection","status":"publish","type":"page","link":"https:\/\/www.stormshield.com\/es\/productos-y-servicios\/productos\/data-protection\/","title":{"rendered":"Seguridad de los datos"},"content":{"rendered":"<div class=\"wpb-content-wrapper\"><p>[vc_row css_animation=\"\" row_type=\"row\" use_row_as_full_screen_section=\"no\" type=\"grid\" angled_section=\"no\" text_align=\"left\" background_image_as_pattern=\"without_pattern\" z_index=\"\" padding_top=\"50\" padding_bottom=\"50\"][vc_column][vc_column_text]<\/p>\n<h1 style=\"text-align: center;\"><span style=\"color: #00aaf5;\"><span style=\"font-weight: 300; font-size: 1.5em;\">Cifrado de datos:<\/span><\/span><span style=\"color: #00aaf5;\"><span style=\"font-weight: 900; font-size: 1.5em;\"> administra tus datos sensibles con una seguridad adecuada<\/span><\/span><\/h1>\n<p>[\/vc_column_text][\/vc_column][\/vc_row][vc_row css_animation=\"\" row_type=\"row\" use_row_as_full_screen_section=\"no\" type=\"grid\" angled_section=\"no\" text_align=\"left\" background_image_as_pattern=\"without_pattern\" z_index=\"\"][vc_column][vc_empty_space][vc_column_text css=\"\"]<strong><span style=\"color: #000; font-size: 1.1em;\">El robo, la fuga o incluso la exfiltraci\u00f3n son amenazas contra tus datos, y los principales objetivos de actos ciber maliciosos. Cada comunicaci\u00f3n tambi\u00e9n puede convertirse en una fuente de riesgo. Porque tan pronto como tus datos transiten de un espacio a otro, ser\u00e1n susceptibles de ser interceptados, modificados o incluso destruidos. Para una mayor seguridad de los datos, tus equipos de seguridad inform\u00e1tica deben aplicar una serie de buenas pr\u00e1cticas; y la m\u00e1s importante de ellas es el cifrado de datos.<\/span><\/strong>[\/vc_column_text][vc_empty_space][\/vc_column][\/vc_row][vc_row css_animation=\"\" row_type=\"row\" use_row_as_full_screen_section=\"no\" type=\"grid\" angled_section=\"no\" text_align=\"left\" background_image_as_pattern=\"without_pattern\" z_index=\"\" padding_bottom=\"50\"][vc_column][vc_row_inner row_type=\"row\" type=\"full_width\" text_align=\"left\" css_animation=\"\"][vc_column_inner width=\"2\/3\" css=\".vc_custom_1706883041833{padding-right: 32px !important;}\"][vc_column_text]<\/p>\n<h2><span style=\"color: #000; font-size: 1.2em; font-weight: 900;\">\u00bfPor qu\u00e9 cifrar tus datos?<\/span><\/h2>\n<p><span style=\"color: #000; font-size: 1.1em;\">En toda organizaci\u00f3n, la seguridad de los datos se pone regularmente a prueba. <strong>El cifrado de datos permite protegerse contra el robo y la fuga de esta informaci\u00f3n.<\/strong> El origen de esta fragilidad est\u00e1 en diversas causas, que van desde la negligencia hasta el espionaje industrial, pasando por los nuevos usos m\u00f3viles y el uso masivo de herramientas colaborativas. Por lo tanto, la noci\u00f3n de protecci\u00f3n de datos est\u00e1 \u00edntimamente ligada a los riesgos de confidencialidad, integridad y disponibilidad. Con la noci\u00f3n de trazabilidad, estos elementos son los criterios fundamentales de la seguridad de la informaci\u00f3n.<\/span><\/p>\n<p><span style=\"color: #000; font-size: 1.1em;\">Y la respuesta que generalmente se da para proteger la integridad y confidencialidad de estos datos se basa en una acci\u00f3n: <strong>el cifrado.<\/strong><\/span>[\/vc_column_text][vc_empty_space][\/vc_column_inner][vc_column_inner width=\"1\/3\" css=\".vc_custom_1706882945370{padding-top: 32px !important;padding-right: 32px !important;padding-bottom: 32px !important;padding-left: 32px !important;background-color: #f9f9f9 !important;}\"][vc_column_text css=\"\"]<span style=\"color: #000; font-size: 1.1em;\">Para ser m\u00e1s \u00e1giles, cada vez m\u00e1s organizaciones han decidido pasar de los puestos de trabajo \"tradicionales\" -con sus numerosos clientes gordos- a los clientes ligeros o puestos de trabajo virtuales. Este uso creciente de las aplicaciones SaaS est\u00e1 obligando a los proveedores de seguridad a innovar integrando el cifrado de datos directamente en el navegador.<\/span><\/p>\n<p><span style=\"color: #000; font-size: 1.1em;\"><strong>Soluciones de protecci\u00f3n de datos: \u00bfHacia un despliegue sin restricciones?<\/strong> M\u00e1s informaci\u00f3n en nuestro <strong>libro blanco<\/strong> Stormshield.<\/span>[\/vc_column_text][vc_empty_space]<a  itemprop=\"url\" href=\"https:\/\/www.stormshield.com\/es\/ressourcescenter\/soluciones-de-proteccion-de-datos-hacia-un-despliegue-sin-restricciones\/\" target=\"_blank\" data-hover-background-color=\"#00aeef\" data-hover-border-color=\"#00aeef\" class=\"qbutton  white enlarge\" style=\"border-color: #ffffff; background-color:#060051;\">Descargar<i class=\"qode_icon_font_awesome fa fa-download qode_button_icon_element\"><\/i><\/a>[vc_empty_space][\/vc_column_inner][\/vc_row_inner][\/vc_column][\/vc_row][vc_row css_animation=\"\" row_type=\"row\" use_row_as_full_screen_section=\"no\" type=\"grid\" angled_section=\"no\" text_align=\"left\" background_image_as_pattern=\"without_pattern\" z_index=\"\" padding_bottom=\"50\" padding_top=\"50\" background_color=\"#060051\"][vc_column][vc_row_inner row_type=\"row\" type=\"full_width\" text_align=\"left\" css_animation=\"\"][vc_column_inner][vc_column_text]<\/p>\n<h2><span style=\"color: #ffffff; font-size: 1.2em; font-weight: 900;\">\u00bfC\u00f3mo funciona el cifrado de datos?<\/span><\/h2>\n<p><span style=\"color: #ffffff; font-size: 1.1em;\">\u00bfC\u00f3mo se cifra la informaci\u00f3n? El cifrado de datos no estructurados puede adoptar muchas formas. Adem\u00e1s del cifrado de superficie, <strong>es posible encriptar un archivo o un correo electr\u00f3nico individualmente.<\/strong> Una vez encriptados, \u00fanicamente el remitente y el destinatario pueden descifrar estos elementos Esto es as\u00ed sin importar cual sea el medio o el dispositivo utilizado (ordenador, tableta, m\u00f3vil, memoria USB, servidor de archivos o nube p\u00fablica y privada). Protecci\u00f3n contra los actos maliciosos, como la fuga de datos o los ataques de intercepci\u00f3n.<\/span><\/p>\n<p><span style=\"color: #ffffff; font-size: 1.1em;\">Para que tus equipos la integren, tu soluci\u00f3n de cifrado de datos debe adaptarse a la vida profesional diaria de tus empleados, y no al rev\u00e9s. De esta forma la soluci\u00f3n les permite acceder de forma segura a los datos, est\u00e9n donde est\u00e9n, en una serie de casos de uso adaptados a las herramientas de comunicaci\u00f3n y colaboraci\u00f3n actuales.<\/span>[\/vc_column_text][vc_empty_space][\/vc_column_inner][\/vc_row_inner][vc_row_inner row_type=\"row\" type=\"full_width\" text_align=\"left\" css_animation=\"\"][vc_column_inner width=\"1\/4\"]<a  itemprop=\"url\" href=\"https:\/\/www.stormshield.com\/es\/productos-y-servicios\/productos\/data-protection\/cifrado-en-google-workspace\/\" target=\"_self\" data-hover-background-color=\"#00aeef\" data-hover-border-color=\"#00aeef\" class=\"qbutton  white enlarge\" style=\"border-color: #ffffff; background-color:#060051;\">Google Workspace<i class=\"qode_icon_font_awesome fa fa-angle-right qode_button_icon_element\"><\/i><\/a>[vc_empty_space height=\"12px\"]<a  itemprop=\"url\" href=\"https:\/\/www.stormshield.com\/es\/productos-y-servicios\/productos\/data-protection\/cifrado-en-gmail\/\" target=\"_self\" data-hover-background-color=\"#00aeef\" data-hover-border-color=\"#00aeef\" class=\"qbutton  white enlarge\" style=\"border-color: #ffffff; background-color:#060051;\">Gmail<i class=\"qode_icon_font_awesome fa fa-angle-right qode_button_icon_element\"><\/i><\/a>[vc_empty_space height=\"12px\"][\/vc_column_inner][vc_column_inner width=\"1\/4\"]<a  itemprop=\"url\" href=\"https:\/\/www.stormshield.com\/es\/productos-y-servicios\/productos\/data-protection\/cifrado-en-outlook\/\" target=\"_self\" data-hover-background-color=\"#00aeef\" data-hover-border-color=\"#00aeef\" class=\"qbutton  white enlarge\" style=\"border-color: #ffffff; background-color:#060051;\">Outlook<i class=\"qode_icon_font_awesome fa fa-angle-right qode_button_icon_element\"><\/i><\/a>[vc_empty_space height=\"12px\"][\/vc_column_inner][vc_column_inner width=\"1\/4\"]<a  itemprop=\"url\" href=\"https:\/\/www.stormshield.com\/es\/productos-y-servicios\/productos\/data-protection\/cifrado-en-microsoft365\/\" target=\"_self\" data-hover-background-color=\"#00aeef\" data-hover-border-color=\"#00aeef\" class=\"qbutton  white enlarge\" style=\"border-color: #ffffff; background-color:#060051;\">Onedrive \/ Sharepoint<i class=\"qode_icon_font_awesome fa fa-angle-right qode_button_icon_element\"><\/i><\/a>[vc_empty_space height=\"12px\"][\/vc_column_inner][vc_column_inner width=\"1\/4\"]<a  itemprop=\"url\" href=\"https:\/\/www.stormshield.com\/es\/productos-y-servicios\/productos\/data-protection\/cifrado-en-los-puestos-de-trabajo\/\" target=\"_self\" data-hover-background-color=\"#00aeef\" data-hover-border-color=\"#00aeef\" class=\"qbutton  white enlarge\" style=\"border-color: #ffffff; background-color:#060051;\">Puestos y servidores<i class=\"qode_icon_font_awesome fa fa-angle-right qode_button_icon_element\"><\/i><\/a>[\/vc_column_inner][\/vc_row_inner][\/vc_column][\/vc_row][vc_row row_type=\"parallax\" parallax_content_width=\"in_grid\" text_align=\"center\" full_screen_section_height=\"yes\" vertically_align_content_in_middle=\"yes\" background_image=\"224720\"][vc_column][vc_row_inner row_type=\"row\" type=\"full_width\" text_align=\"left\" css_animation=\"\"][vc_column_inner width=\"1\/2\"][vc_column_text]<\/p>\n<h2><span style=\"color: #000; font-size: 1.2em; font-weight: 900;\">El cifrado de datos con Stormshield<\/span><\/h2>\n<p><span style=\"color: #000; font-size: 1.1em;\">\u00bfC\u00f3mo se protegen los datos sensibles? <strong>Stormshield utiliza el cifrado de extremo a extremo para garantizar la protecci\u00f3n de datos.<\/strong> Ya sea DKE (<em>Double Key Encryption<\/em>) o CSE (<em>Client-Side Encryption<\/em>), el soporte cifrado mantiene de esta forma su propia seguridad y puede compartirse con total seguridad en distintas plataformas, en la nube o en la empresa.<\/span><\/p>\n<p><span style=\"color: #000; font-size: 1.1em;\"><strong>Con el software de protecci\u00f3n de datos Stormshield Data Security (SDS), descubrir\u00e1s una soluci\u00f3n de cifrado sencilla y transparente para el usuario, que le permite mantener sus h\u00e1bitos de trabajo.<\/strong> Al estar en el centro de la seguridad de su informaci\u00f3n, el usuario designa las personas autorizadas a acceder a la informaci\u00f3n y crea espacios de colaboraci\u00f3n segura. Una proposici\u00f3n de protecci\u00f3n de datos basada en la fiabilidad de sus soluciones, reconocida al m\u00e1s alto nivel europeo.<\/span>[\/vc_column_text][vc_empty_space]<a  itemprop=\"url\" href=\"https:\/\/www.stormshield.com\/es\/productos-y-servicios\/productos\/data-protection\/gama-sds\/\" target=\"_blank\" data-hover-background-color=\"#00aeef\" data-hover-border-color=\"#00aeef\" class=\"qbutton  white enlarge\" style=\"border-color: #ffffff; background-color:#d23467;\">Gama SDS<i class=\"qode_icon_font_awesome fa fa-angle-right qode_button_icon_element\"><\/i><\/a>[vc_empty_space height=\"12px\"]<a  itemprop=\"url\" href=\"https:\/\/www.stormshield.com\/es\/ressourcescenter\/data-security\/\" target=\"_blank\" data-hover-background-color=\"#00aeef\" data-hover-border-color=\"#00aeef\" class=\"qbutton  white enlarge\" style=\"border-color: #ffffff; background-color:#060051;\">Folleto SDS<i class=\"qode_icon_font_awesome fa fa-angle-right qode_button_icon_element\"><\/i><\/a>[vc_empty_space][\/vc_column_inner][vc_column_inner width=\"1\/2\"][vc_empty_space][vc_video link=\"https:\/\/youtu.be\/FkuDQaeKwrE\" align=\"center\"][vc_empty_space][\/vc_column_inner][\/vc_row_inner][\/vc_column][\/vc_row][vc_row css_animation=\"\" row_type=\"row\" use_row_as_full_screen_section=\"no\" type=\"grid\" angled_section=\"no\" text_align=\"left\" background_image_as_pattern=\"without_pattern\" z_index=\"\" padding_bottom=\"50\" padding_top=\"50\"][vc_column][vc_row_inner row_type=\"row\" type=\"full_width\" text_align=\"left\" css_animation=\"\" css=\".vc_custom_1706883499003{padding-top: 32px !important;padding-right: 32px !important;padding-bottom: 32px !important;padding-left: 32px !important;background-color: #f9f9f9 !important;}\"][vc_column_inner][vc_column_text]<\/p>\n<h2><span style=\"color: #000; font-size: 1.2em; font-weight: 900;\">Cifrado de datos y normativa<\/span><\/h2>\n<p><span style=\"color: #000; font-size: 1.1em;\">A escala europea, el Reglamento General de Protecci\u00f3n de Datos (<strong>RGPD<\/strong>) es claro en su <a style=\"color: #000000;\" href=\"https:\/\/eur-lex.europa.eu\/legal-content\/FR\/TXT\/?uri=CELEX:32016R0679\" target=\"_blank\" rel=\"noopener\">Considerando 83<\/a>, y menciona la t\u00e9cnica de cifrado: \u00ab<em>A fin de mantener la seguridad y evitar que el tratamiento infrinja lo dispuesto en el presente Reglamento, el responsable o el encargado deben evaluar los riesgos inherentes al tratamiento y aplicar medidas para mitigarlos, como el cifrado.<\/em>\u00bb <\/span><\/p>\n<p><span style=\"color: #000000;\"><span style=\"font-size: 1.1em;\">En Francia, la <strong>CNIL<\/strong> completa este enfoque y enumera las precauciones b\u00e1sicas que deben adoptarse para el cifrado de datos: utilizar un algoritmo reconocido y seguro, utilizar un tama\u00f1o de de la clave de cifrado sapropiado, proteger las claves secretas... <\/span><span style=\"font-size: 1.1em;\">Por \u00faltimo, desde el <strong>PCI DSS<\/strong> en banca hasta el <strong>HIPAA<\/strong> en el sector sanitario, el cifrado de datos tambi\u00e9n est\u00e1 sujeto a normas sectoriales.<\/span><\/span>[\/vc_column_text][vc_empty_space][\/vc_column_inner][\/vc_row_inner][\/vc_column][\/vc_row][vc_row css_animation=\"\" row_type=\"row\" use_row_as_full_screen_section=\"no\" type=\"grid\" angled_section=\"no\" text_align=\"left\" background_image_as_pattern=\"without_pattern\" z_index=\"\" padding_bottom=\"50\" padding_top=\"50\"][vc_column][vc_row_inner row_type=\"row\" type=\"full_width\" text_align=\"left\" css_animation=\"\"][vc_column_inner width=\"2\/3\"][vc_column_text]<\/p>\n<h2><span style=\"color: #000; font-size: 1.2em; font-weight: 900;\">\u00bfHay que cifrarlo todo?<\/span><\/h2>\n<p><span style=\"color: #000; font-size: 1.1em;\">\u00bfQu\u00e9 datos deben cifrarse? <strong>Datos vitales, datos sensibles o datos cr\u00edticos, pero tambi\u00e9n datos personales; es f\u00e1cil perderse entre los t\u00e9rminos relacionados con este tema.<\/strong> Por lo tanto, muchas empresas creen que no les afecta y que, por lo tanto, no tienen que proteger sus archivos ni sus comunicaciones. Sin embargo, la protecci\u00f3n de datos es necesaria y afecta a todas las empresas. Los datos de producci\u00f3n, los datos financieros, los datos de I+D y los datos de recursos humanos son elementos que permiten a la empresa funcionar a diario.<\/span><\/p>\n<p><span style=\"color: #000; font-size: 1.1em;\">Para entenderlo, se debe definir qu\u00e9 informaci\u00f3n es estrat\u00e9gica para la empresa o entidad en cuesti\u00f3n, teniendo en cuenta que cualquier dato producido tiene valor.<\/span>[\/vc_column_text][vc_empty_space][\/vc_column_inner][vc_column_inner width=\"1\/3\"][vc_empty_space][vc_video link=\"https:\/\/youtu.be\/khuvPagNP0A\" align=\"center\"][vc_empty_space][\/vc_column_inner][\/vc_row_inner][\/vc_column][\/vc_row]<\/p>\n<\/div>","protected":false},"excerpt":{"rendered":"<p>[vc_row css_animation=\u00bb\u00bb row_type=\u00bbrow\u00bb use_row_as_full_screen_section=\u00bbno\u00bb type=\u00bbgrid\u00bb angled_section=\u00bbno\u00bb text_align=\u00bbleft\u00bb background_image_as_pattern=\u00bbwithout_pattern\u00bb z_index=\u00bb\u00bb padding_top=\u00bb50&#8243; padding_bottom=\u00bb50&#8243;][vc_column][vc_column_text] Cifrado de datos: administra tus datos sensibles con una seguridad adecuada [\/vc_column_text][\/vc_column][\/vc_row][vc_row css_animation=\u00bb\u00bb row_type=\u00bbrow\u00bb use_row_as_full_screen_section=\u00bbno\u00bb type=\u00bbgrid\u00bb angled_section=\u00bbno\u00bb text_align=\u00bbleft\u00bb background_image_as_pattern=\u00bbwithout_pattern\u00bb z_index=\u00bb\u00bb][vc_column][vc_empty_space][vc_column_text css=\u00bb\u00bb]El robo, la fuga o incluso la exfiltraci\u00f3n son amenazas contra tus datos, y&#8230;<\/p>\n","protected":false},"author":31,"featured_media":0,"parent":204957,"menu_order":169,"comment_status":"closed","ping_status":"closed","template":"full_width.php","meta":{"_acf_changed":false,"footnotes":""},"class_list":["post-233214","page","type-page","status-publish","hentry"],"acf":[],"yoast_head":"<!-- This site is optimized with the Yoast SEO plugin v27.3 - https:\/\/yoast.com\/product\/yoast-seo-wordpress\/ -->\n<title>Cifrado de datos: proteja sus datos | Stormshield<\/title>\n<meta name=\"description\" content=\"Cifrado con Stormshield: un enfoque de confianza para la seguridad, integridad y confidencialidad de los datos.\" \/>\n<meta name=\"robots\" content=\"index, follow, max-snippet:-1, max-image-preview:large, max-video-preview:-1\" \/>\n<link rel=\"canonical\" href=\"https:\/\/www.stormshield.com\/es\/productos-y-servicios\/productos\/data-protection\/\" \/>\n<meta property=\"og:locale\" content=\"es_ES\" \/>\n<meta property=\"og:type\" content=\"article\" \/>\n<meta property=\"og:title\" content=\"Cifrado de datos: proteja sus datos | Stormshield\" \/>\n<meta property=\"og:description\" content=\"Cifrado con Stormshield: un enfoque de confianza para la seguridad, integridad y confidencialidad de los datos.\" \/>\n<meta property=\"og:url\" content=\"https:\/\/www.stormshield.com\/es\/productos-y-servicios\/productos\/data-protection\/\" \/>\n<meta property=\"og:site_name\" content=\"Stormshield\" \/>\n<meta property=\"article:modified_time\" content=\"2024-10-18T12:36:08+00:00\" \/>\n<meta property=\"og:image\" content=\"https:\/\/www.stormshield.com\/wp-content\/uploads\/stormshield_logo.png\" \/>\n\t<meta property=\"og:image:width\" content=\"204\" \/>\n\t<meta property=\"og:image:height\" content=\"94\" \/>\n\t<meta property=\"og:image:type\" content=\"image\/png\" \/>\n<meta name=\"twitter:card\" content=\"summary_large_image\" \/>\n<meta name=\"twitter:site\" content=\"@Stormshield\" \/>\n<meta name=\"twitter:label1\" content=\"Tiempo de lectura\" \/>\n\t<meta name=\"twitter:data1\" content=\"5 minutos\" \/>\n<script type=\"application\/ld+json\" class=\"yoast-schema-graph\">{\"@context\":\"https:\\\/\\\/schema.org\",\"@graph\":[{\"@type\":\"WebPage\",\"@id\":\"https:\\\/\\\/www.stormshield.com\\\/es\\\/productos-y-servicios\\\/productos\\\/data-protection\\\/\",\"url\":\"https:\\\/\\\/www.stormshield.com\\\/es\\\/productos-y-servicios\\\/productos\\\/data-protection\\\/\",\"name\":\"Cifrado de datos: proteja sus datos | Stormshield\",\"isPartOf\":{\"@id\":\"https:\\\/\\\/www.stormshield.com\\\/es\\\/#website\"},\"datePublished\":\"2021-09-13T12:09:26+00:00\",\"dateModified\":\"2024-10-18T12:36:08+00:00\",\"description\":\"Cifrado con Stormshield: un enfoque de confianza para la seguridad, integridad y confidencialidad de los datos.\",\"breadcrumb\":{\"@id\":\"https:\\\/\\\/www.stormshield.com\\\/es\\\/productos-y-servicios\\\/productos\\\/data-protection\\\/#breadcrumb\"},\"inLanguage\":\"es\",\"potentialAction\":[{\"@type\":\"ReadAction\",\"target\":[\"https:\\\/\\\/www.stormshield.com\\\/es\\\/productos-y-servicios\\\/productos\\\/data-protection\\\/\"]}]},{\"@type\":\"BreadcrumbList\",\"@id\":\"https:\\\/\\\/www.stormshield.com\\\/es\\\/productos-y-servicios\\\/productos\\\/data-protection\\\/#breadcrumb\",\"itemListElement\":[{\"@type\":\"ListItem\",\"position\":1,\"name\":\"Home\",\"item\":\"https:\\\/\\\/www.stormshield.com\\\/es\\\/\"},{\"@type\":\"ListItem\",\"position\":2,\"name\":\"Productos y Soluciones\",\"item\":\"https:\\\/\\\/www.stormshield.com\\\/es\\\/productos-y-servicios\\\/\"},{\"@type\":\"ListItem\",\"position\":3,\"name\":\"Productos\",\"item\":\"https:\\\/\\\/www.stormshield.com\\\/es\\\/productos-y-servicios\\\/productos\\\/\"},{\"@type\":\"ListItem\",\"position\":4,\"name\":\"Seguridad de los datos\"}]},{\"@type\":\"WebSite\",\"@id\":\"https:\\\/\\\/www.stormshield.com\\\/es\\\/#website\",\"url\":\"https:\\\/\\\/www.stormshield.com\\\/es\\\/\",\"name\":\"Stormshield\",\"description\":\"Stormshield\",\"potentialAction\":[{\"@type\":\"SearchAction\",\"target\":{\"@type\":\"EntryPoint\",\"urlTemplate\":\"https:\\\/\\\/www.stormshield.com\\\/es\\\/?s={search_term_string}\"},\"query-input\":{\"@type\":\"PropertyValueSpecification\",\"valueRequired\":true,\"valueName\":\"search_term_string\"}}],\"inLanguage\":\"es\"}]}<\/script>\n<!-- \/ Yoast SEO plugin. -->","yoast_head_json":{"title":"Cifrado de datos: proteja sus datos | Stormshield","description":"Cifrado con Stormshield: un enfoque de confianza para la seguridad, integridad y confidencialidad de los datos.","robots":{"index":"index","follow":"follow","max-snippet":"max-snippet:-1","max-image-preview":"max-image-preview:large","max-video-preview":"max-video-preview:-1"},"canonical":"https:\/\/www.stormshield.com\/es\/productos-y-servicios\/productos\/data-protection\/","og_locale":"es_ES","og_type":"article","og_title":"Cifrado de datos: proteja sus datos | Stormshield","og_description":"Cifrado con Stormshield: un enfoque de confianza para la seguridad, integridad y confidencialidad de los datos.","og_url":"https:\/\/www.stormshield.com\/es\/productos-y-servicios\/productos\/data-protection\/","og_site_name":"Stormshield","article_modified_time":"2024-10-18T12:36:08+00:00","og_image":[{"width":204,"height":94,"url":"https:\/\/www.stormshield.com\/wp-content\/uploads\/stormshield_logo.png","type":"image\/png"}],"twitter_card":"summary_large_image","twitter_site":"@Stormshield","twitter_misc":{"Tiempo de lectura":"5 minutos"},"schema":{"@context":"https:\/\/schema.org","@graph":[{"@type":"WebPage","@id":"https:\/\/www.stormshield.com\/es\/productos-y-servicios\/productos\/data-protection\/","url":"https:\/\/www.stormshield.com\/es\/productos-y-servicios\/productos\/data-protection\/","name":"Cifrado de datos: proteja sus datos | Stormshield","isPartOf":{"@id":"https:\/\/www.stormshield.com\/es\/#website"},"datePublished":"2021-09-13T12:09:26+00:00","dateModified":"2024-10-18T12:36:08+00:00","description":"Cifrado con Stormshield: un enfoque de confianza para la seguridad, integridad y confidencialidad de los datos.","breadcrumb":{"@id":"https:\/\/www.stormshield.com\/es\/productos-y-servicios\/productos\/data-protection\/#breadcrumb"},"inLanguage":"es","potentialAction":[{"@type":"ReadAction","target":["https:\/\/www.stormshield.com\/es\/productos-y-servicios\/productos\/data-protection\/"]}]},{"@type":"BreadcrumbList","@id":"https:\/\/www.stormshield.com\/es\/productos-y-servicios\/productos\/data-protection\/#breadcrumb","itemListElement":[{"@type":"ListItem","position":1,"name":"Home","item":"https:\/\/www.stormshield.com\/es\/"},{"@type":"ListItem","position":2,"name":"Productos y Soluciones","item":"https:\/\/www.stormshield.com\/es\/productos-y-servicios\/"},{"@type":"ListItem","position":3,"name":"Productos","item":"https:\/\/www.stormshield.com\/es\/productos-y-servicios\/productos\/"},{"@type":"ListItem","position":4,"name":"Seguridad de los datos"}]},{"@type":"WebSite","@id":"https:\/\/www.stormshield.com\/es\/#website","url":"https:\/\/www.stormshield.com\/es\/","name":"Stormshield","description":"Stormshield","potentialAction":[{"@type":"SearchAction","target":{"@type":"EntryPoint","urlTemplate":"https:\/\/www.stormshield.com\/es\/?s={search_term_string}"},"query-input":{"@type":"PropertyValueSpecification","valueRequired":true,"valueName":"search_term_string"}}],"inLanguage":"es"}]}},"_links":{"self":[{"href":"https:\/\/www.stormshield.com\/es\/wp-json\/wp\/v2\/pages\/233214","targetHints":{"allow":["GET"]}}],"collection":[{"href":"https:\/\/www.stormshield.com\/es\/wp-json\/wp\/v2\/pages"}],"about":[{"href":"https:\/\/www.stormshield.com\/es\/wp-json\/wp\/v2\/types\/page"}],"author":[{"embeddable":true,"href":"https:\/\/www.stormshield.com\/es\/wp-json\/wp\/v2\/users\/31"}],"replies":[{"embeddable":true,"href":"https:\/\/www.stormshield.com\/es\/wp-json\/wp\/v2\/comments?post=233214"}],"version-history":[{"count":19,"href":"https:\/\/www.stormshield.com\/es\/wp-json\/wp\/v2\/pages\/233214\/revisions"}],"predecessor-version":[{"id":576018,"href":"https:\/\/www.stormshield.com\/es\/wp-json\/wp\/v2\/pages\/233214\/revisions\/576018"}],"up":[{"embeddable":true,"href":"https:\/\/www.stormshield.com\/es\/wp-json\/wp\/v2\/pages\/204957"}],"wp:attachment":[{"href":"https:\/\/www.stormshield.com\/es\/wp-json\/wp\/v2\/media?parent=233214"}],"curies":[{"name":"wp","href":"https:\/\/api.w.org\/{rel}","templated":true}]}}