{"id":205245,"date":"2017-09-19T13:14:16","date_gmt":"2017-09-19T12:14:16","guid":{"rendered":"https:\/\/www.stormshield.com\/our-websites\/"},"modified":"2025-11-03T10:22:09","modified_gmt":"2025-11-03T09:22:09","slug":"nuestros-sitios-web","status":"publish","type":"page","link":"https:\/\/www.stormshield.com\/es\/nuestros-sitios-web\/","title":{"rendered":"Nuestros sitios web"},"content":{"rendered":"<div class=\"wpb-content-wrapper\"><p>[vc_row css_animation=\"\" row_type=\"row\" use_row_as_full_screen_section=\"no\" type=\"grid\" angled_section=\"no\" text_align=\"left\" background_image_as_pattern=\"without_pattern\" z_index=\"\" padding_top=\"50\" padding_bottom=\"50\"][vc_column][vc_column_text]<\/p>\n<h1 style=\"text-align: center;\"><span style=\"color: #00aaf5;\"><span style=\"font-weight: 900; font-size: 1.5em;\">Sitios web de Stormshield, <\/span><\/span><span style=\"color: #00aaf5;\"><span style=\"font-weight: 300; font-size: 1.5em;\">viaje por nuestro ecosistema digital<\/span><\/span><\/h1>\n<p>[\/vc_column_text][\/vc_column][\/vc_row][vc_row css_animation=\"\" row_type=\"row\" use_row_as_full_screen_section=\"no\" type=\"grid\" header_style=\"light\" angled_section=\"no\" text_align=\"left\" background_image_as_pattern=\"without_pattern\" z_index=\"\" padding_top=\"50\" padding_bottom=\"50\"][vc_column][vc_row_inner row_type=\"row\" type=\"full_width\" text_align=\"left\" css_animation=\"\"][vc_column_inner width=\"2\/3\"][vc_column_text]<span style=\"color: #000; font-size: 1.1em;\">Adem\u00e1s de los productos y soluciones de confianza que produce, Stormshield tambi\u00e9n desarrolla y suministra una serie de sitios especializados. Nuestro ecosistema digital est\u00e1 dise\u00f1ado para abordar tus problemas y ofrecer respuestas \u00fatiles y relevantes para facilitar tu vida diaria. Documentaci\u00f3n, MyStormshield, Knowledge Base, Stormshield Institute, Stormshield Security Portal, Advisories: <strong>encuentras toda la informaci\u00f3n Stormshield que necesita.<\/strong><\/span><\/p>\n<p>[\/vc_column_text][vc_empty_space][\/vc_column_inner][vc_column_inner width=\"1\/3\"][vc_single_image image=\"456312\" alignment=\"center\" qode_css_animation=\"\"][\/vc_column_inner][\/vc_row_inner][\/vc_column][\/vc_row][vc_row css_animation=\"\" row_type=\"row\" use_row_as_full_screen_section=\"no\" type=\"grid\" header_style=\"light\" angled_section=\"no\" text_align=\"left\" background_image_as_pattern=\"without_pattern\" z_index=\"\" padding_bottom=\"50\" padding_top=\"50\"][vc_column][vc_row_inner row_type=\"row\" type=\"full_width\" text_align=\"left\" css_animation=\"\" css=\".vc_custom_1710252830374{padding-top: 32px !important;padding-right: 32px !important;padding-left: 32px !important;background-color: #f9f9f9 !important;}\"][vc_column_inner][vc_column_text]<\/p>\n<h2><span style=\"color: #000; font-size: 1.2em; font-weight: 900;\">Nuestras plataformas de gesti\u00f3n de documentos<\/span><\/h2>\n<p><span style=\"color: #000; font-size: 1.1em;\">Aqu\u00ed encontrar\u00e1 toda la informaci\u00f3n y los procedimientos necesarios para utilizar sus productos y soluciones.[\/vc_column_text][\/vc_column_inner][\/vc_row_inner][vc_row_inner row_type=\"row\" type=\"full_width\" text_align=\"left\" css_animation=\"\" css=\".vc_custom_1710252679377{background-color: #f9f9f9 !important;}\"][vc_column_inner width=\"1\/3\" css=\".vc_custom_1710252196142{padding-top: 32px !important;padding-right: 32px !important;padding-bottom: 32px !important;padding-left: 32px !important;}\"][vc_column_text]<\/span><\/p>\n<h3><span style=\"color: #000; font-size: 1.3em; font-weight: 300;\">MyStormshield<\/span><\/h3>\n<p><span style=\"color: #000000; font-size: 1.1em;\"><strong>Un espacio de confianza conMyStormshield.<\/strong> Acceda a los recursos de documentaci\u00f3n del producto y gestione sus licencias desde su \u00e1rea de cliente. Tambi\u00e9n puedes contactar directamente con tu soporte t\u00e9cnico.<\/span><\/p>\n<p>[\/vc_column_text][vc_empty_space]<a  itemprop=\"url\" href=\"https:\/\/mystormshield.eu\/\" target=\"_blank\" data-hover-background-color=\"#d23467\" data-hover-border-color=\"#d23467\" class=\"qbutton  white enlarge\" style=\"border-color: #ffffff; background-color:#060051;\">mystormshield.eu<i class=\"qode_icon_font_awesome fa fa-angle-right qode_button_icon_element\"><\/i><\/a>[vc_empty_space][\/vc_column_inner][vc_column_inner width=\"1\/3\" css=\".vc_custom_1710252191021{padding-top: 32px !important;padding-right: 32px !important;padding-bottom: 32px !important;padding-left: 32px !important;}\"][vc_column_text]<\/p>\n<h3><span style=\"color: #000; font-size: 1.3em; font-weight: 300;\">Documentation<\/span><\/h3>\n<p><span style=\"color: #000000; font-size: 1.1em;\"><strong>Acceso \u00fanico a toda la documentaci\u00f3n t\u00e9cnica.<\/strong> Vea una gama completa de manuales de usuario, gu\u00edas de instalaci\u00f3n y notas de la versi\u00f3n de sus productos Stormshield, y ahorre un tiempo precioso.<\/span><\/p>\n<p>[\/vc_column_text][vc_empty_space]<a  itemprop=\"url\" href=\"https:\/\/documentation.stormshield.eu\/\" target=\"_blank\" data-hover-background-color=\"#d23467\" data-hover-border-color=\"#d23467\" class=\"qbutton  white enlarge\" style=\"border-color: #ffffff; background-color:#060051;\">documentation.stormshield.eu<i class=\"qode_icon_font_awesome fa fa-angle-right qode_button_icon_element\"><\/i><\/a>[vc_empty_space][\/vc_column_inner][vc_column_inner width=\"1\/3\" css=\".vc_custom_1710252205893{padding-top: 32px !important;padding-right: 32px !important;padding-bottom: 32px !important;padding-left: 32px !important;}\"][vc_column_text]<\/p>\n<h3><span style=\"color: #000; font-size: 1.3em; font-weight: 300;\">Knowledge base<\/span><\/h3>\n<p><span style=\"color: #000000; font-size: 1.1em;\"><strong>Una base de conocimientos sobre el producto en la KB.<\/strong> Preguntas y respuestas, puntos t\u00e9cnicos, seminarios web, tutoriales... Desde su \u00e1rea de cliente, acceda a una verdadera FAQ sobre los productos Stormshield.[\/vc_column_text][vc_empty_space]<a  itemprop=\"url\" href=\"https:\/\/kb.stormshield.eu\/en\" target=\"_blank\" data-hover-background-color=\"#d23467\" data-hover-border-color=\"#d23467\" class=\"qbutton  white enlarge\" style=\"border-color: #ffffff; background-color:#060051;\">kb.stormshield.eu<i class=\"qode_icon_font_awesome fa fa-angle-right qode_button_icon_element\"><\/i><\/a>[vc_empty_space][\/vc_column_inner][\/vc_row_inner][\/vc_column][\/vc_row][vc_row css_animation=\"\" row_type=\"row\" use_row_as_full_screen_section=\"no\" type=\"grid\" header_style=\"light\" angled_section=\"no\" text_align=\"left\" background_image_as_pattern=\"without_pattern\" z_index=\"\" padding_bottom=\"50\"][vc_column][vc_row_inner row_type=\"row\" type=\"full_width\" text_align=\"left\" css_animation=\"\"][vc_column_inner][vc_column_text]<\/span><\/p>\n<h2><span style=\"color: #000; font-size: 1.2em; font-weight: 900;\">Nuestras plataformas de seguridad de productos<\/span><\/h2>\n<p>[\/vc_column_text][\/vc_column_inner][\/vc_row_inner][vc_row_inner row_type=\"row\" type=\"full_width\" text_align=\"left\" css_animation=\"\"][vc_column_inner width=\"1\/3\"][vc_column_text]<\/p>\n<h3><span style=\"color: #000; font-size: 1.3em; font-weight: 300;\">Security Portal<\/span><\/h3>\n<p><span style=\"color: #000; font-size: 1.1em;\"><strong>Este portal de seguridad de Stormshield<\/strong> est\u00e1 dedicado a la seguridad proporcionada por los productos Stormshield y tiene como objetivo informar a los socios y a los clientes sobre el nivel de cobertura que proporcionan nuestros productos.[\/vc_column_text][vc_empty_space]<a  itemprop=\"url\" href=\"https:\/\/security.stormshield.eu\/\" target=\"_blank\" data-hover-background-color=\"#d23467\" data-hover-border-color=\"#d23467\" class=\"qbutton  white enlarge\" style=\"border-color: #ffffff; background-color:#060051;\">security.stormshield.eu<i class=\"qode_icon_font_awesome fa fa-angle-right qode_button_icon_element\"><\/i><\/a>[vc_empty_space][\/vc_column_inner][vc_column_inner width=\"1\/3\"][vc_column_text]<\/span><\/p>\n<h3><span style=\"color: #000; font-size: 1.3em; font-weight: 300;\">Advisories<\/span><\/h3>\n<p><span style=\"color: #000; font-size: 1.1em;\"><strong>This Stormshield Advisories website<\/strong> contains all the safety notices published by us since 1 July 2014. Its objective: to analyse all the potential and proven vulnerabilities of certain attackers to provide better protection against them.<\/span><\/p>\n<p>[\/vc_column_text][vc_empty_space]<a  itemprop=\"url\" href=\"https:\/\/advisories.stormshield.eu\/\" target=\"_blank\" data-hover-background-color=\"#d23467\" data-hover-border-color=\"#d23467\" class=\"qbutton  white enlarge\" style=\"border-color: #ffffff; background-color:#060051;\">advisories.stormshield.eu<i class=\"qode_icon_font_awesome fa fa-angle-right qode_button_icon_element\"><\/i><\/a>[vc_empty_space][\/vc_column_inner][vc_column_inner width=\"1\/3\" css=\".vc_custom_1710252478971{padding-top: 32px !important;padding-right: 32px !important;padding-bottom: 32px !important;padding-left: 32px !important;background-color: #f9f9f9 !important;}\"][vc_column_text]<span style=\"color: #000; font-size: 1.1em;\">Lea nuestros documentos t\u00e9cnicos para descifrar ataques, fallos t\u00e9cnicos y otras intrusiones <strong>con art\u00edculos detallados del equipo de Threat Intelligence.<\/strong><\/span><\/p>\n<p>[\/vc_column_text][vc_empty_space]<a  itemprop=\"url\" href=\"https:\/\/www.stormshield.com\/category\/technical-posts\/\" target=\"_blank\" data-hover-background-color=\"#d23467\" data-hover-border-color=\"#d23467\" class=\"qbutton  white enlarge\" style=\"border-color: #ffffff; background-color:#060051;\">Threat Intelligence<i class=\"qode_icon_font_awesome fa fa-angle-right qode_button_icon_element\"><\/i><\/a>[vc_empty_space][\/vc_column_inner][\/vc_row_inner][\/vc_column][\/vc_row][vc_row css_animation=\"\" row_type=\"row\" use_row_as_full_screen_section=\"no\" type=\"grid\" header_style=\"light\" angled_section=\"no\" text_align=\"left\" background_image_as_pattern=\"without_pattern\" z_index=\"\" padding_bottom=\"50\" padding_top=\"50\"][vc_column][vc_row_inner row_type=\"row\" type=\"full_width\" text_align=\"left\" css_animation=\"\" css=\".vc_custom_1710252882249{padding-top: 32px !important;padding-right: 32px !important;padding-left: 32px !important;background-color: #f9f9f9 !important;}\"][vc_column_inner][vc_column_text]<\/p>\n<h2><span style=\"color: #000; font-size: 1.2em; font-weight: 900;\">Nuestras plataformas de certificaci\u00f3n<\/span><\/h2>\n<p>[\/vc_column_text][\/vc_column_inner][\/vc_row_inner][vc_row_inner row_type=\"row\" type=\"full_width\" text_align=\"left\" css_animation=\"\" css=\".vc_custom_1710252679377{background-color: #f9f9f9 !important;}\"][vc_column_inner css=\".vc_custom_1710252196142{padding-top: 32px !important;padding-right: 32px !important;padding-bottom: 32px !important;padding-left: 32px !important;}\"][vc_column_text]<\/p>\n<h3><span style=\"color: #000; font-size: 1.3em; font-weight: 300;\">Stormshield Institute<\/span><\/h3>\n<p><span style=\"color: #000000; font-size: 1.1em;\">Cultivamos los talentos del ma\u00f1ana ofreciendo un apoyo personalizado a los alumnos de Stormshield. Realice el examen de certificaci\u00f3n y acceda a los materiales del curso y a otros recursos did\u00e1cticos cualificados <strong>en el sitio de Stormshield Institute.<\/strong>[\/vc_column_text][vc_empty_space]<a  itemprop=\"url\" href=\"https:\/\/institute.stormshield.eu\/\" target=\"_blank\" data-hover-background-color=\"#d23467\" data-hover-border-color=\"#d23467\" class=\"qbutton  white enlarge\" style=\"border-color: #ffffff; background-color:#060051;\">institute.stormshield.eu<i class=\"qode_icon_font_awesome fa fa-angle-right qode_button_icon_element\"><\/i><\/a>[vc_empty_space][\/vc_column_inner][\/vc_row_inner][\/vc_column][\/vc_row][vc_row css_animation=\"\" row_type=\"row\" use_row_as_full_screen_section=\"no\" type=\"grid\" header_style=\"light\" angled_section=\"no\" text_align=\"left\" background_image_as_pattern=\"without_pattern\" z_index=\"\" padding_top=\"50\" padding_bottom=\"50\"][vc_column][vc_row_inner row_type=\"row\" type=\"full_width\" text_align=\"left\" css_animation=\"\"][vc_column_inner width=\"2\/3\"][vc_column_text]<span style=\"color: #000; font-size: 1.1em;\">\u00bfTienes alguna duda? \u00bfUn cambio que hacer, un enlace roto o, peor a\u00fan, una errata en una p\u00e1gina web?<br \/>\n[\/vc_column_text][vc_empty_space]<a  itemprop=\"url\" href=\"https:\/\/www.stormshield.com\/es\/contacto\/otra-solicitud\/\" target=\"_self\" data-hover-background-color=\"#d23467\" data-hover-border-color=\"#d23467\" class=\"qbutton  white enlarge\" style=\"border-color: #ffffff; background-color:#060051;\">Contactas con el webmaster<i class=\"qode_icon_font_awesome fa fa-angle-right qode_button_icon_element\" style=\"color: #ffffff\"><\/i><\/a>[vc_empty_space][\/vc_column_inner][vc_column_inner width=\"1\/3\"][vc_single_image image=\"456457\" alignment=\"center\" qode_css_animation=\"\"][\/vc_column_inner][\/vc_row_inner][\/vc_column][\/vc_row][vc_row css_animation=\"\" row_type=\"row\" use_row_as_full_screen_section=\"no\" type=\"full_width\" angled_section=\"no\" text_align=\"left\" background_image_as_pattern=\"without_pattern\"][vc_column][vc_column_text]<\/span><\/span>[\/vc_column_text][\/vc_column][\/vc_row]<\/p>\n<\/div>","protected":false},"excerpt":{"rendered":"<p>[vc_row css_animation=\u00bb\u00bb row_type=\u00bbrow\u00bb use_row_as_full_screen_section=\u00bbno\u00bb type=\u00bbgrid\u00bb angled_section=\u00bbno\u00bb text_align=\u00bbleft\u00bb background_image_as_pattern=\u00bbwithout_pattern\u00bb z_index=\u00bb\u00bb padding_top=\u00bb50&#8243; padding_bottom=\u00bb50&#8243;][vc_column][vc_column_text] Sitios web de Stormshield, viaje por nuestro ecosistema digital [\/vc_column_text][\/vc_column][\/vc_row][vc_row css_animation=\u00bb\u00bb row_type=\u00bbrow\u00bb use_row_as_full_screen_section=\u00bbno\u00bb type=\u00bbgrid\u00bb header_style=\u00bblight\u00bb angled_section=\u00bbno\u00bb text_align=\u00bbleft\u00bb background_image_as_pattern=\u00bbwithout_pattern\u00bb z_index=\u00bb\u00bb padding_top=\u00bb50&#8243; padding_bottom=\u00bb50&#8243;][vc_column][vc_row_inner row_type=\u00bbrow\u00bb type=\u00bbfull_width\u00bb text_align=\u00bbleft\u00bb css_animation=\u00bb\u00bb][vc_column_inner width=\u00bb2\/3&#8243;][vc_column_text]Adem\u00e1s de los productos y soluciones de confianza que&#8230;<\/p>\n","protected":false},"author":9,"featured_media":0,"parent":0,"menu_order":484,"comment_status":"closed","ping_status":"closed","template":"full_width.php","meta":{"_acf_changed":false,"footnotes":""},"class_list":["post-205245","page","type-page","status-publish","hentry"],"acf":[],"yoast_head":"<!-- This site is optimized with the Yoast SEO plugin v27.3 - https:\/\/yoast.com\/product\/yoast-seo-wordpress\/ -->\n<title>Sitios especializados Stormshield, un ecosistema digital<\/title>\n<meta name=\"description\" content=\"Gesti\u00f3n de documentos, colaboraci\u00f3n, certificaci\u00f3n y sitios de pa\u00edses: encuentre todos los sitios Stormshield.\" \/>\n<meta name=\"robots\" content=\"index, follow, max-snippet:-1, max-image-preview:large, max-video-preview:-1\" \/>\n<link rel=\"canonical\" href=\"https:\/\/www.stormshield.com\/es\/nuestros-sitios-web\/\" \/>\n<meta property=\"og:locale\" content=\"es_ES\" \/>\n<meta property=\"og:type\" content=\"article\" \/>\n<meta property=\"og:title\" content=\"Sitios especializados Stormshield, un ecosistema digital\" \/>\n<meta property=\"og:description\" content=\"Gesti\u00f3n de documentos, colaboraci\u00f3n, certificaci\u00f3n y sitios de pa\u00edses: encuentre todos los sitios Stormshield.\" \/>\n<meta property=\"og:url\" content=\"https:\/\/www.stormshield.com\/es\/nuestros-sitios-web\/\" \/>\n<meta property=\"og:site_name\" content=\"Stormshield\" \/>\n<meta property=\"article:modified_time\" content=\"2025-11-03T09:22:09+00:00\" \/>\n<meta property=\"og:image\" content=\"https:\/\/www.stormshield.com\/wp-content\/uploads\/stormshield_logo.png\" \/>\n\t<meta property=\"og:image:width\" content=\"204\" \/>\n\t<meta property=\"og:image:height\" content=\"94\" \/>\n\t<meta property=\"og:image:type\" content=\"image\/png\" \/>\n<meta name=\"twitter:card\" content=\"summary_large_image\" \/>\n<meta name=\"twitter:site\" content=\"@Stormshield\" \/>\n<meta name=\"twitter:label1\" content=\"Tiempo de lectura\" \/>\n\t<meta name=\"twitter:data1\" content=\"4 minutos\" \/>\n<script type=\"application\/ld+json\" class=\"yoast-schema-graph\">{\"@context\":\"https:\\\/\\\/schema.org\",\"@graph\":[{\"@type\":\"WebPage\",\"@id\":\"https:\\\/\\\/www.stormshield.com\\\/es\\\/nuestros-sitios-web\\\/\",\"url\":\"https:\\\/\\\/www.stormshield.com\\\/es\\\/nuestros-sitios-web\\\/\",\"name\":\"Sitios especializados Stormshield, un ecosistema digital\",\"isPartOf\":{\"@id\":\"https:\\\/\\\/www.stormshield.com\\\/es\\\/#website\"},\"datePublished\":\"2017-09-19T12:14:16+00:00\",\"dateModified\":\"2025-11-03T09:22:09+00:00\",\"description\":\"Gesti\u00f3n de documentos, colaboraci\u00f3n, certificaci\u00f3n y sitios de pa\u00edses: encuentre todos los sitios Stormshield.\",\"breadcrumb\":{\"@id\":\"https:\\\/\\\/www.stormshield.com\\\/es\\\/nuestros-sitios-web\\\/#breadcrumb\"},\"inLanguage\":\"es\",\"potentialAction\":[{\"@type\":\"ReadAction\",\"target\":[\"https:\\\/\\\/www.stormshield.com\\\/es\\\/nuestros-sitios-web\\\/\"]}]},{\"@type\":\"BreadcrumbList\",\"@id\":\"https:\\\/\\\/www.stormshield.com\\\/es\\\/nuestros-sitios-web\\\/#breadcrumb\",\"itemListElement\":[{\"@type\":\"ListItem\",\"position\":1,\"name\":\"Home\",\"item\":\"https:\\\/\\\/www.stormshield.com\\\/es\\\/\"},{\"@type\":\"ListItem\",\"position\":2,\"name\":\"Nuestros sitios web\"}]},{\"@type\":\"WebSite\",\"@id\":\"https:\\\/\\\/www.stormshield.com\\\/es\\\/#website\",\"url\":\"https:\\\/\\\/www.stormshield.com\\\/es\\\/\",\"name\":\"Stormshield\",\"description\":\"Stormshield\",\"potentialAction\":[{\"@type\":\"SearchAction\",\"target\":{\"@type\":\"EntryPoint\",\"urlTemplate\":\"https:\\\/\\\/www.stormshield.com\\\/es\\\/?s={search_term_string}\"},\"query-input\":{\"@type\":\"PropertyValueSpecification\",\"valueRequired\":true,\"valueName\":\"search_term_string\"}}],\"inLanguage\":\"es\"}]}<\/script>\n<!-- \/ Yoast SEO plugin. -->","yoast_head_json":{"title":"Sitios especializados Stormshield, un ecosistema digital","description":"Gesti\u00f3n de documentos, colaboraci\u00f3n, certificaci\u00f3n y sitios de pa\u00edses: encuentre todos los sitios Stormshield.","robots":{"index":"index","follow":"follow","max-snippet":"max-snippet:-1","max-image-preview":"max-image-preview:large","max-video-preview":"max-video-preview:-1"},"canonical":"https:\/\/www.stormshield.com\/es\/nuestros-sitios-web\/","og_locale":"es_ES","og_type":"article","og_title":"Sitios especializados Stormshield, un ecosistema digital","og_description":"Gesti\u00f3n de documentos, colaboraci\u00f3n, certificaci\u00f3n y sitios de pa\u00edses: encuentre todos los sitios Stormshield.","og_url":"https:\/\/www.stormshield.com\/es\/nuestros-sitios-web\/","og_site_name":"Stormshield","article_modified_time":"2025-11-03T09:22:09+00:00","og_image":[{"width":204,"height":94,"url":"https:\/\/www.stormshield.com\/wp-content\/uploads\/stormshield_logo.png","type":"image\/png"}],"twitter_card":"summary_large_image","twitter_site":"@Stormshield","twitter_misc":{"Tiempo de lectura":"4 minutos"},"schema":{"@context":"https:\/\/schema.org","@graph":[{"@type":"WebPage","@id":"https:\/\/www.stormshield.com\/es\/nuestros-sitios-web\/","url":"https:\/\/www.stormshield.com\/es\/nuestros-sitios-web\/","name":"Sitios especializados Stormshield, un ecosistema digital","isPartOf":{"@id":"https:\/\/www.stormshield.com\/es\/#website"},"datePublished":"2017-09-19T12:14:16+00:00","dateModified":"2025-11-03T09:22:09+00:00","description":"Gesti\u00f3n de documentos, colaboraci\u00f3n, certificaci\u00f3n y sitios de pa\u00edses: encuentre todos los sitios Stormshield.","breadcrumb":{"@id":"https:\/\/www.stormshield.com\/es\/nuestros-sitios-web\/#breadcrumb"},"inLanguage":"es","potentialAction":[{"@type":"ReadAction","target":["https:\/\/www.stormshield.com\/es\/nuestros-sitios-web\/"]}]},{"@type":"BreadcrumbList","@id":"https:\/\/www.stormshield.com\/es\/nuestros-sitios-web\/#breadcrumb","itemListElement":[{"@type":"ListItem","position":1,"name":"Home","item":"https:\/\/www.stormshield.com\/es\/"},{"@type":"ListItem","position":2,"name":"Nuestros sitios web"}]},{"@type":"WebSite","@id":"https:\/\/www.stormshield.com\/es\/#website","url":"https:\/\/www.stormshield.com\/es\/","name":"Stormshield","description":"Stormshield","potentialAction":[{"@type":"SearchAction","target":{"@type":"EntryPoint","urlTemplate":"https:\/\/www.stormshield.com\/es\/?s={search_term_string}"},"query-input":{"@type":"PropertyValueSpecification","valueRequired":true,"valueName":"search_term_string"}}],"inLanguage":"es"}]}},"_links":{"self":[{"href":"https:\/\/www.stormshield.com\/es\/wp-json\/wp\/v2\/pages\/205245","targetHints":{"allow":["GET"]}}],"collection":[{"href":"https:\/\/www.stormshield.com\/es\/wp-json\/wp\/v2\/pages"}],"about":[{"href":"https:\/\/www.stormshield.com\/es\/wp-json\/wp\/v2\/types\/page"}],"author":[{"embeddable":true,"href":"https:\/\/www.stormshield.com\/es\/wp-json\/wp\/v2\/users\/9"}],"replies":[{"embeddable":true,"href":"https:\/\/www.stormshield.com\/es\/wp-json\/wp\/v2\/comments?post=205245"}],"version-history":[{"count":24,"href":"https:\/\/www.stormshield.com\/es\/wp-json\/wp\/v2\/pages\/205245\/revisions"}],"predecessor-version":[{"id":691706,"href":"https:\/\/www.stormshield.com\/es\/wp-json\/wp\/v2\/pages\/205245\/revisions\/691706"}],"wp:attachment":[{"href":"https:\/\/www.stormshield.com\/es\/wp-json\/wp\/v2\/media?parent=205245"}],"curies":[{"name":"wp","href":"https:\/\/api.w.org\/{rel}","templated":true}]}}