{"id":205244,"date":"2016-05-31T10:02:49","date_gmt":"2016-05-31T09:02:49","guid":{"rendered":"https:\/\/www.stormshield.com\/cookies\/"},"modified":"2025-02-13T17:02:03","modified_gmt":"2025-02-13T16:02:03","slug":"cookies","status":"publish","type":"page","link":"https:\/\/www.stormshield.com\/es\/cookies\/","title":{"rendered":"Cookies"},"content":{"rendered":"<div class=\"wpb-content-wrapper\"><p>[vc_row css_animation=\"\" row_type=\"row\" use_row_as_full_screen_section=\"no\" type=\"grid\" angled_section=\"no\" text_align=\"left\" background_image_as_pattern=\"without_pattern\" z_index=\"\" background_color=\"#5B5C5F\" padding_top=\"150\" padding_bottom=\"150\"][vc_column][vc_column_text css=\"\"]<\/p>\n<h1><span style=\"color: #ffffff;\"><strong>Cookies, indicadores de conexi\u00f3n<\/strong><\/span><\/h1>\n<p>[\/vc_column_text][\/vc_column][\/vc_row][vc_row css_animation=\"\" row_type=\"row\" use_row_as_full_screen_section=\"no\" type=\"grid\" angled_section=\"no\" text_align=\"left\" background_image_as_pattern=\"without_pattern\" z_index=\"\" padding_top=\"50\"][vc_column][vc_column_text css=\"\"]<\/p>\n<h2><span style=\"color: #000; font-size: 1.2em; font-weight: 900;\">\u00bfQu\u00e9 son las cookies?<\/span><\/h2>\n<p><span style=\"color: #000; font-size: 1.1em;\">Una cookie es un peque\u00f1o archivo que se transfiere al disco duro de tu ordenador o dispositivo m\u00f3vil cuando visitas un sitio web o una aplicaci\u00f3n. El sitio web de origen consulta la cookie y la reconoce en cada visita posterior.<\/span><\/p>\n<p><span style=\"color: #000; font-size: 1.1em;\">Las cookies se utilizan con diversos fines, como recordar tus preferencias, realizar la autenticaci\u00f3n de los usuarios o recopilar informaci\u00f3n sobre el n\u00famero de usuarios que visitan el sitio web o la aplicaci\u00f3n.<\/span><\/p>\n<p>&nbsp;<\/p>\n<h2><span style=\"color: #000; font-size: 1.2em; font-weight: 900;\">\u00bfQu\u00e9 cookies utilizamos?<\/span><\/h2>\n<p><span style=\"color: #000; font-size: 1.1em;\">Utilizamos diferentes tipos de cookies para diferentes prop\u00f3sitos:<\/span><\/p>\n<h3><span style=\"color: #000; font-size: 1.1em; font-weight: 300;\">Cookies necesarias<\/span><\/h3>\n<p><span style=\"color: #000; font-size: 1.1em;\">Estas cookies son estrictamente necesarias desde un punto de vista t\u00e9cnico para el correcto funcionamiento de nuestro sitio. Son obligatorias y el sitio no puede utilizarse sin ellas (por ejemplo, las cookies que se utilizan para gestionar la autenticaci\u00f3n de los usuarios).<\/span><\/p>\n<table style=\"height: 192px;\" width=\"800\">\n<tbody>\n<tr>\n<td width=\"162\"><strong>NOMBRE DE LA COOKIE<\/strong><\/td>\n<td width=\"113\"><strong>ORIGEN<\/strong><\/td>\n<td width=\"246\"><strong>FINALIDAD<\/strong><\/td>\n<td width=\"76\"><strong>DURACI\u00d3N<\/strong><\/td>\n<\/tr>\n<tr>\n<td width=\"162\">axeptio_cookies axeptio_authorized_vendors<\/p>\n<p>axeptio_all_vendors<\/td>\n<td width=\"113\"><strong>Axeptio<\/strong><\/td>\n<td width=\"246\">Gestionar el consentimiento del usuario a las diferentes categor\u00edas de cookies<\/td>\n<td width=\"76\">1 a\u00f1o<\/td>\n<\/tr>\n<\/tbody>\n<\/table>\n<p>&nbsp;<\/p>\n<h3><span style=\"color: #000; font-size: 1.1em; font-weight: 300;\">Cookies de an\u00e1lisis<\/span><\/h3>\n<p><span style=\"color: #000; font-size: 1.1em;\">Estas cookies nos permiten medir la audiencia de forma an\u00f3nima y elaborar estad\u00edsticas gen\u00e9ricas sobre el uso de nuestro sitio. Esto nos permite comprender mejor c\u00f3mo interact\u00faan los usuarios con nuestro sitio y mejorar y adaptar nuestros servicios. Puedes oponerte a ellas y eliminarlas en cualquier momento a trav\u00e9s del \u00e1rea de configuraci\u00f3n de las cookies de nuestro sitio.<\/span><\/p>\n<table width=\"810\">\n<tbody>\n<tr>\n<td width=\"220\"><strong>NOMBRE DE LA COOKIE<\/strong><\/td>\n<td width=\"150\"><strong>ORIGEN<\/strong><\/td>\n<td width=\"290\"><strong>FINALIDAD<\/strong><\/td>\n<td width=\"150\"><strong>DURACI\u00d3N<\/strong><\/td>\n<\/tr>\n<tr>\n<td>atautorith<\/td>\n<td rowspan=\"3\"><strong>Piano Analytics<\/strong><\/td>\n<td width=\"290\">Allows you to save the visitor's choice about audience cookies<\/td>\n<td>1 year<\/td>\n<\/tr>\n<tr>\n<td>atuserid<\/td>\n<td width=\"290\">Visitor ID<\/td>\n<td>1 year<\/td>\n<\/tr>\n<tr>\n<td>at-optout<\/td>\n<td width=\"290\">Allows to keep the refusal of audience measurement collection via Piano Analytics<\/td>\n<td>6 months<\/td>\n<\/tr>\n<tr>\n<td width=\"220\">_gcl_au<\/td>\n<td rowspan=\"3\"><strong>Google<\/strong><\/td>\n<td width=\"290\">Identifies conversions linked to our Google advertising campaigns<\/td>\n<td>3 months<\/td>\n<\/tr>\n<tr>\n<td><\/td>\n<td width=\"290\"><\/td>\n<td><\/td>\n<\/tr>\n<tr>\n<td width=\"220\"><\/td>\n<td width=\"290\"><\/td>\n<td><\/td>\n<\/tr>\n<tr>\n<td width=\"220\">_clck, CLID, ANONCHK, MR, MUID, SM<\/td>\n<td rowspan=\"2\"><strong>Microsoft Clarity<\/strong><\/td>\n<td width=\"290\">Visitor ID<\/td>\n<td>13 months<\/td>\n<\/tr>\n<tr>\n<td>_clsk<\/td>\n<td width=\"290\">Session ID<\/td>\n<td>30 days<\/p>\n<p>&nbsp;<\/td>\n<\/tr>\n<\/tbody>\n<\/table>\n<h3><\/h3>\n<h3><span style=\"color: #000; font-size: 1.1em; font-weight: 300;\">Otras cookies<\/span><\/h3>\n<p><span style=\"color: #000; font-size: 1.1em;\">Estas cookies no son obligatorias, y te pediremos tu consentimiento antes de utilizarlas. Puedes retirar tu consentimiento y eliminarlas en cualquier momento utilizando el \u00e1rea de configuraci\u00f3n de las cookies de nuestro sitio.<\/span><\/p>\n<table style=\"height: 373px;\" width=\"800\">\n<tbody>\n<tr>\n<td width=\"162\"><strong>NOMBRE DE LA COOKIE<\/strong><\/td>\n<td width=\"113\"><strong>ORIGEN<\/strong><\/td>\n<td width=\"246\"><strong>FINALIDAD<\/strong><\/td>\n<td width=\"76\"><strong>DURACI\u00d3N<\/strong><\/td>\n<\/tr>\n<tr>\n<td width=\"162\">pi_opt_in, pardot,<\/p>\n<p>visitor_id, visitor_id-hash,<\/p>\n<p>lpv<\/td>\n<td width=\"113\"><strong>Pardot<\/strong><\/td>\n<td width=\"246\">Enable the proper functioning of the Pardot Marketing Automation tool on the website<\/td>\n<td width=\"76\">1 h<\/td>\n<\/tr>\n<tr>\n<td width=\"162\">bcookie, bscookie,<\/p>\n<p>lang, lidc, lissc,<\/p>\n<p>UserMatchHistory<\/td>\n<td width=\"113\"><strong>LinkedIn<\/strong><\/td>\n<td width=\"246\">Enable the proper functioning of the LinkedIn social network on the website, including the publication of posts in certain news items<\/td>\n<td width=\"76\">1 month<\/td>\n<\/tr>\n<\/tbody>\n<\/table>\n<p>&nbsp;<\/p>\n<h2><span style=\"color: #000; font-size: 1.2em; font-weight: 900;\">\u00bfC\u00f3mo se pueden desactivar o eliminar las cookies?<\/span><\/h2>\n<p><span style=\"color: #000; font-size: 1.1em;\">Las cookies que no son t\u00e9cnicamente necesarias para el correcto funcionamiento de nuestro sitio pueden ser desactivadas y eliminadas de tu dispositivo a trav\u00e9s de la interfaz de configuraci\u00f3n de cookies que puedes abrir haciendo clic en el icono que aparece en la parte inferior izquierda de nuestras p\u00e1ginas.<\/span><\/p>\n<p><span style=\"color: #000; font-size: 1.1em;\">Para fines de an\u00e1lisis estad\u00edstico, utilizamos herramientas de an\u00e1lisis basadas en cookies espec\u00edficas. Estas cookies, que generan estad\u00edsticas anonimizadas, no requieren tu consentimiento previo. Sin embargo, puedes oponerte a la recopilaci\u00f3n de datos estad\u00edsticos en cualquier momento utilizando la interfaz de configuraci\u00f3n de cookies mencionada anteriormente o marcando la casilla que aparece a continuaci\u00f3n.<\/span><\/p>\n<p><span style=\"color: #000; font-size: 1.1em;\">Para obtener m\u00e1s informaci\u00f3n sobre las cookies, en particular para saber qu\u00e9 cookies se han instalado y c\u00f3mo gestionarlas y eliminarlas, visita<br \/>\n<a href=\"https:\/\/services.airbus.com\/www.aboutcookies.org\">www.aboutcookies.org<\/a> o <a href=\"https:\/\/www.allaboutcookies.org\">www.allaboutcookies.org<\/a>.<\/span>[\/vc_column_text][\/vc_column][\/vc_row]<\/p>\n<\/div>","protected":false},"excerpt":{"rendered":"<p>[vc_row css_animation=\u00bb\u00bb row_type=\u00bbrow\u00bb use_row_as_full_screen_section=\u00bbno\u00bb type=\u00bbgrid\u00bb angled_section=\u00bbno\u00bb text_align=\u00bbleft\u00bb background_image_as_pattern=\u00bbwithout_pattern\u00bb z_index=\u00bb\u00bb background_color=\u00bb#5B5C5F\u00bb padding_top=\u00bb150&#8243; padding_bottom=\u00bb150&#8243;][vc_column][vc_column_text css=\u00bb\u00bb] Cookies, indicadores de conexi\u00f3n [\/vc_column_text][\/vc_column][\/vc_row][vc_row css_animation=\u00bb\u00bb row_type=\u00bbrow\u00bb use_row_as_full_screen_section=\u00bbno\u00bb type=\u00bbgrid\u00bb angled_section=\u00bbno\u00bb text_align=\u00bbleft\u00bb background_image_as_pattern=\u00bbwithout_pattern\u00bb z_index=\u00bb\u00bb padding_top=\u00bb50&#8243;][vc_column][vc_column_text css=\u00bb\u00bb] \u00bfQu\u00e9 son las cookies? Una cookie es un peque\u00f1o archivo que se transfiere al disco duro de&#8230;<\/p>\n","protected":false},"author":1,"featured_media":0,"parent":0,"menu_order":481,"comment_status":"closed","ping_status":"closed","template":"full_width-cookies.php","meta":{"_acf_changed":false,"footnotes":""},"class_list":["post-205244","page","type-page","status-publish","hentry"],"acf":[],"yoast_head":"<!-- This site is optimized with the Yoast SEO plugin v27.0 - https:\/\/yoast.com\/product\/yoast-seo-wordpress\/ -->\n<title>Cookies en stormshield.com | Stormshield<\/title>\n<meta name=\"description\" content=\"Encuentre la lista de cookies necesarias, cookies anal\u00edticas y otras cookies en stormshield.com.\" \/>\n<meta name=\"robots\" content=\"index, follow, max-snippet:-1, max-image-preview:large, max-video-preview:-1\" \/>\n<link rel=\"canonical\" href=\"https:\/\/www.stormshield.com\/es\/cookies\/\" \/>\n<meta property=\"og:locale\" content=\"es_ES\" \/>\n<meta property=\"og:type\" content=\"article\" \/>\n<meta property=\"og:title\" content=\"Cookies en stormshield.com | Stormshield\" \/>\n<meta property=\"og:description\" content=\"Encuentre la lista de cookies necesarias, cookies anal\u00edticas y otras cookies en stormshield.com.\" \/>\n<meta property=\"og:url\" content=\"https:\/\/www.stormshield.com\/es\/cookies\/\" \/>\n<meta property=\"og:site_name\" content=\"Stormshield\" \/>\n<meta property=\"article:modified_time\" content=\"2025-02-13T16:02:03+00:00\" \/>\n<meta property=\"og:image\" content=\"https:\/\/www.stormshield.com\/wp-content\/uploads\/stormshield_logo.png\" \/>\n\t<meta property=\"og:image:width\" content=\"204\" \/>\n\t<meta property=\"og:image:height\" content=\"94\" \/>\n\t<meta property=\"og:image:type\" content=\"image\/png\" \/>\n<meta name=\"twitter:card\" content=\"summary_large_image\" \/>\n<meta name=\"twitter:site\" content=\"@Stormshield\" \/>\n<meta name=\"twitter:label1\" content=\"Tiempo de lectura\" \/>\n\t<meta name=\"twitter:data1\" content=\"3 minutos\" \/>\n<script type=\"application\/ld+json\" class=\"yoast-schema-graph\">{\"@context\":\"https:\/\/schema.org\",\"@graph\":[{\"@type\":\"WebPage\",\"@id\":\"https:\/\/www.stormshield.com\/es\/cookies\/\",\"url\":\"https:\/\/www.stormshield.com\/es\/cookies\/\",\"name\":\"Cookies en stormshield.com | Stormshield\",\"isPartOf\":{\"@id\":\"https:\/\/www.stormshield.com\/es\/#website\"},\"datePublished\":\"2016-05-31T09:02:49+00:00\",\"dateModified\":\"2025-02-13T16:02:03+00:00\",\"description\":\"Encuentre la lista de cookies necesarias, cookies anal\u00edticas y otras cookies en stormshield.com.\",\"breadcrumb\":{\"@id\":\"https:\/\/www.stormshield.com\/es\/cookies\/#breadcrumb\"},\"inLanguage\":\"es\",\"potentialAction\":[{\"@type\":\"ReadAction\",\"target\":[\"https:\/\/www.stormshield.com\/es\/cookies\/\"]}]},{\"@type\":\"BreadcrumbList\",\"@id\":\"https:\/\/www.stormshield.com\/es\/cookies\/#breadcrumb\",\"itemListElement\":[{\"@type\":\"ListItem\",\"position\":1,\"name\":\"Home\",\"item\":\"https:\/\/www.stormshield.com\/es\/\"},{\"@type\":\"ListItem\",\"position\":2,\"name\":\"Cookies\"}]},{\"@type\":\"WebSite\",\"@id\":\"https:\/\/www.stormshield.com\/es\/#website\",\"url\":\"https:\/\/www.stormshield.com\/es\/\",\"name\":\"Stormshield\",\"description\":\"Stormshield\",\"potentialAction\":[{\"@type\":\"SearchAction\",\"target\":{\"@type\":\"EntryPoint\",\"urlTemplate\":\"https:\/\/www.stormshield.com\/es\/?s={search_term_string}\"},\"query-input\":{\"@type\":\"PropertyValueSpecification\",\"valueRequired\":true,\"valueName\":\"search_term_string\"}}],\"inLanguage\":\"es\"}]}<\/script>\n<!-- \/ Yoast SEO plugin. -->","yoast_head_json":{"title":"Cookies en stormshield.com | Stormshield","description":"Encuentre la lista de cookies necesarias, cookies anal\u00edticas y otras cookies en stormshield.com.","robots":{"index":"index","follow":"follow","max-snippet":"max-snippet:-1","max-image-preview":"max-image-preview:large","max-video-preview":"max-video-preview:-1"},"canonical":"https:\/\/www.stormshield.com\/es\/cookies\/","og_locale":"es_ES","og_type":"article","og_title":"Cookies en stormshield.com | Stormshield","og_description":"Encuentre la lista de cookies necesarias, cookies anal\u00edticas y otras cookies en stormshield.com.","og_url":"https:\/\/www.stormshield.com\/es\/cookies\/","og_site_name":"Stormshield","article_modified_time":"2025-02-13T16:02:03+00:00","og_image":[{"width":204,"height":94,"url":"https:\/\/www.stormshield.com\/wp-content\/uploads\/stormshield_logo.png","type":"image\/png"}],"twitter_card":"summary_large_image","twitter_site":"@Stormshield","twitter_misc":{"Tiempo de lectura":"3 minutos"},"schema":{"@context":"https:\/\/schema.org","@graph":[{"@type":"WebPage","@id":"https:\/\/www.stormshield.com\/es\/cookies\/","url":"https:\/\/www.stormshield.com\/es\/cookies\/","name":"Cookies en stormshield.com | Stormshield","isPartOf":{"@id":"https:\/\/www.stormshield.com\/es\/#website"},"datePublished":"2016-05-31T09:02:49+00:00","dateModified":"2025-02-13T16:02:03+00:00","description":"Encuentre la lista de cookies necesarias, cookies anal\u00edticas y otras cookies en stormshield.com.","breadcrumb":{"@id":"https:\/\/www.stormshield.com\/es\/cookies\/#breadcrumb"},"inLanguage":"es","potentialAction":[{"@type":"ReadAction","target":["https:\/\/www.stormshield.com\/es\/cookies\/"]}]},{"@type":"BreadcrumbList","@id":"https:\/\/www.stormshield.com\/es\/cookies\/#breadcrumb","itemListElement":[{"@type":"ListItem","position":1,"name":"Home","item":"https:\/\/www.stormshield.com\/es\/"},{"@type":"ListItem","position":2,"name":"Cookies"}]},{"@type":"WebSite","@id":"https:\/\/www.stormshield.com\/es\/#website","url":"https:\/\/www.stormshield.com\/es\/","name":"Stormshield","description":"Stormshield","potentialAction":[{"@type":"SearchAction","target":{"@type":"EntryPoint","urlTemplate":"https:\/\/www.stormshield.com\/es\/?s={search_term_string}"},"query-input":{"@type":"PropertyValueSpecification","valueRequired":true,"valueName":"search_term_string"}}],"inLanguage":"es"}]}},"_links":{"self":[{"href":"https:\/\/www.stormshield.com\/es\/wp-json\/wp\/v2\/pages\/205244","targetHints":{"allow":["GET"]}}],"collection":[{"href":"https:\/\/www.stormshield.com\/es\/wp-json\/wp\/v2\/pages"}],"about":[{"href":"https:\/\/www.stormshield.com\/es\/wp-json\/wp\/v2\/types\/page"}],"author":[{"embeddable":true,"href":"https:\/\/www.stormshield.com\/es\/wp-json\/wp\/v2\/users\/1"}],"replies":[{"embeddable":true,"href":"https:\/\/www.stormshield.com\/es\/wp-json\/wp\/v2\/comments?post=205244"}],"version-history":[{"count":14,"href":"https:\/\/www.stormshield.com\/es\/wp-json\/wp\/v2\/pages\/205244\/revisions"}],"predecessor-version":[{"id":609594,"href":"https:\/\/www.stormshield.com\/es\/wp-json\/wp\/v2\/pages\/205244\/revisions\/609594"}],"wp:attachment":[{"href":"https:\/\/www.stormshield.com\/es\/wp-json\/wp\/v2\/media?parent=205244"}],"curies":[{"name":"wp","href":"https:\/\/api.w.org\/{rel}","templated":true}]}}