{"id":205237,"date":"2017-10-02T14:55:20","date_gmt":"2017-10-02T13:55:20","guid":{"rendered":"https:\/\/www.stormshield.com\/acerca-de-nosotros\/stormshield-and-cybersecurity\/"},"modified":"2026-01-26T10:43:02","modified_gmt":"2026-01-26T09:43:02","slug":"stormshield-y-ciberseguridad","status":"publish","type":"page","link":"https:\/\/www.stormshield.com\/es\/acerca-de-nosotros\/stormshield-y-ciberseguridad\/","title":{"rendered":"Stormshield y ciberseguridad"},"content":{"rendered":"<div class=\"wpb-content-wrapper\"><p>[vc_row css_animation=\"\" row_type=\"row\" use_row_as_full_screen_section=\"no\" type=\"grid\" angled_section=\"no\" text_align=\"left\" background_image_as_pattern=\"without_pattern\" z_index=\"\" padding_top=\"50\" padding_bottom=\"50\"][vc_column][vc_empty_space][vc_column_text css=\"\"]<\/p>\n<h1 style=\"text-align: center;\"><span style=\"color: #00aaf5;\"><span style=\"font-weight: 900; font-size: 1.6em;\">Una historia Stormshield de ciberseguridad, <\/span><span style=\"font-weight: 300; font-size: 1.5em;\">un esp\u00edritu pionero desde hace m\u00e1s de 25 a\u00f1os<\/span><\/span><\/h1>\n<p>[\/vc_column_text][vc_empty_space][\/vc_column][\/vc_row][vc_row css_animation=\"\" row_type=\"row\" use_row_as_full_screen_section=\"no\" type=\"grid\" angled_section=\"no\" text_align=\"left\" background_image_as_pattern=\"without_pattern\" z_index=\"\" padding_bottom=\"50\"][vc_column width=\"2\/3\"][vc_column_text css=\"\"]<span style=\"color: #000; font-size: 1.1em;\">Desde hace m\u00e1s de 25 a\u00f1os, Stormshield desarrolla su esp\u00edritu pionero en el mundo de la ciberseguridad. Con presencia en m\u00e1s de 40 pa\u00edses, la empresa europea sigue creciendo, con el apoyo de una s\u00f3lida red de socios y distribuidores.<\/span><\/p>\n<p><span style=\"color: #000; font-size: 1.1em;\">El compromiso de Stormshield con la creaci\u00f3n de soluciones de seguridad s\u00f3lidas viene de lejos. Hace casi 25 a\u00f1os, los primeros productos de Arkoon y Netasq obtuvieron la certificaci\u00f3n \u00abCriterios Comunes\u00bb y la cualificaci\u00f3n de la ANSSI. \u00bfNo ves la relaci\u00f3n? <strong>Se impone un peque\u00f1o recorrido por la historia de la ciberseguridad.<\/strong><\/span>[\/vc_column_text][vc_empty_space][\/vc_column][vc_column width=\"1\/3\"][vc_single_image image=\"393182\" img_size=\"medium\" alignment=\"center\" css=\"\" qode_css_animation=\"\" qode_hover_animation=\"zoom_in\"][vc_empty_space][\/vc_column][\/vc_row][vc_row css_animation=\"\" row_type=\"row\" use_row_as_full_screen_section=\"no\" type=\"grid\" angled_section=\"no\" text_align=\"left\" background_image_as_pattern=\"without_pattern\" z_index=\"\" padding_bottom=\"50\" css=\".vc_custom_1697804221509{background-color: #ffffff !important;}\" padding_top=\"50\"][vc_column][vc_row_inner row_type=\"row\" type=\"full_width\" text_align=\"left\" css_animation=\"\" background_color=\"#f9f9f9\" css=\".vc_custom_1697805785032{padding-top: 32px !important;padding-right: 32px !important;padding-bottom: 32px !important;padding-left: 32px !important;}\"][vc_column_inner width=\"5\/6\"][vc_column_text]<\/p>\n<h2><span style=\"color: #000; font-size: 1.2em; font-weight: 900;\">A la vanguardia de la ciberseguridad europea desde hace ya tiempo<\/span><\/h2>\n<h3><span style=\"color: #000; font-size: 1.1em; font-weight: 900;\">Netasq, el experto en soluciones UTM<\/span><\/h3>\n<p><span style=\"color: #000; font-size: 1.1em;\"><strong>1998 |<\/strong>\u00a0Nace la empresa Netasq en Villeneuve-d'Ascq (Francia), que crea el primer cortafuegos con IPS integrado.<\/span><\/p>\n<p><span style=\"color: #000; font-size: 1.1em;\"><strong>2004 |<\/strong> Netasq adquiere Intranode, una empresa especializada en la gesti\u00f3n de vulnerabilidades, para a\u00f1adir a sus soluciones de cortafuegos UTM capacidades de detecci\u00f3n de vulnerabilidades por an\u00e1lisis de tr\u00e1fico.<\/span><\/p>\n<h3><span style=\"color: #000; font-size: 1.1em; font-weight: 900;\">Arkoon, el proveedor de soluciones de seguridad inform\u00e1tica<\/span><\/h3>\n<p><span style=\"color: #000; font-size: 1.1em;\"><strong>2000 |<\/strong> Es el turno del nacimiento de Arkoon en Lyon (Francia). Enseguida se crea la primera soluci\u00f3n UTM, que integra una soluci\u00f3n antivirus en sus dispositivos cortafuegos.<\/span><\/p>\n<p><span style=\"color: #000; font-size: 1.1em;\"><strong>2006 |<\/strong> Arkoon adquiere MSI y su soluci\u00f3n de encriptaci\u00f3n de archivos, SecurityBox, que se convertir\u00e1 en Stormshield Data Security.<\/span><\/p>\n<p><span style=\"color: #000; font-size: 1.1em;\"><strong>2009 |<\/strong> Arkoon adquiere SkyRecon Systems y su innovadora soluci\u00f3n de protecci\u00f3n de equipos y servidores, que se convertir\u00e1 en Stormshield Endpoint Security.<\/span>[\/vc_column_text][vc_empty_space][\/vc_column_inner][vc_column_inner width=\"1\/6\"][\/vc_column_inner][\/vc_row_inner][\/vc_column][\/vc_row][vc_row css_animation=\"\" row_type=\"row\" use_row_as_full_screen_section=\"no\" type=\"grid\" angled_section=\"no\" text_align=\"left\" background_image_as_pattern=\"without_pattern\" z_index=\"\"][vc_column][vc_row_inner row_type=\"row\" type=\"full_width\" text_align=\"left\" css_animation=\"\"][vc_column_inner width=\"5\/6\"][vc_column_text]<\/p>\n<h2><span style=\"color: #000; font-size: 1.2em; font-weight: 900;\">Un ADN decididamente industrial<\/span><\/h2>\n<h3><span style=\"color: #000; font-size: 1.1em; font-weight: 900;\">Junto con Airbus CyberSecurity<\/span><\/h3>\n<p><span style=\"color: #000; font-size: 1.1em;\"><strong>2012 |<\/strong> Airbus Defence and Space adquiere Arkoon y Netasq, que se convierten en Stormshield. Esta nueva entidad se posiciona entonces como una filial de su propia filial, Airbus CyberSecurity. Una alianza que sienta las bases de una ciberseguridad europea de confianza.<\/span><\/p>\n<p><span style=\"color: #000; font-size: 1.1em;\"><strong>2014 |<\/strong> Como resultado de esta fusi\u00f3n, aparecen los primeros productos de la marca Stormshield en el mercado de la ciberseguridad. Y los dispositivos virtuales de Stormshield llegan a los espacios de venta en l\u00ednea de Amazon Web Service y Microsoft Azure.<\/span><\/p>\n<h3><span style=\"color: #000; font-size: 1.1em; font-weight: 900;\">Y otros actores del mundo industrial<\/span><\/h3>\n<p><span style=\"color: #000; font-size: 1.1em;\"><strong>2015 |<\/strong> Schneider Electric y Stormshield inician una ambiciosa asociaci\u00f3n con el objetivo de abordar los problemas de ciberseguridad industrial.<\/span><\/p>\n<p><span style=\"color: #000; font-size: 1.1em;\"><strong>2016 |<\/strong> El SNi40 se convierte en el primer cortafuegos industrial con la certificaci\u00f3n CSPN de la ANSSI. Ese mismo a\u00f1o, Stormshield lanz\u00f3 Breach Fighter, una soluci\u00f3n de sandboxing basada en la nube.<\/span>[\/vc_column_text][\/vc_column_inner][vc_column_inner width=\"1\/6\"][\/vc_column_inner][\/vc_row_inner][\/vc_column][\/vc_row][vc_row css_animation=\"\" row_type=\"row\" use_row_as_full_screen_section=\"no\" type=\"grid\" angled_section=\"no\" text_align=\"left\" background_image_as_pattern=\"without_pattern\" z_index=\"\" padding_bottom=\"50\" css=\".vc_custom_1697804221509{background-color: #ffffff !important;}\" padding_top=\"50\"][vc_column][vc_row_inner row_type=\"row\" type=\"full_width\" text_align=\"left\" css_animation=\"\" background_color=\"#f9f9f9\" css=\".vc_custom_1697805785032{padding-top: 32px !important;padding-right: 32px !important;padding-bottom: 32px !important;padding-left: 32px !important;}\"][vc_column_inner width=\"5\/6\"][vc_column_text css=\"\"]<\/p>\n<h2><span style=\"color: #000; font-size: 1.2em; font-weight: 900;\">La opci\u00f3n europea para la ciberseguridad de las infraestructuras industriales y cr\u00edticas<\/span><\/h2>\n<h3><span style=\"color: #000; font-size: 1.1em; font-weight: 900;\">Nueva imagen de los productos Stormshield<\/span><\/h3>\n<p><span style=\"color: #000; font-size: 1.1em;\"><strong>2020 |<\/strong> El <a style=\"color: #000000;\" href=\"https:\/\/www.stormshield.com\/es\/products\/sni20\/\" target=\"_blank\" rel=\"noopener\">SNi20<\/a> se une a la familia de cortafuegos industriales, centr\u00e1ndose en la inspecci\u00f3n profunda de paquetes y la protecci\u00f3n de protocolos de comunicaci\u00f3n industriales.<\/span><\/p>\n<p><span style=\"color: #000; font-size: 1.1em;\"><strong>2021 |<\/strong> La l\u00ednea de productos Data Security se refuerza con el lanzamiento de Stormshield Data Security for Google Workspace, para aumentar el nivel de protecci\u00f3n de los datos sensibles en los espacios de trabajo de Google. La l\u00ednea de productos Network Security se completa con el lanzamiento del SN1100, el producto de gesti\u00f3n de registros Stormshield Log Supervisor (SLS) y el cortafuegos de cifrado <a style=\"color: #000000;\" href=\"https:\/\/www.stormshield.com\/es\/products\/snxr1200\/\" target=\"_blank\" rel=\"noopener\">SNxr1200<\/a>.<\/span><\/p>\n<p><span style=\"color: #000; font-size: 1.1em;\"><strong>2022 |<\/strong> La l\u00ednea de productos Network Security comienza su renovaci\u00f3n con el lanzamiento de los primeros art\u00edculos de la nueva gama SN-M-Series: SN720 y SN920.<\/span><\/p>\n<p><span style=\"color: #000; font-size: 1.1em;\"><strong>2023 |<\/strong> Una nueva etapa en la renovaci\u00f3n de la l\u00ednea de productos Network Security con la nueva gama SN-Series y las cajas SN220 y SN320, mientras que el producto SN520 completa la gama SN-M-Series. Al mismo tiempo, Stormshield hace oficial su oferta <a style=\"color: #000000;\" href=\"https:\/\/www.stormshield.com\/es\/productos-y-servicios\/productos\/stormshield-xdr\/\" target=\"_blank\" rel=\"noopener\">XDR<\/a>, una combinaci\u00f3n ideal de diferentes l\u00edneas de productos y experiencia en <a style=\"color: #000000;\" href=\"https:\/\/www.stormshield.com\/es\/nuestro-apoyo\/servicios\/cyber-threat-intelligence\/\" target=\"_blank\" rel=\"noopener\">CTI<\/a>.<\/span><\/p>\n<p><span style=\"color: #000; font-size: 1.1em;\"><strong>2024 |<\/strong> Tras las gamas SN-Series y SN-M-Series, la renovaci\u00f3n contin\u00faa con el anuncio del lanzamiento de dos nuevas gamas de cortafuegos de alto rendimiento: SN-L-Series (SN2200 &amp; SN3200) y SN-XL-Series (SN5200 &amp; SN6200). Compartiendo una caja com\u00fan, la SN-XS-Series-170 y la SNi10 completan la familia de cortafuegos SNS.<\/span><\/p>\n<p><span style=\"color: #000; font-size: 1.1em;\"><strong>2025 |<\/strong> La versi\u00f3n 5 del firmware de los cortafuegos Stormshield Network Security integra el primer algoritmo de cifrado poscu\u00e1ntico estandarizado por el NIST (ML-KEM).<\/span><\/p>\n<h3><span style=\"color: #000; font-size: 1.1em; font-weight: 900;\">Productos reconocidos por las m\u00e1s altas autoridades<\/span><\/h3>\n<p><span style=\"color: #000; font-size: 1.1em;\"><strong>2020 |<\/strong> Los cortafuegos Stormshield Network Security reciben un doble reconocimiento por parte del organismo de certificaci\u00f3n del Centro Criptol\u00f3gico Nacional (CCN) en Espa\u00f1a, como productos cualificados y aprobados.<\/span><\/p>\n<p><span style=\"color: #000; font-size: 1.1em;\"><strong>2022 |<\/strong> Dos a\u00f1os m\u00e1s tarde, el producto Stormshield Endpoint Security Evolution EDR recibe la certificaci\u00f3n espa\u00f1ola de <a style=\"color: #000000;\" href=\"\/?p=351018\" target=\"_blank\" rel=\"noopener\">Producto Cualificado<\/a> por el CCN.<\/span><\/p>\n<p><span style=\"color: #000; font-size: 1.1em;\"><strong>2023 |<\/strong> Al a\u00f1o siguiente, el producto <a style=\"color: #000000;\" href=\"https:\/\/www.stormshield.com\/es\/productos-y-servicios\/productos\/endpoint-protection\/stormshield-endpoint-security\/\" target=\"_blank\" rel=\"noopener\">Stormshield Endpoint Security Evolution<\/a> EDR fue recompensado de nuevo en Francia, con la Certificaci\u00f3n de Seguridad de Primer Nivel (CSPN), otorgada bajo la autoridad de la ANSSI. Al mismo tiempo, los cortafuegos Stormshield Network Security han obtenido la certificaci\u00f3n CC EAL4+.<\/span><\/p>\n<p><span style=\"color: #000; font-size: 1.1em;\"><strong>2024 |<\/strong> Fruto de varios a\u00f1os de trabajo, los cortafuegos Stormshield Network Security obtienen la calificaci\u00f3n Standard de la ANSSI. Esto convierte a Stormshield en el \u00fanico cortafuegos de cifrado cualificado del sector de la ciberseguridad.<\/span>[\/vc_column_text][vc_empty_space][\/vc_column_inner][vc_column_inner width=\"1\/6\"][\/vc_column_inner][\/vc_row_inner][\/vc_column][\/vc_row][vc_row css_animation=\"\" row_type=\"row\" use_row_as_full_screen_section=\"no\" type=\"grid\" angled_section=\"no\" text_align=\"left\" background_image_as_pattern=\"without_pattern\" z_index=\"\"][vc_column][vc_row_inner row_type=\"row\" type=\"full_width\" text_align=\"left\" css_animation=\"\" css=\".vc_custom_1705393759893{padding-top: 32px !important;padding-right: 32px !important;padding-bottom: 32px !important;padding-left: 32px !important;background-color: #060051 !important;}\"][vc_column_inner width=\"2\/3\"][vc_column_text]<\/p>\n<h2><span style=\"color: #ffffff; font-size: 1.2em; font-weight: 900;\">\u00bfY ma\u00f1ana, contigo?<\/span><\/h2>\n<p><span style=\"color: #ffffff; font-size: 1.1em;\">\u00bfTe apetece formar parte de la historia de Stormshield? Como filial de Airbus CyberSecurity, contamos con la confianza de grandes empresas y Estados europeos. Nuestros equipos, \u00e1giles y con talento, trabajan en temas de seguridad de vanguardia. Si eres una persona curiosa, apasionada, rigurosa... \u00a1ven y da rienda suelta a tu potencial, desarrolla tus habilidades y ay\u00fadanos a construir la empresa del ma\u00f1ana!<\/span>[\/vc_column_text][vc_empty_space]<a  itemprop=\"url\" href=\"https:\/\/www.stormshield.com\/es\/trabaje-con-nosotros\/\" target=\"_blank\" data-hover-background-color=\"#d23467\" data-hover-border-color=\"#ffffff\" class=\"qbutton  white enlarge\" style=\"border-color: #ffffff; background-color:#060051;\">Trabaje con nosotros<i class=\"qode_icon_font_awesome fa fa-angle-right qode_button_icon_element\"><\/i><\/a>[vc_empty_space][\/vc_column_inner][vc_column_inner width=\"1\/3\"][vc_empty_space][vc_video link=\"https:\/\/youtu.be\/IQQfLEr2zaE\" align=\"center\"][vc_empty_space][\/vc_column_inner][\/vc_row_inner][\/vc_column][\/vc_row][vc_row css_animation=\"\" row_type=\"row\" use_row_as_full_screen_section=\"no\" type=\"full_width\" angled_section=\"no\" text_align=\"left\" background_image_as_pattern=\"without_pattern\"][vc_column][vc_empty_space][\/vc_column][\/vc_row]<\/p>\n<\/div>","protected":false},"excerpt":{"rendered":"<p>[vc_row css_animation=\u00bb\u00bb row_type=\u00bbrow\u00bb use_row_as_full_screen_section=\u00bbno\u00bb type=\u00bbgrid\u00bb angled_section=\u00bbno\u00bb text_align=\u00bbleft\u00bb background_image_as_pattern=\u00bbwithout_pattern\u00bb z_index=\u00bb\u00bb padding_top=\u00bb50&#8243; padding_bottom=\u00bb50&#8243;][vc_column][vc_empty_space][vc_column_text css=\u00bb\u00bb] Una historia Stormshield de ciberseguridad, un esp\u00edritu pionero desde hace m\u00e1s de 25 a\u00f1os [\/vc_column_text][vc_empty_space][\/vc_column][\/vc_row][vc_row css_animation=\u00bb\u00bb row_type=\u00bbrow\u00bb use_row_as_full_screen_section=\u00bbno\u00bb type=\u00bbgrid\u00bb angled_section=\u00bbno\u00bb text_align=\u00bbleft\u00bb background_image_as_pattern=\u00bbwithout_pattern\u00bb z_index=\u00bb\u00bb padding_bottom=\u00bb50&#8243;][vc_column width=\u00bb2\/3&#8243;][vc_column_text css=\u00bb\u00bb]Desde hace m\u00e1s de 25 a\u00f1os, Stormshield desarrolla&#8230;<\/p>\n","protected":false},"author":9,"featured_media":0,"parent":205222,"menu_order":51,"comment_status":"closed","ping_status":"closed","template":"full_width.php","meta":{"_acf_changed":false,"footnotes":""},"class_list":["post-205237","page","type-page","status-publish","hentry"],"acf":[],"yoast_head":"<!-- This site is optimized with the Yoast SEO plugin v27.0 - https:\/\/yoast.com\/product\/yoast-seo-wordpress\/ -->\n<title>Arkoon, Netasq: una historia en la ciberseguridad | Stormshield<\/title>\n<meta name=\"description\" content=\"Un esp\u00edritu pionero en el mundo de la ciberseguridad desde hace m\u00e1s de 25 a\u00f1os: un repaso a los hitos de la historia de Stormshield.\" \/>\n<meta name=\"robots\" content=\"index, follow, max-snippet:-1, max-image-preview:large, max-video-preview:-1\" \/>\n<link rel=\"canonical\" href=\"https:\/\/www.stormshield.com\/es\/acerca-de-nosotros\/stormshield-y-ciberseguridad\/\" \/>\n<meta property=\"og:locale\" content=\"es_ES\" \/>\n<meta property=\"og:type\" content=\"article\" \/>\n<meta property=\"og:title\" content=\"Arkoon, Netasq: una historia en la ciberseguridad | Stormshield\" \/>\n<meta property=\"og:description\" content=\"Un esp\u00edritu pionero en el mundo de la ciberseguridad desde hace m\u00e1s de 25 a\u00f1os: un repaso a los hitos de la historia de Stormshield.\" \/>\n<meta property=\"og:url\" content=\"https:\/\/www.stormshield.com\/es\/acerca-de-nosotros\/stormshield-y-ciberseguridad\/\" \/>\n<meta property=\"og:site_name\" content=\"Stormshield\" \/>\n<meta property=\"article:modified_time\" content=\"2026-01-26T09:43:02+00:00\" \/>\n<meta property=\"og:image\" content=\"https:\/\/www.stormshield.com\/wp-content\/uploads\/stormshield_logo.png\" \/>\n\t<meta property=\"og:image:width\" content=\"204\" \/>\n\t<meta property=\"og:image:height\" content=\"94\" \/>\n\t<meta property=\"og:image:type\" content=\"image\/png\" \/>\n<meta name=\"twitter:card\" content=\"summary_large_image\" \/>\n<meta name=\"twitter:site\" content=\"@Stormshield\" \/>\n<meta name=\"twitter:label1\" content=\"Tiempo de lectura\" \/>\n\t<meta name=\"twitter:data1\" content=\"5 minutos\" \/>\n<script type=\"application\/ld+json\" class=\"yoast-schema-graph\">{\"@context\":\"https:\/\/schema.org\",\"@graph\":[{\"@type\":\"WebPage\",\"@id\":\"https:\/\/www.stormshield.com\/es\/acerca-de-nosotros\/stormshield-y-ciberseguridad\/\",\"url\":\"https:\/\/www.stormshield.com\/es\/acerca-de-nosotros\/stormshield-y-ciberseguridad\/\",\"name\":\"Arkoon, Netasq: una historia en la ciberseguridad | Stormshield\",\"isPartOf\":{\"@id\":\"https:\/\/www.stormshield.com\/es\/#website\"},\"datePublished\":\"2017-10-02T13:55:20+00:00\",\"dateModified\":\"2026-01-26T09:43:02+00:00\",\"description\":\"Un esp\u00edritu pionero en el mundo de la ciberseguridad desde hace m\u00e1s de 25 a\u00f1os: un repaso a los hitos de la historia de Stormshield.\",\"breadcrumb\":{\"@id\":\"https:\/\/www.stormshield.com\/es\/acerca-de-nosotros\/stormshield-y-ciberseguridad\/#breadcrumb\"},\"inLanguage\":\"es\",\"potentialAction\":[{\"@type\":\"ReadAction\",\"target\":[\"https:\/\/www.stormshield.com\/es\/acerca-de-nosotros\/stormshield-y-ciberseguridad\/\"]}]},{\"@type\":\"BreadcrumbList\",\"@id\":\"https:\/\/www.stormshield.com\/es\/acerca-de-nosotros\/stormshield-y-ciberseguridad\/#breadcrumb\",\"itemListElement\":[{\"@type\":\"ListItem\",\"position\":1,\"name\":\"Home\",\"item\":\"https:\/\/www.stormshield.com\/es\/\"},{\"@type\":\"ListItem\",\"position\":2,\"name\":\"Acerca de nosotros\",\"item\":\"https:\/\/www.stormshield.com\/es\/acerca-de-nosotros\/\"},{\"@type\":\"ListItem\",\"position\":3,\"name\":\"Stormshield y ciberseguridad\"}]},{\"@type\":\"WebSite\",\"@id\":\"https:\/\/www.stormshield.com\/es\/#website\",\"url\":\"https:\/\/www.stormshield.com\/es\/\",\"name\":\"Stormshield\",\"description\":\"Stormshield\",\"potentialAction\":[{\"@type\":\"SearchAction\",\"target\":{\"@type\":\"EntryPoint\",\"urlTemplate\":\"https:\/\/www.stormshield.com\/es\/?s={search_term_string}\"},\"query-input\":{\"@type\":\"PropertyValueSpecification\",\"valueRequired\":true,\"valueName\":\"search_term_string\"}}],\"inLanguage\":\"es\"}]}<\/script>\n<!-- \/ Yoast SEO plugin. -->","yoast_head_json":{"title":"Arkoon, Netasq: una historia en la ciberseguridad | Stormshield","description":"Un esp\u00edritu pionero en el mundo de la ciberseguridad desde hace m\u00e1s de 25 a\u00f1os: un repaso a los hitos de la historia de Stormshield.","robots":{"index":"index","follow":"follow","max-snippet":"max-snippet:-1","max-image-preview":"max-image-preview:large","max-video-preview":"max-video-preview:-1"},"canonical":"https:\/\/www.stormshield.com\/es\/acerca-de-nosotros\/stormshield-y-ciberseguridad\/","og_locale":"es_ES","og_type":"article","og_title":"Arkoon, Netasq: una historia en la ciberseguridad | Stormshield","og_description":"Un esp\u00edritu pionero en el mundo de la ciberseguridad desde hace m\u00e1s de 25 a\u00f1os: un repaso a los hitos de la historia de Stormshield.","og_url":"https:\/\/www.stormshield.com\/es\/acerca-de-nosotros\/stormshield-y-ciberseguridad\/","og_site_name":"Stormshield","article_modified_time":"2026-01-26T09:43:02+00:00","og_image":[{"width":204,"height":94,"url":"https:\/\/www.stormshield.com\/wp-content\/uploads\/stormshield_logo.png","type":"image\/png"}],"twitter_card":"summary_large_image","twitter_site":"@Stormshield","twitter_misc":{"Tiempo de lectura":"5 minutos"},"schema":{"@context":"https:\/\/schema.org","@graph":[{"@type":"WebPage","@id":"https:\/\/www.stormshield.com\/es\/acerca-de-nosotros\/stormshield-y-ciberseguridad\/","url":"https:\/\/www.stormshield.com\/es\/acerca-de-nosotros\/stormshield-y-ciberseguridad\/","name":"Arkoon, Netasq: una historia en la ciberseguridad | Stormshield","isPartOf":{"@id":"https:\/\/www.stormshield.com\/es\/#website"},"datePublished":"2017-10-02T13:55:20+00:00","dateModified":"2026-01-26T09:43:02+00:00","description":"Un esp\u00edritu pionero en el mundo de la ciberseguridad desde hace m\u00e1s de 25 a\u00f1os: un repaso a los hitos de la historia de Stormshield.","breadcrumb":{"@id":"https:\/\/www.stormshield.com\/es\/acerca-de-nosotros\/stormshield-y-ciberseguridad\/#breadcrumb"},"inLanguage":"es","potentialAction":[{"@type":"ReadAction","target":["https:\/\/www.stormshield.com\/es\/acerca-de-nosotros\/stormshield-y-ciberseguridad\/"]}]},{"@type":"BreadcrumbList","@id":"https:\/\/www.stormshield.com\/es\/acerca-de-nosotros\/stormshield-y-ciberseguridad\/#breadcrumb","itemListElement":[{"@type":"ListItem","position":1,"name":"Home","item":"https:\/\/www.stormshield.com\/es\/"},{"@type":"ListItem","position":2,"name":"Acerca de nosotros","item":"https:\/\/www.stormshield.com\/es\/acerca-de-nosotros\/"},{"@type":"ListItem","position":3,"name":"Stormshield y ciberseguridad"}]},{"@type":"WebSite","@id":"https:\/\/www.stormshield.com\/es\/#website","url":"https:\/\/www.stormshield.com\/es\/","name":"Stormshield","description":"Stormshield","potentialAction":[{"@type":"SearchAction","target":{"@type":"EntryPoint","urlTemplate":"https:\/\/www.stormshield.com\/es\/?s={search_term_string}"},"query-input":{"@type":"PropertyValueSpecification","valueRequired":true,"valueName":"search_term_string"}}],"inLanguage":"es"}]}},"_links":{"self":[{"href":"https:\/\/www.stormshield.com\/es\/wp-json\/wp\/v2\/pages\/205237","targetHints":{"allow":["GET"]}}],"collection":[{"href":"https:\/\/www.stormshield.com\/es\/wp-json\/wp\/v2\/pages"}],"about":[{"href":"https:\/\/www.stormshield.com\/es\/wp-json\/wp\/v2\/types\/page"}],"author":[{"embeddable":true,"href":"https:\/\/www.stormshield.com\/es\/wp-json\/wp\/v2\/users\/9"}],"replies":[{"embeddable":true,"href":"https:\/\/www.stormshield.com\/es\/wp-json\/wp\/v2\/comments?post=205237"}],"version-history":[{"count":19,"href":"https:\/\/www.stormshield.com\/es\/wp-json\/wp\/v2\/pages\/205237\/revisions"}],"predecessor-version":[{"id":738676,"href":"https:\/\/www.stormshield.com\/es\/wp-json\/wp\/v2\/pages\/205237\/revisions\/738676"}],"up":[{"embeddable":true,"href":"https:\/\/www.stormshield.com\/es\/wp-json\/wp\/v2\/pages\/205222"}],"wp:attachment":[{"href":"https:\/\/www.stormshield.com\/es\/wp-json\/wp\/v2\/media?parent=205237"}],"curies":[{"name":"wp","href":"https:\/\/api.w.org\/{rel}","templated":true}]}}