{"id":205167,"date":"2016-06-03T11:19:53","date_gmt":"2016-06-03T10:19:53","guid":{"rendered":"https:\/\/www.stormshield.com\/join-us\/"},"modified":"2026-04-08T16:04:03","modified_gmt":"2026-04-08T15:04:03","slug":"trabaje-con-nosotros","status":"publish","type":"page","link":"https:\/\/www.stormshield.com\/es\/trabaje-con-nosotros\/","title":{"rendered":"Trabaje con nosotros"},"content":{"rendered":"<div class=\"wpb-content-wrapper\"><p>[vc_row css_animation=\"\" row_type=\"row\" use_row_as_full_screen_section=\"no\" type=\"grid\" angled_section=\"no\" text_align=\"left\" background_image_as_pattern=\"without_pattern\" z_index=\"\" padding_top=\"50\" padding_bottom=\"50\"][vc_column][vc_empty_space][vc_column_text css=\"\"]<\/p>\n<h1 style=\"text-align: center;\"><span style=\"color: #00aaf5;\"><span style=\"font-weight: 300; font-size: 1.5em;\">\u00bfPreparado para aprovechar nuevas oportunidades? <\/span><span style=\"color: #00aaf5;\"><span style=\"font-weight: 900; font-size: 1.5em;\">Encuentras las offertas de trabajo de Stormshield<\/span><\/span><\/span><\/h1>\n<p>[\/vc_column_text][vc_empty_space][\/vc_column][\/vc_row][vc_row css_animation=\"\" row_type=\"row\" use_row_as_full_screen_section=\"no\" type=\"grid\" angled_section=\"no\" text_align=\"left\" background_image_as_pattern=\"without_pattern\" z_index=\"\" padding_bottom=\"50\" padding_top=\"50\" background_color=\"#060051\" css=\".vc_custom_1775660464571{background-color: #060051 !important;}\"][vc_column][vc_row_inner row_type=\"row\" type=\"full_width\" text_align=\"left\" css_animation=\"\" css=\".vc_custom_1721640953518{padding-top: 32px !important;padding-right: 32px !important;padding-bottom: 32px !important;padding-left: 32px !important;}\"][vc_column_inner width=\"1\/2\"][vc_column_text css=\"\"]<span style=\"color: #ffffff; font-size: 1.1em;\">\u00bfLe gustar\u00eda trabajar en ciberseguridad? \u00bfEs usted especialista, principiante o experto en ciberseguridad y busca un programa de formaci\u00f3n dual o una nueva aventura profesional? Descubra todas nuestras vacantes en <strong>nuestra secci\u00f3n de Carreras profesionales<\/strong> o env\u00ede una candidatura espont\u00e1nea. Tambi\u00e9n puede ponerse en contacto con nuestro equipo de Recursos Humanos.<\/span>[\/vc_column_text][vc_empty_space][\/vc_column_inner][vc_column_inner width=\"1\/2\"][vc_empty_space]<a  itemprop=\"url\" href=\"https:\/\/careers.stormshield.eu\/en\" target=\"_blank\" data-hover-background-color=\"#D23467\" data-hover-border-color=\"#ffffff\" data-hover-color=\"#FFFFFF\" class=\"qbutton  big_large white enlarge\" style=\"border-color: #ffffff; background-color:#D23467;\">Explore nuestras ofertas<i class=\"qode_icon_font_awesome fa fa-angle-double-right qode_button_icon_element\"><\/i><\/a>[vc_empty_space height=\"12px\"]<a  itemprop=\"url\" href=\"https:\/\/www.stormshield.com\/es\/contacto\/recursos-humanos\/\" target=\"_self\" data-hover-background-color=\"#d23467\" data-hover-border-color=\"#ffffff\" data-hover-color=\"#FFFFFF\" class=\"qbutton  white enlarge\" style=\"color: #FFFFFF; border-color: #ffffff; background-color:#00000000;\">Cont\u00e1ctenos<i class=\"qode_icon_font_awesome fa fa-angle-right qode_button_icon_element\"><\/i><\/a>[vc_empty_space][\/vc_column_inner][\/vc_row_inner][\/vc_column][\/vc_row][vc_row css_animation=\"\" row_type=\"row\" use_row_as_full_screen_section=\"no\" type=\"grid\" angled_section=\"no\" text_align=\"left\" background_image_as_pattern=\"without_pattern\" z_index=\"\" padding_bottom=\"50\" padding_top=\"50\"][vc_column width=\"2\/3\"][vc_column_text css=\"\"]<\/p>\n<h2><span style=\"color: #000; font-size: 1.2em; font-weight: 900;\">Contrataci\u00f3n abierta a todos, desde principiantes a especialistas<\/span><\/h2>\n<p><span style=\"color: #000; font-size: 1.1em;\">Como empresa en crecimiento, <strong>Stormshield busca nuevos talentos, tanto debutantes como experimentados.<\/strong> Para hacer frente a las crecientes necesidades y a la ampliaci\u00f3n de los proyectos, tenemos una serie de vacantes.<\/span><\/p>\n<p><span style=\"color: #000; font-size: 1.1em;\">Al elegir Stormshield, te unir\u00e1s a una empresa de dimensi\u00f3n internacional, filial de Airbus CyberSecurity, pero de dimensi\u00f3n humana. Trabajar\u00e1s en una organizaci\u00f3n joven, exitosa y din\u00e1mica. Consulte los perfiles que buscamos, inf\u00f3rmese sobre nuestros compromisos corporativos y solicite nuestras vacantes.<\/span>[\/vc_column_text][vc_empty_space][\/vc_column][vc_column width=\"1\/3\" css=\".vc_custom_1775660502928{padding-top: 24px !important;padding-right: 24px !important;padding-bottom: 24px !important;padding-left: 24px !important;background-color: #ECECEC !important;}\"][vc_column_text css=\"\"]<span style=\"color: #000000; font-size: 1.3em;\"><strong>\u00bfCu\u00e1les son los empleos en ciberseguridad?<\/strong> <\/span><\/p>\n<p><span style=\"color: #000000; font-size: 1.1em;\">Ingeniero, desarrollador, administrador de sistemas, responsable t\u00e9cnico, jefe de equipo... Los perfiles de puestos de trabajo y los niveles de responsabilidad son variados. Si eres una persona curiosa, apasionada y rigurosa, podr\u00e1s liberar tu potencial innovador, desarrollar tus habilidades y ayudarnos a construir el Stormshield del ma\u00f1ana.<\/span>[\/vc_column_text][vc_empty_space][\/vc_column][\/vc_row][vc_row css_animation=\"\" row_type=\"row\" use_row_as_full_screen_section=\"no\" type=\"grid\" angled_section=\"no\" text_align=\"left\" background_image_as_pattern=\"without_pattern\" z_index=\"\"][vc_column width=\"1\/3\"][vc_empty_space][vc_video link=\"https:\/\/youtu.be\/ktcfgyz4uUY\" align=\"center\"][vc_column_text]<span style=\"color: #000; font-size: 0.9em; font-weight: 300;\">Descubra Stormshield con Sophie, Scrum Master<\/span>[\/vc_column_text][vc_empty_space][\/vc_column][vc_column width=\"1\/3\"][vc_empty_space][vc_video link=\"https:\/\/youtu.be\/76J7a05FSQ0\" align=\"center\" css=\"\"][vc_column_text css=\"\"]<span style=\"color: #000; font-size: 0.9em; font-weight: 300;\">Descubra Stormshield con Rita, QA Engineer<\/span>[\/vc_column_text][vc_empty_space][\/vc_column][vc_column width=\"1\/3\"][vc_empty_space][vc_video link=\"https:\/\/youtu.be\/bDbZ46aoqnQ\" align=\"center\"][vc_column_text]<span style=\"color: #000; font-size: 0.9em; font-weight: 300;\">Descubra Stormshield con R\u00e9my, Support Manager<\/span>[\/vc_column_text][vc_empty_space][\/vc_column][\/vc_row][vc_row css_animation=\"\" row_type=\"row\" use_row_as_full_screen_section=\"no\" type=\"grid\" angled_section=\"no\" text_align=\"left\" background_image_as_pattern=\"without_pattern\" z_index=\"\" padding_bottom=\"50\" css=\".vc_custom_1697804221509{background-color: #ffffff !important;}\" padding_top=\"50\"][vc_column][vc_row_inner row_type=\"row\" type=\"full_width\" text_align=\"left\" css_animation=\"\" background_color=\"#f9f9f9\" css=\".vc_custom_1697805785032{padding-top: 32px !important;padding-right: 32px !important;padding-bottom: 32px !important;padding-left: 32px !important;}\"][vc_column_inner width=\"1\/2\"][vc_column_text]<\/p>\n<h2><span style=\"color: #000; font-size: 1.2em; font-weight: 900;\">Unirse a un equipo de entusiastas de la ciberseguridad<\/span><\/h2>\n<p><span style=\"color: #000; font-size: 1.1em;\">Nosotros, los empleados y equipos de Stormshield, somos una comunidad muy unida de entusiastas de la ciberseguridad, que extrae su fortaleza de su diversidad y complementariedad.<\/span><\/p>\n<p><span style=\"color: #000; font-size: 1.1em;\">Convertirse en un \u00abStormshielder\u00bb es ser un miembro \u00fanico de un colectivo comprometido y \u00e1gil. Compartir nuestra cultura de empresa y esta filosof\u00eda significa descubrir un sencillo c\u00f3ctel: tres s\u00f3lidos valores compartidos por nuestros equipos (\u00ab<em>Customer Centric<\/em>\u00bb, \u00ab<em>Collaborative Success<\/em>\u00bb y \u00ab<em>Build Trust<\/em>\u00bb), una buena dosis de \u00ab<em>Work Hard, Play Hard<\/em>\u00bb. Y por \u00faltimo: el deseo de innovar... <strong>Esta es la actitud que nos impulsa cada d\u00eda: la dedicaci\u00f3n a nuestros clientes.<\/strong> No esperes m\u00e1s, \u00fanete a nosotros.<\/span>[\/vc_column_text][vc_empty_space]<a  itemprop=\"url\" href=\"https:\/\/stories.stormshield.com\/en\/\" target=\"_blank\" data-hover-background-color=\"#d23467\" data-hover-border-color=\"#ffffff\" class=\"qbutton  white enlarge\" style=\"border-color: #ffffff; background-color:#060051;\">Los backstages<i class=\"qode_icon_font_awesome fa fa-angle-right qode_button_icon_element\"><\/i><\/a>[vc_empty_space][\/vc_column_inner][vc_column_inner width=\"1\/2\"][vc_empty_space][vc_single_image image=\"536583\" img_size=\"large\" alignment=\"center\" onclick=\"custom_link\" img_link_target=\"_blank\" css=\"\" qode_css_animation=\"\" qode_hover_animation=\"zoom_in\" link=\"https:\/\/stories.stormshield.com\/en\/\"][vc_empty_space][\/vc_column_inner][\/vc_row_inner][\/vc_column][\/vc_row][vc_row css_animation=\"\" row_type=\"row\" use_row_as_full_screen_section=\"no\" type=\"grid\" angled_section=\"no\" text_align=\"left\" background_image_as_pattern=\"without_pattern\" z_index=\"\"][vc_column width=\"1\/3\"][vc_empty_space][vc_video link=\"https:\/\/youtu.be\/l-ijQBCS2Kc\" align=\"center\"][vc_column_text]<span style=\"color: #000; font-size: 0.9em; font-weight: 300;\">Descubra Stormshield con Yvan, Technical Leader<\/span>[\/vc_column_text][vc_empty_space][\/vc_column][vc_column width=\"1\/3\"][vc_empty_space][vc_video link=\"https:\/\/youtu.be\/aFY4V4w3Dcw\" align=\"center\"][vc_column_text]<span style=\"color: #000; font-size: 0.9em; font-weight: 300;\">Descubra Stormshield con Laurence, Sales Manager<\/span>[\/vc_column_text][vc_empty_space][\/vc_column][vc_column width=\"1\/3\"][vc_empty_space][vc_video link=\"https:\/\/youtu.be\/zvKzG33OhJA\" align=\"center\"][vc_column_text]<span style=\"color: #000; font-size: 0.9em; font-weight: 300;\">Descubra Stormshield con Pierre-Yves, CEO<\/span>[\/vc_column_text][vc_empty_space][\/vc_column][\/vc_row][vc_row css_animation=\"\" row_type=\"row\" use_row_as_full_screen_section=\"no\" type=\"grid\" angled_section=\"no\" text_align=\"left\" background_image_as_pattern=\"without_pattern\" z_index=\"\" padding_bottom=\"50\" padding_top=\"50\"][vc_column][vc_column_text]<\/p>\n<h2><span style=\"color: #000; font-size: 1.2em; font-weight: 900;\">Nuestros compromisos empresariales<\/span><\/h2>\n<p><span style=\"color: #000; font-size: 1.1em;\"><strong>Nuestro proceso de contrataci\u00f3n se basa en dos principios: capacidad de respuesta y colaboraci\u00f3n.<\/strong> En un entorno competitivo y en expansi\u00f3n, no hay tiempo que perder. Y para avanzar lo m\u00e1s r\u00e1pido posible, la contrataci\u00f3n se divide entre nuestros equipos de directivos y empleados y los de nuestro departamento de Recursos Humanos.<\/span><\/p>\n<p><span style=\"color: #000; font-size: 1.1em;\">En primer lugar, tras presentar tu candidatura, conocer\u00e1s al equipo y al director y realizar\u00e1s algunas pruebas. A continuaci\u00f3n, participar\u00e1s en una entrevista m\u00e1s exhaustiva con Recursos Humanos. Por \u00faltimo, recibir\u00e1s pronto una propuesta adaptada a tu trayectoria y tus competencias. Sencillo, r\u00e1pido y eficaz.<\/span>[\/vc_column_text][vc_empty_space][\/vc_column][\/vc_row][vc_row css_animation=\"\" row_type=\"row\" use_row_as_full_screen_section=\"no\" type=\"grid\" angled_section=\"no\" text_align=\"left\" background_image_as_pattern=\"without_pattern\" z_index=\"\" padding_bottom=\"50\" css=\".vc_custom_1697804221509{background-color: #ffffff !important;}\" padding_top=\"50\"][vc_column][vc_row_inner row_type=\"row\" type=\"full_width\" text_align=\"left\" css_animation=\"\" background_color=\"#f9f9f9\" css=\".vc_custom_1697805747463{padding-top: 32px !important;padding-right: 32px !important;padding-bottom: 32px !important;padding-left: 32px !important;}\"][vc_column_inner][vc_column_text]<\/p>\n<h2><span style=\"color: #000; font-size: 1.2em; font-weight: 900;\">Relaciones con escuelas: un estrecho v\u00ednculo con el mundo estudiantil<\/span><\/h2>\n<p><span style=\"color: #000; font-size: 1.1em;\">Tanto por la acogida de estudiantes (en pr\u00e1cticas, como parte de una formaci\u00f3n dual o mediante participaci\u00f3n en proyectos de empresa) como por la docencia (con profesores y productos Stormshield en sus cursos), mantenemos una estrecha relaci\u00f3n con el mundo estudiantil. Para llevar este enfoque a\u00fan m\u00e1s lejos, hemos creado un programa de asociaci\u00f3n con escuelas y universidades: <strong>Bienvenido al programa Stormshield Academy.<\/strong><\/span>[\/vc_column_text][vc_empty_space]<a  itemprop=\"url\" href=\"https:\/\/www.stormshield.com\/es\/nuestro-apoyo\/servicios\/stormshield-academy\/\" target=\"_self\" data-hover-background-color=\"#d23467\" data-hover-border-color=\"#ffffff\" class=\"qbutton  white enlarge\" style=\"border-color: #ffffff; background-color:#060051;\">Stormshield Academy<i class=\"qode_icon_font_awesome fa fa-angle-right qode_button_icon_element\"><\/i><\/a>[vc_empty_space][\/vc_column_inner][\/vc_row_inner][\/vc_column][\/vc_row]<\/p>\n<\/div>","protected":false},"excerpt":{"rendered":"<p>[vc_row css_animation=\u00bb\u00bb row_type=\u00bbrow\u00bb use_row_as_full_screen_section=\u00bbno\u00bb type=\u00bbgrid\u00bb angled_section=\u00bbno\u00bb text_align=\u00bbleft\u00bb background_image_as_pattern=\u00bbwithout_pattern\u00bb z_index=\u00bb\u00bb padding_top=\u00bb50&#8243; padding_bottom=\u00bb50&#8243;][vc_column][vc_empty_space][vc_column_text css=\u00bb\u00bb] \u00bfPreparado para aprovechar nuevas oportunidades? Encuentras las offertas de trabajo de Stormshield [\/vc_column_text][vc_empty_space][\/vc_column][\/vc_row][vc_row css_animation=\u00bb\u00bb row_type=\u00bbrow\u00bb use_row_as_full_screen_section=\u00bbno\u00bb type=\u00bbgrid\u00bb angled_section=\u00bbno\u00bb text_align=\u00bbleft\u00bb background_image_as_pattern=\u00bbwithout_pattern\u00bb z_index=\u00bb\u00bb padding_bottom=\u00bb50&#8243; padding_top=\u00bb50&#8243; background_color=\u00bb#060051&#8243; css=\u00bb.vc_custom_1775660464571{background-color: #060051 !important;}\u00bb][vc_column][vc_row_inner row_type=\u00bbrow\u00bb type=\u00bbfull_width\u00bb text_align=\u00bbleft\u00bb css_animation=\u00bb\u00bb css=\u00bb.vc_custom_1721640953518{padding-top: 32px&#8230;<\/p>\n","protected":false},"author":1,"featured_media":0,"parent":0,"menu_order":467,"comment_status":"closed","ping_status":"closed","template":"full_width.php","meta":{"_acf_changed":false,"footnotes":""},"class_list":["post-205167","page","type-page","status-publish","hentry"],"acf":[],"yoast_head":"<!-- This site is optimized with the Yoast SEO plugin v27.3 - https:\/\/yoast.com\/product\/yoast-seo-wordpress\/ -->\n<title>Contrataci\u00f3n en Ciberseguridad: Env\u00eda tu Candidatura a las Ofertas<\/title>\n<meta name=\"description\" content=\"\u00danete a nuestro equipo de expertos en ciberseguridad. Descubre nuestros compromisos corporativos y nuestro proceso de selecci\u00f3n.\" \/>\n<meta name=\"robots\" content=\"index, follow, max-snippet:-1, max-image-preview:large, max-video-preview:-1\" \/>\n<link rel=\"canonical\" href=\"https:\/\/www.stormshield.com\/es\/trabaje-con-nosotros\/\" \/>\n<meta property=\"og:locale\" content=\"es_ES\" \/>\n<meta property=\"og:type\" content=\"article\" \/>\n<meta property=\"og:title\" content=\"Contrataci\u00f3n en Ciberseguridad: Env\u00eda tu Candidatura a las Ofertas\" \/>\n<meta property=\"og:description\" content=\"\u00danete a nuestro equipo de expertos en ciberseguridad. Descubre nuestros compromisos corporativos y nuestro proceso de selecci\u00f3n.\" \/>\n<meta property=\"og:url\" content=\"https:\/\/www.stormshield.com\/es\/trabaje-con-nosotros\/\" \/>\n<meta property=\"og:site_name\" content=\"Stormshield\" \/>\n<meta property=\"article:modified_time\" content=\"2026-04-08T15:04:03+00:00\" \/>\n<meta property=\"og:image\" content=\"https:\/\/www.stormshield.com\/wp-content\/uploads\/stormshield_logo.png\" \/>\n\t<meta property=\"og:image:width\" content=\"204\" \/>\n\t<meta property=\"og:image:height\" content=\"94\" \/>\n\t<meta property=\"og:image:type\" content=\"image\/png\" \/>\n<meta name=\"twitter:card\" content=\"summary_large_image\" \/>\n<meta name=\"twitter:site\" content=\"@Stormshield\" \/>\n<meta name=\"twitter:label1\" content=\"Tiempo de lectura\" \/>\n\t<meta name=\"twitter:data1\" content=\"4 minutos\" \/>\n<script type=\"application\/ld+json\" class=\"yoast-schema-graph\">{\"@context\":\"https:\\\/\\\/schema.org\",\"@graph\":[{\"@type\":\"WebPage\",\"@id\":\"https:\\\/\\\/www.stormshield.com\\\/es\\\/trabaje-con-nosotros\\\/\",\"url\":\"https:\\\/\\\/www.stormshield.com\\\/es\\\/trabaje-con-nosotros\\\/\",\"name\":\"Contrataci\u00f3n en Ciberseguridad: Env\u00eda tu Candidatura a las Ofertas\",\"isPartOf\":{\"@id\":\"https:\\\/\\\/www.stormshield.com\\\/es\\\/#website\"},\"datePublished\":\"2016-06-03T10:19:53+00:00\",\"dateModified\":\"2026-04-08T15:04:03+00:00\",\"description\":\"\u00danete a nuestro equipo de expertos en ciberseguridad. Descubre nuestros compromisos corporativos y nuestro proceso de selecci\u00f3n.\",\"breadcrumb\":{\"@id\":\"https:\\\/\\\/www.stormshield.com\\\/es\\\/trabaje-con-nosotros\\\/#breadcrumb\"},\"inLanguage\":\"es\",\"potentialAction\":[{\"@type\":\"ReadAction\",\"target\":[\"https:\\\/\\\/www.stormshield.com\\\/es\\\/trabaje-con-nosotros\\\/\"]}]},{\"@type\":\"BreadcrumbList\",\"@id\":\"https:\\\/\\\/www.stormshield.com\\\/es\\\/trabaje-con-nosotros\\\/#breadcrumb\",\"itemListElement\":[{\"@type\":\"ListItem\",\"position\":1,\"name\":\"Home\",\"item\":\"https:\\\/\\\/www.stormshield.com\\\/es\\\/\"},{\"@type\":\"ListItem\",\"position\":2,\"name\":\"Trabaje con nosotros\"}]},{\"@type\":\"WebSite\",\"@id\":\"https:\\\/\\\/www.stormshield.com\\\/es\\\/#website\",\"url\":\"https:\\\/\\\/www.stormshield.com\\\/es\\\/\",\"name\":\"Stormshield\",\"description\":\"Stormshield\",\"potentialAction\":[{\"@type\":\"SearchAction\",\"target\":{\"@type\":\"EntryPoint\",\"urlTemplate\":\"https:\\\/\\\/www.stormshield.com\\\/es\\\/?s={search_term_string}\"},\"query-input\":{\"@type\":\"PropertyValueSpecification\",\"valueRequired\":true,\"valueName\":\"search_term_string\"}}],\"inLanguage\":\"es\"}]}<\/script>\n<!-- \/ Yoast SEO plugin. -->","yoast_head_json":{"title":"Contrataci\u00f3n en Ciberseguridad: Env\u00eda tu Candidatura a las Ofertas","description":"\u00danete a nuestro equipo de expertos en ciberseguridad. Descubre nuestros compromisos corporativos y nuestro proceso de selecci\u00f3n.","robots":{"index":"index","follow":"follow","max-snippet":"max-snippet:-1","max-image-preview":"max-image-preview:large","max-video-preview":"max-video-preview:-1"},"canonical":"https:\/\/www.stormshield.com\/es\/trabaje-con-nosotros\/","og_locale":"es_ES","og_type":"article","og_title":"Contrataci\u00f3n en Ciberseguridad: Env\u00eda tu Candidatura a las Ofertas","og_description":"\u00danete a nuestro equipo de expertos en ciberseguridad. Descubre nuestros compromisos corporativos y nuestro proceso de selecci\u00f3n.","og_url":"https:\/\/www.stormshield.com\/es\/trabaje-con-nosotros\/","og_site_name":"Stormshield","article_modified_time":"2026-04-08T15:04:03+00:00","og_image":[{"width":204,"height":94,"url":"https:\/\/www.stormshield.com\/wp-content\/uploads\/stormshield_logo.png","type":"image\/png"}],"twitter_card":"summary_large_image","twitter_site":"@Stormshield","twitter_misc":{"Tiempo de lectura":"4 minutos"},"schema":{"@context":"https:\/\/schema.org","@graph":[{"@type":"WebPage","@id":"https:\/\/www.stormshield.com\/es\/trabaje-con-nosotros\/","url":"https:\/\/www.stormshield.com\/es\/trabaje-con-nosotros\/","name":"Contrataci\u00f3n en Ciberseguridad: Env\u00eda tu Candidatura a las Ofertas","isPartOf":{"@id":"https:\/\/www.stormshield.com\/es\/#website"},"datePublished":"2016-06-03T10:19:53+00:00","dateModified":"2026-04-08T15:04:03+00:00","description":"\u00danete a nuestro equipo de expertos en ciberseguridad. Descubre nuestros compromisos corporativos y nuestro proceso de selecci\u00f3n.","breadcrumb":{"@id":"https:\/\/www.stormshield.com\/es\/trabaje-con-nosotros\/#breadcrumb"},"inLanguage":"es","potentialAction":[{"@type":"ReadAction","target":["https:\/\/www.stormshield.com\/es\/trabaje-con-nosotros\/"]}]},{"@type":"BreadcrumbList","@id":"https:\/\/www.stormshield.com\/es\/trabaje-con-nosotros\/#breadcrumb","itemListElement":[{"@type":"ListItem","position":1,"name":"Home","item":"https:\/\/www.stormshield.com\/es\/"},{"@type":"ListItem","position":2,"name":"Trabaje con nosotros"}]},{"@type":"WebSite","@id":"https:\/\/www.stormshield.com\/es\/#website","url":"https:\/\/www.stormshield.com\/es\/","name":"Stormshield","description":"Stormshield","potentialAction":[{"@type":"SearchAction","target":{"@type":"EntryPoint","urlTemplate":"https:\/\/www.stormshield.com\/es\/?s={search_term_string}"},"query-input":{"@type":"PropertyValueSpecification","valueRequired":true,"valueName":"search_term_string"}}],"inLanguage":"es"}]}},"_links":{"self":[{"href":"https:\/\/www.stormshield.com\/es\/wp-json\/wp\/v2\/pages\/205167","targetHints":{"allow":["GET"]}}],"collection":[{"href":"https:\/\/www.stormshield.com\/es\/wp-json\/wp\/v2\/pages"}],"about":[{"href":"https:\/\/www.stormshield.com\/es\/wp-json\/wp\/v2\/types\/page"}],"author":[{"embeddable":true,"href":"https:\/\/www.stormshield.com\/es\/wp-json\/wp\/v2\/users\/1"}],"replies":[{"embeddable":true,"href":"https:\/\/www.stormshield.com\/es\/wp-json\/wp\/v2\/comments?post=205167"}],"version-history":[{"count":36,"href":"https:\/\/www.stormshield.com\/es\/wp-json\/wp\/v2\/pages\/205167\/revisions"}],"predecessor-version":[{"id":773935,"href":"https:\/\/www.stormshield.com\/es\/wp-json\/wp\/v2\/pages\/205167\/revisions\/773935"}],"wp:attachment":[{"href":"https:\/\/www.stormshield.com\/es\/wp-json\/wp\/v2\/media?parent=205167"}],"curies":[{"name":"wp","href":"https:\/\/api.w.org\/{rel}","templated":true}]}}