{"id":205138,"date":"2016-06-03T11:19:22","date_gmt":"2016-06-03T10:19:22","guid":{"rendered":"https:\/\/www.stormshield.com\/partner\/"},"modified":"2025-01-13T15:03:45","modified_gmt":"2025-01-13T14:03:45","slug":"red-de-partner","status":"publish","type":"page","link":"https:\/\/www.stormshield.com\/es\/red-de-partner\/","title":{"rendered":"Red de Partner"},"content":{"rendered":"<div class=\"wpb-content-wrapper\"><p>[vc_row css_animation=\"\" row_type=\"row\" use_row_as_full_screen_section=\"no\" type=\"grid\" angled_section=\"no\" text_align=\"left\" background_image_as_pattern=\"without_pattern\" z_index=\"\" padding_top=\"50\" padding_bottom=\"50\"][vc_column][vc_empty_space][vc_column_text]<\/p>\n<h1 style=\"text-align: center;\"><span style=\"color: #00aaf5;\"><span style=\"font-weight: 900; font-size: 1.6em;\">\u00danase a nuestra red de socios<\/span><span style=\"font-weight: 300; font-size: 1.5em;\"> con el programa Stormshield Partner Connect<\/span><\/span><\/h1>\n<p>[\/vc_column_text][vc_empty_space][\/vc_column][\/vc_row][vc_row css_animation=\"\" row_type=\"row\" use_row_as_full_screen_section=\"no\" type=\"grid\" angled_section=\"no\" text_align=\"left\" background_image_as_pattern=\"without_pattern\" z_index=\"\" padding_bottom=\"50\"][vc_column width=\"2\/3\"][vc_column_text]<\/p>\n<h2><span style=\"color: #000; font-size: 1.2em; font-weight: 900;\">Siete razones para asociarse con Stormshield<\/span><\/h2>\n<p><span style=\"color: #000; font-size: 1.1em;\">Estas son las siete principales ventajas de la asociaci\u00f3n con Stormshield.<\/span><\/p>\n<ol>\n<li><span style=\"color: #000; font-size: 1.1em;\">As\u00f3ciate con un actor europeo y ofrece a tus clientes soluciones de confianza, certificadas al nivel m\u00e1s alto del mercado.<br \/>\n<\/span><\/li>\n<li><span style=\"color: #000; font-size: 1.1em;\">Optimiza tus m\u00e1rgenes e impulsa tus ventas con nuestro apoyo comercial personalizado durante todo el a\u00f1o.<br \/>\n<\/span><\/li>\n<li><span style=\"color: #000; font-size: 1.1em;\">Consigue oportunidades de venta a trav\u00e9s de operaciones exclusivas de cofinanciaci\u00f3n de marketing.<br \/>\n<\/span><\/li>\n<li><span style=\"color: #000; font-size: 1.1em;\">Mant\u00e9n la exclusividad en los proyectos que identifiques para los productos Stormshield.<br \/>\n<\/span><\/li>\n<li><span style=\"color: #000; font-size: 1.1em;\">Gana credibilidad y experiencia en la seguridad de IT y OT a trav\u00e9s de nuestros cursos de formaci\u00f3n y nuestro soporte t\u00e9cnico dedicado.<br \/>\n<\/span><\/li>\n<li><span style=\"color: #000; font-size: 1.1em;\">Aumenta la notoriedad de tu marca gracias a nuestras iniciativas de comunicaci\u00f3n dedicadas a nuestros socios.<br \/>\n<\/span><\/li>\n<li><span style=\"color: #000; font-size: 1.1em;\">Disfruta de la capacidad de respuesta de nuestra empresa de dimensi\u00f3n humana, con representaci\u00f3n en m\u00e1s de 40 pa\u00edses.<\/span><\/li>\n<\/ol>\n<p>[\/vc_column_text][\/vc_column][vc_column width=\"1\/3\" css=\".vc_custom_1697803119835{padding-top: 24px !important;padding-right: 24px !important;padding-bottom: 24px !important;padding-left: 24px !important;background-color: #060051 !important;}\"][vc_column_text]<span style=\"color: #ffffff; font-size: 1.1em;\"><strong>\u00bfPor qu\u00e9 hacerse socio de Stormshield?<\/strong> A continuaci\u00f3n, descubrir\u00e1s las diferentes f\u00f3rmulas posibles y sus ventajas.<\/span>[\/vc_column_text][vc_empty_space]<a  itemprop=\"url\" href=\"https:\/\/www.stormshield.com\/wp-content\/uploads\/Stormshield-ES-Partner-Connect-program.pdf\" target=\"_blank\" data-hover-background-color=\"#d23467\" data-hover-border-color=\"#ffffff\" class=\"qbutton  white enlarge\" style=\"border-color: #ffffff; background-color:#060051;\">Cat\u00e1logo<i class=\"qode_icon_font_awesome fa fa-handshake-o qode_button_icon_element\"><\/i><\/a>[vc_empty_space height=\"12px\"]<a  itemprop=\"url\" href=\"https:\/\/www.stormshield.com\/es\/contacto\/channel-partner\/\" target=\"_blank\" data-hover-background-color=\"#d23467\" data-hover-border-color=\"#ffffff\" class=\"qbutton  white enlarge\" style=\"border-color: #ffffff; background-color:#060051;\">Contacto<i class=\"qode_icon_font_awesome fa fa-envelope qode_button_icon_element\"><\/i><\/a>[vc_empty_space height=\"12px\"]<a  itemprop=\"url\" href=\"https:\/\/www.stormshield.com\/es\/red-de-partner\/solicitud-para-ser-partner\/\" target=\"_blank\" data-hover-background-color=\"#d23467\" data-hover-border-color=\"#ffffff\" class=\"qbutton  white enlarge\" style=\"border-color: #ffffff; background-color:#060051;\">Hatze socio<i class=\"qode_icon_font_awesome fa fa-envelope qode_button_icon_element\"><\/i><\/a>[vc_empty_space][\/vc_column][\/vc_row][vc_row css_animation=\"\" row_type=\"row\" use_row_as_full_screen_section=\"no\" type=\"grid\" angled_section=\"no\" text_align=\"left\" background_image_as_pattern=\"without_pattern\" z_index=\"\" padding_bottom=\"50\" css=\".vc_custom_1697804221509{background-color: #ffffff !important;}\" padding_top=\"50\"][vc_column][vc_row_inner row_type=\"row\" type=\"full_width\" text_align=\"left\" css_animation=\"\" background_color=\"#f9f9f9\" css=\".vc_custom_1697805785032{padding-top: 32px !important;padding-right: 32px !important;padding-bottom: 32px !important;padding-left: 32px !important;}\"][vc_column_inner width=\"1\/3\"][vc_column_text]<\/p>\n<h3><span style=\"color: #000; font-size: 1.1em; font-weight: 900;\">Socios Silver: lo esencial para ganar notoriedad<\/span><\/h3>\n<p><span style=\"color: #000; font-size: 1.1em;\">Desarrolla tu actividad local a la vez que aumentas la visibilidad de tu marca en el sector de la seguridad inform\u00e1tica.<\/span>[\/vc_column_text][vc_empty_space]<a  itemprop=\"url\" href=\"https:\/\/www.stormshield.com\/wp-content\/uploads\/Stormshield-ES-Partner-Connect-Datasheet-Silver.pdf\" target=\"_blank\" data-hover-background-color=\"#d23467\" data-hover-border-color=\"#ffffff\" class=\"qbutton  white enlarge\" style=\"border-color: #ffffff; background-color:#060051;\">Silver<i class=\"qode_icon_font_awesome fa fa-angle-right qode_button_icon_element\"><\/i><\/a>[\/vc_column_inner][vc_column_inner width=\"1\/3\"][vc_column_text]<\/p>\n<h3><span style=\"color: #000; font-size: 1.1em; font-weight: 900;\">Socios Gold: un apoyo comercial de proximidad<\/span><\/h3>\n<p><span style=\"color: #000; font-size: 1.1em;\">Disfruta de un apoyo comercial de proximidad espec\u00edfico. En particular, puedes declarar y obtener la exclusividad de nuevas oportunidades comerciales con Stormshield.<\/span>[\/vc_column_text][vc_empty_space]<a  itemprop=\"url\" href=\"https:\/\/www.stormshield.com\/wp-content\/uploads\/Stormshield-ES-Partner-Connect-Datasheet-Gold.pdf\" target=\"_blank\" data-hover-background-color=\"#d23467\" data-hover-border-color=\"#ffffff\" class=\"qbutton  white enlarge\" style=\"border-color: #ffffff; background-color:#060051;\">Gold<i class=\"qode_icon_font_awesome fa fa-angle-right qode_button_icon_element\"><\/i><\/a>[\/vc_column_inner][vc_column_inner width=\"1\/3\"][vc_column_text]<\/p>\n<h3><span style=\"color: #000; font-size: 1.1em; font-weight: 900;\">Socios Platinum: ofrece un servicio a medida a tus clientes<\/span><\/h3>\n<p><span style=\"color: #000; font-size: 1.1em;\">Gana flexibilidad y autonom\u00eda para ofrecer un servicio personalizado a tus clientes.<\/span>[\/vc_column_text][vc_empty_space]<a  itemprop=\"url\" href=\"https:\/\/www.stormshield.com\/wp-content\/uploads\/Stormshield-ES-Partner-Connect-Datasheet-Platinum.pdf\" target=\"_blank\" data-hover-background-color=\"#d23467\" data-hover-border-color=\"#ffffff\" class=\"qbutton  white enlarge\" style=\"border-color: #ffffff; background-color:#060051;\">Platinum<i class=\"qode_icon_font_awesome fa fa-angle-right qode_button_icon_element\"><\/i><\/a>[\/vc_column_inner][\/vc_row_inner][\/vc_column][\/vc_row][vc_row css_animation=\"\" row_type=\"row\" use_row_as_full_screen_section=\"no\" type=\"grid\" angled_section=\"no\" text_align=\"left\" background_image_as_pattern=\"without_pattern\" z_index=\"\" padding_bottom=\"50\" padding_top=\"50\"][vc_column][vc_row_inner row_type=\"row\" type=\"full_width\" text_align=\"left\" css_animation=\"\"][vc_column_inner width=\"2\/3\"][vc_column_text]<\/p>\n<h2><span style=\"color: #000; font-size: 1.2em; font-weight: 900;\">Encontrar un socio Stormshield<\/span><\/h2>\n<p><span style=\"color: #000; font-size: 1.1em;\">\u00bfEres un socio distribuidor que busca un mayorista? Encuentra tu distribuidor de Stormshield en dos clics utilizando nuestra herramienta de b\u00fasqueda.<\/span>[\/vc_column_text][vc_empty_space]<a  itemprop=\"url\" href=\"https:\/\/www.stormshield.com\/es\/red-de-partner\/buscador-de-partner\/\" target=\"_blank\" data-hover-background-color=\"#d23467\" data-hover-border-color=\"#ffffff\" class=\"qbutton  white enlarge\" style=\"border-color: #ffffff; background-color:#060051;\">Partner Finder<i class=\"qode_icon_font_awesome fa fa-angle-right qode_button_icon_element\"><\/i><\/a>[\/vc_column_inner][vc_column_inner width=\"1\/3\"][vc_single_image image=\"462308\" img_size=\"large\" alignment=\"center\" onclick=\"custom_link\" img_link_target=\"_blank\" qode_css_animation=\"\" qode_hover_animation=\"darken\" link=\"https:\/\/www.stormshield.com\/partner\/partner-finder\/\"][\/vc_column_inner][\/vc_row_inner][\/vc_column][\/vc_row][vc_row css_animation=\"\" row_type=\"row\" use_row_as_full_screen_section=\"no\" type=\"grid\" angled_section=\"no\" text_align=\"left\" background_image_as_pattern=\"without_pattern\" z_index=\"\" padding_bottom=\"50\" css=\".vc_custom_1697804221509{background-color: #ffffff !important;}\" padding_top=\"50\"][vc_column][vc_row_inner row_type=\"row\" type=\"full_width\" text_align=\"left\" css_animation=\"\" background_color=\"#f9f9f9\" css=\".vc_custom_1697805747463{padding-top: 32px !important;padding-right: 32px !important;padding-bottom: 32px !important;padding-left: 32px !important;}\"][vc_column_inner width=\"2\/3\"][vc_column_text css=\"\"]<\/p>\n<h2><span style=\"color: #000; font-size: 1.2em; font-weight: 900;\">Apoyar a tus clientes<\/span><\/h2>\n<p><span style=\"color: #000; font-size: 1.1em;\">La ambici\u00f3n de Stormshield es hacer que los retos de la ciberseguridad est\u00e9n claros tanto para los profanos como para los expertos del sector. Nuestra misi\u00f3n es doble: ayudarte a perfeccionar tus conocimientos sobre este mundo en constante evoluci\u00f3n y apoyar a tus clientes frente a las amenazas ciber.<\/span>[\/vc_column_text][vc_empty_space]<a  itemprop=\"url\" href=\"https:\/\/www.stormshield.com\/es\/red-de-partner\/acompane-a-sus-clientes\/\" target=\"_self\" data-hover-background-color=\"#d23467\" data-hover-border-color=\"#ffffff\" class=\"qbutton  white enlarge\" style=\"border-color: #ffffff; background-color:#060051;\">Contenidos Stormshield<i class=\"qode_icon_font_awesome fa fa-angle-right qode_button_icon_element\"><\/i><\/a>[vc_empty_space][\/vc_column_inner][vc_column_inner width=\"1\/3\"][vc_video link=\"https:\/\/www.youtube.com\/watch?v=302D2d1Eg84\" align=\"center\"][\/vc_column_inner][\/vc_row_inner][\/vc_column][\/vc_row]<\/p>\n<\/div>","protected":false},"excerpt":{"rendered":"<p>[vc_row css_animation=\u00bb\u00bb row_type=\u00bbrow\u00bb use_row_as_full_screen_section=\u00bbno\u00bb type=\u00bbgrid\u00bb angled_section=\u00bbno\u00bb text_align=\u00bbleft\u00bb background_image_as_pattern=\u00bbwithout_pattern\u00bb z_index=\u00bb\u00bb padding_top=\u00bb50&#8243; padding_bottom=\u00bb50&#8243;][vc_column][vc_empty_space][vc_column_text] \u00danase a nuestra red de socios con el programa Stormshield Partner Connect [\/vc_column_text][vc_empty_space][\/vc_column][\/vc_row][vc_row css_animation=\u00bb\u00bb row_type=\u00bbrow\u00bb use_row_as_full_screen_section=\u00bbno\u00bb type=\u00bbgrid\u00bb angled_section=\u00bbno\u00bb text_align=\u00bbleft\u00bb background_image_as_pattern=\u00bbwithout_pattern\u00bb z_index=\u00bb\u00bb padding_bottom=\u00bb50&#8243;][vc_column width=\u00bb2\/3&#8243;][vc_column_text] Siete razones para asociarse con Stormshield Estas son las siete principales&#8230;<\/p>\n","protected":false},"author":1,"featured_media":0,"parent":0,"menu_order":456,"comment_status":"closed","ping_status":"closed","template":"full_width.php","meta":{"_acf_changed":false,"footnotes":""},"class_list":["post-205138","page","type-page","status-publish","hentry"],"acf":[],"yoast_head":"<!-- This site is optimized with the Yoast SEO plugin v27.3 - https:\/\/yoast.com\/product\/yoast-seo-wordpress\/ -->\n<title>Programa Partner Connect de Stormshield<\/title>\n<meta name=\"description\" content=\"\u00bfPor qu\u00e9 convertirse en socio de Stormshield? Obtenga m\u00e1s informaci\u00f3n sobre las ventajas de ser socio de Stormshield y c\u00f3mo unirse a nuestra red.\" \/>\n<meta name=\"robots\" content=\"index, follow, max-snippet:-1, max-image-preview:large, max-video-preview:-1\" \/>\n<link rel=\"canonical\" href=\"https:\/\/www.stormshield.com\/es\/red-de-partner\/\" \/>\n<meta property=\"og:locale\" content=\"es_ES\" \/>\n<meta property=\"og:type\" content=\"article\" \/>\n<meta property=\"og:title\" content=\"Programa Partner Connect de Stormshield\" \/>\n<meta property=\"og:description\" content=\"\u00bfPor qu\u00e9 convertirse en socio de Stormshield? Obtenga m\u00e1s informaci\u00f3n sobre las ventajas de ser socio de Stormshield y c\u00f3mo unirse a nuestra red.\" \/>\n<meta property=\"og:url\" content=\"https:\/\/www.stormshield.com\/es\/red-de-partner\/\" \/>\n<meta property=\"og:site_name\" content=\"Stormshield\" \/>\n<meta property=\"article:modified_time\" content=\"2025-01-13T14:03:45+00:00\" \/>\n<meta property=\"og:image\" content=\"https:\/\/www.stormshield.com\/wp-content\/uploads\/stormshield_logo.png\" \/>\n\t<meta property=\"og:image:width\" content=\"204\" \/>\n\t<meta property=\"og:image:height\" content=\"94\" \/>\n\t<meta property=\"og:image:type\" content=\"image\/png\" \/>\n<meta name=\"twitter:card\" content=\"summary_large_image\" \/>\n<meta name=\"twitter:site\" content=\"@Stormshield\" \/>\n<meta name=\"twitter:label1\" content=\"Tiempo de lectura\" \/>\n\t<meta name=\"twitter:data1\" content=\"3 minutos\" \/>\n<script type=\"application\/ld+json\" class=\"yoast-schema-graph\">{\"@context\":\"https:\\\/\\\/schema.org\",\"@graph\":[{\"@type\":\"WebPage\",\"@id\":\"https:\\\/\\\/www.stormshield.com\\\/es\\\/red-de-partner\\\/\",\"url\":\"https:\\\/\\\/www.stormshield.com\\\/es\\\/red-de-partner\\\/\",\"name\":\"Programa Partner Connect de Stormshield\",\"isPartOf\":{\"@id\":\"https:\\\/\\\/www.stormshield.com\\\/es\\\/#website\"},\"datePublished\":\"2016-06-03T10:19:22+00:00\",\"dateModified\":\"2025-01-13T14:03:45+00:00\",\"description\":\"\u00bfPor qu\u00e9 convertirse en socio de Stormshield? Obtenga m\u00e1s informaci\u00f3n sobre las ventajas de ser socio de Stormshield y c\u00f3mo unirse a nuestra red.\",\"breadcrumb\":{\"@id\":\"https:\\\/\\\/www.stormshield.com\\\/es\\\/red-de-partner\\\/#breadcrumb\"},\"inLanguage\":\"es\",\"potentialAction\":[{\"@type\":\"ReadAction\",\"target\":[\"https:\\\/\\\/www.stormshield.com\\\/es\\\/red-de-partner\\\/\"]}]},{\"@type\":\"BreadcrumbList\",\"@id\":\"https:\\\/\\\/www.stormshield.com\\\/es\\\/red-de-partner\\\/#breadcrumb\",\"itemListElement\":[{\"@type\":\"ListItem\",\"position\":1,\"name\":\"Home\",\"item\":\"https:\\\/\\\/www.stormshield.com\\\/es\\\/\"},{\"@type\":\"ListItem\",\"position\":2,\"name\":\"Red de Partner\"}]},{\"@type\":\"WebSite\",\"@id\":\"https:\\\/\\\/www.stormshield.com\\\/es\\\/#website\",\"url\":\"https:\\\/\\\/www.stormshield.com\\\/es\\\/\",\"name\":\"Stormshield\",\"description\":\"Stormshield\",\"potentialAction\":[{\"@type\":\"SearchAction\",\"target\":{\"@type\":\"EntryPoint\",\"urlTemplate\":\"https:\\\/\\\/www.stormshield.com\\\/es\\\/?s={search_term_string}\"},\"query-input\":{\"@type\":\"PropertyValueSpecification\",\"valueRequired\":true,\"valueName\":\"search_term_string\"}}],\"inLanguage\":\"es\"}]}<\/script>\n<!-- \/ Yoast SEO plugin. -->","yoast_head_json":{"title":"Programa Partner Connect de Stormshield","description":"\u00bfPor qu\u00e9 convertirse en socio de Stormshield? Obtenga m\u00e1s informaci\u00f3n sobre las ventajas de ser socio de Stormshield y c\u00f3mo unirse a nuestra red.","robots":{"index":"index","follow":"follow","max-snippet":"max-snippet:-1","max-image-preview":"max-image-preview:large","max-video-preview":"max-video-preview:-1"},"canonical":"https:\/\/www.stormshield.com\/es\/red-de-partner\/","og_locale":"es_ES","og_type":"article","og_title":"Programa Partner Connect de Stormshield","og_description":"\u00bfPor qu\u00e9 convertirse en socio de Stormshield? Obtenga m\u00e1s informaci\u00f3n sobre las ventajas de ser socio de Stormshield y c\u00f3mo unirse a nuestra red.","og_url":"https:\/\/www.stormshield.com\/es\/red-de-partner\/","og_site_name":"Stormshield","article_modified_time":"2025-01-13T14:03:45+00:00","og_image":[{"width":204,"height":94,"url":"https:\/\/www.stormshield.com\/wp-content\/uploads\/stormshield_logo.png","type":"image\/png"}],"twitter_card":"summary_large_image","twitter_site":"@Stormshield","twitter_misc":{"Tiempo de lectura":"3 minutos"},"schema":{"@context":"https:\/\/schema.org","@graph":[{"@type":"WebPage","@id":"https:\/\/www.stormshield.com\/es\/red-de-partner\/","url":"https:\/\/www.stormshield.com\/es\/red-de-partner\/","name":"Programa Partner Connect de Stormshield","isPartOf":{"@id":"https:\/\/www.stormshield.com\/es\/#website"},"datePublished":"2016-06-03T10:19:22+00:00","dateModified":"2025-01-13T14:03:45+00:00","description":"\u00bfPor qu\u00e9 convertirse en socio de Stormshield? Obtenga m\u00e1s informaci\u00f3n sobre las ventajas de ser socio de Stormshield y c\u00f3mo unirse a nuestra red.","breadcrumb":{"@id":"https:\/\/www.stormshield.com\/es\/red-de-partner\/#breadcrumb"},"inLanguage":"es","potentialAction":[{"@type":"ReadAction","target":["https:\/\/www.stormshield.com\/es\/red-de-partner\/"]}]},{"@type":"BreadcrumbList","@id":"https:\/\/www.stormshield.com\/es\/red-de-partner\/#breadcrumb","itemListElement":[{"@type":"ListItem","position":1,"name":"Home","item":"https:\/\/www.stormshield.com\/es\/"},{"@type":"ListItem","position":2,"name":"Red de Partner"}]},{"@type":"WebSite","@id":"https:\/\/www.stormshield.com\/es\/#website","url":"https:\/\/www.stormshield.com\/es\/","name":"Stormshield","description":"Stormshield","potentialAction":[{"@type":"SearchAction","target":{"@type":"EntryPoint","urlTemplate":"https:\/\/www.stormshield.com\/es\/?s={search_term_string}"},"query-input":{"@type":"PropertyValueSpecification","valueRequired":true,"valueName":"search_term_string"}}],"inLanguage":"es"}]}},"_links":{"self":[{"href":"https:\/\/www.stormshield.com\/es\/wp-json\/wp\/v2\/pages\/205138","targetHints":{"allow":["GET"]}}],"collection":[{"href":"https:\/\/www.stormshield.com\/es\/wp-json\/wp\/v2\/pages"}],"about":[{"href":"https:\/\/www.stormshield.com\/es\/wp-json\/wp\/v2\/types\/page"}],"author":[{"embeddable":true,"href":"https:\/\/www.stormshield.com\/es\/wp-json\/wp\/v2\/users\/1"}],"replies":[{"embeddable":true,"href":"https:\/\/www.stormshield.com\/es\/wp-json\/wp\/v2\/comments?post=205138"}],"version-history":[{"count":18,"href":"https:\/\/www.stormshield.com\/es\/wp-json\/wp\/v2\/pages\/205138\/revisions"}],"predecessor-version":[{"id":604878,"href":"https:\/\/www.stormshield.com\/es\/wp-json\/wp\/v2\/pages\/205138\/revisions\/604878"}],"wp:attachment":[{"href":"https:\/\/www.stormshield.com\/es\/wp-json\/wp\/v2\/media?parent=205138"}],"curies":[{"name":"wp","href":"https:\/\/api.w.org\/{rel}","templated":true}]}}