{"id":205112,"date":"2020-08-21T09:38:19","date_gmt":"2020-08-21T08:38:19","guid":{"rendered":"https:\/\/www.stormshield.com\/productos-y-servicios\/soporte-tecnico\/formacion\/ot-environment-training\/"},"modified":"2025-09-03T16:03:44","modified_gmt":"2025-09-03T15:03:44","slug":"formacion-en-entornos-industriales","status":"publish","type":"page","link":"https:\/\/www.stormshield.com\/es\/nuestro-apoyo\/servicios\/formacion\/formacion-en-entornos-industriales\/","title":{"rendered":"Formaci\u00f3n en entornos industriales"},"content":{"rendered":"<div class=\"wpb-content-wrapper\"><p>[vc_row css_animation=\"\" row_type=\"row\" use_row_as_full_screen_section=\"no\" type=\"grid\" angled_section=\"no\" text_align=\"left\" background_image_as_pattern=\"without_pattern\" z_index=\"\" padding_top=\"50\" padding_bottom=\"50\"][vc_column][vc_empty_space][vc_column_text]<\/p>\n<h1 style=\"text-align: center;\"><span style=\"color: #00aaf5;\"><span style=\"font-weight: 900; font-size: 1.5em;\">Formaci\u00f3n OT: <\/span><\/span><span style=\"color: #00aaf5;\"><span style=\"font-weight: 300; font-size: 1.5em;\">la seguridad de la red en un entorno operativo<\/span><\/span><\/h1>\n<p>[\/vc_column_text][vc_empty_space][\/vc_column][\/vc_row][vc_row css_animation=\"\" row_type=\"row\" use_row_as_full_screen_section=\"no\" type=\"grid\" angled_section=\"no\" text_align=\"left\" background_image_as_pattern=\"without_pattern\" z_index=\"\"][vc_column width=\"2\/3\"][vc_column_text]<span style=\"color: #000; font-size: 1.1em;\"><strong>Aprende a integrar y configurar nuestros productos en arquitecturas operativas e industriales.<\/strong> En Stormshield, nuestros cursos de formaci\u00f3n sobre protecci\u00f3n de redes se han adaptado a tus necesidades operativas y se han actualizado para responder a las especificidades del mundo industrial. Convi\u00e9rtete en un experto en la integraci\u00f3n y configuraci\u00f3n de los productos Stormshield Network en las arquitecturas operativas (FSNOT) y aprende a implementar reglas de seguridad espec\u00edficas para los protocolos industriales (CSNOT).<\/span>[\/vc_column_text][\/vc_column][vc_column width=\"1\/3\"][vc_single_image image=\"456837\" img_size=\"medium\" alignment=\"center\" qode_css_animation=\"\"][\/vc_column][\/vc_row][vc_row css_animation=\"\" row_type=\"row\" use_row_as_full_screen_section=\"no\" type=\"grid\" angled_section=\"no\" text_align=\"left\" background_image_as_pattern=\"without_pattern\" z_index=\"\" padding_bottom=\"50\" css=\".vc_custom_1699974777591{background-color: #ffffff !important;}\" padding_top=\"50\"][vc_column][vc_row_inner row_type=\"row\" type=\"full_width\" text_align=\"left\" css_animation=\"\" background_color=\"#f9f9f9\" css=\".vc_custom_1699973877944{padding-top: 32px !important;padding-right: 32px !important;padding-bottom: 32px !important;padding-left: 32px !important;}\"][vc_column_inner width=\"1\/2\"][vc_column_text css=\"\"]<\/p>\n<h2 style=\"text-align: left;\"><span style=\"color: #000; font-size: 1.2em; font-weight: 900;\">Formaci\u00f3n FCSNOT: convi\u00e9rtete en un as de la protecci\u00f3n de redes<\/span><\/h2>\n<p><span style=\"color: #000; font-size: 1.1em;\">Con nuestro curso Fundamentals &amp; Certified Stormshield Network Operationnal Technology (FCSNOT), descubre en dos d\u00edas la gama y las funcionalidades b\u00e1sicas del producto Stormshield Network Security para su despliegue en entornos operativos. Esta formaci\u00f3n no se ofrece sola y debe ir seguida de la formaci\u00f3n CSNOT.<\/span>[\/vc_column_text][vc_empty_space]<a  itemprop=\"url\" href=\"https:\/\/www.stormshield.com\/es\/ressourcescenter\/hoja-de-resumen-fcsnot-formacion\/\" target=\"_blank\" data-hover-background-color=\"#d23467\" data-hover-border-color=\"#ffffff\" class=\"qbutton  white enlarge\" style=\"border-color: #ffffff; background-color:#060051;\">FCSNOT<i class=\"qode_icon_font_awesome fa fa-angle-right qode_button_icon_element\"><\/i><\/a>[\/vc_column_inner][vc_column_inner width=\"1\/2\"][vc_column_text]<\/p>\n<h2 style=\"text-align: left;\"><span style=\"color: #000; font-size: 1.2em; font-weight: 900;\">Formaci\u00f3n CSNOT: convi\u00e9rtete en un exporto en redes OT<\/span><\/h2>\n<p><span style=\"color: #000; font-size: 1.1em;\">\u00bfQuieres aprender a proteger tus flujos industriales con nuestros productos? En ese caso nuestro curso de Certified Stormshield Network Operational Technology (CSNOT) es para ti. Este curso de un d\u00eda requiere haber obtenido la certificaci\u00f3n CSNA o haber seguido la formaci\u00f3n FSNOT previamente.<\/span>[\/vc_column_text][vc_empty_space]<a  itemprop=\"url\" href=\"https:\/\/www.stormshield.com\/es\/ressourcescenter\/hoja-de-resumen-csnot-formacion\/\" target=\"_blank\" data-hover-background-color=\"#d23467\" data-hover-border-color=\"#ffffff\" class=\"qbutton  white enlarge\" style=\"border-color: #ffffff; background-color:#060051;\">CSNOT<i class=\"qode_icon_font_awesome fa fa-angle-right qode_button_icon_element\"><\/i><\/a>[\/vc_column_inner][\/vc_row_inner][\/vc_column][\/vc_row][vc_row css_animation=\"\" row_type=\"row\" use_row_as_full_screen_section=\"no\" type=\"grid\" angled_section=\"no\" text_align=\"left\" background_image_as_pattern=\"without_pattern\" z_index=\"\" padding_top=\"50\" padding_bottom=\"50\"][vc_column width=\"2\/3\"][vc_empty_space][vc_column_text]<\/p>\n<h2 style=\"text-align: left;\"><span style=\"color: #000; font-size: 1.2em; font-weight: 900;\">Kits de recertificaci\u00f3n<\/span><\/h2>\n<p><span style=\"color: #000; font-size: 1.1em;\">Como sucede con todo buen software, tendr\u00e1s que actualizar tus conocimientos sobre redes\/seguridad antes del tercer aniversario de tu certificaci\u00f3n. Puedes hacerlo con nuestros kits de recertificaci\u00f3n en l\u00ednea, que te permiten renovar tu certificaci\u00f3n por otros tres a\u00f1os m\u00e1s.<\/span>[\/vc_column_text][vc_empty_space]<a  itemprop=\"url\" href=\"https:\/\/www.stormshield.com\/es\/contacto\/equipo-de-formacion\/\" target=\"_blank\" data-hover-background-color=\"#d23467\" data-hover-border-color=\"#ffffff\" class=\"qbutton  white enlarge\" style=\"border-color: #ffffff; background-color:#060051;\">Contacto<i class=\"qode_icon_font_awesome fa fa-angle-right qode_button_icon_element\"><\/i><\/a>[vc_empty_space][\/vc_column][vc_column width=\"1\/3\" css=\".vc_custom_1699970948115{padding-right: 12px !important;padding-left: 12px !important;background-color: #f9f9f9 !important;}\"][vc_column_text]<\/p>\n<h2 style=\"text-align: left;\"><span style=\"color: #000; font-size: 1.2em; font-weight: 900;\">Calendario<\/span><\/h2>\n<p><span style=\"color: #000; font-size: 1.1em;\">\u00bfQuieres conocer las fechas de los cursos de formaci\u00f3n dedicados a la protecci\u00f3n de datos? Descubre nuestro calendario de formaci\u00f3n OT.<\/span>[\/vc_column_text][vc_empty_space]<a  itemprop=\"url\" href=\"https:\/\/www.stormshield.com\/es\/nuestro-apoyo\/servicios\/formacion\/calendario-de-formacion\/\" target=\"_blank\" data-hover-background-color=\"#d23467\" data-hover-border-color=\"#ffffff\" class=\"qbutton  white enlarge\" style=\"border-color: #ffffff; background-color:#060051;\">Calendario<i class=\"qode_icon_font_awesome fa fa-angle-right qode_button_icon_element\"><\/i><\/a>[vc_empty_space][\/vc_column][\/vc_row]<\/p>\n<\/div>","protected":false},"excerpt":{"rendered":"<p>[vc_row css_animation=\u00bb\u00bb row_type=\u00bbrow\u00bb use_row_as_full_screen_section=\u00bbno\u00bb type=\u00bbgrid\u00bb angled_section=\u00bbno\u00bb text_align=\u00bbleft\u00bb background_image_as_pattern=\u00bbwithout_pattern\u00bb z_index=\u00bb\u00bb padding_top=\u00bb50&#8243; padding_bottom=\u00bb50&#8243;][vc_column][vc_empty_space][vc_column_text] Formaci\u00f3n OT: la seguridad de la red en un entorno operativo [\/vc_column_text][vc_empty_space][\/vc_column][\/vc_row][vc_row css_animation=\u00bb\u00bb row_type=\u00bbrow\u00bb use_row_as_full_screen_section=\u00bbno\u00bb type=\u00bbgrid\u00bb angled_section=\u00bbno\u00bb text_align=\u00bbleft\u00bb background_image_as_pattern=\u00bbwithout_pattern\u00bb z_index=\u00bb\u00bb][vc_column width=\u00bb2\/3&#8243;][vc_column_text]Aprende a integrar y configurar nuestros productos en arquitecturas operativas e industriales. En Stormshield,&#8230;<\/p>\n","protected":false},"author":31,"featured_media":0,"parent":205084,"menu_order":291,"comment_status":"closed","ping_status":"closed","template":"full_width.php","meta":{"_acf_changed":false,"footnotes":""},"class_list":["post-205112","page","type-page","status-publish","hentry"],"acf":[],"yoast_head":"<!-- This site is optimized with the Yoast SEO plugin v27.3 - https:\/\/yoast.com\/product\/yoast-seo-wordpress\/ -->\n<title>Ciberseguridad: Curso de formaci\u00f3n OT | Stormshield<\/title>\n<meta name=\"description\" content=\"Seguridad de red en un entorno operativo: Aprenda a integrar y configurar los productos Stormshield en arquitecturas operativas e industriales.\" \/>\n<meta name=\"robots\" content=\"index, follow, max-snippet:-1, max-image-preview:large, max-video-preview:-1\" \/>\n<link rel=\"canonical\" href=\"https:\/\/www.stormshield.com\/es\/nuestro-apoyo\/servicios\/formacion\/formacion-en-entornos-industriales\/\" \/>\n<meta property=\"og:locale\" content=\"es_ES\" \/>\n<meta property=\"og:type\" content=\"article\" \/>\n<meta property=\"og:title\" content=\"Ciberseguridad: Curso de formaci\u00f3n OT | Stormshield\" \/>\n<meta property=\"og:description\" content=\"Seguridad de red en un entorno operativo: Aprenda a integrar y configurar los productos Stormshield en arquitecturas operativas e industriales.\" \/>\n<meta property=\"og:url\" content=\"https:\/\/www.stormshield.com\/es\/nuestro-apoyo\/servicios\/formacion\/formacion-en-entornos-industriales\/\" \/>\n<meta property=\"og:site_name\" content=\"Stormshield\" \/>\n<meta property=\"article:modified_time\" content=\"2025-09-03T15:03:44+00:00\" \/>\n<meta property=\"og:image\" content=\"https:\/\/www.stormshield.com\/wp-content\/uploads\/stormshield_logo.png\" \/>\n\t<meta property=\"og:image:width\" content=\"204\" \/>\n\t<meta property=\"og:image:height\" content=\"94\" \/>\n\t<meta property=\"og:image:type\" content=\"image\/png\" \/>\n<meta name=\"twitter:card\" content=\"summary_large_image\" \/>\n<meta name=\"twitter:site\" content=\"@Stormshield\" \/>\n<meta name=\"twitter:label1\" content=\"Tiempo de lectura\" \/>\n\t<meta name=\"twitter:data1\" content=\"2 minutos\" \/>\n<script type=\"application\/ld+json\" class=\"yoast-schema-graph\">{\"@context\":\"https:\\\/\\\/schema.org\",\"@graph\":[{\"@type\":\"WebPage\",\"@id\":\"https:\\\/\\\/www.stormshield.com\\\/es\\\/nuestro-apoyo\\\/servicios\\\/formacion\\\/formacion-en-entornos-industriales\\\/\",\"url\":\"https:\\\/\\\/www.stormshield.com\\\/es\\\/nuestro-apoyo\\\/servicios\\\/formacion\\\/formacion-en-entornos-industriales\\\/\",\"name\":\"Ciberseguridad: Curso de formaci\u00f3n OT | Stormshield\",\"isPartOf\":{\"@id\":\"https:\\\/\\\/www.stormshield.com\\\/es\\\/#website\"},\"datePublished\":\"2020-08-21T08:38:19+00:00\",\"dateModified\":\"2025-09-03T15:03:44+00:00\",\"description\":\"Seguridad de red en un entorno operativo: Aprenda a integrar y configurar los productos Stormshield en arquitecturas operativas e industriales.\",\"breadcrumb\":{\"@id\":\"https:\\\/\\\/www.stormshield.com\\\/es\\\/nuestro-apoyo\\\/servicios\\\/formacion\\\/formacion-en-entornos-industriales\\\/#breadcrumb\"},\"inLanguage\":\"es\",\"potentialAction\":[{\"@type\":\"ReadAction\",\"target\":[\"https:\\\/\\\/www.stormshield.com\\\/es\\\/nuestro-apoyo\\\/servicios\\\/formacion\\\/formacion-en-entornos-industriales\\\/\"]}]},{\"@type\":\"BreadcrumbList\",\"@id\":\"https:\\\/\\\/www.stormshield.com\\\/es\\\/nuestro-apoyo\\\/servicios\\\/formacion\\\/formacion-en-entornos-industriales\\\/#breadcrumb\",\"itemListElement\":[{\"@type\":\"ListItem\",\"position\":1,\"name\":\"Home\",\"item\":\"https:\\\/\\\/www.stormshield.com\\\/es\\\/\"},{\"@type\":\"ListItem\",\"position\":2,\"name\":\"Nuestro apoyo\",\"item\":\"https:\\\/\\\/www.stormshield.com\\\/es\\\/nuestro-apoyo\\\/\"},{\"@type\":\"ListItem\",\"position\":3,\"name\":\"Servicios\",\"item\":\"https:\\\/\\\/www.stormshield.com\\\/es\\\/nuestro-apoyo\\\/servicios\\\/\"},{\"@type\":\"ListItem\",\"position\":4,\"name\":\"Formaci\u00f3n\",\"item\":\"https:\\\/\\\/www.stormshield.com\\\/es\\\/nuestro-apoyo\\\/servicios\\\/formacion\\\/\"},{\"@type\":\"ListItem\",\"position\":5,\"name\":\"Formaci\u00f3n en entornos industriales\"}]},{\"@type\":\"WebSite\",\"@id\":\"https:\\\/\\\/www.stormshield.com\\\/es\\\/#website\",\"url\":\"https:\\\/\\\/www.stormshield.com\\\/es\\\/\",\"name\":\"Stormshield\",\"description\":\"Stormshield\",\"potentialAction\":[{\"@type\":\"SearchAction\",\"target\":{\"@type\":\"EntryPoint\",\"urlTemplate\":\"https:\\\/\\\/www.stormshield.com\\\/es\\\/?s={search_term_string}\"},\"query-input\":{\"@type\":\"PropertyValueSpecification\",\"valueRequired\":true,\"valueName\":\"search_term_string\"}}],\"inLanguage\":\"es\"}]}<\/script>\n<!-- \/ Yoast SEO plugin. -->","yoast_head_json":{"title":"Ciberseguridad: Curso de formaci\u00f3n OT | Stormshield","description":"Seguridad de red en un entorno operativo: Aprenda a integrar y configurar los productos Stormshield en arquitecturas operativas e industriales.","robots":{"index":"index","follow":"follow","max-snippet":"max-snippet:-1","max-image-preview":"max-image-preview:large","max-video-preview":"max-video-preview:-1"},"canonical":"https:\/\/www.stormshield.com\/es\/nuestro-apoyo\/servicios\/formacion\/formacion-en-entornos-industriales\/","og_locale":"es_ES","og_type":"article","og_title":"Ciberseguridad: Curso de formaci\u00f3n OT | Stormshield","og_description":"Seguridad de red en un entorno operativo: Aprenda a integrar y configurar los productos Stormshield en arquitecturas operativas e industriales.","og_url":"https:\/\/www.stormshield.com\/es\/nuestro-apoyo\/servicios\/formacion\/formacion-en-entornos-industriales\/","og_site_name":"Stormshield","article_modified_time":"2025-09-03T15:03:44+00:00","og_image":[{"width":204,"height":94,"url":"https:\/\/www.stormshield.com\/wp-content\/uploads\/stormshield_logo.png","type":"image\/png"}],"twitter_card":"summary_large_image","twitter_site":"@Stormshield","twitter_misc":{"Tiempo de lectura":"2 minutos"},"schema":{"@context":"https:\/\/schema.org","@graph":[{"@type":"WebPage","@id":"https:\/\/www.stormshield.com\/es\/nuestro-apoyo\/servicios\/formacion\/formacion-en-entornos-industriales\/","url":"https:\/\/www.stormshield.com\/es\/nuestro-apoyo\/servicios\/formacion\/formacion-en-entornos-industriales\/","name":"Ciberseguridad: Curso de formaci\u00f3n OT | Stormshield","isPartOf":{"@id":"https:\/\/www.stormshield.com\/es\/#website"},"datePublished":"2020-08-21T08:38:19+00:00","dateModified":"2025-09-03T15:03:44+00:00","description":"Seguridad de red en un entorno operativo: Aprenda a integrar y configurar los productos Stormshield en arquitecturas operativas e industriales.","breadcrumb":{"@id":"https:\/\/www.stormshield.com\/es\/nuestro-apoyo\/servicios\/formacion\/formacion-en-entornos-industriales\/#breadcrumb"},"inLanguage":"es","potentialAction":[{"@type":"ReadAction","target":["https:\/\/www.stormshield.com\/es\/nuestro-apoyo\/servicios\/formacion\/formacion-en-entornos-industriales\/"]}]},{"@type":"BreadcrumbList","@id":"https:\/\/www.stormshield.com\/es\/nuestro-apoyo\/servicios\/formacion\/formacion-en-entornos-industriales\/#breadcrumb","itemListElement":[{"@type":"ListItem","position":1,"name":"Home","item":"https:\/\/www.stormshield.com\/es\/"},{"@type":"ListItem","position":2,"name":"Nuestro apoyo","item":"https:\/\/www.stormshield.com\/es\/nuestro-apoyo\/"},{"@type":"ListItem","position":3,"name":"Servicios","item":"https:\/\/www.stormshield.com\/es\/nuestro-apoyo\/servicios\/"},{"@type":"ListItem","position":4,"name":"Formaci\u00f3n","item":"https:\/\/www.stormshield.com\/es\/nuestro-apoyo\/servicios\/formacion\/"},{"@type":"ListItem","position":5,"name":"Formaci\u00f3n en entornos industriales"}]},{"@type":"WebSite","@id":"https:\/\/www.stormshield.com\/es\/#website","url":"https:\/\/www.stormshield.com\/es\/","name":"Stormshield","description":"Stormshield","potentialAction":[{"@type":"SearchAction","target":{"@type":"EntryPoint","urlTemplate":"https:\/\/www.stormshield.com\/es\/?s={search_term_string}"},"query-input":{"@type":"PropertyValueSpecification","valueRequired":true,"valueName":"search_term_string"}}],"inLanguage":"es"}]}},"_links":{"self":[{"href":"https:\/\/www.stormshield.com\/es\/wp-json\/wp\/v2\/pages\/205112","targetHints":{"allow":["GET"]}}],"collection":[{"href":"https:\/\/www.stormshield.com\/es\/wp-json\/wp\/v2\/pages"}],"about":[{"href":"https:\/\/www.stormshield.com\/es\/wp-json\/wp\/v2\/types\/page"}],"author":[{"embeddable":true,"href":"https:\/\/www.stormshield.com\/es\/wp-json\/wp\/v2\/users\/31"}],"replies":[{"embeddable":true,"href":"https:\/\/www.stormshield.com\/es\/wp-json\/wp\/v2\/comments?post=205112"}],"version-history":[{"count":18,"href":"https:\/\/www.stormshield.com\/es\/wp-json\/wp\/v2\/pages\/205112\/revisions"}],"predecessor-version":[{"id":668448,"href":"https:\/\/www.stormshield.com\/es\/wp-json\/wp\/v2\/pages\/205112\/revisions\/668448"}],"up":[{"embeddable":true,"href":"https:\/\/www.stormshield.com\/es\/wp-json\/wp\/v2\/pages\/205084"}],"wp:attachment":[{"href":"https:\/\/www.stormshield.com\/es\/wp-json\/wp\/v2\/media?parent=205112"}],"curies":[{"name":"wp","href":"https:\/\/api.w.org\/{rel}","templated":true}]}}