{"id":205109,"date":"2016-12-05T18:17:13","date_gmt":"2016-12-05T17:17:13","guid":{"rendered":"https:\/\/www.stormshield.com\/productos-y-servicios\/soporte-tecnico\/formacion\/training-calendar\/"},"modified":"2024-01-23T11:20:30","modified_gmt":"2024-01-23T10:20:30","slug":"calendario-de-formacion","status":"publish","type":"page","link":"https:\/\/www.stormshield.com\/es\/nuestro-apoyo\/servicios\/formacion\/calendario-de-formacion\/","title":{"rendered":"Calendario de formaci\u00f3n"},"content":{"rendered":"<div class=\"wpb-content-wrapper\"><p>[vc_row css_animation=\"\" row_type=\"row\" use_row_as_full_screen_section=\"no\" type=\"grid\" angled_section=\"no\" text_align=\"left\" background_image_as_pattern=\"without_pattern\" z_index=\"\" padding_top=\"50\" padding_bottom=\"50\"][vc_column][vc_empty_space][vc_column_text]<\/p>\n<h1 style=\"text-align: center;\"><span style=\"color: #00aaf5;\"><span style=\"font-weight: 300; font-size: 1.5em;\">Explore<\/span><\/span><span style=\"color: #00aaf5;\"><span style=\"font-weight: 900; font-size: 1.5em;\">\u00a0el calendario de formaci\u00f3n de Stormshield<\/span><\/span><\/h1>\n<p>[\/vc_column_text][vc_empty_space][\/vc_column][\/vc_row][vc_row css_animation=\"\" row_type=\"row\" use_row_as_full_screen_section=\"no\" type=\"grid\" angled_section=\"no\" text_align=\"left\" background_image_as_pattern=\"without_pattern\" z_index=\"\"][vc_column width=\"2\/3\"][vc_empty_space][vc_column_text]<span style=\"color: #000; font-size: 1.1em;\">\u00bfSe ha decidido por uno de nuestros cursos de certificaci\u00f3n? Para inscribirse, consulte sin demora nuestro calendario de formaci\u00f3n Stormshield. El mundo de la ciberseguridad est\u00e1 a un clic de distancia. <strong>Stormshield ofrece actualmente una docena de cursos de formaci\u00f3n sobre temas clave de ciberseguridad:<\/strong><\/span><\/p>\n<ul>\n<li><span style=\"color: #000; font-size: 1.1em;\">protecci\u00f3n de redes inform\u00e1ticas (CSNA, CSNE, CSNTS, CSNR, CSMCE, CSLS);<br \/>\n<\/span><\/li>\n<li><span style=\"color: #000; font-size: 1.1em;\">protecci\u00f3n de datos (CSDA);<br \/>\n<\/span><\/li>\n<li><span style=\"color: #000; font-size: 1.1em;\">protecci\u00f3n para estaciones de trabajo y servidores (CSEA, CSEE);<br \/>\n<\/span><\/li>\n<li><span style=\"color: #000; font-size: 1.1em;\">protecci\u00f3n de redes operativas y entornos industriales (FSNOT, CSNOT).<\/span><\/li>\n<\/ul>\n<p>[\/vc_column_text][\/vc_column][vc_column width=\"1\/3\" css=\".vc_custom_1699970948115{padding-right: 12px !important;padding-left: 12px !important;background-color: #f9f9f9 !important;}\"][vc_column_text]<span style=\"color: #000; font-size: 1.1em;\">Para encontrar una sesi\u00f3n de formaci\u00f3n que le convenga, puede buscar por criterios (centro, ciudad, aula\/distancia y tipo de formaci\u00f3n), o consultar nuestro calendario a continuaci\u00f3n para ver las fechas de formaci\u00f3n previstas para los pr\u00f3ximos meses.<\/span><\/p>\n<p><span style=\"color: #000; font-size: 1.1em;\"><strong>\u00bfBusca formaci\u00f3n en un idioma distinto del ingl\u00e9s?<\/strong> Entonces cambie el idioma de esta p\u00e1gina desde el men\u00fa.<\/span>[\/vc_column_text][vc_empty_space][\/vc_column][\/vc_row][vc_row css_animation=\"\" row_type=\"row\" use_row_as_full_screen_section=\"no\" type=\"grid\" angled_section=\"no\" text_align=\"center\" background_image_as_pattern=\"without_pattern\" z_index=\"\" padding_bottom=\"50\" padding_top=\"50\"][vc_column][vc_column_text]<\/p>\n<h2 style=\"text-align: center;\"><span style=\"color: #000; font-size: 1.2em; font-weight: 900;\">Calendario | Inscr\u00edbase en nuestros pr\u00f3ximos cursos de formaci\u00f3n<\/span><\/h2>\n<p>[\/vc_column_text][vc_empty_space]<div class=\"wpb_text_column wpb_content_element\"><div class=\"wpb_wrapper\"><\/div><\/div><div class=\"wpb_text_column wpb_content_element\"><div class=\"wpb_wrapper\"><form action=\"\" method=\"get\" class=\"cssn_form formation-calendar-form\"><div class=\"wpb_column vc_column_container vc_col-sm-3 filtersSelect\"><div class=\"vc_column-inner\"><div class=\"wpb_wrapper\"><div class=\"box miniselect\"><!-- <label for=\"filter-formation\">Formaci\u00f3n<\/label> --><select class=\"sf-input-select\" id=\"filter-formation\" name=\"formation\"><option value=\"\">Formaci\u00f3n<\/option><option value=\"CSNA\" >SNS - CSNA<\/option><option value=\"CSNE\" >SNS - CSNE<\/option><option value=\"CSNTS\" >SNS - CSNTS<\/option><option value=\"CSNR\" >SNS - CSNR<\/option><option value=\"CSMCE\" >SNS - CSMCE<\/option><option value=\"CSLS\" >SNS - CSLS<\/option><option value=\"FSNOT+CSNOT\" >SNS - FSNOT+CSNOT<\/option><option value=\"CSNOT\" >SNS - CSNOT<\/option><option value=\"CSEA\" >SES - CSEA<\/option><option value=\"CSEE\" >SES - CSEE<\/option><option value=\"CSDA\" >SDS - CSDA<\/option><\/select><\/div><\/div><\/div><\/div><div class=\"wpb_column vc_column_container vc_col-sm-3 filtersSelect\"><div class=\"vc_column-inner\"><div class=\"wpb_wrapper\"><div class=\"box miniselect\"><!-- <label for=\"filter-langue\">Language<\/label> --><select class=\"sf-input-select\" id=\"filter-langue\" name=\"langue\"><option value=\"\">Language<\/option><option value=\"fr\" >FR<\/option><option value=\"de\" >DE<\/option><option value=\"en\" >EN<\/option><option value=\"es\"  selected >ES<\/option><option value=\"it\" >IT<\/option><option value=\"pl\" >PL<\/option><\/select><\/div><\/div><\/div><\/div><div class=\"wpb_column vc_column_container vc_col-sm-3 filtersSelect\"><div class=\"vc_column-inner\"><div class=\"wpb_wrapper\"><div class=\"box miniselect\"><!-- <label for=\"filter-location\">Localizaci\u00f3n<\/label> --><select class=\"sf-input-select\" id=\"filter-location\" name=\"location\"><option value=\"\">Localizaci\u00f3n<\/option><option value=\"France - Paris\" >France - Paris<\/option><option value=\"Italy - Roma\" >Italy - Roma<\/option><option value=\"Lille\" >Lille<\/option><option value=\"Lyon\" >Lyon<\/option><option value=\"Metz\" >Metz<\/option><option value=\"On line\" >On line<\/option><option value=\"ONLINE\" >ONLINE<\/option><option value=\"Paris\" >Paris<\/option><option value=\"Toulouse\" >Toulouse<\/option><\/select><\/div><\/div><\/div><\/div><div class=\"wpb_column vc_column_container vc_col-sm-3 filtersSelect\"><div class=\"vc_column-inner\"><div class=\"wpb_wrapper\"><div class=\"box miniselect\"><!-- <label for=\"filter-center\">Center<\/label> --><select class=\"sf-input-select\" id=\"filter-center\" name=\"center\"><option value=\"\">Center<\/option><option value=\"CRIS RESEAUX\" >CRIS RESEAUX<\/option><option value=\"ECONNET\" >ECONNET<\/option><option value=\"KAPPA DATA\" >KAPPA DATA<\/option><option value=\"STORMSHIELD\" >STORMSHIELD<\/option><option value=\"STORMSHIELD ACADEMY\" >STORMSHIELD ACADEMY<\/option><option value=\"TD SYNNEX FRANCE\" >TD SYNNEX FRANCE<\/option><\/select><\/div><\/div><\/div><\/div><div class=\"wpb_column vc_column_container vc_col-sm-12\"><div class=\"vc_column-inner\"><div class=\"wpb_wrapper\"><div class=\"box submit\"><input type=\"submit\" class=\"button-primary qbutton default\" value=\"Search\"\/><\/div><\/div><\/div><\/div><\/div><\/form><\/div><\/div><\/div><\/div><\/div><\/div><\/div><div class=\"open-list\"><\/div><div class='vc_machin vc_order order-es' style='display: flex;flex-direction: column;'><div class=\"vc_row wpb_row section vc_row-fluid grid_section titleMonth\"><div class=\"section_inner clearfix\"><div class=\"section_inner_margin clearfix\"><div class=\"wpb_column vc_column_container vc_col-sm-12\"><div class=\"vc_column-inner\"><div class=\"wpb_wrapper\"><div class=\"wpb_text_column wpb_content_element\"><div class=\"wpb_wrapper\"><div class=\"item-month\"><h2>mayo<\/h2><\/div><\/div><\/div><\/div><\/div><\/div><\/div><\/div><\/div><div class=\"vc_row wpb_row section vc_row-fluid grid_section rowTrainingMonth degrade_bleu\"><div class=\"section_inner\"><div class=\"section_inner_margin clearfix\"><div class=\"wpb_column vc_column_container vc_col-sm-2\"><div class=\"vc_column-inner\"><div class=\"wpb_wrapper\"><div class=\"wpb_text_column wpb_content_element\"><div class=\"wpb_wrapper\"><p>Formaci\u00f3n<\/p><\/div><\/div><\/div><\/div><\/div><div class=\"wpb_column vc_column_container vc_col-sm-1\"><div class=\"vc_column-inner\"><div class=\"wpb_wrapper\"><div class=\"wpb_text_column wpb_content_element\"><div class=\"wpb_wrapper\"><p>Duraci\u00f3n<\/p><\/div><\/div><\/div><\/div><\/div><div class=\"wpb_column vc_column_container vc_col-sm-2\"><div class=\"vc_column-inner\"><div class=\"wpb_wrapper\"><div class=\"wpb_text_column wpb_content_element\"><div class=\"wpb_wrapper\"><p>Date<\/p><\/div><\/div><\/div><\/div><\/div><div class=\"wpb_column vc_column_container vc_col-sm-1\"><div class=\"vc_column-inner\"><div class=\"wpb_wrapper\"><div class=\"wpb_text_column wpb_content_element\"><div class=\"wpb_wrapper\"><p>Language<\/p><\/div><\/div><\/div><\/div><\/div><div class=\"wpb_column vc_column_container vc_col-sm-2\"><div class=\"vc_column-inner\"><div class=\"wpb_wrapper\"><div class=\"wpb_text_column wpb_content_element\"><div class=\"wpb_wrapper\"><p>Modalidades<\/p><\/div><\/div><\/div><\/div><\/div><div class=\"wpb_column vc_column_container vc_col-sm-2\"><div class=\"vc_column-inner\"><div class=\"wpb_wrapper\"><div class=\"wpb_text_column wpb_content_element\"><div class=\"wpb_wrapper\"><p>Center<\/p><\/div><\/div><\/div><\/div><\/div><\/div><\/div><\/div><div class=\"vc_row wpb_row section vc_row-fluid grid_section rowTrainingMonth greyDark langue-es \"><div class=\"section_inner\"><div class=\"section_inner_margin clearfix\"><div class=\"wpb_column vc_column_container vc_col-sm-2\"><div class=\"vc_column-inner\"><div class=\"wpb_wrapper\"><div class=\"wpb_text_column wpb_content_element\"><div class=\"wpb_wrapper\"><p>CSNA<\/th><\/div><\/div><\/div><\/div><\/div><div class=\"wpb_column vc_column_container vc_col-sm-1\"><div class=\"vc_column-inner\"><div class=\"wpb_wrapper\"><div class=\"wpb_text_column wpb_content_element\"><div class=\"wpb_wrapper\"><p>21h<\/p><\/div><\/div><\/div><\/div><\/div><div class=\"wpb_column vc_column_container vc_col-sm-2\"><div class=\"vc_column-inner\"><div class=\"wpb_wrapper\"><div class=\"wpb_text_column wpb_content_element\"><div class=\"wpb_wrapper\"><p>04-05-2026<br\/>08-05-2026<\/p><\/div><\/div><\/div><\/div><\/div><div class=\"wpb_column vc_column_container vc_col-sm-1\"><div class=\"vc_column-inner\"><div class=\"wpb_wrapper\"><div class=\"wpb_text_column wpb_content_element\"><div class=\"wpb_wrapper\"><p>ES<\/th><\/div><\/div><\/div><\/div><\/div><div class=\"wpb_column vc_column_container vc_col-sm-2\"><div class=\"vc_column-inner\"><div class=\"wpb_wrapper\"><div class=\"wpb_text_column wpb_content_element\"><div class=\"wpb_wrapper\"><p>On line<\/th><\/div><\/div><\/div><\/div><\/div><div class=\"wpb_column vc_column_container vc_col-sm-2\"><div class=\"vc_column-inner\"><div class=\"wpb_wrapper\"><div class=\"wpb_text_column wpb_content_element\"><div class=\"wpb_wrapper\"><p>STORMSHIELD<\/th><\/div><\/div><\/div><\/div><\/div><div class=\"wpb_column vc_column_container vc_col-sm-2\"><div class=\"vc_column-inner\"><div class=\"wpb_wrapper\"><div class=\"wpb_text_column wpb_content_element\"><div class=\"wpb_wrapper\"><a href=\"https:\/\/www.stormshield.com\/es\/nuestro-apoyo\/servicios\/formacion\/register\/?id_training=2899\" class=\"register open-popup btn-action qbutton default\">Preinscripci\u00f3n<\/a><\/div><\/div><\/div><\/div><\/div><\/div><\/div><\/div><div class=\"vc_row wpb_row section vc_row-fluid grid_section rowTrainingMonth grey langue-es \"><div class=\"section_inner\"><div class=\"section_inner_margin clearfix\"><div class=\"wpb_column vc_column_container vc_col-sm-2\"><div class=\"vc_column-inner\"><div class=\"wpb_wrapper\"><div class=\"wpb_text_column wpb_content_element\"><div class=\"wpb_wrapper\"><p>FSNOT+CSNOT<\/th><\/div><\/div><\/div><\/div><\/div><div class=\"wpb_column vc_column_container vc_col-sm-1\"><div class=\"vc_column-inner\"><div class=\"wpb_wrapper\"><div class=\"wpb_text_column wpb_content_element\"><div class=\"wpb_wrapper\"><p>21h<\/p><\/div><\/div><\/div><\/div><\/div><div class=\"wpb_column vc_column_container vc_col-sm-2\"><div class=\"vc_column-inner\"><div class=\"wpb_wrapper\"><div class=\"wpb_text_column wpb_content_element\"><div class=\"wpb_wrapper\"><p>11-05-2026<br\/>15-05-2026<\/p><\/div><\/div><\/div><\/div><\/div><div class=\"wpb_column vc_column_container vc_col-sm-1\"><div class=\"vc_column-inner\"><div class=\"wpb_wrapper\"><div class=\"wpb_text_column wpb_content_element\"><div class=\"wpb_wrapper\"><p>ES<\/th><\/div><\/div><\/div><\/div><\/div><div class=\"wpb_column vc_column_container vc_col-sm-2\"><div class=\"vc_column-inner\"><div class=\"wpb_wrapper\"><div class=\"wpb_text_column wpb_content_element\"><div class=\"wpb_wrapper\"><p>On line<\/th><\/div><\/div><\/div><\/div><\/div><div class=\"wpb_column vc_column_container vc_col-sm-2\"><div class=\"vc_column-inner\"><div class=\"wpb_wrapper\"><div class=\"wpb_text_column wpb_content_element\"><div class=\"wpb_wrapper\"><p>STORMSHIELD<\/th><\/div><\/div><\/div><\/div><\/div><div class=\"wpb_column vc_column_container vc_col-sm-2\"><div class=\"vc_column-inner\"><div class=\"wpb_wrapper\"><div class=\"wpb_text_column wpb_content_element\"><div class=\"wpb_wrapper\"><a href=\"https:\/\/www.stormshield.com\/es\/nuestro-apoyo\/servicios\/formacion\/register\/?id_training=2900\" class=\"register open-popup btn-action qbutton default\">Preinscripci\u00f3n<\/a><\/div><\/div><\/div><\/div><\/div><\/div><\/div><\/div><\/div><\/div><\/div><\/div><\/div>[vc_empty_space][\/vc_column][\/vc_row][vc_row css_animation=\"\" row_type=\"row\" use_row_as_full_screen_section=\"no\" type=\"grid\" angled_section=\"no\" text_align=\"left\" background_image_as_pattern=\"without_pattern\" z_index=\"\" padding_bottom=\"50\" css=\".vc_custom_1697804221509{background-color: #ffffff !important;}\" padding_top=\"50\"][vc_column][vc_row_inner row_type=\"row\" type=\"full_width\" text_align=\"left\" css_animation=\"\" background_color=\"#f9f9f9\" css=\".vc_custom_1697805785032{padding-top: 32px !important;padding-right: 32px !important;padding-bottom: 32px !important;padding-left: 32px !important;}\"][vc_column_inner][vc_column_text]<\/p>\n<h2 style=\"text-align: left;\"><span style=\"color: #000; font-size: 1.2em; font-weight: 900;\">Contactar con el Departamento de Formaci\u00f3n<\/span><\/h2>\n<p><span style=\"color: #000; font-size: 1.1em;\">\u00bfTiene alguna pregunta para los equipos de formaci\u00f3n? P\u00f3ngase en contacto con nosotros por correo electr\u00f3nico o por tel\u00e9fono en el +33\u00a0(0)9\u00a069\u00a032\u00a096\u00a029 y diga 'Formaci\u00f3n'.<\/span>[\/vc_column_text][vc_empty_space]<a  itemprop=\"url\" href=\"https:\/\/www.stormshield.com\/fr\/contact\/formation\/\" target=\"_blank\" data-hover-background-color=\"#d23467\" data-hover-border-color=\"#ffffff\" class=\"qbutton  white enlarge\" style=\"border-color: #ffffff; background-color:#060051;\">Contact<i class=\"qode_icon_font_awesome fa fa-angle-right qode_button_icon_element\"><\/i><\/a>[\/vc_column_inner][\/vc_row_inner][\/vc_column][\/vc_row]<\/p>\n<\/div>","protected":false},"excerpt":{"rendered":"<p>[vc_row css_animation=\u00bb\u00bb row_type=\u00bbrow\u00bb use_row_as_full_screen_section=\u00bbno\u00bb type=\u00bbgrid\u00bb angled_section=\u00bbno\u00bb text_align=\u00bbleft\u00bb background_image_as_pattern=\u00bbwithout_pattern\u00bb z_index=\u00bb\u00bb padding_top=\u00bb50&#8243; padding_bottom=\u00bb50&#8243;][vc_column][vc_empty_space][vc_column_text] Explore\u00a0el calendario de formaci\u00f3n de Stormshield [\/vc_column_text][vc_empty_space][\/vc_column][\/vc_row][vc_row css_animation=\u00bb\u00bb row_type=\u00bbrow\u00bb use_row_as_full_screen_section=\u00bbno\u00bb type=\u00bbgrid\u00bb angled_section=\u00bbno\u00bb text_align=\u00bbleft\u00bb background_image_as_pattern=\u00bbwithout_pattern\u00bb z_index=\u00bb\u00bb][vc_column width=\u00bb2\/3&#8243;][vc_empty_space][vc_column_text]\u00bfSe ha decidido por uno de nuestros cursos de certificaci\u00f3n? Para inscribirse, consulte sin demora nuestro calendario de formaci\u00f3n&#8230;<\/p>\n","protected":false},"author":1,"featured_media":0,"parent":205084,"menu_order":252,"comment_status":"closed","ping_status":"closed","template":"full_width.php","meta":{"_acf_changed":false,"footnotes":""},"class_list":["post-205109","page","type-page","status-publish","hentry"],"acf":[],"yoast_head":"<!-- This site is optimized with the Yoast SEO plugin v27.0 - https:\/\/yoast.com\/product\/yoast-seo-wordpress\/ -->\n<title>Ciberseguridad: nuestro calendario de formaci\u00f3n | Stormshield<\/title>\n<meta name=\"description\" content=\"Protecci\u00f3n de datos, redes y escritorios: inf\u00f3rmese sobre los pr\u00f3ximos cursos de formaci\u00f3n de Stormshield y sus ubicaciones.\" \/>\n<meta name=\"robots\" content=\"index, follow, max-snippet:-1, max-image-preview:large, max-video-preview:-1\" \/>\n<link rel=\"canonical\" href=\"https:\/\/www.stormshield.com\/es\/nuestro-apoyo\/servicios\/formacion\/calendario-de-formacion\/\" \/>\n<meta property=\"og:locale\" content=\"es_ES\" \/>\n<meta property=\"og:type\" content=\"article\" \/>\n<meta property=\"og:title\" content=\"Ciberseguridad: nuestro calendario de formaci\u00f3n | Stormshield\" \/>\n<meta property=\"og:description\" content=\"Protecci\u00f3n de datos, redes y escritorios: inf\u00f3rmese sobre los pr\u00f3ximos cursos de formaci\u00f3n de Stormshield y sus ubicaciones.\" \/>\n<meta property=\"og:url\" content=\"https:\/\/www.stormshield.com\/es\/nuestro-apoyo\/servicios\/formacion\/calendario-de-formacion\/\" \/>\n<meta property=\"og:site_name\" content=\"Stormshield\" \/>\n<meta property=\"article:modified_time\" content=\"2024-01-23T10:20:30+00:00\" \/>\n<meta property=\"og:image\" content=\"https:\/\/www.stormshield.com\/wp-content\/uploads\/stormshield_logo.png\" \/>\n\t<meta property=\"og:image:width\" content=\"204\" \/>\n\t<meta property=\"og:image:height\" content=\"94\" \/>\n\t<meta property=\"og:image:type\" content=\"image\/png\" \/>\n<meta name=\"twitter:card\" content=\"summary_large_image\" \/>\n<meta name=\"twitter:site\" content=\"@Stormshield\" \/>\n<meta name=\"twitter:label1\" content=\"Tiempo de lectura\" \/>\n\t<meta name=\"twitter:data1\" content=\"2 minutos\" \/>\n<script type=\"application\/ld+json\" class=\"yoast-schema-graph\">{\"@context\":\"https:\/\/schema.org\",\"@graph\":[{\"@type\":\"WebPage\",\"@id\":\"https:\/\/www.stormshield.com\/es\/nuestro-apoyo\/servicios\/formacion\/calendario-de-formacion\/\",\"url\":\"https:\/\/www.stormshield.com\/es\/nuestro-apoyo\/servicios\/formacion\/calendario-de-formacion\/\",\"name\":\"Ciberseguridad: nuestro calendario de formaci\u00f3n | Stormshield\",\"isPartOf\":{\"@id\":\"https:\/\/www.stormshield.com\/es\/#website\"},\"datePublished\":\"2016-12-05T17:17:13+00:00\",\"dateModified\":\"2024-01-23T10:20:30+00:00\",\"description\":\"Protecci\u00f3n de datos, redes y escritorios: inf\u00f3rmese sobre los pr\u00f3ximos cursos de formaci\u00f3n de Stormshield y sus ubicaciones.\",\"breadcrumb\":{\"@id\":\"https:\/\/www.stormshield.com\/es\/nuestro-apoyo\/servicios\/formacion\/calendario-de-formacion\/#breadcrumb\"},\"inLanguage\":\"es\",\"potentialAction\":[{\"@type\":\"ReadAction\",\"target\":[\"https:\/\/www.stormshield.com\/es\/nuestro-apoyo\/servicios\/formacion\/calendario-de-formacion\/\"]}]},{\"@type\":\"BreadcrumbList\",\"@id\":\"https:\/\/www.stormshield.com\/es\/nuestro-apoyo\/servicios\/formacion\/calendario-de-formacion\/#breadcrumb\",\"itemListElement\":[{\"@type\":\"ListItem\",\"position\":1,\"name\":\"Home\",\"item\":\"https:\/\/www.stormshield.com\/es\/\"},{\"@type\":\"ListItem\",\"position\":2,\"name\":\"Nuestro apoyo\",\"item\":\"https:\/\/www.stormshield.com\/es\/nuestro-apoyo\/\"},{\"@type\":\"ListItem\",\"position\":3,\"name\":\"Servicios\",\"item\":\"https:\/\/www.stormshield.com\/es\/nuestro-apoyo\/servicios\/\"},{\"@type\":\"ListItem\",\"position\":4,\"name\":\"Formaci\u00f3n\",\"item\":\"https:\/\/www.stormshield.com\/es\/nuestro-apoyo\/servicios\/formacion\/\"},{\"@type\":\"ListItem\",\"position\":5,\"name\":\"Calendario de formaci\u00f3n\"}]},{\"@type\":\"WebSite\",\"@id\":\"https:\/\/www.stormshield.com\/es\/#website\",\"url\":\"https:\/\/www.stormshield.com\/es\/\",\"name\":\"Stormshield\",\"description\":\"Stormshield\",\"potentialAction\":[{\"@type\":\"SearchAction\",\"target\":{\"@type\":\"EntryPoint\",\"urlTemplate\":\"https:\/\/www.stormshield.com\/es\/?s={search_term_string}\"},\"query-input\":{\"@type\":\"PropertyValueSpecification\",\"valueRequired\":true,\"valueName\":\"search_term_string\"}}],\"inLanguage\":\"es\"}]}<\/script>\n<!-- \/ Yoast SEO plugin. -->","yoast_head_json":{"title":"Ciberseguridad: nuestro calendario de formaci\u00f3n | Stormshield","description":"Protecci\u00f3n de datos, redes y escritorios: inf\u00f3rmese sobre los pr\u00f3ximos cursos de formaci\u00f3n de Stormshield y sus ubicaciones.","robots":{"index":"index","follow":"follow","max-snippet":"max-snippet:-1","max-image-preview":"max-image-preview:large","max-video-preview":"max-video-preview:-1"},"canonical":"https:\/\/www.stormshield.com\/es\/nuestro-apoyo\/servicios\/formacion\/calendario-de-formacion\/","og_locale":"es_ES","og_type":"article","og_title":"Ciberseguridad: nuestro calendario de formaci\u00f3n | Stormshield","og_description":"Protecci\u00f3n de datos, redes y escritorios: inf\u00f3rmese sobre los pr\u00f3ximos cursos de formaci\u00f3n de Stormshield y sus ubicaciones.","og_url":"https:\/\/www.stormshield.com\/es\/nuestro-apoyo\/servicios\/formacion\/calendario-de-formacion\/","og_site_name":"Stormshield","article_modified_time":"2024-01-23T10:20:30+00:00","og_image":[{"width":204,"height":94,"url":"https:\/\/www.stormshield.com\/wp-content\/uploads\/stormshield_logo.png","type":"image\/png"}],"twitter_card":"summary_large_image","twitter_site":"@Stormshield","twitter_misc":{"Tiempo de lectura":"2 minutos"},"schema":{"@context":"https:\/\/schema.org","@graph":[{"@type":"WebPage","@id":"https:\/\/www.stormshield.com\/es\/nuestro-apoyo\/servicios\/formacion\/calendario-de-formacion\/","url":"https:\/\/www.stormshield.com\/es\/nuestro-apoyo\/servicios\/formacion\/calendario-de-formacion\/","name":"Ciberseguridad: nuestro calendario de formaci\u00f3n | Stormshield","isPartOf":{"@id":"https:\/\/www.stormshield.com\/es\/#website"},"datePublished":"2016-12-05T17:17:13+00:00","dateModified":"2024-01-23T10:20:30+00:00","description":"Protecci\u00f3n de datos, redes y escritorios: inf\u00f3rmese sobre los pr\u00f3ximos cursos de formaci\u00f3n de Stormshield y sus ubicaciones.","breadcrumb":{"@id":"https:\/\/www.stormshield.com\/es\/nuestro-apoyo\/servicios\/formacion\/calendario-de-formacion\/#breadcrumb"},"inLanguage":"es","potentialAction":[{"@type":"ReadAction","target":["https:\/\/www.stormshield.com\/es\/nuestro-apoyo\/servicios\/formacion\/calendario-de-formacion\/"]}]},{"@type":"BreadcrumbList","@id":"https:\/\/www.stormshield.com\/es\/nuestro-apoyo\/servicios\/formacion\/calendario-de-formacion\/#breadcrumb","itemListElement":[{"@type":"ListItem","position":1,"name":"Home","item":"https:\/\/www.stormshield.com\/es\/"},{"@type":"ListItem","position":2,"name":"Nuestro apoyo","item":"https:\/\/www.stormshield.com\/es\/nuestro-apoyo\/"},{"@type":"ListItem","position":3,"name":"Servicios","item":"https:\/\/www.stormshield.com\/es\/nuestro-apoyo\/servicios\/"},{"@type":"ListItem","position":4,"name":"Formaci\u00f3n","item":"https:\/\/www.stormshield.com\/es\/nuestro-apoyo\/servicios\/formacion\/"},{"@type":"ListItem","position":5,"name":"Calendario de formaci\u00f3n"}]},{"@type":"WebSite","@id":"https:\/\/www.stormshield.com\/es\/#website","url":"https:\/\/www.stormshield.com\/es\/","name":"Stormshield","description":"Stormshield","potentialAction":[{"@type":"SearchAction","target":{"@type":"EntryPoint","urlTemplate":"https:\/\/www.stormshield.com\/es\/?s={search_term_string}"},"query-input":{"@type":"PropertyValueSpecification","valueRequired":true,"valueName":"search_term_string"}}],"inLanguage":"es"}]}},"_links":{"self":[{"href":"https:\/\/www.stormshield.com\/es\/wp-json\/wp\/v2\/pages\/205109","targetHints":{"allow":["GET"]}}],"collection":[{"href":"https:\/\/www.stormshield.com\/es\/wp-json\/wp\/v2\/pages"}],"about":[{"href":"https:\/\/www.stormshield.com\/es\/wp-json\/wp\/v2\/types\/page"}],"author":[{"embeddable":true,"href":"https:\/\/www.stormshield.com\/es\/wp-json\/wp\/v2\/users\/1"}],"replies":[{"embeddable":true,"href":"https:\/\/www.stormshield.com\/es\/wp-json\/wp\/v2\/comments?post=205109"}],"version-history":[{"count":10,"href":"https:\/\/www.stormshield.com\/es\/wp-json\/wp\/v2\/pages\/205109\/revisions"}],"predecessor-version":[{"id":488739,"href":"https:\/\/www.stormshield.com\/es\/wp-json\/wp\/v2\/pages\/205109\/revisions\/488739"}],"up":[{"embeddable":true,"href":"https:\/\/www.stormshield.com\/es\/wp-json\/wp\/v2\/pages\/205084"}],"wp:attachment":[{"href":"https:\/\/www.stormshield.com\/es\/wp-json\/wp\/v2\/media?parent=205109"}],"curies":[{"name":"wp","href":"https:\/\/api.w.org\/{rel}","templated":true}]}}