{"id":205105,"date":"2016-12-05T18:16:43","date_gmt":"2016-12-05T17:16:43","guid":{"rendered":"https:\/\/www.stormshield.com\/productos-y-servicios\/soporte-tecnico\/formacion\/sds\/"},"modified":"2024-01-03T11:12:23","modified_gmt":"2024-01-03T10:12:23","slug":"sds","status":"publish","type":"page","link":"https:\/\/www.stormshield.com\/es\/nuestro-apoyo\/servicios\/formacion\/sds\/","title":{"rendered":"Formaci\u00f3n SDS"},"content":{"rendered":"<div class=\"wpb-content-wrapper\"><p>[vc_row css_animation=\"\" row_type=\"row\" use_row_as_full_screen_section=\"no\" type=\"grid\" angled_section=\"no\" text_align=\"left\" background_image_as_pattern=\"without_pattern\" z_index=\"\" padding_top=\"50\" padding_bottom=\"50\"][vc_column][vc_empty_space][vc_column_text]<\/p>\n<h1 style=\"text-align: center;\"><span style=\"color: #00aaf5;\"><span style=\"font-weight: 900; font-size: 1.5em;\">Formaci\u00f3n SDS: <\/span><\/span><span style=\"color: #00aaf5;\"><span style=\"font-weight: 300; font-size: 1.5em;\">f\u00f3rmate en protecci\u00f3n de datos con nosotros<\/span><\/span><\/h1>\n<p>[\/vc_column_text][vc_empty_space][\/vc_column][\/vc_row][vc_row css_animation=\"\" row_type=\"row\" use_row_as_full_screen_section=\"no\" type=\"grid\" angled_section=\"no\" text_align=\"left\" background_image_as_pattern=\"without_pattern\" z_index=\"\"][vc_column width=\"2\/3\"][vc_column_text]<span style=\"color: #000; font-size: 1.1em;\"><strong>Con nuestro curso de formaci\u00f3n Stormshield Data Security, podr\u00e1s garantizar un alto nivel de cifrado y protecci\u00f3n de los datos de tu empresa.<\/strong> La protecci\u00f3n de los datos sensibles de las empresas es un tema especialmente delicado y merece una atenci\u00f3n especial. Lo necesario para frustrar con \u00e9xito cualquier interceptaci\u00f3n, filtraci\u00f3n u otros ciberataques y hacer impenetrable la protecci\u00f3n de tu informaci\u00f3n sensible.<\/span>[\/vc_column_text][\/vc_column][vc_column width=\"1\/3\"][vc_single_image image=\"456837\" img_size=\"medium\" alignment=\"center\" qode_css_animation=\"\"][\/vc_column][\/vc_row][vc_row css_animation=\"\" row_type=\"row\" use_row_as_full_screen_section=\"no\" type=\"grid\" angled_section=\"no\" text_align=\"left\" background_image_as_pattern=\"without_pattern\" z_index=\"\" padding_bottom=\"50\" css=\".vc_custom_1699974777591{background-color: #ffffff !important;}\" padding_top=\"50\"][vc_column][vc_row_inner row_type=\"row\" type=\"full_width\" text_align=\"left\" css_animation=\"\" background_color=\"#f9f9f9\" css=\".vc_custom_1699973877944{padding-top: 32px !important;padding-right: 32px !important;padding-bottom: 32px !important;padding-left: 32px !important;}\"][vc_column_inner width=\"2\/3\"][vc_column_text]<\/p>\n<h2 style=\"text-align: left;\"><span style=\"color: #000; font-size: 1.2em; font-weight: 900;\">Formaci\u00f3n CSDA: las herramientas de cifrado ya no tendr\u00e1n secretos para ti<\/span><\/h2>\n<p><span style=\"color: #000; font-size: 1.1em;\">Aprende los fundamentos de c\u00f3mo dominar una herramienta de cifrado de datos con nuestro curso de formaci\u00f3n certificadora Certified Stormshield Data Administrator (CSDA).<\/span>[\/vc_column_text][vc_empty_space]<a  itemprop=\"url\" href=\"https:\/\/www.stormshield.com\/es\/ressourcescenter\/hoja-de-resumen-csda-formacion\/\" target=\"_blank\" data-hover-background-color=\"#d23467\" data-hover-border-color=\"#ffffff\" class=\"qbutton  white enlarge\" style=\"border-color: #ffffff; background-color:#060051;\">CSDA<i class=\"qode_icon_font_awesome fa fa-angle-right qode_button_icon_element\"><\/i><\/a>[\/vc_column_inner][vc_column_inner width=\"1\/3\"][\/vc_column_inner][\/vc_row_inner][\/vc_column][\/vc_row][vc_row css_animation=\"\" row_type=\"row\" use_row_as_full_screen_section=\"no\" type=\"grid\" angled_section=\"no\" text_align=\"left\" background_image_as_pattern=\"without_pattern\" z_index=\"\" padding_top=\"50\" padding_bottom=\"50\"][vc_column width=\"2\/3\"][vc_empty_space][vc_column_text]<\/p>\n<h2 style=\"text-align: left;\"><span style=\"color: #000; font-size: 1.2em; font-weight: 900;\">Kits de recertificaci\u00f3n<\/span><\/h2>\n<p><span style=\"color: #000; font-size: 1.1em;\">Como sucede con todo buen software, tendr\u00e1s que actualizar tus conocimientos de datos\/seguridad antes del tercer aniversario de tu certificaci\u00f3n. Puedes hacerlo con nuestros kits de recertificaci\u00f3n en l\u00ednea, que te permiten renovar tu certificaci\u00f3n por otros tres a\u00f1os m\u00e1s.<\/span>[\/vc_column_text][vc_empty_space]<a  itemprop=\"url\" href=\"https:\/\/www.stormshield.com\/es\/contacto\/equipo-de-formacion\/\" target=\"_blank\" data-hover-background-color=\"#d23467\" data-hover-border-color=\"#ffffff\" class=\"qbutton  white enlarge\" style=\"border-color: #ffffff; background-color:#060051;\">Contacto<i class=\"qode_icon_font_awesome fa fa-angle-right qode_button_icon_element\"><\/i><\/a>[vc_empty_space][\/vc_column][vc_column width=\"1\/3\" css=\".vc_custom_1699970948115{padding-right: 12px !important;padding-left: 12px !important;background-color: #f9f9f9 !important;}\"][vc_column_text]<\/p>\n<h2 style=\"text-align: left;\"><span style=\"color: #000; font-size: 1.2em; font-weight: 900;\">Calendario<\/span><\/h2>\n<p><span style=\"color: #000; font-size: 1.1em;\">\u00bfQuieres conocer las fechas de los cursos de formaci\u00f3n dedicados a la protecci\u00f3n de datos? Descubre nuestro calendario de formaci\u00f3n en SDS.<\/span>[\/vc_column_text][vc_empty_space]<a  itemprop=\"url\" href=\"https:\/\/www.stormshield.com\/es\/nuestro-apoyo\/servicios\/formacion\/calendario-de-formacion\/\" target=\"_blank\" data-hover-background-color=\"#d23467\" data-hover-border-color=\"#ffffff\" class=\"qbutton  white enlarge\" style=\"border-color: #ffffff; background-color:#060051;\">Calendario<i class=\"qode_icon_font_awesome fa fa-angle-right qode_button_icon_element\"><\/i><\/a>[vc_empty_space][\/vc_column][\/vc_row]<\/p>\n<\/div>","protected":false},"excerpt":{"rendered":"<p>[vc_row css_animation=\u00bb\u00bb row_type=\u00bbrow\u00bb use_row_as_full_screen_section=\u00bbno\u00bb type=\u00bbgrid\u00bb angled_section=\u00bbno\u00bb text_align=\u00bbleft\u00bb background_image_as_pattern=\u00bbwithout_pattern\u00bb z_index=\u00bb\u00bb padding_top=\u00bb50&#8243; padding_bottom=\u00bb50&#8243;][vc_column][vc_empty_space][vc_column_text] Formaci\u00f3n SDS: f\u00f3rmate en protecci\u00f3n de datos con nosotros [\/vc_column_text][vc_empty_space][\/vc_column][\/vc_row][vc_row css_animation=\u00bb\u00bb row_type=\u00bbrow\u00bb use_row_as_full_screen_section=\u00bbno\u00bb type=\u00bbgrid\u00bb angled_section=\u00bbno\u00bb text_align=\u00bbleft\u00bb background_image_as_pattern=\u00bbwithout_pattern\u00bb z_index=\u00bb\u00bb][vc_column width=\u00bb2\/3&#8243;][vc_column_text]Con nuestro curso de formaci\u00f3n Stormshield Data Security, podr\u00e1s garantizar un alto nivel de cifrado y&#8230;<\/p>\n","protected":false},"author":1,"featured_media":0,"parent":205084,"menu_order":202,"comment_status":"closed","ping_status":"closed","template":"full_width.php","meta":{"_acf_changed":false,"footnotes":""},"class_list":["post-205105","page","type-page","status-publish","hentry"],"acf":[],"yoast_head":"<!-- This site is optimized with the Yoast SEO plugin v27.3 - https:\/\/yoast.com\/product\/yoast-seo-wordpress\/ -->\n<title>Nuestro curso de formaci\u00f3n sobre SDS | Stormshield<\/title>\n<meta name=\"description\" content=\"Con nuestro curso de formaci\u00f3n sobre SDS podr\u00e1 garantizar un alto nivel de cifrado y protecci\u00f3n de los datos de su empresa.\" \/>\n<meta name=\"robots\" content=\"index, follow, max-snippet:-1, max-image-preview:large, max-video-preview:-1\" \/>\n<link rel=\"canonical\" href=\"https:\/\/www.stormshield.com\/es\/nuestro-apoyo\/servicios\/formacion\/sds\/\" \/>\n<meta property=\"og:locale\" content=\"es_ES\" \/>\n<meta property=\"og:type\" content=\"article\" \/>\n<meta property=\"og:title\" content=\"Nuestro curso de formaci\u00f3n sobre SDS | Stormshield\" \/>\n<meta property=\"og:description\" content=\"Con nuestro curso de formaci\u00f3n sobre SDS podr\u00e1 garantizar un alto nivel de cifrado y protecci\u00f3n de los datos de su empresa.\" \/>\n<meta property=\"og:url\" content=\"https:\/\/www.stormshield.com\/es\/nuestro-apoyo\/servicios\/formacion\/sds\/\" \/>\n<meta property=\"og:site_name\" content=\"Stormshield\" \/>\n<meta property=\"article:modified_time\" content=\"2024-01-03T10:12:23+00:00\" \/>\n<meta property=\"og:image\" content=\"https:\/\/www.stormshield.com\/wp-content\/uploads\/stormshield_logo.png\" \/>\n\t<meta property=\"og:image:width\" content=\"204\" \/>\n\t<meta property=\"og:image:height\" content=\"94\" \/>\n\t<meta property=\"og:image:type\" content=\"image\/png\" \/>\n<meta name=\"twitter:card\" content=\"summary_large_image\" \/>\n<meta name=\"twitter:site\" content=\"@Stormshield\" \/>\n<meta name=\"twitter:label1\" content=\"Tiempo de lectura\" \/>\n\t<meta name=\"twitter:data1\" content=\"2 minutos\" \/>\n<script type=\"application\/ld+json\" class=\"yoast-schema-graph\">{\"@context\":\"https:\\\/\\\/schema.org\",\"@graph\":[{\"@type\":\"WebPage\",\"@id\":\"https:\\\/\\\/www.stormshield.com\\\/es\\\/nuestro-apoyo\\\/servicios\\\/formacion\\\/sds\\\/\",\"url\":\"https:\\\/\\\/www.stormshield.com\\\/es\\\/nuestro-apoyo\\\/servicios\\\/formacion\\\/sds\\\/\",\"name\":\"Nuestro curso de formaci\u00f3n sobre SDS | Stormshield\",\"isPartOf\":{\"@id\":\"https:\\\/\\\/www.stormshield.com\\\/es\\\/#website\"},\"datePublished\":\"2016-12-05T17:16:43+00:00\",\"dateModified\":\"2024-01-03T10:12:23+00:00\",\"description\":\"Con nuestro curso de formaci\u00f3n sobre SDS podr\u00e1 garantizar un alto nivel de cifrado y protecci\u00f3n de los datos de su empresa.\",\"breadcrumb\":{\"@id\":\"https:\\\/\\\/www.stormshield.com\\\/es\\\/nuestro-apoyo\\\/servicios\\\/formacion\\\/sds\\\/#breadcrumb\"},\"inLanguage\":\"es\",\"potentialAction\":[{\"@type\":\"ReadAction\",\"target\":[\"https:\\\/\\\/www.stormshield.com\\\/es\\\/nuestro-apoyo\\\/servicios\\\/formacion\\\/sds\\\/\"]}]},{\"@type\":\"BreadcrumbList\",\"@id\":\"https:\\\/\\\/www.stormshield.com\\\/es\\\/nuestro-apoyo\\\/servicios\\\/formacion\\\/sds\\\/#breadcrumb\",\"itemListElement\":[{\"@type\":\"ListItem\",\"position\":1,\"name\":\"Home\",\"item\":\"https:\\\/\\\/www.stormshield.com\\\/es\\\/\"},{\"@type\":\"ListItem\",\"position\":2,\"name\":\"Nuestro apoyo\",\"item\":\"https:\\\/\\\/www.stormshield.com\\\/es\\\/nuestro-apoyo\\\/\"},{\"@type\":\"ListItem\",\"position\":3,\"name\":\"Servicios\",\"item\":\"https:\\\/\\\/www.stormshield.com\\\/es\\\/nuestro-apoyo\\\/servicios\\\/\"},{\"@type\":\"ListItem\",\"position\":4,\"name\":\"Formaci\u00f3n\",\"item\":\"https:\\\/\\\/www.stormshield.com\\\/es\\\/nuestro-apoyo\\\/servicios\\\/formacion\\\/\"},{\"@type\":\"ListItem\",\"position\":5,\"name\":\"Formaci\u00f3n SDS\"}]},{\"@type\":\"WebSite\",\"@id\":\"https:\\\/\\\/www.stormshield.com\\\/es\\\/#website\",\"url\":\"https:\\\/\\\/www.stormshield.com\\\/es\\\/\",\"name\":\"Stormshield\",\"description\":\"Stormshield\",\"potentialAction\":[{\"@type\":\"SearchAction\",\"target\":{\"@type\":\"EntryPoint\",\"urlTemplate\":\"https:\\\/\\\/www.stormshield.com\\\/es\\\/?s={search_term_string}\"},\"query-input\":{\"@type\":\"PropertyValueSpecification\",\"valueRequired\":true,\"valueName\":\"search_term_string\"}}],\"inLanguage\":\"es\"}]}<\/script>\n<!-- \/ Yoast SEO plugin. -->","yoast_head_json":{"title":"Nuestro curso de formaci\u00f3n sobre SDS | Stormshield","description":"Con nuestro curso de formaci\u00f3n sobre SDS podr\u00e1 garantizar un alto nivel de cifrado y protecci\u00f3n de los datos de su empresa.","robots":{"index":"index","follow":"follow","max-snippet":"max-snippet:-1","max-image-preview":"max-image-preview:large","max-video-preview":"max-video-preview:-1"},"canonical":"https:\/\/www.stormshield.com\/es\/nuestro-apoyo\/servicios\/formacion\/sds\/","og_locale":"es_ES","og_type":"article","og_title":"Nuestro curso de formaci\u00f3n sobre SDS | Stormshield","og_description":"Con nuestro curso de formaci\u00f3n sobre SDS podr\u00e1 garantizar un alto nivel de cifrado y protecci\u00f3n de los datos de su empresa.","og_url":"https:\/\/www.stormshield.com\/es\/nuestro-apoyo\/servicios\/formacion\/sds\/","og_site_name":"Stormshield","article_modified_time":"2024-01-03T10:12:23+00:00","og_image":[{"width":204,"height":94,"url":"https:\/\/www.stormshield.com\/wp-content\/uploads\/stormshield_logo.png","type":"image\/png"}],"twitter_card":"summary_large_image","twitter_site":"@Stormshield","twitter_misc":{"Tiempo de lectura":"2 minutos"},"schema":{"@context":"https:\/\/schema.org","@graph":[{"@type":"WebPage","@id":"https:\/\/www.stormshield.com\/es\/nuestro-apoyo\/servicios\/formacion\/sds\/","url":"https:\/\/www.stormshield.com\/es\/nuestro-apoyo\/servicios\/formacion\/sds\/","name":"Nuestro curso de formaci\u00f3n sobre SDS | Stormshield","isPartOf":{"@id":"https:\/\/www.stormshield.com\/es\/#website"},"datePublished":"2016-12-05T17:16:43+00:00","dateModified":"2024-01-03T10:12:23+00:00","description":"Con nuestro curso de formaci\u00f3n sobre SDS podr\u00e1 garantizar un alto nivel de cifrado y protecci\u00f3n de los datos de su empresa.","breadcrumb":{"@id":"https:\/\/www.stormshield.com\/es\/nuestro-apoyo\/servicios\/formacion\/sds\/#breadcrumb"},"inLanguage":"es","potentialAction":[{"@type":"ReadAction","target":["https:\/\/www.stormshield.com\/es\/nuestro-apoyo\/servicios\/formacion\/sds\/"]}]},{"@type":"BreadcrumbList","@id":"https:\/\/www.stormshield.com\/es\/nuestro-apoyo\/servicios\/formacion\/sds\/#breadcrumb","itemListElement":[{"@type":"ListItem","position":1,"name":"Home","item":"https:\/\/www.stormshield.com\/es\/"},{"@type":"ListItem","position":2,"name":"Nuestro apoyo","item":"https:\/\/www.stormshield.com\/es\/nuestro-apoyo\/"},{"@type":"ListItem","position":3,"name":"Servicios","item":"https:\/\/www.stormshield.com\/es\/nuestro-apoyo\/servicios\/"},{"@type":"ListItem","position":4,"name":"Formaci\u00f3n","item":"https:\/\/www.stormshield.com\/es\/nuestro-apoyo\/servicios\/formacion\/"},{"@type":"ListItem","position":5,"name":"Formaci\u00f3n SDS"}]},{"@type":"WebSite","@id":"https:\/\/www.stormshield.com\/es\/#website","url":"https:\/\/www.stormshield.com\/es\/","name":"Stormshield","description":"Stormshield","potentialAction":[{"@type":"SearchAction","target":{"@type":"EntryPoint","urlTemplate":"https:\/\/www.stormshield.com\/es\/?s={search_term_string}"},"query-input":{"@type":"PropertyValueSpecification","valueRequired":true,"valueName":"search_term_string"}}],"inLanguage":"es"}]}},"_links":{"self":[{"href":"https:\/\/www.stormshield.com\/es\/wp-json\/wp\/v2\/pages\/205105","targetHints":{"allow":["GET"]}}],"collection":[{"href":"https:\/\/www.stormshield.com\/es\/wp-json\/wp\/v2\/pages"}],"about":[{"href":"https:\/\/www.stormshield.com\/es\/wp-json\/wp\/v2\/types\/page"}],"author":[{"embeddable":true,"href":"https:\/\/www.stormshield.com\/es\/wp-json\/wp\/v2\/users\/1"}],"replies":[{"embeddable":true,"href":"https:\/\/www.stormshield.com\/es\/wp-json\/wp\/v2\/comments?post=205105"}],"version-history":[{"count":19,"href":"https:\/\/www.stormshield.com\/es\/wp-json\/wp\/v2\/pages\/205105\/revisions"}],"predecessor-version":[{"id":480275,"href":"https:\/\/www.stormshield.com\/es\/wp-json\/wp\/v2\/pages\/205105\/revisions\/480275"}],"up":[{"embeddable":true,"href":"https:\/\/www.stormshield.com\/es\/wp-json\/wp\/v2\/pages\/205084"}],"wp:attachment":[{"href":"https:\/\/www.stormshield.com\/es\/wp-json\/wp\/v2\/media?parent=205105"}],"curies":[{"name":"wp","href":"https:\/\/api.w.org\/{rel}","templated":true}]}}