{"id":205088,"date":"2016-12-05T18:15:57","date_gmt":"2016-12-05T17:15:57","guid":{"rendered":"https:\/\/www.stormshield.com\/productos-y-servicios\/soporte-tecnico\/formacion\/sns\/"},"modified":"2025-02-06T14:38:51","modified_gmt":"2025-02-06T13:38:51","slug":"sns","status":"publish","type":"page","link":"https:\/\/www.stormshield.com\/es\/nuestro-apoyo\/servicios\/formacion\/sns\/","title":{"rendered":"Formaci\u00f3n SNS"},"content":{"rendered":"<div class=\"wpb-content-wrapper\"><p>[vc_row css_animation=\"\" row_type=\"row\" use_row_as_full_screen_section=\"no\" type=\"grid\" angled_section=\"no\" text_align=\"left\" background_image_as_pattern=\"without_pattern\" z_index=\"\" padding_top=\"50\" padding_bottom=\"50\"][vc_column][vc_empty_space][vc_column_text]<\/p>\n<h1 style=\"text-align: center;\"><span style=\"color: #00aaf5;\"><span style=\"font-weight: 900; font-size: 1.5em;\">Formaci\u00f3n SNS: <\/span><\/span><span style=\"color: #00aaf5;\"><span style=\"font-weight: 300; font-size: 1.5em;\">todo sobre la protecci\u00f3n de las redes<\/span><\/span><\/h1>\n<p>[\/vc_column_text][vc_empty_space][\/vc_column][\/vc_row][vc_row css_animation=\"\" row_type=\"row\" use_row_as_full_screen_section=\"no\" type=\"grid\" angled_section=\"no\" text_align=\"left\" background_image_as_pattern=\"without_pattern\" z_index=\"\"][vc_column width=\"2\/3\"][vc_column_text css=\"\"]<span style=\"color: #000; font-size: 1.1em;\"><strong>Aprende todos los entresijos de la protecci\u00f3n de redes con nuestros cursos de formaci\u00f3n espec\u00edficos.<\/strong> En Stormshield, nuestros cursos de formaci\u00f3n en protecci\u00f3n de redes han sido dise\u00f1ados para adaptarse a cada una de tus necesidades y usos: dominio de las funcionalidades esenciales (CSNA), establecimiento de configuraciones expertas (CNSE), espec\u00edficamente vinculadas a SD-WAN (CSNR) y an\u00e1lisis y diagn\u00f3stico de arquitecturas complejas (CSNTS), sin olvidar la gesti\u00f3n de la consola de administraci\u00f3n centralizada (CSMCE) y la integraci\u00f3n de nuestras soluciones en un entorno industrial (CSNOT).<\/span>[\/vc_column_text][\/vc_column][vc_column width=\"1\/3\"][vc_single_image image=\"456837\" img_size=\"medium\" alignment=\"center\" qode_css_animation=\"\"][\/vc_column][\/vc_row][vc_row css_animation=\"\" row_type=\"row\" use_row_as_full_screen_section=\"no\" type=\"grid\" angled_section=\"no\" text_align=\"left\" background_image_as_pattern=\"without_pattern\" z_index=\"\" padding_bottom=\"50\" css=\".vc_custom_1699974777591{background-color: #ffffff !important;}\" padding_top=\"50\"][vc_column][vc_row_inner row_type=\"row\" type=\"full_width\" text_align=\"left\" css_animation=\"\" background_color=\"#f9f9f9\" css=\".vc_custom_1699973877944{padding-top: 32px !important;padding-right: 32px !important;padding-bottom: 32px !important;padding-left: 32px !important;}\"][vc_column_inner width=\"1\/2\"][vc_column_text]<\/p>\n<h2 style=\"text-align: left;\"><span style=\"color: #000; font-size: 1.2em; font-weight: 900;\">Formaci\u00f3n CSNA: convi\u00e9rtete en un as de la protecci\u00f3n de redes<\/span><\/h2>\n<p><span style=\"color: #000; font-size: 1.1em;\">Con nuestra formaci\u00f3n certificadora Certified Stormshield Network Administrator (CSNA), conoce las funcionalidades y el procedimiento de instalaci\u00f3n de los productos Stormshield Network dentro de una arquitectura t\u00edpica.<\/span>[\/vc_column_text][vc_empty_space]<a  itemprop=\"url\" href=\"https:\/\/www.stormshield.com\/es\/ressourcescenter\/hoja-de-resumen-csna-formacion\/\" target=\"_blank\" data-hover-background-color=\"#d23467\" data-hover-border-color=\"#ffffff\" class=\"qbutton  white enlarge\" style=\"border-color: #ffffff; background-color:#060051;\">CSNA<i class=\"qode_icon_font_awesome fa fa-angle-right qode_button_icon_element\"><\/i><\/a>[\/vc_column_inner][vc_column_inner width=\"1\/2\"][vc_column_text]<\/p>\n<h2 style=\"text-align: left;\"><span style=\"color: #000; font-size: 1.2em; font-weight: 900;\">Formaci\u00f3n CSNE: pasa al siguiente nivel<\/span><\/h2>\n<p><span style=\"color: #000; font-size: 1.1em;\">Elige nuestro curso Certified Stormshield Network Expert (CSNE) si quieres dominar la integraci\u00f3n y la configuraci\u00f3n de todas las funcionalidades de los productos Stormshield Network Security en tu red de empresa. Para seguir este curso de formaci\u00f3n, sancionada por un examen de certificaci\u00f3n, se requiere la certificaci\u00f3n CSNA.<\/span>[\/vc_column_text][vc_empty_space]<a  itemprop=\"url\" href=\"https:\/\/www.stormshield.com\/es\/ressourcescenter\/hoja-de-resumen-csne-formacion\/\" target=\"_blank\" data-hover-background-color=\"#d23467\" data-hover-border-color=\"#ffffff\" class=\"qbutton  white enlarge\" style=\"border-color: #ffffff; background-color:#060051;\">CSNE<i class=\"qode_icon_font_awesome fa fa-angle-right qode_button_icon_element\"><\/i><\/a>[\/vc_column_inner][\/vc_row_inner][\/vc_column][\/vc_row][vc_row css_animation=\"\" row_type=\"row\" use_row_as_full_screen_section=\"no\" type=\"grid\" angled_section=\"no\" text_align=\"left\" background_image_as_pattern=\"without_pattern\" z_index=\"\" padding_top=\"50\" padding_bottom=\"50\"][vc_column][vc_row_inner row_type=\"row\" type=\"full_width\" text_align=\"left\" css_animation=\"\"][vc_column_inner width=\"1\/2\"][vc_column_text]<\/p>\n<h2 style=\"text-align: left;\"><span style=\"color: #000; font-size: 1.2em; font-weight: 900;\">Formaci\u00f3n CSNR: explote todo el potencial de red de sus cortafuegos<\/span><\/h2>\n<p><span style=\"color: #000; font-size: 1.1em;\">Todos los accesos de sus centros a sus distintas redes necesitan redundancia, calidad de servicio y resistencia a los caprichos de los equipos intermedios. El curso de formaci\u00f3n CSNR le permitir\u00e1 dominar la configuraci\u00f3n de SD-WAN, QoS y muchas otras configuraciones avanzadas de red. Se requiere la certificaci\u00f3n CSNA para seguir este curso de certificaci\u00f3n.<\/span>[\/vc_column_text][vc_empty_space]<a  itemprop=\"url\" href=\"https:\/\/www.stormshield.com\/es\/ressourcescenter\/hoja-de-resumen-csnr-formacion\/\" target=\"_blank\" data-hover-background-color=\"#d23467\" data-hover-border-color=\"#ffffff\" class=\"qbutton  white enlarge\" style=\"border-color: #ffffff; background-color:#060051;\">CSNR<i class=\"qode_icon_font_awesome fa fa-angle-right qode_button_icon_element\"><\/i><\/a>[\/vc_column_inner][vc_column_inner width=\"1\/2\"][vc_column_text]<\/p>\n<h2 style=\"text-align: left;\"><span style=\"color: #000; font-size: 1.2em; font-weight: 900;\">Formaci\u00f3n CSNTS: domina todas las sutilezas de la resoluci\u00f3n de problemas y el soporte de red<\/span><\/h2>\n<p><span style=\"color: #000; font-size: 1.1em;\">Estas horas de formaci\u00f3n certificadora Stormshield Network Troubleshooting and Support (CSNTS) te ayudar\u00e1n a convertirte en la referencia t\u00e9cnica de nuestras soluciones de red dentro de tu empresa. Para realizarla se requiere haber obtenido previamente la certificaci\u00f3n CSNE.<\/span>[\/vc_column_text][vc_empty_space]<a  itemprop=\"url\" href=\"https:\/\/www.stormshield.com\/es\/ressourcescenter\/hoja-de-resumen-csnts-formacion\/\" target=\"_blank\" data-hover-background-color=\"#d23467\" data-hover-border-color=\"#ffffff\" class=\"qbutton  white enlarge\" style=\"border-color: #ffffff; background-color:#060051;\">CSNTS<i class=\"qode_icon_font_awesome fa fa-angle-right qode_button_icon_element\"><\/i><\/a>[\/vc_column_inner][\/vc_row_inner][\/vc_column][\/vc_row][vc_row css_animation=\"\" row_type=\"row\" use_row_as_full_screen_section=\"no\" type=\"grid\" angled_section=\"no\" text_align=\"left\" background_image_as_pattern=\"without_pattern\" z_index=\"\" padding_bottom=\"50\" css=\".vc_custom_1699974777591{background-color: #ffffff !important;}\" padding_top=\"50\"][vc_column][vc_row_inner row_type=\"row\" type=\"full_width\" text_align=\"left\" css_animation=\"\" background_color=\"#f9f9f9\" css=\".vc_custom_1699973877944{padding-top: 32px !important;padding-right: 32px !important;padding-bottom: 32px !important;padding-left: 32px !important;}\"][vc_column_inner width=\"1\/2\"][vc_column_text]<\/p>\n<h2 style=\"text-align: left;\"><span style=\"color: #000; font-size: 1.2em; font-weight: 900;\">Formaci\u00f3n CSLS: haga que sus registros de red hablen<\/span><\/h2>\n<p><span style=\"color: #000; font-size: 1.1em;\">\u00bfDesea poder buscar, correlacionar y analizar f\u00e1cilmente todos sus registros? \u00bfDesea visualizar y compartir la actividad de sus cortafuegos SNS mediante paneles e informes personalizados? Entonces nuestro curso de formaci\u00f3n CSLS dedicado al producto Stormshield Log Supervisor es para usted. Requiere la certificaci\u00f3n CSNA.<\/span>[\/vc_column_text][vc_empty_space]<a  itemprop=\"url\" href=\"https:\/\/www.stormshield.com\/es\/ressourcescenter\/hoja-de-resumen-csls-formacion\/\" target=\"_blank\" data-hover-background-color=\"#d23467\" data-hover-border-color=\"#ffffff\" class=\"qbutton  white enlarge\" style=\"border-color: #ffffff; background-color:#060051;\">CSLS<i class=\"qode_icon_font_awesome fa fa-angle-right qode_button_icon_element\"><\/i><\/a>[\/vc_column_inner][vc_column_inner width=\"1\/2\"][vc_column_text]<\/p>\n<h2 style=\"text-align: left;\"><span style=\"color: #000; font-size: 1.2em; font-weight: 900;\">Formaci\u00f3n CSMCE: hazte con el control de toda tu red<\/span><\/h2>\n<p><span style=\"color: #000; font-size: 1.1em;\">Para poder aplicar r\u00e1pidamente una pol\u00edtica de seguridad coherente en varios cortafuegos (desde dos hasta miles), los responsables de la consola de administraci\u00f3n de la red tambi\u00e9n tienen su propia formaci\u00f3n dedicada: la formaci\u00f3n Stormshield Management Center Expert (CSMCE). Para seguir este curso de formaci\u00f3n certificadora, se requiere la certificaci\u00f3n CSNA.<\/span>[\/vc_column_text][vc_empty_space]<a  itemprop=\"url\" href=\"https:\/\/www.stormshield.com\/es\/ressourcescenter\/hoja-de-resumen-csmce-formacion\/\" target=\"_blank\" data-hover-background-color=\"#d23467\" data-hover-border-color=\"#ffffff\" class=\"qbutton  white enlarge\" style=\"border-color: #ffffff; background-color:#060051;\">CSMCE<i class=\"qode_icon_font_awesome fa fa-angle-right qode_button_icon_element\"><\/i><\/a>[\/vc_column_inner][\/vc_row_inner][\/vc_column][\/vc_row][vc_row css_animation=\"\" row_type=\"row\" use_row_as_full_screen_section=\"no\" type=\"grid\" angled_section=\"no\" text_align=\"left\" background_image_as_pattern=\"without_pattern\" z_index=\"\" padding_top=\"50\" padding_bottom=\"50\"][vc_column][vc_row_inner row_type=\"row\" type=\"full_width\" text_align=\"left\" css_animation=\"\"][vc_column_inner width=\"1\/2\"][vc_column_text css=\"\"]<\/p>\n<h2 style=\"text-align: left;\"><span style=\"color: #000; font-size: 1.2em; font-weight: 900;\">Formaci\u00f3n CSNOT: convi\u00e9rtete en un experto en redes OT<\/span><\/h2>\n<p><span style=\"color: #000; font-size: 1.1em;\">\u00bfQuieres aprender a integrar nuestros productos en arquitecturas industriales y aplicar un filtrado preciso en tus protocolos industriales? En ese caso nuestro curso de Certified Stormshield Network Operational Technology (CSNOT) es para ti. Requiere haber obtenido la certificaci\u00f3n CSNA en los \u00faltimos tres a\u00f1os.<\/span>[\/vc_column_text][vc_empty_space]<a  itemprop=\"url\" href=\"https:\/\/www.stormshield.com\/es\/ressourcescenter\/hoja-de-resumen-csnot-formacion\/\" target=\"_blank\" data-hover-background-color=\"#d23467\" data-hover-border-color=\"#ffffff\" class=\"qbutton  white enlarge\" style=\"border-color: #ffffff; background-color:#060051;\">CSNOT<i class=\"qode_icon_font_awesome fa fa-angle-right qode_button_icon_element\"><\/i><\/a>[\/vc_column_inner][vc_column_inner width=\"1\/2\"][vc_single_image image=\"456372\" img_size=\"medium\" alignment=\"center\" qode_css_animation=\"\"][\/vc_column_inner][\/vc_row_inner][\/vc_column][\/vc_row][vc_row css_animation=\"\" row_type=\"row\" use_row_as_full_screen_section=\"no\" type=\"grid\" angled_section=\"no\" text_align=\"left\" background_image_as_pattern=\"without_pattern\" z_index=\"\" padding_top=\"50\" padding_bottom=\"50\"][vc_column width=\"2\/3\"][vc_empty_space][vc_column_text]<\/p>\n<h2 style=\"text-align: left;\"><span style=\"color: #000; font-size: 1.2em; font-weight: 900;\">Kits de recertificaci\u00f3n<\/span><\/h2>\n<p><span style=\"color: #000; font-size: 1.1em;\">Como sucede con todo buen software, tendr\u00e1s que actualizar tus conocimientos sobre redes\/seguridad antes del tercer aniversario de tu certificaci\u00f3n. Puedes hacerlo con nuestros kits de recertificaci\u00f3n en l\u00ednea, que te permiten renovar tu certificaci\u00f3n por otros tres a\u00f1os m\u00e1s.<\/span>[\/vc_column_text][vc_empty_space]<a  itemprop=\"url\" href=\"https:\/\/www.stormshield.com\/es\/contacto\/equipo-de-formacion\/\" target=\"_blank\" data-hover-background-color=\"#d23467\" data-hover-border-color=\"#ffffff\" class=\"qbutton  white enlarge\" style=\"border-color: #ffffff; background-color:#060051;\">Contacto<i class=\"qode_icon_font_awesome fa fa-angle-right qode_button_icon_element\"><\/i><\/a>[vc_empty_space][\/vc_column][vc_column width=\"1\/3\" css=\".vc_custom_1723798853119{padding-right: 32px !important;padding-left: 32px !important;background-color: #f9f9f9 !important;}\"][vc_column_text]<\/p>\n<h2 style=\"text-align: left;\"><span style=\"color: #000; font-size: 1.2em; font-weight: 900;\">Calendario<\/span><\/h2>\n<p><span style=\"color: #000; font-size: 1.1em;\">\u00bfQuieres conocer las fechas de los cursos de formaci\u00f3n dedicados a la protecci\u00f3n de redes? Consulta nuestro calendario de formaci\u00f3n SNS.<\/span>[\/vc_column_text][vc_empty_space]<a  itemprop=\"url\" href=\"https:\/\/www.stormshield.com\/es\/nuestro-apoyo\/servicios\/formacion\/calendario-de-formacion\/\" target=\"_blank\" data-hover-background-color=\"#d23467\" data-hover-border-color=\"#ffffff\" class=\"qbutton  white enlarge\" style=\"border-color: #ffffff; background-color:#060051;\">Calendario<i class=\"qode_icon_font_awesome fa fa-angle-right qode_button_icon_element\"><\/i><\/a>[vc_empty_space][\/vc_column][\/vc_row]<\/p>\n<\/div>","protected":false},"excerpt":{"rendered":"<p>[vc_row css_animation=\u00bb\u00bb row_type=\u00bbrow\u00bb use_row_as_full_screen_section=\u00bbno\u00bb type=\u00bbgrid\u00bb angled_section=\u00bbno\u00bb text_align=\u00bbleft\u00bb background_image_as_pattern=\u00bbwithout_pattern\u00bb z_index=\u00bb\u00bb padding_top=\u00bb50&#8243; padding_bottom=\u00bb50&#8243;][vc_column][vc_empty_space][vc_column_text] Formaci\u00f3n SNS: todo sobre la protecci\u00f3n de las redes [\/vc_column_text][vc_empty_space][\/vc_column][\/vc_row][vc_row css_animation=\u00bb\u00bb row_type=\u00bbrow\u00bb use_row_as_full_screen_section=\u00bbno\u00bb type=\u00bbgrid\u00bb angled_section=\u00bbno\u00bb text_align=\u00bbleft\u00bb background_image_as_pattern=\u00bbwithout_pattern\u00bb z_index=\u00bb\u00bb][vc_column width=\u00bb2\/3&#8243;][vc_column_text css=\u00bb\u00bb]Aprende todos los entresijos de la protecci\u00f3n de redes con nuestros cursos de formaci\u00f3n espec\u00edficos&#8230;.<\/p>\n","protected":false},"author":1,"featured_media":0,"parent":205084,"menu_order":66,"comment_status":"closed","ping_status":"closed","template":"full_width.php","meta":{"_acf_changed":false,"footnotes":""},"class_list":["post-205088","page","type-page","status-publish","hentry"],"acf":[],"yoast_head":"<!-- This site is optimized with the Yoast SEO plugin v27.3 - https:\/\/yoast.com\/product\/yoast-seo-wordpress\/ -->\n<title>Cursos de formaci\u00f3n sobre SNS y ciberseguridad | Stormshield<\/title>\n<meta name=\"description\" content=\"Aprenda los entresijos de la protecci\u00f3n de redes con los cursos de formaci\u00f3n de Stormshield: adaptados a sus necesidades y usos.\" \/>\n<meta name=\"robots\" content=\"index, follow, max-snippet:-1, max-image-preview:large, max-video-preview:-1\" \/>\n<link rel=\"canonical\" href=\"https:\/\/www.stormshield.com\/es\/nuestro-apoyo\/servicios\/formacion\/sns\/\" \/>\n<meta property=\"og:locale\" content=\"es_ES\" \/>\n<meta property=\"og:type\" content=\"article\" \/>\n<meta property=\"og:title\" content=\"Cursos de formaci\u00f3n sobre SNS y ciberseguridad | Stormshield\" \/>\n<meta property=\"og:description\" content=\"Aprenda los entresijos de la protecci\u00f3n de redes con los cursos de formaci\u00f3n de Stormshield: adaptados a sus necesidades y usos.\" \/>\n<meta property=\"og:url\" content=\"https:\/\/www.stormshield.com\/es\/nuestro-apoyo\/servicios\/formacion\/sns\/\" \/>\n<meta property=\"og:site_name\" content=\"Stormshield\" \/>\n<meta property=\"article:modified_time\" content=\"2025-02-06T13:38:51+00:00\" \/>\n<meta property=\"og:image\" content=\"https:\/\/www.stormshield.com\/wp-content\/uploads\/stormshield_logo.png\" \/>\n\t<meta property=\"og:image:width\" content=\"204\" \/>\n\t<meta property=\"og:image:height\" content=\"94\" \/>\n\t<meta property=\"og:image:type\" content=\"image\/png\" \/>\n<meta name=\"twitter:card\" content=\"summary_large_image\" \/>\n<meta name=\"twitter:site\" content=\"@Stormshield\" \/>\n<meta name=\"twitter:label1\" content=\"Tiempo de lectura\" \/>\n\t<meta name=\"twitter:data1\" content=\"4 minutos\" \/>\n<script type=\"application\/ld+json\" class=\"yoast-schema-graph\">{\"@context\":\"https:\\\/\\\/schema.org\",\"@graph\":[{\"@type\":\"WebPage\",\"@id\":\"https:\\\/\\\/www.stormshield.com\\\/es\\\/nuestro-apoyo\\\/servicios\\\/formacion\\\/sns\\\/\",\"url\":\"https:\\\/\\\/www.stormshield.com\\\/es\\\/nuestro-apoyo\\\/servicios\\\/formacion\\\/sns\\\/\",\"name\":\"Cursos de formaci\u00f3n sobre SNS y ciberseguridad | Stormshield\",\"isPartOf\":{\"@id\":\"https:\\\/\\\/www.stormshield.com\\\/es\\\/#website\"},\"datePublished\":\"2016-12-05T17:15:57+00:00\",\"dateModified\":\"2025-02-06T13:38:51+00:00\",\"description\":\"Aprenda los entresijos de la protecci\u00f3n de redes con los cursos de formaci\u00f3n de Stormshield: adaptados a sus necesidades y usos.\",\"breadcrumb\":{\"@id\":\"https:\\\/\\\/www.stormshield.com\\\/es\\\/nuestro-apoyo\\\/servicios\\\/formacion\\\/sns\\\/#breadcrumb\"},\"inLanguage\":\"es\",\"potentialAction\":[{\"@type\":\"ReadAction\",\"target\":[\"https:\\\/\\\/www.stormshield.com\\\/es\\\/nuestro-apoyo\\\/servicios\\\/formacion\\\/sns\\\/\"]}]},{\"@type\":\"BreadcrumbList\",\"@id\":\"https:\\\/\\\/www.stormshield.com\\\/es\\\/nuestro-apoyo\\\/servicios\\\/formacion\\\/sns\\\/#breadcrumb\",\"itemListElement\":[{\"@type\":\"ListItem\",\"position\":1,\"name\":\"Home\",\"item\":\"https:\\\/\\\/www.stormshield.com\\\/es\\\/\"},{\"@type\":\"ListItem\",\"position\":2,\"name\":\"Nuestro apoyo\",\"item\":\"https:\\\/\\\/www.stormshield.com\\\/es\\\/nuestro-apoyo\\\/\"},{\"@type\":\"ListItem\",\"position\":3,\"name\":\"Servicios\",\"item\":\"https:\\\/\\\/www.stormshield.com\\\/es\\\/nuestro-apoyo\\\/servicios\\\/\"},{\"@type\":\"ListItem\",\"position\":4,\"name\":\"Formaci\u00f3n\",\"item\":\"https:\\\/\\\/www.stormshield.com\\\/es\\\/nuestro-apoyo\\\/servicios\\\/formacion\\\/\"},{\"@type\":\"ListItem\",\"position\":5,\"name\":\"Formaci\u00f3n SNS\"}]},{\"@type\":\"WebSite\",\"@id\":\"https:\\\/\\\/www.stormshield.com\\\/es\\\/#website\",\"url\":\"https:\\\/\\\/www.stormshield.com\\\/es\\\/\",\"name\":\"Stormshield\",\"description\":\"Stormshield\",\"potentialAction\":[{\"@type\":\"SearchAction\",\"target\":{\"@type\":\"EntryPoint\",\"urlTemplate\":\"https:\\\/\\\/www.stormshield.com\\\/es\\\/?s={search_term_string}\"},\"query-input\":{\"@type\":\"PropertyValueSpecification\",\"valueRequired\":true,\"valueName\":\"search_term_string\"}}],\"inLanguage\":\"es\"}]}<\/script>\n<!-- \/ Yoast SEO plugin. -->","yoast_head_json":{"title":"Cursos de formaci\u00f3n sobre SNS y ciberseguridad | Stormshield","description":"Aprenda los entresijos de la protecci\u00f3n de redes con los cursos de formaci\u00f3n de Stormshield: adaptados a sus necesidades y usos.","robots":{"index":"index","follow":"follow","max-snippet":"max-snippet:-1","max-image-preview":"max-image-preview:large","max-video-preview":"max-video-preview:-1"},"canonical":"https:\/\/www.stormshield.com\/es\/nuestro-apoyo\/servicios\/formacion\/sns\/","og_locale":"es_ES","og_type":"article","og_title":"Cursos de formaci\u00f3n sobre SNS y ciberseguridad | Stormshield","og_description":"Aprenda los entresijos de la protecci\u00f3n de redes con los cursos de formaci\u00f3n de Stormshield: adaptados a sus necesidades y usos.","og_url":"https:\/\/www.stormshield.com\/es\/nuestro-apoyo\/servicios\/formacion\/sns\/","og_site_name":"Stormshield","article_modified_time":"2025-02-06T13:38:51+00:00","og_image":[{"width":204,"height":94,"url":"https:\/\/www.stormshield.com\/wp-content\/uploads\/stormshield_logo.png","type":"image\/png"}],"twitter_card":"summary_large_image","twitter_site":"@Stormshield","twitter_misc":{"Tiempo de lectura":"4 minutos"},"schema":{"@context":"https:\/\/schema.org","@graph":[{"@type":"WebPage","@id":"https:\/\/www.stormshield.com\/es\/nuestro-apoyo\/servicios\/formacion\/sns\/","url":"https:\/\/www.stormshield.com\/es\/nuestro-apoyo\/servicios\/formacion\/sns\/","name":"Cursos de formaci\u00f3n sobre SNS y ciberseguridad | Stormshield","isPartOf":{"@id":"https:\/\/www.stormshield.com\/es\/#website"},"datePublished":"2016-12-05T17:15:57+00:00","dateModified":"2025-02-06T13:38:51+00:00","description":"Aprenda los entresijos de la protecci\u00f3n de redes con los cursos de formaci\u00f3n de Stormshield: adaptados a sus necesidades y usos.","breadcrumb":{"@id":"https:\/\/www.stormshield.com\/es\/nuestro-apoyo\/servicios\/formacion\/sns\/#breadcrumb"},"inLanguage":"es","potentialAction":[{"@type":"ReadAction","target":["https:\/\/www.stormshield.com\/es\/nuestro-apoyo\/servicios\/formacion\/sns\/"]}]},{"@type":"BreadcrumbList","@id":"https:\/\/www.stormshield.com\/es\/nuestro-apoyo\/servicios\/formacion\/sns\/#breadcrumb","itemListElement":[{"@type":"ListItem","position":1,"name":"Home","item":"https:\/\/www.stormshield.com\/es\/"},{"@type":"ListItem","position":2,"name":"Nuestro apoyo","item":"https:\/\/www.stormshield.com\/es\/nuestro-apoyo\/"},{"@type":"ListItem","position":3,"name":"Servicios","item":"https:\/\/www.stormshield.com\/es\/nuestro-apoyo\/servicios\/"},{"@type":"ListItem","position":4,"name":"Formaci\u00f3n","item":"https:\/\/www.stormshield.com\/es\/nuestro-apoyo\/servicios\/formacion\/"},{"@type":"ListItem","position":5,"name":"Formaci\u00f3n SNS"}]},{"@type":"WebSite","@id":"https:\/\/www.stormshield.com\/es\/#website","url":"https:\/\/www.stormshield.com\/es\/","name":"Stormshield","description":"Stormshield","potentialAction":[{"@type":"SearchAction","target":{"@type":"EntryPoint","urlTemplate":"https:\/\/www.stormshield.com\/es\/?s={search_term_string}"},"query-input":{"@type":"PropertyValueSpecification","valueRequired":true,"valueName":"search_term_string"}}],"inLanguage":"es"}]}},"_links":{"self":[{"href":"https:\/\/www.stormshield.com\/es\/wp-json\/wp\/v2\/pages\/205088","targetHints":{"allow":["GET"]}}],"collection":[{"href":"https:\/\/www.stormshield.com\/es\/wp-json\/wp\/v2\/pages"}],"about":[{"href":"https:\/\/www.stormshield.com\/es\/wp-json\/wp\/v2\/types\/page"}],"author":[{"embeddable":true,"href":"https:\/\/www.stormshield.com\/es\/wp-json\/wp\/v2\/users\/1"}],"replies":[{"embeddable":true,"href":"https:\/\/www.stormshield.com\/es\/wp-json\/wp\/v2\/comments?post=205088"}],"version-history":[{"count":22,"href":"https:\/\/www.stormshield.com\/es\/wp-json\/wp\/v2\/pages\/205088\/revisions"}],"predecessor-version":[{"id":609428,"href":"https:\/\/www.stormshield.com\/es\/wp-json\/wp\/v2\/pages\/205088\/revisions\/609428"}],"up":[{"embeddable":true,"href":"https:\/\/www.stormshield.com\/es\/wp-json\/wp\/v2\/pages\/205084"}],"wp:attachment":[{"href":"https:\/\/www.stormshield.com\/es\/wp-json\/wp\/v2\/media?parent=205088"}],"curies":[{"name":"wp","href":"https:\/\/api.w.org\/{rel}","templated":true}]}}