{"id":205079,"date":"2016-08-19T14:03:22","date_gmt":"2016-08-19T13:03:22","guid":{"rendered":"https:\/\/www.stormshield.com\/productos-y-servicios\/soporte-tecnico\/maintenance\/"},"modified":"2025-02-21T14:36:52","modified_gmt":"2025-02-21T13:36:52","slug":"mantenimiento","status":"publish","type":"page","link":"https:\/\/www.stormshield.com\/es\/nuestro-apoyo\/servicios\/mantenimiento\/","title":{"rendered":"Mantenimiento"},"content":{"rendered":"<div class=\"wpb-content-wrapper\"><p>[vc_row css_animation=\"\" row_type=\"row\" use_row_as_full_screen_section=\"no\" type=\"grid\" angled_section=\"no\" text_align=\"left\" background_image_as_pattern=\"without_pattern\" z_index=\"\" padding_top=\"50\" padding_bottom=\"50\"][vc_column][vc_empty_space][vc_column_text]<\/p>\n<h1 style=\"text-align: center;\"><span style=\"color: #00aaf5;\"><span style=\"font-weight: 300; font-size: 1.5em;\">La eficacia constante de nuestros productos garantizada con el <\/span><\/span><span style=\"color: #00aaf5;\"><span style=\"font-weight: 900; font-size: 1.5em;\">servicio de mantenimiento Stormshield<\/span><\/span><\/h1>\n<p>[\/vc_column_text][\/vc_column][\/vc_row][vc_row css_animation=\"\" row_type=\"row\" use_row_as_full_screen_section=\"no\" type=\"grid\" angled_section=\"no\" text_align=\"left\" background_image_as_pattern=\"without_pattern\" z_index=\"\" padding_bottom=\"50\" css=\".vc_custom_1697804221509{background-color: #ffffff !important;}\" padding_top=\"50\"][vc_column][vc_row_inner row_type=\"row\" type=\"full_width\" text_align=\"left\" css_animation=\"\" background_color=\"#f9f9f9\" css=\".vc_custom_1697805785032{padding-top: 32px !important;padding-right: 32px !important;padding-bottom: 32px !important;padding-left: 32px !important;}\"][vc_column_inner][vc_column_text]<\/p>\n<h2><span style=\"color: #000; font-size: 1.2em; font-weight: 900;\">Maintenance, services and security packages<\/span><\/h2>\n<p><span style=\"color: #000; font-size: 1.1em;\">Estamos aqu\u00ed para ayudarte a reaccionar ante imprevistos. Por lo dem\u00e1s, conf\u00eda en nuestra experiencia como fabricante y en la l\u00f3gica preventiva del mantenimiento inform\u00e1tico. Gracias a este servicio, puedes anticiparte a posibles problemas y sustituir tus productos lo antes posible.<\/span><\/p>\n<p><span style=\"color: #000; font-size: 1.1em;\">Nuestros <a style=\"color: #000000;\" href=\"https:\/\/www.stormshield.com\/es\/ressourcescenter\/security-packs-network-security\/\" target=\"_blank\" rel=\"noopener\">paquetes de mantenimiento<\/a> son sencillos y responden a unos usos precisos: garantizan la actualizaci\u00f3n permanente de los sistemas de protecci\u00f3n esenciales para la continuidad de tus actividades. Adem\u00e1s del mantenimiento de hardware y\/o software que se describe a continuaci\u00f3n, incluyen las siguientes funcionalidades:<\/span><\/p>\n<ul>\n<li><span style=\"color: #000; font-size: 1.1em;\">acceso a la asistencia t\u00e9cnica directamente o a trav\u00e9s de nuestra red de socios;<br \/>\n<\/span><\/li>\n<li><span style=\"color: #000; font-size: 1.1em;\">actualizaciones de software correctivas y evolutivas;<br \/>\n<\/span><\/li>\n<li><span style=\"color: #000; font-size: 1.1em;\">actualizaciones continuas de los motores de seguridad.<\/span><\/li>\n<\/ul>\n<p>[\/vc_column_text][\/vc_column_inner][\/vc_row_inner][\/vc_column][\/vc_row][vc_row css_animation=\"\" row_type=\"row\" use_row_as_full_screen_section=\"no\" type=\"grid\" angled_section=\"no\" text_align=\"left\" background_image_as_pattern=\"without_pattern\" z_index=\"\" padding_bottom=\"50\"][vc_column width=\"2\/3\"][vc_column_text css=\"\"]<\/p>\n<h2><span style=\"color: #000; font-size: 1.2em; font-weight: 900;\">Mantenimiento f\u00edsico de los equipos SNS<\/span><\/h2>\n<p><span style=\"color: #000; font-size: 1.1em;\">Todos nuestros paquetes incluyen el mantenimiento del hardware de los productos Stormshield Network Security (<a style=\"color: #000000;\" href=\"https:\/\/www.stormshield.com\/es\/productos-y-servicios\/productos\/seguridad-de-red\/product-range-sns\/\" target=\"_blank\" rel=\"noopener\">SNS<\/a>), as\u00ed como de los servicios a la carta para actualizar tus ofertas de mantenimiento.<\/span><\/p>\n<ul>\n<li><span style=\"color: #000; font-size: 1.1em;\"><strong>Essential Security Pack:<\/strong> para empresas que buscan una protecci\u00f3n unificada. Con segmentaci\u00f3n de red, comunicaciones seguras, SD-WAN, prevenci\u00f3n de intrusiones y Zero Trust Network Access (ZTNA), tienen garantizado un nivel esencial de seguridad;<br \/>\n<\/span><\/li>\n<li><span style=\"color: #000; font-size: 1.1em;\"><strong>Premium Security Pack:<\/strong> este paquete est\u00e1 dise\u00f1ado para empresas con requisitos de seguridad exigentes. Proporciona las mejores tecnolog\u00edas para contrarrestar los ataques m\u00e1s avanzados. El sistema antimalware avanzado con tecnolog\u00eda de emulaci\u00f3n, el sandboxing optimizado por IA (Breach Fighter) y el filtrado de URL en modo Cloud (Extended Web Control) garantizan el nivel de protecci\u00f3n esperado por las organizaciones con requisitos de seguridad exigentes.<\/span><\/li>\n<\/ul>\n<p><span style=\"color: #000; font-size: 1.1em;\">Y para responder a las necesidades de nuestros clientes industriales, hemos dise\u00f1ado otros dos packs de seguridad dedicados a las necesidades espec\u00edficas de las infraestructuras industriales: <strong>Industrial Security Pack<\/strong> y <strong>Industrial Plus Security Pack<\/strong>.<\/span>[\/vc_column_text][vc_empty_space]<a  itemprop=\"url\" href=\"https:\/\/www.stormshield.com\/wp-content\/uploads\/SNS-EN-Network-Security-Pack-Brochure.pdf\" target=\"_blank\" data-hover-background-color=\"#d23467\" data-hover-border-color=\"#ffffff\" class=\"qbutton  white enlarge\" style=\"border-color: #ffffff; background-color:#060051;\">Maintenance Packs<i class=\"qode_icon_font_awesome fa fa-download qode_button_icon_element\"><\/i><\/a>[vc_empty_space height=\"12px\"]<a  itemprop=\"url\" href=\"https:\/\/www.stormshield.com\/wp-content\/uploads\/SNS-EN-Industrial-Pack-Brochure.pdf\" target=\"_blank\" data-hover-background-color=\"#d23467\" data-hover-border-color=\"#ffffff\" class=\"qbutton  white enlarge\" style=\"border-color: #ffffff; background-color:#060051;\">Industrial Packs<i class=\"qode_icon_font_awesome fa fa-download qode_button_icon_element\"><\/i><\/a>[\/vc_column][vc_column width=\"1\/3\" css=\".vc_custom_1697803119835{padding-top: 24px !important;padding-right: 24px !important;padding-bottom: 24px !important;padding-left: 24px !important;background-color: #060051 !important;}\"][vc_column_text]<span style=\"color: #ffffff; font-size: 1.6em;\"><strong>Mantenimiento del software y experiencia del fabricante<\/strong><\/span><\/p>\n<p><span style=\"color: #ffffff; font-size: 1.1em;\">Las actualizaciones de software correctivas y evolutivas a veces se limitan a aportar correcciones de seguridad, y otras veces cambios importantes en los productos. <strong>La consigna de los equipos Stormshield: \u00a1un enfoque evolutivo para mejorar el rendimiento!<\/strong><\/span>[\/vc_column_text][vc_empty_space][\/vc_column][\/vc_row][vc_row css_animation=\"\" row_type=\"row\" use_row_as_full_screen_section=\"no\" type=\"grid\" angled_section=\"no\" text_align=\"left\" background_image_as_pattern=\"without_pattern\" z_index=\"\" padding_bottom=\"50\" css=\".vc_custom_1697804221509{background-color: #ffffff !important;}\" padding_top=\"50\"][vc_column][vc_row_inner row_type=\"row\" type=\"full_width\" text_align=\"left\" css_animation=\"\" background_color=\"#f9f9f9\" css=\".vc_custom_1697805747463{padding-top: 32px !important;padding-right: 32px !important;padding-bottom: 32px !important;padding-left: 32px !important;}\"][vc_column_inner width=\"2\/3\"][vc_column_text]<\/p>\n<h2><span style=\"color: #000; font-size: 1.2em; font-weight: 900;\">Intercambio de materiales y servicios a la carta<\/span><\/h2>\n<p><span style=\"color: #000; font-size: 1.1em;\">En caso de fallo de material de uno de nuestros productos, simplemente se cambia por un producto de sustituci\u00f3n similar en virtud de la garant\u00eda del fabricante.<\/span><\/p>\n<p><span style=\"color: #000; font-size: 1.1em;\">Los servicios de seguridad tambi\u00e9n pueden contratarse a la carta para completar un paquete: <a style=\"color: #000000;\" href=\"https:\/\/www.stormshield.com\/es\/ressourcescenter\/ficha-tecnica-advanced-antivirus-stormshield-network-security\/\" target=\"_blank\" rel=\"noopener\">antivirus avanzado<\/a> con tecnolog\u00eda de emulaci\u00f3n, filtrado de URL, <a style=\"color: #000000;\" href=\"https:\/\/www.stormshield.com\/es\/ressourcescenter\/ficha-tecnica-extended-web-control\/\" target=\"_blank\" rel=\"noopener\">Extended Web Control<\/a>, <a style=\"color: #000000;\" href=\"https:\/\/www.stormshield.com\/es\/ressourcescenter\/ficha-tecnica-snvm\/\" target=\"_blank\" rel=\"noopener\">Vulnerability Manager<\/a>, etc. Esto te permite actualizar tu soluci\u00f3n de seguridad y adaptarla a tus necesidades. P\u00f3ngate en contacto con nosotros para obtener m\u00e1s informaci\u00f3n.<\/span>[\/vc_column_text][vc_empty_space]<a  itemprop=\"url\" href=\"https:\/\/www.stormshield.com\/es\/contacto\/equipos-comerciales\/\" target=\"_blank\" data-hover-background-color=\"#d23467\" data-hover-border-color=\"#ffffff\" class=\"qbutton  white enlarge\" style=\"border-color: #ffffff; background-color:#060051;\">Contacto<i class=\"qode_icon_font_awesome fa fa-angle-right qode_button_icon_element\"><\/i><\/a>[vc_empty_space][\/vc_column_inner][vc_column_inner width=\"1\/3\"][vc_single_image image=\"456832\" img_size=\"medium\" alignment=\"center\" qode_css_animation=\"\"][\/vc_column_inner][\/vc_row_inner][\/vc_column][\/vc_row]<\/p>\n<\/div>","protected":false},"excerpt":{"rendered":"<p>[vc_row css_animation=\u00bb\u00bb row_type=\u00bbrow\u00bb use_row_as_full_screen_section=\u00bbno\u00bb type=\u00bbgrid\u00bb angled_section=\u00bbno\u00bb text_align=\u00bbleft\u00bb background_image_as_pattern=\u00bbwithout_pattern\u00bb z_index=\u00bb\u00bb padding_top=\u00bb50&#8243; padding_bottom=\u00bb50&#8243;][vc_column][vc_empty_space][vc_column_text] La eficacia constante de nuestros productos garantizada con el servicio de mantenimiento Stormshield [\/vc_column_text][\/vc_column][\/vc_row][vc_row css_animation=\u00bb\u00bb row_type=\u00bbrow\u00bb use_row_as_full_screen_section=\u00bbno\u00bb type=\u00bbgrid\u00bb angled_section=\u00bbno\u00bb text_align=\u00bbleft\u00bb background_image_as_pattern=\u00bbwithout_pattern\u00bb z_index=\u00bb\u00bb padding_bottom=\u00bb50&#8243; css=\u00bb.vc_custom_1697804221509{background-color: #ffffff !important;}\u00bb padding_top=\u00bb50&#8243;][vc_column][vc_row_inner row_type=\u00bbrow\u00bb type=\u00bbfull_width\u00bb text_align=\u00bbleft\u00bb css_animation=\u00bb\u00bb background_color=\u00bb#f9f9f9&#8243; css=\u00bb.vc_custom_1697805785032{padding-top: 32px&#8230;<\/p>\n","protected":false},"author":1,"featured_media":0,"parent":205035,"menu_order":210,"comment_status":"closed","ping_status":"closed","template":"full_width.php","meta":{"_acf_changed":false,"footnotes":""},"class_list":["post-205079","page","type-page","status-publish","hentry"],"acf":[],"yoast_head":"<!-- This site is optimized with the Yoast SEO plugin v27.3 - https:\/\/yoast.com\/product\/yoast-seo-wordpress\/ -->\n<title>Mantenimiento: seguridad y service packs | Stormshield<\/title>\n<meta name=\"description\" content=\"Con el servicio de mantenimiento de Stormshield, anticipe los problemas t\u00e9cnicos y sustituya r\u00e1pidamente sus productos.\" \/>\n<meta name=\"robots\" content=\"index, follow, max-snippet:-1, max-image-preview:large, max-video-preview:-1\" \/>\n<link rel=\"canonical\" href=\"https:\/\/www.stormshield.com\/es\/nuestro-apoyo\/servicios\/mantenimiento\/\" \/>\n<meta property=\"og:locale\" content=\"es_ES\" \/>\n<meta property=\"og:type\" content=\"article\" \/>\n<meta property=\"og:title\" content=\"Mantenimiento: seguridad y service packs | Stormshield\" \/>\n<meta property=\"og:description\" content=\"Con el servicio de mantenimiento de Stormshield, anticipe los problemas t\u00e9cnicos y sustituya r\u00e1pidamente sus productos.\" \/>\n<meta property=\"og:url\" content=\"https:\/\/www.stormshield.com\/es\/nuestro-apoyo\/servicios\/mantenimiento\/\" \/>\n<meta property=\"og:site_name\" content=\"Stormshield\" \/>\n<meta property=\"article:modified_time\" content=\"2025-02-21T13:36:52+00:00\" \/>\n<meta property=\"og:image\" content=\"https:\/\/www.stormshield.com\/wp-content\/uploads\/stormshield_logo.png\" \/>\n\t<meta property=\"og:image:width\" content=\"204\" \/>\n\t<meta property=\"og:image:height\" content=\"94\" \/>\n\t<meta property=\"og:image:type\" content=\"image\/png\" \/>\n<meta name=\"twitter:card\" content=\"summary_large_image\" \/>\n<meta name=\"twitter:site\" content=\"@Stormshield\" \/>\n<meta name=\"twitter:label1\" content=\"Tiempo de lectura\" \/>\n\t<meta name=\"twitter:data1\" content=\"3 minutos\" \/>\n<script type=\"application\/ld+json\" class=\"yoast-schema-graph\">{\"@context\":\"https:\\\/\\\/schema.org\",\"@graph\":[{\"@type\":\"WebPage\",\"@id\":\"https:\\\/\\\/www.stormshield.com\\\/es\\\/nuestro-apoyo\\\/servicios\\\/mantenimiento\\\/\",\"url\":\"https:\\\/\\\/www.stormshield.com\\\/es\\\/nuestro-apoyo\\\/servicios\\\/mantenimiento\\\/\",\"name\":\"Mantenimiento: seguridad y service packs | Stormshield\",\"isPartOf\":{\"@id\":\"https:\\\/\\\/www.stormshield.com\\\/es\\\/#website\"},\"datePublished\":\"2016-08-19T13:03:22+00:00\",\"dateModified\":\"2025-02-21T13:36:52+00:00\",\"description\":\"Con el servicio de mantenimiento de Stormshield, anticipe los problemas t\u00e9cnicos y sustituya r\u00e1pidamente sus productos.\",\"breadcrumb\":{\"@id\":\"https:\\\/\\\/www.stormshield.com\\\/es\\\/nuestro-apoyo\\\/servicios\\\/mantenimiento\\\/#breadcrumb\"},\"inLanguage\":\"es\",\"potentialAction\":[{\"@type\":\"ReadAction\",\"target\":[\"https:\\\/\\\/www.stormshield.com\\\/es\\\/nuestro-apoyo\\\/servicios\\\/mantenimiento\\\/\"]}]},{\"@type\":\"BreadcrumbList\",\"@id\":\"https:\\\/\\\/www.stormshield.com\\\/es\\\/nuestro-apoyo\\\/servicios\\\/mantenimiento\\\/#breadcrumb\",\"itemListElement\":[{\"@type\":\"ListItem\",\"position\":1,\"name\":\"Home\",\"item\":\"https:\\\/\\\/www.stormshield.com\\\/es\\\/\"},{\"@type\":\"ListItem\",\"position\":2,\"name\":\"Nuestro apoyo\",\"item\":\"https:\\\/\\\/www.stormshield.com\\\/es\\\/nuestro-apoyo\\\/\"},{\"@type\":\"ListItem\",\"position\":3,\"name\":\"Servicios\",\"item\":\"https:\\\/\\\/www.stormshield.com\\\/es\\\/nuestro-apoyo\\\/servicios\\\/\"},{\"@type\":\"ListItem\",\"position\":4,\"name\":\"Mantenimiento\"}]},{\"@type\":\"WebSite\",\"@id\":\"https:\\\/\\\/www.stormshield.com\\\/es\\\/#website\",\"url\":\"https:\\\/\\\/www.stormshield.com\\\/es\\\/\",\"name\":\"Stormshield\",\"description\":\"Stormshield\",\"potentialAction\":[{\"@type\":\"SearchAction\",\"target\":{\"@type\":\"EntryPoint\",\"urlTemplate\":\"https:\\\/\\\/www.stormshield.com\\\/es\\\/?s={search_term_string}\"},\"query-input\":{\"@type\":\"PropertyValueSpecification\",\"valueRequired\":true,\"valueName\":\"search_term_string\"}}],\"inLanguage\":\"es\"}]}<\/script>\n<!-- \/ Yoast SEO plugin. -->","yoast_head_json":{"title":"Mantenimiento: seguridad y service packs | Stormshield","description":"Con el servicio de mantenimiento de Stormshield, anticipe los problemas t\u00e9cnicos y sustituya r\u00e1pidamente sus productos.","robots":{"index":"index","follow":"follow","max-snippet":"max-snippet:-1","max-image-preview":"max-image-preview:large","max-video-preview":"max-video-preview:-1"},"canonical":"https:\/\/www.stormshield.com\/es\/nuestro-apoyo\/servicios\/mantenimiento\/","og_locale":"es_ES","og_type":"article","og_title":"Mantenimiento: seguridad y service packs | Stormshield","og_description":"Con el servicio de mantenimiento de Stormshield, anticipe los problemas t\u00e9cnicos y sustituya r\u00e1pidamente sus productos.","og_url":"https:\/\/www.stormshield.com\/es\/nuestro-apoyo\/servicios\/mantenimiento\/","og_site_name":"Stormshield","article_modified_time":"2025-02-21T13:36:52+00:00","og_image":[{"width":204,"height":94,"url":"https:\/\/www.stormshield.com\/wp-content\/uploads\/stormshield_logo.png","type":"image\/png"}],"twitter_card":"summary_large_image","twitter_site":"@Stormshield","twitter_misc":{"Tiempo de lectura":"3 minutos"},"schema":{"@context":"https:\/\/schema.org","@graph":[{"@type":"WebPage","@id":"https:\/\/www.stormshield.com\/es\/nuestro-apoyo\/servicios\/mantenimiento\/","url":"https:\/\/www.stormshield.com\/es\/nuestro-apoyo\/servicios\/mantenimiento\/","name":"Mantenimiento: seguridad y service packs | Stormshield","isPartOf":{"@id":"https:\/\/www.stormshield.com\/es\/#website"},"datePublished":"2016-08-19T13:03:22+00:00","dateModified":"2025-02-21T13:36:52+00:00","description":"Con el servicio de mantenimiento de Stormshield, anticipe los problemas t\u00e9cnicos y sustituya r\u00e1pidamente sus productos.","breadcrumb":{"@id":"https:\/\/www.stormshield.com\/es\/nuestro-apoyo\/servicios\/mantenimiento\/#breadcrumb"},"inLanguage":"es","potentialAction":[{"@type":"ReadAction","target":["https:\/\/www.stormshield.com\/es\/nuestro-apoyo\/servicios\/mantenimiento\/"]}]},{"@type":"BreadcrumbList","@id":"https:\/\/www.stormshield.com\/es\/nuestro-apoyo\/servicios\/mantenimiento\/#breadcrumb","itemListElement":[{"@type":"ListItem","position":1,"name":"Home","item":"https:\/\/www.stormshield.com\/es\/"},{"@type":"ListItem","position":2,"name":"Nuestro apoyo","item":"https:\/\/www.stormshield.com\/es\/nuestro-apoyo\/"},{"@type":"ListItem","position":3,"name":"Servicios","item":"https:\/\/www.stormshield.com\/es\/nuestro-apoyo\/servicios\/"},{"@type":"ListItem","position":4,"name":"Mantenimiento"}]},{"@type":"WebSite","@id":"https:\/\/www.stormshield.com\/es\/#website","url":"https:\/\/www.stormshield.com\/es\/","name":"Stormshield","description":"Stormshield","potentialAction":[{"@type":"SearchAction","target":{"@type":"EntryPoint","urlTemplate":"https:\/\/www.stormshield.com\/es\/?s={search_term_string}"},"query-input":{"@type":"PropertyValueSpecification","valueRequired":true,"valueName":"search_term_string"}}],"inLanguage":"es"}]}},"_links":{"self":[{"href":"https:\/\/www.stormshield.com\/es\/wp-json\/wp\/v2\/pages\/205079","targetHints":{"allow":["GET"]}}],"collection":[{"href":"https:\/\/www.stormshield.com\/es\/wp-json\/wp\/v2\/pages"}],"about":[{"href":"https:\/\/www.stormshield.com\/es\/wp-json\/wp\/v2\/types\/page"}],"author":[{"embeddable":true,"href":"https:\/\/www.stormshield.com\/es\/wp-json\/wp\/v2\/users\/1"}],"replies":[{"embeddable":true,"href":"https:\/\/www.stormshield.com\/es\/wp-json\/wp\/v2\/comments?post=205079"}],"version-history":[{"count":12,"href":"https:\/\/www.stormshield.com\/es\/wp-json\/wp\/v2\/pages\/205079\/revisions"}],"predecessor-version":[{"id":617608,"href":"https:\/\/www.stormshield.com\/es\/wp-json\/wp\/v2\/pages\/205079\/revisions\/617608"}],"up":[{"embeddable":true,"href":"https:\/\/www.stormshield.com\/es\/wp-json\/wp\/v2\/pages\/205035"}],"wp:attachment":[{"href":"https:\/\/www.stormshield.com\/es\/wp-json\/wp\/v2\/media?parent=205079"}],"curies":[{"name":"wp","href":"https:\/\/api.w.org\/{rel}","templated":true}]}}