{"id":205035,"date":"2016-12-05T16:24:25","date_gmt":"2016-12-05T15:24:25","guid":{"rendered":"https:\/\/www.stormshield.com\/productos-y-servicios\/services\/"},"modified":"2025-10-27T08:46:35","modified_gmt":"2025-10-27T07:46:35","slug":"servicios","status":"publish","type":"page","link":"https:\/\/www.stormshield.com\/es\/nuestro-apoyo\/servicios\/","title":{"rendered":"Servicios"},"content":{"rendered":"<div class=\"wpb-content-wrapper\"><p>[vc_row css_animation=\"\" row_type=\"row\" use_row_as_full_screen_section=\"no\" type=\"grid\" angled_section=\"no\" text_align=\"left\" background_image_as_pattern=\"without_pattern\" z_index=\"\" padding_top=\"50\" padding_bottom=\"50\"][vc_column][vc_empty_space][vc_column_text]<\/p>\n<h1 style=\"text-align: center;\"><span style=\"color: #00aaf5;\"><span style=\"font-weight: 300; font-size: 1.5em;\">Acceso a la ciberserenidad <\/span><\/span><span style=\"color: #00aaf5;\"><span style=\"font-weight: 900; font-size: 1.5em;\">con la oferta de servicios Stormshield<\/span><\/span><\/h1>\n<p>[\/vc_column_text][vc_empty_space][\/vc_column][\/vc_row][vc_row css_animation=\"\" row_type=\"row\" use_row_as_full_screen_section=\"no\" type=\"grid\" angled_section=\"no\" text_align=\"left\" background_image_as_pattern=\"without_pattern\" z_index=\"\" padding_bottom=\"50\"][vc_column][vc_column_text]<span style=\"color: #000; font-size: 1.1em;\">La seguridad inform\u00e1tica no es un camino de rosas. La evoluci\u00f3n de las amenazas nos obliga a pensar en la ciberseguridad desde una perspectiva mucho m\u00e1s amplia. Para guiarte, actuamos a todos los niveles para reducir las superficies de ataque y garantizar un alto nivel de protecci\u00f3n. Gracias a nuestros diversos servicios, podr\u00e1s disfrutar de una ciberserenidad absoluta.<\/span>[\/vc_column_text][\/vc_column][\/vc_row][vc_row css_animation=\"\" row_type=\"row\" use_row_as_full_screen_section=\"no\" type=\"grid\" angled_section=\"no\" text_align=\"left\" background_image_as_pattern=\"without_pattern\" z_index=\"\"][vc_column width=\"1\/6\"][vc_single_image image=\"456832\" alignment=\"center\" onclick=\"custom_link\" img_link_target=\"_blank\" qode_css_animation=\"\" link=\"https:\/\/www.stormshield.com\/es\/nuestro-apoyo\/servicios\/mantenimiento\/\"][\/vc_column][vc_column width=\"1\/3\"][vc_column_text]<\/p>\n<h2><span style=\"color: #00aeef; font-size: 1.2em; font-weight: 900;\">Mantenimiento<\/span><\/h2>\n<p><span style=\"color: #000; font-size: 1.1em;\">Conf\u00eda en nuestra experiencia como fabricante y en la l\u00f3gica preventiva del mantenimiento inform\u00e1tico. Gracias a este servicio, puedes anticiparte a posibles problemas y sustituir tus productos lo antes posible.<\/span>[\/vc_column_text][\/vc_column][vc_column width=\"1\/6\"][vc_single_image image=\"456807\" alignment=\"center\" onclick=\"custom_link\" img_link_target=\"_blank\" qode_css_animation=\"\" link=\"https:\/\/www.stormshield.com\/es\/nuestro-apoyo\/servicios\/soporte-tecnico\/\"][\/vc_column][vc_column width=\"1\/3\"][vc_column_text]<\/p>\n<h2><span style=\"color: #00aeef; font-size: 1.2em; font-weight: 900;\">Soporte t\u00e9cnico<\/span><\/h2>\n<p><span style=\"color: #000; font-size: 1.1em;\">Incluso en las situaciones m\u00e1s complejas, el soporte t\u00e9cnico de Stormshield est\u00e1 a tu lado para garantizar la continuidad del servicio y proteger a tus usuarios e infraestructuras de la mejor manera.<\/span>[\/vc_column_text][\/vc_column][\/vc_row][vc_row css_animation=\"\" row_type=\"row\" use_row_as_full_screen_section=\"no\" type=\"grid\" angled_section=\"no\" text_align=\"left\" background_image_as_pattern=\"without_pattern\" z_index=\"\"][vc_column][vc_empty_space][\/vc_column][\/vc_row][vc_row css_animation=\"\" row_type=\"row\" use_row_as_full_screen_section=\"no\" type=\"grid\" angled_section=\"no\" text_align=\"left\" background_image_as_pattern=\"without_pattern\" z_index=\"\"][vc_column width=\"1\/6\"][vc_single_image image=\"456837\" alignment=\"center\" onclick=\"custom_link\" img_link_target=\"_blank\" qode_css_animation=\"\" link=\"https:\/\/www.stormshield.com\/es\/nuestro-apoyo\/servicios\/formacion\/\"][\/vc_column][vc_column width=\"1\/3\"][vc_column_text]<\/p>\n<h2><span style=\"color: #00aeef; font-size: 1.2em; font-weight: 900;\">Formaci\u00f3n<\/span><\/h2>\n<p><span style=\"color: #000; font-size: 1.1em;\">Protecci\u00f3n de redes, datos, servidores y ordenadores o entornos OT... Nuestra misi\u00f3n: ofrecerte la formaci\u00f3n que mejor se adapte a tus necesidades.<\/span>[\/vc_column_text][\/vc_column][vc_column width=\"1\/6\"][vc_single_image image=\"456622\" alignment=\"center\" onclick=\"custom_link\" img_link_target=\"_blank\" qode_css_animation=\"\" link=\"https:\/\/www.stormshield.com\/es\/nuestro-apoyo\/servicios\/servicios-profesionales\/\"][\/vc_column][vc_column width=\"1\/3\"][vc_column_text]<\/p>\n<h2><span style=\"color: #00aeef; font-size: 1.2em; font-weight: 900;\">Servicios Profesionales<\/span><\/h2>\n<p><span style=\"color: #000; font-size: 1.1em;\">Tanto si eres socio como proveedor o cliente, podemos ayudarte a crear tus infraestructuras complejas. Nuestros equipos internos de servicios profesionales te garantizan una implantaci\u00f3n \u00f3ptima.<\/span>[\/vc_column_text][\/vc_column][\/vc_row][vc_row css_animation=\"\" row_type=\"row\" use_row_as_full_screen_section=\"no\" type=\"grid\" angled_section=\"no\" text_align=\"left\" background_image_as_pattern=\"without_pattern\" z_index=\"\"][vc_column][vc_empty_space][\/vc_column][\/vc_row][vc_row css_animation=\"\" row_type=\"row\" use_row_as_full_screen_section=\"no\" type=\"grid\" angled_section=\"no\" text_align=\"left\" background_image_as_pattern=\"without_pattern\" z_index=\"\"][vc_column width=\"1\/6\"][vc_single_image image=\"456842\" alignment=\"center\" onclick=\"custom_link\" img_link_target=\"_blank\" qode_css_animation=\"\" link=\"https:\/\/www.stormshield.com\/es\/nuestro-apoyo\/servicios\/stormshield-academy\/\"][\/vc_column][vc_column width=\"1\/3\"][vc_column_text]<\/p>\n<h2><span style=\"color: #00aeef; font-size: 1.2em; font-weight: 900;\">Relaciones con escuelas<\/span><\/h2>\n<p><span style=\"color: #000; font-size: 1.1em;\">La colaboraci\u00f3n est\u00e1 en nuestro ADN, por eso dedicamos una atenci\u00f3n especial al mundo de la ense\u00f1anza superior.<\/span>[\/vc_column_text][\/vc_column][vc_column width=\"1\/6\"][vc_single_image image=\"456607\" alignment=\"center\" onclick=\"custom_link\" img_link_target=\"_blank\" qode_css_animation=\"\" link=\"https:\/\/www.stormshield.com\/es\/nuestro-apoyo\/servicios\/cyber-threat-intelligence\/\"][\/vc_column][vc_column width=\"1\/3\"][vc_column_text]<\/p>\n<h2><span style=\"color: #00aeef; font-size: 1.2em; font-weight: 900;\">Cyber Threat Intelligence<\/span><\/h2>\n<p><span style=\"color: #000; font-size: 1.1em;\">Nuestro equipo de CTI tiene dos misiones principales: estudiar las ciberamenazas para comprenderlas y mejorar continuamente la protecci\u00f3n que ofrecen los productos Stormshield.<\/span>[\/vc_column_text][\/vc_column][\/vc_row][vc_row css_animation=\"\" row_type=\"row\" use_row_as_full_screen_section=\"no\" type=\"grid\" angled_section=\"no\" text_align=\"left\" background_image_as_pattern=\"without_pattern\" z_index=\"\" padding_bottom=\"50\" css=\".vc_custom_1697804221509{background-color: #ffffff !important;}\" padding_top=\"50\"][vc_column][vc_row_inner row_type=\"row\" type=\"full_width\" text_align=\"left\" css_animation=\"\" background_color=\"#f9f9f9\" css=\".vc_custom_1697805785032{padding-top: 32px !important;padding-right: 32px !important;padding-bottom: 32px !important;padding-left: 32px !important;}\"][vc_column_inner][vc_column_text css=\"\"]<\/p>\n<h2><span style=\"color: #000; font-size: 1.2em; font-weight: 900;\">Portal de Seguridad<\/span><\/h2>\n<p><span style=\"color: #000000;\"><span style=\"font-size: 1.1em;\">Nuestro portal de seguridad te permite hacer varias cosas: identificar si una direcci\u00f3n IP est\u00e1 presente en nuestras bases de datos de reputaci\u00f3n IP, encontrar las protecciones existentes en nuestros productos (tanto firmas SNS como reglas SES)... Y con el Threat Map, puedes mantenerte informado sobre el estado de las ciberamenazas en todo el mundo en tiempo real.<\/span><\/span>[\/vc_column_text][vc_empty_space]<a  itemprop=\"url\" href=\"https:\/\/security.stormshield.eu\/\" target=\"_blank\" data-hover-background-color=\"#d23467\" data-hover-border-color=\"#ffffff\" class=\"qbutton  center white enlarge\" style=\"border-color: #ffffff; background-color:#060051;\">Security Portal<i class=\"qode_icon_font_awesome fa fa-angle-right qode_button_icon_element\"><\/i><\/a>[\/vc_column_inner][\/vc_row_inner][\/vc_column][\/vc_row][vc_row css_animation=\"\" row_type=\"row\" use_row_as_full_screen_section=\"no\" type=\"grid\" angled_section=\"no\" text_align=\"left\" background_image_as_pattern=\"without_pattern\" z_index=\"\" padding_bottom=\"50\" padding_top=\"50\"][vc_column][vc_row_inner row_type=\"row\" type=\"full_width\" text_align=\"left\" css_animation=\"\"][vc_column_inner][vc_column_text]<\/p>\n<h2><span style=\"color: #000; font-size: 1.2em; font-weight: 900;\">Management information base y SNMP consultas<\/span><\/h2>\n<p><span style=\"color: #000000;\"><span style=\"font-size: 1.1em;\"><strong>\u00bfBusca el Stormshield MIBS?<\/strong> Estos scripts listos para usar para las soluciones Stormshield Network Security garantizan una protecci\u00f3n \u00f3ptima de su red y sus equipos. Estos archivos est\u00e1n destinados a los administradores de sistemas y describen una estructura de datos que debe recuperarse y centralizarse en una soluci\u00f3n de supervisi\u00f3n. Cada archivo describe un conjunto de datos que est\u00e1 vinculado a un m\u00f3dulo espec\u00edfico de nuestros cortafuegos Stormshield Network Security o a un tipo particular de informaci\u00f3n. Los archivos MIBS de Stormshield ya est\u00e1n disponibles en su \u00e1rea segura de MyStormshield.<\/span><\/span>[\/vc_column_text][vc_empty_space]<a  itemprop=\"url\" href=\"https:\/\/mystormshield.eu\/\" target=\"_blank\" data-hover-background-color=\"#d23467\" data-hover-border-color=\"#ffffff\" class=\"qbutton  center white enlarge\" style=\"border-color: #ffffff; background-color:#060051;\">MyStormshield<i class=\"qode_icon_font_awesome fa fa-angle-right qode_button_icon_element\"><\/i><\/a>[\/vc_column_inner][\/vc_row_inner][\/vc_column][\/vc_row][vc_row css_animation=\"\" row_type=\"row\" use_row_as_full_screen_section=\"no\" type=\"grid\" angled_section=\"no\" text_align=\"left\" background_image_as_pattern=\"without_pattern\" z_index=\"\" padding_bottom=\"50\" css=\".vc_custom_1697804221509{background-color: #ffffff !important;}\" padding_top=\"50\"][vc_column][vc_row_inner row_type=\"row\" type=\"full_width\" text_align=\"left\" css_animation=\"\" background_color=\"#f9f9f9\" css=\".vc_custom_1697805785032{padding-top: 32px !important;padding-right: 32px !important;padding-bottom: 32px !important;padding-left: 32px !important;}\"][vc_column_inner][vc_column_text]<\/p>\n<h2><span style=\"color: #000; font-size: 1.2em; font-weight: 900;\">Documentaci\u00f3n de Stormshield<\/span><\/h2>\n<p><span style=\"color: #000000;\"><span style=\"font-size: 1.1em;\">\u00bfBusca fichas de producto, folletos, v\u00eddeos de presentaci\u00f3n, seminarios web, testimonios de clientes, opiniones de expertos y libros blancos? En este sitio web encontrar\u00e1 toda esta informaci\u00f3n de marketing.<\/span><\/span><\/p>\n<p><span style=\"color: #000000;\"><span style=\"font-size: 1.1em;\">Si busca manuales de usuario, gu\u00edas de instalaci\u00f3n y notas de la versi\u00f3n de sus productos Stormshield, visite el sitio de Documentaci\u00f3n t\u00e9cnica.<br \/>\n<\/span><\/span>[\/vc_column_text][vc_empty_space]<a  itemprop=\"url\" href=\"https:\/\/www.stormshield.com\/es\/recursos\/\" target=\"_blank\" data-hover-background-color=\"#d23467\" data-hover-border-color=\"#ffffff\" class=\"qbutton  center white enlarge\" style=\"border-color: #ffffff; background-color:#060051;\">Documentaci\u00f3n de marketing<i class=\"qode_icon_font_awesome fa fa-angle-right qode_button_icon_element\"><\/i><\/a>[vc_empty_space height=\"12px\"]<a  itemprop=\"url\" href=\"https:\/\/documentation.stormshield.eu\/\" target=\"_blank\" data-hover-background-color=\"#d23467\" data-hover-border-color=\"#ffffff\" class=\"qbutton  center white enlarge\" style=\"border-color: #ffffff; background-color:#060051;\">Documentaci\u00f3n t\u00e9cnica<i class=\"qode_icon_font_awesome fa fa-angle-right qode_button_icon_element\"><\/i><\/a>[\/vc_column_inner][\/vc_row_inner][\/vc_column][\/vc_row]<\/p>\n<\/div>","protected":false},"excerpt":{"rendered":"<p>[vc_row css_animation=\u00bb\u00bb row_type=\u00bbrow\u00bb use_row_as_full_screen_section=\u00bbno\u00bb type=\u00bbgrid\u00bb angled_section=\u00bbno\u00bb text_align=\u00bbleft\u00bb background_image_as_pattern=\u00bbwithout_pattern\u00bb z_index=\u00bb\u00bb padding_top=\u00bb50&#8243; padding_bottom=\u00bb50&#8243;][vc_column][vc_empty_space][vc_column_text] Acceso a la ciberserenidad con la oferta de servicios Stormshield [\/vc_column_text][vc_empty_space][\/vc_column][\/vc_row][vc_row css_animation=\u00bb\u00bb row_type=\u00bbrow\u00bb use_row_as_full_screen_section=\u00bbno\u00bb type=\u00bbgrid\u00bb angled_section=\u00bbno\u00bb text_align=\u00bbleft\u00bb background_image_as_pattern=\u00bbwithout_pattern\u00bb z_index=\u00bb\u00bb padding_bottom=\u00bb50&#8243;][vc_column][vc_column_text]La seguridad inform\u00e1tica no es un camino de rosas. La evoluci\u00f3n de las amenazas nos&#8230;<\/p>\n","protected":false},"author":1,"featured_media":0,"parent":233298,"menu_order":208,"comment_status":"closed","ping_status":"closed","template":"full_width.php","meta":{"_acf_changed":false,"footnotes":""},"class_list":["post-205035","page","type-page","status-publish","hentry"],"acf":[],"yoast_head":"<!-- This site is optimized with the Yoast SEO plugin v27.3 - https:\/\/yoast.com\/product\/yoast-seo-wordpress\/ -->\n<title>Servicios locales de apoyo | Stormshield<\/title>\n<meta name=\"description\" content=\"Descubra la amplia gama de servicios que ofrece Stormshield. Mantenimiento, asistencia t\u00e9cnica, formaci\u00f3n: \u00a1un paso m\u00e1s hacia la tranquilidad cibern\u00e9tica!\" \/>\n<meta name=\"robots\" content=\"index, follow, max-snippet:-1, max-image-preview:large, max-video-preview:-1\" \/>\n<link rel=\"canonical\" href=\"https:\/\/www.stormshield.com\/es\/nuestro-apoyo\/servicios\/\" \/>\n<meta property=\"og:locale\" content=\"es_ES\" \/>\n<meta property=\"og:type\" content=\"article\" \/>\n<meta property=\"og:title\" content=\"Servicios locales de apoyo | Stormshield\" \/>\n<meta property=\"og:description\" content=\"Descubra la amplia gama de servicios que ofrece Stormshield. Mantenimiento, asistencia t\u00e9cnica, formaci\u00f3n: \u00a1un paso m\u00e1s hacia la tranquilidad cibern\u00e9tica!\" \/>\n<meta property=\"og:url\" content=\"https:\/\/www.stormshield.com\/es\/nuestro-apoyo\/servicios\/\" \/>\n<meta property=\"og:site_name\" content=\"Stormshield\" \/>\n<meta property=\"article:modified_time\" content=\"2025-10-27T07:46:35+00:00\" \/>\n<meta property=\"og:image\" content=\"https:\/\/www.stormshield.com\/wp-content\/uploads\/stormshield_logo.png\" \/>\n\t<meta property=\"og:image:width\" content=\"204\" \/>\n\t<meta property=\"og:image:height\" content=\"94\" \/>\n\t<meta property=\"og:image:type\" content=\"image\/png\" \/>\n<meta name=\"twitter:card\" content=\"summary_large_image\" \/>\n<meta name=\"twitter:site\" content=\"@Stormshield\" \/>\n<meta name=\"twitter:label1\" content=\"Tiempo de lectura\" \/>\n\t<meta name=\"twitter:data1\" content=\"4 minutos\" \/>\n<script type=\"application\/ld+json\" class=\"yoast-schema-graph\">{\"@context\":\"https:\\\/\\\/schema.org\",\"@graph\":[{\"@type\":\"WebPage\",\"@id\":\"https:\\\/\\\/www.stormshield.com\\\/es\\\/nuestro-apoyo\\\/servicios\\\/\",\"url\":\"https:\\\/\\\/www.stormshield.com\\\/es\\\/nuestro-apoyo\\\/servicios\\\/\",\"name\":\"Servicios locales de apoyo | Stormshield\",\"isPartOf\":{\"@id\":\"https:\\\/\\\/www.stormshield.com\\\/es\\\/#website\"},\"datePublished\":\"2016-12-05T15:24:25+00:00\",\"dateModified\":\"2025-10-27T07:46:35+00:00\",\"description\":\"Descubra la amplia gama de servicios que ofrece Stormshield. Mantenimiento, asistencia t\u00e9cnica, formaci\u00f3n: \u00a1un paso m\u00e1s hacia la tranquilidad cibern\u00e9tica!\",\"breadcrumb\":{\"@id\":\"https:\\\/\\\/www.stormshield.com\\\/es\\\/nuestro-apoyo\\\/servicios\\\/#breadcrumb\"},\"inLanguage\":\"es\",\"potentialAction\":[{\"@type\":\"ReadAction\",\"target\":[\"https:\\\/\\\/www.stormshield.com\\\/es\\\/nuestro-apoyo\\\/servicios\\\/\"]}]},{\"@type\":\"BreadcrumbList\",\"@id\":\"https:\\\/\\\/www.stormshield.com\\\/es\\\/nuestro-apoyo\\\/servicios\\\/#breadcrumb\",\"itemListElement\":[{\"@type\":\"ListItem\",\"position\":1,\"name\":\"Home\",\"item\":\"https:\\\/\\\/www.stormshield.com\\\/es\\\/\"},{\"@type\":\"ListItem\",\"position\":2,\"name\":\"Nuestro apoyo\",\"item\":\"https:\\\/\\\/www.stormshield.com\\\/es\\\/nuestro-apoyo\\\/\"},{\"@type\":\"ListItem\",\"position\":3,\"name\":\"Servicios\"}]},{\"@type\":\"WebSite\",\"@id\":\"https:\\\/\\\/www.stormshield.com\\\/es\\\/#website\",\"url\":\"https:\\\/\\\/www.stormshield.com\\\/es\\\/\",\"name\":\"Stormshield\",\"description\":\"Stormshield\",\"potentialAction\":[{\"@type\":\"SearchAction\",\"target\":{\"@type\":\"EntryPoint\",\"urlTemplate\":\"https:\\\/\\\/www.stormshield.com\\\/es\\\/?s={search_term_string}\"},\"query-input\":{\"@type\":\"PropertyValueSpecification\",\"valueRequired\":true,\"valueName\":\"search_term_string\"}}],\"inLanguage\":\"es\"}]}<\/script>\n<!-- \/ Yoast SEO plugin. -->","yoast_head_json":{"title":"Servicios locales de apoyo | Stormshield","description":"Descubra la amplia gama de servicios que ofrece Stormshield. Mantenimiento, asistencia t\u00e9cnica, formaci\u00f3n: \u00a1un paso m\u00e1s hacia la tranquilidad cibern\u00e9tica!","robots":{"index":"index","follow":"follow","max-snippet":"max-snippet:-1","max-image-preview":"max-image-preview:large","max-video-preview":"max-video-preview:-1"},"canonical":"https:\/\/www.stormshield.com\/es\/nuestro-apoyo\/servicios\/","og_locale":"es_ES","og_type":"article","og_title":"Servicios locales de apoyo | Stormshield","og_description":"Descubra la amplia gama de servicios que ofrece Stormshield. Mantenimiento, asistencia t\u00e9cnica, formaci\u00f3n: \u00a1un paso m\u00e1s hacia la tranquilidad cibern\u00e9tica!","og_url":"https:\/\/www.stormshield.com\/es\/nuestro-apoyo\/servicios\/","og_site_name":"Stormshield","article_modified_time":"2025-10-27T07:46:35+00:00","og_image":[{"width":204,"height":94,"url":"https:\/\/www.stormshield.com\/wp-content\/uploads\/stormshield_logo.png","type":"image\/png"}],"twitter_card":"summary_large_image","twitter_site":"@Stormshield","twitter_misc":{"Tiempo de lectura":"4 minutos"},"schema":{"@context":"https:\/\/schema.org","@graph":[{"@type":"WebPage","@id":"https:\/\/www.stormshield.com\/es\/nuestro-apoyo\/servicios\/","url":"https:\/\/www.stormshield.com\/es\/nuestro-apoyo\/servicios\/","name":"Servicios locales de apoyo | Stormshield","isPartOf":{"@id":"https:\/\/www.stormshield.com\/es\/#website"},"datePublished":"2016-12-05T15:24:25+00:00","dateModified":"2025-10-27T07:46:35+00:00","description":"Descubra la amplia gama de servicios que ofrece Stormshield. Mantenimiento, asistencia t\u00e9cnica, formaci\u00f3n: \u00a1un paso m\u00e1s hacia la tranquilidad cibern\u00e9tica!","breadcrumb":{"@id":"https:\/\/www.stormshield.com\/es\/nuestro-apoyo\/servicios\/#breadcrumb"},"inLanguage":"es","potentialAction":[{"@type":"ReadAction","target":["https:\/\/www.stormshield.com\/es\/nuestro-apoyo\/servicios\/"]}]},{"@type":"BreadcrumbList","@id":"https:\/\/www.stormshield.com\/es\/nuestro-apoyo\/servicios\/#breadcrumb","itemListElement":[{"@type":"ListItem","position":1,"name":"Home","item":"https:\/\/www.stormshield.com\/es\/"},{"@type":"ListItem","position":2,"name":"Nuestro apoyo","item":"https:\/\/www.stormshield.com\/es\/nuestro-apoyo\/"},{"@type":"ListItem","position":3,"name":"Servicios"}]},{"@type":"WebSite","@id":"https:\/\/www.stormshield.com\/es\/#website","url":"https:\/\/www.stormshield.com\/es\/","name":"Stormshield","description":"Stormshield","potentialAction":[{"@type":"SearchAction","target":{"@type":"EntryPoint","urlTemplate":"https:\/\/www.stormshield.com\/es\/?s={search_term_string}"},"query-input":{"@type":"PropertyValueSpecification","valueRequired":true,"valueName":"search_term_string"}}],"inLanguage":"es"}]}},"_links":{"self":[{"href":"https:\/\/www.stormshield.com\/es\/wp-json\/wp\/v2\/pages\/205035","targetHints":{"allow":["GET"]}}],"collection":[{"href":"https:\/\/www.stormshield.com\/es\/wp-json\/wp\/v2\/pages"}],"about":[{"href":"https:\/\/www.stormshield.com\/es\/wp-json\/wp\/v2\/types\/page"}],"author":[{"embeddable":true,"href":"https:\/\/www.stormshield.com\/es\/wp-json\/wp\/v2\/users\/1"}],"replies":[{"embeddable":true,"href":"https:\/\/www.stormshield.com\/es\/wp-json\/wp\/v2\/comments?post=205035"}],"version-history":[{"count":19,"href":"https:\/\/www.stormshield.com\/es\/wp-json\/wp\/v2\/pages\/205035\/revisions"}],"predecessor-version":[{"id":691633,"href":"https:\/\/www.stormshield.com\/es\/wp-json\/wp\/v2\/pages\/205035\/revisions\/691633"}],"up":[{"embeddable":true,"href":"https:\/\/www.stormshield.com\/es\/wp-json\/wp\/v2\/pages\/233298"}],"wp:attachment":[{"href":"https:\/\/www.stormshield.com\/es\/wp-json\/wp\/v2\/media?parent=205035"}],"curies":[{"name":"wp","href":"https:\/\/api.w.org\/{rel}","templated":true}]}}