{"id":204952,"date":"2016-05-31T10:40:49","date_gmt":"2016-05-31T09:40:49","guid":{"rendered":"https:\/\/www.stormshield.com\/products-services\/"},"modified":"2024-10-09T10:45:05","modified_gmt":"2024-10-09T09:45:05","slug":"productos-y-servicios","status":"publish","type":"page","link":"https:\/\/www.stormshield.com\/es\/productos-y-servicios\/","title":{"rendered":"Productos y Soluciones"},"content":{"rendered":"<div class=\"wpb-content-wrapper\"><p>[vc_row css_animation=\"\" row_type=\"row\" use_row_as_full_screen_section=\"no\" type=\"grid\" angled_section=\"no\" text_align=\"left\" background_image_as_pattern=\"without_pattern\" z_index=\"\" padding_top=\"50\" padding_bottom=\"50\"][vc_column][vc_column_text]<\/p>\n<h1 style=\"text-align: center;\"><span style=\"color: #00aaf5;\"><span style=\"font-weight: 300; font-size: 1.5em;\">Soluciones y productos Stormshield<\/span><\/span><span style=\"color: #00aaf5;\"><span style=\"font-weight: 900; font-size: 1.5em;\"> para la ciberserenidad de tu empresa y tu actividad<\/span><\/span><\/h1>\n<p>[\/vc_column_text][\/vc_column][\/vc_row][vc_row css_animation=\"\" row_type=\"row\" use_row_as_full_screen_section=\"no\" type=\"grid\" angled_section=\"no\" text_align=\"left\" background_image_as_pattern=\"without_pattern\" z_index=\"\" padding_top=\"50\" padding_bottom=\"50\"][vc_column][vc_row_inner row_type=\"row\" type=\"full_width\" text_align=\"left\" css_animation=\"\"][vc_column_inner][vc_column_text]<span style=\"color: #000; font-size: 1.1em;\">El objetivo de Stormshield es ofrecer a sus clientes unas garant\u00edas de solidez y \u00e9tica, una escucha activa y un apoyo a medida, as\u00ed como soluciones f\u00e1ciles de integrar y utilizar con un impacto m\u00ednimo en sus actividades. <strong>Nuestra misi\u00f3n: ciberserenar a las organizaciones que utilizan estas infraestructuras cr\u00edticas y operativas para que puedan centrarse, con total tranquilidad, en su misi\u00f3n principal<\/strong>, tan fundamental para el buen funcionamiento de nuestras instituciones, nuestra econom\u00eda y los servicios prestados. <\/span>[\/vc_column_text][vc_empty_space][\/vc_column_inner][\/vc_row_inner][vc_row_inner row_type=\"row\" type=\"full_width\" text_align=\"left\" css_animation=\"\"][vc_column_inner width=\"1\/4\"][vc_single_image image=\"456232\" img_size=\"100x100\" alignment=\"center\" qode_css_animation=\"\"][vc_column_text]<\/p>\n<p style=\"text-align: center;\"><span style=\"color: #000; font-size: 1.1em;\">Soluciones y productos para la <strong>protecci\u00f3n de su red<\/strong><\/span><\/p>\n<p>[\/vc_column_text][\/vc_column_inner][vc_column_inner width=\"1\/4\"][vc_single_image image=\"456357\" img_size=\"100x100\" alignment=\"center\" qode_css_animation=\"\"][vc_column_text]<\/p>\n<p style=\"text-align: center;\"><span style=\"color: #000; font-size: 1.1em;\">Soluciones y productos para la <strong>protecci\u00f3n de endpoints<\/strong><br \/>\n[\/vc_column_text][\/vc_column_inner][vc_column_inner width=\"1\/4\"][vc_single_image image=\"456647\" img_size=\"100x100\" alignment=\"center\" qode_css_animation=\"\"][vc_column_text]<\/span><\/p>\n<p style=\"text-align: center;\"><span style=\"color: #000; font-size: 1.1em;\">Soluciones y productos para la <strong>protecci\u00f3n de datos<\/strong><br \/>\n<\/span><\/p>\n<p>[\/vc_column_text][\/vc_column_inner][vc_column_inner width=\"1\/4\"][vc_single_image image=\"456247\" img_size=\"100x100\" alignment=\"center\" qode_css_animation=\"\"][vc_column_text]<\/p>\n<p style=\"text-align: center;\"><span style=\"color: #000; font-size: 1.1em;\">Soluciones y productos para su <strong>ciberseguridad industrial<\/strong><br \/>\n<\/span><\/p>\n<p>[\/vc_column_text][\/vc_column_inner][\/vc_row_inner][\/vc_column][\/vc_row][vc_row css_animation=\"\" row_type=\"row\" use_row_as_full_screen_section=\"no\" type=\"grid\" angled_section=\"no\" text_align=\"left\" background_image_as_pattern=\"without_pattern\" z_index=\"\" padding_bottom=\"50\"][vc_column][vc_row_inner row_type=\"row\" type=\"full_width\" text_align=\"left\" css_animation=\"\" css=\".vc_custom_1709542035926{padding-top: 32px !important;padding-right: 32px !important;padding-bottom: 32px !important;padding-left: 32px !important;background-color: #f9f9f9 !important;}\"][vc_column_inner width=\"2\/3\"][vc_column_text]<\/p>\n<h2><span style=\"color: #000; font-size: 1.2em; font-weight: 900;\">Soluciones Stormshield para una seguridad de red \u00fanica y cualificada<\/span><\/h2>\n<p><span style=\"color: #000; font-size: 1.1em;\">Las soluciones de cortafuegos Stormshield Network Security (SNS) se adaptan a cada una de tus necesidades individuales en torno a unas funciones esenciales.<\/span><\/p>\n<ul>\n<li><span style=\"color: #000; font-size: 1.1em;\">Disfruta de un rendimiento sin igual al mejor precio.<br \/>\n<\/span><\/li>\n<li><span style=\"color: #000; font-size: 1.1em;\">Garantiza la continuidad de tus actividades frente a los ataques m\u00e1s sofisticados gracias a la gesti\u00f3n de vulnerabilidades en tiempo real.<br \/>\n<\/span><\/li>\n<li><span style=\"color: #000; font-size: 1.1em;\">Mant\u00e9n el control de tu uso de Internet supervisando el uso de la web y su impacto en las aplicaciones empresariales.<br \/>\n<\/span><\/li>\n<li><span style=\"color: #000; font-size: 1.1em;\">Asegura la conexi\u00f3n de tus empleados y tus instalaciones.<br \/>\n<\/span><\/li>\n<li><span style=\"color: #000; font-size: 1.1em;\">Haz que tu SI sea conforme a la legislaci\u00f3n.<br \/>\n<\/span><\/li>\n<li><span style=\"color: #000; font-size: 1.1em;\">Mejore la cibereficiencia operativa de su infraestructura.<\/span><\/li>\n<\/ul>\n<p>[\/vc_column_text][\/vc_column_inner][vc_column_inner width=\"1\/3\" css=\".vc_custom_1709541996380{padding-right: 32px !important;padding-left: 32px !important;}\"][vc_empty_space][vc_single_image image=\"456232\" img_size=\"medium\" qode_css_animation=\"\"]<a  itemprop=\"url\" href=\"https:\/\/www.stormshield.com\/es\/productos-y-servicios\/productos\/seguridad-de-red\/\" target=\"_self\" data-hover-background-color=\"#00aeef\" data-hover-border-color=\"#00aeef\" class=\"qbutton  white enlarge\" style=\"border-color: #ffffff; background-color:#060051;\">Stormshield Network Security<i class=\"qode_icon_font_awesome fa fa-angle-right qode_button_icon_element\"><\/i><\/a>[vc_empty_space height=\"12px\"]<a  itemprop=\"url\" href=\"https:\/\/www.stormshield.com\/es\/productos-y-servicios\/productos\/stormshield-xdr\/\" target=\"_self\" data-hover-background-color=\"#00aeef\" data-hover-border-color=\"#00aeef\" class=\"qbutton  white enlarge\" style=\"border-color: #ffffff; background-color:#060051;\">Stormshield XDR<i class=\"qode_icon_font_awesome fa fa-angle-right qode_button_icon_element\"><\/i><\/a>[vc_empty_space][\/vc_column_inner][\/vc_row_inner][\/vc_column][\/vc_row][vc_row css_animation=\"\" row_type=\"row\" use_row_as_full_screen_section=\"no\" type=\"grid\" angled_section=\"no\" text_align=\"left\" background_image_as_pattern=\"without_pattern\" z_index=\"\" padding_top=\"50\" padding_bottom=\"50\"][vc_column][vc_row_inner row_type=\"row\" type=\"full_width\" text_align=\"left\" css_animation=\"\" css=\".vc_custom_1709542109079{padding-top: 32px !important;padding-right: 32px !important;padding-bottom: 32px !important;padding-left: 32px !important;}\"][vc_column_inner width=\"2\/3\"][vc_column_text css=\"\"]<\/p>\n<h2><span style=\"color: #000; font-size: 1.2em; font-weight: 900;\">Soluciones Stormshield para una protecci\u00f3n de endpoints proactiva y mejorada<\/span><\/h2>\n<p><span style=\"color: #000; font-size: 1.1em;\">Con la soluci\u00f3n Stormshield Endpoint Security (SES), puedes asegurar con toda confianza tus equipos inform\u00e1ticos, servidores y dispositivos. Una protecci\u00f3n proactiva integral que responde a tres grandes necesidades frente a las sofisticadas amenazas ciber desconocidas.<\/span><\/p>\n<ul>\n<li><span style=\"color: #000; font-size: 1.1em;\">Proporciona una capa completa de protecci\u00f3n para tus equipos, ordenadores y sistemas obsoletos mediante un control centralizado de los aparatos.<br \/>\n<\/span><\/li>\n<li><span style=\"color: #000; font-size: 1.1em;\">A\u00f1ade una dimensi\u00f3n contextual a tu protecci\u00f3n con una pol\u00edtica de seguridad granular, un an\u00e1lisis de comportamiento o un control de los perif\u00e9ricos.<br \/>\n<\/span><\/li>\n<li><span style=\"color: #000; font-size: 1.1em;\">Obt\u00e9n una soluci\u00f3n de software reforzada, con su arquitectura reforzada, componentes de software aislados, intercambios seguros entre m\u00f3dulos y control de la integridad de cada componente.<br \/>\n<\/span><\/li>\n<li><span style=\"color: #000; font-size: 1.1em;\">Mejore la cibereficiencia operativa de su infraestructura.<\/span><\/li>\n<\/ul>\n<p>[\/vc_column_text][\/vc_column_inner][vc_column_inner width=\"1\/3\" css=\".vc_custom_1709542101449{padding-right: 32px !important;padding-left: 32px !important;}\"][vc_empty_space][vc_single_image image=\"456357\" img_size=\"medium\" qode_css_animation=\"\"]<a  itemprop=\"url\" href=\"https:\/\/www.stormshield.com\/es\/productos-y-servicios\/productos\/endpoint-protection\/\" target=\"_self\" data-hover-background-color=\"#00aeef\" data-hover-border-color=\"#00aeef\" class=\"qbutton  white enlarge\" style=\"border-color: #ffffff; background-color:#060051;\">Stormshield Endpoint Security<i class=\"qode_icon_font_awesome fa fa-angle-right qode_button_icon_element\"><\/i><\/a>[vc_empty_space height=\"12px\"]<a  itemprop=\"url\" href=\"https:\/\/www.stormshield.com\/es\/productos-y-servicios\/productos\/stormshield-xdr\/\" target=\"_self\" data-hover-background-color=\"#00aeef\" data-hover-border-color=\"#00aeef\" class=\"qbutton  white enlarge\" style=\"border-color: #ffffff; background-color:#060051;\">Stormshield XDR<i class=\"qode_icon_font_awesome fa fa-angle-right qode_button_icon_element\"><\/i><\/a>[vc_empty_space][\/vc_column_inner][\/vc_row_inner][\/vc_column][\/vc_row][vc_row css_animation=\"\" row_type=\"row\" use_row_as_full_screen_section=\"no\" type=\"grid\" angled_section=\"no\" text_align=\"left\" background_image_as_pattern=\"without_pattern\" z_index=\"\" padding_top=\"50\" padding_bottom=\"50\"][vc_column][vc_row_inner row_type=\"row\" type=\"full_width\" text_align=\"left\" css_animation=\"\" css=\".vc_custom_1709542377191{padding-top: 32px !important;padding-right: 32px !important;padding-bottom: 32px !important;padding-left: 32px !important;background-color: #f9f9f9 !important;}\"][vc_column_inner width=\"2\/3\"][vc_column_text]<\/p>\n<h2><span style=\"color: #000; font-size: 1.2em; font-weight: 900;\">Soluciones Stormshield para cifrar y proteger sus datos confidenciales<\/span><\/h2>\n<p><span style=\"color: #000; font-size: 1.1em;\">Con Stormshield Data Security (SDS), obt\u00e9n una soluci\u00f3n de confianza para proteger tus datos sensibles. Un producto que combina varias funciones estrat\u00e9gicas.<\/span><\/p>\n<ul>\n<li><span style=\"color: #000; font-size: 1.1em;\">Protege la integridad y confidencialidad de tus datos personales, sensibles y cr\u00edticos.<br \/>\n<\/span><\/li>\n<li><span style=\"color: #000; font-size: 1.1em;\">Benef\u00edciate del cifrado end-to-end de los documentos de tus empleados, incluso en los intercambiados con el exterior.<br \/>\n<\/span><\/li>\n<li><span style=\"color: #000; font-size: 1.1em;\">Difunde una cultura de ciberseguridad en toda la empresa con una soluci\u00f3n de cifrado orientada al usuario.<\/span><\/li>\n<\/ul>\n<p>[\/vc_column_text][\/vc_column_inner][vc_column_inner width=\"1\/3\" css=\".vc_custom_1709542363391{padding-right: 32px !important;padding-left: 32px !important;}\"][vc_empty_space][vc_single_image image=\"456647\" img_size=\"medium\" qode_css_animation=\"\"]<a  itemprop=\"url\" href=\"https:\/\/www.stormshield.com\/fr\/produits-et-services\/produits\/protection-des-donnees\/\" target=\"_self\" data-hover-background-color=\"#00aeef\" data-hover-border-color=\"#00aeef\" class=\"qbutton  white enlarge\" style=\"border-color: #ffffff; background-color:#060051;\">Stormshield Data Security<i class=\"qode_icon_font_awesome fa fa-angle-right qode_button_icon_element\"><\/i><\/a>[vc_empty_space][\/vc_column_inner][\/vc_row_inner][\/vc_column][\/vc_row][vc_row css_animation=\"\" row_type=\"row\" use_row_as_full_screen_section=\"no\" type=\"grid\" angled_section=\"no\" text_align=\"left\" background_image_as_pattern=\"without_pattern\" z_index=\"\" padding_top=\"50\" padding_bottom=\"50\"][vc_column][vc_row_inner row_type=\"row\" type=\"full_width\" text_align=\"left\" css_animation=\"\" css=\".vc_custom_1709542109079{padding-top: 32px !important;padding-right: 32px !important;padding-bottom: 32px !important;padding-left: 32px !important;}\"][vc_column_inner width=\"2\/3\"][vc_column_text]<\/p>\n<h2><span style=\"color: #000; font-size: 1.2em; font-weight: 900;\">Soluciones Stormshield para proteger tus redes OT<\/span><\/h2>\n<p><span style=\"color: #000; font-size: 1.1em;\">Con la gama SNS de cortafuegos reforzados, el SNi20 y el SNi40, puedes duplicar la seguridad de la red y la seguridad de funcionamiento en tus entornos OT.<\/span><\/p>\n<ul>\n<li><span style=\"color: #000; font-size: 1.1em;\">Segmenta tu red para separar los elementos entre s\u00ed y evitar la propagaci\u00f3n de los ataques.<br \/>\n<\/span><\/li>\n<li><span style=\"color: #000; font-size: 1.1em;\">Benef\u00edciate de una integraci\u00f3n transparente con las infraestructuras de red (modo bridge, h\u00edbrido, enrutamiento).<br \/>\n<\/span><\/li>\n<li><span style=\"color: #000; font-size: 1.1em;\">Refuerza la seguridad de los equipos de control y del software de supervisi\u00f3n (SCADA).<br \/>\n<\/span><\/li>\n<li><span style=\"color: #000; font-size: 1.1em;\">Contr\u00f3lalo todo con una administraci\u00f3n sencilla, utilizando un software y soluciones de gesti\u00f3n comunes para los cortafuegos de IT y OT.<\/span><\/li>\n<\/ul>\n<p>[\/vc_column_text][\/vc_column_inner][vc_column_inner width=\"1\/3\" css=\".vc_custom_1709542101449{padding-right: 32px !important;padding-left: 32px !important;}\"][vc_empty_space][vc_single_image image=\"456247\" img_size=\"medium\" qode_css_animation=\"\"]<a  itemprop=\"url\" href=\"https:\/\/www.stormshield.com\/es\/productos-y-servicios\/productos\/proteccion-operacional\/\" target=\"_self\" data-hover-background-color=\"#00aeef\" data-hover-border-color=\"#00aeef\" class=\"qbutton  white enlarge\" style=\"border-color: #ffffff; background-color:#060051;\">Oferta industrial<i class=\"qode_icon_font_awesome fa fa-angle-right qode_button_icon_element\"><\/i><\/a>[vc_empty_space][\/vc_column_inner][\/vc_row_inner][\/vc_column][\/vc_row][vc_row css_animation=\"\" row_type=\"row\" use_row_as_full_screen_section=\"no\" type=\"grid\" angled_section=\"no\" text_align=\"left\" background_image_as_pattern=\"without_pattern\" z_index=\"\" padding_top=\"50\" padding_bottom=\"50\"][vc_column][vc_row_inner row_type=\"row\" type=\"full_width\" text_align=\"left\" css_animation=\"\" css=\".vc_custom_1709542759819{padding-top: 32px !important;padding-right: 32px !important;padding-bottom: 32px !important;padding-left: 32px !important;}\"][vc_column_inner width=\"1\/3\" css=\".vc_custom_1709543066705{padding-top: 32px !important;padding-right: 32px !important;padding-bottom: 32px !important;padding-left: 32px !important;}\"][vc_column_text]<span style=\"font-size: 1.1em; color: #000000;\">A nivel europeo, la Directiva NIS2 define a los operadores de servicios esenciales (ESO). Adoptar los reflejos adecuados para cumplir la normativa puede resumirse en tres palabras clave: <strong>protecci\u00f3n, cualificaci\u00f3n y conformidad.<\/strong>[\/vc_column_text][vc_empty_space][\/vc_column_inner][vc_column_inner width=\"1\/3\" css=\".vc_custom_1709542899913{padding-top: 32px !important;padding-right: 32px !important;padding-bottom: 32px !important;padding-left: 32px !important;}\"][vc_column_text]<span style=\"font-size: 1.1em; color: #000000;\">Industria, administraci\u00f3n p\u00fablica, sanidad, defensa... <strong>Sea cual sea tu campo de actividad, Stormshield te ofrece soluciones a medida que tienen en cuenta los retos espec\u00edficos de tu sector.<\/strong><\/span><\/span><\/p>\n<p>[\/vc_column_text][vc_empty_space]<a  itemprop=\"url\" href=\"https:\/\/www.stormshield.com\/es\/productos-y-servicios\/por-sector\/\" target=\"_self\" data-hover-background-color=\"#d23467\" data-hover-border-color=\"#d23467\" class=\"qbutton  white enlarge\" style=\"border-color: #ffffff; background-color:#060051;\">Tu sector de actividad<i class=\"qode_icon_font_awesome fa fa-angle-right qode_button_icon_element\"><\/i><\/a>[vc_empty_space][\/vc_column_inner][vc_column_inner width=\"1\/3\" css=\".vc_custom_1709542799066{padding-top: 32px !important;padding-right: 32px !important;padding-bottom: 32px !important;padding-left: 32px !important;background-color: #060051 !important;}\"][vc_column_text]<span style=\"color: #ffffff; font-size: 1.1em;\">\u00bfTienes preguntas espec\u00edficas sobre un producto o soluci\u00f3n en particular? Con nuestras soluciones que combinan integridad, confidencialidad, disponibilidad y confianza, <strong>te beneficiar\u00e1s de una combinaci\u00f3n de protecciones para tus sistemas de producci\u00f3n sin que ello afecte al negocio.<\/strong>[\/vc_column_text][vc_empty_space]<a  itemprop=\"url\" href=\"https:\/\/www.stormshield.com\/es\/contacto\/equipos-comerciales\/\" target=\"_self\" data-hover-background-color=\"#d23467\" data-hover-border-color=\"#d23467\" class=\"qbutton  white enlarge\" style=\"border-color: #ffffff; background-color:#060051;\">Contacto<i class=\"qode_icon_font_awesome fa fa-angle-right qode_button_icon_element\"><\/i><\/a>[vc_empty_space][\/vc_column_inner][\/vc_row_inner][\/vc_column][\/vc_row][vc_row css_animation=\"\" row_type=\"row\" use_row_as_full_screen_section=\"no\" type=\"full_width\" angled_section=\"no\" text_align=\"left\" background_image_as_pattern=\"without_pattern\"][vc_column][vc_column_text]<\/span>[\/vc_column_text][\/vc_column][\/vc_row]<\/p>\n<\/div>","protected":false},"excerpt":{"rendered":"<p>[vc_row css_animation=\u00bb\u00bb row_type=\u00bbrow\u00bb use_row_as_full_screen_section=\u00bbno\u00bb type=\u00bbgrid\u00bb angled_section=\u00bbno\u00bb text_align=\u00bbleft\u00bb background_image_as_pattern=\u00bbwithout_pattern\u00bb z_index=\u00bb\u00bb padding_top=\u00bb50&#8243; padding_bottom=\u00bb50&#8243;][vc_column][vc_column_text] Soluciones y productos Stormshield para la ciberserenidad de tu empresa y tu actividad [\/vc_column_text][\/vc_column][\/vc_row][vc_row css_animation=\u00bb\u00bb row_type=\u00bbrow\u00bb use_row_as_full_screen_section=\u00bbno\u00bb type=\u00bbgrid\u00bb angled_section=\u00bbno\u00bb text_align=\u00bbleft\u00bb background_image_as_pattern=\u00bbwithout_pattern\u00bb z_index=\u00bb\u00bb padding_top=\u00bb50&#8243; padding_bottom=\u00bb50&#8243;][vc_column][vc_row_inner row_type=\u00bbrow\u00bb type=\u00bbfull_width\u00bb text_align=\u00bbleft\u00bb css_animation=\u00bb\u00bb][vc_column_inner][vc_column_text]El objetivo de Stormshield es ofrecer a&#8230;<\/p>\n","protected":false},"author":1,"featured_media":0,"parent":0,"menu_order":452,"comment_status":"closed","ping_status":"closed","template":"full_width.php","meta":{"_acf_changed":false,"footnotes":""},"class_list":["post-204952","page","type-page","status-publish","hentry"],"acf":[],"yoast_head":"<!-- This site is optimized with the Yoast SEO plugin v27.3 - https:\/\/yoast.com\/product\/yoast-seo-wordpress\/ -->\n<title>Productos y servicios Stormshield: Descubra nuestra oferta<\/title>\n<meta name=\"description\" content=\"Encuentre los productos de ciberseguridad Stormshield adecuados para su empresa, en funci\u00f3n de sus necesidades y retos\" \/>\n<meta name=\"robots\" content=\"index, follow, max-snippet:-1, max-image-preview:large, max-video-preview:-1\" \/>\n<link rel=\"canonical\" href=\"https:\/\/www.stormshield.com\/es\/productos-y-servicios\/\" \/>\n<meta property=\"og:locale\" content=\"es_ES\" \/>\n<meta property=\"og:type\" content=\"article\" \/>\n<meta property=\"og:title\" content=\"Productos y servicios Stormshield: Descubra nuestra oferta\" \/>\n<meta property=\"og:description\" content=\"Encuentre los productos de ciberseguridad Stormshield adecuados para su empresa, en funci\u00f3n de sus necesidades y retos\" \/>\n<meta property=\"og:url\" content=\"https:\/\/www.stormshield.com\/es\/productos-y-servicios\/\" \/>\n<meta property=\"og:site_name\" content=\"Stormshield\" \/>\n<meta property=\"article:modified_time\" content=\"2024-10-09T09:45:05+00:00\" \/>\n<meta property=\"og:image\" content=\"https:\/\/www.stormshield.com\/wp-content\/uploads\/stormshield_logo.png\" \/>\n\t<meta property=\"og:image:width\" content=\"204\" \/>\n\t<meta property=\"og:image:height\" content=\"94\" \/>\n\t<meta property=\"og:image:type\" content=\"image\/png\" \/>\n<meta name=\"twitter:card\" content=\"summary_large_image\" \/>\n<meta name=\"twitter:site\" content=\"@Stormshield\" \/>\n<meta name=\"twitter:label1\" content=\"Tiempo de lectura\" \/>\n\t<meta name=\"twitter:data1\" content=\"6 minutos\" \/>\n<script type=\"application\/ld+json\" class=\"yoast-schema-graph\">{\"@context\":\"https:\\\/\\\/schema.org\",\"@graph\":[{\"@type\":\"WebPage\",\"@id\":\"https:\\\/\\\/www.stormshield.com\\\/es\\\/productos-y-servicios\\\/\",\"url\":\"https:\\\/\\\/www.stormshield.com\\\/es\\\/productos-y-servicios\\\/\",\"name\":\"Productos y servicios Stormshield: Descubra nuestra oferta\",\"isPartOf\":{\"@id\":\"https:\\\/\\\/www.stormshield.com\\\/es\\\/#website\"},\"datePublished\":\"2016-05-31T09:40:49+00:00\",\"dateModified\":\"2024-10-09T09:45:05+00:00\",\"description\":\"Encuentre los productos de ciberseguridad Stormshield adecuados para su empresa, en funci\u00f3n de sus necesidades y retos\",\"breadcrumb\":{\"@id\":\"https:\\\/\\\/www.stormshield.com\\\/es\\\/productos-y-servicios\\\/#breadcrumb\"},\"inLanguage\":\"es\",\"potentialAction\":[{\"@type\":\"ReadAction\",\"target\":[\"https:\\\/\\\/www.stormshield.com\\\/es\\\/productos-y-servicios\\\/\"]}]},{\"@type\":\"BreadcrumbList\",\"@id\":\"https:\\\/\\\/www.stormshield.com\\\/es\\\/productos-y-servicios\\\/#breadcrumb\",\"itemListElement\":[{\"@type\":\"ListItem\",\"position\":1,\"name\":\"Home\",\"item\":\"https:\\\/\\\/www.stormshield.com\\\/es\\\/\"},{\"@type\":\"ListItem\",\"position\":2,\"name\":\"Productos y Soluciones\"}]},{\"@type\":\"WebSite\",\"@id\":\"https:\\\/\\\/www.stormshield.com\\\/es\\\/#website\",\"url\":\"https:\\\/\\\/www.stormshield.com\\\/es\\\/\",\"name\":\"Stormshield\",\"description\":\"Stormshield\",\"potentialAction\":[{\"@type\":\"SearchAction\",\"target\":{\"@type\":\"EntryPoint\",\"urlTemplate\":\"https:\\\/\\\/www.stormshield.com\\\/es\\\/?s={search_term_string}\"},\"query-input\":{\"@type\":\"PropertyValueSpecification\",\"valueRequired\":true,\"valueName\":\"search_term_string\"}}],\"inLanguage\":\"es\"}]}<\/script>\n<!-- \/ Yoast SEO plugin. -->","yoast_head_json":{"title":"Productos y servicios Stormshield: Descubra nuestra oferta","description":"Encuentre los productos de ciberseguridad Stormshield adecuados para su empresa, en funci\u00f3n de sus necesidades y retos","robots":{"index":"index","follow":"follow","max-snippet":"max-snippet:-1","max-image-preview":"max-image-preview:large","max-video-preview":"max-video-preview:-1"},"canonical":"https:\/\/www.stormshield.com\/es\/productos-y-servicios\/","og_locale":"es_ES","og_type":"article","og_title":"Productos y servicios Stormshield: Descubra nuestra oferta","og_description":"Encuentre los productos de ciberseguridad Stormshield adecuados para su empresa, en funci\u00f3n de sus necesidades y retos","og_url":"https:\/\/www.stormshield.com\/es\/productos-y-servicios\/","og_site_name":"Stormshield","article_modified_time":"2024-10-09T09:45:05+00:00","og_image":[{"width":204,"height":94,"url":"https:\/\/www.stormshield.com\/wp-content\/uploads\/stormshield_logo.png","type":"image\/png"}],"twitter_card":"summary_large_image","twitter_site":"@Stormshield","twitter_misc":{"Tiempo de lectura":"6 minutos"},"schema":{"@context":"https:\/\/schema.org","@graph":[{"@type":"WebPage","@id":"https:\/\/www.stormshield.com\/es\/productos-y-servicios\/","url":"https:\/\/www.stormshield.com\/es\/productos-y-servicios\/","name":"Productos y servicios Stormshield: Descubra nuestra oferta","isPartOf":{"@id":"https:\/\/www.stormshield.com\/es\/#website"},"datePublished":"2016-05-31T09:40:49+00:00","dateModified":"2024-10-09T09:45:05+00:00","description":"Encuentre los productos de ciberseguridad Stormshield adecuados para su empresa, en funci\u00f3n de sus necesidades y retos","breadcrumb":{"@id":"https:\/\/www.stormshield.com\/es\/productos-y-servicios\/#breadcrumb"},"inLanguage":"es","potentialAction":[{"@type":"ReadAction","target":["https:\/\/www.stormshield.com\/es\/productos-y-servicios\/"]}]},{"@type":"BreadcrumbList","@id":"https:\/\/www.stormshield.com\/es\/productos-y-servicios\/#breadcrumb","itemListElement":[{"@type":"ListItem","position":1,"name":"Home","item":"https:\/\/www.stormshield.com\/es\/"},{"@type":"ListItem","position":2,"name":"Productos y Soluciones"}]},{"@type":"WebSite","@id":"https:\/\/www.stormshield.com\/es\/#website","url":"https:\/\/www.stormshield.com\/es\/","name":"Stormshield","description":"Stormshield","potentialAction":[{"@type":"SearchAction","target":{"@type":"EntryPoint","urlTemplate":"https:\/\/www.stormshield.com\/es\/?s={search_term_string}"},"query-input":{"@type":"PropertyValueSpecification","valueRequired":true,"valueName":"search_term_string"}}],"inLanguage":"es"}]}},"_links":{"self":[{"href":"https:\/\/www.stormshield.com\/es\/wp-json\/wp\/v2\/pages\/204952","targetHints":{"allow":["GET"]}}],"collection":[{"href":"https:\/\/www.stormshield.com\/es\/wp-json\/wp\/v2\/pages"}],"about":[{"href":"https:\/\/www.stormshield.com\/es\/wp-json\/wp\/v2\/types\/page"}],"author":[{"embeddable":true,"href":"https:\/\/www.stormshield.com\/es\/wp-json\/wp\/v2\/users\/1"}],"replies":[{"embeddable":true,"href":"https:\/\/www.stormshield.com\/es\/wp-json\/wp\/v2\/comments?post=204952"}],"version-history":[{"count":18,"href":"https:\/\/www.stormshield.com\/es\/wp-json\/wp\/v2\/pages\/204952\/revisions"}],"predecessor-version":[{"id":575778,"href":"https:\/\/www.stormshield.com\/es\/wp-json\/wp\/v2\/pages\/204952\/revisions\/575778"}],"wp:attachment":[{"href":"https:\/\/www.stormshield.com\/es\/wp-json\/wp\/v2\/media?parent=204952"}],"curies":[{"name":"wp","href":"https:\/\/api.w.org\/{rel}","templated":true}]}}