{"id":204945,"date":"2016-06-03T11:31:49","date_gmt":"2016-06-03T10:31:49","guid":{"rendered":"https:\/\/www.stormshield.com\/soluciones\/por-sector\/mssps-and-other-service-providers\/"},"modified":"2024-11-13T10:03:48","modified_gmt":"2024-11-13T09:03:48","slug":"mssps-y-otros-proveedores-de-servicios","status":"publish","type":"page","link":"https:\/\/www.stormshield.com\/es\/productos-y-servicios\/por-sector\/mssps-y-otros-proveedores-de-servicios\/","title":{"rendered":"MSSPs y otros proveedores de servicios"},"content":{"rendered":"<div class=\"wpb-content-wrapper\"><p>[vc_row css_animation=\"\" row_type=\"row\" use_row_as_full_screen_section=\"no\" type=\"grid\" angled_section=\"no\" text_align=\"left\" background_image_as_pattern=\"without_pattern\" z_index=\"\" padding_top=\"50\" padding_bottom=\"50\"][vc_column][vc_empty_space][vc_column_text css=\"\"]<\/p>\n<h1 style=\"text-align: center;\"><span style=\"color: #00aaf5;\"><span style=\"font-weight: 900; font-size: 1.5em;\">Ciberseguridad, operadores y MSSP:<\/span><\/span><span style=\"color: #00aaf5;\"><span style=\"font-weight: 300; font-size: 1.5em;\"> simplificar la gesti\u00f3n de los parques y aumentar la eficiencia operativa<\/span><\/span><\/h1>\n<p>[\/vc_column_text][vc_empty_space][\/vc_column][\/vc_row][vc_row css_animation=\"\" row_type=\"row\" use_row_as_full_screen_section=\"no\" type=\"grid\" angled_section=\"no\" text_align=\"left\" background_image_as_pattern=\"without_pattern\" z_index=\"\" padding_top=\"50\" padding_bottom=\"50\"][vc_column][vc_row_inner row_type=\"row\" type=\"full_width\" text_align=\"left\" css_animation=\"\"][vc_column_inner width=\"2\/3\"][vc_column_text css=\"\"]<span style=\"color: #000; font-size: 1.1em;\"><strong>Los operadores deben gestionar de forma centralizada los equipos de seguridad desplegados en las instalaciones de los clientes.<\/strong> Stormshield ofrece una soluci\u00f3n y una gama completa de funciones de seguridad de red reunidas en un \u00fanico dispositivo para gestionar todos los parques de clientes y reducir los costes de explotaci\u00f3n.<\/span>[\/vc_column_text][vc_empty_space][\/vc_column_inner][vc_column_inner width=\"1\/3\"][vc_single_image image=\"456292\" alignment=\"center\" css=\"\" qode_css_animation=\"\" qode_hover_animation=\"zoom_in\"][\/vc_column_inner][\/vc_row_inner][\/vc_column][\/vc_row][vc_row css_animation=\"\" row_type=\"row\" use_row_as_full_screen_section=\"no\" type=\"grid\" angled_section=\"no\" text_align=\"left\" background_image_as_pattern=\"without_pattern\" z_index=\"\" padding_bottom=\"50\" el_class=\"fond_gris\" padding_top=\"50\"][vc_column][vc_row_inner row_type=\"row\" type=\"full_width\" text_align=\"left\" css_animation=\"\"][vc_column_inner width=\"2\/3\"][vc_column_text css=\"\"]<\/p>\n<h2><span style=\"color: #000; font-size: 1.2em; font-weight: 900;\">Reducir tus costes de explotaci\u00f3n<\/span><\/h2>\n<p><span style=\"color: #000; font-size: 1.1em;\"><strong>Para que tus t\u00e9cnicos cuenten con las mejores herramientas para intervenir in situ, reduce sus tareas al m\u00ednimo: realiza todas las operaciones de configuraci\u00f3n y mantenimiento desde tus centros de supervisi\u00f3n utilizando los cortafuegos Stormshield Network Security (<strong>SNS<\/strong>).<\/strong> Tambi\u00e9n tendr\u00e1s acceso a todos los informes de uso, SLA y seguridad. Nuestras herramientas de supervisi\u00f3n y control autom\u00e1tico son intuitivas, f\u00e1ciles de usar y se adaptan a tus procesos. Una vez implantadas las soluciones, dispondr\u00e1s de un seguimiento en tiempo real de tu parque, lo que te permitir\u00e1 conocer el estado de cada uno de los parques de tus clientes.<\/span><\/p>\n<p><span style=\"color: #000; font-size: 1.1em;\"><strong>Las herramientas de gesti\u00f3n de Stormshield te permitir\u00e1n intervenir en todas las facetas de seguridad (cortafuegos, prevenci\u00f3n de intrusiones, VPN IPsec, VPN SSL, antivirus y antispam, filtrado de URL...) con una \u00fanica consola.<\/strong> Perfectamente adaptable a tus procesos gracias a su interfaz CLI, puedes realizar todas las operaciones a distancia. Con las opciones de alta disponibilidad y redundancia de discos, puedes confiar en una soluci\u00f3n fiable y robusta.<\/span>[\/vc_column_text][vc_empty_space]<a  itemprop=\"url\" href=\"https:\/\/www.stormshield.com\/es\/productos-y-servicios\/productos\/seguridad-de-red\/\" target=\"_blank\" data-hover-background-color=\"#d23467\" data-hover-border-color=\"#d23467\" class=\"qbutton  white enlarge\" style=\"border-color: #ffffff; background-color:#060051;\">Stormshield Network Security<i class=\"qode_icon_font_awesome fa fa-angle-right qode_button_icon_element\"><\/i><\/a>[vc_empty_space][\/vc_column_inner][vc_column_inner width=\"1\/3\"][vc_empty_space][vc_single_image image=\"497914\" img_size=\"large\" alignment=\"center\" onclick=\"custom_link\" img_link_target=\"_blank\" css=\"\" qode_css_animation=\"\" qode_hover_animation=\"zoom_in\" link=\"https:\/\/www.stormshield.com\/es\/productos-y-servicios\/productos\/seguridad-de-red\/product-range-sns\/\"][vc_empty_space height=\"12px\"][vc_single_image image=\"397303\" img_size=\"large\" alignment=\"center\" onclick=\"custom_link\" img_link_target=\"_blank\" css=\"\" qode_css_animation=\"\" qode_hover_animation=\"zoom_in\" link=\"https:\/\/www.stormshield.com\/es\/productos-y-servicios\/productos\/seguridad-de-red\/product-range-sns\/\"][\/vc_column_inner][\/vc_row_inner][\/vc_column][\/vc_row][vc_row css_animation=\"\" row_type=\"row\" use_row_as_full_screen_section=\"no\" type=\"grid\" angled_section=\"no\" text_align=\"left\" background_image_as_pattern=\"without_pattern\" z_index=\"\" padding_top=\"50\" padding_bottom=\"50\"][vc_column][vc_row_inner row_type=\"row\" type=\"full_width\" text_align=\"left\" css_animation=\"\"][vc_column_inner width=\"2\/3\"][vc_column_text css=\"\"]<\/p>\n<h2><span style=\"color: #000; font-size: 1.2em; font-weight: 900;\">Simplificar la administraci\u00f3n de la red<\/span><\/h2>\n<p><span style=\"color: #000; font-size: 1.1em;\"><strong>La evoluci\u00f3n de la infraestructura inform\u00e1tica y la compartimentaci\u00f3n de las redes remotas presentan nuevos retos a los equipos de explotaci\u00f3n.<\/strong> La consiguiente proliferaci\u00f3n de equipos de seguridad remotos en las redes va acompa\u00f1ada de un aumento de las tareas administrativas; los establecimientos remotos no tienen necesariamente equipos inform\u00e1ticos dedicados. Por lo tanto, necesitas una soluci\u00f3n de administraci\u00f3n centralizada para simplificar la gesti\u00f3n inform\u00e1tica, pero tambi\u00e9n productos aut\u00f3nomos que puedan actualizarse de forma sencilla y autom\u00e1tica.<\/span><\/p>\n<p><span style=\"color: #000; font-size: 1.1em;\">La administraci\u00f3n centralizada de Stormshield Manager Center (<strong>SMC<\/strong>) te permite:<\/span><\/p>\n<ul>\n<li><span style=\"color: #000; font-size: 1.1em;\">delegar los derechos y funciones de los administradores que intervienen en los parques de tus clientes,<br \/>\n<\/span><\/li>\n<li><span style=\"color: #000; font-size: 1.1em;\">ver todas las modificaciones aplicadas por estos administradores gracias a los registros de eventos y a los informes,.<br \/>\n<\/span><\/li>\n<li><span style=\"color: #000; font-size: 1.1em;\">contar con un estado preciso de las alarmas, las conexiones y la informaci\u00f3n sobre el ancho de banda en cada establecimiento.<\/span><\/li>\n<\/ul>\n<p><span style=\"color: #000; font-size: 1.1em;\">La actualizaci\u00f3n de los dispositivos Stormshield se realiza en gran medida de forma autom\u00e1tica. Las bases de firmas de ataques, las bases de antivirus, las reglas antispam y las bases de URL se recuperan autom\u00e1ticamente en los servidores de Stormshield o en servidores \u00abespejo\u00bb instalados en tus infraestructuras.<\/span>[\/vc_column_text][vc_empty_space]<a  itemprop=\"url\" href=\"https:\/\/www.stormshield.com\/es\/productos-y-servicios\/productos\/seguridad-de-red\/herramientas-de-administracion\/stormshield-management-center\/\" target=\"_blank\" data-hover-background-color=\"#d23467\" data-hover-border-color=\"#d23467\" class=\"qbutton  white enlarge\" style=\"border-color: #ffffff; background-color:#060051;\">Stormshield Management Center<i class=\"qode_icon_font_awesome fa fa-angle-right qode_button_icon_element\"><\/i><\/a>[\/vc_column_inner][vc_column_inner width=\"1\/3\"][vc_empty_space][vc_single_image image=\"438411\" img_size=\"large\" alignment=\"center\" onclick=\"custom_link\" img_link_target=\"_blank\" css=\"\" qode_css_animation=\"\" qode_hover_animation=\"zoom_in\" link=\"https:\/\/www.stormshield.com\/es\/productos-y-servicios\/productos\/seguridad-de-red\/herramientas-de-administracion\/stormshield-management-center\/\"][\/vc_column_inner][\/vc_row_inner][\/vc_column][\/vc_row][vc_row css_animation=\"\" row_type=\"row\" use_row_as_full_screen_section=\"no\" type=\"grid\" angled_section=\"no\" text_align=\"left\" background_image_as_pattern=\"without_pattern\" z_index=\"\" padding_top=\"50\" padding_bottom=\"50\"][vc_column][vc_row_inner row_type=\"row\" type=\"full_width\" text_align=\"left\" css_animation=\"\" css=\".vc_custom_1714028421773{padding-top: 32px !important;padding-right: 32px !important;padding-bottom: 32px !important;padding-left: 32px !important;background-color: #f9f9f9 !important;}\"][vc_column_inner][vc_column_text css=\"\"]<\/p>\n<h2><span style=\"color: #000; font-size: 1.2em; font-weight: 900;\">Una cobertra funcional todo en uno<\/span><\/h2>\n<p><span style=\"color: #000; font-size: 1.1em;\">Simplifica la gesti\u00f3n de tus ofertas con nuestro cortafuegos multifunci\u00f3n Stormshield Network Security (<strong>SNS<\/strong>) y benef\u00edciate de una cobertura funcional completa: cortafuegos, motor de prevenci\u00f3n de intrusiones (IPS), m\u00f3dulo de filtrado web, antispam, antivirus, funciones de interconexi\u00f3n IPsec, soluci\u00f3n completa de VPN SSL y mucho m\u00e1s. <\/span><\/p>\n<p><span style=\"color: #000; font-size: 1.1em;\"><strong>Con Stormshield Network Security, ahora puedes abordar todos los problemas de seguridad de tus clientes con un \u00fanico dispositivo.<\/strong><\/span>[\/vc_column_text][vc_empty_space][\/vc_column_inner][\/vc_row_inner][\/vc_column][\/vc_row][vc_row css_animation=\"\" row_type=\"row\" use_row_as_full_screen_section=\"no\" type=\"grid\" angled_section=\"no\" text_align=\"left\" background_image_as_pattern=\"without_pattern\" z_index=\"\" padding_top=\"50\" padding_bottom=\"50\"][vc_column][vc_row_inner row_type=\"row\" type=\"full_width\" text_align=\"left\" css_animation=\"\"][vc_column_inner][vc_column_text css=\"\"]<\/p>\n<h2><span style=\"color: #000; font-size: 1.2em; font-weight: 900;\">Ofrecer servicios a la carta a tus clientes<\/span><\/h2>\n<p><span style=\"color: #000; font-size: 1.1em;\">Una necesidad recurrente entre los operadores y los MSSP es implementar funcionalidades sencillas en configuraciones \u00abgen\u00e9ricas\u00bb para el despliegue masivo de soluciones. Lo mismo ocurre con la activaci\u00f3n de servicios \u00aba demanda\u00bb para configuraciones m\u00e1s espec\u00edficas y, en algunos casos, con la implantaci\u00f3n de ofertas dedicadas a todos los servicios de gesti\u00f3n, como la supervisi\u00f3n, la gesti\u00f3n de actualizaciones, la concesi\u00f3n de licencias, la administraci\u00f3n centralizada o la elaboraci\u00f3n de informes.<\/span><\/p>\n<p><span style=\"color: #000; font-size: 1.1em;\"><strong>Las soluciones Stormshield te permiten definir tus configuraciones para desarrollar tus propias ofertas y obtener un producto que se ajuste a tus expectativas de forma muy precisa. Su amplia cobertura funcional te ofrece la posibilidad de activar servicios a la carta para tus clientes.<\/strong> Para ello, te beneficias tanto de servicios espec\u00edficos que te ayudan a gestionar todo tu parque como de herramientas de gesti\u00f3n, informaci\u00f3n y seguimiento.<\/span>[\/vc_column_text][vc_empty_space][\/vc_column_inner][\/vc_row_inner][\/vc_column][\/vc_row][vc_row css_animation=\"\" row_type=\"row\" use_row_as_full_screen_section=\"no\" type=\"grid\" angled_section=\"no\" text_align=\"left\" background_image_as_pattern=\"without_pattern\" z_index=\"\" background_color=\"#060051\" padding_top=\"100\" padding_bottom=\"100\"][vc_column][vc_row_inner row_type=\"row\" type=\"full_width\" text_align=\"left\" css_animation=\"\"][vc_column_inner][vc_column_text css=\"\"]<\/p>\n<h2><span style=\"color: #ffffff; font-size: 1.2em; font-weight: 900;\">Apoyar a tu equipo de ventas<\/span><\/h2>\n<p><span style=\"color: #ffffff; font-size: 1.1em;\">\u00bfQuieres definir un discurso comercial, dirigir a tus equipos y simplificar el proceso de ventas? El apoyo del fabricante es un elemento clave para destacar los puntos fuertes de tus ofertas. La formaci\u00f3n de equipos comerciales y de preventa, la documentaci\u00f3n y las herramientas de venta deben responder exactamente a lo que necesitas. <strong>A trav\u00e9s de nuestros equipos y de nuestra oferta de servicios dedicada a los operadores y a los MSSP, ponemos nuestra experiencia a tu servicio para garantizar el \u00e9xito de tus proyectos.<\/strong> Accede a documentaci\u00f3n simplificada en l\u00ednea en espacios seguros y aprovecha nuestros demostradores en l\u00ednea para que tus clientes se familiaricen con la interfaz gr\u00e1fica de nuestras soluciones.<\/span>[\/vc_column_text][vc_empty_space]<a  itemprop=\"url\" href=\"https:\/\/www.stormshield.com\/es\/contacto\/equipos-comerciales\/\" target=\"_blank\" data-hover-background-color=\"#d23467\" data-hover-border-color=\"#d23467\" class=\"qbutton  white enlarge\" style=\"border-color: #ffffff; background-color:#00aeef;\">Ponte en contacto con los equipos de Stormshield<i class=\"qode_icon_font_awesome fa fa-angle-right qode_button_icon_element\"><\/i><\/a>[vc_empty_space][\/vc_column_inner][\/vc_row_inner][\/vc_column][\/vc_row]<\/p>\n<\/div>","protected":false},"excerpt":{"rendered":"<p>[vc_row css_animation=\u00bb\u00bb row_type=\u00bbrow\u00bb use_row_as_full_screen_section=\u00bbno\u00bb type=\u00bbgrid\u00bb angled_section=\u00bbno\u00bb text_align=\u00bbleft\u00bb background_image_as_pattern=\u00bbwithout_pattern\u00bb z_index=\u00bb\u00bb padding_top=\u00bb50&#8243; padding_bottom=\u00bb50&#8243;][vc_column][vc_empty_space][vc_column_text css=\u00bb\u00bb] Ciberseguridad, operadores y MSSP: simplificar la gesti\u00f3n de los parques y aumentar la eficiencia operativa [\/vc_column_text][vc_empty_space][\/vc_column][\/vc_row][vc_row css_animation=\u00bb\u00bb row_type=\u00bbrow\u00bb use_row_as_full_screen_section=\u00bbno\u00bb type=\u00bbgrid\u00bb angled_section=\u00bbno\u00bb text_align=\u00bbleft\u00bb background_image_as_pattern=\u00bbwithout_pattern\u00bb z_index=\u00bb\u00bb padding_top=\u00bb50&#8243; padding_bottom=\u00bb50&#8243;][vc_column][vc_row_inner row_type=\u00bbrow\u00bb type=\u00bbfull_width\u00bb text_align=\u00bbleft\u00bb css_animation=\u00bb\u00bb][vc_column_inner width=\u00bb2\/3&#8243;][vc_column_text css=\u00bb\u00bb]Los operadores&#8230;<\/p>\n","protected":false},"author":1,"featured_media":0,"parent":204899,"menu_order":374,"comment_status":"closed","ping_status":"closed","template":"full_width.php","meta":{"_acf_changed":false,"footnotes":""},"class_list":["post-204945","page","type-page","status-publish","hentry"],"acf":[],"yoast_head":"<!-- This site is optimized with the Yoast SEO plugin v27.0 - https:\/\/yoast.com\/product\/yoast-seo-wordpress\/ -->\n<title>Ciberseguridad para proveedores de servicios | Stormshield<\/title>\n<meta name=\"description\" content=\"Stormshield ofrece una gama completa de seguridad de red para gestionar toda la base de clientes y reducir los costes operativos.\" \/>\n<meta name=\"robots\" content=\"index, follow, max-snippet:-1, max-image-preview:large, max-video-preview:-1\" \/>\n<link rel=\"canonical\" href=\"https:\/\/www.stormshield.com\/es\/productos-y-servicios\/por-sector\/mssps-y-otros-proveedores-de-servicios\/\" \/>\n<meta property=\"og:locale\" content=\"es_ES\" \/>\n<meta property=\"og:type\" content=\"article\" \/>\n<meta property=\"og:title\" content=\"Ciberseguridad para proveedores de servicios | Stormshield\" \/>\n<meta property=\"og:description\" content=\"Stormshield ofrece una gama completa de seguridad de red para gestionar toda la base de clientes y reducir los costes operativos.\" \/>\n<meta property=\"og:url\" content=\"https:\/\/www.stormshield.com\/es\/productos-y-servicios\/por-sector\/mssps-y-otros-proveedores-de-servicios\/\" \/>\n<meta property=\"og:site_name\" content=\"Stormshield\" \/>\n<meta property=\"article:modified_time\" content=\"2024-11-13T09:03:48+00:00\" \/>\n<meta property=\"og:image\" content=\"https:\/\/www.stormshield.com\/wp-content\/uploads\/stormshield_logo.png\" \/>\n\t<meta property=\"og:image:width\" content=\"204\" \/>\n\t<meta property=\"og:image:height\" content=\"94\" \/>\n\t<meta property=\"og:image:type\" content=\"image\/png\" \/>\n<meta name=\"twitter:card\" content=\"summary_large_image\" \/>\n<meta name=\"twitter:site\" content=\"@Stormshield\" \/>\n<meta name=\"twitter:label1\" content=\"Tiempo de lectura\" \/>\n\t<meta name=\"twitter:data1\" content=\"6 minutos\" \/>\n<script type=\"application\/ld+json\" class=\"yoast-schema-graph\">{\"@context\":\"https:\/\/schema.org\",\"@graph\":[{\"@type\":\"WebPage\",\"@id\":\"https:\/\/www.stormshield.com\/es\/productos-y-servicios\/por-sector\/mssps-y-otros-proveedores-de-servicios\/\",\"url\":\"https:\/\/www.stormshield.com\/es\/productos-y-servicios\/por-sector\/mssps-y-otros-proveedores-de-servicios\/\",\"name\":\"Ciberseguridad para proveedores de servicios | Stormshield\",\"isPartOf\":{\"@id\":\"https:\/\/www.stormshield.com\/es\/#website\"},\"datePublished\":\"2016-06-03T10:31:49+00:00\",\"dateModified\":\"2024-11-13T09:03:48+00:00\",\"description\":\"Stormshield ofrece una gama completa de seguridad de red para gestionar toda la base de clientes y reducir los costes operativos.\",\"breadcrumb\":{\"@id\":\"https:\/\/www.stormshield.com\/es\/productos-y-servicios\/por-sector\/mssps-y-otros-proveedores-de-servicios\/#breadcrumb\"},\"inLanguage\":\"es\",\"potentialAction\":[{\"@type\":\"ReadAction\",\"target\":[\"https:\/\/www.stormshield.com\/es\/productos-y-servicios\/por-sector\/mssps-y-otros-proveedores-de-servicios\/\"]}]},{\"@type\":\"BreadcrumbList\",\"@id\":\"https:\/\/www.stormshield.com\/es\/productos-y-servicios\/por-sector\/mssps-y-otros-proveedores-de-servicios\/#breadcrumb\",\"itemListElement\":[{\"@type\":\"ListItem\",\"position\":1,\"name\":\"Home\",\"item\":\"https:\/\/www.stormshield.com\/es\/\"},{\"@type\":\"ListItem\",\"position\":2,\"name\":\"Productos y Soluciones\",\"item\":\"https:\/\/www.stormshield.com\/es\/productos-y-servicios\/\"},{\"@type\":\"ListItem\",\"position\":3,\"name\":\"Por sector\",\"item\":\"https:\/\/www.stormshield.com\/es\/productos-y-servicios\/por-sector\/\"},{\"@type\":\"ListItem\",\"position\":4,\"name\":\"MSSPs y otros proveedores de servicios\"}]},{\"@type\":\"WebSite\",\"@id\":\"https:\/\/www.stormshield.com\/es\/#website\",\"url\":\"https:\/\/www.stormshield.com\/es\/\",\"name\":\"Stormshield\",\"description\":\"Stormshield\",\"potentialAction\":[{\"@type\":\"SearchAction\",\"target\":{\"@type\":\"EntryPoint\",\"urlTemplate\":\"https:\/\/www.stormshield.com\/es\/?s={search_term_string}\"},\"query-input\":{\"@type\":\"PropertyValueSpecification\",\"valueRequired\":true,\"valueName\":\"search_term_string\"}}],\"inLanguage\":\"es\"}]}<\/script>\n<!-- \/ Yoast SEO plugin. -->","yoast_head_json":{"title":"Ciberseguridad para proveedores de servicios | Stormshield","description":"Stormshield ofrece una gama completa de seguridad de red para gestionar toda la base de clientes y reducir los costes operativos.","robots":{"index":"index","follow":"follow","max-snippet":"max-snippet:-1","max-image-preview":"max-image-preview:large","max-video-preview":"max-video-preview:-1"},"canonical":"https:\/\/www.stormshield.com\/es\/productos-y-servicios\/por-sector\/mssps-y-otros-proveedores-de-servicios\/","og_locale":"es_ES","og_type":"article","og_title":"Ciberseguridad para proveedores de servicios | Stormshield","og_description":"Stormshield ofrece una gama completa de seguridad de red para gestionar toda la base de clientes y reducir los costes operativos.","og_url":"https:\/\/www.stormshield.com\/es\/productos-y-servicios\/por-sector\/mssps-y-otros-proveedores-de-servicios\/","og_site_name":"Stormshield","article_modified_time":"2024-11-13T09:03:48+00:00","og_image":[{"width":204,"height":94,"url":"https:\/\/www.stormshield.com\/wp-content\/uploads\/stormshield_logo.png","type":"image\/png"}],"twitter_card":"summary_large_image","twitter_site":"@Stormshield","twitter_misc":{"Tiempo de lectura":"6 minutos"},"schema":{"@context":"https:\/\/schema.org","@graph":[{"@type":"WebPage","@id":"https:\/\/www.stormshield.com\/es\/productos-y-servicios\/por-sector\/mssps-y-otros-proveedores-de-servicios\/","url":"https:\/\/www.stormshield.com\/es\/productos-y-servicios\/por-sector\/mssps-y-otros-proveedores-de-servicios\/","name":"Ciberseguridad para proveedores de servicios | Stormshield","isPartOf":{"@id":"https:\/\/www.stormshield.com\/es\/#website"},"datePublished":"2016-06-03T10:31:49+00:00","dateModified":"2024-11-13T09:03:48+00:00","description":"Stormshield ofrece una gama completa de seguridad de red para gestionar toda la base de clientes y reducir los costes operativos.","breadcrumb":{"@id":"https:\/\/www.stormshield.com\/es\/productos-y-servicios\/por-sector\/mssps-y-otros-proveedores-de-servicios\/#breadcrumb"},"inLanguage":"es","potentialAction":[{"@type":"ReadAction","target":["https:\/\/www.stormshield.com\/es\/productos-y-servicios\/por-sector\/mssps-y-otros-proveedores-de-servicios\/"]}]},{"@type":"BreadcrumbList","@id":"https:\/\/www.stormshield.com\/es\/productos-y-servicios\/por-sector\/mssps-y-otros-proveedores-de-servicios\/#breadcrumb","itemListElement":[{"@type":"ListItem","position":1,"name":"Home","item":"https:\/\/www.stormshield.com\/es\/"},{"@type":"ListItem","position":2,"name":"Productos y Soluciones","item":"https:\/\/www.stormshield.com\/es\/productos-y-servicios\/"},{"@type":"ListItem","position":3,"name":"Por sector","item":"https:\/\/www.stormshield.com\/es\/productos-y-servicios\/por-sector\/"},{"@type":"ListItem","position":4,"name":"MSSPs y otros proveedores de servicios"}]},{"@type":"WebSite","@id":"https:\/\/www.stormshield.com\/es\/#website","url":"https:\/\/www.stormshield.com\/es\/","name":"Stormshield","description":"Stormshield","potentialAction":[{"@type":"SearchAction","target":{"@type":"EntryPoint","urlTemplate":"https:\/\/www.stormshield.com\/es\/?s={search_term_string}"},"query-input":{"@type":"PropertyValueSpecification","valueRequired":true,"valueName":"search_term_string"}}],"inLanguage":"es"}]}},"_links":{"self":[{"href":"https:\/\/www.stormshield.com\/es\/wp-json\/wp\/v2\/pages\/204945","targetHints":{"allow":["GET"]}}],"collection":[{"href":"https:\/\/www.stormshield.com\/es\/wp-json\/wp\/v2\/pages"}],"about":[{"href":"https:\/\/www.stormshield.com\/es\/wp-json\/wp\/v2\/types\/page"}],"author":[{"embeddable":true,"href":"https:\/\/www.stormshield.com\/es\/wp-json\/wp\/v2\/users\/1"}],"replies":[{"embeddable":true,"href":"https:\/\/www.stormshield.com\/es\/wp-json\/wp\/v2\/comments?post=204945"}],"version-history":[{"count":16,"href":"https:\/\/www.stormshield.com\/es\/wp-json\/wp\/v2\/pages\/204945\/revisions"}],"predecessor-version":[{"id":588067,"href":"https:\/\/www.stormshield.com\/es\/wp-json\/wp\/v2\/pages\/204945\/revisions\/588067"}],"up":[{"embeddable":true,"href":"https:\/\/www.stormshield.com\/es\/wp-json\/wp\/v2\/pages\/204899"}],"wp:attachment":[{"href":"https:\/\/www.stormshield.com\/es\/wp-json\/wp\/v2\/media?parent=204945"}],"curies":[{"name":"wp","href":"https:\/\/api.w.org\/{rel}","templated":true}]}}