{"id":204899,"date":"2016-06-03T11:24:49","date_gmt":"2016-06-03T10:24:49","guid":{"rendered":"https:\/\/www.stormshield.com\/soluciones\/by-industry\/"},"modified":"2024-06-10T11:07:46","modified_gmt":"2024-06-10T10:07:46","slug":"por-sector","status":"publish","type":"page","link":"https:\/\/www.stormshield.com\/es\/productos-y-servicios\/por-sector\/","title":{"rendered":"Por sector"},"content":{"rendered":"<div class=\"wpb-content-wrapper\"><p>[vc_row css_animation=\"\" row_type=\"row\" use_row_as_full_screen_section=\"no\" type=\"grid\" angled_section=\"no\" text_align=\"left\" background_image_as_pattern=\"without_pattern\" z_index=\"\" padding_top=\"50\" padding_bottom=\"50\"][vc_column][vc_empty_space][vc_column_text css=\"\"]<\/p>\n<h1 style=\"text-align: center;\"><span style=\"color: #00aaf5;\"><span style=\"font-weight: 300; font-size: 1.5em;\">Soluciones Stormshield para sus retos empresariales <\/span><\/span><span style=\"color: #00aaf5;\"><span style=\"font-weight: 900; font-size: 1.5em;\">adaptadas a la realidad de su sector<\/span><\/span><\/h1>\n<p>[\/vc_column_text][vc_empty_space][\/vc_column][\/vc_row][vc_row css_animation=\"\" row_type=\"row\" use_row_as_full_screen_section=\"no\" type=\"grid\" angled_section=\"no\" text_align=\"left\" background_image_as_pattern=\"without_pattern\" z_index=\"\"][vc_column][vc_row_inner row_type=\"row\" type=\"full_width\" text_align=\"left\" css_animation=\"\"][vc_column_inner width=\"5\/6\"][vc_column_text css=\"\"]<\/p>\n<h2><span style=\"color: #000; font-size: 1.2em; font-weight: 900;\">Soluciones de seguridad adaptadas a diferentes sectores de actividad<\/span><\/h2>\n<p><span style=\"color: #000; font-size: 1.1em;\">Industria, administraci\u00f3n p\u00fablica, sanidad... <strong>Sea cual sea tu campo de actividad, Stormshield te ofrece soluciones a medida que tienen en cuenta los retos espec\u00edficos de tu sector.<\/strong><\/span>[\/vc_column_text][vc_empty_space][\/vc_column_inner][vc_column_inner width=\"1\/6\"][\/vc_column_inner][\/vc_row_inner][\/vc_column][\/vc_row][vc_row css_animation=\"\" row_type=\"row\" use_row_as_full_screen_section=\"no\" type=\"grid\" angled_section=\"no\" text_align=\"left\" background_image_as_pattern=\"without_pattern\" z_index=\"\" padding_bottom=\"32\" padding_top=\"32\"][vc_column width=\"1\/3\" css=\".vc_custom_1714030399519{padding-right: 32px !important;}\"][vc_single_image image=\"456927\" img_size=\"100x100\" onclick=\"custom_link\" css=\"\" qode_css_animation=\"\" link=\"https:\/\/www.stormshield.com\/es\/productos-y-servicios\/por-sector\/aeronautica\/\"][vc_column_text css=\"\"]<a href=\"https:\/\/www.stormshield.com\/es\/productos-y-servicios\/por-sector\/aeronautica\/\"><span style=\"color: #00aeef; line-height: 0.9em; font-size: 2.2em; font-weight: 300;\">Aeron\u00e1utica<\/span><\/a><br \/>\n<span style=\"color: #000; font-size: 0.9em;\">Una protecci\u00f3n reforzada de las redes de comunicaci\u00f3n<\/span>[\/vc_column_text][\/vc_column][vc_column width=\"1\/3\" css=\".vc_custom_1714030419838{padding-right: 16px !important;padding-left: 16px !important;}\"][vc_single_image image=\"456902\" img_size=\"100x100\" onclick=\"custom_link\" css=\"\" qode_css_animation=\"\" link=\"https:\/\/www.stormshield.com\/es\/productos-y-servicios\/por-sector\/administraciones-publicas\/\"][vc_column_text css=\"\"]<a href=\"https:\/\/www.stormshield.com\/es\/productos-y-servicios\/por-sector\/administraciones-publicas\/\"><span style=\"color: #00aeef; line-height: 0.9em; font-size: 2.2em; font-weight: 100;\">Administraciones p\u00fablicas<\/span><\/a><br \/>\n<span style=\"color: #000; font-size: 0.9em;\">La necesidad de una seguridad reforzada contra ciberamenazas<\/span>[\/vc_column_text][\/vc_column][vc_column width=\"1\/3\" css=\".vc_custom_1714030412495{padding-left: 32px !important;}\"][vc_single_image image=\"456877\" img_size=\"100x100\" onclick=\"custom_link\" css=\"\" qode_css_animation=\"\" link=\"https:\/\/www.stormshield.com\/es\/productos-y-servicios\/por-sector\/comunicaciones-criticas\/\"][vc_column_text css=\"\"]<a href=\"https:\/\/www.stormshield.com\/es\/productos-y-servicios\/por-sector\/comunicaciones-criticas\/\"><span style=\"color: #00aeef; line-height: 0.9em; font-size: 2.2em; font-weight: 100;\">Comunicaciones cr\u00edticas<\/span><\/a><br \/>\n<span style=\"color: #000; font-size: 0.9em;\">Equipamiento adecuado para preservar el funcionamiento<\/span>[\/vc_column_text][\/vc_column][\/vc_row][vc_row css_animation=\"\" row_type=\"row\" use_row_as_full_screen_section=\"no\" type=\"grid\" angled_section=\"no\" text_align=\"left\" background_image_as_pattern=\"without_pattern\" z_index=\"\" padding_bottom=\"32\" padding_top=\"32\"][vc_column width=\"1\/3\" css=\".vc_custom_1714030399519{padding-right: 32px !important;}\"][vc_single_image image=\"456887\" img_size=\"100x100\" onclick=\"custom_link\" css=\"\" qode_css_animation=\"\" link=\"https:\/\/www.stormshield.com\/es\/productos-y-servicios\/por-sector\/defensa-y-organizaciones-militares\/\"][vc_column_text css=\"\"]<a href=\"https:\/\/www.stormshield.com\/es\/productos-y-servicios\/por-sector\/defensa-y-organizaciones-militares\/\"><span style=\"color: #00aeef; line-height: 0.9em; font-size: 2.2em; font-weight: 100;\">Defensa<\/span><\/a><br \/>\n<span style=\"color: #000; font-size: 0.9em;\">La garant\u00eda del m\u00e1s alto nivel de certificaci\u00f3n del mercado<\/span>[\/vc_column_text][\/vc_column][vc_column width=\"1\/3\" css=\".vc_custom_1714030419838{padding-right: 16px !important;padding-left: 16px !important;}\"][vc_single_image image=\"456962\" img_size=\"100x100\" onclick=\"custom_link\" css=\"\" qode_css_animation=\"\" link=\"https:\/\/www.stormshield.com\/es\/productos-y-servicios\/por-sector\/agua\/\"][vc_column_text css=\"\"]<a href=\"https:\/\/www.stormshield.com\/es\/productos-y-servicios\/por-sector\/agua\/\"><span style=\"color: #00aeef; line-height: 0.9em; font-size: 2.2em; font-weight: 100;\">Agua<\/span><\/a><br \/>\n<span style=\"color: #000; font-size: 0.9em;\">Hacia unas redes eficientes en cualquier circunstancia<\/span>[\/vc_column_text][\/vc_column][vc_column width=\"1\/3\" css=\".vc_custom_1714030412495{padding-left: 32px !important;}\"][vc_single_image image=\"456952\" img_size=\"100x100\" onclick=\"custom_link\" css=\"\" qode_css_animation=\"\" link=\"https:\/\/www.stormshield.com\/es\/productos-y-servicios\/por-sector\/industria-electrica\/\"][vc_column_text css=\"\"]<a href=\"https:\/\/www.stormshield.com\/es\/productos-y-servicios\/por-sector\/industria-electrica\/\"><span style=\"color: #00aeef; line-height: 0.9em; font-size: 2.2em; font-weight: 100;\">Electricidad y red<\/span><\/a><br \/>\n<span style=\"color: #000; font-size: 0.9em;\">El control de una interconexi\u00f3n segura<\/span>[\/vc_column_text][\/vc_column][\/vc_row][vc_row css_animation=\"\" row_type=\"row\" use_row_as_full_screen_section=\"no\" type=\"grid\" angled_section=\"no\" text_align=\"left\" background_image_as_pattern=\"without_pattern\" z_index=\"\" padding_bottom=\"32\" padding_top=\"32\"][vc_column width=\"1\/3\" css=\".vc_custom_1714030399519{padding-right: 32px !important;}\"][vc_single_image image=\"456922\" img_size=\"100x100\" onclick=\"custom_link\" css=\"\" qode_css_animation=\"\" link=\"https:\/\/www.stormshield.com\/es\/productos-y-servicios\/por-sector\/gestion-de-instalaciones-y-almacenes\/\"][vc_column_text css=\"\"]<a href=\"https:\/\/www.stormshield.com\/es\/productos-y-servicios\/por-sector\/gestion-de-instalaciones-y-almacenes\/\"><span style=\"color: #00aeef; line-height: 0.9em; font-size: 2.2em; font-weight: 100;\">Gesti\u00f3n de instalaciones<\/span><\/a><br \/>\n<span style=\"color: #000; font-size: 0.9em;\">El dominio de las redes conectadas e inteligentes<\/span>[\/vc_column_text][\/vc_column][vc_column width=\"1\/3\" css=\".vc_custom_1714030419838{padding-right: 16px !important;padding-left: 16px !important;}\"][vc_single_image image=\"456912\" img_size=\"100x100\" onclick=\"custom_link\" css=\"\" qode_css_animation=\"\" link=\"https:\/\/www.stormshield.com\/es\/productos-y-servicios\/por-sector\/marina\/\"][vc_column_text css=\"\"]<a href=\"https:\/\/www.stormshield.com\/es\/productos-y-servicios\/por-sector\/marina\/\"><span style=\"color: #00aeef; line-height: 0.9em; font-size: 2.2em; font-weight: 100;\">Mar\u00edtimo<\/span><\/a><br \/>\n<span style=\"color: #000; font-size: 0.9em;\">Una ciberprotecci\u00f3n sensible en el mar y en tierra<\/span>[\/vc_column_text][\/vc_column][vc_column width=\"1\/3\" css=\".vc_custom_1714030412495{padding-left: 32px !important;}\"][vc_single_image image=\"456862\" img_size=\"100x100\" onclick=\"custom_link\" css=\"\" qode_css_animation=\"\" link=\"https:\/\/www.stormshield.com\/es\/productos-y-servicios\/por-sector\/sanidad-y-centros-de-salud\/\"][vc_column_text css=\"\"]<a href=\"https:\/\/www.stormshield.com\/es\/productos-y-servicios\/por-sector\/sanidad-y-centros-de-salud\/\"><span style=\"color: #00aeef; line-height: 0.9em; font-size: 2.2em; font-weight: 100;\">Salud<\/span><\/a><br \/>\n<span style=\"color: #000; font-size: 0.9em;\">La urgente necesidad de una protecci\u00f3n infalible<\/span>[\/vc_column_text][\/vc_column][\/vc_row][vc_row css_animation=\"\" row_type=\"row\" use_row_as_full_screen_section=\"no\" type=\"grid\" angled_section=\"no\" text_align=\"left\" background_image_as_pattern=\"without_pattern\" z_index=\"\" padding_bottom=\"32\" padding_top=\"32\"][vc_column width=\"1\/3\" css=\".vc_custom_1714030399519{padding-right: 32px !important;}\"][vc_single_image image=\"456932\" img_size=\"100x100\" onclick=\"custom_link\" css=\"\" qode_css_animation=\"\" link=\"https:\/\/www.stormshield.com\/es\/productos-y-servicios\/por-sector\/transporte-terrestre\/\"][vc_column_text css=\"\"]<a href=\"https:\/\/www.stormshield.com\/es\/productos-y-servicios\/por-sector\/transporte-terrestre\/\"><span style=\"color: #00aeef; line-height: 0.9em; font-size: 2.2em; font-weight: 100;\">Transporte terrestre<\/span><\/a><br \/>\n<span style=\"color: #000; font-size: 0.9em;\">La importancia de una red \u00e1gil y disponible<\/span>[\/vc_column_text][\/vc_column][vc_column width=\"1\/3\" css=\".vc_custom_1714030419838{padding-right: 16px !important;padding-left: 16px !important;}\"][vc_single_image image=\"456272\" img_size=\"100x100\" onclick=\"custom_link\" css=\"\" qode_css_animation=\"\" link=\"https:\/\/www.stormshield.com\/es\/productos-y-servicios\/por-sector\/mssps-y-otros-proveedores-de-servicios\/\"][vc_column_text css=\"\"]<a href=\"https:\/\/www.stormshield.com\/es\/productos-y-servicios\/por-sector\/mssps-y-otros-proveedores-de-servicios\/\"><span style=\"color: #00aeef; line-height: 0.9em; font-size: 2.2em; font-weight: 100;\">Tecnolog\u00edas de la informaci\u00f3n<\/span><\/a><br \/>\n<span style=\"color: #000; font-size: 0.9em;\">Simplificar la gesti\u00f3n de los parques y aumentar la eficiencia operativa<\/span>[\/vc_column_text][\/vc_column][vc_column width=\"1\/3\" css=\".vc_custom_1714030918128{padding-top: 32px !important;padding-right: 32px !important;padding-bottom: 32px !important;padding-left: 32px !important;background-color: #f9f9f9 !important;}\"][vc_single_image image=\"456477\" img_size=\"100x100\" qode_css_animation=\"\"][vc_column_text css=\"\"]<span style=\"color: #000; font-size: 1.1em;\"><strong>\u00bfTu mercado o campo de actividad no aparece en la lista?<\/strong> No te preocupes, nuestras soluciones de seguridad pueden responder con seguridad a tu uso espec\u00edfico o a tu problem\u00e1ticasde funcionamiento. Ponte en contacto directamente con nuestros equipos comerciales y de preventa para iniciar la conversaci\u00f3n.<\/span>[\/vc_column_text][vc_empty_space]<a  itemprop=\"url\" href=\"https:\/\/www.stormshield.com\/es\/contacto\/equipos-comerciales\/\" target=\"_self\" data-hover-background-color=\"#d23467\" data-hover-border-color=\"#d23467\" class=\"qbutton  white enlarge\" style=\"border-color: #ffffff; background-color:#060051;\">Contacto<i class=\"qode_icon_font_awesome fa fa-angle-right qode_button_icon_element\"><\/i><\/a>[vc_empty_space][\/vc_column][\/vc_row][vc_row css_animation=\"\" row_type=\"row\" use_row_as_full_screen_section=\"no\" type=\"grid\" angled_section=\"no\" text_align=\"left\" background_image_as_pattern=\"without_pattern\" z_index=\"\" background_color=\"#060051\" padding_top=\"50\" padding_bottom=\"50\"][vc_column][vc_row_inner row_type=\"row\" type=\"full_width\" text_align=\"left\" css_animation=\"\"][vc_column_inner][vc_column_text css=\"\"]<\/p>\n<h2><span style=\"color: #ffffff; font-size: 1.2em; font-weight: 900;\">Especial atenci\u00f3n a las infraestructuras cr\u00edticas<\/span><\/h2>\n<p><span style=\"color: #ffffff; font-size: 1.1em;\"><strong>A nivel europeo, la directiva NIS2 pretende garantizar un determinado nivel de seguridad para las redes y sistemas de informaci\u00f3n de las infraestructuras cr\u00edticas y sensibles de los pa\u00edses miembros de la Uni\u00f3n Europea.<\/strong> Operadores de Servicios Esenciales (OES) ayer, Entidades Esenciales (EE) y Entidades Importantes (EI) ma\u00f1ana. Con Stormshield, adoptar los reflejos adecuados para cumplir la legislaci\u00f3n francesa y europea se resume en tres palabras clave: protecci\u00f3n, cualificaci\u00f3n, conformidad. M\u00e1s informaci\u00f3n sobre nuestros productos de seguridad de confianza.<\/span>[\/vc_column_text][vc_empty_space][\/vc_column_inner][\/vc_row_inner][\/vc_column][\/vc_row][vc_row css_animation=\"\" row_type=\"row\" use_row_as_full_screen_section=\"no\" type=\"grid\" angled_section=\"no\" text_align=\"left\" background_image_as_pattern=\"without_pattern\" z_index=\"\" padding_bottom=\"50\" padding_top=\"50\"][vc_column][vc_row_inner row_type=\"row\" type=\"full_width\" text_align=\"left\" css_animation=\"\"][vc_column_inner][vc_column_text css=\"\"]<span style=\"color: #000; font-size: 1.1em;\"><strong>Lea una serie de testimonios de clientes de Stormshield,<\/strong> que hablan del despliegue de las soluciones Stormshield en sus infraestructuras o con sus equipos. Protecci\u00f3n de redes, protecci\u00f3n de endpoints, protecci\u00f3n de datos: descubra c\u00f3mo combinar ciberseguridad, soberan\u00eda y ciberprotecci\u00f3n.<\/span>[\/vc_column_text][vc_empty_space]<a  itemprop=\"url\" href=\"https:\/\/www.stormshield.com\/es\/recursos\/?_sft_rc_type=estudios-de-caso\" target=\"_blank\" data-hover-background-color=\"#d23467\" data-hover-border-color=\"#d23467\" class=\"qbutton  white enlarge\" style=\"border-color: #ffffff; background-color:#060051;\">Estudios de caso<i class=\"qode_icon_font_awesome fa fa-angle-right qode_button_icon_element\"><\/i><\/a>[vc_empty_space][\/vc_column_inner][\/vc_row_inner][\/vc_column][\/vc_row]<\/p>\n<\/div>","protected":false},"excerpt":{"rendered":"<p>[vc_row css_animation=\u00bb\u00bb row_type=\u00bbrow\u00bb use_row_as_full_screen_section=\u00bbno\u00bb type=\u00bbgrid\u00bb angled_section=\u00bbno\u00bb text_align=\u00bbleft\u00bb background_image_as_pattern=\u00bbwithout_pattern\u00bb z_index=\u00bb\u00bb padding_top=\u00bb50&#8243; padding_bottom=\u00bb50&#8243;][vc_column][vc_empty_space][vc_column_text css=\u00bb\u00bb] Soluciones Stormshield para sus retos empresariales adaptadas a la realidad de su sector [\/vc_column_text][vc_empty_space][\/vc_column][\/vc_row][vc_row css_animation=\u00bb\u00bb row_type=\u00bbrow\u00bb use_row_as_full_screen_section=\u00bbno\u00bb type=\u00bbgrid\u00bb angled_section=\u00bbno\u00bb text_align=\u00bbleft\u00bb background_image_as_pattern=\u00bbwithout_pattern\u00bb z_index=\u00bb\u00bb][vc_column][vc_row_inner row_type=\u00bbrow\u00bb type=\u00bbfull_width\u00bb text_align=\u00bbleft\u00bb css_animation=\u00bb\u00bb][vc_column_inner width=\u00bb5\/6&#8243;][vc_column_text css=\u00bb\u00bb] Soluciones de seguridad adaptadas a&#8230;<\/p>\n","protected":false},"author":1,"featured_media":0,"parent":204952,"menu_order":264,"comment_status":"closed","ping_status":"closed","template":"full_width.php","meta":{"_acf_changed":false,"footnotes":""},"class_list":["post-204899","page","type-page","status-publish","hentry"],"acf":[],"yoast_head":"<!-- This site is optimized with the Yoast SEO plugin v27.3 - https:\/\/yoast.com\/product\/yoast-seo-wordpress\/ -->\n<title>Soluciones de ciberseguridad por sector | Stormshield<\/title>\n<meta name=\"description\" content=\"Con Stormshield, encuentre el producto o servicio de seguridad adecuado para su sector y sus necesidades espec\u00edficas.\" \/>\n<meta name=\"robots\" content=\"index, follow, max-snippet:-1, max-image-preview:large, max-video-preview:-1\" \/>\n<link rel=\"canonical\" href=\"https:\/\/www.stormshield.com\/es\/productos-y-servicios\/por-sector\/\" \/>\n<meta property=\"og:locale\" content=\"es_ES\" \/>\n<meta property=\"og:type\" content=\"article\" \/>\n<meta property=\"og:title\" content=\"Soluciones de ciberseguridad por sector | Stormshield\" \/>\n<meta property=\"og:description\" content=\"Con Stormshield, encuentre el producto o servicio de seguridad adecuado para su sector y sus necesidades espec\u00edficas.\" \/>\n<meta property=\"og:url\" content=\"https:\/\/www.stormshield.com\/es\/productos-y-servicios\/por-sector\/\" \/>\n<meta property=\"og:site_name\" content=\"Stormshield\" \/>\n<meta property=\"article:modified_time\" content=\"2024-06-10T10:07:46+00:00\" \/>\n<meta property=\"og:image\" content=\"https:\/\/www.stormshield.com\/wp-content\/uploads\/stormshield_logo.png\" \/>\n\t<meta property=\"og:image:width\" content=\"204\" \/>\n\t<meta property=\"og:image:height\" content=\"94\" \/>\n\t<meta property=\"og:image:type\" content=\"image\/png\" \/>\n<meta name=\"twitter:card\" content=\"summary_large_image\" \/>\n<meta name=\"twitter:site\" content=\"@Stormshield\" \/>\n<meta name=\"twitter:label1\" content=\"Tiempo de lectura\" \/>\n\t<meta name=\"twitter:data1\" content=\"8 minutos\" \/>\n<script type=\"application\/ld+json\" class=\"yoast-schema-graph\">{\"@context\":\"https:\\\/\\\/schema.org\",\"@graph\":[{\"@type\":\"WebPage\",\"@id\":\"https:\\\/\\\/www.stormshield.com\\\/es\\\/productos-y-servicios\\\/por-sector\\\/\",\"url\":\"https:\\\/\\\/www.stormshield.com\\\/es\\\/productos-y-servicios\\\/por-sector\\\/\",\"name\":\"Soluciones de ciberseguridad por sector | Stormshield\",\"isPartOf\":{\"@id\":\"https:\\\/\\\/www.stormshield.com\\\/es\\\/#website\"},\"datePublished\":\"2016-06-03T10:24:49+00:00\",\"dateModified\":\"2024-06-10T10:07:46+00:00\",\"description\":\"Con Stormshield, encuentre el producto o servicio de seguridad adecuado para su sector y sus necesidades espec\u00edficas.\",\"breadcrumb\":{\"@id\":\"https:\\\/\\\/www.stormshield.com\\\/es\\\/productos-y-servicios\\\/por-sector\\\/#breadcrumb\"},\"inLanguage\":\"es\",\"potentialAction\":[{\"@type\":\"ReadAction\",\"target\":[\"https:\\\/\\\/www.stormshield.com\\\/es\\\/productos-y-servicios\\\/por-sector\\\/\"]}]},{\"@type\":\"BreadcrumbList\",\"@id\":\"https:\\\/\\\/www.stormshield.com\\\/es\\\/productos-y-servicios\\\/por-sector\\\/#breadcrumb\",\"itemListElement\":[{\"@type\":\"ListItem\",\"position\":1,\"name\":\"Home\",\"item\":\"https:\\\/\\\/www.stormshield.com\\\/es\\\/\"},{\"@type\":\"ListItem\",\"position\":2,\"name\":\"Productos y Soluciones\",\"item\":\"https:\\\/\\\/www.stormshield.com\\\/es\\\/productos-y-servicios\\\/\"},{\"@type\":\"ListItem\",\"position\":3,\"name\":\"Por sector\"}]},{\"@type\":\"WebSite\",\"@id\":\"https:\\\/\\\/www.stormshield.com\\\/es\\\/#website\",\"url\":\"https:\\\/\\\/www.stormshield.com\\\/es\\\/\",\"name\":\"Stormshield\",\"description\":\"Stormshield\",\"potentialAction\":[{\"@type\":\"SearchAction\",\"target\":{\"@type\":\"EntryPoint\",\"urlTemplate\":\"https:\\\/\\\/www.stormshield.com\\\/es\\\/?s={search_term_string}\"},\"query-input\":{\"@type\":\"PropertyValueSpecification\",\"valueRequired\":true,\"valueName\":\"search_term_string\"}}],\"inLanguage\":\"es\"}]}<\/script>\n<!-- \/ Yoast SEO plugin. -->","yoast_head_json":{"title":"Soluciones de ciberseguridad por sector | Stormshield","description":"Con Stormshield, encuentre el producto o servicio de seguridad adecuado para su sector y sus necesidades espec\u00edficas.","robots":{"index":"index","follow":"follow","max-snippet":"max-snippet:-1","max-image-preview":"max-image-preview:large","max-video-preview":"max-video-preview:-1"},"canonical":"https:\/\/www.stormshield.com\/es\/productos-y-servicios\/por-sector\/","og_locale":"es_ES","og_type":"article","og_title":"Soluciones de ciberseguridad por sector | Stormshield","og_description":"Con Stormshield, encuentre el producto o servicio de seguridad adecuado para su sector y sus necesidades espec\u00edficas.","og_url":"https:\/\/www.stormshield.com\/es\/productos-y-servicios\/por-sector\/","og_site_name":"Stormshield","article_modified_time":"2024-06-10T10:07:46+00:00","og_image":[{"width":204,"height":94,"url":"https:\/\/www.stormshield.com\/wp-content\/uploads\/stormshield_logo.png","type":"image\/png"}],"twitter_card":"summary_large_image","twitter_site":"@Stormshield","twitter_misc":{"Tiempo de lectura":"8 minutos"},"schema":{"@context":"https:\/\/schema.org","@graph":[{"@type":"WebPage","@id":"https:\/\/www.stormshield.com\/es\/productos-y-servicios\/por-sector\/","url":"https:\/\/www.stormshield.com\/es\/productos-y-servicios\/por-sector\/","name":"Soluciones de ciberseguridad por sector | Stormshield","isPartOf":{"@id":"https:\/\/www.stormshield.com\/es\/#website"},"datePublished":"2016-06-03T10:24:49+00:00","dateModified":"2024-06-10T10:07:46+00:00","description":"Con Stormshield, encuentre el producto o servicio de seguridad adecuado para su sector y sus necesidades espec\u00edficas.","breadcrumb":{"@id":"https:\/\/www.stormshield.com\/es\/productos-y-servicios\/por-sector\/#breadcrumb"},"inLanguage":"es","potentialAction":[{"@type":"ReadAction","target":["https:\/\/www.stormshield.com\/es\/productos-y-servicios\/por-sector\/"]}]},{"@type":"BreadcrumbList","@id":"https:\/\/www.stormshield.com\/es\/productos-y-servicios\/por-sector\/#breadcrumb","itemListElement":[{"@type":"ListItem","position":1,"name":"Home","item":"https:\/\/www.stormshield.com\/es\/"},{"@type":"ListItem","position":2,"name":"Productos y Soluciones","item":"https:\/\/www.stormshield.com\/es\/productos-y-servicios\/"},{"@type":"ListItem","position":3,"name":"Por sector"}]},{"@type":"WebSite","@id":"https:\/\/www.stormshield.com\/es\/#website","url":"https:\/\/www.stormshield.com\/es\/","name":"Stormshield","description":"Stormshield","potentialAction":[{"@type":"SearchAction","target":{"@type":"EntryPoint","urlTemplate":"https:\/\/www.stormshield.com\/es\/?s={search_term_string}"},"query-input":{"@type":"PropertyValueSpecification","valueRequired":true,"valueName":"search_term_string"}}],"inLanguage":"es"}]}},"_links":{"self":[{"href":"https:\/\/www.stormshield.com\/es\/wp-json\/wp\/v2\/pages\/204899","targetHints":{"allow":["GET"]}}],"collection":[{"href":"https:\/\/www.stormshield.com\/es\/wp-json\/wp\/v2\/pages"}],"about":[{"href":"https:\/\/www.stormshield.com\/es\/wp-json\/wp\/v2\/types\/page"}],"author":[{"embeddable":true,"href":"https:\/\/www.stormshield.com\/es\/wp-json\/wp\/v2\/users\/1"}],"replies":[{"embeddable":true,"href":"https:\/\/www.stormshield.com\/es\/wp-json\/wp\/v2\/comments?post=204899"}],"version-history":[{"count":15,"href":"https:\/\/www.stormshield.com\/es\/wp-json\/wp\/v2\/pages\/204899\/revisions"}],"predecessor-version":[{"id":536515,"href":"https:\/\/www.stormshield.com\/es\/wp-json\/wp\/v2\/pages\/204899\/revisions\/536515"}],"up":[{"embeddable":true,"href":"https:\/\/www.stormshield.com\/es\/wp-json\/wp\/v2\/pages\/204952"}],"wp:attachment":[{"href":"https:\/\/www.stormshield.com\/es\/wp-json\/wp\/v2\/media?parent=204899"}],"curies":[{"name":"wp","href":"https:\/\/api.w.org\/{rel}","templated":true}]}}