{"id":204863,"date":"2017-07-28T13:17:56","date_gmt":"2017-07-28T12:17:56","guid":{"rendered":"https:\/\/www.stormshield.com\/securitybox-smartfile-reader\/"},"modified":"2024-06-20T13:14:31","modified_gmt":"2024-06-20T12:14:31","slug":"security-box-smart-file-reader","status":"publish","type":"page","link":"https:\/\/www.stormshield.com\/es\/productos-y-servicios\/productos\/data-protection\/gama-sds\/security-box-smart-file-reader\/","title":{"rendered":"Security Box Smart File Reader"},"content":{"rendered":"<div class=\"wpb-content-wrapper\"><p>[vc_row css_animation=\"\" row_type=\"row\" use_row_as_full_screen_section=\"no\" type=\"grid\" angled_section=\"no\" text_align=\"left\" background_image_as_pattern=\"without_pattern\" z_index=\"\" background_color=\"#5b5c5f\" padding_top=\"125\" padding_bottom=\"125\"][vc_column][vc_column_text]<\/p>\n<h1><span style=\"color: #000000;\"><strong>Smart File Reader<\/strong><\/span><\/h1>\n<p><span style=\"color: #000000;\">La soluci\u00f3n sencilla y gratuita para descifrar tus archivos<\/span>[\/vc_column_text][\/vc_column][\/vc_row][vc_row css_animation=\"\" row_type=\"row\" use_row_as_full_screen_section=\"no\" type=\"grid\" angled_section=\"no\" text_align=\"left\" background_image_as_pattern=\"without_pattern\" z_index=\"\" padding_top=\"50\" padding_bottom=\"50\"][vc_column width=\"2\/3\"][vc_column_text]<\/p>\n<h2><span style=\"color: #000; font-size: 1.2em; font-weight: 900;\">Un software de descifrado gratuito para todos sus archivos entrantes<\/span><\/h2>\n<p><span style=\"color: #000; font-size: 1.1em;\">\u00bfHa recibido un archivo cifrado con Stormshield Data Security File, Security Box Smart File o Security Box File? Nada m\u00e1s sencillo: gracias a esta aplicaci\u00f3n gratuita, podr\u00e1 descifrar un archivo enviado por su contacto y modificarlo antes de devolverlo con total seguridad. No necesita licencia.<\/span>[\/vc_column_text][vc_empty_space][\/vc_column][vc_column width=\"1\/3\" css=\".vc_custom_1705582747109{padding-top: 32px !important;padding-right: 32px !important;padding-bottom: 32px !important;padding-left: 32px !important;background-color: #f9f9f9 !important;}\"][vc_column_text]<span style=\"color: #000; font-size: 1.1em;\">SmartFile Reader es una aplicaci\u00f3n gratuita para descifrar archivos generados por Stormshield Data Security File, Security Box SmartFile o Security Box File. <strong>As\u00ed es como funciona.<\/strong><\/span>[\/vc_column_text][vc_empty_space]<a  itemprop=\"url\" href=\"https:\/\/www.stormshield.com\/wp-content\/uploads\/SmartFile_Reader.zip\" target=\"_blank\" data-hover-background-color=\"#00aeef\" data-hover-border-color=\"#ffffff\" class=\"qbutton  white enlarge\" style=\"border-color: #ffffff; background-color:#060051;\">Descargar<i class=\"qode_icon_font_awesome fa fa-angle-right qode_button_icon_element\"><\/i><\/a>[vc_empty_space][\/vc_column][\/vc_row][vc_row css_animation=\"\" row_type=\"row\" use_row_as_full_screen_section=\"no\" type=\"grid\" angled_section=\"no\" text_align=\"left\" background_image_as_pattern=\"without_pattern\" z_index=\"\" padding_top=\"50\" padding_bottom=\"50\"][vc_column][vc_row_inner row_type=\"row\" type=\"full_width\" text_align=\"left\" css_animation=\"\" css=\".vc_custom_1705583289749{padding-top: 32px !important;padding-right: 32px !important;padding-bottom: 32px !important;padding-left: 32px !important;background-color: #f9f9f9 !important;}\"][vc_column_inner width=\"2\/3\"][vc_column_text]<\/p>\n<h3><span style=\"color: #000; font-size: 1.1em; font-weight: 900;\">F\u00e1cil de instalar<\/span><\/h3>\n<p><span style=\"color: #000; font-size: 1.1em;\">El software SmartFile Reader es una aplicaci\u00f3n independiente que no requiere una instalaci\u00f3n complicada. Simplemente desc\u00e1rguelo y ejec\u00fatelo en su estaci\u00f3n de trabajo.<\/span><\/p>\n<h3><span style=\"color: #000; font-size: 1.1em; font-weight: 900;\">F\u00e1cil de iniciar<\/span><\/h3>\n<p><span style=\"color: #000; font-size: 1.1em;\">Tras descargar el software, basta con hacer clic en \u00e9l para que reconozca los archivos cifrados.<\/span><\/p>\n<p><span style=\"color: #000; font-size: 1.1em;\">El software se iniciar\u00e1 autom\u00e1ticamente al hacer doble clic en un archivo con extensi\u00f3n \".box\".<\/span>[\/vc_column_text][vc_empty_space][\/vc_column_inner][vc_column_inner width=\"1\/3\"][vc_empty_space][vc_column_text]<img loading=\"lazy\" decoding=\"async\" class=\"size-medium wp-image-38885 aligncenter\" src=\"https:\/\/www.stormshield.com\/wp-content\/uploads\/2017\/07\/screenshot-reader-en-300x227-300x227.jpg\" alt=\"\" width=\"300\" height=\"227\" \/>[\/vc_column_text][vc_empty_space][\/vc_column_inner][\/vc_row_inner][\/vc_column][\/vc_row][vc_row css_animation=\"\" row_type=\"row\" use_row_as_full_screen_section=\"no\" type=\"grid\" angled_section=\"no\" text_align=\"left\" background_image_as_pattern=\"without_pattern\" z_index=\"\"][vc_column][vc_column_text]<\/p>\n<h2><span style=\"color: #000; font-size: 1.2em; font-weight: 900;\">Encriptar los datos de forma intuitiva<\/span><\/h2>\n<p><span style=\"color: #000; font-size: 1.1em;\">Descifrar un archivo enviado por un empleado es sencillo: basta con hacer doble clic en el archivo para iniciar SmartFile Reader.<\/span><\/p>\n<p><img loading=\"lazy\" decoding=\"async\" class=\"alignnone size-full wp-image-38888\" src=\"https:\/\/www.stormshield.com\/wp-content\/uploads\/logo-smartfile.jpg\" alt=\"\" width=\"48\" height=\"48\" \/> \u00a0<span style=\"color: #000; font-size: 1.1em;\"><strong>Haga clic en este icono para empezar a descifrar el archivo entrante.<\/strong> Introduzca la contrase\u00f1a y el archivo descifrado se colocar\u00e1 autom\u00e1ticamente en su carpeta \"Mis documentos\", donde podr\u00e1 abrirlo y editarlo. Tenga en cuenta que el archivo original no se elimina durante esta operaci\u00f3n.<\/span><\/p>\n<p><span style=\"color: #000; font-size: 1.1em;\">Antes de devolver el archivo editado a su colaborador, debe protegerlo de nuevo. En la pr\u00e1ctica, esto significa sustituir el contenido del fichero \".box\" (enviado por su colaborador) por el contenido que usted acaba de editar.<\/span><\/p>\n<p><span style=\"color: #000; font-size: 1.1em;\">Al final de la operaci\u00f3n, el archivo \".box\" enviado originalmente por su colaborador contendr\u00e1 el archivo que usted ha editado. Haga doble clic en el archivo original para iniciar la aplicaci\u00f3n SmartFile Reader.<\/span><\/p>\n<p><img loading=\"lazy\" decoding=\"async\" class=\"alignnone size-full wp-image-38889\" src=\"https:\/\/www.stormshield.com\/wp-content\/uploads\/logo-smartfilz2.jpg\" alt=\"\" width=\"48\" height=\"48\" \/>\u00a0 <span style=\"color: #000; font-size: 1.1em;\"><strong>Al hacer clic en este icono, podr\u00e1 elegir el fichero que desea proteger<\/strong> (es decir, el fichero que ha editado y que desea enviar a su colaborador). El nuevo fichero sustituir\u00e1 al original. Tenga en cuenta que la contrase\u00f1a utilizada para proteger este nuevo fichero es la misma que se utiliz\u00f3 para proteger el original.<\/span>[\/vc_column_text][vc_empty_space][\/vc_column][\/vc_row][vc_row css_animation=\"\" row_type=\"row\" use_row_as_full_screen_section=\"no\" type=\"grid\" angled_section=\"no\" text_align=\"left\" background_image_as_pattern=\"without_pattern\" z_index=\"\" padding_top=\"50\" padding_bottom=\"50\"][vc_column css=\".vc_custom_1705583147433{padding-top: 32px !important;padding-right: 32px !important;padding-bottom: 32px !important;padding-left: 32px !important;background-color: #060051 !important;}\"][vc_empty_space][vc_column_text]<span style=\"color: #ffffff; font-size: 1.1em;\">Este software le permite descifrar los documentos que ha recibido. <strong>Si est\u00e1s listo para pasar al siguiente nivel y enviar t\u00fa mismo archivos cifrados, echa un vistazo a los \u00faltimos productos de la gama Stormshield Data Security.<\/strong><\/span><\/p>\n<p><span style=\"color: #ffffff; font-size: 1.1em;\">Y comun\u00edquese con total ciberseguridad.<\/span>[\/vc_column_text][vc_empty_space]<a  itemprop=\"url\" href=\"https:\/\/www.stormshield.com\/es\/productos-y-servicios\/productos\/data-protection\/gama-sds\/\" target=\"_blank\" data-hover-background-color=\"#00aeef\" data-hover-border-color=\"#ffffff\" class=\"qbutton  white enlarge\" style=\"border-color: #ffffff; background-color:#060051;\">Gama SDS<i class=\"qode_icon_font_awesome fa fa-angle-right qode_button_icon_element\"><\/i><\/a>[vc_empty_space][\/vc_column][\/vc_row]<\/p>\n<\/div>","protected":false},"excerpt":{"rendered":"<p>[vc_row css_animation=\u00bb\u00bb row_type=\u00bbrow\u00bb use_row_as_full_screen_section=\u00bbno\u00bb type=\u00bbgrid\u00bb angled_section=\u00bbno\u00bb text_align=\u00bbleft\u00bb background_image_as_pattern=\u00bbwithout_pattern\u00bb z_index=\u00bb\u00bb background_color=\u00bb#5b5c5f\u00bb padding_top=\u00bb125&#8243; padding_bottom=\u00bb125&#8243;][vc_column][vc_column_text] Smart File Reader La soluci\u00f3n sencilla y gratuita para descifrar tus archivos[\/vc_column_text][\/vc_column][\/vc_row][vc_row css_animation=\u00bb\u00bb row_type=\u00bbrow\u00bb use_row_as_full_screen_section=\u00bbno\u00bb type=\u00bbgrid\u00bb angled_section=\u00bbno\u00bb text_align=\u00bbleft\u00bb background_image_as_pattern=\u00bbwithout_pattern\u00bb z_index=\u00bb\u00bb padding_top=\u00bb50&#8243; padding_bottom=\u00bb50&#8243;][vc_column width=\u00bb2\/3&#8243;][vc_column_text] Un software de descifrado gratuito para todos sus archivos entrantes&#8230;<\/p>\n","protected":false},"author":9,"featured_media":0,"parent":315928,"menu_order":4,"comment_status":"closed","ping_status":"closed","template":"full_width.php","meta":{"_acf_changed":false,"footnotes":""},"class_list":["post-204863","page","type-page","status-publish","hentry"],"acf":[],"yoast_head":"<!-- This site is optimized with the Yoast SEO plugin v27.3 - https:\/\/yoast.com\/product\/yoast-seo-wordpress\/ -->\n<title>Smart File Reader: Cifrar y descifrar archivos | Security Box<\/title>\n<meta name=\"description\" content=\"Smart File Reader es una aplicaci\u00f3n gratuita para descifrar archivos generados por Stormshield Data Security File, Security Box Smart File o Security Box File.\" \/>\n<meta name=\"robots\" content=\"index, follow, max-snippet:-1, max-image-preview:large, max-video-preview:-1\" \/>\n<link rel=\"canonical\" href=\"https:\/\/www.stormshield.com\/es\/productos-y-servicios\/productos\/data-protection\/gama-sds\/security-box-smart-file-reader\/\" \/>\n<meta property=\"og:locale\" content=\"es_ES\" \/>\n<meta property=\"og:type\" content=\"article\" \/>\n<meta property=\"og:title\" content=\"Smart File Reader: Cifrar y descifrar archivos | Security Box\" \/>\n<meta property=\"og:description\" content=\"Smart File Reader es una aplicaci\u00f3n gratuita para descifrar archivos generados por Stormshield Data Security File, Security Box Smart File o Security Box File.\" \/>\n<meta property=\"og:url\" content=\"https:\/\/www.stormshield.com\/es\/productos-y-servicios\/productos\/data-protection\/gama-sds\/security-box-smart-file-reader\/\" \/>\n<meta property=\"og:site_name\" content=\"Stormshield\" \/>\n<meta property=\"article:modified_time\" content=\"2024-06-20T12:14:31+00:00\" \/>\n<meta property=\"og:image\" content=\"https:\/\/www.stormshield.com\/wp-content\/uploads\/2017\/07\/screenshot-reader-en-300x227-300x227.jpg\" \/>\n<meta name=\"twitter:card\" content=\"summary_large_image\" \/>\n<meta name=\"twitter:site\" content=\"@Stormshield\" \/>\n<meta name=\"twitter:label1\" content=\"Tiempo de lectura\" \/>\n\t<meta name=\"twitter:data1\" content=\"3 minutos\" \/>\n<script type=\"application\/ld+json\" class=\"yoast-schema-graph\">{\"@context\":\"https:\\\/\\\/schema.org\",\"@graph\":[{\"@type\":\"WebPage\",\"@id\":\"https:\\\/\\\/www.stormshield.com\\\/es\\\/productos-y-servicios\\\/productos\\\/data-protection\\\/gama-sds\\\/security-box-smart-file-reader\\\/\",\"url\":\"https:\\\/\\\/www.stormshield.com\\\/es\\\/productos-y-servicios\\\/productos\\\/data-protection\\\/gama-sds\\\/security-box-smart-file-reader\\\/\",\"name\":\"Smart File Reader: Cifrar y descifrar archivos | Security Box\",\"isPartOf\":{\"@id\":\"https:\\\/\\\/www.stormshield.com\\\/es\\\/#website\"},\"primaryImageOfPage\":{\"@id\":\"https:\\\/\\\/www.stormshield.com\\\/es\\\/productos-y-servicios\\\/productos\\\/data-protection\\\/gama-sds\\\/security-box-smart-file-reader\\\/#primaryimage\"},\"image\":{\"@id\":\"https:\\\/\\\/www.stormshield.com\\\/es\\\/productos-y-servicios\\\/productos\\\/data-protection\\\/gama-sds\\\/security-box-smart-file-reader\\\/#primaryimage\"},\"thumbnailUrl\":\"https:\\\/\\\/www.stormshield.com\\\/wp-content\\\/uploads\\\/2017\\\/07\\\/screenshot-reader-en-300x227-300x227.jpg\",\"datePublished\":\"2017-07-28T12:17:56+00:00\",\"dateModified\":\"2024-06-20T12:14:31+00:00\",\"description\":\"Smart File Reader es una aplicaci\u00f3n gratuita para descifrar archivos generados por Stormshield Data Security File, Security Box Smart File o Security Box File.\",\"breadcrumb\":{\"@id\":\"https:\\\/\\\/www.stormshield.com\\\/es\\\/productos-y-servicios\\\/productos\\\/data-protection\\\/gama-sds\\\/security-box-smart-file-reader\\\/#breadcrumb\"},\"inLanguage\":\"es\",\"potentialAction\":[{\"@type\":\"ReadAction\",\"target\":[\"https:\\\/\\\/www.stormshield.com\\\/es\\\/productos-y-servicios\\\/productos\\\/data-protection\\\/gama-sds\\\/security-box-smart-file-reader\\\/\"]}]},{\"@type\":\"ImageObject\",\"inLanguage\":\"es\",\"@id\":\"https:\\\/\\\/www.stormshield.com\\\/es\\\/productos-y-servicios\\\/productos\\\/data-protection\\\/gama-sds\\\/security-box-smart-file-reader\\\/#primaryimage\",\"url\":\"https:\\\/\\\/www.stormshield.com\\\/wp-content\\\/uploads\\\/2017\\\/07\\\/screenshot-reader-en-300x227-300x227.jpg\",\"contentUrl\":\"https:\\\/\\\/www.stormshield.com\\\/wp-content\\\/uploads\\\/2017\\\/07\\\/screenshot-reader-en-300x227-300x227.jpg\"},{\"@type\":\"BreadcrumbList\",\"@id\":\"https:\\\/\\\/www.stormshield.com\\\/es\\\/productos-y-servicios\\\/productos\\\/data-protection\\\/gama-sds\\\/security-box-smart-file-reader\\\/#breadcrumb\",\"itemListElement\":[{\"@type\":\"ListItem\",\"position\":1,\"name\":\"Home\",\"item\":\"https:\\\/\\\/www.stormshield.com\\\/es\\\/\"},{\"@type\":\"ListItem\",\"position\":2,\"name\":\"Productos y Soluciones\",\"item\":\"https:\\\/\\\/www.stormshield.com\\\/es\\\/productos-y-servicios\\\/\"},{\"@type\":\"ListItem\",\"position\":3,\"name\":\"Productos\",\"item\":\"https:\\\/\\\/www.stormshield.com\\\/es\\\/productos-y-servicios\\\/productos\\\/\"},{\"@type\":\"ListItem\",\"position\":4,\"name\":\"Seguridad de los datos\",\"item\":\"https:\\\/\\\/www.stormshield.com\\\/es\\\/productos-y-servicios\\\/productos\\\/data-protection\\\/\"},{\"@type\":\"ListItem\",\"position\":5,\"name\":\"Gama SDS\",\"item\":\"https:\\\/\\\/www.stormshield.com\\\/es\\\/productos-y-servicios\\\/productos\\\/data-protection\\\/gama-sds\\\/\"},{\"@type\":\"ListItem\",\"position\":6,\"name\":\"Security Box Smart File Reader\"}]},{\"@type\":\"WebSite\",\"@id\":\"https:\\\/\\\/www.stormshield.com\\\/es\\\/#website\",\"url\":\"https:\\\/\\\/www.stormshield.com\\\/es\\\/\",\"name\":\"Stormshield\",\"description\":\"Stormshield\",\"potentialAction\":[{\"@type\":\"SearchAction\",\"target\":{\"@type\":\"EntryPoint\",\"urlTemplate\":\"https:\\\/\\\/www.stormshield.com\\\/es\\\/?s={search_term_string}\"},\"query-input\":{\"@type\":\"PropertyValueSpecification\",\"valueRequired\":true,\"valueName\":\"search_term_string\"}}],\"inLanguage\":\"es\"}]}<\/script>\n<!-- \/ Yoast SEO plugin. -->","yoast_head_json":{"title":"Smart File Reader: Cifrar y descifrar archivos | Security Box","description":"Smart File Reader es una aplicaci\u00f3n gratuita para descifrar archivos generados por Stormshield Data Security File, Security Box Smart File o Security Box File.","robots":{"index":"index","follow":"follow","max-snippet":"max-snippet:-1","max-image-preview":"max-image-preview:large","max-video-preview":"max-video-preview:-1"},"canonical":"https:\/\/www.stormshield.com\/es\/productos-y-servicios\/productos\/data-protection\/gama-sds\/security-box-smart-file-reader\/","og_locale":"es_ES","og_type":"article","og_title":"Smart File Reader: Cifrar y descifrar archivos | Security Box","og_description":"Smart File Reader es una aplicaci\u00f3n gratuita para descifrar archivos generados por Stormshield Data Security File, Security Box Smart File o Security Box File.","og_url":"https:\/\/www.stormshield.com\/es\/productos-y-servicios\/productos\/data-protection\/gama-sds\/security-box-smart-file-reader\/","og_site_name":"Stormshield","article_modified_time":"2024-06-20T12:14:31+00:00","og_image":[{"url":"https:\/\/www.stormshield.com\/wp-content\/uploads\/2017\/07\/screenshot-reader-en-300x227-300x227.jpg","type":"","width":"","height":""}],"twitter_card":"summary_large_image","twitter_site":"@Stormshield","twitter_misc":{"Tiempo de lectura":"3 minutos"},"schema":{"@context":"https:\/\/schema.org","@graph":[{"@type":"WebPage","@id":"https:\/\/www.stormshield.com\/es\/productos-y-servicios\/productos\/data-protection\/gama-sds\/security-box-smart-file-reader\/","url":"https:\/\/www.stormshield.com\/es\/productos-y-servicios\/productos\/data-protection\/gama-sds\/security-box-smart-file-reader\/","name":"Smart File Reader: Cifrar y descifrar archivos | Security Box","isPartOf":{"@id":"https:\/\/www.stormshield.com\/es\/#website"},"primaryImageOfPage":{"@id":"https:\/\/www.stormshield.com\/es\/productos-y-servicios\/productos\/data-protection\/gama-sds\/security-box-smart-file-reader\/#primaryimage"},"image":{"@id":"https:\/\/www.stormshield.com\/es\/productos-y-servicios\/productos\/data-protection\/gama-sds\/security-box-smart-file-reader\/#primaryimage"},"thumbnailUrl":"https:\/\/www.stormshield.com\/wp-content\/uploads\/2017\/07\/screenshot-reader-en-300x227-300x227.jpg","datePublished":"2017-07-28T12:17:56+00:00","dateModified":"2024-06-20T12:14:31+00:00","description":"Smart File Reader es una aplicaci\u00f3n gratuita para descifrar archivos generados por Stormshield Data Security File, Security Box Smart File o Security Box File.","breadcrumb":{"@id":"https:\/\/www.stormshield.com\/es\/productos-y-servicios\/productos\/data-protection\/gama-sds\/security-box-smart-file-reader\/#breadcrumb"},"inLanguage":"es","potentialAction":[{"@type":"ReadAction","target":["https:\/\/www.stormshield.com\/es\/productos-y-servicios\/productos\/data-protection\/gama-sds\/security-box-smart-file-reader\/"]}]},{"@type":"ImageObject","inLanguage":"es","@id":"https:\/\/www.stormshield.com\/es\/productos-y-servicios\/productos\/data-protection\/gama-sds\/security-box-smart-file-reader\/#primaryimage","url":"https:\/\/www.stormshield.com\/wp-content\/uploads\/2017\/07\/screenshot-reader-en-300x227-300x227.jpg","contentUrl":"https:\/\/www.stormshield.com\/wp-content\/uploads\/2017\/07\/screenshot-reader-en-300x227-300x227.jpg"},{"@type":"BreadcrumbList","@id":"https:\/\/www.stormshield.com\/es\/productos-y-servicios\/productos\/data-protection\/gama-sds\/security-box-smart-file-reader\/#breadcrumb","itemListElement":[{"@type":"ListItem","position":1,"name":"Home","item":"https:\/\/www.stormshield.com\/es\/"},{"@type":"ListItem","position":2,"name":"Productos y Soluciones","item":"https:\/\/www.stormshield.com\/es\/productos-y-servicios\/"},{"@type":"ListItem","position":3,"name":"Productos","item":"https:\/\/www.stormshield.com\/es\/productos-y-servicios\/productos\/"},{"@type":"ListItem","position":4,"name":"Seguridad de los datos","item":"https:\/\/www.stormshield.com\/es\/productos-y-servicios\/productos\/data-protection\/"},{"@type":"ListItem","position":5,"name":"Gama SDS","item":"https:\/\/www.stormshield.com\/es\/productos-y-servicios\/productos\/data-protection\/gama-sds\/"},{"@type":"ListItem","position":6,"name":"Security Box Smart File Reader"}]},{"@type":"WebSite","@id":"https:\/\/www.stormshield.com\/es\/#website","url":"https:\/\/www.stormshield.com\/es\/","name":"Stormshield","description":"Stormshield","potentialAction":[{"@type":"SearchAction","target":{"@type":"EntryPoint","urlTemplate":"https:\/\/www.stormshield.com\/es\/?s={search_term_string}"},"query-input":{"@type":"PropertyValueSpecification","valueRequired":true,"valueName":"search_term_string"}}],"inLanguage":"es"}]}},"_links":{"self":[{"href":"https:\/\/www.stormshield.com\/es\/wp-json\/wp\/v2\/pages\/204863","targetHints":{"allow":["GET"]}}],"collection":[{"href":"https:\/\/www.stormshield.com\/es\/wp-json\/wp\/v2\/pages"}],"about":[{"href":"https:\/\/www.stormshield.com\/es\/wp-json\/wp\/v2\/types\/page"}],"author":[{"embeddable":true,"href":"https:\/\/www.stormshield.com\/es\/wp-json\/wp\/v2\/users\/9"}],"replies":[{"embeddable":true,"href":"https:\/\/www.stormshield.com\/es\/wp-json\/wp\/v2\/comments?post=204863"}],"version-history":[{"count":11,"href":"https:\/\/www.stormshield.com\/es\/wp-json\/wp\/v2\/pages\/204863\/revisions"}],"predecessor-version":[{"id":548830,"href":"https:\/\/www.stormshield.com\/es\/wp-json\/wp\/v2\/pages\/204863\/revisions\/548830"}],"up":[{"embeddable":true,"href":"https:\/\/www.stormshield.com\/es\/wp-json\/wp\/v2\/pages\/315928"}],"wp:attachment":[{"href":"https:\/\/www.stormshield.com\/es\/wp-json\/wp\/v2\/media?parent=204863"}],"curies":[{"name":"wp","href":"https:\/\/api.w.org\/{rel}","templated":true}]}}