{"id":179665,"date":"2016-05-31T10:41:10","date_gmt":"2016-05-31T09:41:10","guid":{"rendered":"https:\/\/www.stormshield.com\/home\/"},"modified":"2025-09-11T08:54:30","modified_gmt":"2025-09-11T07:54:30","slug":"home","status":"publish","type":"page","link":"https:\/\/www.stormshield.com\/es\/","title":{"rendered":"Stormshield, una ciberseguridad europea de confianza"},"content":{"rendered":"<div class=\"wpb-content-wrapper\"><p>[vc_row css_animation=\"\" row_type=\"row\" use_row_as_full_screen_section=\"no\" type=\"grid\" angled_section=\"no\" text_align=\"center\" background_image_as_pattern=\"without_pattern\" z_index=\"\" el_class=\"padding900\"][vc_column][vc_row_inner row_type=\"row\" type=\"full_width\" text_align=\"center\" css_animation=\"\"][vc_column_inner width=\"2\/12\"][\/vc_column_inner][vc_column_inner width=\"8\/12\"][vc_column_text css=\"\"]<\/p>\n<h1 style=\"text-align: center;\"><span style=\"color: #060051;\"><span style=\"font-weight: 900; font-size: 1.7em;\">Stormshield, <\/span><\/span><span style=\"color: #060051;\"><span style=\"font-weight: 300; font-size: 1.7em;\">la opci\u00f3n europea de ciber-seguridad<\/span><\/span><\/h1>\n<p>[\/vc_column_text][vc_empty_space][vc_column_text]<span style=\"color: #000; font-size: 1.1em;\">Hoy en d\u00eda, el entorno digital es la aut\u00e9ntica \u00abtierra prometida\u00bb, donde todos buscan nuevas formas de crear valor. Si bien las oportunidades son infinitas en el ciberespacio, tambi\u00e9n lo son los peligros. Y ante un mundo complejo y vers\u00e1til, nadie puede pretender enfrentarse solo a todas las amenazas existentes. Tarde o temprano, todos necesitamos recurrir a un socio de confianza. Como empresa europea l\u00edder en soluciones de ciberseguridad para infraestructuras de TI y OT, Stormshield le ofrece la respuesta a este problema.[\/vc_column_text][vc_empty_space][vc_video link=\"https:\/\/youtu.be\/302D2d1Eg84\" align=\"center\"][vc_empty_space]<a  itemprop=\"url\" href=\"https:\/\/www.stormshield.com\/es\/nuestra-diferencia\/\" target=\"_self\"  class=\"qbutton  enlarge\" style=\"\">Nuestra diferencia<i class=\"qode_icon_font_awesome fa fa-angle-right qode_button_icon_element\"><\/i><\/a>[vc_empty_space][\/vc_column_inner][vc_column_inner width=\"2\/12\"][\/vc_column_inner][\/vc_row_inner][\/vc_column][\/vc_row][vc_row css_animation=\"\" row_type=\"row\" use_row_as_full_screen_section=\"no\" type=\"grid\" angled_section=\"no\" text_align=\"center\" background_image_as_pattern=\"without_pattern\" el_class=\"padding90 home_offre\" z_index=\"\"][vc_column width=\"1\/4\"][vc_single_image image=\"456232\" img_size=\"200x200\" alignment=\"center\" onclick=\"custom_link\" qode_css_animation=\"\" link=\"https:\/\/www.stormshield.com\/es\/productos-y-servicios\/productos\/seguridad-de-red\/\"][vc_column_text]<span style=\"color: #000; font-size: 1.1em;\">Stormshield Network Security: protege tus redes con productos de seguridad de confianza[\/vc_column_text][vc_empty_space]<a  itemprop=\"url\" href=\"https:\/\/www.stormshield.com\/es\/productos-y-servicios\/productos\/seguridad-de-red\/product-range-sns\/\" target=\"_self\"  class=\"qbutton  enlarge\" style=\"\">SNS<i class=\"qode_icon_font_awesome fa fa-angle-right qode_button_icon_element\"><\/i><\/a>[vc_empty_space][\/vc_column][vc_column width=\"1\/4\"][vc_single_image image=\"456347\" img_size=\"200x200\" alignment=\"center\" onclick=\"custom_link\" qode_css_animation=\"\" link=\"https:\/\/www.stormshield.com\/es\/productos-y-servicios\/productos\/endpoint-protection\/stormshield-endpoint-security\/\"][vc_column_text]<span style=\"color: #000; font-size: 1.1em;\">Stormshield Endpoint Security: protege tus equipos de trabajo con productos de seguridad de confianza[\/vc_column_text][vc_empty_space]<a  itemprop=\"url\" href=\"https:\/\/www.stormshield.com\/es\/productos-y-servicios\/productos\/endpoint-protection\/stormshield-endpoint-security\/\" target=\"_self\"  class=\"qbutton  enlarge\" style=\"\">SES<i class=\"qode_icon_font_awesome fa fa-angle-right qode_button_icon_element\"><\/i><\/a>[vc_empty_space][\/vc_column][vc_column width=\"1\/4\"][vc_single_image image=\"456647\" img_size=\"200x200\" alignment=\"center\" onclick=\"custom_link\" qode_css_animation=\"\" link=\"https:\/\/www.stormshield.com\/es\/productos-y-servicios\/productos\/data-protection\/gama-sds\/\"][vc_column_text]<span style=\"color: #000; font-size: 1.1em;\">Stormshield Data Security: protege tus datos sensibles con productos de seguridad de confianza[\/vc_column_text][vc_empty_space]<a  itemprop=\"url\" href=\"https:\/\/www.stormshield.com\/es\/productos-y-servicios\/productos\/data-protection\/gama-sds\/\" target=\"_self\"  class=\"qbutton  enlarge\" style=\"\">SDS<i class=\"qode_icon_font_awesome fa fa-angle-right qode_button_icon_element\"><\/i><\/a>[vc_empty_space][\/vc_column][vc_column width=\"1\/4\"][vc_single_image image=\"456247\" img_size=\"200x200\" alignment=\"center\" onclick=\"custom_link\" qode_css_animation=\"\" link=\"https:\/\/www.stormshield.com\/es\/productos-y-servicios\/productos\/proteccion-operacional\/\"][vc_column_text]<span style=\"color: #000; font-size: 1.1em;\">Ciberseguridad industrial: protege tus entornos operativos con productos de seguridad de confianza[\/vc_column_text][vc_empty_space]<a  itemprop=\"url\" href=\"https:\/\/www.stormshield.com\/es\/productos-y-servicios\/productos\/proteccion-operacional\/\" target=\"_self\"  class=\"qbutton  enlarge\" style=\"\">Ciber industrial<i class=\"qode_icon_font_awesome fa fa-angle-right qode_button_icon_element\"><\/i><\/a>[vc_empty_space][\/vc_column][\/vc_row][vc_row css_animation=\"\" row_type=\"row\" use_row_as_full_screen_section=\"no\" type=\"grid\" angled_section=\"no\" text_align=\"center\" background_image_as_pattern=\"without_pattern\" z_index=\"\" el_class=\"padding90\" background_color=\"#ececec\"][vc_column][vc_raw_html]JTVCc2VhcmNoYW5kZmlsdGVyJTIwaWQlM0QlMjIzMTU2OTElMjIlNUQ=[\/vc_raw_html][\/vc_column][\/vc_row][vc_row css_animation=\"\" row_type=\"row\" use_row_as_full_screen_section=\"no\" type=\"grid\" angled_section=\"no\" text_align=\"center\" background_image_as_pattern=\"without_pattern\" z_index=\"\" el_class=\"typoWhite padding90\" background_image=\"288276\"][vc_column][vc_column_text css=\"\"]<\/span><\/span><\/span><\/span><\/span><\/p>\n<h2 style=\"text-align: center;\"><span style=\"color: #ffffff; font-size: 1.2em; font-weight: 900;\">Comprar una soluci\u00f3n Stormshield<\/span><\/h2>\n<p>[\/vc_column_text][vc_column_text]<\/p>\n<p style=\"text-align: center;\"><span style=\"color: #ffffff; font-size: 1.1em;\">Para proteger tus redes, equipos de trabajo y datos, cuenta con una soluci\u00f3n de ciberseguridad de confianza. Nuestra red de socios distribuidores certificados se extiende en m\u00e1s de 40 pa\u00edses. Seguro que hay uno cerca de ti.<\/span><\/p>\n<p>[\/vc_column_text][vc_empty_space height=\"50px\"]<a  itemprop=\"url\" href=\"https:\/\/www.stormshield.com\/es\/productos-y-servicios\/adquiera-una-solucion\/\" target=\"_self\"  class=\"qbutton  white enlarge\" style=\"\">Contacto<i class=\"qode_icon_font_awesome fa fa-angle-right qode_button_icon_element\"><\/i><\/a>[\/vc_column][\/vc_row][vc_row css_animation=\"\" row_type=\"row\" use_row_as_full_screen_section=\"no\" type=\"grid\" angled_section=\"no\" text_align=\"center\" background_image_as_pattern=\"without_pattern\" anchor=\"news\" el_class=\"bgNewsHome homepagestorm-actus\" z_index=\"\"][vc_column][vc_column_text]<\/p>\n<h2 style=\"text-align: center;\"><span style=\"color: #060051; font-size: 1.2em; font-weight: 900;\">Seguir las noticias de Stormshield<\/span><\/h2>\n<p>[\/vc_column_text][vc_separator type=\"transparent\"]<div class=\"latest_post_holder boxes three_columns one_rows\"><ul><li class=\"clearfix\"><a itemprop=\"url\" href=\"https:\/\/www.stormshield.com\/es\/noticias\/stormshield-nombra-a-jocelyn-krystlik-responsable-de-desarrollo-de-negocio-para-el-sector-de-defensa\/\"><div class=\"news-block\" style=\"background: url(https:\/\/www.stormshield.com\/wp-content\/uploads\/2025-nomination-jkr-756x600.jpg) repeat top left, transparent url(https:\/\/www.stormshield.com\/wp-content\/uploads\/2025-nomination-jkr-756x600.jpg) no-repeat left center; background-size: cover;\"><div class=\"news-block-info\"><span class=\"news-date\">04 12 2025<\/span><h3 class=\"news-title\">Stormshield nombra a Jocelyn Krystlik responsable de Desarrollo de Negocio para el sector de Defensa<\/h3><\/div><\/div><\/a><\/li><li class=\"clearfix\"><a itemprop=\"url\" href=\"https:\/\/www.stormshield.com\/es\/noticias\/criptografia-poscuantica-firewalls-cifrado\/\"><div class=\"news-block\" style=\"background: url(https:\/\/www.stormshield.com\/wp-content\/uploads\/revslider\/video-media\/SNSV5-LP-MainBanner_49_layer.jpeg) repeat top left, transparent url(https:\/\/www.stormshield.com\/wp-content\/uploads\/revslider\/video-media\/SNSV5-LP-MainBanner_49_layer.jpeg) no-repeat left center; background-size: cover;\"><div class=\"news-block-info\"><span class=\"news-date\">23 10 2025<\/span><h3 class=\"news-title\">Stormshield incorpora la criptograf\u00eda poscu\u00e1ntica en sus firewalls de cifrado Stormshield Network Security<\/h3><\/div><\/div><\/a><\/li><li class=\"clearfix\"><a itemprop=\"url\" href=\"https:\/\/www.stormshield.com\/es\/noticias\/stormshield-designa-a-bertrand-trastour-como-nuevo-director-global-de-ventas\/\"><div class=\"news-block\" style=\"background: url(https:\/\/www.stormshield.com\/wp-content\/uploads\/btr-2.jpg) repeat top left, transparent url(https:\/\/www.stormshield.com\/wp-content\/uploads\/btr-2.jpg) no-repeat left center; background-size: cover;\"><div class=\"news-block-info\"><span class=\"news-date\">26 09 2025<\/span><h3 class=\"news-title\">Stormshield designa a Bertrand Trastour como nuevo Director Global de Ventas<\/h3><\/div><\/div><\/a><\/li><\/ul><\/div><a  itemprop=\"url\" href=\"https:\/\/www.stormshield.com\/es\/noticias\/\" target=\"_self\"  class=\"qbutton  enlarge\" style=\"\">Todas nuestras noticias<i class=\"qode_icon_font_awesome fa fa-angle-right qode_button_icon_element\"><\/i><\/a>[\/vc_column][\/vc_row][vc_row css_animation=\"\" row_type=\"row\" use_row_as_full_screen_section=\"no\" type=\"grid\" angled_section=\"no\" text_align=\"center\" background_image_as_pattern=\"without_pattern\" z_index=\"\" padding_top=\"80\" padding_bottom=\"100\" el_class=\"typoWhite\" background_image=\"288281\"][vc_column][vc_column_text css=\"\"]<\/p>\n<h2 style=\"text-align: center;\"><span style=\"color: #ffffff; font-size: 1.2em; font-weight: 900;\">\u00danete a la red de socios de Stormshield<\/span><\/h2>\n<p>[\/vc_column_text][vc_column_text]<\/p>\n<p style=\"text-align: center;\"><span style=\"color: #ffffff; font-size: 1.1em;\">\u00bfTe gustar\u00eda unirte a la aventura y convertirte en socio revendedor o distribuidor? Stormshield te ofrece una colaboraci\u00f3n basada en el beneficio mutuo que aumenta tu rentabilidad y te permite ofrecer soluciones de ciberseguridad de confianza a tus clientes.<\/span><\/p>\n<p>[\/vc_column_text][vc_empty_space height=\"50px\"]<a  itemprop=\"url\" href=\"https:\/\/www.stormshield.com\/es\/red-de-partner\/\" target=\"_self\"  class=\"qbutton  white enlarge\" style=\"\">Hazte socio<i class=\"qode_icon_font_awesome fa fa-angle-right qode_button_icon_element\"><\/i><\/a>[\/vc_column][\/vc_row][vc_row css_animation=\"\" row_type=\"row\" use_row_as_full_screen_section=\"no\" type=\"grid\" angled_section=\"no\" text_align=\"center\" background_image_as_pattern=\"without_pattern\" el_class=\"padding90 home-services\" z_index=\"\"][vc_column][vc_column_text]<\/p>\n<h2 style=\"text-align: center;\"><span style=\"color: #060051; font-size: 1.2em; font-weight: 900;\">Utilizar los servicios de Stormshield<\/span><\/h2>\n<p>[\/vc_column_text][vc_empty_space height=\"50px\"][vc_row_inner row_type=\"row\" type=\"full_width\" text_align=\"center\" css_animation=\"\"][vc_column_inner width=\"1\/4\"][vc_single_image image=\"456832\" alignment=\"center\" onclick=\"custom_link\" qode_css_animation=\"\" link=\"https:\/\/www.stormshield.com\/es\/nuestro-apoyo\/servicios\/mantenimiento\/\"][vc_column_text]<\/p>\n<p style=\"text-align: center;\"><span style=\"color: #000000;\"><a style=\"color: #000000;\" href=\"https:\/\/www.stormshield.com\/es\/nuestro-apoyo\/servicios\/mantenimiento\/\"><span style=\"font-size: 1.1em;\">Mantenimiento<\/span><\/a><\/span><\/p>\n<p>[\/vc_column_text][\/vc_column_inner][vc_column_inner width=\"1\/4\"][vc_single_image image=\"456827\" alignment=\"center\" onclick=\"custom_link\" qode_css_animation=\"\" link=\"https:\/\/www.stormshield.com\/es\/nuestro-apoyo\/servicios\/soporte-tecnico\/\"][vc_column_text]<\/p>\n<p style=\"text-align: center;\"><span style=\"color: #000000;\"><a style=\"color: #000000;\" href=\"https:\/\/www.stormshield.com\/es\/nuestro-apoyo\/servicios\/soporte-tecnico\/\"><span style=\"font-size: 1.1em;\">Soporte t\u00e9cnico<\/span><\/a><\/span><\/p>\n<p>[\/vc_column_text][\/vc_column_inner][vc_column_inner width=\"1\/4\"][vc_single_image image=\"456847\" alignment=\"center\" onclick=\"custom_link\" qode_css_animation=\"\" link=\"https:\/\/www.stormshield.com\/es\/nuestro-apoyo\/servicios\/formacion\/\"][vc_column_text]<\/p>\n<p style=\"text-align: center;\"><span style=\"color: #000000;\"><a style=\"color: #000000;\" href=\"https:\/\/www.stormshield.com\/es\/nuestro-apoyo\/servicios\/formacion\/\"><span style=\"font-size: 1.1em;\">Formaci\u00f3n<\/span><\/a><\/span><\/p>\n<p>[\/vc_column_text][\/vc_column_inner][vc_column_inner width=\"1\/4\"][vc_single_image image=\"456622\" alignment=\"center\" onclick=\"custom_link\" qode_css_animation=\"\" link=\"https:\/\/www.stormshield.com\/es\/nuestro-apoyo\/servicios\/servicios-profesionales\/\"][vc_column_text]<\/p>\n<p style=\"text-align: center;\"><span style=\"color: #000000;\"><a style=\"color: #000000;\" href=\"https:\/\/www.stormshield.com\/es\/nuestro-apoyo\/servicios\/servicios-profesionales\/\"><span style=\"font-size: 1.1em;\">Servicios profesionales<\/span><\/a><\/span><\/p>\n<p>[\/vc_column_text][\/vc_column_inner][\/vc_row_inner][\/vc_column][\/vc_row][vc_row css_animation=\"\" row_type=\"row\" use_row_as_full_screen_section=\"no\" type=\"full_width\" angled_section=\"no\" text_align=\"left\" background_image_as_pattern=\"without_pattern\"][vc_column][vc_empty_space height=\"10px\"][\/vc_column][\/vc_row]<\/p>\n<\/div>","protected":false},"excerpt":{"rendered":"<p>[vc_row css_animation=\u00bb\u00bb row_type=\u00bbrow\u00bb use_row_as_full_screen_section=\u00bbno\u00bb type=\u00bbgrid\u00bb angled_section=\u00bbno\u00bb text_align=\u00bbcenter\u00bb background_image_as_pattern=\u00bbwithout_pattern\u00bb z_index=\u00bb\u00bb el_class=\u00bbpadding900&#8243;][vc_column][vc_row_inner row_type=\u00bbrow\u00bb type=\u00bbfull_width\u00bb text_align=\u00bbcenter\u00bb css_animation=\u00bb\u00bb][vc_column_inner width=\u00bb2\/12&#8243;][\/vc_column_inner][vc_column_inner width=\u00bb8\/12&#8243;][vc_column_text css=\u00bb\u00bb] Stormshield, la opci\u00f3n europea de ciber-seguridad [\/vc_column_text][vc_empty_space][vc_column_text]Hoy en d\u00eda, el entorno digital es la aut\u00e9ntica \u00abtierra prometida\u00bb, donde todos buscan nuevas formas de crear valor. Si bien las&#8230;<\/p>\n","protected":false},"author":1,"featured_media":0,"parent":0,"menu_order":448,"comment_status":"closed","ping_status":"closed","template":"full_width.php","meta":{"_acf_changed":false,"footnotes":""},"class_list":["post-179665","page","type-page","status-publish","hentry"],"acf":[],"yoast_head":"<!-- This site is optimized with the Yoast SEO plugin v27.3 - https:\/\/yoast.com\/product\/yoast-seo-wordpress\/ -->\n<title>Una Ciberseguridad Europea de Confianza<\/title>\n<meta name=\"description\" content=\"\u00bfNecesita un socio de confianza en ciberseguridad en Espa\u00f1a? P\u00f3ngase en contacto con el equipo de Stormshield en Espa\u00f1a.\" \/>\n<meta name=\"robots\" content=\"index, follow, max-snippet:-1, max-image-preview:large, max-video-preview:-1\" \/>\n<link rel=\"canonical\" href=\"https:\/\/www.stormshield.com\/es\/\" \/>\n<meta property=\"og:locale\" content=\"es_ES\" \/>\n<meta property=\"og:type\" content=\"article\" \/>\n<meta property=\"og:title\" content=\"Una Ciberseguridad Europea de Confianza\" \/>\n<meta property=\"og:description\" content=\"\u00bfNecesita un socio de confianza en ciberseguridad en Espa\u00f1a? P\u00f3ngase en contacto con el equipo de Stormshield en Espa\u00f1a.\" \/>\n<meta property=\"og:url\" content=\"https:\/\/www.stormshield.com\/es\/\" \/>\n<meta property=\"og:site_name\" content=\"Stormshield\" \/>\n<meta property=\"article:modified_time\" content=\"2025-09-11T07:54:30+00:00\" \/>\n<meta property=\"og:image\" content=\"https:\/\/www.stormshield.com\/wp-content\/uploads\/stormshield_logo.png\" \/>\n\t<meta property=\"og:image:width\" content=\"204\" \/>\n\t<meta property=\"og:image:height\" content=\"94\" \/>\n\t<meta property=\"og:image:type\" content=\"image\/png\" \/>\n<meta name=\"twitter:card\" content=\"summary_large_image\" \/>\n<meta name=\"twitter:site\" content=\"@Stormshield\" \/>\n<meta name=\"twitter:label1\" content=\"Tiempo de lectura\" \/>\n\t<meta name=\"twitter:data1\" content=\"4 minutos\" \/>\n<script type=\"application\/ld+json\" class=\"yoast-schema-graph\">{\"@context\":\"https:\\\/\\\/schema.org\",\"@graph\":[{\"@type\":\"WebPage\",\"@id\":\"https:\\\/\\\/www.stormshield.com\\\/es\\\/\",\"url\":\"https:\\\/\\\/www.stormshield.com\\\/es\\\/\",\"name\":\"Una Ciberseguridad Europea de Confianza\",\"isPartOf\":{\"@id\":\"https:\\\/\\\/www.stormshield.com\\\/es\\\/#website\"},\"datePublished\":\"2016-05-31T09:41:10+00:00\",\"dateModified\":\"2025-09-11T07:54:30+00:00\",\"description\":\"\u00bfNecesita un socio de confianza en ciberseguridad en Espa\u00f1a? P\u00f3ngase en contacto con el equipo de Stormshield en Espa\u00f1a.\",\"breadcrumb\":{\"@id\":\"https:\\\/\\\/www.stormshield.com\\\/es\\\/#breadcrumb\"},\"inLanguage\":\"es\",\"potentialAction\":[{\"@type\":\"ReadAction\",\"target\":[\"https:\\\/\\\/www.stormshield.com\\\/es\\\/\"]}]},{\"@type\":\"BreadcrumbList\",\"@id\":\"https:\\\/\\\/www.stormshield.com\\\/es\\\/#breadcrumb\",\"itemListElement\":[{\"@type\":\"ListItem\",\"position\":1,\"name\":\"Home\",\"item\":\"https:\\\/\\\/www.stormshield.com\\\/es\\\/\"},{\"@type\":\"ListItem\",\"position\":2,\"name\":\"Stormshield, una ciberseguridad europea de confianza\"}]},{\"@type\":\"WebSite\",\"@id\":\"https:\\\/\\\/www.stormshield.com\\\/es\\\/#website\",\"url\":\"https:\\\/\\\/www.stormshield.com\\\/es\\\/\",\"name\":\"Stormshield\",\"description\":\"Stormshield\",\"potentialAction\":[{\"@type\":\"SearchAction\",\"target\":{\"@type\":\"EntryPoint\",\"urlTemplate\":\"https:\\\/\\\/www.stormshield.com\\\/es\\\/?s={search_term_string}\"},\"query-input\":{\"@type\":\"PropertyValueSpecification\",\"valueRequired\":true,\"valueName\":\"search_term_string\"}}],\"inLanguage\":\"es\"}]}<\/script>\n<!-- \/ Yoast SEO plugin. -->","yoast_head_json":{"title":"Una Ciberseguridad Europea de Confianza","description":"\u00bfNecesita un socio de confianza en ciberseguridad en Espa\u00f1a? P\u00f3ngase en contacto con el equipo de Stormshield en Espa\u00f1a.","robots":{"index":"index","follow":"follow","max-snippet":"max-snippet:-1","max-image-preview":"max-image-preview:large","max-video-preview":"max-video-preview:-1"},"canonical":"https:\/\/www.stormshield.com\/es\/","og_locale":"es_ES","og_type":"article","og_title":"Una Ciberseguridad Europea de Confianza","og_description":"\u00bfNecesita un socio de confianza en ciberseguridad en Espa\u00f1a? P\u00f3ngase en contacto con el equipo de Stormshield en Espa\u00f1a.","og_url":"https:\/\/www.stormshield.com\/es\/","og_site_name":"Stormshield","article_modified_time":"2025-09-11T07:54:30+00:00","og_image":[{"width":204,"height":94,"url":"https:\/\/www.stormshield.com\/wp-content\/uploads\/stormshield_logo.png","type":"image\/png"}],"twitter_card":"summary_large_image","twitter_site":"@Stormshield","twitter_misc":{"Tiempo de lectura":"4 minutos"},"schema":{"@context":"https:\/\/schema.org","@graph":[{"@type":"WebPage","@id":"https:\/\/www.stormshield.com\/es\/","url":"https:\/\/www.stormshield.com\/es\/","name":"Una Ciberseguridad Europea de Confianza","isPartOf":{"@id":"https:\/\/www.stormshield.com\/es\/#website"},"datePublished":"2016-05-31T09:41:10+00:00","dateModified":"2025-09-11T07:54:30+00:00","description":"\u00bfNecesita un socio de confianza en ciberseguridad en Espa\u00f1a? P\u00f3ngase en contacto con el equipo de Stormshield en Espa\u00f1a.","breadcrumb":{"@id":"https:\/\/www.stormshield.com\/es\/#breadcrumb"},"inLanguage":"es","potentialAction":[{"@type":"ReadAction","target":["https:\/\/www.stormshield.com\/es\/"]}]},{"@type":"BreadcrumbList","@id":"https:\/\/www.stormshield.com\/es\/#breadcrumb","itemListElement":[{"@type":"ListItem","position":1,"name":"Home","item":"https:\/\/www.stormshield.com\/es\/"},{"@type":"ListItem","position":2,"name":"Stormshield, una ciberseguridad europea de confianza"}]},{"@type":"WebSite","@id":"https:\/\/www.stormshield.com\/es\/#website","url":"https:\/\/www.stormshield.com\/es\/","name":"Stormshield","description":"Stormshield","potentialAction":[{"@type":"SearchAction","target":{"@type":"EntryPoint","urlTemplate":"https:\/\/www.stormshield.com\/es\/?s={search_term_string}"},"query-input":{"@type":"PropertyValueSpecification","valueRequired":true,"valueName":"search_term_string"}}],"inLanguage":"es"}]}},"_links":{"self":[{"href":"https:\/\/www.stormshield.com\/es\/wp-json\/wp\/v2\/pages\/179665","targetHints":{"allow":["GET"]}}],"collection":[{"href":"https:\/\/www.stormshield.com\/es\/wp-json\/wp\/v2\/pages"}],"about":[{"href":"https:\/\/www.stormshield.com\/es\/wp-json\/wp\/v2\/types\/page"}],"author":[{"embeddable":true,"href":"https:\/\/www.stormshield.com\/es\/wp-json\/wp\/v2\/users\/1"}],"replies":[{"embeddable":true,"href":"https:\/\/www.stormshield.com\/es\/wp-json\/wp\/v2\/comments?post=179665"}],"version-history":[{"count":27,"href":"https:\/\/www.stormshield.com\/es\/wp-json\/wp\/v2\/pages\/179665\/revisions"}],"predecessor-version":[{"id":655859,"href":"https:\/\/www.stormshield.com\/es\/wp-json\/wp\/v2\/pages\/179665\/revisions\/655859"}],"wp:attachment":[{"href":"https:\/\/www.stormshield.com\/es\/wp-json\/wp\/v2\/media?parent=179665"}],"curies":[{"name":"wp","href":"https:\/\/api.w.org\/{rel}","templated":true}]}}