{"id":51977,"date":"2017-10-02T14:55:20","date_gmt":"2017-10-02T13:55:20","guid":{"rendered":"https:\/\/www.stormshield.com\/stormshield-and-cybersecurity\/"},"modified":"2026-01-26T10:42:18","modified_gmt":"2026-01-26T09:42:18","slug":"stormshield-und-cybersecurity","status":"publish","type":"page","link":"https:\/\/www.stormshield.com\/de\/ueber-uns\/stormshield-und-cybersecurity\/","title":{"rendered":"Stormshield und cybersecurity"},"content":{"rendered":"<div class=\"wpb-content-wrapper\"><p>[vc_row css_animation=\"\" row_type=\"row\" use_row_as_full_screen_section=\"no\" type=\"grid\" angled_section=\"no\" text_align=\"left\" background_image_as_pattern=\"without_pattern\" z_index=\"\" padding_top=\"50\" padding_bottom=\"50\"][vc_column][vc_empty_space][vc_column_text css=\"\"]<\/p>\n<h1 style=\"text-align: center;\"><span style=\"color: #00aaf5;\"><span style=\"font-weight: 900; font-size: 1.6em;\">Eine Stormshield-Geschichte, die in der Cybersicherheit verwurzelt ist, <\/span><span style=\"font-weight: 300; font-size: 1.5em;\">Pioniergeist seit \u00fcber 25 Jahren<\/span><\/span><\/h1>\n<p>[\/vc_column_text][vc_empty_space][\/vc_column][\/vc_row][vc_row css_animation=\"\" row_type=\"row\" use_row_as_full_screen_section=\"no\" type=\"grid\" angled_section=\"no\" text_align=\"left\" background_image_as_pattern=\"without_pattern\" z_index=\"\" padding_bottom=\"50\"][vc_column width=\"2\/3\"][vc_column_text css=\"\"]<span style=\"color: #000; font-size: 1.1em;\">Seit \u00fcber 25 Jahren entwickelt Stormshield seinen Pioniergeist in der Welt der Cybersicherheit weiter. Das europ\u00e4ische Unternehmen ist in 40 L\u00e4ndern vertreten und w\u00e4chst weiter, gest\u00fctzt auf ein solides Partner- und Vertriebsnetzwerk.<\/span><\/p>\n<p><span style=\"color: #000; font-size: 1.1em;\">Die Verpflichtung von Stormshield zur Entwicklung von robusten L\u00f6sungen ist nicht neu. Bereits vor fast 25 Jahren wurden die ersten Produkte Arkoon und Netasq nach den Allgemeinen Kriterien f\u00fcr die Bewertung der Sicherheit von Informationstechnologie zertifiziert und mit der Qualifizierung durch die franz\u00f6sische Nationale Agentur f\u00fcr Sicherheit der Informationssysteme (ANSSI) ausgezeichnet. Was bedeutet das? <strong>Folgen Sie uns auf eine kleine Zeitreise durch die Geschichte der Cybersicherheit.<\/strong><\/span>[\/vc_column_text][vc_empty_space][\/vc_column][vc_column width=\"1\/3\"][vc_single_image image=\"393180\" img_size=\"medium\" alignment=\"center\" css=\"\" qode_css_animation=\"\" qode_hover_animation=\"zoom_in\"][vc_empty_space][\/vc_column][\/vc_row][vc_row css_animation=\"\" row_type=\"row\" use_row_as_full_screen_section=\"no\" type=\"grid\" angled_section=\"no\" text_align=\"left\" background_image_as_pattern=\"without_pattern\" z_index=\"\" padding_bottom=\"50\" css=\".vc_custom_1697804221509{background-color: #ffffff !important;}\" padding_top=\"50\"][vc_column][vc_row_inner row_type=\"row\" type=\"full_width\" text_align=\"left\" css_animation=\"\" background_color=\"#f9f9f9\" css=\".vc_custom_1697805785032{padding-top: 32px !important;padding-right: 32px !important;padding-bottom: 32px !important;padding-left: 32px !important;}\"][vc_column_inner width=\"5\/6\"][vc_column_text]<\/p>\n<h2><span style=\"color: #000; font-size: 1.2em; font-weight: 900;\">Seit langem an der Spitze des europ\u00e4ischen Fachwissens im Bereich Cybersicherheit<\/span><\/h2>\n<h3><span style=\"color: #000; font-size: 1.1em; font-weight: 900;\">Netasq, der Experte f\u00fcr UTM-L\u00f6sungen<\/span><\/h3>\n<p><span style=\"color: #000; font-size: 1.1em;\"><strong>1998 |<\/strong>\u00a0Die Firma Netasq wird in der N\u00e4he von Villeneuve-d\u2019Ascq (Frankreich) gegr\u00fcndet und entwickelt die erste Firewall mit integriertem IPS.<\/span><\/p>\n<p><span style=\"color: #000; font-size: 1.1em;\"><strong>2004 |<\/strong> Netasq \u00fcbernimmt die Firma Intranode, die sich auf Schwachstellenmanagement spezialisiert hat, um ihre UTM-Firewalls mit der F\u00e4higkeit zur Schwachstellenanerkennung durch Trafficanalyse zu versehen.<\/span><\/p>\n<h3><span style=\"color: #000; font-size: 1.1em; font-weight: 900;\">Arkoon, Herausgeber von IT-Sicherheitsl\u00f6sungen<\/span><\/h3>\n<p><span style=\"color: #000; font-size: 1.1em;\"><strong>2000 |<\/strong> Nun erblickt Arkoon in der N\u00e4he von Lyon (Frankreich) das Licht der Welt. In der Folge wird die erste UTM-Firewall geschaffen, indem eine Antivirus-L\u00f6sung in ihre Firewallboxen eingebunden wird.<\/span><\/p>\n<p><span style=\"color: #000; font-size: 1.1em;\"><strong>2006 |<\/strong> Arkoon \u00fcbernimmt die Firma MSI mitsamt ihrer L\u00f6sung zur Verschl\u00fcsselung von Dateien, SecurityBox, die in Stormshield Data Security umbenannt wird.<\/span><\/p>\n<p><span style=\"color: #000; font-size: 1.1em;\"><strong>2009 |<\/strong> Arkoon \u00fcbernimmt die Firma SkyRecon Systems mitsamt ihrer innovativen L\u00f6sung zum Schutz von Arbeitsrechnern und Servern, die in Stormshield Endpoint Security umbenannt wird.<\/span>[\/vc_column_text][vc_empty_space][\/vc_column_inner][vc_column_inner width=\"1\/6\"][\/vc_column_inner][\/vc_row_inner][\/vc_column][\/vc_row][vc_row css_animation=\"\" row_type=\"row\" use_row_as_full_screen_section=\"no\" type=\"grid\" angled_section=\"no\" text_align=\"left\" background_image_as_pattern=\"without_pattern\" z_index=\"\"][vc_column][vc_row_inner row_type=\"row\" type=\"full_width\" text_align=\"left\" css_animation=\"\"][vc_column_inner width=\"5\/6\"][vc_column_text]<\/p>\n<h2><span style=\"color: #000; font-size: 1.2em; font-weight: 900;\">Eine Bewusst Industrielle DNA<\/span><\/h2>\n<h3><span style=\"color: #000; font-size: 1.1em; font-weight: 900;\">An der Seite von Airbus CyberSecurity<\/span><\/h3>\n<p><span style=\"color: #000; font-size: 1.1em;\"><strong>2012 |<\/strong> Airbus Defence &amp; Space \u2013 nunmehr <a style=\"color: #000000;\" href=\"https:\/\/www.cyber.airbus.com\/de\/\" target=\"_blank\" rel=\"noopener\">Airbus CyberSecurity<\/a> \u2013 \u00fcbernimmt Arkoon und Netasq und wird zu Stormshield. Ein Zusammenschluss, der den Grundstein f\u00fcr vertrauensvolle, europ\u00e4ische Cybersicherheit legt.<\/span><\/p>\n<p><span style=\"color: #000; font-size: 1.1em;\"><strong>2014 |<\/strong> Als Fr\u00fcchte dieser Vereinigung erscheinen die ersten Produkte unter der Marke Stormshield auf dem Markt f\u00fcr Cybersicherheit. Und die virtuellen Stormshield-Anwendungen halten Einzug in die Online-Shops von Amazon Web Service und Microsoft Azure.<\/span><\/p>\n<h3><span style=\"color: #000; font-size: 1.1em; font-weight: 900;\">Und andere Akteure der Branchenwelt<\/span><\/h3>\n<p><span style=\"color: #000; font-size: 1.1em;\"><strong><strong>2015 |<\/strong><\/strong> Schneider Electric und Stormshield starten eine ambitionierte Partnerschaft mit dem Ziel, Antworten auf die Probleme der industriellen Cybersicherheit zu finden.<\/span><\/p>\n<p><span style=\"color: #000; font-size: 1.1em;\"><strong>2016 |<\/strong> Die SNi40 wird zur ersten industriellen Firewall mit CSPN-Zertifizierung durch die ANSSI. Im selben Jahr brachte Stormshield den Breach Fighter auf den Markt, eine Sandboxing-L\u00f6sung in der Cloud.<\/span>[\/vc_column_text][\/vc_column_inner][vc_column_inner width=\"1\/6\"][\/vc_column_inner][\/vc_row_inner][\/vc_column][\/vc_row][vc_row css_animation=\"\" row_type=\"row\" use_row_as_full_screen_section=\"no\" type=\"grid\" angled_section=\"no\" text_align=\"left\" background_image_as_pattern=\"without_pattern\" z_index=\"\" padding_bottom=\"50\" css=\".vc_custom_1697804221509{background-color: #ffffff !important;}\" padding_top=\"50\"][vc_column][vc_row_inner row_type=\"row\" type=\"full_width\" text_align=\"left\" css_animation=\"\" background_color=\"#f9f9f9\" css=\".vc_custom_1697805785032{padding-top: 32px !important;padding-right: 32px !important;padding-bottom: 32px !important;padding-left: 32px !important;}\"][vc_column_inner width=\"5\/6\"][vc_column_text css=\"\"]<\/p>\n<h2><span style=\"font-size: 1.2em; font-weight: 900; color: #000000;\">Die europ\u00e4ische Entscheidung f\u00fcr die Cybersicherheit von industriellen und kritischen Infrastrukturen<\/span><\/h2>\n<h3><span style=\"font-size: 1.1em; font-weight: 900; color: #000000;\">Eine Wiederbelebung der Stormshield-Produkte<\/span><\/h3>\n<p><span style=\"font-size: 1.1em; color: #000000;\"><strong>2020 |<\/strong> Die SNi20 erg\u00e4nzt die Familie der <a style=\"color: #000000;\" href=\"https:\/\/www.stormshield.com\/de\/produkte-und-services\/produkte\/industrielle-cybersicherheit-und-ot-schutz\/produktauswahl\/\" target=\"_blank\" rel=\"noopener\">Industrie-Firewalls<\/a>, die sich auf Deep Packet Inspection und den Schutz von industriellen Kommunikationsprotokollen konzentriert.<\/span><\/p>\n<p><span style=\"font-size: 1.1em; color: #000000;\"><strong>2021 |<\/strong> Die Produktlinie Data Security wird mit der Ver\u00f6ffentlichung von Stormshield Data Security f\u00fcr Google Workspace verst\u00e4rkt, um das Schutzniveau f\u00fcr sensible Daten in Google Spaces zu erh\u00f6hen. Die Produktlinie Network Security wird durch die Ver\u00f6ffentlichung des <a style=\"color: #000000;\" href=\"https:\/\/www.stormshield.com\/de\/produkte\/sn1100\/\" target=\"_blank\" rel=\"noopener\">SN1100<\/a>, des Log-Management-Produkts Stormshield Log Supervisor (SLS) und der Verschl\u00fcsselungs-Firewall <a style=\"color: #000000;\" href=\"https:\/\/www.stormshield.com\/de\/produkte\/snxr1200\/\" target=\"_blank\" rel=\"noopener\">SNxr1200<\/a> erg\u00e4nzt.<\/span><\/p>\n<p><span style=\"font-size: 1.1em; color: #000000;\"><strong>2022 |<\/strong> Die Produktlinie Network Security wird mit der Ver\u00f6ffentlichung der ersten Produkte der neuen SN-M-Series \u00fcberarbeitet: SN720 und SN920.<\/span><\/p>\n<p><span style=\"font-size: 1.1em; color: #000000;\"><strong>2023 |<\/strong> Neue Etappe in der Neugestaltung der Produktlinie Network Security mit der neuen SN-S-Series und den Geh\u00e4usen SN220 und SN320, w\u00e4hrend das Produkt SN520 die SN-M-Series erg\u00e4nzt. Gleichzeitig gibt Stormshield sein <a style=\"color: #000000;\" href=\"https:\/\/www.stormshield.com\/de\/produkte-und-services\/produkte\/stormshield-xdr\/\" target=\"_blank\" rel=\"noopener\">XDR<\/a>-Angebot bekannt, eine ideale Kombination aus verschiedenen Produktlinien und <a style=\"color: #000000;\" href=\"https:\/\/www.stormshield.com\/de\/unsere-unterstuetzung\/services\/cyber-threat-intelligence\/\" target=\"_blank\" rel=\"noopener\">CTI<\/a>-Know-how.<\/span><\/p>\n<p><span style=\"font-size: 1.1em; color: #000000;\"><strong>2024 |<\/strong> Nach der SN-S-Serie und der SN-M-Series wird die Erneuerung mit der Ank\u00fcndigung der Einf\u00fchrung von zwei neuen Hochleistungs-Firewall-Serien fortgesetzt: SN-L-Series (SN2200 &amp; SN3200) und SN-XL-Series (SN5200 &amp; SN6200). Die SN-XS-Series-170 und die SNi10 teilen sich ein gemeinsames Geh\u00e4use und vervollst\u00e4ndigen die gro\u00dfe Familie der SNS-Firewalls.<\/span><\/p>\n<p><span style=\"font-size: 1.1em; color: #000000;\"><strong>2025 |<\/strong> Die Firmware-Version 5 der Firewalls von Stormshield Network Security enth\u00e4lt den ersten vom NIST standardisierten postquantischen Verschl\u00fcsselungs-algorithmus (ML-KEM).<\/span><\/p>\n<h3><span style=\"font-size: 1.1em; font-weight: 900; color: #000000;\">Von den h\u00f6chsten Beh\u00f6rden anerkannte Produkte<\/span><\/h3>\n<p><span style=\"font-size: 1.1em; color: #000000;\"><strong>2020 |<\/strong> Die Firewalls von <a style=\"color: #000000;\" href=\"https:\/\/www.stormshield.com\/de\/produkte-und-services\/produkte\/netzwerksicherheit\/unsere-firewalls-sns\/\" target=\"_blank\" rel=\"noopener\">Stormshield Network Security<\/a> erhalten von der Zertifizierungsstelle des Nationalen Zentrums f\u00fcr Kryptologie (<em>Centro Criptol\u00f3gico Nacional<\/em>, CCN) in Spanien eine doppelte Anerkennung als qualifiziertes und zugelassenes Produkt.<\/span><\/p>\n<p><span style=\"font-size: 1.1em; color: #000000;\"><strong>2022 |<\/strong> Zwei Jahre sp\u00e4ter ist das EDR-Produkt <a style=\"color: #000000;\" href=\"https:\/\/www.stormshield.com\/de\/produkte-und-services\/produkte\/schutz-von-workstations-und-servern\/stormshield-endpoint-security\/\" target=\"_blank\" rel=\"noopener\">Stormshield Endpoint Security Evolution<\/a> an der Reihe, die spanische Zertifizierung Producto Cualificado zu erhalten, die vom CCN vergeben wird.<\/span><\/p>\n<p><span style=\"font-size: 1.1em; color: #000000;\"><strong>2023 |<\/strong> Im darauffolgenden Jahr wurde das EDR-Produkt Stormshield Endpoint Security Evolution erneut in Frankreich mit der <em>Certification de S\u00e9curit\u00e9 de Premier Niveau<\/em> (<a style=\"color: #000000;\" href=\"\/?p=476000\" target=\"_blank\" rel=\"noopener\">CSPN<\/a>) ausgezeichnet, die unter der Aufsicht der ANSSI vergeben wurde. Gleichzeitig erhalten die Firewalls von Stormshield Network Security die Zertifizierung CC EAL4+.<\/span><\/p>\n<p><span style=\"font-size: 1.1em; color: #000000;\"><strong>2024 |<\/strong> Als Ergebnis jahrelanger Arbeit erhalten die Firewalls von Stormshield Network Security die Standard-Qualifizierung durch die ANSSI. Damit wird Stormshield zur einzigen qualifizierten Verschl\u00fcsselungs-Firewall im Bereich der Cybersicherheit.<\/span>[\/vc_column_text][vc_empty_space][\/vc_column_inner][vc_column_inner width=\"1\/6\"][\/vc_column_inner][\/vc_row_inner][\/vc_column][\/vc_row][vc_row css_animation=\"\" row_type=\"row\" use_row_as_full_screen_section=\"no\" type=\"grid\" angled_section=\"no\" text_align=\"left\" background_image_as_pattern=\"without_pattern\" z_index=\"\"][vc_column][vc_row_inner row_type=\"row\" type=\"full_width\" text_align=\"left\" css_animation=\"\" css=\".vc_custom_1705393759893{padding-top: 32px !important;padding-right: 32px !important;padding-bottom: 32px !important;padding-left: 32px !important;background-color: #060051 !important;}\"][vc_column_inner width=\"2\/3\"][vc_column_text css=\"\"]<\/p>\n<h2><span style=\"color: #ffffff; font-size: 1.2em; font-weight: 900;\">Mit Ihnen die Geschichte von Stormshield schreiben<\/span><\/h2>\n<p><span style=\"color: #ffffff; font-size: 1.1em;\">Wollen Sie die Geschichte von Stormshield mitgestalten? Als Tochterunternehmen von Airbus Defence and Space Cyber Programmes (ex-Airbus CyberSecurity) genie\u00dfen wir das Vertrauen der gro\u00dfen Unternehmen und europ\u00e4ischen Staaten. Unsere talentierten und agilen Teams arbeiten mit Spitzentechnologie an allen Sicherheitsproblemen. Wenn Sie neugierig, leidenschaftlich und genau sind, entfalten Sie Ihr Potenzial, entwickeln Sie Ihre F\u00e4higkeiten weiter und helfen Sie uns, das Unternehmen von morgen aufzubauen!<\/span>[\/vc_column_text][vc_empty_space]<a  itemprop=\"url\" href=\"https:\/\/www.stormshield.com\/de\/mitarbeit\/\" target=\"_blank\" data-hover-background-color=\"#d23467\" data-hover-border-color=\"#ffffff\" class=\"qbutton  white enlarge\" style=\"border-color: #ffffff; background-color:#060051;\">Mitarbeit<i class=\"qode_icon_font_awesome fa fa-angle-right qode_button_icon_element\"><\/i><\/a>[vc_empty_space][\/vc_column_inner][vc_column_inner width=\"1\/3\"][vc_empty_space][vc_video link=\"https:\/\/youtu.be\/ktcfgyz4uUY\" align=\"center\"][vc_empty_space][\/vc_column_inner][\/vc_row_inner][\/vc_column][\/vc_row][vc_row css_animation=\"\" row_type=\"row\" use_row_as_full_screen_section=\"no\" type=\"full_width\" angled_section=\"no\" text_align=\"left\" background_image_as_pattern=\"without_pattern\"][vc_column][vc_empty_space][\/vc_column][\/vc_row]<\/p>\n<\/div>","protected":false},"excerpt":{"rendered":"<p>[vc_row css_animation=&#8220;&#8220; row_type=&#8220;row&#8220; use_row_as_full_screen_section=&#8220;no&#8220; type=&#8220;grid&#8220; angled_section=&#8220;no&#8220; text_align=&#8220;left&#8220; background_image_as_pattern=&#8220;without_pattern&#8220; z_index=&#8220;&#8220; padding_top=&#8220;50&#8243; padding_bottom=&#8220;50&#8243;][vc_column][vc_empty_space][vc_column_text css=&#8220;&#8220;] Eine Stormshield-Geschichte, die in der Cybersicherheit verwurzelt ist, Pioniergeist seit \u00fcber 25 Jahren [\/vc_column_text][vc_empty_space][\/vc_column][\/vc_row][vc_row css_animation=&#8220;&#8220; row_type=&#8220;row&#8220; use_row_as_full_screen_section=&#8220;no&#8220; type=&#8220;grid&#8220; angled_section=&#8220;no&#8220; text_align=&#8220;left&#8220; background_image_as_pattern=&#8220;without_pattern&#8220; z_index=&#8220;&#8220; padding_bottom=&#8220;50&#8243;][vc_column width=&#8220;2\/3&#8243;][vc_column_text css=&#8220;&#8220;]Seit \u00fcber 25 Jahren entwickelt Stormshield seinen Pioniergeist in&#8230;<\/p>\n","protected":false},"author":9,"featured_media":0,"parent":22529,"menu_order":51,"comment_status":"closed","ping_status":"closed","template":"full_width.php","meta":{"_acf_changed":false,"footnotes":""},"class_list":["post-51977","page","type-page","status-publish","hentry"],"acf":[],"yoast_head":"<!-- This site is optimized with the Yoast SEO plugin v27.3 - https:\/\/yoast.com\/product\/yoast-seo-wordpress\/ -->\n<title>Arkoon, Netasq: Eine Geschichte in Cybersicherheit | Stormshield<\/title>\n<meta name=\"description\" content=\"Seit \u00fcber 25 Jahren Pioniergeist in der Cybersicherheit: Ein R\u00fcckblick auf die entscheidenden Meilensteine in der Geschichte von Stormshield.\" \/>\n<meta name=\"robots\" content=\"index, follow, max-snippet:-1, max-image-preview:large, max-video-preview:-1\" \/>\n<link rel=\"canonical\" href=\"https:\/\/www.stormshield.com\/de\/ueber-uns\/stormshield-und-cybersecurity\/\" \/>\n<meta property=\"og:locale\" content=\"de_DE\" \/>\n<meta property=\"og:type\" content=\"article\" \/>\n<meta property=\"og:title\" content=\"Arkoon, Netasq: Eine Geschichte in Cybersicherheit | Stormshield\" \/>\n<meta property=\"og:description\" content=\"Seit \u00fcber 25 Jahren Pioniergeist in der Cybersicherheit: Ein R\u00fcckblick auf die entscheidenden Meilensteine in der Geschichte von Stormshield.\" \/>\n<meta property=\"og:url\" content=\"https:\/\/www.stormshield.com\/de\/ueber-uns\/stormshield-und-cybersecurity\/\" \/>\n<meta property=\"og:site_name\" content=\"Stormshield\" \/>\n<meta property=\"article:modified_time\" content=\"2026-01-26T09:42:18+00:00\" \/>\n<meta property=\"og:image\" content=\"https:\/\/www.stormshield.com\/wp-content\/uploads\/stormshield_logo.png\" \/>\n\t<meta property=\"og:image:width\" content=\"204\" \/>\n\t<meta property=\"og:image:height\" content=\"94\" \/>\n\t<meta property=\"og:image:type\" content=\"image\/png\" \/>\n<meta name=\"twitter:card\" content=\"summary_large_image\" \/>\n<meta name=\"twitter:site\" content=\"@Stormshield\" \/>\n<meta name=\"twitter:label1\" content=\"Gesch\u00e4tzte Lesezeit\" \/>\n\t<meta name=\"twitter:data1\" content=\"5\u00a0Minuten\" \/>\n<script type=\"application\/ld+json\" class=\"yoast-schema-graph\">{\"@context\":\"https:\\\/\\\/schema.org\",\"@graph\":[{\"@type\":\"WebPage\",\"@id\":\"https:\\\/\\\/www.stormshield.com\\\/de\\\/ueber-uns\\\/stormshield-und-cybersecurity\\\/\",\"url\":\"https:\\\/\\\/www.stormshield.com\\\/de\\\/ueber-uns\\\/stormshield-und-cybersecurity\\\/\",\"name\":\"Arkoon, Netasq: Eine Geschichte in Cybersicherheit | Stormshield\",\"isPartOf\":{\"@id\":\"https:\\\/\\\/www.stormshield.com\\\/de\\\/#website\"},\"datePublished\":\"2017-10-02T13:55:20+00:00\",\"dateModified\":\"2026-01-26T09:42:18+00:00\",\"description\":\"Seit \u00fcber 25 Jahren Pioniergeist in der Cybersicherheit: Ein R\u00fcckblick auf die entscheidenden Meilensteine in der Geschichte von Stormshield.\",\"breadcrumb\":{\"@id\":\"https:\\\/\\\/www.stormshield.com\\\/de\\\/ueber-uns\\\/stormshield-und-cybersecurity\\\/#breadcrumb\"},\"inLanguage\":\"de\",\"potentialAction\":[{\"@type\":\"ReadAction\",\"target\":[\"https:\\\/\\\/www.stormshield.com\\\/de\\\/ueber-uns\\\/stormshield-und-cybersecurity\\\/\"]}]},{\"@type\":\"BreadcrumbList\",\"@id\":\"https:\\\/\\\/www.stormshield.com\\\/de\\\/ueber-uns\\\/stormshield-und-cybersecurity\\\/#breadcrumb\",\"itemListElement\":[{\"@type\":\"ListItem\",\"position\":1,\"name\":\"Home\",\"item\":\"https:\\\/\\\/www.stormshield.com\\\/de\\\/\"},{\"@type\":\"ListItem\",\"position\":2,\"name\":\"\u00dcber uns\",\"item\":\"https:\\\/\\\/www.stormshield.com\\\/de\\\/ueber-uns\\\/\"},{\"@type\":\"ListItem\",\"position\":3,\"name\":\"Stormshield und cybersecurity\"}]},{\"@type\":\"WebSite\",\"@id\":\"https:\\\/\\\/www.stormshield.com\\\/de\\\/#website\",\"url\":\"https:\\\/\\\/www.stormshield.com\\\/de\\\/\",\"name\":\"Stormshield\",\"description\":\"Stormshield\",\"potentialAction\":[{\"@type\":\"SearchAction\",\"target\":{\"@type\":\"EntryPoint\",\"urlTemplate\":\"https:\\\/\\\/www.stormshield.com\\\/de\\\/?s={search_term_string}\"},\"query-input\":{\"@type\":\"PropertyValueSpecification\",\"valueRequired\":true,\"valueName\":\"search_term_string\"}}],\"inLanguage\":\"de\"}]}<\/script>\n<!-- \/ Yoast SEO plugin. -->","yoast_head_json":{"title":"Arkoon, Netasq: Eine Geschichte in Cybersicherheit | Stormshield","description":"Seit \u00fcber 25 Jahren Pioniergeist in der Cybersicherheit: Ein R\u00fcckblick auf die entscheidenden Meilensteine in der Geschichte von Stormshield.","robots":{"index":"index","follow":"follow","max-snippet":"max-snippet:-1","max-image-preview":"max-image-preview:large","max-video-preview":"max-video-preview:-1"},"canonical":"https:\/\/www.stormshield.com\/de\/ueber-uns\/stormshield-und-cybersecurity\/","og_locale":"de_DE","og_type":"article","og_title":"Arkoon, Netasq: Eine Geschichte in Cybersicherheit | Stormshield","og_description":"Seit \u00fcber 25 Jahren Pioniergeist in der Cybersicherheit: Ein R\u00fcckblick auf die entscheidenden Meilensteine in der Geschichte von Stormshield.","og_url":"https:\/\/www.stormshield.com\/de\/ueber-uns\/stormshield-und-cybersecurity\/","og_site_name":"Stormshield","article_modified_time":"2026-01-26T09:42:18+00:00","og_image":[{"width":204,"height":94,"url":"https:\/\/www.stormshield.com\/wp-content\/uploads\/stormshield_logo.png","type":"image\/png"}],"twitter_card":"summary_large_image","twitter_site":"@Stormshield","twitter_misc":{"Gesch\u00e4tzte Lesezeit":"5\u00a0Minuten"},"schema":{"@context":"https:\/\/schema.org","@graph":[{"@type":"WebPage","@id":"https:\/\/www.stormshield.com\/de\/ueber-uns\/stormshield-und-cybersecurity\/","url":"https:\/\/www.stormshield.com\/de\/ueber-uns\/stormshield-und-cybersecurity\/","name":"Arkoon, Netasq: Eine Geschichte in Cybersicherheit | Stormshield","isPartOf":{"@id":"https:\/\/www.stormshield.com\/de\/#website"},"datePublished":"2017-10-02T13:55:20+00:00","dateModified":"2026-01-26T09:42:18+00:00","description":"Seit \u00fcber 25 Jahren Pioniergeist in der Cybersicherheit: Ein R\u00fcckblick auf die entscheidenden Meilensteine in der Geschichte von Stormshield.","breadcrumb":{"@id":"https:\/\/www.stormshield.com\/de\/ueber-uns\/stormshield-und-cybersecurity\/#breadcrumb"},"inLanguage":"de","potentialAction":[{"@type":"ReadAction","target":["https:\/\/www.stormshield.com\/de\/ueber-uns\/stormshield-und-cybersecurity\/"]}]},{"@type":"BreadcrumbList","@id":"https:\/\/www.stormshield.com\/de\/ueber-uns\/stormshield-und-cybersecurity\/#breadcrumb","itemListElement":[{"@type":"ListItem","position":1,"name":"Home","item":"https:\/\/www.stormshield.com\/de\/"},{"@type":"ListItem","position":2,"name":"\u00dcber uns","item":"https:\/\/www.stormshield.com\/de\/ueber-uns\/"},{"@type":"ListItem","position":3,"name":"Stormshield und cybersecurity"}]},{"@type":"WebSite","@id":"https:\/\/www.stormshield.com\/de\/#website","url":"https:\/\/www.stormshield.com\/de\/","name":"Stormshield","description":"Stormshield","potentialAction":[{"@type":"SearchAction","target":{"@type":"EntryPoint","urlTemplate":"https:\/\/www.stormshield.com\/de\/?s={search_term_string}"},"query-input":{"@type":"PropertyValueSpecification","valueRequired":true,"valueName":"search_term_string"}}],"inLanguage":"de"}]}},"_links":{"self":[{"href":"https:\/\/www.stormshield.com\/de\/wp-json\/wp\/v2\/pages\/51977","targetHints":{"allow":["GET"]}}],"collection":[{"href":"https:\/\/www.stormshield.com\/de\/wp-json\/wp\/v2\/pages"}],"about":[{"href":"https:\/\/www.stormshield.com\/de\/wp-json\/wp\/v2\/types\/page"}],"author":[{"embeddable":true,"href":"https:\/\/www.stormshield.com\/de\/wp-json\/wp\/v2\/users\/9"}],"replies":[{"embeddable":true,"href":"https:\/\/www.stormshield.com\/de\/wp-json\/wp\/v2\/comments?post=51977"}],"version-history":[{"count":29,"href":"https:\/\/www.stormshield.com\/de\/wp-json\/wp\/v2\/pages\/51977\/revisions"}],"predecessor-version":[{"id":738674,"href":"https:\/\/www.stormshield.com\/de\/wp-json\/wp\/v2\/pages\/51977\/revisions\/738674"}],"up":[{"embeddable":true,"href":"https:\/\/www.stormshield.com\/de\/wp-json\/wp\/v2\/pages\/22529"}],"wp:attachment":[{"href":"https:\/\/www.stormshield.com\/de\/wp-json\/wp\/v2\/media?parent=51977"}],"curies":[{"name":"wp","href":"https:\/\/api.w.org\/{rel}","templated":true}]}}