{"id":497814,"date":"2024-03-25T05:00:10","date_gmt":"2024-03-25T04:00:10","guid":{"rendered":"https:\/\/www.stormshield.com\/?page_id=497814"},"modified":"2025-12-15T08:45:29","modified_gmt":"2025-12-15T07:45:29","slug":"zertifizierte-und-qualifizierte-produkte","status":"publish","type":"page","link":"https:\/\/www.stormshield.com\/de\/zertifizierte-und-qualifizierte-produkte\/","title":{"rendered":"Zertifizierte und qualifizierte Stormshield-Produkte"},"content":{"rendered":"<div class=\"wpb-content-wrapper\"><p>[vc_row css_animation=\"\" row_type=\"row\" use_row_as_full_screen_section=\"no\" type=\"grid\" angled_section=\"no\" text_align=\"left\" background_image_as_pattern=\"without_pattern\" z_index=\"\" padding_bottom=\"50\" css=\".vc_custom_1691152413621{background-color: #ffffff !important;}\" padding_top=\"50\"][vc_column][vc_row_inner row_type=\"row\" type=\"grid\" text_align=\"left\" css_animation=\"\"][vc_column_inner width=\"1\/6\"][\/vc_column_inner][vc_column_inner width=\"4\/6\"][vc_empty_space][vc_column_text]<\/p>\n<h1 style=\"text-align: center;\"><span style=\"color: #060051;\"><span style=\"font-weight: 900; font-size: 1.6em;\">Zertifizierte und qualifizierte Stormshield-Produkte<\/span><\/span><\/h1>\n<p>[\/vc_column_text][vc_empty_space][\/vc_column_inner][vc_column_inner width=\"1\/6\"][\/vc_column_inner][\/vc_row_inner][\/vc_column][\/vc_row][vc_row css_animation=\"\" row_type=\"row\" use_row_as_full_screen_section=\"no\" type=\"grid\" angled_section=\"no\" text_align=\"left\" background_image_as_pattern=\"without_pattern\" z_index=\"\" padding_bottom=\"50\" css=\".vc_custom_1691155244672{background-color: #ffffff !important;}\"][vc_column][vc_row_inner row_type=\"row\" type=\"grid\" text_align=\"left\" css_animation=\"\" background_color=\"#f9f9f9\" css=\".vc_custom_1708093687482{padding-top: 32px !important;padding-right: 32px !important;padding-bottom: 32px !important;padding-left: 32px !important;}\"][vc_column_inner width=\"2\/3\"][vc_column_text]<\/p>\n<h2 style=\"text-align: left;\"><span style=\"color: #000; font-weight: 900; font-size: 1.2em;\">Zertifizierung und Qualifikation von Cyberprodukten: Vertrauen Sie uns<\/span><\/h2>\n<p>[\/vc_column_text][vc_column_text]<\/p>\n<p style=\"text-align: left;\"><span style=\"color: #000000; font-size: 1.1em;\">Vertrauen ist wesentlich, wenn es um L\u00f6sungen im Bereich der Cybersicherheit geht. Denn davon h\u00e4ngt die Effizienz dieser L\u00f6sungen ab. Daher wurde Stormshield entwickelt, eine Technologie unterschiedlicher L\u00f6sungen, um den h\u00f6chsten Zertifizierungsanspr\u00fcchen des Marktes zu gen\u00fcgen. <strong>Eine fortw\u00e4hrendes Engagement, das von den zust\u00e4ndigen europ\u00e4ischen und internationalen Beh\u00f6rden wie ANSSI in Frankreich und CCN in Spanien anerkannt wird.<\/strong><\/span><\/p>\n<p style=\"text-align: left;\"><span style=\"color: #000000; font-size: 1.1em;\">Diese Label, welche die Entwicklung von Stormshield als vertrauensw\u00fcrdige, europ\u00e4ische Cybersicherheit unterst\u00fctzen und ein Sicherheitsniveau garantieren, das den sensibelsten strategischen Informationen von Unternehmen und Organisationen entspricht.<\/span><\/p>\n<p>[\/vc_column_text][vc_empty_space][\/vc_column_inner][vc_column_inner width=\"1\/3\" css=\".vc_custom_1691155193842{padding-top: 32px !important;padding-right: 32px !important;padding-bottom: 32px !important;padding-left: 32px !important;}\"][vc_single_image image=\"255857\" img_size=\"medium\" alignment=\"center\" qode_css_animation=\"\"][vc_empty_space][\/vc_column_inner][\/vc_row_inner][\/vc_column][\/vc_row][vc_row css_animation=\"\" row_type=\"row\" use_row_as_full_screen_section=\"no\" type=\"grid\" angled_section=\"no\" text_align=\"left\" background_image_as_pattern=\"without_pattern\" z_index=\"\" padding_top=\"50\" padding_bottom=\"50\" css=\".vc_custom_1708594841165{background-color: #ffffff !important;}\"][vc_column][vc_row_inner row_type=\"row\" type=\"full_width\" text_align=\"left\" css_animation=\"\"][vc_column_inner width=\"1\/2\"][vc_column_text css=\"\"]<\/p>\n<h3 style=\"text-align: right;\"><span style=\"color: #000; font-weight: 900; font-size: 1.2em;\">Zertifizierungen und Qualifikationen Stormshield Network Security<\/span><\/h3>\n<p style=\"text-align: right;\"><span style=\"color: #000000; font-size: 1.1em;\">Unsere Softwarel\u00f6sung Stormshield Network Security (SNS) wird gerade von mehreren internationalen Beh\u00f6rden zertifiziert und qualifiziert: von der ANSSI mit ihrer <a href=\"https:\/\/cyber.gouv.fr\/offre-de-service\/solutions-certifiees-et-qualifiees\/services-de-securite-evalue\/decouvrir-les-solutions-certifiees-qualifiees\/\" target=\"_blank\" rel=\"noopener\">Standard-qualifizierung<\/a> und von der CCN-LINCE mit dem Doppellabel <a href=\"https:\/\/cpstic.ccn.cni.es\/es\/catalogo-productos-servicios-stic\/495-stormshield-network-security-utm-ng-firewall-appliances-desde-sn210-a-sn6100-en-4-compilaciones-distintas-s-m-l-y-xl-4-3?ic=1\" target=\"_blank\" rel=\"noopener\">Producto Aprobado und Producto Cualificado<\/a>. verbunden mit der franz\u00f6sischen Qualifikation besitzt die Hardware SNS die <a href=\"https:\/\/cyber.gouv.fr\/produits-certifies\/utm-ng-firewall-software-suite-version-43122-s-m-xl\" target=\"_blank\" rel=\"noopener\">Zertifizierung Crit\u00e8res Communs EAL4+<\/a>.<\/span><\/p>\n<p>[\/vc_column_text][vc_empty_space][\/vc_column_inner][vc_column_inner width=\"1\/2\"][vc_empty_space][vc_single_image image=\"255518\" img_size=\"medium\" qode_css_animation=\"\"][vc_empty_space][\/vc_column_inner][\/vc_row_inner][vc_row_inner row_type=\"row\" type=\"full_width\" text_align=\"left\" css_animation=\"\"][vc_column_inner width=\"1\/2\"][vc_empty_space][vc_single_image image=\"255578\" img_size=\"medium\" alignment=\"right\" qode_css_animation=\"\"][vc_empty_space][\/vc_column_inner][vc_column_inner width=\"1\/2\"][vc_column_text css=\"\"]<\/p>\n<h3 style=\"text-align: left;\"><span style=\"color: #000; font-weight: 900; font-size: 1.2em;\">Zertifizierungen und Qualifikationen Stormshield Endpoint Security<\/span><\/h3>\n<p style=\"text-align: left;\"><span style=\"color: #000000; font-size: 1.1em;\">Unsere Software-L\u00f6sung Stormshield Endpoint Security Evolution wurde bereits von mehreren internationalen Organisationen zertifiziert und qualifiziert: ANSSI mit <a href=\"https:\/\/cyber.gouv.fr\/produits-certifies\/stormshield-endpoint-security-evolution-version-243\" target=\"_blank\" rel=\"noopener\">CSPN-Zertifizierung<\/a>, CCN-LINCE mit dem <a href=\"https:\/\/cpstic.ccn.cni.es\/en\/catalogue\/27-stormshield-endpoint-security-evolution2-5-3?ic=1\" target=\"_blank\" rel=\"noopener\">Label Producto Cualificado<\/a> und OPSWAT mit seiner <a href=\"https:\/\/www.opswat.com\/partners\/stormshield\" target=\"_blank\" rel=\"noopener\">Gold-Zertifizierung<\/a>.<\/span><\/p>\n<p>[\/vc_column_text][vc_empty_space][\/vc_column_inner][\/vc_row_inner][vc_row_inner row_type=\"row\" type=\"full_width\" text_align=\"left\" css_animation=\"\"][vc_column_inner width=\"1\/2\"][vc_column_text css=\"\"]<\/p>\n<h3 style=\"text-align: right;\"><span style=\"color: #000; font-weight: 900; font-size: 1.2em;\">Zertifizierungen und Qualifikationen Stormshield Data Security<\/span><\/h3>\n<p style=\"text-align: right;\"><span style=\"color: #000000; font-size: 1.1em;\">Unsere Softwarel\u00f6sung Stormshield Data Security ist derzeit von der ANSSI mit ihrer <a href=\"https:\/\/cyber.gouv.fr\/produits-certifies\/stormshield-data-security-google-workspace-version-412\" target=\"_blank\" rel=\"noopener\">CSPN-Zertifizierung<\/a> ausgezeichnet.<\/span><\/p>\n<p>[\/vc_column_text][vc_empty_space][\/vc_column_inner][vc_column_inner width=\"1\/2\"][vc_empty_space][vc_single_image image=\"255574\" img_size=\"medium\" qode_css_animation=\"\"][vc_empty_space][\/vc_column_inner][\/vc_row_inner][\/vc_column][\/vc_row][vc_row css_animation=\"\" row_type=\"row\" use_row_as_full_screen_section=\"no\" type=\"grid\" angled_section=\"no\" text_align=\"left\" background_image_as_pattern=\"without_pattern\" z_index=\"\" padding_top=\"50\" padding_bottom=\"50\" background_color=\"#060051\"][vc_column][vc_row_inner row_type=\"row\" type=\"full_width\" text_align=\"left\" css_animation=\"\"][vc_column_inner][vc_column_text]<\/p>\n<h2 style=\"text-align: left;\"><span style=\"color: #ffffff; font-weight: 900; font-size: 1.2em;\">Setzen Sie sich mit dem Stormshield-Vertriebsteam in Verbindung<\/span><\/h2>\n<p style=\"text-align: left;\"><span style=\"color: #000000; font-size: 1.1em;\"><span style=\"color: #ffffff;\">Als vertrauensw\u00fcrdiger Akteur garantieren Ihnen unsere auf h\u00f6chster europ\u00e4ischer Ebene zertifizierten und qualifizierten Stormshield-Technologien einen angemessenen Schutz sowohl f\u00fcr strategische als auch h\u00f6chst sensible Daten Ihres Unternehmens. Unsere Forschungs- und Entwicklungsteams entwickeln s\u00e4mtliche Programme in Frankreich, wo wir eng mit ANSSI zusammenarbeiten.<\/span><\/span><\/p>\n<p style=\"text-align: left;\"><span style=\"color: #000000; font-size: 1.1em;\"><span style=\"color: #ffffff;\">Von ANSSI zertifizierte Produkte, von ANSSI qualifizierte Produkte: <strong>M\u00f6chten Sie bereits vorab \u00fcber Qualifikationen und Zertifizierungen unserer Produkte informiert werden?<\/strong> \u00dcber unsere st\u00e4ndigen Anstrengungen im Hinblick auf Qualifikationen und Zertifizierungen im Bereich der Sicherheit? Oder auch \u00fcber die zust\u00e4ndigen europ\u00e4ischen Beh\u00f6rden? Unsere Vertriebsteams k\u00f6nnen Ihre Fragen zu unseren anerkannten und empfohlenen Produkten beantworten.<\/span><\/span><\/p>\n<p>[\/vc_column_text][vc_empty_space]<a  itemprop=\"url\" href=\"https:\/\/www.stormshield.com\/de\/kontakt\/anfrage-an-den-vertrieb\/\" target=\"_blank\" data-hover-background-color=\"#d23467\" data-hover-border-color=\"#d23467\" class=\"qbutton  white enlarge\" style=\"border-color: #ffffff; \">Kontaktieren Sie unsere Teams<i class=\"qode_icon_font_awesome fa fa-angle-right qode_button_icon_element\"><\/i><\/a>[vc_empty_space][\/vc_column_inner][\/vc_row_inner][\/vc_column][\/vc_row][vc_row css_animation=\"\" row_type=\"row\" use_row_as_full_screen_section=\"no\" type=\"grid\" angled_section=\"no\" text_align=\"left\" background_image_as_pattern=\"without_pattern\" z_index=\"\" css=\".vc_custom_1691154904271{background-color: #ffffff !important;}\" padding_top=\"50\"][vc_column][vc_row_inner row_type=\"row\" type=\"grid\" text_align=\"left\" css_animation=\"\" background_color=\"#f9f9f9\" css=\".vc_custom_1708093966519{padding-top: 32px !important;padding-right: 32px !important;padding-bottom: 32px !important;padding-left: 32px !important;}\"][vc_column_inner width=\"2\/3\"][vc_column_text]<\/p>\n<h2><span style=\"color: #000; font-size: 1.2em; font-weight: 900;\">Zertifizierungen und Qualifikationen: Betrifft dies auch mich?<\/span><\/h2>\n<p style=\"text-align: left;\"><span style=\"color: #000000; font-size: 1.1em;\">Bei der Vielzahl an Zertifizierungen und Qualifikationen von Produkten f\u00fcr die Cybersicherheit wird es immer schwieriger zu verstehen, was sich hinter den einzelnen Produkten verbirgt. Es ist daher auch f\u00fcr die verantwortlichen Mitarbeiter im Bereich Cybersicherheit und IT schwierig zu wissen, ob sie davon betroffen sind. Konformes Produkt, gekennzeichnetes Produkt, zugelassenes Produkt: es ist gleicherma\u00dfen schwierig, die passende L\u00f6sung f\u00fcr Ihr Unternehmen zu w\u00e4hlen.<\/span><\/p>\n<p style=\"text-align: left;\"><strong><span style=\"color: #000000; font-size: 1.1em;\">Welches sind die wichtigsten Vorschriften f\u00fcr Cybersicherheit? Gelten alle Bezeichnungen? Muss man zwischen Sicherheit und Souver\u00e4nit\u00e4t w\u00e4hlen? So viele Fragen, bei deren Beantwortung unsere Experten Ihnen helfen k\u00f6nnen.<\/span><\/strong><\/p>\n<p>[\/vc_column_text][vc_empty_space]<a  itemprop=\"url\" href=\"https:\/\/www.stormshield.com\/de\/kontakt\/anfrage-an-den-vertrieb\/\" target=\"_blank\" data-hover-background-color=\"#d23467\" data-hover-border-color=\"#d23467\" class=\"qbutton  white enlarge\" style=\"border-color: #ffffff; background-color:#060051;\">Kontaktieren Sie unsere Teams<i class=\"qode_icon_font_awesome fa fa-angle-right qode_button_icon_element\"><\/i><\/a>[vc_empty_space][\/vc_column_inner][vc_column_inner width=\"1\/3\"][vc_empty_space][vc_single_image image=\"393180\" img_size=\"150x120\" alignment=\"center\" qode_css_animation=\"\"][\/vc_column_inner][\/vc_row_inner][\/vc_column][\/vc_row][vc_row css_animation=\"\" row_type=\"row\" use_row_as_full_screen_section=\"no\" type=\"grid\" angled_section=\"no\" text_align=\"left\" background_image_as_pattern=\"without_pattern\" z_index=\"\" css=\".vc_custom_1691154828944{background-color: #ffffff !important;}\"][vc_column][vc_row_inner row_type=\"row\" type=\"grid\" text_align=\"left\" css_animation=\"\" css=\".vc_custom_1691154381780{padding-top: 32px !important;padding-right: 32px !important;padding-bottom: 32px !important;padding-left: 32px !important;}\"][vc_column_inner width=\"2\/3\"][vc_column_text]<\/p>\n<h2><span style=\"color: #000; font-size: 1.2em; font-weight: 900;\">Unterschiede zwischen Zertifizierungen und Qualifikationen<\/span><\/h2>\n<p style=\"text-align: left;\"><span style=\"color: #000000; font-size: 1.1em;\">Auf der Unternehmensseite ist die Bandbreite zwischen Zertifizierung und Qualifikation von Produkten f\u00fcr die Cybersicherheit gro\u00df. Bei der Vielzahl an Labeln f\u00fcr Produkte im Bereich der Cybersicherheit wird es f\u00fcr die IT-Verantwortlichen immer schwerer zu verstehen, was die einzelnen Produkte leisten k\u00f6nnen.<\/span><\/p>\n<p style=\"text-align: left;\"><strong><span style=\"color: #000000; font-size: 1.1em;\">Unsere Experten helfen Ihnen, die am h\u00e4ufigsten gestellte Frage zum Thema Vorschriften f\u00fcr die Cybersicherheit besser zu verstehen: welche Unterschiede zwischen Zertifizierungen und Qualifikationen?<\/span><\/strong><\/p>\n<p>[\/vc_column_text][vc_empty_space]<a  itemprop=\"url\" href=\"https:\/\/www.stormshield.com\/de\/kontakt\/anfrage-an-den-vertrieb\/\" target=\"_blank\" data-hover-background-color=\"#d23467\" data-hover-border-color=\"#d23467\" class=\"qbutton  white enlarge\" style=\"border-color: #ffffff; background-color:#060051;\">Kontaktieren Sie unsere Teams<i class=\"qode_icon_font_awesome fa fa-angle-right qode_button_icon_element\"><\/i><\/a>[vc_empty_space][\/vc_column_inner][vc_column_inner width=\"1\/3\"][vc_empty_space][vc_single_image image=\"393165\" img_size=\"150x120\" alignment=\"center\" qode_css_animation=\"\"][\/vc_column_inner][\/vc_row_inner][\/vc_column][\/vc_row][vc_row row_type=\"parallax\" parallax_content_width=\"in_grid\" text_align=\"left\" full_screen_section_height=\"yes\" vertically_align_content_in_middle=\"yes\" background_image=\"109400\"][vc_column][vc_row_inner row_type=\"row\" type=\"full_width\" text_align=\"left\" css_animation=\"\"][vc_column_inner width=\"1\/2\"][vc_single_image image=\"109493\" img_size=\"full\" alignment=\"center\" qode_css_animation=\"\"][vc_column_text css=\"\"]<\/p>\n<p style=\"text-align: left;\"><span style=\"color: #000; font-size: 0.9em;\">Stormshield, eine 100%ige Tochtergesellschaft von Airbus Defence and Space Cyber Programmes, bietet innovative End-to-End-Sicherheitsl\u00f6sungen zum Schutz von Netzwerken (Stormshield Network Security), Endpunkten (Stormshield Endpoint Security) und Daten (Stormshield Data Security).<\/span><\/p>\n<p style=\"text-align: left;\"><a href=\"https:\/\/www.stormshield.com\/de\/\" target=\"_blank\" rel=\"noopener noreferrer\"><span style=\"color: #00aeef; font-size: 1.4em;\">www.stormshield.com<\/span><\/a><\/p>\n<p>[\/vc_column_text][\/vc_column_inner][vc_column_inner width=\"1\/2\"][vc_single_image image=\"109688\" img_size=\"full\" alignment=\"center\" qode_css_animation=\"\"][vc_empty_space height=\"64px\"][\/vc_column_inner][\/vc_row_inner][\/vc_column][\/vc_row]<\/p>\n<\/div>","protected":false},"excerpt":{"rendered":"<p>[vc_row css_animation=&#8220;&#8220; row_type=&#8220;row&#8220; use_row_as_full_screen_section=&#8220;no&#8220; type=&#8220;grid&#8220; angled_section=&#8220;no&#8220; text_align=&#8220;left&#8220; background_image_as_pattern=&#8220;without_pattern&#8220; z_index=&#8220;&#8220; padding_bottom=&#8220;50&#8243; css=&#8220;.vc_custom_1691152413621{background-color: #ffffff !important;}&#8220; padding_top=&#8220;50&#8243;][vc_column][vc_row_inner row_type=&#8220;row&#8220; type=&#8220;grid&#8220; text_align=&#8220;left&#8220; css_animation=&#8220;&#8220;][vc_column_inner width=&#8220;1\/6&#8243;][\/vc_column_inner][vc_column_inner width=&#8220;4\/6&#8243;][vc_empty_space][vc_column_text] Zertifizierte und qualifizierte Stormshield-Produkte [\/vc_column_text][vc_empty_space][\/vc_column_inner][vc_column_inner width=&#8220;1\/6&#8243;][\/vc_column_inner][\/vc_row_inner][\/vc_column][\/vc_row][vc_row css_animation=&#8220;&#8220; row_type=&#8220;row&#8220; use_row_as_full_screen_section=&#8220;no&#8220; type=&#8220;grid&#8220; angled_section=&#8220;no&#8220; text_align=&#8220;left&#8220; background_image_as_pattern=&#8220;without_pattern&#8220; z_index=&#8220;&#8220; padding_bottom=&#8220;50&#8243; css=&#8220;.vc_custom_1691155244672{background-color: #ffffff !important;}&#8220;][vc_column][vc_row_inner row_type=&#8220;row&#8220; type=&#8220;grid&#8220; text_align=&#8220;left&#8220; css_animation=&#8220;&#8220; background_color=&#8220;#f9f9f9&#8243; css=&#8220;.vc_custom_1708093687482{padding-top: 32px&#8230;<\/p>\n","protected":false},"author":31,"featured_media":0,"parent":0,"menu_order":1,"comment_status":"closed","ping_status":"closed","template":"full_width.php","meta":{"_acf_changed":false,"footnotes":""},"class_list":["post-497814","page","type-page","status-publish","hentry"],"acf":[],"yoast_head":"<!-- This site is optimized with the Yoast SEO plugin v27.3 - https:\/\/yoast.com\/product\/yoast-seo-wordpress\/ -->\n<title>Zertifizierte und qualifizierte Stormshield-Produkte<\/title>\n<meta name=\"robots\" content=\"index, follow, max-snippet:-1, max-image-preview:large, max-video-preview:-1\" \/>\n<link rel=\"canonical\" href=\"https:\/\/www.stormshield.com\/de\/zertifizierte-und-qualifizierte-produkte\/\" \/>\n<meta property=\"og:locale\" content=\"de_DE\" \/>\n<meta property=\"og:type\" content=\"article\" \/>\n<meta property=\"og:title\" content=\"Zertifizierte und qualifizierte Stormshield-Produkte\" \/>\n<meta property=\"og:description\" content=\"[vc_row css_animation=&quot;&quot; row_type=&quot;row&quot; use_row_as_full_screen_section=&quot;no&quot; type=&quot;grid&quot; angled_section=&quot;no&quot; text_align=&quot;left&quot; background_image_as_pattern=&quot;without_pattern&quot; z_index=&quot;&quot; padding_bottom=&quot;50&quot; css=&quot;.vc_custom_1691152413621{background-color: #ffffff !important;}&quot; padding_top=&quot;50&quot;][vc_column][vc_row_inner row_type=&quot;row&quot; type=&quot;grid&quot; text_align=&quot;left&quot; css_animation=&quot;&quot;][vc_column_inner width=&quot;1\/6&quot;][\/vc_column_inner][vc_column_inner width=&quot;4\/6&quot;][vc_empty_space][vc_column_text] Zertifizierte und qualifizierte Stormshield-Produkte [\/vc_column_text][vc_empty_space][\/vc_column_inner][vc_column_inner width=&quot;1\/6&quot;][\/vc_column_inner][\/vc_row_inner][\/vc_column][\/vc_row][vc_row css_animation=&quot;&quot; row_type=&quot;row&quot; use_row_as_full_screen_section=&quot;no&quot; type=&quot;grid&quot; angled_section=&quot;no&quot; text_align=&quot;left&quot; background_image_as_pattern=&quot;without_pattern&quot; z_index=&quot;&quot; padding_bottom=&quot;50&quot; css=&quot;.vc_custom_1691155244672{background-color: #ffffff !important;}&quot;][vc_column][vc_row_inner row_type=&quot;row&quot; type=&quot;grid&quot; text_align=&quot;left&quot; css_animation=&quot;&quot; background_color=&quot;#f9f9f9&quot; css=&quot;.vc_custom_1708093687482{padding-top: 32px...\" \/>\n<meta property=\"og:url\" content=\"https:\/\/www.stormshield.com\/de\/zertifizierte-und-qualifizierte-produkte\/\" \/>\n<meta property=\"og:site_name\" content=\"Stormshield\" \/>\n<meta property=\"article:modified_time\" content=\"2025-12-15T07:45:29+00:00\" \/>\n<meta property=\"og:image\" content=\"https:\/\/www.stormshield.com\/wp-content\/uploads\/stormshield_logo.png\" \/>\n\t<meta property=\"og:image:width\" content=\"204\" \/>\n\t<meta property=\"og:image:height\" content=\"94\" \/>\n\t<meta property=\"og:image:type\" content=\"image\/png\" \/>\n<meta name=\"twitter:card\" content=\"summary_large_image\" \/>\n<meta name=\"twitter:site\" content=\"@Stormshield\" \/>\n<meta name=\"twitter:label1\" content=\"Gesch\u00e4tzte Lesezeit\" \/>\n\t<meta name=\"twitter:data1\" content=\"4\u00a0Minuten\" \/>\n<script type=\"application\/ld+json\" class=\"yoast-schema-graph\">{\"@context\":\"https:\\\/\\\/schema.org\",\"@graph\":[{\"@type\":\"WebPage\",\"@id\":\"https:\\\/\\\/www.stormshield.com\\\/de\\\/zertifizierte-und-qualifizierte-produkte\\\/\",\"url\":\"https:\\\/\\\/www.stormshield.com\\\/de\\\/zertifizierte-und-qualifizierte-produkte\\\/\",\"name\":\"Zertifizierte und qualifizierte Stormshield-Produkte\",\"isPartOf\":{\"@id\":\"https:\\\/\\\/www.stormshield.com\\\/de\\\/#website\"},\"datePublished\":\"2024-03-25T04:00:10+00:00\",\"dateModified\":\"2025-12-15T07:45:29+00:00\",\"breadcrumb\":{\"@id\":\"https:\\\/\\\/www.stormshield.com\\\/de\\\/zertifizierte-und-qualifizierte-produkte\\\/#breadcrumb\"},\"inLanguage\":\"de\",\"potentialAction\":[{\"@type\":\"ReadAction\",\"target\":[\"https:\\\/\\\/www.stormshield.com\\\/de\\\/zertifizierte-und-qualifizierte-produkte\\\/\"]}]},{\"@type\":\"BreadcrumbList\",\"@id\":\"https:\\\/\\\/www.stormshield.com\\\/de\\\/zertifizierte-und-qualifizierte-produkte\\\/#breadcrumb\",\"itemListElement\":[{\"@type\":\"ListItem\",\"position\":1,\"name\":\"Home\",\"item\":\"https:\\\/\\\/www.stormshield.com\\\/de\\\/\"},{\"@type\":\"ListItem\",\"position\":2,\"name\":\"Zertifizierte und qualifizierte Stormshield-Produkte\"}]},{\"@type\":\"WebSite\",\"@id\":\"https:\\\/\\\/www.stormshield.com\\\/de\\\/#website\",\"url\":\"https:\\\/\\\/www.stormshield.com\\\/de\\\/\",\"name\":\"Stormshield\",\"description\":\"Stormshield\",\"potentialAction\":[{\"@type\":\"SearchAction\",\"target\":{\"@type\":\"EntryPoint\",\"urlTemplate\":\"https:\\\/\\\/www.stormshield.com\\\/de\\\/?s={search_term_string}\"},\"query-input\":{\"@type\":\"PropertyValueSpecification\",\"valueRequired\":true,\"valueName\":\"search_term_string\"}}],\"inLanguage\":\"de\"}]}<\/script>\n<!-- \/ Yoast SEO plugin. -->","yoast_head_json":{"title":"Zertifizierte und qualifizierte Stormshield-Produkte","robots":{"index":"index","follow":"follow","max-snippet":"max-snippet:-1","max-image-preview":"max-image-preview:large","max-video-preview":"max-video-preview:-1"},"canonical":"https:\/\/www.stormshield.com\/de\/zertifizierte-und-qualifizierte-produkte\/","og_locale":"de_DE","og_type":"article","og_title":"Zertifizierte und qualifizierte Stormshield-Produkte","og_description":"[vc_row css_animation=\"\" row_type=\"row\" use_row_as_full_screen_section=\"no\" type=\"grid\" angled_section=\"no\" text_align=\"left\" background_image_as_pattern=\"without_pattern\" z_index=\"\" padding_bottom=\"50\" css=\".vc_custom_1691152413621{background-color: #ffffff !important;}\" padding_top=\"50\"][vc_column][vc_row_inner row_type=\"row\" type=\"grid\" text_align=\"left\" css_animation=\"\"][vc_column_inner width=\"1\/6\"][\/vc_column_inner][vc_column_inner width=\"4\/6\"][vc_empty_space][vc_column_text] Zertifizierte und qualifizierte Stormshield-Produkte [\/vc_column_text][vc_empty_space][\/vc_column_inner][vc_column_inner width=\"1\/6\"][\/vc_column_inner][\/vc_row_inner][\/vc_column][\/vc_row][vc_row css_animation=\"\" row_type=\"row\" use_row_as_full_screen_section=\"no\" type=\"grid\" angled_section=\"no\" text_align=\"left\" background_image_as_pattern=\"without_pattern\" z_index=\"\" padding_bottom=\"50\" css=\".vc_custom_1691155244672{background-color: #ffffff !important;}\"][vc_column][vc_row_inner row_type=\"row\" type=\"grid\" text_align=\"left\" css_animation=\"\" background_color=\"#f9f9f9\" css=\".vc_custom_1708093687482{padding-top: 32px...","og_url":"https:\/\/www.stormshield.com\/de\/zertifizierte-und-qualifizierte-produkte\/","og_site_name":"Stormshield","article_modified_time":"2025-12-15T07:45:29+00:00","og_image":[{"width":204,"height":94,"url":"https:\/\/www.stormshield.com\/wp-content\/uploads\/stormshield_logo.png","type":"image\/png"}],"twitter_card":"summary_large_image","twitter_site":"@Stormshield","twitter_misc":{"Gesch\u00e4tzte Lesezeit":"4\u00a0Minuten"},"schema":{"@context":"https:\/\/schema.org","@graph":[{"@type":"WebPage","@id":"https:\/\/www.stormshield.com\/de\/zertifizierte-und-qualifizierte-produkte\/","url":"https:\/\/www.stormshield.com\/de\/zertifizierte-und-qualifizierte-produkte\/","name":"Zertifizierte und qualifizierte Stormshield-Produkte","isPartOf":{"@id":"https:\/\/www.stormshield.com\/de\/#website"},"datePublished":"2024-03-25T04:00:10+00:00","dateModified":"2025-12-15T07:45:29+00:00","breadcrumb":{"@id":"https:\/\/www.stormshield.com\/de\/zertifizierte-und-qualifizierte-produkte\/#breadcrumb"},"inLanguage":"de","potentialAction":[{"@type":"ReadAction","target":["https:\/\/www.stormshield.com\/de\/zertifizierte-und-qualifizierte-produkte\/"]}]},{"@type":"BreadcrumbList","@id":"https:\/\/www.stormshield.com\/de\/zertifizierte-und-qualifizierte-produkte\/#breadcrumb","itemListElement":[{"@type":"ListItem","position":1,"name":"Home","item":"https:\/\/www.stormshield.com\/de\/"},{"@type":"ListItem","position":2,"name":"Zertifizierte und qualifizierte Stormshield-Produkte"}]},{"@type":"WebSite","@id":"https:\/\/www.stormshield.com\/de\/#website","url":"https:\/\/www.stormshield.com\/de\/","name":"Stormshield","description":"Stormshield","potentialAction":[{"@type":"SearchAction","target":{"@type":"EntryPoint","urlTemplate":"https:\/\/www.stormshield.com\/de\/?s={search_term_string}"},"query-input":{"@type":"PropertyValueSpecification","valueRequired":true,"valueName":"search_term_string"}}],"inLanguage":"de"}]}},"_links":{"self":[{"href":"https:\/\/www.stormshield.com\/de\/wp-json\/wp\/v2\/pages\/497814","targetHints":{"allow":["GET"]}}],"collection":[{"href":"https:\/\/www.stormshield.com\/de\/wp-json\/wp\/v2\/pages"}],"about":[{"href":"https:\/\/www.stormshield.com\/de\/wp-json\/wp\/v2\/types\/page"}],"author":[{"embeddable":true,"href":"https:\/\/www.stormshield.com\/de\/wp-json\/wp\/v2\/users\/31"}],"replies":[{"embeddable":true,"href":"https:\/\/www.stormshield.com\/de\/wp-json\/wp\/v2\/comments?post=497814"}],"version-history":[{"count":14,"href":"https:\/\/www.stormshield.com\/de\/wp-json\/wp\/v2\/pages\/497814\/revisions"}],"predecessor-version":[{"id":717212,"href":"https:\/\/www.stormshield.com\/de\/wp-json\/wp\/v2\/pages\/497814\/revisions\/717212"}],"wp:attachment":[{"href":"https:\/\/www.stormshield.com\/de\/wp-json\/wp\/v2\/media?parent=497814"}],"curies":[{"name":"wp","href":"https:\/\/api.w.org\/{rel}","templated":true}]}}