{"id":49160,"date":"2017-09-19T13:14:16","date_gmt":"2017-09-19T12:14:16","guid":{"rendered":"https:\/\/www.stormshield.com\/our-websites\/"},"modified":"2025-11-03T10:21:36","modified_gmt":"2025-11-03T09:21:36","slug":"unsere-websites","status":"publish","type":"page","link":"https:\/\/www.stormshield.com\/de\/unsere-websites\/","title":{"rendered":"Unsere Websites"},"content":{"rendered":"<div class=\"wpb-content-wrapper\"><p>[vc_row css_animation=\"\" row_type=\"row\" use_row_as_full_screen_section=\"no\" type=\"grid\" angled_section=\"no\" text_align=\"left\" background_image_as_pattern=\"without_pattern\" z_index=\"\" padding_top=\"50\" padding_bottom=\"50\"][vc_column][vc_column_text]<\/p>\n<h1 style=\"text-align: center;\"><span style=\"color: #00aaf5;\"><span style=\"font-weight: 900; font-size: 1.5em;\">Stormshield-Websites, <\/span><\/span><span style=\"color: #00aaf5;\"><span style=\"font-weight: 300; font-size: 1.5em;\">reisen Sie durch unser digitales \u00d6kosystem<\/span><\/span><\/h1>\n<p>[\/vc_column_text][\/vc_column][\/vc_row][vc_row css_animation=\"\" row_type=\"row\" use_row_as_full_screen_section=\"no\" type=\"grid\" header_style=\"light\" angled_section=\"no\" text_align=\"left\" background_image_as_pattern=\"without_pattern\" z_index=\"\" padding_top=\"50\" padding_bottom=\"50\"][vc_column][vc_row_inner row_type=\"row\" type=\"full_width\" text_align=\"left\" css_animation=\"\"][vc_column_inner width=\"2\/3\"][vc_column_text]<span style=\"color: #000; font-size: 1.1em;\">Zus\u00e4tzlich zu unseren bew\u00e4hrten L\u00f6sungen und Produkten entwickelt und unterh\u00e4lt Stormshield mehrere spezialisierte Websites. Ein echtes digitales \u00d6kosystem, das darauf ausgerichtet ist, Ihre Herausforderungen zu meistern und Ihren Alltag mit n\u00fctzlichen und relevanten Antworten zu erleichtern. Dokumentation, MyStormshield, Knowledge Base, Stormshield Institute, Stormshield Security Portal, Advisories: <strong>Hier finden Sie alle Informationen von Stormshield, die Sie brauchen.<\/strong>[\/vc_column_text][vc_empty_space][\/vc_column_inner][vc_column_inner width=\"1\/3\"][vc_single_image image=\"456310\" alignment=\"center\" qode_css_animation=\"\"][\/vc_column_inner][\/vc_row_inner][\/vc_column][\/vc_row][vc_row css_animation=\"\" row_type=\"row\" use_row_as_full_screen_section=\"no\" type=\"grid\" header_style=\"light\" angled_section=\"no\" text_align=\"left\" background_image_as_pattern=\"without_pattern\" z_index=\"\" padding_bottom=\"50\" padding_top=\"50\"][vc_column][vc_row_inner row_type=\"row\" type=\"full_width\" text_align=\"left\" css_animation=\"\" css=\".vc_custom_1710252830374{padding-top: 32px !important;padding-right: 32px !important;padding-left: 32px !important;background-color: #f9f9f9 !important;}\"][vc_column_inner][vc_column_text]<\/span><\/p>\n<h2><span style=\"color: #000; font-size: 1.2em; font-weight: 900;\">Unsere Plattformen f\u00fcr die Dokumentenverwaltung<\/span><\/h2>\n<p><span style=\"color: #000; font-size: 1.1em;\">Hier finden Sie alle notwendigen Informationen und Verfahren f\u00fcr die Nutzung unserer Produkte und L\u00f6sungen.<\/span>[\/vc_column_text][\/vc_column_inner][\/vc_row_inner][vc_row_inner row_type=\"row\" type=\"full_width\" text_align=\"left\" css_animation=\"\" css=\".vc_custom_1710252679377{background-color: #f9f9f9 !important;}\"][vc_column_inner width=\"1\/3\" css=\".vc_custom_1710252196142{padding-top: 32px !important;padding-right: 32px !important;padding-bottom: 32px !important;padding-left: 32px !important;}\"][vc_column_text]<\/p>\n<h3><span style=\"color: #000; font-size: 1.3em; font-weight: 300;\">MyStormshield<\/span><\/h3>\n<p><span style=\"color: #000000; font-size: 1.1em;\"><strong>Ein vertrauensw\u00fcrdiger Bereich: MyStormshield.<\/strong> Von Ihrem Kundenbereich aus k\u00f6nnen Sie auf die Produktdokumentation zugreifen und Ihre Lizenzen verwalten. Sie k\u00f6nnen sich auch direkt an den technischen Support wenden.<\/span><\/p>\n<p>[\/vc_column_text][vc_empty_space]<a  itemprop=\"url\" href=\"https:\/\/mystormshield.eu\/\" target=\"_blank\" data-hover-background-color=\"#d23467\" data-hover-border-color=\"#d23467\" class=\"qbutton  white enlarge\" style=\"border-color: #ffffff; background-color:#060051;\">mystormshield.eu<i class=\"qode_icon_font_awesome fa fa-angle-right qode_button_icon_element\"><\/i><\/a>[vc_empty_space][\/vc_column_inner][vc_column_inner width=\"1\/3\" css=\".vc_custom_1710252191021{padding-top: 32px !important;padding-right: 32px !important;padding-bottom: 32px !important;padding-left: 32px !important;}\"][vc_column_text]<\/p>\n<h3><span style=\"color: #000; font-size: 1.3em; font-weight: 300;\">Dokumentation<\/span><\/h3>\n<p><span style=\"color: #000000; font-size: 1.1em;\"><strong>Ein zentraler Zugang zur gesamten technischen Dokumentation.<\/strong> Hier finden Sie alle Bedienungsanleitungen, Installationsanweisungen und Versionshinweise zu Ihren Stormshield-Produkten. Das spart wertvolle Zeit.<\/span><\/p>\n<p>[\/vc_column_text][vc_empty_space]<a  itemprop=\"url\" href=\"https:\/\/documentation.stormshield.eu\/\" target=\"_blank\" data-hover-background-color=\"#d23467\" data-hover-border-color=\"#d23467\" class=\"qbutton  white enlarge\" style=\"border-color: #ffffff; background-color:#060051;\">documentation.stormshield.eu<i class=\"qode_icon_font_awesome fa fa-angle-right qode_button_icon_element\"><\/i><\/a>[vc_empty_space][\/vc_column_inner][vc_column_inner width=\"1\/3\" css=\".vc_custom_1710252205893{padding-top: 32px !important;padding-right: 32px !important;padding-bottom: 32px !important;padding-left: 32px !important;}\"][vc_column_text]<\/p>\n<h3><span style=\"color: #000; font-size: 1.3em; font-weight: 300;\">Knowledge base<\/span><\/h3>\n<p><span style=\"color: #000000; font-size: 1.1em;\"><strong>Eine Produktwissensdatenbank \u00fcber die KB.<\/strong> Fragen und Antworten, technische Punkte, Webinare, Tutorials... Von Ihrem Kundenbereich aus haben Sie Zugang zu einer echten FAQ rund um die Stormshield-Produkte.[\/vc_column_text][vc_empty_space]<a  itemprop=\"url\" href=\"https:\/\/kb.stormshield.eu\/en\" target=\"_blank\" data-hover-background-color=\"#d23467\" data-hover-border-color=\"#d23467\" class=\"qbutton  white enlarge\" style=\"border-color: #ffffff; background-color:#060051;\">kb.stormshield.eu<i class=\"qode_icon_font_awesome fa fa-angle-right qode_button_icon_element\"><\/i><\/a>[vc_empty_space][\/vc_column_inner][\/vc_row_inner][\/vc_column][\/vc_row][vc_row css_animation=\"\" row_type=\"row\" use_row_as_full_screen_section=\"no\" type=\"grid\" header_style=\"light\" angled_section=\"no\" text_align=\"left\" background_image_as_pattern=\"without_pattern\" z_index=\"\" padding_bottom=\"50\"][vc_column][vc_row_inner row_type=\"row\" type=\"full_width\" text_align=\"left\" css_animation=\"\"][vc_column_inner][vc_column_text]<\/span><\/p>\n<h2><span style=\"color: #000; font-size: 1.2em; font-weight: 900;\">Unser Portal zur Produktsicherheit<\/span><\/h2>\n<p>[\/vc_column_text][\/vc_column_inner][\/vc_row_inner][vc_row_inner row_type=\"row\" type=\"full_width\" text_align=\"left\" css_animation=\"\"][vc_column_inner width=\"1\/3\"][vc_column_text]<\/p>\n<h3><span style=\"color: #000; font-size: 1.3em; font-weight: 300;\">Security Portal<\/span><\/h3>\n<p><span style=\"color: #000; font-size: 1.1em;\"><strong>Dieses Stormshield Security Portal,<\/strong> das sich mit der von Stormshield-Produkten gebotenen Sicherheit befasst, soll sowohl Partner als auch Kunden dar\u00fcber informieren, welchen Schutz unsere Produkte bieten.<\/span><\/p>\n<p>[\/vc_column_text][vc_empty_space]<a  itemprop=\"url\" href=\"https:\/\/security.stormshield.eu\/\" target=\"_blank\" data-hover-background-color=\"#d23467\" data-hover-border-color=\"#d23467\" class=\"qbutton  white enlarge\" style=\"border-color: #ffffff; background-color:#060051;\">security.stormshield.eu<i class=\"qode_icon_font_awesome fa fa-angle-right qode_button_icon_element\"><\/i><\/a>[vc_empty_space][\/vc_column_inner][vc_column_inner width=\"1\/3\"][vc_column_text]<\/p>\n<h3><span style=\"color: #000; font-size: 1.3em; font-weight: 300;\">Advisories<\/span><\/h3>\n<p><span style=\"color: #000; font-size: 1.1em;\"><strong>Pr\u00e4ventive \u00dcberwachung auf Advisories Stormshield.<\/strong> Auf dieser Plattform finden Sie alle Sicherheitshinweise, die wir seit dem 1. Juli 2014 ver\u00f6ffentlicht haben. Ziel: Analyse aller potenziellen und nachgewiesenen Schwachstellen bestimmter Angreifer zur besseren Pr\u00e4vention.<\/span><\/p>\n<p>[\/vc_column_text][vc_empty_space]<a  itemprop=\"url\" href=\"https:\/\/advisories.stormshield.eu\/\" target=\"_blank\" data-hover-background-color=\"#d23467\" data-hover-border-color=\"#d23467\" class=\"qbutton  white enlarge\" style=\"border-color: #ffffff; background-color:#060051;\">advisories.stormshield.eu<i class=\"qode_icon_font_awesome fa fa-angle-right qode_button_icon_element\"><\/i><\/a>[vc_empty_space][\/vc_column_inner][vc_column_inner width=\"1\/3\" css=\".vc_custom_1710252478971{padding-top: 32px !important;padding-right: 32px !important;padding-bottom: 32px !important;padding-left: 32px !important;background-color: #f9f9f9 !important;}\"][vc_column_text]<span style=\"color: #000; font-size: 1.1em;\">Finden Sie auch unsere technischen Papiere, um Angriffe, technische Schwachstellen und andere Eindringlinge mithilfe <strong>von detaillierten Artikeln des Threat Intelligence-Teams zu entschl\u00fcsseln.<\/strong><\/span><\/p>\n<p>[\/vc_column_text][vc_empty_space]<a  itemprop=\"url\" href=\"https:\/\/www.stormshield.com\/category\/technical-posts\/\" target=\"_blank\" data-hover-background-color=\"#d23467\" data-hover-border-color=\"#d23467\" class=\"qbutton  white enlarge\" style=\"border-color: #ffffff; background-color:#060051;\">Threat Intelligence<i class=\"qode_icon_font_awesome fa fa-angle-right qode_button_icon_element\"><\/i><\/a>[vc_empty_space][\/vc_column_inner][\/vc_row_inner][\/vc_column][\/vc_row][vc_row css_animation=\"\" row_type=\"row\" use_row_as_full_screen_section=\"no\" type=\"grid\" header_style=\"light\" angled_section=\"no\" text_align=\"left\" background_image_as_pattern=\"without_pattern\" z_index=\"\" padding_bottom=\"50\" padding_top=\"50\"][vc_column][vc_row_inner row_type=\"row\" type=\"full_width\" text_align=\"left\" css_animation=\"\" css=\".vc_custom_1710252882249{padding-top: 32px !important;padding-right: 32px !important;padding-left: 32px !important;background-color: #f9f9f9 !important;}\"][vc_column_inner][vc_column_text]<\/p>\n<h2><span style=\"color: #000; font-size: 1.2em; font-weight: 900;\">Unsere Zertifizierungs-Plattformen[\/vc_column_text][\/vc_column_inner][\/vc_row_inner][vc_row_inner row_type=\"row\" type=\"full_width\" text_align=\"left\" css_animation=\"\" css=\".vc_custom_1710252679377{background-color: #f9f9f9 !important;}\"][vc_column_inner css=\".vc_custom_1710252196142{padding-top: 32px !important;padding-right: 32px !important;padding-bottom: 32px !important;padding-left: 32px !important;}\"][vc_column_text]<\/span><\/h2>\n<h3><span style=\"color: #000; font-size: 1.3em; font-weight: 300;\">Stormshield Institute<\/span><\/h3>\n<p><span style=\"color: #000000; font-size: 1.1em;\">Um die Talente von morgen zu f\u00f6rdern, bieten wir Teilnehmern der Stormshield-Schulungen eine pers\u00f6nliche Betreuung an. Legen Sie die Zertifizierungspr\u00fcfung ab und profitieren Sie von den Kursmaterialien und anderen qualifizierten Lernressourcen auf der <strong>Plattform des Stormshield Institute. <\/strong><\/span><\/p>\n<p>[\/vc_column_text][vc_empty_space]<a  itemprop=\"url\" href=\"https:\/\/institute.stormshield.eu\/\" target=\"_blank\" data-hover-background-color=\"#d23467\" data-hover-border-color=\"#d23467\" class=\"qbutton  white enlarge\" style=\"border-color: #ffffff; background-color:#060051;\">institute.stormshield.eu<i class=\"qode_icon_font_awesome fa fa-angle-right qode_button_icon_element\"><\/i><\/a>[vc_empty_space][\/vc_column_inner][\/vc_row_inner][\/vc_column][\/vc_row][vc_row css_animation=\"\" row_type=\"row\" use_row_as_full_screen_section=\"no\" type=\"grid\" header_style=\"light\" angled_section=\"no\" text_align=\"left\" background_image_as_pattern=\"without_pattern\" z_index=\"\" padding_top=\"50\" padding_bottom=\"50\"][vc_column][vc_row_inner row_type=\"row\" type=\"full_width\" text_align=\"left\" css_animation=\"\"][vc_column_inner width=\"2\/3\"][vc_column_text]<span style=\"color: #000; font-size: 1.1em;\">Noch Fragen? Ein \u00c4nderungswunsch, ein defekter Link, oder schlimmer noch, ein Tippfehler auf einer Website?[\/vc_column_text][vc_empty_space]<a  itemprop=\"url\" href=\"https:\/\/www.stormshield.com\/de\/kontakt\/andere-anfrage\/\" target=\"_self\" data-hover-background-color=\"#d23467\" data-hover-border-color=\"#d23467\" class=\"qbutton  white enlarge\" style=\"border-color: #ffffff; background-color:#060051;\">Webmaster kontaktieren<i class=\"qode_icon_font_awesome fa fa-angle-right qode_button_icon_element\" style=\"color: #ffffff\"><\/i><\/a>[vc_empty_space][\/vc_column_inner][vc_column_inner width=\"1\/3\"][vc_single_image image=\"456455\" alignment=\"center\" qode_css_animation=\"\"][\/vc_column_inner][\/vc_row_inner][\/vc_column][\/vc_row][vc_row css_animation=\"\" row_type=\"row\" use_row_as_full_screen_section=\"no\" type=\"full_width\" angled_section=\"no\" text_align=\"left\" background_image_as_pattern=\"without_pattern\"][vc_column][vc_column_text]<\/span>[\/vc_column_text][\/vc_column][\/vc_row]<\/p>\n<\/div>","protected":false},"excerpt":{"rendered":"<p>[vc_row css_animation=&#8220;&#8220; row_type=&#8220;row&#8220; use_row_as_full_screen_section=&#8220;no&#8220; type=&#8220;grid&#8220; angled_section=&#8220;no&#8220; text_align=&#8220;left&#8220; background_image_as_pattern=&#8220;without_pattern&#8220; z_index=&#8220;&#8220; padding_top=&#8220;50&#8243; padding_bottom=&#8220;50&#8243;][vc_column][vc_column_text] Stormshield-Websites, reisen Sie durch unser digitales \u00d6kosystem [\/vc_column_text][\/vc_column][\/vc_row][vc_row css_animation=&#8220;&#8220; row_type=&#8220;row&#8220; use_row_as_full_screen_section=&#8220;no&#8220; type=&#8220;grid&#8220; header_style=&#8220;light&#8220; angled_section=&#8220;no&#8220; text_align=&#8220;left&#8220; background_image_as_pattern=&#8220;without_pattern&#8220; z_index=&#8220;&#8220; padding_top=&#8220;50&#8243; padding_bottom=&#8220;50&#8243;][vc_column][vc_row_inner row_type=&#8220;row&#8220; type=&#8220;full_width&#8220; text_align=&#8220;left&#8220; css_animation=&#8220;&#8220;][vc_column_inner width=&#8220;2\/3&#8243;][vc_column_text]Zus\u00e4tzlich zu unseren bew\u00e4hrten L\u00f6sungen und Produkten entwickelt und unterh\u00e4lt Stormshield&#8230;<\/p>\n","protected":false},"author":9,"featured_media":0,"parent":0,"menu_order":484,"comment_status":"closed","ping_status":"closed","template":"full_width.php","meta":{"_acf_changed":false,"footnotes":""},"class_list":["post-49160","page","type-page","status-publish","hentry"],"acf":[],"yoast_head":"<!-- This site is optimized with the Yoast SEO plugin v27.3 - https:\/\/yoast.com\/product\/yoast-seo-wordpress\/ -->\n<title>Spezialisierte Websites Stormshield, ein digitales \u00d6kosystem<\/title>\n<meta name=\"description\" content=\"Ob Dokumentenmanagement-, Kollaborations-, Zertifizierungs- oder L\u00e4nderplattformen: Hier finden Sie alle Stormshield-Websites.\" \/>\n<meta name=\"robots\" content=\"index, follow, max-snippet:-1, max-image-preview:large, max-video-preview:-1\" \/>\n<link rel=\"canonical\" href=\"https:\/\/www.stormshield.com\/de\/unsere-websites\/\" \/>\n<meta property=\"og:locale\" content=\"de_DE\" \/>\n<meta property=\"og:type\" content=\"article\" \/>\n<meta property=\"og:title\" content=\"Spezialisierte Websites Stormshield, ein digitales \u00d6kosystem\" \/>\n<meta property=\"og:description\" content=\"Ob Dokumentenmanagement-, Kollaborations-, Zertifizierungs- oder L\u00e4nderplattformen: Hier finden Sie alle Stormshield-Websites.\" \/>\n<meta property=\"og:url\" content=\"https:\/\/www.stormshield.com\/de\/unsere-websites\/\" \/>\n<meta property=\"og:site_name\" content=\"Stormshield\" \/>\n<meta property=\"article:modified_time\" content=\"2025-11-03T09:21:36+00:00\" \/>\n<meta property=\"og:image\" content=\"https:\/\/www.stormshield.com\/wp-content\/uploads\/stormshield_logo.png\" \/>\n\t<meta property=\"og:image:width\" content=\"204\" \/>\n\t<meta property=\"og:image:height\" content=\"94\" \/>\n\t<meta property=\"og:image:type\" content=\"image\/png\" \/>\n<meta name=\"twitter:card\" content=\"summary_large_image\" \/>\n<meta name=\"twitter:site\" content=\"@Stormshield\" \/>\n<meta name=\"twitter:label1\" content=\"Gesch\u00e4tzte Lesezeit\" \/>\n\t<meta name=\"twitter:data1\" content=\"4\u00a0Minuten\" \/>\n<script type=\"application\/ld+json\" class=\"yoast-schema-graph\">{\"@context\":\"https:\\\/\\\/schema.org\",\"@graph\":[{\"@type\":\"WebPage\",\"@id\":\"https:\\\/\\\/www.stormshield.com\\\/de\\\/unsere-websites\\\/\",\"url\":\"https:\\\/\\\/www.stormshield.com\\\/de\\\/unsere-websites\\\/\",\"name\":\"Spezialisierte Websites Stormshield, ein digitales \u00d6kosystem\",\"isPartOf\":{\"@id\":\"https:\\\/\\\/www.stormshield.com\\\/de\\\/#website\"},\"datePublished\":\"2017-09-19T12:14:16+00:00\",\"dateModified\":\"2025-11-03T09:21:36+00:00\",\"description\":\"Ob Dokumentenmanagement-, Kollaborations-, Zertifizierungs- oder L\u00e4nderplattformen: Hier finden Sie alle Stormshield-Websites.\",\"breadcrumb\":{\"@id\":\"https:\\\/\\\/www.stormshield.com\\\/de\\\/unsere-websites\\\/#breadcrumb\"},\"inLanguage\":\"de\",\"potentialAction\":[{\"@type\":\"ReadAction\",\"target\":[\"https:\\\/\\\/www.stormshield.com\\\/de\\\/unsere-websites\\\/\"]}]},{\"@type\":\"BreadcrumbList\",\"@id\":\"https:\\\/\\\/www.stormshield.com\\\/de\\\/unsere-websites\\\/#breadcrumb\",\"itemListElement\":[{\"@type\":\"ListItem\",\"position\":1,\"name\":\"Home\",\"item\":\"https:\\\/\\\/www.stormshield.com\\\/de\\\/\"},{\"@type\":\"ListItem\",\"position\":2,\"name\":\"Unsere Websites\"}]},{\"@type\":\"WebSite\",\"@id\":\"https:\\\/\\\/www.stormshield.com\\\/de\\\/#website\",\"url\":\"https:\\\/\\\/www.stormshield.com\\\/de\\\/\",\"name\":\"Stormshield\",\"description\":\"Stormshield\",\"potentialAction\":[{\"@type\":\"SearchAction\",\"target\":{\"@type\":\"EntryPoint\",\"urlTemplate\":\"https:\\\/\\\/www.stormshield.com\\\/de\\\/?s={search_term_string}\"},\"query-input\":{\"@type\":\"PropertyValueSpecification\",\"valueRequired\":true,\"valueName\":\"search_term_string\"}}],\"inLanguage\":\"de\"}]}<\/script>\n<!-- \/ Yoast SEO plugin. -->","yoast_head_json":{"title":"Spezialisierte Websites Stormshield, ein digitales \u00d6kosystem","description":"Ob Dokumentenmanagement-, Kollaborations-, Zertifizierungs- oder L\u00e4nderplattformen: Hier finden Sie alle Stormshield-Websites.","robots":{"index":"index","follow":"follow","max-snippet":"max-snippet:-1","max-image-preview":"max-image-preview:large","max-video-preview":"max-video-preview:-1"},"canonical":"https:\/\/www.stormshield.com\/de\/unsere-websites\/","og_locale":"de_DE","og_type":"article","og_title":"Spezialisierte Websites Stormshield, ein digitales \u00d6kosystem","og_description":"Ob Dokumentenmanagement-, Kollaborations-, Zertifizierungs- oder L\u00e4nderplattformen: Hier finden Sie alle Stormshield-Websites.","og_url":"https:\/\/www.stormshield.com\/de\/unsere-websites\/","og_site_name":"Stormshield","article_modified_time":"2025-11-03T09:21:36+00:00","og_image":[{"width":204,"height":94,"url":"https:\/\/www.stormshield.com\/wp-content\/uploads\/stormshield_logo.png","type":"image\/png"}],"twitter_card":"summary_large_image","twitter_site":"@Stormshield","twitter_misc":{"Gesch\u00e4tzte Lesezeit":"4\u00a0Minuten"},"schema":{"@context":"https:\/\/schema.org","@graph":[{"@type":"WebPage","@id":"https:\/\/www.stormshield.com\/de\/unsere-websites\/","url":"https:\/\/www.stormshield.com\/de\/unsere-websites\/","name":"Spezialisierte Websites Stormshield, ein digitales \u00d6kosystem","isPartOf":{"@id":"https:\/\/www.stormshield.com\/de\/#website"},"datePublished":"2017-09-19T12:14:16+00:00","dateModified":"2025-11-03T09:21:36+00:00","description":"Ob Dokumentenmanagement-, Kollaborations-, Zertifizierungs- oder L\u00e4nderplattformen: Hier finden Sie alle Stormshield-Websites.","breadcrumb":{"@id":"https:\/\/www.stormshield.com\/de\/unsere-websites\/#breadcrumb"},"inLanguage":"de","potentialAction":[{"@type":"ReadAction","target":["https:\/\/www.stormshield.com\/de\/unsere-websites\/"]}]},{"@type":"BreadcrumbList","@id":"https:\/\/www.stormshield.com\/de\/unsere-websites\/#breadcrumb","itemListElement":[{"@type":"ListItem","position":1,"name":"Home","item":"https:\/\/www.stormshield.com\/de\/"},{"@type":"ListItem","position":2,"name":"Unsere Websites"}]},{"@type":"WebSite","@id":"https:\/\/www.stormshield.com\/de\/#website","url":"https:\/\/www.stormshield.com\/de\/","name":"Stormshield","description":"Stormshield","potentialAction":[{"@type":"SearchAction","target":{"@type":"EntryPoint","urlTemplate":"https:\/\/www.stormshield.com\/de\/?s={search_term_string}"},"query-input":{"@type":"PropertyValueSpecification","valueRequired":true,"valueName":"search_term_string"}}],"inLanguage":"de"}]}},"_links":{"self":[{"href":"https:\/\/www.stormshield.com\/de\/wp-json\/wp\/v2\/pages\/49160","targetHints":{"allow":["GET"]}}],"collection":[{"href":"https:\/\/www.stormshield.com\/de\/wp-json\/wp\/v2\/pages"}],"about":[{"href":"https:\/\/www.stormshield.com\/de\/wp-json\/wp\/v2\/types\/page"}],"author":[{"embeddable":true,"href":"https:\/\/www.stormshield.com\/de\/wp-json\/wp\/v2\/users\/9"}],"replies":[{"embeddable":true,"href":"https:\/\/www.stormshield.com\/de\/wp-json\/wp\/v2\/comments?post=49160"}],"version-history":[{"count":28,"href":"https:\/\/www.stormshield.com\/de\/wp-json\/wp\/v2\/pages\/49160\/revisions"}],"predecessor-version":[{"id":691704,"href":"https:\/\/www.stormshield.com\/de\/wp-json\/wp\/v2\/pages\/49160\/revisions\/691704"}],"wp:attachment":[{"href":"https:\/\/www.stormshield.com\/de\/wp-json\/wp\/v2\/media?parent=49160"}],"curies":[{"name":"wp","href":"https:\/\/api.w.org\/{rel}","templated":true}]}}